{"id":12461,"date":"2021-04-16T10:03:45","date_gmt":"2021-04-16T09:03:45","guid":{"rendered":"https:\/\/www.whistlelink.com\/?page_id=12461"},"modified":"2023-10-30T14:27:31","modified_gmt":"2023-10-30T14:27:31","slug":"navod-pro-spusteni","status":"publish","type":"page","link":"https:\/\/www.whistlelink.com\/cs\/navod-pro-spusteni\/","title":{"rendered":"Step by Step &#8211; Prov\u00e1d\u011bn\u00ed a komunikace"},"content":{"rendered":"\t\t<div data-elementor-type=\"wp-page\" data-elementor-id=\"12461\" class=\"elementor elementor-12461 elementor-7216\" data-elementor-post-type=\"page\">\n\t\t\t\t\t\t<section class=\"elementor-section elementor-top-section elementor-element elementor-element-84d1926 elementor-section-boxed elementor-section-height-default elementor-section-height-default\" data-id=\"84d1926\" data-element_type=\"section\" data-e-type=\"section\" data-settings=\"{&quot;background_background&quot;:&quot;classic&quot;}\">\n\t\t\t\t\t\t\t<div class=\"elementor-background-overlay\"><\/div>\n\t\t\t\t\t\t\t<div class=\"elementor-container elementor-column-gap-default\">\n\t\t\t\t\t<div class=\"elementor-column elementor-col-100 elementor-top-column elementor-element elementor-element-32832c7\" data-id=\"32832c7\" data-element_type=\"column\" data-e-type=\"column\">\n\t\t\t<div class=\"elementor-widget-wrap elementor-element-populated\">\n\t\t\t\t\t\t<div class=\"elementor-element elementor-element-5afc234 elementor-widget elementor-widget-jet-headline\" data-id=\"5afc234\" data-element_type=\"widget\" data-e-type=\"widget\" data-widget_type=\"jet-headline.default\">\n\t\t\t\t<div class=\"elementor-widget-container\">\n\t\t\t\t\t<h2 class=\"jet-headline jet-headline--direction-vertical\"><span class=\"jet-headline__part jet-headline__first\"><span class=\"jet-headline__label\">Pr\u016fvodce pro za\u010d\u00e1tek<\/span><\/span><span class=\"jet-headline__part jet-headline__second\"><span class=\"jet-headline__label\">Implementace a komunikace \u0159e\u0161en\u00ed pro pod\u00e1v\u00e1n\u00ed zpr\u00e1v<\/span><\/span><\/h2>\t\t\t\t<\/div>\n\t\t\t\t<\/div>\n\t\t\t\t<div class=\"elementor-element elementor-element-68700d6 elementor-widget elementor-widget-heading\" data-id=\"68700d6\" data-element_type=\"widget\" data-e-type=\"widget\" data-widget_type=\"heading.default\">\n\t\t\t\t<div class=\"elementor-widget-container\">\n\t\t\t\t\t<h4 class=\"elementor-heading-title elementor-size-default\">Brzy budete m\u00edt Whistlelink zaveden\u00fd, zb\u00fdv\u00e1 jen ud\u011blat n\u011bkolik dal\u0161\u00edch v\u011bc\u00ed, ne\u017e budete m\u00edt pln\u011b implementovan\u00e9 \u0159e\u0161en\u00ed pro whistleblowing. Provedeme v\u00e1s n\u011bkolika posledn\u00edmi kroky, nab\u00eddneme v\u00e1m n\u00e1vod, co komunikovat a jak zam\u011bstnanc\u016fm usnadnit vyhled\u00e1v\u00e1n\u00ed str\u00e1nek.<\/h4>\t\t\t\t<\/div>\n\t\t\t\t<\/div>\n\t\t\t\t\t<\/div>\n\t\t<\/div>\n\t\t\t\t\t<\/div>\n\t\t<\/section>\n\t\t\t\t<section class=\"elementor-section elementor-top-section elementor-element elementor-element-3e7473d elementor-section-boxed elementor-section-height-default elementor-section-height-default\" data-id=\"3e7473d\" data-element_type=\"section\" data-e-type=\"section\" data-settings=\"{&quot;background_background&quot;:&quot;classic&quot;}\">\n\t\t\t\t\t\t<div class=\"elementor-container elementor-column-gap-default\">\n\t\t\t\t\t<div class=\"elementor-column elementor-col-100 elementor-top-column elementor-element elementor-element-182edd8\" data-id=\"182edd8\" data-element_type=\"column\" data-e-type=\"column\">\n\t\t\t<div class=\"elementor-widget-wrap elementor-element-populated\">\n\t\t\t\t\t\t<div class=\"elementor-element elementor-element-6340b34 elementor-widget elementor-widget-jet-headline\" data-id=\"6340b34\" data-element_type=\"widget\" data-e-type=\"widget\" data-widget_type=\"jet-headline.default\">\n\t\t\t\t<div class=\"elementor-widget-container\">\n\t\t\t\t\t<h2 class=\"jet-headline jet-headline--direction-vertical\"><span class=\"jet-headline__part jet-headline__first\"><span class=\"jet-headline__label\">Za\u010dn\u011bte<\/span><\/span><span class=\"jet-headline__part jet-headline__second\"><span class=\"jet-headline__label\">Sta\u010d\u00ed kliknout na n\u00ed\u017ee uveden\u00e9 nadpisy.<\/span><\/span><\/h2>\t\t\t\t<\/div>\n\t\t\t\t<\/div>\n\t\t\t\t<div class=\"elementor-element elementor-element-c719507 elementor-position-left elementor-vertical-align-top elementor-widget elementor-widget-image-box\" data-id=\"c719507\" data-element_type=\"widget\" data-e-type=\"widget\" data-widget_type=\"image-box.default\">\n\t\t\t\t<div class=\"elementor-widget-container\">\n\t\t\t\t\t<div class=\"elementor-image-box-wrapper\"><figure class=\"elementor-image-box-img\"><a href=\"https:\/\/www.whistlelink.com\/cs\/navod-pro-spusteni\/podrobny-pruvodce-implementaci\/\" tabindex=\"-1\"><img fetchpriority=\"high\" decoding=\"async\" width=\"800\" height=\"729\" src=\"https:\/\/www.whistlelink.com\/wp-content\/uploads\/2020\/12\/Rubicskub.png\" class=\"attachment-large size-large wp-image-41523\" alt=\"\" srcset=\"https:\/\/www.whistlelink.com\/wp-content\/uploads\/2020\/12\/Rubicskub.png 804w, https:\/\/www.whistlelink.com\/wp-content\/uploads\/2020\/12\/Rubicskub-300x274.png 300w, https:\/\/www.whistlelink.com\/wp-content\/uploads\/2020\/12\/Rubicskub-768x700.png 768w\" sizes=\"(max-width: 800px) 100vw, 800px\" \/><\/a><\/figure><div class=\"elementor-image-box-content\"><h3 class=\"elementor-image-box-title\"><a href=\"https:\/\/www.whistlelink.com\/cs\/navod-pro-spusteni\/podrobny-pruvodce-implementaci\/\">Nastaven\u00ed organizace <\/a><\/h3><p class=\"elementor-image-box-description\">Dokon\u010dete nastaven\u00ed a pln\u011b implementujte kan\u00e1l pro pod\u00e1v\u00e1n\u00ed zpr\u00e1v v cel\u00e9 organizaci.<\/p><\/div><\/div>\t\t\t\t<\/div>\n\t\t\t\t<\/div>\n\t\t\t\t<div class=\"elementor-element elementor-element-641f347 elementor-position-left elementor-vertical-align-top elementor-widget elementor-widget-image-box\" data-id=\"641f347\" data-element_type=\"widget\" data-e-type=\"widget\" data-widget_type=\"image-box.default\">\n\t\t\t\t<div class=\"elementor-widget-container\">\n\t\t\t\t\t<div class=\"elementor-image-box-wrapper\"><figure class=\"elementor-image-box-img\"><a href=\"https:\/\/www.whistlelink.com\/cs\/navod-pro-spusteni\/konfigurace-systemu\/\" tabindex=\"-1\"><img fetchpriority=\"high\" decoding=\"async\" width=\"800\" height=\"729\" src=\"https:\/\/www.whistlelink.com\/wp-content\/uploads\/2020\/12\/Rubicskub.png\" class=\"attachment-large size-large wp-image-41523\" alt=\"\" srcset=\"https:\/\/www.whistlelink.com\/wp-content\/uploads\/2020\/12\/Rubicskub.png 804w, https:\/\/www.whistlelink.com\/wp-content\/uploads\/2020\/12\/Rubicskub-300x274.png 300w, https:\/\/www.whistlelink.com\/wp-content\/uploads\/2020\/12\/Rubicskub-768x700.png 768w\" sizes=\"(max-width: 800px) 100vw, 800px\" \/><\/a><\/figure><div class=\"elementor-image-box-content\"><h3 class=\"elementor-image-box-title\"><a href=\"https:\/\/www.whistlelink.com\/cs\/navod-pro-spusteni\/konfigurace-systemu\/\">Konfigurace syst\u00e9mu Whistlelink<\/a><\/h3><p class=\"elementor-image-box-description\">Dokon\u010dete technickou implementaci a konfiguraci s podporou na\u0161eho pr\u016fvodce krok za krokem. <\/p><\/div><\/div>\t\t\t\t<\/div>\n\t\t\t\t<\/div>\n\t\t\t\t<div class=\"elementor-element elementor-element-8a0bbe0 elementor-position-left elementor-vertical-align-top elementor-widget elementor-widget-image-box\" data-id=\"8a0bbe0\" data-element_type=\"widget\" data-e-type=\"widget\" data-widget_type=\"image-box.default\">\n\t\t\t\t<div class=\"elementor-widget-container\">\n\t\t\t\t\t<div class=\"elementor-image-box-wrapper\"><figure class=\"elementor-image-box-img\"><a href=\"https:\/\/www.whistlelink.com\/cs\/navod-pro-spusteni\/zpristupneni-systemu-whistlelink\/\" tabindex=\"-1\"><img fetchpriority=\"high\" decoding=\"async\" width=\"800\" height=\"729\" src=\"https:\/\/www.whistlelink.com\/wp-content\/uploads\/2020\/12\/Rubicskub.png\" class=\"attachment-large size-large wp-image-41523\" alt=\"\" srcset=\"https:\/\/www.whistlelink.com\/wp-content\/uploads\/2020\/12\/Rubicskub.png 804w, https:\/\/www.whistlelink.com\/wp-content\/uploads\/2020\/12\/Rubicskub-300x274.png 300w, https:\/\/www.whistlelink.com\/wp-content\/uploads\/2020\/12\/Rubicskub-768x700.png 768w\" sizes=\"(max-width: 800px) 100vw, 800px\" \/><\/a><\/figure><div class=\"elementor-image-box-content\"><h3 class=\"elementor-image-box-title\"><a href=\"https:\/\/www.whistlelink.com\/cs\/navod-pro-spusteni\/zpristupneni-systemu-whistlelink\/\">Jak zp\u0159\u00edstupnit slu\u017ebu Whistlelink<\/a><\/h3><p class=\"elementor-image-box-description\">Z\u00edskejte tipy, kam um\u00edstit informace o m\u00edst\u011b pro whistleblowing, aby se k n\u011bmu zam\u011bstnanci snadno dostali.<\/p><\/div><\/div>\t\t\t\t<\/div>\n\t\t\t\t<\/div>\n\t\t\t\t<div class=\"elementor-element elementor-element-31eb034 elementor-position-left elementor-vertical-align-top elementor-widget elementor-widget-image-box\" data-id=\"31eb034\" data-element_type=\"widget\" data-e-type=\"widget\" data-widget_type=\"image-box.default\">\n\t\t\t\t<div class=\"elementor-widget-container\">\n\t\t\t\t\t<div class=\"elementor-image-box-wrapper\"><figure class=\"elementor-image-box-img\"><a href=\"https:\/\/www.whistlelink.com\/cs\/navod-pro-spusteni\/co-je-potreba-vysvetlit\/\" tabindex=\"-1\"><img fetchpriority=\"high\" decoding=\"async\" width=\"800\" height=\"729\" src=\"https:\/\/www.whistlelink.com\/wp-content\/uploads\/2020\/12\/Rubicskub.png\" class=\"attachment-large size-large wp-image-41523\" alt=\"\" srcset=\"https:\/\/www.whistlelink.com\/wp-content\/uploads\/2020\/12\/Rubicskub.png 804w, https:\/\/www.whistlelink.com\/wp-content\/uploads\/2020\/12\/Rubicskub-300x274.png 300w, https:\/\/www.whistlelink.com\/wp-content\/uploads\/2020\/12\/Rubicskub-768x700.png 768w\" sizes=\"(max-width: 800px) 100vw, 800px\" \/><\/a><\/figure><div class=\"elementor-image-box-content\"><h3 class=\"elementor-image-box-title\"><a href=\"https:\/\/www.whistlelink.com\/cs\/navod-pro-spusteni\/co-je-potreba-vysvetlit\/\">Co sd\u011blit<\/a><\/h3><p class=\"elementor-image-box-description\">Z\u00edskejte p\u0159\u00edstup k p\u0159\u00edkladu, jak informovat zam\u011bstnance o kan\u00e1lu pro whistleblowing.<\/p><\/div><\/div>\t\t\t\t<\/div>\n\t\t\t\t<\/div>\n\t\t\t\t\t<\/div>\n\t\t<\/div>\n\t\t\t\t\t<\/div>\n\t\t<\/section>\n\t\t\t\t<\/div>\n\t\t","protected":false},"excerpt":{"rendered":"<p>Pr\u016fvodce pro za\u010d\u00e1tekImplementace a komunikace \u0159e\u0161en\u00ed pro pod\u00e1v\u00e1n\u00ed zpr\u00e1v Brzy budete m\u00edt Whistlelink zaveden\u00fd, zb\u00fdv\u00e1 jen ud\u011blat n\u011bkolik dal\u0161\u00edch v\u011bc\u00ed, ne\u017e budete m\u00edt pln\u011b implementovan\u00e9 \u0159e\u0161en\u00ed pro whistleblowing. Provedeme v\u00e1s n\u011bkolika posledn\u00edmi kroky, nab\u00eddneme v\u00e1m n\u00e1vod, co komunikovat a jak zam\u011bstnanc\u016fm usnadnit vyhled\u00e1v\u00e1n\u00ed str\u00e1nek. Za\u010dn\u011bteSta\u010d\u00ed kliknout na n\u00ed\u017ee uveden\u00e9 nadpisy. Nastaven\u00ed organizace Dokon\u010dete nastaven\u00ed a [&hellip;]<\/p>\n","protected":false},"author":15,"featured_media":0,"parent":0,"menu_order":0,"comment_status":"closed","ping_status":"closed","template":"elementor_header_footer","meta":{"footnotes":""},"class_list":["post-12461","page","type-page","status-publish","hentry"],"yoast_head":"<!-- This site is optimized with the Yoast SEO Premium plugin v27.3 (Yoast SEO v27.4) - https:\/\/yoast.com\/product\/yoast-seo-premium-wordpress\/ -->\n<title>Pr\u016fvodce pro za\u010d\u00e1tek - Prov\u00e1d\u011bn\u00ed a komunikace - Whistlelink<\/title>\n<meta name=\"robots\" content=\"noindex, nofollow\" \/>\n<meta property=\"og:locale\" content=\"cs_CZ\" \/>\n<meta property=\"og:type\" content=\"article\" \/>\n<meta property=\"og:title\" content=\"Step by Step - Prov\u00e1d\u011bn\u00ed a komunikace\" \/>\n<meta property=\"og:description\" content=\"Pr\u016fvodce pro za\u010d\u00e1tekImplementace a komunikace \u0159e\u0161en\u00ed pro pod\u00e1v\u00e1n\u00ed zpr\u00e1v Brzy budete m\u00edt Whistlelink zaveden\u00fd, zb\u00fdv\u00e1 jen ud\u011blat n\u011bkolik dal\u0161\u00edch v\u011bc\u00ed, ne\u017e budete m\u00edt pln\u011b implementovan\u00e9 \u0159e\u0161en\u00ed pro whistleblowing. Provedeme v\u00e1s n\u011bkolika posledn\u00edmi kroky, nab\u00eddneme v\u00e1m n\u00e1vod, co komunikovat a jak zam\u011bstnanc\u016fm usnadnit vyhled\u00e1v\u00e1n\u00ed str\u00e1nek. Za\u010dn\u011bteSta\u010d\u00ed kliknout na n\u00ed\u017ee uveden\u00e9 nadpisy. Nastaven\u00ed organizace Dokon\u010dete nastaven\u00ed a [&hellip;]\" \/>\n<meta property=\"og:url\" content=\"https:\/\/www.whistlelink.com\/cs\/navod-pro-spusteni\/\" \/>\n<meta property=\"og:site_name\" content=\"Whistlelink\" \/>\n<meta property=\"article:publisher\" content=\"https:\/\/www.facebook.com\/whistlelink\/\" \/>\n<meta property=\"article:modified_time\" content=\"2023-10-30T14:27:31+00:00\" \/>\n<meta property=\"og:image\" content=\"https:\/\/www.whistlelink.com\/wp-content\/uploads\/2020\/12\/Rubicskub.png\" \/>\n<meta name=\"twitter:card\" content=\"summary_large_image\" \/>\n<meta name=\"twitter:label1\" content=\"Odhadovan\u00e1 doba \u010dten\u00ed\" \/>\n\t<meta name=\"twitter:data1\" content=\"2 minuty\" \/>\n<script type=\"application\/ld+json\" class=\"yoast-schema-graph\">{\"@context\":\"https:\\\/\\\/schema.org\",\"@graph\":[{\"@type\":\"WebPage\",\"@id\":\"https:\\\/\\\/www.whistlelink.com\\\/cs\\\/navod-pro-spusteni\\\/\",\"url\":\"https:\\\/\\\/www.whistlelink.com\\\/cs\\\/navod-pro-spusteni\\\/\",\"name\":\"Pr\u016fvodce pro za\u010d\u00e1tek - Prov\u00e1d\u011bn\u00ed a komunikace - Whistlelink\",\"isPartOf\":{\"@id\":\"https:\\\/\\\/www.whistlelink.com\\\/cs\\\/#website\"},\"primaryImageOfPage\":{\"@id\":\"https:\\\/\\\/www.whistlelink.com\\\/cs\\\/navod-pro-spusteni\\\/#primaryimage\"},\"image\":{\"@id\":\"https:\\\/\\\/www.whistlelink.com\\\/cs\\\/navod-pro-spusteni\\\/#primaryimage\"},\"thumbnailUrl\":\"https:\\\/\\\/www.whistlelink.com\\\/wp-content\\\/uploads\\\/2020\\\/12\\\/Rubicskub.png\",\"datePublished\":\"2021-04-16T09:03:45+00:00\",\"dateModified\":\"2023-10-30T14:27:31+00:00\",\"breadcrumb\":{\"@id\":\"https:\\\/\\\/www.whistlelink.com\\\/cs\\\/navod-pro-spusteni\\\/#breadcrumb\"},\"inLanguage\":\"cs\",\"potentialAction\":[{\"@type\":\"ReadAction\",\"target\":[\"https:\\\/\\\/www.whistlelink.com\\\/cs\\\/navod-pro-spusteni\\\/\"]}]},{\"@type\":\"ImageObject\",\"inLanguage\":\"cs\",\"@id\":\"https:\\\/\\\/www.whistlelink.com\\\/cs\\\/navod-pro-spusteni\\\/#primaryimage\",\"url\":\"https:\\\/\\\/www.whistlelink.com\\\/wp-content\\\/uploads\\\/2020\\\/12\\\/Rubicskub.png\",\"contentUrl\":\"https:\\\/\\\/www.whistlelink.com\\\/wp-content\\\/uploads\\\/2020\\\/12\\\/Rubicskub.png\"},{\"@type\":\"BreadcrumbList\",\"@id\":\"https:\\\/\\\/www.whistlelink.com\\\/cs\\\/navod-pro-spusteni\\\/#breadcrumb\",\"itemListElement\":[{\"@type\":\"ListItem\",\"position\":1,\"name\":\"Home\",\"item\":\"https:\\\/\\\/www.whistlelink.com\\\/cs\\\/\"},{\"@type\":\"ListItem\",\"position\":2,\"name\":\"Step by Step &#8211; Prov\u00e1d\u011bn\u00ed a komunikace\"}]},{\"@type\":\"WebSite\",\"@id\":\"https:\\\/\\\/www.whistlelink.com\\\/cs\\\/#website\",\"url\":\"https:\\\/\\\/www.whistlelink.com\\\/cs\\\/\",\"name\":\"Whistlelink\",\"description\":\"A trusted provider of secure whistleblowing solutions.\",\"publisher\":{\"@id\":\"https:\\\/\\\/www.whistlelink.com\\\/cs\\\/#organization\"},\"potentialAction\":[{\"@type\":\"SearchAction\",\"target\":{\"@type\":\"EntryPoint\",\"urlTemplate\":\"https:\\\/\\\/www.whistlelink.com\\\/cs\\\/?s={search_term_string}\"},\"query-input\":{\"@type\":\"PropertyValueSpecification\",\"valueRequired\":true,\"valueName\":\"search_term_string\"}}],\"inLanguage\":\"cs\"},{\"@type\":\"Organization\",\"@id\":\"https:\\\/\\\/www.whistlelink.com\\\/cs\\\/#organization\",\"name\":\"Whistlelink\",\"url\":\"https:\\\/\\\/www.whistlelink.com\\\/cs\\\/\",\"logo\":{\"@type\":\"ImageObject\",\"inLanguage\":\"cs\",\"@id\":\"https:\\\/\\\/www.whistlelink.com\\\/cs\\\/#\\\/schema\\\/logo\\\/image\\\/\",\"url\":\"https:\\\/\\\/www.whistlelink.com\\\/wp-content\\\/uploads\\\/2021\\\/07\\\/WhistlelinkLogoEmail.png\",\"contentUrl\":\"https:\\\/\\\/www.whistlelink.com\\\/wp-content\\\/uploads\\\/2021\\\/07\\\/WhistlelinkLogoEmail.png\",\"width\":704,\"height\":75,\"caption\":\"Whistlelink\"},\"image\":{\"@id\":\"https:\\\/\\\/www.whistlelink.com\\\/cs\\\/#\\\/schema\\\/logo\\\/image\\\/\"},\"sameAs\":[\"https:\\\/\\\/www.facebook.com\\\/whistlelink\\\/\",\"https:\\\/\\\/www.linkedin.com\\\/company\\\/whistlelink\\\/\",\"https:\\\/\\\/vimeo.com\\\/user152082481\"]}]}<\/script>\n<!-- \/ Yoast SEO Premium plugin. -->","yoast_head_json":{"title":"Pr\u016fvodce pro za\u010d\u00e1tek - Prov\u00e1d\u011bn\u00ed a komunikace - Whistlelink","robots":{"index":"noindex","follow":"nofollow"},"og_locale":"cs_CZ","og_type":"article","og_title":"Step by Step - Prov\u00e1d\u011bn\u00ed a komunikace","og_description":"Pr\u016fvodce pro za\u010d\u00e1tekImplementace a komunikace \u0159e\u0161en\u00ed pro pod\u00e1v\u00e1n\u00ed zpr\u00e1v Brzy budete m\u00edt Whistlelink zaveden\u00fd, zb\u00fdv\u00e1 jen ud\u011blat n\u011bkolik dal\u0161\u00edch v\u011bc\u00ed, ne\u017e budete m\u00edt pln\u011b implementovan\u00e9 \u0159e\u0161en\u00ed pro whistleblowing. Provedeme v\u00e1s n\u011bkolika posledn\u00edmi kroky, nab\u00eddneme v\u00e1m n\u00e1vod, co komunikovat a jak zam\u011bstnanc\u016fm usnadnit vyhled\u00e1v\u00e1n\u00ed str\u00e1nek. Za\u010dn\u011bteSta\u010d\u00ed kliknout na n\u00ed\u017ee uveden\u00e9 nadpisy. Nastaven\u00ed organizace Dokon\u010dete nastaven\u00ed a [&hellip;]","og_url":"https:\/\/www.whistlelink.com\/cs\/navod-pro-spusteni\/","og_site_name":"Whistlelink","article_publisher":"https:\/\/www.facebook.com\/whistlelink\/","article_modified_time":"2023-10-30T14:27:31+00:00","og_image":[{"url":"https:\/\/www.whistlelink.com\/wp-content\/uploads\/2020\/12\/Rubicskub.png","type":"","width":"","height":""}],"twitter_card":"summary_large_image","twitter_misc":{"Odhadovan\u00e1 doba \u010dten\u00ed":"2 minuty"},"schema":{"@context":"https:\/\/schema.org","@graph":[{"@type":"WebPage","@id":"https:\/\/www.whistlelink.com\/cs\/navod-pro-spusteni\/","url":"https:\/\/www.whistlelink.com\/cs\/navod-pro-spusteni\/","name":"Pr\u016fvodce pro za\u010d\u00e1tek - Prov\u00e1d\u011bn\u00ed a komunikace - Whistlelink","isPartOf":{"@id":"https:\/\/www.whistlelink.com\/cs\/#website"},"primaryImageOfPage":{"@id":"https:\/\/www.whistlelink.com\/cs\/navod-pro-spusteni\/#primaryimage"},"image":{"@id":"https:\/\/www.whistlelink.com\/cs\/navod-pro-spusteni\/#primaryimage"},"thumbnailUrl":"https:\/\/www.whistlelink.com\/wp-content\/uploads\/2020\/12\/Rubicskub.png","datePublished":"2021-04-16T09:03:45+00:00","dateModified":"2023-10-30T14:27:31+00:00","breadcrumb":{"@id":"https:\/\/www.whistlelink.com\/cs\/navod-pro-spusteni\/#breadcrumb"},"inLanguage":"cs","potentialAction":[{"@type":"ReadAction","target":["https:\/\/www.whistlelink.com\/cs\/navod-pro-spusteni\/"]}]},{"@type":"ImageObject","inLanguage":"cs","@id":"https:\/\/www.whistlelink.com\/cs\/navod-pro-spusteni\/#primaryimage","url":"https:\/\/www.whistlelink.com\/wp-content\/uploads\/2020\/12\/Rubicskub.png","contentUrl":"https:\/\/www.whistlelink.com\/wp-content\/uploads\/2020\/12\/Rubicskub.png"},{"@type":"BreadcrumbList","@id":"https:\/\/www.whistlelink.com\/cs\/navod-pro-spusteni\/#breadcrumb","itemListElement":[{"@type":"ListItem","position":1,"name":"Home","item":"https:\/\/www.whistlelink.com\/cs\/"},{"@type":"ListItem","position":2,"name":"Step by Step &#8211; Prov\u00e1d\u011bn\u00ed a komunikace"}]},{"@type":"WebSite","@id":"https:\/\/www.whistlelink.com\/cs\/#website","url":"https:\/\/www.whistlelink.com\/cs\/","name":"Whistlelink","description":"A trusted provider of secure whistleblowing solutions.","publisher":{"@id":"https:\/\/www.whistlelink.com\/cs\/#organization"},"potentialAction":[{"@type":"SearchAction","target":{"@type":"EntryPoint","urlTemplate":"https:\/\/www.whistlelink.com\/cs\/?s={search_term_string}"},"query-input":{"@type":"PropertyValueSpecification","valueRequired":true,"valueName":"search_term_string"}}],"inLanguage":"cs"},{"@type":"Organization","@id":"https:\/\/www.whistlelink.com\/cs\/#organization","name":"Whistlelink","url":"https:\/\/www.whistlelink.com\/cs\/","logo":{"@type":"ImageObject","inLanguage":"cs","@id":"https:\/\/www.whistlelink.com\/cs\/#\/schema\/logo\/image\/","url":"https:\/\/www.whistlelink.com\/wp-content\/uploads\/2021\/07\/WhistlelinkLogoEmail.png","contentUrl":"https:\/\/www.whistlelink.com\/wp-content\/uploads\/2021\/07\/WhistlelinkLogoEmail.png","width":704,"height":75,"caption":"Whistlelink"},"image":{"@id":"https:\/\/www.whistlelink.com\/cs\/#\/schema\/logo\/image\/"},"sameAs":["https:\/\/www.facebook.com\/whistlelink\/","https:\/\/www.linkedin.com\/company\/whistlelink\/","https:\/\/vimeo.com\/user152082481"]}]}},"_links":{"self":[{"href":"https:\/\/www.whistlelink.com\/cs\/wp-json\/wp\/v2\/pages\/12461","targetHints":{"allow":["GET"]}}],"collection":[{"href":"https:\/\/www.whistlelink.com\/cs\/wp-json\/wp\/v2\/pages"}],"about":[{"href":"https:\/\/www.whistlelink.com\/cs\/wp-json\/wp\/v2\/types\/page"}],"author":[{"embeddable":true,"href":"https:\/\/www.whistlelink.com\/cs\/wp-json\/wp\/v2\/users\/15"}],"replies":[{"embeddable":true,"href":"https:\/\/www.whistlelink.com\/cs\/wp-json\/wp\/v2\/comments?post=12461"}],"version-history":[{"count":21,"href":"https:\/\/www.whistlelink.com\/cs\/wp-json\/wp\/v2\/pages\/12461\/revisions"}],"predecessor-version":[{"id":59208,"href":"https:\/\/www.whistlelink.com\/cs\/wp-json\/wp\/v2\/pages\/12461\/revisions\/59208"}],"wp:attachment":[{"href":"https:\/\/www.whistlelink.com\/cs\/wp-json\/wp\/v2\/media?parent=12461"}],"curies":[{"name":"wp","href":"https:\/\/api.w.org\/{rel}","templated":true}]}}