{"id":12514,"date":"2021-04-22T21:17:45","date_gmt":"2021-04-22T20:17:45","guid":{"rendered":"https:\/\/www.whistlelink.com\/?page_id=12514"},"modified":"2023-10-25T14:41:15","modified_gmt":"2023-10-25T14:41:15","slug":"co-je-potreba-vysvetlit","status":"publish","type":"page","link":"https:\/\/www.whistlelink.com\/cs\/navod-pro-spusteni\/co-je-potreba-vysvetlit\/","title":{"rendered":"Step by Step &#8211; Co je pot\u0159eba vysv\u011btlit"},"content":{"rendered":"\t\t<div data-elementor-type=\"wp-page\" data-elementor-id=\"12514\" class=\"elementor elementor-12514 elementor-7299\" data-elementor-post-type=\"page\">\n\t\t\t\t\t\t<section class=\"elementor-section elementor-top-section elementor-element elementor-element-b98f513 elementor-section-boxed elementor-section-height-default elementor-section-height-default\" data-id=\"b98f513\" data-element_type=\"section\" data-e-type=\"section\" data-settings=\"{&quot;background_background&quot;:&quot;classic&quot;}\">\n\t\t\t\t\t\t\t<div class=\"elementor-background-overlay\"><\/div>\n\t\t\t\t\t\t\t<div class=\"elementor-container elementor-column-gap-default\">\n\t\t\t\t\t<div class=\"elementor-column elementor-col-100 elementor-top-column elementor-element elementor-element-91cf20a\" data-id=\"91cf20a\" data-element_type=\"column\" data-e-type=\"column\">\n\t\t\t<div class=\"elementor-widget-wrap elementor-element-populated\">\n\t\t\t\t\t\t<div class=\"elementor-element elementor-element-8189d08 elementor-widget elementor-widget-jet-headline\" data-id=\"8189d08\" data-element_type=\"widget\" data-e-type=\"widget\" data-widget_type=\"jet-headline.default\">\n\t\t\t\t<div class=\"elementor-widget-container\">\n\t\t\t\t\t<h2 class=\"jet-headline jet-headline--direction-vertical\"><span class=\"jet-headline__part jet-headline__first\"><span class=\"jet-headline__label\">ZA\u010c\u00cdN\u00c1ME<\/span><\/span><span class=\"jet-headline__part jet-headline__second\"><span class=\"jet-headline__label\">Vysv\u011btlen\u00ed syst\u00e9mu Whistlelink<\/span><\/span><\/h2>\t\t\t\t<\/div>\n\t\t\t\t<\/div>\n\t\t\t\t<div class=\"elementor-element elementor-element-9602fa6 elementor-widget elementor-widget-heading\" data-id=\"9602fa6\" data-element_type=\"widget\" data-e-type=\"widget\" data-widget_type=\"heading.default\">\n\t\t\t\t<div class=\"elementor-widget-container\">\n\t\t\t\t\t<h4 class=\"elementor-heading-title elementor-size-default\">Skv\u011bl\u00e1 pr\u00e1ce! Va\u0161e \u0159e\u0161en\u00ed pro whistle blowing je nastaveno. Nyn\u00ed je na \u010dase, abyste o n\u011bm informovali sv\u00e9 zam\u011bstnance a dal\u0161\u00ed p\u0159\u00edslu\u0161n\u00e9 z\u00fa\u010dastn\u011bn\u00e9 strany. Z\u00e1le\u017e\u00ed jen na v\u00e1s, co sd\u011bl\u00edte, ale my v\u00e1m s t\u00edm pom\u016f\u017eeme. P\u0159ipravili jsme pro v\u00e1s text, kter\u00fd V\u00e1m komunikaci o va\u0161em whistle blowingov\u00e9m informa\u010dn\u00edm syst\u00e9mu zam\u011bstnanc\u016fm trochu usnadn\u00ed. \nNajdete jej n\u00ed\u017ee.<\/h4>\t\t\t\t<\/div>\n\t\t\t\t<\/div>\n\t\t\t\t\t<\/div>\n\t\t<\/div>\n\t\t\t\t\t<\/div>\n\t\t<\/section>\n\t\t\t\t<section class=\"elementor-section elementor-top-section elementor-element elementor-element-f742847 elementor-section-boxed elementor-section-height-default elementor-section-height-default\" data-id=\"f742847\" data-element_type=\"section\" data-e-type=\"section\">\n\t\t\t\t\t\t<div class=\"elementor-container elementor-column-gap-default\">\n\t\t\t\t\t<div class=\"elementor-column elementor-col-100 elementor-top-column elementor-element elementor-element-3999d3d\" data-id=\"3999d3d\" data-element_type=\"column\" data-e-type=\"column\">\n\t\t\t<div class=\"elementor-widget-wrap elementor-element-populated\">\n\t\t\t\t\t\t<div class=\"elementor-element elementor-element-4265cd1 elementor-widget elementor-widget-spacer\" data-id=\"4265cd1\" data-element_type=\"widget\" data-e-type=\"widget\" data-widget_type=\"spacer.default\">\n\t\t\t\t<div class=\"elementor-widget-container\">\n\t\t\t\t\t\t\t<div class=\"elementor-spacer\">\n\t\t\t<div class=\"elementor-spacer-inner\"><\/div>\n\t\t<\/div>\n\t\t\t\t\t\t<\/div>\n\t\t\t\t<\/div>\n\t\t\t\t<div class=\"elementor-element elementor-element-bcff380 elementor-widget elementor-widget-text-editor\" data-id=\"bcff380\" data-element_type=\"widget\" data-e-type=\"widget\" data-widget_type=\"text-editor.default\">\n\t\t\t\t<div class=\"elementor-widget-container\">\n\t\t\t\t\t\t\t\t\t<h3>Co zahrnout<\/h3><p>N\u00e1\u0161 uk\u00e1zkov\u00fd text slou\u017e\u00ed jako p\u0159\u00edklad informov\u00e1n\u00ed zam\u011bstnanc\u016f o \u0159e\u0161en\u00ed Whistlelink. Je zcela na V\u00e1s, co ve zpr\u00e1v\u011b uvedete, ale doporu\u010dujeme V\u00e1m, abyste zahrnuli, alespo\u0148 z\u00e1klady fungov\u00e1n\u00ed ohla\u0161ov\u00e1n\u00ed a informace o ochran\u011b \u00fadaj\u016f oznamovatele.<\/p><p>M\u016f\u017eete text zkop\u00edrovat nebo jakkoli upravit. Chcete-li text v jin\u00e9m jazyce, vyberte jej v rozev\u00edrac\u00edm menu v prav\u00e9 horn\u00ed \u010d\u00e1sti t\u00e9to str\u00e1nky.<\/p>\t\t\t\t\t\t\t\t<\/div>\n\t\t\t\t<\/div>\n\t\t\t\t<div class=\"elementor-element elementor-element-4a727fd elementor-widget elementor-widget-toggle\" data-id=\"4a727fd\" data-element_type=\"widget\" data-e-type=\"widget\" data-widget_type=\"toggle.default\">\n\t\t\t\t<div class=\"elementor-widget-container\">\n\t\t\t\t\t\t\t<div class=\"elementor-toggle\">\n\t\t\t\t\t\t\t<div class=\"elementor-toggle-item\">\n\t\t\t\t\t<div id=\"elementor-tab-title-7801\" class=\"elementor-tab-title\" data-tab=\"1\" role=\"button\" aria-controls=\"elementor-tab-content-7801\" aria-expanded=\"false\">\n\t\t\t\t\t\t\t\t\t\t\t\t<span class=\"elementor-toggle-icon elementor-toggle-icon-left\" aria-hidden=\"true\">\n\t\t\t\t\t\t\t\t\t\t\t\t\t\t\t<span class=\"elementor-toggle-icon-closed\"><i class=\"fas fa-angle-double-down\"><\/i><\/span>\n\t\t\t\t\t\t\t\t<span class=\"elementor-toggle-icon-opened\"><i class=\"elementor-toggle-icon-opened fas fa-angle-up\"><\/i><\/span>\n\t\t\t\t\t\t\t\t\t\t\t\t\t<\/span>\n\t\t\t\t\t\t\t\t\t\t\t\t<a class=\"elementor-toggle-title\" tabindex=\"0\">P\u0159\u00edklad informa\u010dn\u00edho sd\u011blen\u00ed zam\u011bstnanc\u016fm<\/a>\n\t\t\t\t\t<\/div>\n\n\t\t\t\t\t<div id=\"elementor-tab-content-7801\" class=\"elementor-tab-content elementor-clearfix\" data-tab=\"1\" role=\"region\" aria-labelledby=\"elementor-tab-title-7801\"><p>V\u00e1\u017een\u00fd\/\u00e1 <span style=\"background: #FFE900;\">[zam\u011bstnanec]<\/span><\/p>\n<p>je pro n\u00e1s d\u016fle\u017eit\u00e9, aby na\u0161i zam\u011bstnanci pracovali v bezpe\u010dn\u00e9m, spravedliv\u00e9m a transparentn\u00edm prost\u0159ed\u00ed. Vyz\u00fdv\u00e1me proto ka\u017ed\u00e9ho, aby se ozval, pokud m\u00e1 podez\u0159en\u00ed na nespr\u00e1vn\u00e9 jedn\u00e1n\u00ed nebo pochyben\u00ed v <span style=\"background: #FFE900;\">[n\u00e1zev spole\u010dnosti].<\/span> Chceme tak\u00e9, abyste se c\u00edtili komfortn\u011b, kdy\u017e pod\u00e1te ozn\u00e1men\u00ed, a v\u011bd\u011bli, \u017ee bude br\u00e1no v\u00e1\u017en\u011b a v\u017edy naprosto anonymn\u011b.<\/p>\n<p><span style=\"background: #FFE900;\">[n\u00e1zev spole\u010dnosti]<\/span> proto zavedla nov\u00fd on-line syst\u00e9m pro oznamov\u00e1n\u00ed nekal\u00fdch praktik, Whistlelink. Je to bezpe\u010dn\u00fd a jednoduch\u00fd syst\u00e9m oznamov\u00e1n\u00ed, kter\u00fd v\u00e1m umo\u017en\u00ed snadno a zcela anonymn\u011b nahl\u00e1sit podez\u0159en\u00ed na protipr\u00e1vn\u00ed jedn\u00e1n\u00ed.<\/p>\n<p>P\u0159\u00edstup k syst\u00e9mu whistle-blowingu je snadn\u00fd. Jednodu\u0161e p\u0159ejd\u011bte na str\u00e1nku <span style=\"background: #FFE900;\">[n\u00e1zev spole\u010dnosti.whistlelink.com]<\/span>, kde najdete v\u0161echny d\u016fle\u017eit\u00e9 informace o pod\u00e1n\u00ed hl\u00e1\u0161en\u00ed a o tom, jak s n\u00edm bude nalo\u017eeno. Do syst\u00e9mu m\u016f\u017eete kdykoli vstoupit na adrese <span style=\"background-color: #ffe900;\">[nap\u0159. webov\u00e1 adresa spole\u010dnosti \/ um\u00edst\u011bn\u00ed odkazu]<\/span>.<\/p>\n<p>Chcete-li podat hl\u00e1\u0161en\u00ed, klikn\u011bte na mo\u017enost Zanechat hl\u00e1\u0161en\u00ed ZDE a co nejpodrobn\u011bji vypl\u0148te formul\u00e1\u0159 hl\u00e1\u0161en\u00ed. Z\u00e1le\u017e\u00ed na V\u00e1s, kolik informac\u00ed si p\u0159ejete poskytnout. Nejste povinni uv\u00e1d\u011bt \u017e\u00e1dn\u00e9 osobn\u00ed \u00fadaje a b\u011bhem cel\u00e9ho procesu z\u016fstanete v anonymit\u011b<\/p>\n<p>Po odesl\u00e1n\u00ed hl\u00e1\u0161en\u00ed jej obdr\u017e\u00ed ur\u010den\u00ed spr\u00e1vci, <span style=\"background: #ffe900;\">[jm\u00e9no \/ odd\u011blen\u00ed]<\/span> a provedou prvotn\u00ed posouzen\u00ed, zda je mo\u017en\u00e9 jej zpracovat v syst\u00e9mu oznamov\u00e1n\u00ed. Pokud ano, je ozn\u00e1men\u00ed p\u0159id\u011bleno jedine\u010dn\u00e9 \u010d\u00edslo p\u0159\u00edpadu, kter\u00e9 obdr\u017e\u00edte spolu s ov\u011b\u0159ovac\u00edm k\u00f3dem. Pomoc\u00ed ov\u011b\u0159ovac\u00edho k\u00f3du m\u016f\u017eete podat dal\u0161\u00ed informace nebo si prohl\u00e9dnout pr\u016fb\u011bh \u0159e\u0161en\u00ed ozn\u00e1men\u00e9ho p\u0159\u00edpadu. Potvrzen\u00ed o p\u0159ijet\u00ed va\u0161eho ozn\u00e1men\u00ed potvrd\u00edme do sedmi dn\u016f a do 90 dn\u016f v\u00e1m poskytneme zp\u011btnou vazbu k nahl\u00e1\u0161en\u00e9mu p\u0159\u00edpadu.<\/p>\n<p>Na\u0161\u00ed povinnost\u00ed jako zodpov\u011bdn\u00e9 spole\u010dnosti je informovat v\u00e1s o tom, \u017ee se zaveden\u00edm \u0159e\u0161en\u00ed pro whistle-blowing se m\u016f\u017eete objevit v hl\u00e1\u0161en\u00ed i vy. M\u016f\u017ee to b\u00fdt jako \u00fadajn\u00fd pachatel, jako \u00fadajn\u00e1 ob\u011b\u0165, jako sv\u011bdek nebo v jin\u00fdch p\u0159\u00edpadech. Ka\u017edop\u00e1dn\u011b, pokud jste osobou pod\u00e1vaj\u00edc\u00ed ozn\u00e1men\u00ed, z\u016fst\u00e1v\u00e1te v\u017edy v naprost\u00e9 anonymit\u011b.<\/p>\n<p>M\u016f\u017eete se rozhodnout, \u017ee podez\u0159en\u00ed na protipr\u00e1vn\u00ed jedn\u00e1n\u00ed ozn\u00e1m\u00edte extern\u011b p\u0159\u00edslu\u0161n\u00e9mu org\u00e1nu. Dal\u0161\u00ed informace o tom naleznete na adrese <span style=\"background: #ffe900;\">[n\u00e1zev spole\u010dnosti.whistlelink.com]<\/span>.<\/p>\n<p>Pokud m\u00e1te k tomuto t\u00e9matu dotazy nebo chcete z\u00edskat dal\u0161\u00ed informace, nev\u00e1hejte se obr\u00e1tit na <span style=\"background-color: #ffe900;\">[jm\u00e9no]<\/span>.<\/p>\n<p>D\u011bkujeme v\u00e1m za va\u0161i dal\u0161\u00ed usilovnou pr\u00e1ci a podporu, kterou pom\u00e1h\u00e1te <span style=\"background-color: #ffe900;\">[n\u00e1zev spole\u010dnosti]<\/span> b\u00fdt bezpe\u010dn\u00fdm a p\u0159\u00edjemn\u00fdm m\u00edstem pro pr\u00e1ci.<\/p>\n<p>S pozdravem, <span style=\"background-color: #ffe900;\">[jm\u00e9no]<\/span>.<\/p><\/div>\n\t\t\t\t<\/div>\n\t\t\t\t\t\t\t\t<\/div>\n\t\t\t\t\t\t<\/div>\n\t\t\t\t<\/div>\n\t\t\t\t\t<\/div>\n\t\t<\/div>\n\t\t\t\t\t<\/div>\n\t\t<\/section>\n\t\t\t\t<section class=\"elementor-section elementor-top-section elementor-element elementor-element-4c90bd1 elementor-section-boxed elementor-section-height-default elementor-section-height-default\" data-id=\"4c90bd1\" data-element_type=\"section\" data-e-type=\"section\">\n\t\t\t\t\t\t<div class=\"elementor-container elementor-column-gap-default\">\n\t\t\t\t\t<div class=\"elementor-column elementor-col-100 elementor-top-column elementor-element elementor-element-f90848c\" data-id=\"f90848c\" data-element_type=\"column\" data-e-type=\"column\">\n\t\t\t<div class=\"elementor-widget-wrap elementor-element-populated\">\n\t\t\t\t\t\t<div class=\"elementor-element elementor-element-a0c0ac2 elementor-widget elementor-widget-spacer\" data-id=\"a0c0ac2\" data-element_type=\"widget\" data-e-type=\"widget\" data-widget_type=\"spacer.default\">\n\t\t\t\t<div class=\"elementor-widget-container\">\n\t\t\t\t\t\t\t<div class=\"elementor-spacer\">\n\t\t\t<div class=\"elementor-spacer-inner\"><\/div>\n\t\t<\/div>\n\t\t\t\t\t\t<\/div>\n\t\t\t\t<\/div>\n\t\t\t\t<div class=\"elementor-element elementor-element-5489546 elementor-widget elementor-widget-jet-button\" data-id=\"5489546\" data-element_type=\"widget\" data-e-type=\"widget\" data-widget_type=\"jet-button.default\">\n\t\t\t\t<div class=\"elementor-widget-container\">\n\t\t\t\t\t<div class=\"elementor-jet-button jet-elements\"><div class=\"jet-button__container\">\n\t<a class=\"jet-button__instance jet-button__instance--icon-left hover-effect-0\" href=\"https:\/\/www.whistlelink.com\/cs\/zaciname\/\">\n\t\t<div class=\"jet-button__plane jet-button__plane-normal\"><\/div>\n\t\t<div class=\"jet-button__plane jet-button__plane-hover\"><\/div>\n\t\t<div class=\"jet-button__state jet-button__state-normal\">\n\t\t\t<span class=\"jet-button__label\">Zp\u011bt na p\u0159\u00edru\u010dku Za\u010d\u00edn\u00e1me<\/span>\t\t<\/div>\n\t\t<div class=\"jet-button__state jet-button__state-hover\">\n\t\t\t<span class=\"jet-button__label\">Zp\u011bt na p\u0159\u00edru\u010dku Za\u010d\u00edn\u00e1me<\/span>\t\t<\/div>\n\t<\/a>\n<\/div>\n<\/div>\t\t\t\t<\/div>\n\t\t\t\t<\/div>\n\t\t\t\t<div class=\"elementor-element elementor-element-a9475f0 elementor-widget elementor-widget-spacer\" data-id=\"a9475f0\" data-element_type=\"widget\" data-e-type=\"widget\" data-widget_type=\"spacer.default\">\n\t\t\t\t<div class=\"elementor-widget-container\">\n\t\t\t\t\t\t\t<div class=\"elementor-spacer\">\n\t\t\t<div class=\"elementor-spacer-inner\"><\/div>\n\t\t<\/div>\n\t\t\t\t\t\t<\/div>\n\t\t\t\t<\/div>\n\t\t\t\t\t<\/div>\n\t\t<\/div>\n\t\t\t\t\t<\/div>\n\t\t<\/section>\n\t\t\t\t<\/div>\n\t\t","protected":false},"excerpt":{"rendered":"<p>ZA\u010c\u00cdN\u00c1MEVysv\u011btlen\u00ed syst\u00e9mu Whistlelink Skv\u011bl\u00e1 pr\u00e1ce! Va\u0161e \u0159e\u0161en\u00ed pro whistle blowing je nastaveno. Nyn\u00ed je na \u010dase, abyste o n\u011bm informovali sv\u00e9 zam\u011bstnance a dal\u0161\u00ed p\u0159\u00edslu\u0161n\u00e9 z\u00fa\u010dastn\u011bn\u00e9 strany. Z\u00e1le\u017e\u00ed jen na v\u00e1s, co sd\u011bl\u00edte, ale my v\u00e1m s t\u00edm pom\u016f\u017eeme. P\u0159ipravili jsme pro v\u00e1s text, kter\u00fd V\u00e1m komunikaci o va\u0161em whistle blowingov\u00e9m informa\u010dn\u00edm syst\u00e9mu zam\u011bstnanc\u016fm trochu [&hellip;]<\/p>\n","protected":false},"author":9,"featured_media":0,"parent":12461,"menu_order":0,"comment_status":"closed","ping_status":"closed","template":"elementor_header_footer","meta":{"footnotes":""},"class_list":["post-12514","page","type-page","status-publish","hentry"],"yoast_head":"<!-- This site is optimized with the Yoast SEO Premium plugin v27.3 (Yoast SEO v27.4) - https:\/\/yoast.com\/product\/yoast-seo-premium-wordpress\/ -->\n<title>Pr\u016fvodce pro za\u010d\u00e1tek - Co je pot\u0159eba vysv\u011btlit - Whistlelink<\/title>\n<meta name=\"robots\" content=\"noindex, nofollow\" \/>\n<meta property=\"og:locale\" content=\"cs_CZ\" \/>\n<meta property=\"og:type\" content=\"article\" \/>\n<meta property=\"og:title\" content=\"Step by Step - Co je pot\u0159eba vysv\u011btlit\" \/>\n<meta property=\"og:description\" content=\"ZA\u010c\u00cdN\u00c1MEVysv\u011btlen\u00ed syst\u00e9mu Whistlelink Skv\u011bl\u00e1 pr\u00e1ce! Va\u0161e \u0159e\u0161en\u00ed pro whistle blowing je nastaveno. Nyn\u00ed je na \u010dase, abyste o n\u011bm informovali sv\u00e9 zam\u011bstnance a dal\u0161\u00ed p\u0159\u00edslu\u0161n\u00e9 z\u00fa\u010dastn\u011bn\u00e9 strany. Z\u00e1le\u017e\u00ed jen na v\u00e1s, co sd\u011bl\u00edte, ale my v\u00e1m s t\u00edm pom\u016f\u017eeme. P\u0159ipravili jsme pro v\u00e1s text, kter\u00fd V\u00e1m komunikaci o va\u0161em whistle blowingov\u00e9m informa\u010dn\u00edm syst\u00e9mu zam\u011bstnanc\u016fm trochu [&hellip;]\" \/>\n<meta property=\"og:url\" content=\"https:\/\/www.whistlelink.com\/cs\/navod-pro-spusteni\/co-je-potreba-vysvetlit\/\" \/>\n<meta property=\"og:site_name\" content=\"Whistlelink\" \/>\n<meta property=\"article:publisher\" content=\"https:\/\/www.facebook.com\/whistlelink\/\" \/>\n<meta property=\"article:modified_time\" content=\"2023-10-25T14:41:15+00:00\" \/>\n<meta name=\"twitter:card\" content=\"summary_large_image\" \/>\n<meta name=\"twitter:label1\" content=\"Odhadovan\u00e1 doba \u010dten\u00ed\" \/>\n\t<meta name=\"twitter:data1\" content=\"3 minuty\" \/>\n<script type=\"application\/ld+json\" class=\"yoast-schema-graph\">{\"@context\":\"https:\\\/\\\/schema.org\",\"@graph\":[{\"@type\":\"WebPage\",\"@id\":\"https:\\\/\\\/www.whistlelink.com\\\/cs\\\/navod-pro-spusteni\\\/co-je-potreba-vysvetlit\\\/\",\"url\":\"https:\\\/\\\/www.whistlelink.com\\\/cs\\\/navod-pro-spusteni\\\/co-je-potreba-vysvetlit\\\/\",\"name\":\"Pr\u016fvodce pro za\u010d\u00e1tek - Co je pot\u0159eba vysv\u011btlit - Whistlelink\",\"isPartOf\":{\"@id\":\"https:\\\/\\\/www.whistlelink.com\\\/cs\\\/#website\"},\"datePublished\":\"2021-04-22T20:17:45+00:00\",\"dateModified\":\"2023-10-25T14:41:15+00:00\",\"breadcrumb\":{\"@id\":\"https:\\\/\\\/www.whistlelink.com\\\/cs\\\/navod-pro-spusteni\\\/co-je-potreba-vysvetlit\\\/#breadcrumb\"},\"inLanguage\":\"cs\",\"potentialAction\":[{\"@type\":\"ReadAction\",\"target\":[\"https:\\\/\\\/www.whistlelink.com\\\/cs\\\/navod-pro-spusteni\\\/co-je-potreba-vysvetlit\\\/\"]}]},{\"@type\":\"BreadcrumbList\",\"@id\":\"https:\\\/\\\/www.whistlelink.com\\\/cs\\\/navod-pro-spusteni\\\/co-je-potreba-vysvetlit\\\/#breadcrumb\",\"itemListElement\":[{\"@type\":\"ListItem\",\"position\":1,\"name\":\"Home\",\"item\":\"https:\\\/\\\/www.whistlelink.com\\\/cs\\\/\"},{\"@type\":\"ListItem\",\"position\":2,\"name\":\"Step by Step &#8211; Prov\u00e1d\u011bn\u00ed a komunikace\",\"item\":\"https:\\\/\\\/www.whistlelink.com\\\/cs\\\/client-get-started-guide\\\/\"},{\"@type\":\"ListItem\",\"position\":3,\"name\":\"Step by Step &#8211; Co je pot\u0159eba vysv\u011btlit\"}]},{\"@type\":\"WebSite\",\"@id\":\"https:\\\/\\\/www.whistlelink.com\\\/cs\\\/#website\",\"url\":\"https:\\\/\\\/www.whistlelink.com\\\/cs\\\/\",\"name\":\"Whistlelink\",\"description\":\"A trusted provider of secure whistleblowing solutions.\",\"publisher\":{\"@id\":\"https:\\\/\\\/www.whistlelink.com\\\/cs\\\/#organization\"},\"potentialAction\":[{\"@type\":\"SearchAction\",\"target\":{\"@type\":\"EntryPoint\",\"urlTemplate\":\"https:\\\/\\\/www.whistlelink.com\\\/cs\\\/?s={search_term_string}\"},\"query-input\":{\"@type\":\"PropertyValueSpecification\",\"valueRequired\":true,\"valueName\":\"search_term_string\"}}],\"inLanguage\":\"cs\"},{\"@type\":\"Organization\",\"@id\":\"https:\\\/\\\/www.whistlelink.com\\\/cs\\\/#organization\",\"name\":\"Whistlelink\",\"url\":\"https:\\\/\\\/www.whistlelink.com\\\/cs\\\/\",\"logo\":{\"@type\":\"ImageObject\",\"inLanguage\":\"cs\",\"@id\":\"https:\\\/\\\/www.whistlelink.com\\\/cs\\\/#\\\/schema\\\/logo\\\/image\\\/\",\"url\":\"https:\\\/\\\/www.whistlelink.com\\\/wp-content\\\/uploads\\\/2021\\\/07\\\/WhistlelinkLogoEmail.png\",\"contentUrl\":\"https:\\\/\\\/www.whistlelink.com\\\/wp-content\\\/uploads\\\/2021\\\/07\\\/WhistlelinkLogoEmail.png\",\"width\":704,\"height\":75,\"caption\":\"Whistlelink\"},\"image\":{\"@id\":\"https:\\\/\\\/www.whistlelink.com\\\/cs\\\/#\\\/schema\\\/logo\\\/image\\\/\"},\"sameAs\":[\"https:\\\/\\\/www.facebook.com\\\/whistlelink\\\/\",\"https:\\\/\\\/www.linkedin.com\\\/company\\\/whistlelink\\\/\",\"https:\\\/\\\/vimeo.com\\\/user152082481\"]}]}<\/script>\n<!-- \/ Yoast SEO Premium plugin. -->","yoast_head_json":{"title":"Pr\u016fvodce pro za\u010d\u00e1tek - Co je pot\u0159eba vysv\u011btlit - Whistlelink","robots":{"index":"noindex","follow":"nofollow"},"og_locale":"cs_CZ","og_type":"article","og_title":"Step by Step - Co je pot\u0159eba vysv\u011btlit","og_description":"ZA\u010c\u00cdN\u00c1MEVysv\u011btlen\u00ed syst\u00e9mu Whistlelink Skv\u011bl\u00e1 pr\u00e1ce! Va\u0161e \u0159e\u0161en\u00ed pro whistle blowing je nastaveno. Nyn\u00ed je na \u010dase, abyste o n\u011bm informovali sv\u00e9 zam\u011bstnance a dal\u0161\u00ed p\u0159\u00edslu\u0161n\u00e9 z\u00fa\u010dastn\u011bn\u00e9 strany. Z\u00e1le\u017e\u00ed jen na v\u00e1s, co sd\u011bl\u00edte, ale my v\u00e1m s t\u00edm pom\u016f\u017eeme. P\u0159ipravili jsme pro v\u00e1s text, kter\u00fd V\u00e1m komunikaci o va\u0161em whistle blowingov\u00e9m informa\u010dn\u00edm syst\u00e9mu zam\u011bstnanc\u016fm trochu [&hellip;]","og_url":"https:\/\/www.whistlelink.com\/cs\/navod-pro-spusteni\/co-je-potreba-vysvetlit\/","og_site_name":"Whistlelink","article_publisher":"https:\/\/www.facebook.com\/whistlelink\/","article_modified_time":"2023-10-25T14:41:15+00:00","twitter_card":"summary_large_image","twitter_misc":{"Odhadovan\u00e1 doba \u010dten\u00ed":"3 minuty"},"schema":{"@context":"https:\/\/schema.org","@graph":[{"@type":"WebPage","@id":"https:\/\/www.whistlelink.com\/cs\/navod-pro-spusteni\/co-je-potreba-vysvetlit\/","url":"https:\/\/www.whistlelink.com\/cs\/navod-pro-spusteni\/co-je-potreba-vysvetlit\/","name":"Pr\u016fvodce pro za\u010d\u00e1tek - Co je pot\u0159eba vysv\u011btlit - Whistlelink","isPartOf":{"@id":"https:\/\/www.whistlelink.com\/cs\/#website"},"datePublished":"2021-04-22T20:17:45+00:00","dateModified":"2023-10-25T14:41:15+00:00","breadcrumb":{"@id":"https:\/\/www.whistlelink.com\/cs\/navod-pro-spusteni\/co-je-potreba-vysvetlit\/#breadcrumb"},"inLanguage":"cs","potentialAction":[{"@type":"ReadAction","target":["https:\/\/www.whistlelink.com\/cs\/navod-pro-spusteni\/co-je-potreba-vysvetlit\/"]}]},{"@type":"BreadcrumbList","@id":"https:\/\/www.whistlelink.com\/cs\/navod-pro-spusteni\/co-je-potreba-vysvetlit\/#breadcrumb","itemListElement":[{"@type":"ListItem","position":1,"name":"Home","item":"https:\/\/www.whistlelink.com\/cs\/"},{"@type":"ListItem","position":2,"name":"Step by Step &#8211; Prov\u00e1d\u011bn\u00ed a komunikace","item":"https:\/\/www.whistlelink.com\/cs\/client-get-started-guide\/"},{"@type":"ListItem","position":3,"name":"Step by Step &#8211; Co je pot\u0159eba vysv\u011btlit"}]},{"@type":"WebSite","@id":"https:\/\/www.whistlelink.com\/cs\/#website","url":"https:\/\/www.whistlelink.com\/cs\/","name":"Whistlelink","description":"A trusted provider of secure whistleblowing solutions.","publisher":{"@id":"https:\/\/www.whistlelink.com\/cs\/#organization"},"potentialAction":[{"@type":"SearchAction","target":{"@type":"EntryPoint","urlTemplate":"https:\/\/www.whistlelink.com\/cs\/?s={search_term_string}"},"query-input":{"@type":"PropertyValueSpecification","valueRequired":true,"valueName":"search_term_string"}}],"inLanguage":"cs"},{"@type":"Organization","@id":"https:\/\/www.whistlelink.com\/cs\/#organization","name":"Whistlelink","url":"https:\/\/www.whistlelink.com\/cs\/","logo":{"@type":"ImageObject","inLanguage":"cs","@id":"https:\/\/www.whistlelink.com\/cs\/#\/schema\/logo\/image\/","url":"https:\/\/www.whistlelink.com\/wp-content\/uploads\/2021\/07\/WhistlelinkLogoEmail.png","contentUrl":"https:\/\/www.whistlelink.com\/wp-content\/uploads\/2021\/07\/WhistlelinkLogoEmail.png","width":704,"height":75,"caption":"Whistlelink"},"image":{"@id":"https:\/\/www.whistlelink.com\/cs\/#\/schema\/logo\/image\/"},"sameAs":["https:\/\/www.facebook.com\/whistlelink\/","https:\/\/www.linkedin.com\/company\/whistlelink\/","https:\/\/vimeo.com\/user152082481"]}]}},"_links":{"self":[{"href":"https:\/\/www.whistlelink.com\/cs\/wp-json\/wp\/v2\/pages\/12514","targetHints":{"allow":["GET"]}}],"collection":[{"href":"https:\/\/www.whistlelink.com\/cs\/wp-json\/wp\/v2\/pages"}],"about":[{"href":"https:\/\/www.whistlelink.com\/cs\/wp-json\/wp\/v2\/types\/page"}],"author":[{"embeddable":true,"href":"https:\/\/www.whistlelink.com\/cs\/wp-json\/wp\/v2\/users\/9"}],"replies":[{"embeddable":true,"href":"https:\/\/www.whistlelink.com\/cs\/wp-json\/wp\/v2\/comments?post=12514"}],"version-history":[{"count":5,"href":"https:\/\/www.whistlelink.com\/cs\/wp-json\/wp\/v2\/pages\/12514\/revisions"}],"predecessor-version":[{"id":53777,"href":"https:\/\/www.whistlelink.com\/cs\/wp-json\/wp\/v2\/pages\/12514\/revisions\/53777"}],"up":[{"embeddable":true,"href":"https:\/\/www.whistlelink.com\/cs\/wp-json\/wp\/v2\/pages\/12461"}],"wp:attachment":[{"href":"https:\/\/www.whistlelink.com\/cs\/wp-json\/wp\/v2\/media?parent=12514"}],"curies":[{"name":"wp","href":"https:\/\/api.w.org\/{rel}","templated":true}]}}