{"id":45718,"date":"2021-05-27T15:26:47","date_gmt":"2021-05-27T14:26:47","guid":{"rendered":"https:\/\/www.whistlelink.com\/?page_id=45718"},"modified":"2023-02-10T07:24:43","modified_gmt":"2023-02-10T07:24:43","slug":"intake-management-service-cz","status":"publish","type":"page","link":"https:\/\/www.whistlelink.com\/cs\/intake-management-service-cz\/","title":{"rendered":"Spr\u00e1va p\u0159\u00edchoz\u00edch hl\u00e1\u0161en\u00ed"},"content":{"rendered":"\t\t<div data-elementor-type=\"wp-page\" data-elementor-id=\"45718\" class=\"elementor elementor-45718 elementor-10964\" data-elementor-post-type=\"page\">\n\t\t\t\t\t\t<section class=\"elementor-section elementor-top-section elementor-element elementor-element-7d84c18 elementor-section-full_width elementor-section-height-default elementor-section-height-default\" data-id=\"7d84c18\" data-element_type=\"section\" data-e-type=\"section\" data-settings=\"{&quot;background_background&quot;:&quot;classic&quot;}\">\n\t\t\t\t\t\t<div class=\"elementor-container elementor-column-gap-default\">\n\t\t\t\t\t<div class=\"elementor-column elementor-col-100 elementor-top-column elementor-element elementor-element-88184c3\" data-id=\"88184c3\" data-element_type=\"column\" data-e-type=\"column\">\n\t\t\t<div class=\"elementor-widget-wrap elementor-element-populated\">\n\t\t\t\t\t\t<div class=\"elementor-element elementor-element-56c7d22 elementor-widget elementor-widget-jet-headline\" data-id=\"56c7d22\" data-element_type=\"widget\" data-e-type=\"widget\" data-widget_type=\"jet-headline.default\">\n\t\t\t\t<div class=\"elementor-widget-container\">\n\t\t\t\t\t<h2 class=\"jet-headline jet-headline--direction-vertical\"><span class=\"jet-headline__part jet-headline__first\"><span class=\"jet-headline__label\">Slu\u017eby pro Whistleblowing<\/span><\/span><span class=\"jet-headline__part jet-headline__second\"><span class=\"jet-headline__label\">Spr\u00e1va p\u0159\u00edchoz\u00edch hl\u00e1\u0161en\u00ed<\/span><\/span><\/h2>\t\t\t\t<\/div>\n\t\t\t\t<\/div>\n\t\t\t\t\t<\/div>\n\t\t<\/div>\n\t\t\t\t\t<\/div>\n\t\t<\/section>\n\t\t\t\t<section class=\"elementor-section elementor-top-section elementor-element elementor-element-d8b57a5 elementor-section-boxed elementor-section-height-default elementor-section-height-default\" data-id=\"d8b57a5\" data-element_type=\"section\" data-e-type=\"section\">\n\t\t\t\t\t\t<div class=\"elementor-container elementor-column-gap-default\">\n\t\t\t\t\t<div class=\"elementor-column elementor-col-100 elementor-top-column elementor-element elementor-element-8820a0a\" data-id=\"8820a0a\" data-element_type=\"column\" data-e-type=\"column\" data-settings=\"{&quot;background_background&quot;:&quot;classic&quot;}\">\n\t\t\t<div class=\"elementor-widget-wrap elementor-element-populated\">\n\t\t\t\t\t\t<div class=\"elementor-element elementor-element-3451b1e elementor-widget elementor-widget-text-editor\" data-id=\"3451b1e\" data-element_type=\"widget\" data-e-type=\"widget\" data-widget_type=\"text-editor.default\">\n\t\t\t\t<div class=\"elementor-widget-container\">\n\t\t\t\t\t\t\t\t\t<h3>Co obsahuje na\u0161e slu\u017eba spr\u00e1vy p\u0159\u00edchoz\u00edch hl\u00e1\u0161en\u00ed?<\/h3><div>Slu\u017eba Spr\u00e1vy p\u0159\u00edchoz\u00edch hl\u00e1\u0161en\u00ed je extern\u00ed servis, p\u0159i n\u00ed\u017e organizace vyu\u017e\u00edv\u00e1 t\u0159et\u00ed stranu k p\u0159ij\u00edm\u00e1n\u00ed prvotn\u00edch ozn\u00e1men\u00ed zaslan\u00fdch prost\u0159ednictv\u00edm syst\u00e9mu pro oznamov\u00e1n\u00ed nekal\u00fdch praktik. P\u0159ij\u00edmaj\u00edc\u00ed spole\u010dnost prov\u00e1d\u00ed po\u010d\u00e1te\u010dn\u00ed kontroly, aby zajistila, \u017ee ozn\u00e1men\u00ed bude p\u0159id\u011bleno spr\u00e1vn\u00e9 osob\u011b (osob\u00e1m). P\u0159ij\u00edmaj\u00edc\u00ed spole\u010dnost rovn\u011b\u017e zajist\u00ed, aby bylo potvrzen\u00ed oznamovateli zasl\u00e1no do 7 dn\u016f.<\/div>\t\t\t\t\t\t\t\t<\/div>\n\t\t\t\t<\/div>\n\t\t\t\t<div class=\"elementor-element elementor-element-6f5f263 elementor-widget elementor-widget-text-editor\" data-id=\"6f5f263\" data-element_type=\"widget\" data-e-type=\"widget\" data-widget_type=\"text-editor.default\">\n\t\t\t\t<div class=\"elementor-widget-container\">\n\t\t\t\t\t\t\t\t\t<h3>Pro\u010d vyu\u017e\u00edvat tuto slu\u017ebu?<\/h3>\n<p>Vyu\u017eit\u00ed t\u00e9to slu\u017eby zajist\u00ed nez\u00e1vislost, sn\u00ed\u017e\u00ed pracovn\u00ed z\u00e1t\u011b\u017e a pom\u016f\u017ee spole\u010dnosti <a href=\"https:\/\/www.whistlelink.com\/cs\/shoda-s-predpisy\/\">splnit z\u00e1konn\u00e9 po\u017eadavky<\/a>.<\/p>\t\t\t\t\t\t\t\t<\/div>\n\t\t\t\t<\/div>\n\t\t\t\t<div class=\"elementor-element elementor-element-8698ff1 elementor-widget elementor-widget-spacer\" data-id=\"8698ff1\" data-element_type=\"widget\" data-e-type=\"widget\" data-widget_type=\"spacer.default\">\n\t\t\t\t<div class=\"elementor-widget-container\">\n\t\t\t\t\t\t\t<div class=\"elementor-spacer\">\n\t\t\t<div class=\"elementor-spacer-inner\"><\/div>\n\t\t<\/div>\n\t\t\t\t\t\t<\/div>\n\t\t\t\t<\/div>\n\t\t\t\t<div class=\"elementor-element elementor-element-c2be9de elementor-widget elementor-widget-text-editor\" data-id=\"c2be9de\" data-element_type=\"widget\" data-e-type=\"widget\" data-widget_type=\"text-editor.default\">\n\t\t\t\t<div class=\"elementor-widget-container\">\n\t\t\t\t\t\t\t\t\t<h3>Co je zahrnuto ve slu\u017eb\u011b Whistlelink &#8211; Spr\u00e1va p\u0159\u00edchoz\u00edch hl\u00e1\u0161en\u00ed<\/h3>\t\t\t\t\t\t\t\t<\/div>\n\t\t\t\t<\/div>\n\t\t\t\t<section class=\"elementor-section elementor-inner-section elementor-element elementor-element-da57d7f elementor-section-boxed elementor-section-height-default elementor-section-height-default\" data-id=\"da57d7f\" data-element_type=\"section\" data-e-type=\"section\">\n\t\t\t\t\t\t<div class=\"elementor-container elementor-column-gap-default\">\n\t\t\t\t\t<div class=\"elementor-column elementor-col-50 elementor-inner-column elementor-element elementor-element-6d9f257\" data-id=\"6d9f257\" data-element_type=\"column\" data-e-type=\"column\">\n\t\t\t<div class=\"elementor-widget-wrap elementor-element-populated\">\n\t\t\t\t\t\t<div class=\"elementor-element elementor-element-8d4fb77 elementor-widget-divider--view-line elementor-widget elementor-widget-divider\" data-id=\"8d4fb77\" data-element_type=\"widget\" data-e-type=\"widget\" data-widget_type=\"divider.default\">\n\t\t\t\t<div class=\"elementor-widget-container\">\n\t\t\t\t\t\t\t<div class=\"elementor-divider\">\n\t\t\t<span class=\"elementor-divider-separator\">\n\t\t\t\t\t\t<\/span>\n\t\t<\/div>\n\t\t\t\t\t\t<\/div>\n\t\t\t\t<\/div>\n\t\t\t\t<div class=\"elementor-element elementor-element-8d5face elementor-widget elementor-widget-text-editor\" data-id=\"8d5face\" data-element_type=\"widget\" data-e-type=\"widget\" data-widget_type=\"text-editor.default\">\n\t\t\t\t<div class=\"elementor-widget-container\">\n\t\t\t\t\t\t\t\t\t<h4>Prvotn\u00ed vyhodnocen\u00ed<\/h4><p>Whistlelink zaji\u0161\u0165uje kontrolu a vyhodnocen\u00ed v\u0161ech p\u0159\u00edpad\u016f nahl\u00e1\u0161en\u00fdch prost\u0159ednictv\u00edm va\u0161eho webu Whistlelink v r\u00e1mci prvn\u00edho kroku. Whistlelink p\u0159ezkoum\u00e1 p\u0159\u00edpady do jednoho pracovn\u00edho dne a v souladu se sm\u011brnic\u00ed EU o whistleblowingu potvrd\u00ed oznamovateli p\u0159ijet\u00ed ozn\u00e1men\u00ed.<\/p>\t\t\t\t\t\t\t\t<\/div>\n\t\t\t\t<\/div>\n\t\t\t\t\t<\/div>\n\t\t<\/div>\n\t\t\t\t<div class=\"elementor-column elementor-col-50 elementor-inner-column elementor-element elementor-element-bb0e849\" data-id=\"bb0e849\" data-element_type=\"column\" data-e-type=\"column\">\n\t\t\t<div class=\"elementor-widget-wrap elementor-element-populated\">\n\t\t\t\t\t\t<div class=\"elementor-element elementor-element-aae1409 elementor-widget-divider--view-line elementor-widget elementor-widget-divider\" data-id=\"aae1409\" data-element_type=\"widget\" data-e-type=\"widget\" data-widget_type=\"divider.default\">\n\t\t\t\t<div class=\"elementor-widget-container\">\n\t\t\t\t\t\t\t<div class=\"elementor-divider\">\n\t\t\t<span class=\"elementor-divider-separator\">\n\t\t\t\t\t\t<\/span>\n\t\t<\/div>\n\t\t\t\t\t\t<\/div>\n\t\t\t\t<\/div>\n\t\t\t\t<div class=\"elementor-element elementor-element-e19869f elementor-widget elementor-widget-text-editor\" data-id=\"e19869f\" data-element_type=\"widget\" data-e-type=\"widget\" data-widget_type=\"text-editor.default\">\n\t\t\t\t<div class=\"elementor-widget-container\">\n\t\t\t\t\t\t\t\t\t<h4>P\u0159i\u0159azen\u00ed p\u0159\u00edpadu<\/h4><p>Spole\u010dnost Whistlelink p\u0159i\u0159ad\u00ed p\u0159\u00edpady Va\u0161emu zvolen\u00e9mu prv\u00e9mu kontaktu (kontakt\u016fm). Pokud je va\u0161e prvn\u00ed kontaktn\u00ed osoba sou\u010d\u00e1st\u00ed hl\u00e1\u0161en\u00ed (bez p\u0159ezkoum\u00e1n\u00ed spis\u016f), p\u0159id\u011bl\u00edme p\u0159\u00edpad m\u00edsto toho va\u0161emu z\u00e1lo\u017en\u00edmu kontaktu. Mohou se vyskytnout dal\u0161\u00ed pokyny ze strany klienta, kter\u00e9 jsou v\u017edy dohodnuty na \u00farovni jednotliv\u00fdch p\u0159\u00edpad\u016f.<\/p>\t\t\t\t\t\t\t\t<\/div>\n\t\t\t\t<\/div>\n\t\t\t\t\t<\/div>\n\t\t<\/div>\n\t\t\t\t\t<\/div>\n\t\t<\/section>\n\t\t\t\t\t<\/div>\n\t\t<\/div>\n\t\t\t\t\t<\/div>\n\t\t<\/section>\n\t\t\t\t<section class=\"elementor-section elementor-top-section elementor-element elementor-element-a528e4e elementor-section-full_width elementor-section-height-default elementor-section-height-default\" data-id=\"a528e4e\" data-element_type=\"section\" data-e-type=\"section\" data-settings=\"{&quot;background_background&quot;:&quot;classic&quot;}\">\n\t\t\t\t\t\t\t<div class=\"elementor-background-overlay\"><\/div>\n\t\t\t\t\t\t\t<div class=\"elementor-container elementor-column-gap-default\">\n\t\t\t\t\t<div class=\"elementor-column elementor-col-100 elementor-top-column elementor-element elementor-element-229c600\" data-id=\"229c600\" data-element_type=\"column\" data-e-type=\"column\">\n\t\t\t<div class=\"elementor-widget-wrap elementor-element-populated\">\n\t\t\t\t\t\t<div class=\"elementor-element elementor-element-50ef03a elementor-widget elementor-widget-heading\" data-id=\"50ef03a\" data-element_type=\"widget\" data-e-type=\"widget\" data-widget_type=\"heading.default\">\n\t\t\t\t<div class=\"elementor-widget-container\">\n\t\t\t\t\t<h2 class=\"elementor-heading-title elementor-size-default\">Zodpov\u00edme Va\u0161e dotazy<\/h2>\t\t\t\t<\/div>\n\t\t\t\t<\/div>\n\t\t\t\t<div class=\"elementor-element elementor-element-340f445 elementor-widget elementor-widget-jet-button\" data-id=\"340f445\" data-element_type=\"widget\" data-e-type=\"widget\" data-widget_type=\"jet-button.default\">\n\t\t\t\t<div class=\"elementor-widget-container\">\n\t\t\t\t\t<div class=\"elementor-jet-button jet-elements\"><div class=\"jet-button__container\">\n\t<a class=\"jet-button__instance jet-button__instance--icon-left hover-effect-0\" href=\"#contact-menu-anchor\">\n\t\t<div class=\"jet-button__plane jet-button__plane-normal\"><\/div>\n\t\t<div class=\"jet-button__plane jet-button__plane-hover\"><\/div>\n\t\t<div class=\"jet-button__state jet-button__state-normal\">\n\t\t\t<span class=\"jet-button__label\">Kontaktujte n\u00e1s<\/span>\t\t<\/div>\n\t\t<div class=\"jet-button__state jet-button__state-hover\">\n\t\t\t<span class=\"jet-button__label\">Kontaktujte n\u00e1s<\/span>\t\t<\/div>\n\t<\/a>\n<\/div>\n<\/div>\t\t\t\t<\/div>\n\t\t\t\t<\/div>\n\t\t\t\t<div class=\"elementor-element elementor-element-f6d377b elementor-widget elementor-widget-text-editor\" data-id=\"f6d377b\" data-element_type=\"widget\" data-e-type=\"widget\" data-widget_type=\"text-editor.default\">\n\t\t\t\t<div class=\"elementor-widget-container\">\n\t\t\t\t\t\t\t\t\t<p>T\u011b\u0161\u00edme se na setk\u00e1n\u00ed s V\u00e1mi<\/p>\t\t\t\t\t\t\t\t<\/div>\n\t\t\t\t<\/div>\n\t\t\t\t\t<\/div>\n\t\t<\/div>\n\t\t\t\t\t<\/div>\n\t\t<\/section>\n\t\t\t\t<\/div>\n\t\t","protected":false},"excerpt":{"rendered":"<p>Slu\u017eby pro Whistleblowing Co obsahuje na\u0161e slu\u017eba spr\u00e1vy p\u0159\u00edchoz\u00edch hl\u00e1\u0161en\u00ed? Slu\u017eba Spr\u00e1vy p\u0159\u00edchoz\u00edch hl\u00e1\u0161en\u00ed je extern\u00ed servis, p\u0159i n\u00ed\u017e organizace vyu\u017e\u00edv\u00e1 t\u0159et\u00ed stranu k p\u0159ij\u00edm\u00e1n\u00ed prvotn\u00edch ozn\u00e1men\u00ed zaslan\u00fdch prost\u0159ednictv\u00edm syst\u00e9mu pro oznamov\u00e1n\u00ed nekal\u00fdch praktik. P\u0159ij\u00edmaj\u00edc\u00ed spole\u010dnost prov\u00e1d\u00ed po\u010d\u00e1te\u010dn\u00ed kontroly, aby zajistila, \u017ee ozn\u00e1men\u00ed bude p\u0159id\u011bleno spr\u00e1vn\u00e9 osob\u011b (osob\u00e1m). P\u0159ij\u00edmaj\u00edc\u00ed spole\u010dnost rovn\u011b\u017e zajist\u00ed, aby bylo potvrzen\u00ed [&hellip;]<\/p>\n","protected":false},"author":15,"featured_media":0,"parent":0,"menu_order":0,"comment_status":"closed","ping_status":"closed","template":"","meta":{"footnotes":""},"class_list":["post-45718","page","type-page","status-publish","hentry"],"yoast_head":"<!-- This site is optimized with the Yoast SEO Premium plugin v27.3 (Yoast SEO v27.4) - https:\/\/yoast.com\/product\/yoast-seo-premium-wordpress\/ -->\n<title>Spr\u00e1va p\u0159\u00edchoz\u00edch hl\u00e1\u0161en\u00ed - Whistlelink<\/title>\n<meta name=\"description\" content=\"Add the Whistelink Intake Management Service to your plan to reduce your workload, guarantee anonymity and adhere to Directive requirements.\" \/>\n<meta name=\"robots\" content=\"index, follow, max-snippet:-1, max-image-preview:large, max-video-preview:-1\" \/>\n<link rel=\"canonical\" href=\"https:\/\/www.whistlelink.com\/cs\/intake-management-service-cz\/\" \/>\n<meta property=\"og:locale\" content=\"cs_CZ\" \/>\n<meta property=\"og:type\" content=\"article\" \/>\n<meta property=\"og:title\" content=\"Spr\u00e1va p\u0159\u00edchoz\u00edch hl\u00e1\u0161en\u00ed\" \/>\n<meta property=\"og:description\" content=\"Add the Whistelink Intake Management Service to your plan to reduce your workload, guarantee anonymity and adhere to Directive requirements.\" \/>\n<meta property=\"og:url\" content=\"https:\/\/www.whistlelink.com\/cs\/intake-management-service-cz\/\" \/>\n<meta property=\"og:site_name\" content=\"Whistlelink\" \/>\n<meta property=\"article:publisher\" content=\"https:\/\/www.facebook.com\/whistlelink\/\" \/>\n<meta property=\"article:modified_time\" content=\"2023-02-10T07:24:43+00:00\" \/>\n<meta name=\"twitter:card\" content=\"summary_large_image\" \/>\n<meta name=\"twitter:label1\" content=\"Odhadovan\u00e1 doba \u010dten\u00ed\" \/>\n\t<meta name=\"twitter:data1\" content=\"2 minuty\" \/>\n<script type=\"application\/ld+json\" class=\"yoast-schema-graph\">{\"@context\":\"https:\\\/\\\/schema.org\",\"@graph\":[{\"@type\":\"WebPage\",\"@id\":\"https:\\\/\\\/www.whistlelink.com\\\/cs\\\/intake-management-service-cz\\\/\",\"url\":\"https:\\\/\\\/www.whistlelink.com\\\/cs\\\/intake-management-service-cz\\\/\",\"name\":\"Spr\u00e1va p\u0159\u00edchoz\u00edch hl\u00e1\u0161en\u00ed - Whistlelink\",\"isPartOf\":{\"@id\":\"https:\\\/\\\/www.whistlelink.com\\\/cs\\\/#website\"},\"datePublished\":\"2021-05-27T14:26:47+00:00\",\"dateModified\":\"2023-02-10T07:24:43+00:00\",\"description\":\"Add the Whistelink Intake Management Service to your plan to reduce your workload, guarantee anonymity and adhere to Directive requirements.\",\"breadcrumb\":{\"@id\":\"https:\\\/\\\/www.whistlelink.com\\\/cs\\\/intake-management-service-cz\\\/#breadcrumb\"},\"inLanguage\":\"cs\",\"potentialAction\":[{\"@type\":\"ReadAction\",\"target\":[\"https:\\\/\\\/www.whistlelink.com\\\/cs\\\/intake-management-service-cz\\\/\"]}]},{\"@type\":\"BreadcrumbList\",\"@id\":\"https:\\\/\\\/www.whistlelink.com\\\/cs\\\/intake-management-service-cz\\\/#breadcrumb\",\"itemListElement\":[{\"@type\":\"ListItem\",\"position\":1,\"name\":\"Home\",\"item\":\"https:\\\/\\\/www.whistlelink.com\\\/cs\\\/\"},{\"@type\":\"ListItem\",\"position\":2,\"name\":\"Spr\u00e1va p\u0159\u00edchoz\u00edch hl\u00e1\u0161en\u00ed\"}]},{\"@type\":\"WebSite\",\"@id\":\"https:\\\/\\\/www.whistlelink.com\\\/cs\\\/#website\",\"url\":\"https:\\\/\\\/www.whistlelink.com\\\/cs\\\/\",\"name\":\"Whistlelink\",\"description\":\"A trusted provider of secure whistleblowing solutions.\",\"publisher\":{\"@id\":\"https:\\\/\\\/www.whistlelink.com\\\/cs\\\/#organization\"},\"potentialAction\":[{\"@type\":\"SearchAction\",\"target\":{\"@type\":\"EntryPoint\",\"urlTemplate\":\"https:\\\/\\\/www.whistlelink.com\\\/cs\\\/?s={search_term_string}\"},\"query-input\":{\"@type\":\"PropertyValueSpecification\",\"valueRequired\":true,\"valueName\":\"search_term_string\"}}],\"inLanguage\":\"cs\"},{\"@type\":\"Organization\",\"@id\":\"https:\\\/\\\/www.whistlelink.com\\\/cs\\\/#organization\",\"name\":\"Whistlelink\",\"url\":\"https:\\\/\\\/www.whistlelink.com\\\/cs\\\/\",\"logo\":{\"@type\":\"ImageObject\",\"inLanguage\":\"cs\",\"@id\":\"https:\\\/\\\/www.whistlelink.com\\\/cs\\\/#\\\/schema\\\/logo\\\/image\\\/\",\"url\":\"https:\\\/\\\/www.whistlelink.com\\\/wp-content\\\/uploads\\\/2021\\\/07\\\/WhistlelinkLogoEmail.png\",\"contentUrl\":\"https:\\\/\\\/www.whistlelink.com\\\/wp-content\\\/uploads\\\/2021\\\/07\\\/WhistlelinkLogoEmail.png\",\"width\":704,\"height\":75,\"caption\":\"Whistlelink\"},\"image\":{\"@id\":\"https:\\\/\\\/www.whistlelink.com\\\/cs\\\/#\\\/schema\\\/logo\\\/image\\\/\"},\"sameAs\":[\"https:\\\/\\\/www.facebook.com\\\/whistlelink\\\/\",\"https:\\\/\\\/www.linkedin.com\\\/company\\\/whistlelink\\\/\",\"https:\\\/\\\/vimeo.com\\\/user152082481\"]}]}<\/script>\n<!-- \/ Yoast SEO Premium plugin. -->","yoast_head_json":{"title":"Spr\u00e1va p\u0159\u00edchoz\u00edch hl\u00e1\u0161en\u00ed - Whistlelink","description":"Add the Whistelink Intake Management Service to your plan to reduce your workload, guarantee anonymity and adhere to Directive requirements.","robots":{"index":"index","follow":"follow","max-snippet":"max-snippet:-1","max-image-preview":"max-image-preview:large","max-video-preview":"max-video-preview:-1"},"canonical":"https:\/\/www.whistlelink.com\/cs\/intake-management-service-cz\/","og_locale":"cs_CZ","og_type":"article","og_title":"Spr\u00e1va p\u0159\u00edchoz\u00edch hl\u00e1\u0161en\u00ed","og_description":"Add the Whistelink Intake Management Service to your plan to reduce your workload, guarantee anonymity and adhere to Directive requirements.","og_url":"https:\/\/www.whistlelink.com\/cs\/intake-management-service-cz\/","og_site_name":"Whistlelink","article_publisher":"https:\/\/www.facebook.com\/whistlelink\/","article_modified_time":"2023-02-10T07:24:43+00:00","twitter_card":"summary_large_image","twitter_misc":{"Odhadovan\u00e1 doba \u010dten\u00ed":"2 minuty"},"schema":{"@context":"https:\/\/schema.org","@graph":[{"@type":"WebPage","@id":"https:\/\/www.whistlelink.com\/cs\/intake-management-service-cz\/","url":"https:\/\/www.whistlelink.com\/cs\/intake-management-service-cz\/","name":"Spr\u00e1va p\u0159\u00edchoz\u00edch hl\u00e1\u0161en\u00ed - Whistlelink","isPartOf":{"@id":"https:\/\/www.whistlelink.com\/cs\/#website"},"datePublished":"2021-05-27T14:26:47+00:00","dateModified":"2023-02-10T07:24:43+00:00","description":"Add the Whistelink Intake Management Service to your plan to reduce your workload, guarantee anonymity and adhere to Directive requirements.","breadcrumb":{"@id":"https:\/\/www.whistlelink.com\/cs\/intake-management-service-cz\/#breadcrumb"},"inLanguage":"cs","potentialAction":[{"@type":"ReadAction","target":["https:\/\/www.whistlelink.com\/cs\/intake-management-service-cz\/"]}]},{"@type":"BreadcrumbList","@id":"https:\/\/www.whistlelink.com\/cs\/intake-management-service-cz\/#breadcrumb","itemListElement":[{"@type":"ListItem","position":1,"name":"Home","item":"https:\/\/www.whistlelink.com\/cs\/"},{"@type":"ListItem","position":2,"name":"Spr\u00e1va p\u0159\u00edchoz\u00edch hl\u00e1\u0161en\u00ed"}]},{"@type":"WebSite","@id":"https:\/\/www.whistlelink.com\/cs\/#website","url":"https:\/\/www.whistlelink.com\/cs\/","name":"Whistlelink","description":"A trusted provider of secure whistleblowing solutions.","publisher":{"@id":"https:\/\/www.whistlelink.com\/cs\/#organization"},"potentialAction":[{"@type":"SearchAction","target":{"@type":"EntryPoint","urlTemplate":"https:\/\/www.whistlelink.com\/cs\/?s={search_term_string}"},"query-input":{"@type":"PropertyValueSpecification","valueRequired":true,"valueName":"search_term_string"}}],"inLanguage":"cs"},{"@type":"Organization","@id":"https:\/\/www.whistlelink.com\/cs\/#organization","name":"Whistlelink","url":"https:\/\/www.whistlelink.com\/cs\/","logo":{"@type":"ImageObject","inLanguage":"cs","@id":"https:\/\/www.whistlelink.com\/cs\/#\/schema\/logo\/image\/","url":"https:\/\/www.whistlelink.com\/wp-content\/uploads\/2021\/07\/WhistlelinkLogoEmail.png","contentUrl":"https:\/\/www.whistlelink.com\/wp-content\/uploads\/2021\/07\/WhistlelinkLogoEmail.png","width":704,"height":75,"caption":"Whistlelink"},"image":{"@id":"https:\/\/www.whistlelink.com\/cs\/#\/schema\/logo\/image\/"},"sameAs":["https:\/\/www.facebook.com\/whistlelink\/","https:\/\/www.linkedin.com\/company\/whistlelink\/","https:\/\/vimeo.com\/user152082481"]}]}},"_links":{"self":[{"href":"https:\/\/www.whistlelink.com\/cs\/wp-json\/wp\/v2\/pages\/45718","targetHints":{"allow":["GET"]}}],"collection":[{"href":"https:\/\/www.whistlelink.com\/cs\/wp-json\/wp\/v2\/pages"}],"about":[{"href":"https:\/\/www.whistlelink.com\/cs\/wp-json\/wp\/v2\/types\/page"}],"author":[{"embeddable":true,"href":"https:\/\/www.whistlelink.com\/cs\/wp-json\/wp\/v2\/users\/15"}],"replies":[{"embeddable":true,"href":"https:\/\/www.whistlelink.com\/cs\/wp-json\/wp\/v2\/comments?post=45718"}],"version-history":[{"count":0,"href":"https:\/\/www.whistlelink.com\/cs\/wp-json\/wp\/v2\/pages\/45718\/revisions"}],"wp:attachment":[{"href":"https:\/\/www.whistlelink.com\/cs\/wp-json\/wp\/v2\/media?parent=45718"}],"curies":[{"name":"wp","href":"https:\/\/api.w.org\/{rel}","templated":true}]}}