{"id":10379,"date":"2021-04-16T10:03:45","date_gmt":"2021-04-16T09:03:45","guid":{"rendered":"https:\/\/www.whistlelink.com\/?page_id=10379"},"modified":"2023-10-25T14:24:29","modified_gmt":"2023-10-25T14:24:29","slug":"benutzeranleitung","status":"publish","type":"page","link":"https:\/\/www.whistlelink.com\/de\/benutzeranleitung\/","title":{"rendered":"Step by Step &#8211; Umsetzung und Kommunikation"},"content":{"rendered":"\t\t<div data-elementor-type=\"wp-page\" data-elementor-id=\"10379\" class=\"elementor elementor-10379 elementor-7216\" data-elementor-post-type=\"page\">\n\t\t\t\t\t\t<section class=\"elementor-section elementor-top-section elementor-element elementor-element-84d1926 elementor-section-boxed elementor-section-height-default elementor-section-height-default\" data-id=\"84d1926\" data-element_type=\"section\" data-e-type=\"section\" data-settings=\"{&quot;background_background&quot;:&quot;classic&quot;}\">\n\t\t\t\t\t\t\t<div class=\"elementor-background-overlay\"><\/div>\n\t\t\t\t\t\t\t<div class=\"elementor-container elementor-column-gap-default\">\n\t\t\t\t\t<div class=\"elementor-column elementor-col-100 elementor-top-column elementor-element elementor-element-32832c7\" data-id=\"32832c7\" data-element_type=\"column\" data-e-type=\"column\">\n\t\t\t<div class=\"elementor-widget-wrap elementor-element-populated\">\n\t\t\t\t\t\t<div class=\"elementor-element elementor-element-5afc234 elementor-widget elementor-widget-jet-headline\" data-id=\"5afc234\" data-element_type=\"widget\" data-e-type=\"widget\" data-widget_type=\"jet-headline.default\">\n\t\t\t\t<div class=\"elementor-widget-container\">\n\t\t\t\t\t<h2 class=\"jet-headline jet-headline--direction-vertical\"><span class=\"jet-headline__part jet-headline__first\"><span class=\"jet-headline__label\">\nERSTE-SCHRITTE-LEITFADEN<\/span><\/span><span class=\"jet-headline__part jet-headline__second\"><span class=\"jet-headline__label\">Implementierung und Kommunikation Ihrer Whistleblowing-L\u00f6sung<\/span><\/span><\/h2>\t\t\t\t<\/div>\n\t\t\t\t<\/div>\n\t\t\t\t<div class=\"elementor-element elementor-element-68700d6 elementor-widget elementor-widget-heading\" data-id=\"68700d6\" data-element_type=\"widget\" data-e-type=\"widget\" data-widget_type=\"heading.default\">\n\t\t\t\t<div class=\"elementor-widget-container\">\n\t\t\t\t\t<h4 class=\"elementor-heading-title elementor-size-default\">Sie haben jetzt Zugang zu Whistlelink und m\u00fcssen nur noch einige wenige Schritte ausf\u00fchren, um Ihre Whistleblowing-L\u00f6sung vollst\u00e4ndig zu implementieren. Wir werden Sie durch die finalen Schritte begleiten und Ihnen Informationen dar\u00fcber vermitteln, was kommuniziert werden muss und wie Sie vorgehen, damit Ihre Whistleblowing-Website einfach f\u00fcr die Mitarbeiter*innen zu finden ist.<\/h4>\t\t\t\t<\/div>\n\t\t\t\t<\/div>\n\t\t\t\t\t<\/div>\n\t\t<\/div>\n\t\t\t\t\t<\/div>\n\t\t<\/section>\n\t\t\t\t<section class=\"elementor-section elementor-top-section elementor-element elementor-element-3e7473d elementor-section-boxed elementor-section-height-default elementor-section-height-default\" data-id=\"3e7473d\" data-element_type=\"section\" data-e-type=\"section\" data-settings=\"{&quot;background_background&quot;:&quot;classic&quot;}\">\n\t\t\t\t\t\t<div class=\"elementor-container elementor-column-gap-default\">\n\t\t\t\t\t<div class=\"elementor-column elementor-col-100 elementor-top-column elementor-element elementor-element-182edd8\" data-id=\"182edd8\" data-element_type=\"column\" data-e-type=\"column\">\n\t\t\t<div class=\"elementor-widget-wrap elementor-element-populated\">\n\t\t\t\t\t\t<div class=\"elementor-element elementor-element-6340b34 elementor-widget elementor-widget-jet-headline\" data-id=\"6340b34\" data-element_type=\"widget\" data-e-type=\"widget\" data-widget_type=\"jet-headline.default\">\n\t\t\t\t<div class=\"elementor-widget-container\">\n\t\t\t\t\t<h2 class=\"jet-headline jet-headline--direction-vertical\"><span class=\"jet-headline__part jet-headline__first\"><span class=\"jet-headline__label\">Legen Sie los<\/span><\/span><span class=\"jet-headline__part jet-headline__second\"><span class=\"jet-headline__label\">Klicken Sie auf die \u00dcberschriften unten.<\/span><\/span><\/h2>\t\t\t\t<\/div>\n\t\t\t\t<\/div>\n\t\t\t\t<div class=\"elementor-element elementor-element-c719507 elementor-position-left elementor-vertical-align-top elementor-widget elementor-widget-image-box\" data-id=\"c719507\" data-element_type=\"widget\" data-e-type=\"widget\" data-widget_type=\"image-box.default\">\n\t\t\t\t<div class=\"elementor-widget-container\">\n\t\t\t\t\t<div class=\"elementor-image-box-wrapper\"><figure class=\"elementor-image-box-img\"><a href=\"https:\/\/www.whistlelink.com\/de\/benutzeranleitung\/implementierungsleitfaden\/\" tabindex=\"-1\"><img fetchpriority=\"high\" decoding=\"async\" width=\"800\" height=\"729\" src=\"https:\/\/www.whistlelink.com\/wp-content\/uploads\/2020\/12\/Rubicskub.png\" class=\"attachment-large size-large wp-image-1389\" alt=\"\" srcset=\"https:\/\/www.whistlelink.com\/wp-content\/uploads\/2020\/12\/Rubicskub.png 804w, https:\/\/www.whistlelink.com\/wp-content\/uploads\/2020\/12\/Rubicskub-300x274.png 300w, https:\/\/www.whistlelink.com\/wp-content\/uploads\/2020\/12\/Rubicskub-768x700.png 768w\" sizes=\"(max-width: 800px) 100vw, 800px\" \/><\/a><\/figure><div class=\"elementor-image-box-content\"><h3 class=\"elementor-image-box-title\"><a href=\"https:\/\/www.whistlelink.com\/de\/benutzeranleitung\/implementierungsleitfaden\/\"> Schritt-f\u00fcr-Schritt-Implementierungsleitfaden<\/a><\/h3><p class=\"elementor-image-box-description\">Schlie\u00dfen Sie die Einrichtung komplett ab und implementieren Sie Ihre Whistleblowing-L\u00f6sung vollumf\u00e4nglich in Ihrem gesamten Unternehmen.<\/p><\/div><\/div>\t\t\t\t<\/div>\n\t\t\t\t<\/div>\n\t\t\t\t<div class=\"elementor-element elementor-element-641f347 elementor-position-left elementor-vertical-align-top elementor-widget elementor-widget-image-box\" data-id=\"641f347\" data-element_type=\"widget\" data-e-type=\"widget\" data-widget_type=\"image-box.default\">\n\t\t\t\t<div class=\"elementor-widget-container\">\n\t\t\t\t\t<div class=\"elementor-image-box-wrapper\"><figure class=\"elementor-image-box-img\"><a href=\"https:\/\/www.whistlelink.com\/de\/benutzeranleitung\/systemkonfiguration\/\" tabindex=\"-1\"><img fetchpriority=\"high\" decoding=\"async\" width=\"800\" height=\"729\" src=\"https:\/\/www.whistlelink.com\/wp-content\/uploads\/2020\/12\/Rubicskub.png\" class=\"attachment-large size-large wp-image-1389\" alt=\"\" srcset=\"https:\/\/www.whistlelink.com\/wp-content\/uploads\/2020\/12\/Rubicskub.png 804w, https:\/\/www.whistlelink.com\/wp-content\/uploads\/2020\/12\/Rubicskub-300x274.png 300w, https:\/\/www.whistlelink.com\/wp-content\/uploads\/2020\/12\/Rubicskub-768x700.png 768w\" sizes=\"(max-width: 800px) 100vw, 800px\" \/><\/a><\/figure><div class=\"elementor-image-box-content\"><h3 class=\"elementor-image-box-title\"><a href=\"https:\/\/www.whistlelink.com\/de\/benutzeranleitung\/systemkonfiguration\/\">Systemkonfiguration von Whistlelink<\/a><\/h3><p class=\"elementor-image-box-description\">Complete the technical implementation and configuration, with the support of our step-by-step guide. <\/p><\/div><\/div>\t\t\t\t<\/div>\n\t\t\t\t<\/div>\n\t\t\t\t<div class=\"elementor-element elementor-element-8a0bbe0 elementor-position-left elementor-vertical-align-top elementor-widget elementor-widget-image-box\" data-id=\"8a0bbe0\" data-element_type=\"widget\" data-e-type=\"widget\" data-widget_type=\"image-box.default\">\n\t\t\t\t<div class=\"elementor-widget-container\">\n\t\t\t\t\t<div class=\"elementor-image-box-wrapper\"><figure class=\"elementor-image-box-img\"><a href=\"https:\/\/www.whistlelink.com\/de\/benutzeranleitung\/so-ist-whistlelink-fuer-alle-verfuegbar\/\" tabindex=\"-1\"><img fetchpriority=\"high\" decoding=\"async\" width=\"800\" height=\"729\" src=\"https:\/\/www.whistlelink.com\/wp-content\/uploads\/2020\/12\/Rubicskub.png\" class=\"attachment-large size-large wp-image-1389\" alt=\"\" srcset=\"https:\/\/www.whistlelink.com\/wp-content\/uploads\/2020\/12\/Rubicskub.png 804w, https:\/\/www.whistlelink.com\/wp-content\/uploads\/2020\/12\/Rubicskub-300x274.png 300w, https:\/\/www.whistlelink.com\/wp-content\/uploads\/2020\/12\/Rubicskub-768x700.png 768w\" sizes=\"(max-width: 800px) 100vw, 800px\" \/><\/a><\/figure><div class=\"elementor-image-box-content\"><h3 class=\"elementor-image-box-title\"><a href=\"https:\/\/www.whistlelink.com\/de\/benutzeranleitung\/so-ist-whistlelink-fuer-alle-verfuegbar\/\"> So ist Whistlelink f\u00fcr alle verf\u00fcgbar<\/a><\/h3><p class=\"elementor-image-box-description\">Holen Sie sich wertvolle Tipps dar\u00fcber ein, wo Sie Informationen \u00fcber Ihre Whistleblowing-Website bereitstellen, damit Ihre Mitarbeiter*innen sie leicht finden.<\/p><\/div><\/div>\t\t\t\t<\/div>\n\t\t\t\t<\/div>\n\t\t\t\t<div class=\"elementor-element elementor-element-31eb034 elementor-position-left elementor-vertical-align-top elementor-widget elementor-widget-image-box\" data-id=\"31eb034\" data-element_type=\"widget\" data-e-type=\"widget\" data-widget_type=\"image-box.default\">\n\t\t\t\t<div class=\"elementor-widget-container\">\n\t\t\t\t\t<div class=\"elementor-image-box-wrapper\"><figure class=\"elementor-image-box-img\"><a href=\"https:\/\/www.whistlelink.com\/de\/benutzeranleitung\/was-zu-kommunizieren-ist\/\" tabindex=\"-1\"><img fetchpriority=\"high\" decoding=\"async\" width=\"800\" height=\"729\" src=\"https:\/\/www.whistlelink.com\/wp-content\/uploads\/2020\/12\/Rubicskub.png\" class=\"attachment-large size-large wp-image-1389\" alt=\"\" srcset=\"https:\/\/www.whistlelink.com\/wp-content\/uploads\/2020\/12\/Rubicskub.png 804w, https:\/\/www.whistlelink.com\/wp-content\/uploads\/2020\/12\/Rubicskub-300x274.png 300w, https:\/\/www.whistlelink.com\/wp-content\/uploads\/2020\/12\/Rubicskub-768x700.png 768w\" sizes=\"(max-width: 800px) 100vw, 800px\" \/><\/a><\/figure><div class=\"elementor-image-box-content\"><h3 class=\"elementor-image-box-title\"><a href=\"https:\/\/www.whistlelink.com\/de\/benutzeranleitung\/was-zu-kommunizieren-ist\/\">Was zu kommunizieren ist<\/a><\/h3><p class=\"elementor-image-box-description\">Gehen Sie ein Beispiel durch, in dem Sie erfahren, wie Sie Ihre Mitarbeiter*innen \u00fcber Ihren Whistleblowing-Kanal informieren.<\/p><\/div><\/div>\t\t\t\t<\/div>\n\t\t\t\t<\/div>\n\t\t\t\t\t<\/div>\n\t\t<\/div>\n\t\t\t\t\t<\/div>\n\t\t<\/section>\n\t\t\t\t<\/div>\n\t\t","protected":false},"excerpt":{"rendered":"<p>ERSTE-SCHRITTE-LEITFADENImplementierung und Kommunikation Ihrer Whistleblowing-L\u00f6sung Sie haben jetzt Zugang zu Whistlelink und m\u00fcssen nur noch einige wenige Schritte ausf\u00fchren, um Ihre Whistleblowing-L\u00f6sung vollst\u00e4ndig zu implementieren. Wir werden Sie durch die finalen Schritte begleiten und Ihnen Informationen dar\u00fcber vermitteln, was kommuniziert werden muss und wie Sie vorgehen, damit Ihre Whistleblowing-Website einfach f\u00fcr die Mitarbeiter*innen zu finden [&hellip;]<\/p>\n","protected":false},"author":15,"featured_media":0,"parent":0,"menu_order":0,"comment_status":"closed","ping_status":"closed","template":"elementor_header_footer","meta":{"footnotes":""},"class_list":["post-10379","page","type-page","status-publish","hentry"],"yoast_head":"<!-- This site is optimized with the Yoast SEO Premium plugin v27.3 (Yoast SEO v27.4) - https:\/\/yoast.com\/product\/yoast-seo-premium-wordpress\/ -->\n<title>Benutzeranleitung - Umsetzung und Kommunikation - Whistlelink<\/title>\n<meta name=\"robots\" content=\"noindex, nofollow\" \/>\n<meta property=\"og:locale\" content=\"de_DE\" \/>\n<meta property=\"og:type\" content=\"article\" \/>\n<meta property=\"og:title\" content=\"Step by Step - Umsetzung und Kommunikation\" \/>\n<meta property=\"og:description\" content=\"ERSTE-SCHRITTE-LEITFADENImplementierung und Kommunikation Ihrer Whistleblowing-L\u00f6sung Sie haben jetzt Zugang zu Whistlelink und m\u00fcssen nur noch einige wenige Schritte ausf\u00fchren, um Ihre Whistleblowing-L\u00f6sung vollst\u00e4ndig zu implementieren. Wir werden Sie durch die finalen Schritte begleiten und Ihnen Informationen dar\u00fcber vermitteln, was kommuniziert werden muss und wie Sie vorgehen, damit Ihre Whistleblowing-Website einfach f\u00fcr die Mitarbeiter*innen zu finden [&hellip;]\" \/>\n<meta property=\"og:url\" content=\"https:\/\/www.whistlelink.com\/de\/benutzeranleitung\/\" \/>\n<meta property=\"og:site_name\" content=\"Whistlelink\" \/>\n<meta property=\"article:publisher\" content=\"https:\/\/www.facebook.com\/whistlelink\/\" \/>\n<meta property=\"article:modified_time\" content=\"2023-10-25T14:24:29+00:00\" \/>\n<meta property=\"og:image\" content=\"https:\/\/www.whistlelink.com\/wp-content\/uploads\/2020\/12\/Rubicskub.png\" \/>\n<meta name=\"twitter:card\" content=\"summary_large_image\" \/>\n<meta name=\"twitter:label1\" content=\"Gesch\u00e4tzte Lesezeit\" \/>\n\t<meta name=\"twitter:data1\" content=\"2\u00a0Minuten\" \/>\n<script type=\"application\/ld+json\" class=\"yoast-schema-graph\">{\"@context\":\"https:\\\/\\\/schema.org\",\"@graph\":[{\"@type\":\"WebPage\",\"@id\":\"https:\\\/\\\/www.whistlelink.com\\\/de\\\/benutzeranleitung\\\/\",\"url\":\"https:\\\/\\\/www.whistlelink.com\\\/de\\\/benutzeranleitung\\\/\",\"name\":\"Benutzeranleitung - Umsetzung und Kommunikation - Whistlelink\",\"isPartOf\":{\"@id\":\"https:\\\/\\\/www.whistlelink.com\\\/de\\\/#website\"},\"primaryImageOfPage\":{\"@id\":\"https:\\\/\\\/www.whistlelink.com\\\/de\\\/benutzeranleitung\\\/#primaryimage\"},\"image\":{\"@id\":\"https:\\\/\\\/www.whistlelink.com\\\/de\\\/benutzeranleitung\\\/#primaryimage\"},\"thumbnailUrl\":\"https:\\\/\\\/www.whistlelink.com\\\/wp-content\\\/uploads\\\/2020\\\/12\\\/Rubicskub.png\",\"datePublished\":\"2021-04-16T09:03:45+00:00\",\"dateModified\":\"2023-10-25T14:24:29+00:00\",\"breadcrumb\":{\"@id\":\"https:\\\/\\\/www.whistlelink.com\\\/de\\\/benutzeranleitung\\\/#breadcrumb\"},\"inLanguage\":\"de\",\"potentialAction\":[{\"@type\":\"ReadAction\",\"target\":[\"https:\\\/\\\/www.whistlelink.com\\\/de\\\/benutzeranleitung\\\/\"]}]},{\"@type\":\"ImageObject\",\"inLanguage\":\"de\",\"@id\":\"https:\\\/\\\/www.whistlelink.com\\\/de\\\/benutzeranleitung\\\/#primaryimage\",\"url\":\"https:\\\/\\\/www.whistlelink.com\\\/wp-content\\\/uploads\\\/2020\\\/12\\\/Rubicskub.png\",\"contentUrl\":\"https:\\\/\\\/www.whistlelink.com\\\/wp-content\\\/uploads\\\/2020\\\/12\\\/Rubicskub.png\"},{\"@type\":\"BreadcrumbList\",\"@id\":\"https:\\\/\\\/www.whistlelink.com\\\/de\\\/benutzeranleitung\\\/#breadcrumb\",\"itemListElement\":[{\"@type\":\"ListItem\",\"position\":1,\"name\":\"Home\",\"item\":\"https:\\\/\\\/www.whistlelink.com\\\/de\\\/\"},{\"@type\":\"ListItem\",\"position\":2,\"name\":\"Step by Step &#8211; Umsetzung und Kommunikation\"}]},{\"@type\":\"WebSite\",\"@id\":\"https:\\\/\\\/www.whistlelink.com\\\/de\\\/#website\",\"url\":\"https:\\\/\\\/www.whistlelink.com\\\/de\\\/\",\"name\":\"Whistlelink\",\"description\":\"A trusted provider of secure whistleblowing solutions.\",\"publisher\":{\"@id\":\"https:\\\/\\\/www.whistlelink.com\\\/de\\\/#organization\"},\"potentialAction\":[{\"@type\":\"SearchAction\",\"target\":{\"@type\":\"EntryPoint\",\"urlTemplate\":\"https:\\\/\\\/www.whistlelink.com\\\/de\\\/?s={search_term_string}\"},\"query-input\":{\"@type\":\"PropertyValueSpecification\",\"valueRequired\":true,\"valueName\":\"search_term_string\"}}],\"inLanguage\":\"de\"},{\"@type\":\"Organization\",\"@id\":\"https:\\\/\\\/www.whistlelink.com\\\/de\\\/#organization\",\"name\":\"Whistlelink\",\"url\":\"https:\\\/\\\/www.whistlelink.com\\\/de\\\/\",\"logo\":{\"@type\":\"ImageObject\",\"inLanguage\":\"de\",\"@id\":\"https:\\\/\\\/www.whistlelink.com\\\/de\\\/#\\\/schema\\\/logo\\\/image\\\/\",\"url\":\"https:\\\/\\\/www.whistlelink.com\\\/wp-content\\\/uploads\\\/2021\\\/07\\\/WhistlelinkLogoEmail.png\",\"contentUrl\":\"https:\\\/\\\/www.whistlelink.com\\\/wp-content\\\/uploads\\\/2021\\\/07\\\/WhistlelinkLogoEmail.png\",\"width\":704,\"height\":75,\"caption\":\"Whistlelink\"},\"image\":{\"@id\":\"https:\\\/\\\/www.whistlelink.com\\\/de\\\/#\\\/schema\\\/logo\\\/image\\\/\"},\"sameAs\":[\"https:\\\/\\\/www.facebook.com\\\/whistlelink\\\/\",\"https:\\\/\\\/www.linkedin.com\\\/company\\\/whistlelink\\\/\",\"https:\\\/\\\/vimeo.com\\\/user152082481\"]}]}<\/script>\n<!-- \/ Yoast SEO Premium plugin. -->","yoast_head_json":{"title":"Benutzeranleitung - Umsetzung und Kommunikation - Whistlelink","robots":{"index":"noindex","follow":"nofollow"},"og_locale":"de_DE","og_type":"article","og_title":"Step by Step - Umsetzung und Kommunikation","og_description":"ERSTE-SCHRITTE-LEITFADENImplementierung und Kommunikation Ihrer Whistleblowing-L\u00f6sung Sie haben jetzt Zugang zu Whistlelink und m\u00fcssen nur noch einige wenige Schritte ausf\u00fchren, um Ihre Whistleblowing-L\u00f6sung vollst\u00e4ndig zu implementieren. Wir werden Sie durch die finalen Schritte begleiten und Ihnen Informationen dar\u00fcber vermitteln, was kommuniziert werden muss und wie Sie vorgehen, damit Ihre Whistleblowing-Website einfach f\u00fcr die Mitarbeiter*innen zu finden [&hellip;]","og_url":"https:\/\/www.whistlelink.com\/de\/benutzeranleitung\/","og_site_name":"Whistlelink","article_publisher":"https:\/\/www.facebook.com\/whistlelink\/","article_modified_time":"2023-10-25T14:24:29+00:00","og_image":[{"url":"https:\/\/www.whistlelink.com\/wp-content\/uploads\/2020\/12\/Rubicskub.png","type":"","width":"","height":""}],"twitter_card":"summary_large_image","twitter_misc":{"Gesch\u00e4tzte Lesezeit":"2\u00a0Minuten"},"schema":{"@context":"https:\/\/schema.org","@graph":[{"@type":"WebPage","@id":"https:\/\/www.whistlelink.com\/de\/benutzeranleitung\/","url":"https:\/\/www.whistlelink.com\/de\/benutzeranleitung\/","name":"Benutzeranleitung - Umsetzung und Kommunikation - Whistlelink","isPartOf":{"@id":"https:\/\/www.whistlelink.com\/de\/#website"},"primaryImageOfPage":{"@id":"https:\/\/www.whistlelink.com\/de\/benutzeranleitung\/#primaryimage"},"image":{"@id":"https:\/\/www.whistlelink.com\/de\/benutzeranleitung\/#primaryimage"},"thumbnailUrl":"https:\/\/www.whistlelink.com\/wp-content\/uploads\/2020\/12\/Rubicskub.png","datePublished":"2021-04-16T09:03:45+00:00","dateModified":"2023-10-25T14:24:29+00:00","breadcrumb":{"@id":"https:\/\/www.whistlelink.com\/de\/benutzeranleitung\/#breadcrumb"},"inLanguage":"de","potentialAction":[{"@type":"ReadAction","target":["https:\/\/www.whistlelink.com\/de\/benutzeranleitung\/"]}]},{"@type":"ImageObject","inLanguage":"de","@id":"https:\/\/www.whistlelink.com\/de\/benutzeranleitung\/#primaryimage","url":"https:\/\/www.whistlelink.com\/wp-content\/uploads\/2020\/12\/Rubicskub.png","contentUrl":"https:\/\/www.whistlelink.com\/wp-content\/uploads\/2020\/12\/Rubicskub.png"},{"@type":"BreadcrumbList","@id":"https:\/\/www.whistlelink.com\/de\/benutzeranleitung\/#breadcrumb","itemListElement":[{"@type":"ListItem","position":1,"name":"Home","item":"https:\/\/www.whistlelink.com\/de\/"},{"@type":"ListItem","position":2,"name":"Step by Step &#8211; Umsetzung und Kommunikation"}]},{"@type":"WebSite","@id":"https:\/\/www.whistlelink.com\/de\/#website","url":"https:\/\/www.whistlelink.com\/de\/","name":"Whistlelink","description":"A trusted provider of secure whistleblowing solutions.","publisher":{"@id":"https:\/\/www.whistlelink.com\/de\/#organization"},"potentialAction":[{"@type":"SearchAction","target":{"@type":"EntryPoint","urlTemplate":"https:\/\/www.whistlelink.com\/de\/?s={search_term_string}"},"query-input":{"@type":"PropertyValueSpecification","valueRequired":true,"valueName":"search_term_string"}}],"inLanguage":"de"},{"@type":"Organization","@id":"https:\/\/www.whistlelink.com\/de\/#organization","name":"Whistlelink","url":"https:\/\/www.whistlelink.com\/de\/","logo":{"@type":"ImageObject","inLanguage":"de","@id":"https:\/\/www.whistlelink.com\/de\/#\/schema\/logo\/image\/","url":"https:\/\/www.whistlelink.com\/wp-content\/uploads\/2021\/07\/WhistlelinkLogoEmail.png","contentUrl":"https:\/\/www.whistlelink.com\/wp-content\/uploads\/2021\/07\/WhistlelinkLogoEmail.png","width":704,"height":75,"caption":"Whistlelink"},"image":{"@id":"https:\/\/www.whistlelink.com\/de\/#\/schema\/logo\/image\/"},"sameAs":["https:\/\/www.facebook.com\/whistlelink\/","https:\/\/www.linkedin.com\/company\/whistlelink\/","https:\/\/vimeo.com\/user152082481"]}]}},"_links":{"self":[{"href":"https:\/\/www.whistlelink.com\/de\/wp-json\/wp\/v2\/pages\/10379","targetHints":{"allow":["GET"]}}],"collection":[{"href":"https:\/\/www.whistlelink.com\/de\/wp-json\/wp\/v2\/pages"}],"about":[{"href":"https:\/\/www.whistlelink.com\/de\/wp-json\/wp\/v2\/types\/page"}],"author":[{"embeddable":true,"href":"https:\/\/www.whistlelink.com\/de\/wp-json\/wp\/v2\/users\/15"}],"replies":[{"embeddable":true,"href":"https:\/\/www.whistlelink.com\/de\/wp-json\/wp\/v2\/comments?post=10379"}],"version-history":[{"count":13,"href":"https:\/\/www.whistlelink.com\/de\/wp-json\/wp\/v2\/pages\/10379\/revisions"}],"predecessor-version":[{"id":59143,"href":"https:\/\/www.whistlelink.com\/de\/wp-json\/wp\/v2\/pages\/10379\/revisions\/59143"}],"wp:attachment":[{"href":"https:\/\/www.whistlelink.com\/de\/wp-json\/wp\/v2\/media?parent=10379"}],"curies":[{"name":"wp","href":"https:\/\/api.w.org\/{rel}","templated":true}]}}