{"id":10382,"date":"2021-04-22T21:17:45","date_gmt":"2021-04-22T20:17:45","guid":{"rendered":"https:\/\/www.whistlelink.com\/?page_id=10382"},"modified":"2023-10-25T14:24:19","modified_gmt":"2023-10-25T14:24:19","slug":"was-zu-kommunizieren-ist","status":"publish","type":"page","link":"https:\/\/www.whistlelink.com\/de\/benutzeranleitung\/was-zu-kommunizieren-ist\/","title":{"rendered":"Step by Step &#8211; Was zu kommunizieren ist"},"content":{"rendered":"\t\t<div data-elementor-type=\"wp-page\" data-elementor-id=\"10382\" class=\"elementor elementor-10382 elementor-7299\" data-elementor-post-type=\"page\">\n\t\t\t\t\t\t<section class=\"elementor-section elementor-top-section elementor-element elementor-element-47cbbc7 elementor-section-boxed elementor-section-height-default elementor-section-height-default\" data-id=\"47cbbc7\" data-element_type=\"section\" data-e-type=\"section\" data-settings=\"{&quot;background_background&quot;:&quot;classic&quot;}\">\n\t\t\t\t\t\t\t<div class=\"elementor-background-overlay\"><\/div>\n\t\t\t\t\t\t\t<div class=\"elementor-container elementor-column-gap-default\">\n\t\t\t\t\t<div class=\"elementor-column elementor-col-100 elementor-top-column elementor-element elementor-element-da5d7f3\" data-id=\"da5d7f3\" data-element_type=\"column\" data-e-type=\"column\">\n\t\t\t<div class=\"elementor-widget-wrap elementor-element-populated\">\n\t\t\t\t\t\t<div class=\"elementor-element elementor-element-52a0dc8 elementor-widget elementor-widget-jet-headline\" data-id=\"52a0dc8\" data-element_type=\"widget\" data-e-type=\"widget\" data-widget_type=\"jet-headline.default\">\n\t\t\t\t<div class=\"elementor-widget-container\">\n\t\t\t\t\t<h2 class=\"jet-headline jet-headline--direction-vertical\"><span class=\"jet-headline__part jet-headline__first\"><span class=\"jet-headline__label\">ERSTE-SCHRITTE-LEITFADEN<\/span><\/span><span class=\"jet-headline__part jet-headline__second\"><span class=\"jet-headline__label\">Was zu kommunizieren ist<\/span><\/span><\/h2>\t\t\t\t<\/div>\n\t\t\t\t<\/div>\n\t\t\t\t<div class=\"elementor-element elementor-element-d577104 elementor-widget elementor-widget-heading\" data-id=\"d577104\" data-element_type=\"widget\" data-e-type=\"widget\" data-widget_type=\"heading.default\">\n\t\t\t\t<div class=\"elementor-widget-container\">\n\t\t\t\t\t<h4 class=\"elementor-heading-title elementor-size-default\">Gut gemacht! Ihre Whistleblowing-L\u00f6sung ist eingerichtet und jetzt ist es an der Zeit, dass Sie Ihre Mitarbeiter*innen und andere relevante Stakeholder wissen lassen, dass es sie gibt. Sie entscheiden, was Sie kommunizieren m\u00f6chten, aber wir stehen Ihnen gerne mit Rat und Tat zur Seite. Wir haben einige Texte vorbereitet, um Ihnen die Kommunikation Ihres Whistleblowing-Kanals an die Mitarbeiter*innen etwas zu erleichtern. Diese k\u00f6nnen Sie unten einsehen.<\/h4>\t\t\t\t<\/div>\n\t\t\t\t<\/div>\n\t\t\t\t\t<\/div>\n\t\t<\/div>\n\t\t\t\t\t<\/div>\n\t\t<\/section>\n\t\t\t\t<section class=\"elementor-section elementor-top-section elementor-element elementor-element-f742847 elementor-section-boxed elementor-section-height-default elementor-section-height-default\" data-id=\"f742847\" data-element_type=\"section\" data-e-type=\"section\">\n\t\t\t\t\t\t<div class=\"elementor-container elementor-column-gap-default\">\n\t\t\t\t\t<div class=\"elementor-column elementor-col-100 elementor-top-column elementor-element elementor-element-3999d3d\" data-id=\"3999d3d\" data-element_type=\"column\" data-e-type=\"column\">\n\t\t\t<div class=\"elementor-widget-wrap elementor-element-populated\">\n\t\t\t\t\t\t<div class=\"elementor-element elementor-element-4265cd1 elementor-widget elementor-widget-spacer\" data-id=\"4265cd1\" data-element_type=\"widget\" data-e-type=\"widget\" data-widget_type=\"spacer.default\">\n\t\t\t\t<div class=\"elementor-widget-container\">\n\t\t\t\t\t\t\t<div class=\"elementor-spacer\">\n\t\t\t<div class=\"elementor-spacer-inner\"><\/div>\n\t\t<\/div>\n\t\t\t\t\t\t<\/div>\n\t\t\t\t<\/div>\n\t\t\t\t<div class=\"elementor-element elementor-element-bcff380 elementor-widget elementor-widget-text-editor\" data-id=\"bcff380\" data-element_type=\"widget\" data-e-type=\"widget\" data-widget_type=\"text-editor.default\">\n\t\t\t\t<div class=\"elementor-widget-container\">\n\t\t\t\t\t\t\t\t\t<h3>Was Ihr Text enthalten muss<\/h3><p>Unser Beispieltext soll Ihnen als eine Hilfestellung dienen, wenn Sie Ihre Mitarbeiter*innen \u00fcber Ihre Whistlelink-Website informieren wollen.\u00a0Es liegt ganz allein in Ihrer Hand, was Sie schreiben, aber wir\u00a0empfehlen Ihnen, zumindest Informationen zum Datenschutz und zur externen Berichterstattung bereitzustellen.\u00a0<\/p><p>Sie k\u00f6nnen den Text nach Belieben kopieren und\/oder anpassen. Wenn Sie den Text in einer anderen Sprache haben m\u00f6chten, k\u00f6nnen Sie dies im Drop-down-Men\u00fc oben rechts auf dieser Seite ausw\u00e4hlen.<\/p><div>\u00a0<\/div>\t\t\t\t\t\t\t\t<\/div>\n\t\t\t\t<\/div>\n\t\t\t\t<div class=\"elementor-element elementor-element-4a727fd elementor-widget elementor-widget-toggle\" data-id=\"4a727fd\" data-element_type=\"widget\" data-e-type=\"widget\" data-widget_type=\"toggle.default\">\n\t\t\t\t<div class=\"elementor-widget-container\">\n\t\t\t\t\t\t\t<div class=\"elementor-toggle\">\n\t\t\t\t\t\t\t<div class=\"elementor-toggle-item\">\n\t\t\t\t\t<div id=\"elementor-tab-title-7801\" class=\"elementor-tab-title\" data-tab=\"1\" role=\"button\" aria-controls=\"elementor-tab-content-7801\" aria-expanded=\"false\">\n\t\t\t\t\t\t\t\t\t\t\t\t<span class=\"elementor-toggle-icon elementor-toggle-icon-left\" aria-hidden=\"true\">\n\t\t\t\t\t\t\t\t\t\t\t\t\t\t\t<span class=\"elementor-toggle-icon-closed\"><i class=\"fas fa-angle-double-down\"><\/i><\/span>\n\t\t\t\t\t\t\t\t<span class=\"elementor-toggle-icon-opened\"><i class=\"elementor-toggle-icon-opened fas fa-angle-up\"><\/i><\/span>\n\t\t\t\t\t\t\t\t\t\t\t\t\t<\/span>\n\t\t\t\t\t\t\t\t\t\t\t\t<a class=\"elementor-toggle-title\" tabindex=\"0\">Sehen Sie, was Sie an Ihre Mitarbeiter*innen kommunizieren k\u00f6nnen<\/a>\n\t\t\t\t\t<\/div>\n\n\t\t\t\t\t<div id=\"elementor-tab-content-7801\" class=\"elementor-tab-content elementor-clearfix\" data-tab=\"1\" role=\"region\" aria-labelledby=\"elementor-tab-title-7801\"><p>Sehr geehrte(r) <span style=\"background: #FFE900;\">[Mitarbeiter*in]<\/span><\/p>\n<p>Es ist uns wichtig, sicherzustellen, dass unsere Mitarbeiter*innen in einem sicheren, fairen und transparenten Arbeitsumfeld t\u00e4tig sein k\u00f6nnen. Wir fordern jeden auf, eine Meldung einzureichen, wenn ein Verdacht auf eine unrechtm\u00e4\u00dfige Aktivit\u00e4t oder ein Fehlverhalten bei <span style=\"background: #FFE900;\">[Name des Unternehmens]<\/span> vorliegt. Wir m\u00f6chten ebenfalls, dass Sie sich sicher f\u00fchlen k\u00f6nnen, wenn Sie einen Bericht einreichen, und dass Sie wissen, dass wir diesen ernst nehmen werden.<\/p>\n<p><span style=\"background: #FFE900;\">[Name des Unternehmens]<\/span> hat daher ein neues Online-Whistleblowing-System \u2013 Whistlelink \u2013 implementiert. Whistelink ist ein sicheres und gesch\u00fctztes Whistleblowing-System, das es Ihnen erm\u00f6glicht, bei einem Verdacht auf Fehlverhalten einfach und anonym einen Hinweis geben zu k\u00f6nnen.<\/p>\n<p>Der Zugang zum Whistleblowing-System ist einfach. Sie gehen ganz einfach auf <span style=\"background: #FFE900;\">[Unternehmensname<\/span><span style=\"color: var( --e-global-color-primary ); font-family: var( --e-global-typography-text-font-family ), Sans-serif; font-weight: var( --e-global-typography-text-font-weight ); font-size: 1rem; background: rgb(255, 233, 0);\">.whistlelink.com]<\/span><span style=\"color: var( --e-global-color-primary ); font-family: var( --e-global-typography-text-font-family ), Sans-serif; font-weight: var( --e-global-typography-text-font-weight ); font-size: 1rem; background-color: var( --e-global-color-1d91bba );\"> wo Sie alle relevanten Informationen dazu finden, wie Sie einen Bericht einreichen und wie dieser behandelt wird. Sie k\u00f6nnen immer unter <\/span><span style=\"color: var( --e-global-color-primary ); font-family: var( --e-global-typography-text-font-family ), Sans-serif; font-weight: var( --e-global-typography-text-font-weight ); font-size: 1rem; background-color: rgb(255, 233, 0);\">[z.&nbsp;B. Unternehmens-Website\/Link-Adresse]<\/span><span style=\"color: var( --e-global-color-primary ); font-family: var( --e-global-typography-text-font-family ), Sans-serif; font-weight: var( --e-global-typography-text-font-weight ); font-size: 1rem; background-color: var( --e-global-color-1d91bba );\"> auf das System zugreifen.<\/span><\/p>\n<p>Um eine Meldung zu machen, klicken Sie auf&nbsp;<em>Hier Bericht einreichen<\/em> und f\u00fcllen das Berichtsformular so gut wie m\u00f6glich aus. Sie entscheiden, wie viele Informationen Sie mitteilen. Es besteht keine Pflicht, personenbezogene Daten anzugeben und Sie bleiben w\u00e4hrend des gesamten Verfahrens anonym.<\/p>\n<p>Nachdem Sie einen Bericht eingereicht haben, werden die ausgewiesenen Eigent\u00fcmer, <span style=\"background: #ffe900;\">[Name\/Abteilung]<\/span>, diesen erhalten und eine erste Einsch\u00e4tzung vornehmen, um zu ermitteln, ob eine Behandlung im Whistleblowing-System angemessen erscheint. Falls dies der Fall ist, wird dem Bericht eine eindeutige Fallnummer zugeordnet, die Ihnen zusammen mit einem Verifizierungscode \u00fcbermittelt wird. Sie k\u00f6nnen den Verifizierungscode verwenden, um zus\u00e4tzliche Informationen nachzureichen oder den Bearbeitungsfortschritt des Falls einzusehen. Wir werden Ihnen die Kenntnisnahme Ihres Berichts innerhalb von sieben&nbsp;Tagen best\u00e4tigen und Ihnen innerhalb von 90&nbsp;Tagen eine R\u00fcckmeldung geben.<\/p>\n<p>Es liegt in unserer Verantwortung als Unternehmen, Sie dar\u00fcber zu informieren, dass das Vorhandensein einer Whistleblowing-L\u00f6sung dazu f\u00fchren k\u00f6nnte, dass Sie in einem Bericht genannt werden. Dies k\u00f6nnte in Form eines mutma\u00dflichen T\u00e4ters, eines mutma\u00dflichen Opfers, eines Zeugen oder einer anderen Instanz erfolgen. Wie bereits erw\u00e4hnt bleiben Sie anonym, wenn Sie die Person sind, die den Bericht einreicht.<\/p>\n<p>Sie k\u00f6nnen einen Verdacht auf Fehlverhalten auch extern bei einer zust\u00e4ndigen Stelle melden. Weitere Informationen hierzu finden Sie unter <span style=\"background: #ffe900;\">[Unternehmensname.whistlelink.com]<\/span>.<\/p>\n<p>Falls Sie diesbez\u00fcglich Fragen haben oder zus\u00e4tzliche Informationen ben\u00f6tigen, wenden Sie sich bitte an <span style=\"background-color: #ffe900;\">[name]<\/span>.<\/p>\n<p>Vielen Dank f\u00fcr Ihre kontinuierlichen Bem\u00fchungen und Ihre Unterst\u00fctzung, damit <span style=\"background-color: #ffe900;\">[Name des Unternehmens]<\/span> ein sicherer und ansprechender Arbeitsplatz sein kann.<\/p>\n<p>Beste Gr\u00fc\u00dfe, <span style=\"background-color: #ffe900;\">[name]<\/span>.<\/p><\/div>\n\t\t\t\t<\/div>\n\t\t\t\t\t\t\t\t<\/div>\n\t\t\t\t\t\t<\/div>\n\t\t\t\t<\/div>\n\t\t\t\t\t<\/div>\n\t\t<\/div>\n\t\t\t\t\t<\/div>\n\t\t<\/section>\n\t\t\t\t<section class=\"elementor-section elementor-top-section elementor-element elementor-element-4c90bd1 elementor-section-boxed elementor-section-height-default elementor-section-height-default\" data-id=\"4c90bd1\" data-element_type=\"section\" data-e-type=\"section\">\n\t\t\t\t\t\t<div class=\"elementor-container elementor-column-gap-default\">\n\t\t\t\t\t<div class=\"elementor-column elementor-col-100 elementor-top-column elementor-element elementor-element-f90848c\" data-id=\"f90848c\" data-element_type=\"column\" data-e-type=\"column\">\n\t\t\t<div class=\"elementor-widget-wrap elementor-element-populated\">\n\t\t\t\t\t\t<div class=\"elementor-element elementor-element-a0c0ac2 elementor-widget elementor-widget-spacer\" data-id=\"a0c0ac2\" data-element_type=\"widget\" data-e-type=\"widget\" data-widget_type=\"spacer.default\">\n\t\t\t\t<div class=\"elementor-widget-container\">\n\t\t\t\t\t\t\t<div class=\"elementor-spacer\">\n\t\t\t<div class=\"elementor-spacer-inner\"><\/div>\n\t\t<\/div>\n\t\t\t\t\t\t<\/div>\n\t\t\t\t<\/div>\n\t\t\t\t<div class=\"elementor-element elementor-element-76f9e0f elementor-widget elementor-widget-jet-button\" data-id=\"76f9e0f\" data-element_type=\"widget\" data-e-type=\"widget\" data-widget_type=\"jet-button.default\">\n\t\t\t\t<div class=\"elementor-widget-container\">\n\t\t\t\t\t<div class=\"elementor-jet-button jet-elements\"><div class=\"jet-button__container\">\n\t<a class=\"jet-button__instance jet-button__instance--icon-left hover-effect-0\" href=\"https:\/\/www.whistlelink.com\/de\/erste-schritte-leitfaden\/\">\n\t\t<div class=\"jet-button__plane jet-button__plane-normal\"><\/div>\n\t\t<div class=\"jet-button__plane jet-button__plane-hover\"><\/div>\n\t\t<div class=\"jet-button__state jet-button__state-normal\">\n\t\t\t<span class=\"jet-button__label\">Zur\u00fcck zu \u201eLegen Sie los\u201c<\/span>\t\t<\/div>\n\t\t<div class=\"jet-button__state jet-button__state-hover\">\n\t\t\t<span class=\"jet-button__label\">Zur\u00fcck zu \u201eLegen Sie los\u201c<\/span>\t\t<\/div>\n\t<\/a>\n<\/div>\n<\/div>\t\t\t\t<\/div>\n\t\t\t\t<\/div>\n\t\t\t\t<div class=\"elementor-element elementor-element-a9475f0 elementor-widget elementor-widget-spacer\" data-id=\"a9475f0\" data-element_type=\"widget\" data-e-type=\"widget\" data-widget_type=\"spacer.default\">\n\t\t\t\t<div class=\"elementor-widget-container\">\n\t\t\t\t\t\t\t<div class=\"elementor-spacer\">\n\t\t\t<div class=\"elementor-spacer-inner\"><\/div>\n\t\t<\/div>\n\t\t\t\t\t\t<\/div>\n\t\t\t\t<\/div>\n\t\t\t\t\t<\/div>\n\t\t<\/div>\n\t\t\t\t\t<\/div>\n\t\t<\/section>\n\t\t\t\t<\/div>\n\t\t","protected":false},"excerpt":{"rendered":"<p>ERSTE-SCHRITTE-LEITFADENWas zu kommunizieren ist Gut gemacht! Ihre Whistleblowing-L\u00f6sung ist eingerichtet und jetzt ist es an der Zeit, dass Sie Ihre Mitarbeiter*innen und andere relevante Stakeholder wissen lassen, dass es sie gibt. Sie entscheiden, was Sie kommunizieren m\u00f6chten, aber wir stehen Ihnen gerne mit Rat und Tat zur Seite. Wir haben einige Texte vorbereitet, um Ihnen [&hellip;]<\/p>\n","protected":false},"author":9,"featured_media":0,"parent":10379,"menu_order":0,"comment_status":"closed","ping_status":"closed","template":"elementor_header_footer","meta":{"footnotes":""},"class_list":["post-10382","page","type-page","status-publish","hentry"],"yoast_head":"<!-- This site is optimized with the Yoast SEO Premium plugin v27.3 (Yoast SEO v27.4) - https:\/\/yoast.com\/product\/yoast-seo-premium-wordpress\/ -->\n<title>Benutzeranleitung - Was zu kommunizieren ist - Whistlelink<\/title>\n<meta name=\"robots\" content=\"noindex, nofollow\" \/>\n<meta property=\"og:locale\" content=\"de_DE\" \/>\n<meta property=\"og:type\" content=\"article\" \/>\n<meta property=\"og:title\" content=\"Step by Step - Was zu kommunizieren ist\" \/>\n<meta property=\"og:description\" content=\"ERSTE-SCHRITTE-LEITFADENWas zu kommunizieren ist Gut gemacht! Ihre Whistleblowing-L\u00f6sung ist eingerichtet und jetzt ist es an der Zeit, dass Sie Ihre Mitarbeiter*innen und andere relevante Stakeholder wissen lassen, dass es sie gibt. Sie entscheiden, was Sie kommunizieren m\u00f6chten, aber wir stehen Ihnen gerne mit Rat und Tat zur Seite. Wir haben einige Texte vorbereitet, um Ihnen [&hellip;]\" \/>\n<meta property=\"og:url\" content=\"https:\/\/www.whistlelink.com\/de\/benutzeranleitung\/was-zu-kommunizieren-ist\/\" \/>\n<meta property=\"og:site_name\" content=\"Whistlelink\" \/>\n<meta property=\"article:publisher\" content=\"https:\/\/www.facebook.com\/whistlelink\/\" \/>\n<meta property=\"article:modified_time\" content=\"2023-10-25T14:24:19+00:00\" \/>\n<meta name=\"twitter:card\" content=\"summary_large_image\" \/>\n<meta name=\"twitter:label1\" content=\"Gesch\u00e4tzte Lesezeit\" \/>\n\t<meta name=\"twitter:data1\" content=\"3\u00a0Minuten\" \/>\n<script type=\"application\/ld+json\" class=\"yoast-schema-graph\">{\"@context\":\"https:\\\/\\\/schema.org\",\"@graph\":[{\"@type\":\"WebPage\",\"@id\":\"https:\\\/\\\/www.whistlelink.com\\\/de\\\/benutzeranleitung\\\/was-zu-kommunizieren-ist\\\/\",\"url\":\"https:\\\/\\\/www.whistlelink.com\\\/de\\\/benutzeranleitung\\\/was-zu-kommunizieren-ist\\\/\",\"name\":\"Benutzeranleitung - Was zu kommunizieren ist - Whistlelink\",\"isPartOf\":{\"@id\":\"https:\\\/\\\/www.whistlelink.com\\\/de\\\/#website\"},\"datePublished\":\"2021-04-22T20:17:45+00:00\",\"dateModified\":\"2023-10-25T14:24:19+00:00\",\"breadcrumb\":{\"@id\":\"https:\\\/\\\/www.whistlelink.com\\\/de\\\/benutzeranleitung\\\/was-zu-kommunizieren-ist\\\/#breadcrumb\"},\"inLanguage\":\"de\",\"potentialAction\":[{\"@type\":\"ReadAction\",\"target\":[\"https:\\\/\\\/www.whistlelink.com\\\/de\\\/benutzeranleitung\\\/was-zu-kommunizieren-ist\\\/\"]}]},{\"@type\":\"BreadcrumbList\",\"@id\":\"https:\\\/\\\/www.whistlelink.com\\\/de\\\/benutzeranleitung\\\/was-zu-kommunizieren-ist\\\/#breadcrumb\",\"itemListElement\":[{\"@type\":\"ListItem\",\"position\":1,\"name\":\"Home\",\"item\":\"https:\\\/\\\/www.whistlelink.com\\\/de\\\/\"},{\"@type\":\"ListItem\",\"position\":2,\"name\":\"Step by Step &#8211; Umsetzung und Kommunikation\",\"item\":\"https:\\\/\\\/www.whistlelink.com\\\/de\\\/benutzeranleitung\\\/\"},{\"@type\":\"ListItem\",\"position\":3,\"name\":\"Step by Step &#8211; Was zu kommunizieren ist\"}]},{\"@type\":\"WebSite\",\"@id\":\"https:\\\/\\\/www.whistlelink.com\\\/de\\\/#website\",\"url\":\"https:\\\/\\\/www.whistlelink.com\\\/de\\\/\",\"name\":\"Whistlelink\",\"description\":\"A trusted provider of secure whistleblowing solutions.\",\"publisher\":{\"@id\":\"https:\\\/\\\/www.whistlelink.com\\\/de\\\/#organization\"},\"potentialAction\":[{\"@type\":\"SearchAction\",\"target\":{\"@type\":\"EntryPoint\",\"urlTemplate\":\"https:\\\/\\\/www.whistlelink.com\\\/de\\\/?s={search_term_string}\"},\"query-input\":{\"@type\":\"PropertyValueSpecification\",\"valueRequired\":true,\"valueName\":\"search_term_string\"}}],\"inLanguage\":\"de\"},{\"@type\":\"Organization\",\"@id\":\"https:\\\/\\\/www.whistlelink.com\\\/de\\\/#organization\",\"name\":\"Whistlelink\",\"url\":\"https:\\\/\\\/www.whistlelink.com\\\/de\\\/\",\"logo\":{\"@type\":\"ImageObject\",\"inLanguage\":\"de\",\"@id\":\"https:\\\/\\\/www.whistlelink.com\\\/de\\\/#\\\/schema\\\/logo\\\/image\\\/\",\"url\":\"https:\\\/\\\/www.whistlelink.com\\\/wp-content\\\/uploads\\\/2021\\\/07\\\/WhistlelinkLogoEmail.png\",\"contentUrl\":\"https:\\\/\\\/www.whistlelink.com\\\/wp-content\\\/uploads\\\/2021\\\/07\\\/WhistlelinkLogoEmail.png\",\"width\":704,\"height\":75,\"caption\":\"Whistlelink\"},\"image\":{\"@id\":\"https:\\\/\\\/www.whistlelink.com\\\/de\\\/#\\\/schema\\\/logo\\\/image\\\/\"},\"sameAs\":[\"https:\\\/\\\/www.facebook.com\\\/whistlelink\\\/\",\"https:\\\/\\\/www.linkedin.com\\\/company\\\/whistlelink\\\/\",\"https:\\\/\\\/vimeo.com\\\/user152082481\"]}]}<\/script>\n<!-- \/ Yoast SEO Premium plugin. -->","yoast_head_json":{"title":"Benutzeranleitung - Was zu kommunizieren ist - Whistlelink","robots":{"index":"noindex","follow":"nofollow"},"og_locale":"de_DE","og_type":"article","og_title":"Step by Step - Was zu kommunizieren ist","og_description":"ERSTE-SCHRITTE-LEITFADENWas zu kommunizieren ist Gut gemacht! Ihre Whistleblowing-L\u00f6sung ist eingerichtet und jetzt ist es an der Zeit, dass Sie Ihre Mitarbeiter*innen und andere relevante Stakeholder wissen lassen, dass es sie gibt. Sie entscheiden, was Sie kommunizieren m\u00f6chten, aber wir stehen Ihnen gerne mit Rat und Tat zur Seite. Wir haben einige Texte vorbereitet, um Ihnen [&hellip;]","og_url":"https:\/\/www.whistlelink.com\/de\/benutzeranleitung\/was-zu-kommunizieren-ist\/","og_site_name":"Whistlelink","article_publisher":"https:\/\/www.facebook.com\/whistlelink\/","article_modified_time":"2023-10-25T14:24:19+00:00","twitter_card":"summary_large_image","twitter_misc":{"Gesch\u00e4tzte Lesezeit":"3\u00a0Minuten"},"schema":{"@context":"https:\/\/schema.org","@graph":[{"@type":"WebPage","@id":"https:\/\/www.whistlelink.com\/de\/benutzeranleitung\/was-zu-kommunizieren-ist\/","url":"https:\/\/www.whistlelink.com\/de\/benutzeranleitung\/was-zu-kommunizieren-ist\/","name":"Benutzeranleitung - Was zu kommunizieren ist - Whistlelink","isPartOf":{"@id":"https:\/\/www.whistlelink.com\/de\/#website"},"datePublished":"2021-04-22T20:17:45+00:00","dateModified":"2023-10-25T14:24:19+00:00","breadcrumb":{"@id":"https:\/\/www.whistlelink.com\/de\/benutzeranleitung\/was-zu-kommunizieren-ist\/#breadcrumb"},"inLanguage":"de","potentialAction":[{"@type":"ReadAction","target":["https:\/\/www.whistlelink.com\/de\/benutzeranleitung\/was-zu-kommunizieren-ist\/"]}]},{"@type":"BreadcrumbList","@id":"https:\/\/www.whistlelink.com\/de\/benutzeranleitung\/was-zu-kommunizieren-ist\/#breadcrumb","itemListElement":[{"@type":"ListItem","position":1,"name":"Home","item":"https:\/\/www.whistlelink.com\/de\/"},{"@type":"ListItem","position":2,"name":"Step by Step &#8211; Umsetzung und Kommunikation","item":"https:\/\/www.whistlelink.com\/de\/benutzeranleitung\/"},{"@type":"ListItem","position":3,"name":"Step by Step &#8211; Was zu kommunizieren ist"}]},{"@type":"WebSite","@id":"https:\/\/www.whistlelink.com\/de\/#website","url":"https:\/\/www.whistlelink.com\/de\/","name":"Whistlelink","description":"A trusted provider of secure whistleblowing solutions.","publisher":{"@id":"https:\/\/www.whistlelink.com\/de\/#organization"},"potentialAction":[{"@type":"SearchAction","target":{"@type":"EntryPoint","urlTemplate":"https:\/\/www.whistlelink.com\/de\/?s={search_term_string}"},"query-input":{"@type":"PropertyValueSpecification","valueRequired":true,"valueName":"search_term_string"}}],"inLanguage":"de"},{"@type":"Organization","@id":"https:\/\/www.whistlelink.com\/de\/#organization","name":"Whistlelink","url":"https:\/\/www.whistlelink.com\/de\/","logo":{"@type":"ImageObject","inLanguage":"de","@id":"https:\/\/www.whistlelink.com\/de\/#\/schema\/logo\/image\/","url":"https:\/\/www.whistlelink.com\/wp-content\/uploads\/2021\/07\/WhistlelinkLogoEmail.png","contentUrl":"https:\/\/www.whistlelink.com\/wp-content\/uploads\/2021\/07\/WhistlelinkLogoEmail.png","width":704,"height":75,"caption":"Whistlelink"},"image":{"@id":"https:\/\/www.whistlelink.com\/de\/#\/schema\/logo\/image\/"},"sameAs":["https:\/\/www.facebook.com\/whistlelink\/","https:\/\/www.linkedin.com\/company\/whistlelink\/","https:\/\/vimeo.com\/user152082481"]}]}},"_links":{"self":[{"href":"https:\/\/www.whistlelink.com\/de\/wp-json\/wp\/v2\/pages\/10382","targetHints":{"allow":["GET"]}}],"collection":[{"href":"https:\/\/www.whistlelink.com\/de\/wp-json\/wp\/v2\/pages"}],"about":[{"href":"https:\/\/www.whistlelink.com\/de\/wp-json\/wp\/v2\/types\/page"}],"author":[{"embeddable":true,"href":"https:\/\/www.whistlelink.com\/de\/wp-json\/wp\/v2\/users\/9"}],"replies":[{"embeddable":true,"href":"https:\/\/www.whistlelink.com\/de\/wp-json\/wp\/v2\/comments?post=10382"}],"version-history":[{"count":5,"href":"https:\/\/www.whistlelink.com\/de\/wp-json\/wp\/v2\/pages\/10382\/revisions"}],"predecessor-version":[{"id":53775,"href":"https:\/\/www.whistlelink.com\/de\/wp-json\/wp\/v2\/pages\/10382\/revisions\/53775"}],"up":[{"embeddable":true,"href":"https:\/\/www.whistlelink.com\/de\/wp-json\/wp\/v2\/pages\/10379"}],"wp:attachment":[{"href":"https:\/\/www.whistlelink.com\/de\/wp-json\/wp\/v2\/media?parent=10382"}],"curies":[{"name":"wp","href":"https:\/\/api.w.org\/{rel}","templated":true}]}}