{"id":16990,"date":"2021-05-27T15:26:47","date_gmt":"2021-05-27T14:26:47","guid":{"rendered":"https:\/\/www.whistlelink.com\/?page_id=16990"},"modified":"2022-11-10T10:41:23","modified_gmt":"2022-11-10T10:41:23","slug":"intake-management-service","status":"publish","type":"page","link":"https:\/\/www.whistlelink.com\/de\/intake-management-service\/","title":{"rendered":"Intake Management Service"},"content":{"rendered":"\t\t<div data-elementor-type=\"wp-page\" data-elementor-id=\"16990\" class=\"elementor elementor-16990 elementor-10964\" data-elementor-post-type=\"page\">\n\t\t\t\t\t\t<section class=\"elementor-section elementor-top-section elementor-element elementor-element-aa364fb elementor-section-full_width elementor-section-height-default elementor-section-height-default\" data-id=\"aa364fb\" data-element_type=\"section\" data-e-type=\"section\" data-settings=\"{&quot;background_background&quot;:&quot;classic&quot;}\">\n\t\t\t\t\t\t<div class=\"elementor-container elementor-column-gap-default\">\n\t\t\t\t\t<div class=\"elementor-column elementor-col-100 elementor-top-column elementor-element elementor-element-aef4ef6\" data-id=\"aef4ef6\" data-element_type=\"column\" data-e-type=\"column\">\n\t\t\t<div class=\"elementor-widget-wrap elementor-element-populated\">\n\t\t\t\t\t\t<div class=\"elementor-element elementor-element-6347c98 elementor-widget elementor-widget-jet-headline\" data-id=\"6347c98\" data-element_type=\"widget\" data-e-type=\"widget\" data-widget_type=\"jet-headline.default\">\n\t\t\t\t<div class=\"elementor-widget-container\">\n\t\t\t\t\t<h2 class=\"jet-headline jet-headline--direction-vertical\"><span class=\"jet-headline__part jet-headline__first\"><span class=\"jet-headline__label\">Whistleblowing Service<\/span><\/span><span class=\"jet-headline__part jet-headline__second\"><span class=\"jet-headline__label\">Intake Management Service<\/span><\/span><\/h2>\t\t\t\t<\/div>\n\t\t\t\t<\/div>\n\t\t\t\t\t<\/div>\n\t\t<\/div>\n\t\t\t\t\t<\/div>\n\t\t<\/section>\n\t\t\t\t<section class=\"elementor-section elementor-top-section elementor-element elementor-element-aa218d2 elementor-section-boxed elementor-section-height-default elementor-section-height-default\" data-id=\"aa218d2\" data-element_type=\"section\" data-e-type=\"section\">\n\t\t\t\t\t\t<div class=\"elementor-container elementor-column-gap-default\">\n\t\t\t\t\t<div class=\"elementor-column elementor-col-100 elementor-top-column elementor-element elementor-element-32ae1ef\" data-id=\"32ae1ef\" data-element_type=\"column\" data-e-type=\"column\" data-settings=\"{&quot;background_background&quot;:&quot;classic&quot;}\">\n\t\t\t<div class=\"elementor-widget-wrap elementor-element-populated\">\n\t\t\t\t\t\t<div class=\"elementor-element elementor-element-510b1a0 elementor-widget elementor-widget-text-editor\" data-id=\"510b1a0\" data-element_type=\"widget\" data-e-type=\"widget\" data-widget_type=\"text-editor.default\">\n\t\t\t\t<div class=\"elementor-widget-container\">\n\t\t\t\t\t\t\t\t\t<h3>Was bietet Ihnen unser Intake Management Service?<\/h3><p>Ein Intake Management Service ist ein Service, bei dem ein Unternehmen eine externe Partei damit beauftragt, eingehende Meldungen des Hinweisgebenden entgegenzunehmen. Die externe Person f\u00fchrt dann eine erste \u00dcberpr\u00fcfung durch, um sicherzustellen, dass der eingegangene Hinweis an die richtige Person zur Weiterbearbeitung gesendet wird. Die externe Stelle gew\u00e4hrleistet auch, dass der Hinweisgeber eine Empfangsbest\u00e4tigung innerhalb von 7 Tagen erh\u00e4lt.<\/p>\t\t\t\t\t\t\t\t<\/div>\n\t\t\t\t<\/div>\n\t\t\t\t<div class=\"elementor-element elementor-element-9f05b3d elementor-widget elementor-widget-text-editor\" data-id=\"9f05b3d\" data-element_type=\"widget\" data-e-type=\"widget\" data-widget_type=\"text-editor.default\">\n\t\t\t\t<div class=\"elementor-widget-container\">\n\t\t\t\t\t\t\t\t\t<h3>Warum diese Art von Service nutzen?<\/h3><p>Die Inanspruchnahme eines solchen Dienstes gew\u00e4hrleistet Unabh\u00e4ngigkeit, verringert den Arbeitsaufwand und hilft den jeweiligen Unternehmen <a href=\"https:\/\/www.whistlelink.com\/de\/konformitaet-erzielen\/\" target=\"_blank\" rel=\"noopener\">die gesetzlichen Vorschriften einzuhalten<\/a>.<\/p>\t\t\t\t\t\t\t\t<\/div>\n\t\t\t\t<\/div>\n\t\t\t\t<div class=\"elementor-element elementor-element-4bb6d75 elementor-widget elementor-widget-spacer\" data-id=\"4bb6d75\" data-element_type=\"widget\" data-e-type=\"widget\" data-widget_type=\"spacer.default\">\n\t\t\t\t<div class=\"elementor-widget-container\">\n\t\t\t\t\t\t\t<div class=\"elementor-spacer\">\n\t\t\t<div class=\"elementor-spacer-inner\"><\/div>\n\t\t<\/div>\n\t\t\t\t\t\t<\/div>\n\t\t\t\t<\/div>\n\t\t\t\t<div class=\"elementor-element elementor-element-c569555 elementor-widget elementor-widget-text-editor\" data-id=\"c569555\" data-element_type=\"widget\" data-e-type=\"widget\" data-widget_type=\"text-editor.default\">\n\t\t\t\t<div class=\"elementor-widget-container\">\n\t\t\t\t\t\t\t\t\t<h3>Was ist im Intake Management Service von Whistlelink enthalten?<\/h3>\t\t\t\t\t\t\t\t<\/div>\n\t\t\t\t<\/div>\n\t\t\t\t<section class=\"elementor-section elementor-inner-section elementor-element elementor-element-66cfa15 elementor-section-boxed elementor-section-height-default elementor-section-height-default\" data-id=\"66cfa15\" data-element_type=\"section\" data-e-type=\"section\">\n\t\t\t\t\t\t<div class=\"elementor-container elementor-column-gap-default\">\n\t\t\t\t\t<div class=\"elementor-column elementor-col-50 elementor-inner-column elementor-element elementor-element-469ffc1\" data-id=\"469ffc1\" data-element_type=\"column\" data-e-type=\"column\">\n\t\t\t<div class=\"elementor-widget-wrap elementor-element-populated\">\n\t\t\t\t\t\t<div class=\"elementor-element elementor-element-c38299f elementor-widget-divider--view-line elementor-widget elementor-widget-divider\" data-id=\"c38299f\" data-element_type=\"widget\" data-e-type=\"widget\" data-widget_type=\"divider.default\">\n\t\t\t\t<div class=\"elementor-widget-container\">\n\t\t\t\t\t\t\t<div class=\"elementor-divider\">\n\t\t\t<span class=\"elementor-divider-separator\">\n\t\t\t\t\t\t<\/span>\n\t\t<\/div>\n\t\t\t\t\t\t<\/div>\n\t\t\t\t<\/div>\n\t\t\t\t<div class=\"elementor-element elementor-element-85a7fde elementor-widget elementor-widget-text-editor\" data-id=\"85a7fde\" data-element_type=\"widget\" data-e-type=\"widget\" data-widget_type=\"text-editor.default\">\n\t\t\t\t<div class=\"elementor-widget-container\">\n\t\t\t\t\t\t\t\t\t<h4>\u00dcberpr\u00fcfung der ersten Zeile<\/h4><p>Whistlelink bietet eine erste \u00dcberpr\u00fcfung und Bewertung aller F\u00e4lle, die \u00fcber Ihre Whistlelink Seite gemeldet werden. Whistlelink pr\u00fcft die F\u00e4lle innerhalb eines Werktages und best\u00e4tigt dem Hinweisgeber, gem\u00e4\u00df den Bestimmungen der EU-Richtlinie, den Erhalt der Meldung.<\/p>\t\t\t\t\t\t\t\t<\/div>\n\t\t\t\t<\/div>\n\t\t\t\t\t<\/div>\n\t\t<\/div>\n\t\t\t\t<div class=\"elementor-column elementor-col-50 elementor-inner-column elementor-element elementor-element-b786bcf\" data-id=\"b786bcf\" data-element_type=\"column\" data-e-type=\"column\">\n\t\t\t<div class=\"elementor-widget-wrap elementor-element-populated\">\n\t\t\t\t\t\t<div class=\"elementor-element elementor-element-3cca301 elementor-widget-divider--view-line elementor-widget elementor-widget-divider\" data-id=\"3cca301\" data-element_type=\"widget\" data-e-type=\"widget\" data-widget_type=\"divider.default\">\n\t\t\t\t<div class=\"elementor-widget-container\">\n\t\t\t\t\t\t\t<div class=\"elementor-divider\">\n\t\t\t<span class=\"elementor-divider-separator\">\n\t\t\t\t\t\t<\/span>\n\t\t<\/div>\n\t\t\t\t\t\t<\/div>\n\t\t\t\t<\/div>\n\t\t\t\t<div class=\"elementor-element elementor-element-0f3daff elementor-widget elementor-widget-text-editor\" data-id=\"0f3daff\" data-element_type=\"widget\" data-e-type=\"widget\" data-widget_type=\"text-editor.default\">\n\t\t\t\t<div class=\"elementor-widget-container\">\n\t\t\t\t\t\t\t\t\t<h4>Zuordnung von F\u00e4llen<\/h4><p>Whistlelink wird die F\u00e4lle an die von Ihnen bestimmte Person weiterleiten. Sollte Ihre erste gew\u00e4hlte Person namentlich Teil der eingehenden Meldung sein, werden wir stattdessen die Meldung an Ihre zweite Backup Kontaktperson senden. Zus\u00e4tzliche Anweisungen des Kunden k\u00f6nnen immer wieder auf Einzelfallbasis neu vereinbart werden.<\/p>\t\t\t\t\t\t\t\t<\/div>\n\t\t\t\t<\/div>\n\t\t\t\t\t<\/div>\n\t\t<\/div>\n\t\t\t\t\t<\/div>\n\t\t<\/section>\n\t\t\t\t\t<\/div>\n\t\t<\/div>\n\t\t\t\t\t<\/div>\n\t\t<\/section>\n\t\t\t\t<section class=\"elementor-section elementor-top-section elementor-element elementor-element-adc8abe elementor-section-full_width elementor-section-height-default elementor-section-height-default\" data-id=\"adc8abe\" data-element_type=\"section\" data-e-type=\"section\" data-settings=\"{&quot;background_background&quot;:&quot;classic&quot;}\">\n\t\t\t\t\t\t\t<div class=\"elementor-background-overlay\"><\/div>\n\t\t\t\t\t\t\t<div class=\"elementor-container elementor-column-gap-default\">\n\t\t\t\t\t<div class=\"elementor-column elementor-col-100 elementor-top-column elementor-element elementor-element-675c1cd\" data-id=\"675c1cd\" data-element_type=\"column\" data-e-type=\"column\">\n\t\t\t<div class=\"elementor-widget-wrap elementor-element-populated\">\n\t\t\t\t\t\t<div class=\"elementor-element elementor-element-a6cc94f elementor-widget elementor-widget-heading\" data-id=\"a6cc94f\" data-element_type=\"widget\" data-e-type=\"widget\" data-widget_type=\"heading.default\">\n\t\t\t\t<div class=\"elementor-widget-container\">\n\t\t\t\t\t<h2 class=\"elementor-heading-title elementor-size-default\">Sie m\u00f6chten mehr erfahren?<\/h2>\t\t\t\t<\/div>\n\t\t\t\t<\/div>\n\t\t\t\t<div class=\"elementor-element elementor-element-a77558f elementor-widget elementor-widget-jet-button\" data-id=\"a77558f\" data-element_type=\"widget\" data-e-type=\"widget\" data-widget_type=\"jet-button.default\">\n\t\t\t\t<div class=\"elementor-widget-container\">\n\t\t\t\t\t<div class=\"elementor-jet-button jet-elements\"><div class=\"jet-button__container\">\n\t<a class=\"jet-button__instance jet-button__instance--icon-left hover-effect-0\" href=\"#contact-menu-anchor\">\n\t\t<div class=\"jet-button__plane jet-button__plane-normal\"><\/div>\n\t\t<div class=\"jet-button__plane jet-button__plane-hover\"><\/div>\n\t\t<div class=\"jet-button__state jet-button__state-normal\">\n\t\t\t<span class=\"jet-button__label\">Kontakt<\/span>\t\t<\/div>\n\t\t<div class=\"jet-button__state jet-button__state-hover\">\n\t\t\t<span class=\"jet-button__label\">Kontakt<\/span>\t\t<\/div>\n\t<\/a>\n<\/div>\n<\/div>\t\t\t\t<\/div>\n\t\t\t\t<\/div>\n\t\t\t\t<div class=\"elementor-element elementor-element-7f2323d elementor-widget elementor-widget-text-editor\" data-id=\"7f2323d\" data-element_type=\"widget\" data-e-type=\"widget\" data-widget_type=\"text-editor.default\">\n\t\t\t\t<div class=\"elementor-widget-container\">\n\t\t\t\t\t\t\t\t\t<p>Sprechen Sie uns an<\/p>\t\t\t\t\t\t\t\t<\/div>\n\t\t\t\t<\/div>\n\t\t\t\t\t<\/div>\n\t\t<\/div>\n\t\t\t\t\t<\/div>\n\t\t<\/section>\n\t\t\t\t<\/div>\n\t\t","protected":false},"excerpt":{"rendered":"<p>Whistleblowing ServiceIntake Management Service Was bietet Ihnen unser Intake Management Service? Ein Intake Management Service ist ein Service, bei dem ein Unternehmen eine externe Partei damit beauftragt, eingehende Meldungen des Hinweisgebenden entgegenzunehmen. Die externe Person f\u00fchrt dann eine erste \u00dcberpr\u00fcfung durch, um sicherzustellen, dass der eingegangene Hinweis an die richtige Person zur Weiterbearbeitung gesendet wird. [&hellip;]<\/p>\n","protected":false},"author":11,"featured_media":0,"parent":0,"menu_order":0,"comment_status":"closed","ping_status":"closed","template":"","meta":{"footnotes":""},"class_list":["post-16990","page","type-page","status-publish","hentry"],"yoast_head":"<!-- This site is optimized with the Yoast SEO Premium plugin v27.3 (Yoast SEO v27.4) - https:\/\/yoast.com\/product\/yoast-seo-premium-wordpress\/ -->\n<title>Intake Management Service - Whistlelink<\/title>\n<meta name=\"description\" content=\"W\u00e4hlen Sie den Intake Management Service, um den Aufwand zu verringern, Anonymit\u00e4t zu garantieren und die Anforderungen der Richtlinie einzuhalten.\" \/>\n<meta name=\"robots\" content=\"index, follow, max-snippet:-1, max-image-preview:large, max-video-preview:-1\" \/>\n<link rel=\"canonical\" href=\"https:\/\/www.whistlelink.com\/de\/intake-management-service\/\" \/>\n<meta property=\"og:locale\" content=\"de_DE\" \/>\n<meta property=\"og:type\" content=\"article\" \/>\n<meta property=\"og:title\" content=\"Intake Management Service\" \/>\n<meta property=\"og:description\" content=\"W\u00e4hlen Sie den Intake Management Service, um den Aufwand zu verringern, Anonymit\u00e4t zu garantieren und die Anforderungen der Richtlinie einzuhalten.\" \/>\n<meta property=\"og:url\" content=\"https:\/\/www.whistlelink.com\/de\/intake-management-service\/\" \/>\n<meta property=\"og:site_name\" content=\"Whistlelink\" \/>\n<meta property=\"article:publisher\" content=\"https:\/\/www.facebook.com\/whistlelink\/\" \/>\n<meta property=\"article:modified_time\" content=\"2022-11-10T10:41:23+00:00\" \/>\n<meta name=\"twitter:card\" content=\"summary_large_image\" \/>\n<meta name=\"twitter:label1\" content=\"Gesch\u00e4tzte Lesezeit\" \/>\n\t<meta name=\"twitter:data1\" content=\"2\u00a0Minuten\" \/>\n<script type=\"application\/ld+json\" class=\"yoast-schema-graph\">{\"@context\":\"https:\\\/\\\/schema.org\",\"@graph\":[{\"@type\":\"WebPage\",\"@id\":\"https:\\\/\\\/www.whistlelink.com\\\/de\\\/intake-management-service\\\/\",\"url\":\"https:\\\/\\\/www.whistlelink.com\\\/de\\\/intake-management-service\\\/\",\"name\":\"Intake Management Service - Whistlelink\",\"isPartOf\":{\"@id\":\"https:\\\/\\\/www.whistlelink.com\\\/de\\\/#website\"},\"datePublished\":\"2021-05-27T14:26:47+00:00\",\"dateModified\":\"2022-11-10T10:41:23+00:00\",\"description\":\"W\u00e4hlen Sie den Intake Management Service, um den Aufwand zu verringern, Anonymit\u00e4t zu garantieren und die Anforderungen der Richtlinie einzuhalten.\",\"breadcrumb\":{\"@id\":\"https:\\\/\\\/www.whistlelink.com\\\/de\\\/intake-management-service\\\/#breadcrumb\"},\"inLanguage\":\"de\",\"potentialAction\":[{\"@type\":\"ReadAction\",\"target\":[\"https:\\\/\\\/www.whistlelink.com\\\/de\\\/intake-management-service\\\/\"]}]},{\"@type\":\"BreadcrumbList\",\"@id\":\"https:\\\/\\\/www.whistlelink.com\\\/de\\\/intake-management-service\\\/#breadcrumb\",\"itemListElement\":[{\"@type\":\"ListItem\",\"position\":1,\"name\":\"Home\",\"item\":\"https:\\\/\\\/www.whistlelink.com\\\/de\\\/\"},{\"@type\":\"ListItem\",\"position\":2,\"name\":\"Intake Management Service\"}]},{\"@type\":\"WebSite\",\"@id\":\"https:\\\/\\\/www.whistlelink.com\\\/de\\\/#website\",\"url\":\"https:\\\/\\\/www.whistlelink.com\\\/de\\\/\",\"name\":\"Whistlelink\",\"description\":\"A trusted provider of secure whistleblowing solutions.\",\"publisher\":{\"@id\":\"https:\\\/\\\/www.whistlelink.com\\\/de\\\/#organization\"},\"potentialAction\":[{\"@type\":\"SearchAction\",\"target\":{\"@type\":\"EntryPoint\",\"urlTemplate\":\"https:\\\/\\\/www.whistlelink.com\\\/de\\\/?s={search_term_string}\"},\"query-input\":{\"@type\":\"PropertyValueSpecification\",\"valueRequired\":true,\"valueName\":\"search_term_string\"}}],\"inLanguage\":\"de\"},{\"@type\":\"Organization\",\"@id\":\"https:\\\/\\\/www.whistlelink.com\\\/de\\\/#organization\",\"name\":\"Whistlelink\",\"url\":\"https:\\\/\\\/www.whistlelink.com\\\/de\\\/\",\"logo\":{\"@type\":\"ImageObject\",\"inLanguage\":\"de\",\"@id\":\"https:\\\/\\\/www.whistlelink.com\\\/de\\\/#\\\/schema\\\/logo\\\/image\\\/\",\"url\":\"https:\\\/\\\/www.whistlelink.com\\\/wp-content\\\/uploads\\\/2021\\\/07\\\/WhistlelinkLogoEmail.png\",\"contentUrl\":\"https:\\\/\\\/www.whistlelink.com\\\/wp-content\\\/uploads\\\/2021\\\/07\\\/WhistlelinkLogoEmail.png\",\"width\":704,\"height\":75,\"caption\":\"Whistlelink\"},\"image\":{\"@id\":\"https:\\\/\\\/www.whistlelink.com\\\/de\\\/#\\\/schema\\\/logo\\\/image\\\/\"},\"sameAs\":[\"https:\\\/\\\/www.facebook.com\\\/whistlelink\\\/\",\"https:\\\/\\\/www.linkedin.com\\\/company\\\/whistlelink\\\/\",\"https:\\\/\\\/vimeo.com\\\/user152082481\"]}]}<\/script>\n<!-- \/ Yoast SEO Premium plugin. -->","yoast_head_json":{"title":"Intake Management Service - Whistlelink","description":"W\u00e4hlen Sie den Intake Management Service, um den Aufwand zu verringern, Anonymit\u00e4t zu garantieren und die Anforderungen der Richtlinie einzuhalten.","robots":{"index":"index","follow":"follow","max-snippet":"max-snippet:-1","max-image-preview":"max-image-preview:large","max-video-preview":"max-video-preview:-1"},"canonical":"https:\/\/www.whistlelink.com\/de\/intake-management-service\/","og_locale":"de_DE","og_type":"article","og_title":"Intake Management Service","og_description":"W\u00e4hlen Sie den Intake Management Service, um den Aufwand zu verringern, Anonymit\u00e4t zu garantieren und die Anforderungen der Richtlinie einzuhalten.","og_url":"https:\/\/www.whistlelink.com\/de\/intake-management-service\/","og_site_name":"Whistlelink","article_publisher":"https:\/\/www.facebook.com\/whistlelink\/","article_modified_time":"2022-11-10T10:41:23+00:00","twitter_card":"summary_large_image","twitter_misc":{"Gesch\u00e4tzte Lesezeit":"2\u00a0Minuten"},"schema":{"@context":"https:\/\/schema.org","@graph":[{"@type":"WebPage","@id":"https:\/\/www.whistlelink.com\/de\/intake-management-service\/","url":"https:\/\/www.whistlelink.com\/de\/intake-management-service\/","name":"Intake Management Service - Whistlelink","isPartOf":{"@id":"https:\/\/www.whistlelink.com\/de\/#website"},"datePublished":"2021-05-27T14:26:47+00:00","dateModified":"2022-11-10T10:41:23+00:00","description":"W\u00e4hlen Sie den Intake Management Service, um den Aufwand zu verringern, Anonymit\u00e4t zu garantieren und die Anforderungen der Richtlinie einzuhalten.","breadcrumb":{"@id":"https:\/\/www.whistlelink.com\/de\/intake-management-service\/#breadcrumb"},"inLanguage":"de","potentialAction":[{"@type":"ReadAction","target":["https:\/\/www.whistlelink.com\/de\/intake-management-service\/"]}]},{"@type":"BreadcrumbList","@id":"https:\/\/www.whistlelink.com\/de\/intake-management-service\/#breadcrumb","itemListElement":[{"@type":"ListItem","position":1,"name":"Home","item":"https:\/\/www.whistlelink.com\/de\/"},{"@type":"ListItem","position":2,"name":"Intake Management Service"}]},{"@type":"WebSite","@id":"https:\/\/www.whistlelink.com\/de\/#website","url":"https:\/\/www.whistlelink.com\/de\/","name":"Whistlelink","description":"A trusted provider of secure whistleblowing solutions.","publisher":{"@id":"https:\/\/www.whistlelink.com\/de\/#organization"},"potentialAction":[{"@type":"SearchAction","target":{"@type":"EntryPoint","urlTemplate":"https:\/\/www.whistlelink.com\/de\/?s={search_term_string}"},"query-input":{"@type":"PropertyValueSpecification","valueRequired":true,"valueName":"search_term_string"}}],"inLanguage":"de"},{"@type":"Organization","@id":"https:\/\/www.whistlelink.com\/de\/#organization","name":"Whistlelink","url":"https:\/\/www.whistlelink.com\/de\/","logo":{"@type":"ImageObject","inLanguage":"de","@id":"https:\/\/www.whistlelink.com\/de\/#\/schema\/logo\/image\/","url":"https:\/\/www.whistlelink.com\/wp-content\/uploads\/2021\/07\/WhistlelinkLogoEmail.png","contentUrl":"https:\/\/www.whistlelink.com\/wp-content\/uploads\/2021\/07\/WhistlelinkLogoEmail.png","width":704,"height":75,"caption":"Whistlelink"},"image":{"@id":"https:\/\/www.whistlelink.com\/de\/#\/schema\/logo\/image\/"},"sameAs":["https:\/\/www.facebook.com\/whistlelink\/","https:\/\/www.linkedin.com\/company\/whistlelink\/","https:\/\/vimeo.com\/user152082481"]}]}},"_links":{"self":[{"href":"https:\/\/www.whistlelink.com\/de\/wp-json\/wp\/v2\/pages\/16990","targetHints":{"allow":["GET"]}}],"collection":[{"href":"https:\/\/www.whistlelink.com\/de\/wp-json\/wp\/v2\/pages"}],"about":[{"href":"https:\/\/www.whistlelink.com\/de\/wp-json\/wp\/v2\/types\/page"}],"author":[{"embeddable":true,"href":"https:\/\/www.whistlelink.com\/de\/wp-json\/wp\/v2\/users\/11"}],"replies":[{"embeddable":true,"href":"https:\/\/www.whistlelink.com\/de\/wp-json\/wp\/v2\/comments?post=16990"}],"version-history":[{"count":0,"href":"https:\/\/www.whistlelink.com\/de\/wp-json\/wp\/v2\/pages\/16990\/revisions"}],"wp:attachment":[{"href":"https:\/\/www.whistlelink.com\/de\/wp-json\/wp\/v2\/media?parent=16990"}],"curies":[{"name":"wp","href":"https:\/\/api.w.org\/{rel}","templated":true}]}}