{"id":10300,"date":"2021-04-16T10:03:45","date_gmt":"2021-04-16T09:03:45","guid":{"rendered":"https:\/\/www.whistlelink.com\/?page_id=10300"},"modified":"2023-10-25T14:34:29","modified_gmt":"2023-10-25T14:34:29","slug":"manual-del-usuario","status":"publish","type":"page","link":"https:\/\/www.whistlelink.com\/es\/manual-del-usuario\/","title":{"rendered":"Step by Step &#8211; Aplicar y comunicar"},"content":{"rendered":"\t\t<div data-elementor-type=\"wp-page\" data-elementor-id=\"10300\" class=\"elementor elementor-10300 elementor-7216\" data-elementor-post-type=\"page\">\n\t\t\t\t\t\t<section class=\"elementor-section elementor-top-section elementor-element elementor-element-84d1926 elementor-section-boxed elementor-section-height-default elementor-section-height-default\" data-id=\"84d1926\" data-element_type=\"section\" data-e-type=\"section\" data-settings=\"{&quot;background_background&quot;:&quot;classic&quot;}\">\n\t\t\t\t\t\t\t<div class=\"elementor-background-overlay\"><\/div>\n\t\t\t\t\t\t\t<div class=\"elementor-container elementor-column-gap-default\">\n\t\t\t\t\t<div class=\"elementor-column elementor-col-100 elementor-top-column elementor-element elementor-element-32832c7\" data-id=\"32832c7\" data-element_type=\"column\" data-e-type=\"column\">\n\t\t\t<div class=\"elementor-widget-wrap elementor-element-populated\">\n\t\t\t\t\t\t<div class=\"elementor-element elementor-element-5afc234 elementor-widget elementor-widget-jet-headline\" data-id=\"5afc234\" data-element_type=\"widget\" data-e-type=\"widget\" data-widget_type=\"jet-headline.default\">\n\t\t\t\t<div class=\"elementor-widget-container\">\n\t\t\t\t\t<h2 class=\"jet-headline jet-headline--direction-vertical\"><span class=\"jet-headline__part jet-headline__first\"><span class=\"jet-headline__label\">GU\u00cdA DE PRIMEROS PASOS<\/span><\/span><span class=\"jet-headline__part jet-headline__second\"><span class=\"jet-headline__label\">Implementar y comunicar su soluci\u00f3n de denuncia de irregularidades<\/span><\/span><\/h2>\t\t\t\t<\/div>\n\t\t\t\t<\/div>\n\t\t\t\t<div class=\"elementor-element elementor-element-68700d6 elementor-widget elementor-widget-heading\" data-id=\"68700d6\" data-element_type=\"widget\" data-e-type=\"widget\" data-widget_type=\"heading.default\">\n\t\t\t\t<div class=\"elementor-widget-container\">\n\t\t\t\t\t<h4 class=\"elementor-heading-title elementor-size-default\">Ahora que tienes Whistlelink, solo quedan un par de cosas antes de implementar tu soluci\u00f3n de denuncia de irregularidades. Te guiaremos a lo largo de los \u00faltimos pasos, te ofreceremos orientaci\u00f3n sobre qu\u00e9 puedes comunicar y c\u00f3mo puedes hacerlo para que los empleados encuentren f\u00e1cilmente tu web de denuncia de irregularidades.<\/h4>\t\t\t\t<\/div>\n\t\t\t\t<\/div>\n\t\t\t\t\t<\/div>\n\t\t<\/div>\n\t\t\t\t\t<\/div>\n\t\t<\/section>\n\t\t\t\t<section class=\"elementor-section elementor-top-section elementor-element elementor-element-3e7473d elementor-section-boxed elementor-section-height-default elementor-section-height-default\" data-id=\"3e7473d\" data-element_type=\"section\" data-e-type=\"section\" data-settings=\"{&quot;background_background&quot;:&quot;classic&quot;}\">\n\t\t\t\t\t\t<div class=\"elementor-container elementor-column-gap-default\">\n\t\t\t\t\t<div class=\"elementor-column elementor-col-100 elementor-top-column elementor-element elementor-element-182edd8\" data-id=\"182edd8\" data-element_type=\"column\" data-e-type=\"column\">\n\t\t\t<div class=\"elementor-widget-wrap elementor-element-populated\">\n\t\t\t\t\t\t<div class=\"elementor-element elementor-element-6340b34 elementor-widget elementor-widget-jet-headline\" data-id=\"6340b34\" data-element_type=\"widget\" data-e-type=\"widget\" data-widget_type=\"jet-headline.default\">\n\t\t\t\t<div class=\"elementor-widget-container\">\n\t\t\t\t\t<h2 class=\"jet-headline jet-headline--direction-vertical\"><span class=\"jet-headline__part jet-headline__first\"><span class=\"jet-headline__label\">Empezar<\/span><\/span><span class=\"jet-headline__part jet-headline__second\"><span class=\"jet-headline__label\">Haga clic en los t\u00edtulos a continuaci\u00f3n.<\/span><\/span><\/h2>\t\t\t\t<\/div>\n\t\t\t\t<\/div>\n\t\t\t\t<div class=\"elementor-element elementor-element-c719507 elementor-position-left elementor-vertical-align-top elementor-widget elementor-widget-image-box\" data-id=\"c719507\" data-element_type=\"widget\" data-e-type=\"widget\" data-widget_type=\"image-box.default\">\n\t\t\t\t<div class=\"elementor-widget-container\">\n\t\t\t\t\t<div class=\"elementor-image-box-wrapper\"><figure class=\"elementor-image-box-img\"><a href=\"https:\/\/www.whistlelink.com\/es\/manual-del-usuario\/guia-de-implementacion\/\" tabindex=\"-1\"><img fetchpriority=\"high\" decoding=\"async\" width=\"800\" height=\"729\" src=\"https:\/\/www.whistlelink.com\/wp-content\/uploads\/2020\/12\/Rubicskub.png\" class=\"attachment-large size-large wp-image-1393\" alt=\"\" srcset=\"https:\/\/www.whistlelink.com\/wp-content\/uploads\/2020\/12\/Rubicskub.png 804w, https:\/\/www.whistlelink.com\/wp-content\/uploads\/2020\/12\/Rubicskub-300x274.png 300w, https:\/\/www.whistlelink.com\/wp-content\/uploads\/2020\/12\/Rubicskub-768x700.png 768w\" sizes=\"(max-width: 800px) 100vw, 800px\" \/><\/a><\/figure><div class=\"elementor-image-box-content\"><h3 class=\"elementor-image-box-title\"><a href=\"https:\/\/www.whistlelink.com\/es\/manual-del-usuario\/guia-de-implementacion\/\">Gu\u00eda de implementaci\u00f3n paso a paso<\/a><\/h3><p class=\"elementor-image-box-description\">Configura e implementa tu soluci\u00f3n de denuncia de irregularidades en toda la organizaci\u00f3n.<\/p><\/div><\/div>\t\t\t\t<\/div>\n\t\t\t\t<\/div>\n\t\t\t\t<div class=\"elementor-element elementor-element-641f347 elementor-position-left elementor-vertical-align-top elementor-widget elementor-widget-image-box\" data-id=\"641f347\" data-element_type=\"widget\" data-e-type=\"widget\" data-widget_type=\"image-box.default\">\n\t\t\t\t<div class=\"elementor-widget-container\">\n\t\t\t\t\t<div class=\"elementor-image-box-wrapper\"><figure class=\"elementor-image-box-img\"><a href=\"https:\/\/www.whistlelink.com\/es\/manual-del-usuario\/configuracion-del-sistema\/\" tabindex=\"-1\"><img fetchpriority=\"high\" decoding=\"async\" width=\"800\" height=\"729\" src=\"https:\/\/www.whistlelink.com\/wp-content\/uploads\/2020\/12\/Rubicskub.png\" class=\"attachment-large size-large wp-image-1393\" alt=\"\" srcset=\"https:\/\/www.whistlelink.com\/wp-content\/uploads\/2020\/12\/Rubicskub.png 804w, https:\/\/www.whistlelink.com\/wp-content\/uploads\/2020\/12\/Rubicskub-300x274.png 300w, https:\/\/www.whistlelink.com\/wp-content\/uploads\/2020\/12\/Rubicskub-768x700.png 768w\" sizes=\"(max-width: 800px) 100vw, 800px\" \/><\/a><\/figure><div class=\"elementor-image-box-content\"><h3 class=\"elementor-image-box-title\"><a href=\"https:\/\/www.whistlelink.com\/es\/manual-del-usuario\/configuracion-del-sistema\/\">Configuraci\u00f3n del sistema Whistlelink<\/a><\/h3><p class=\"elementor-image-box-description\">Finaliza la implementaci\u00f3n t\u00e9cnica y la configuraci\u00f3n, con la ayuda de nuestra gu\u00eda paso a paso. <\/p><\/div><\/div>\t\t\t\t<\/div>\n\t\t\t\t<\/div>\n\t\t\t\t<div class=\"elementor-element elementor-element-8a0bbe0 elementor-position-left elementor-vertical-align-top elementor-widget elementor-widget-image-box\" data-id=\"8a0bbe0\" data-element_type=\"widget\" data-e-type=\"widget\" data-widget_type=\"image-box.default\">\n\t\t\t\t<div class=\"elementor-widget-container\">\n\t\t\t\t\t<div class=\"elementor-image-box-wrapper\"><figure class=\"elementor-image-box-img\"><a href=\"https:\/\/www.whistlelink.com\/es\/manual-del-usuario\/como-permitir-el-acceso-a-whistlelink\/\" tabindex=\"-1\"><img fetchpriority=\"high\" decoding=\"async\" width=\"800\" height=\"729\" src=\"https:\/\/www.whistlelink.com\/wp-content\/uploads\/2020\/12\/Rubicskub.png\" class=\"attachment-large size-large wp-image-1393\" alt=\"\" srcset=\"https:\/\/www.whistlelink.com\/wp-content\/uploads\/2020\/12\/Rubicskub.png 804w, https:\/\/www.whistlelink.com\/wp-content\/uploads\/2020\/12\/Rubicskub-300x274.png 300w, https:\/\/www.whistlelink.com\/wp-content\/uploads\/2020\/12\/Rubicskub-768x700.png 768w\" sizes=\"(max-width: 800px) 100vw, 800px\" \/><\/a><\/figure><div class=\"elementor-image-box-content\"><h3 class=\"elementor-image-box-title\"><a href=\"https:\/\/www.whistlelink.com\/es\/manual-del-usuario\/como-permitir-el-acceso-a-whistlelink\/\">C\u00f3mo permitir el acceso a Whistlelink<\/a><\/h3><p class=\"elementor-image-box-description\">Consejos sobre d\u00f3nde colocar la informaci\u00f3n acerca de tu canal de denuncias para que los empleados accedan a \u00e9l f\u00e1cilmente.<\/p><\/div><\/div>\t\t\t\t<\/div>\n\t\t\t\t<\/div>\n\t\t\t\t<div class=\"elementor-element elementor-element-31eb034 elementor-position-left elementor-vertical-align-top elementor-widget elementor-widget-image-box\" data-id=\"31eb034\" data-element_type=\"widget\" data-e-type=\"widget\" data-widget_type=\"image-box.default\">\n\t\t\t\t<div class=\"elementor-widget-container\">\n\t\t\t\t\t<div class=\"elementor-image-box-wrapper\"><figure class=\"elementor-image-box-img\"><a href=\"https:\/\/www.whistlelink.com\/es\/manual-del-usuario\/que-hay-que-comunicar\/\" tabindex=\"-1\"><img fetchpriority=\"high\" decoding=\"async\" width=\"800\" height=\"729\" src=\"https:\/\/www.whistlelink.com\/wp-content\/uploads\/2020\/12\/Rubicskub.png\" class=\"attachment-large size-large wp-image-1393\" alt=\"\" srcset=\"https:\/\/www.whistlelink.com\/wp-content\/uploads\/2020\/12\/Rubicskub.png 804w, https:\/\/www.whistlelink.com\/wp-content\/uploads\/2020\/12\/Rubicskub-300x274.png 300w, https:\/\/www.whistlelink.com\/wp-content\/uploads\/2020\/12\/Rubicskub-768x700.png 768w\" sizes=\"(max-width: 800px) 100vw, 800px\" \/><\/a><\/figure><div class=\"elementor-image-box-content\"><h3 class=\"elementor-image-box-title\"><a href=\"https:\/\/www.whistlelink.com\/es\/manual-del-usuario\/que-hay-que-comunicar\/\">Qu\u00e9 hay que comunicar<\/a><\/h3><p class=\"elementor-image-box-description\">Ejemplo sobre c\u00f3mo informar a sus empleados acerca del canal de denuncias.<\/p><\/div><\/div>\t\t\t\t<\/div>\n\t\t\t\t<\/div>\n\t\t\t\t\t<\/div>\n\t\t<\/div>\n\t\t\t\t\t<\/div>\n\t\t<\/section>\n\t\t\t\t<\/div>\n\t\t","protected":false},"excerpt":{"rendered":"<p>GU\u00cdA DE PRIMEROS PASOSImplementar y comunicar su soluci\u00f3n de denuncia de irregularidades Ahora que tienes Whistlelink, solo quedan un par de cosas antes de implementar tu soluci\u00f3n de denuncia de irregularidades. Te guiaremos a lo largo de los \u00faltimos pasos, te ofreceremos orientaci\u00f3n sobre qu\u00e9 puedes comunicar y c\u00f3mo puedes hacerlo para que los empleados [&hellip;]<\/p>\n","protected":false},"author":15,"featured_media":0,"parent":0,"menu_order":0,"comment_status":"closed","ping_status":"closed","template":"elementor_header_footer","meta":{"footnotes":""},"class_list":["post-10300","page","type-page","status-publish","hentry"],"yoast_head":"<!-- This site is optimized with the Yoast SEO Premium plugin v27.3 (Yoast SEO v27.4) - https:\/\/yoast.com\/product\/yoast-seo-premium-wordpress\/ -->\n<title>Gu\u00eda de primeros pasos - Aplicar y comunicar - Whistlelink<\/title>\n<meta name=\"robots\" content=\"noindex, nofollow\" \/>\n<meta property=\"og:locale\" content=\"es_ES\" \/>\n<meta property=\"og:type\" content=\"article\" \/>\n<meta property=\"og:title\" content=\"Step by Step - Aplicar y comunicar\" \/>\n<meta property=\"og:description\" content=\"GU\u00cdA DE PRIMEROS PASOSImplementar y comunicar su soluci\u00f3n de denuncia de irregularidades Ahora que tienes Whistlelink, solo quedan un par de cosas antes de implementar tu soluci\u00f3n de denuncia de irregularidades. Te guiaremos a lo largo de los \u00faltimos pasos, te ofreceremos orientaci\u00f3n sobre qu\u00e9 puedes comunicar y c\u00f3mo puedes hacerlo para que los empleados [&hellip;]\" \/>\n<meta property=\"og:url\" content=\"https:\/\/www.whistlelink.com\/es\/manual-del-usuario\/\" \/>\n<meta property=\"og:site_name\" content=\"Whistlelink\" \/>\n<meta property=\"article:publisher\" content=\"https:\/\/www.facebook.com\/whistlelink\/\" \/>\n<meta property=\"article:modified_time\" content=\"2023-10-25T14:34:29+00:00\" \/>\n<meta property=\"og:image\" content=\"https:\/\/www.whistlelink.com\/wp-content\/uploads\/2020\/12\/Rubicskub.png\" \/>\n<meta name=\"twitter:card\" content=\"summary_large_image\" \/>\n<meta name=\"twitter:label1\" content=\"Tiempo de lectura\" \/>\n\t<meta name=\"twitter:data1\" content=\"2 minutos\" \/>\n<script type=\"application\/ld+json\" class=\"yoast-schema-graph\">{\"@context\":\"https:\\\/\\\/schema.org\",\"@graph\":[{\"@type\":\"WebPage\",\"@id\":\"https:\\\/\\\/www.whistlelink.com\\\/es\\\/manual-del-usuario\\\/\",\"url\":\"https:\\\/\\\/www.whistlelink.com\\\/es\\\/manual-del-usuario\\\/\",\"name\":\"Gu\u00eda de primeros pasos - Aplicar y comunicar - Whistlelink\",\"isPartOf\":{\"@id\":\"https:\\\/\\\/www.whistlelink.com\\\/es\\\/#website\"},\"primaryImageOfPage\":{\"@id\":\"https:\\\/\\\/www.whistlelink.com\\\/es\\\/manual-del-usuario\\\/#primaryimage\"},\"image\":{\"@id\":\"https:\\\/\\\/www.whistlelink.com\\\/es\\\/manual-del-usuario\\\/#primaryimage\"},\"thumbnailUrl\":\"https:\\\/\\\/www.whistlelink.com\\\/wp-content\\\/uploads\\\/2020\\\/12\\\/Rubicskub.png\",\"datePublished\":\"2021-04-16T09:03:45+00:00\",\"dateModified\":\"2023-10-25T14:34:29+00:00\",\"breadcrumb\":{\"@id\":\"https:\\\/\\\/www.whistlelink.com\\\/es\\\/manual-del-usuario\\\/#breadcrumb\"},\"inLanguage\":\"es\",\"potentialAction\":[{\"@type\":\"ReadAction\",\"target\":[\"https:\\\/\\\/www.whistlelink.com\\\/es\\\/manual-del-usuario\\\/\"]}]},{\"@type\":\"ImageObject\",\"inLanguage\":\"es\",\"@id\":\"https:\\\/\\\/www.whistlelink.com\\\/es\\\/manual-del-usuario\\\/#primaryimage\",\"url\":\"https:\\\/\\\/www.whistlelink.com\\\/wp-content\\\/uploads\\\/2020\\\/12\\\/Rubicskub.png\",\"contentUrl\":\"https:\\\/\\\/www.whistlelink.com\\\/wp-content\\\/uploads\\\/2020\\\/12\\\/Rubicskub.png\"},{\"@type\":\"BreadcrumbList\",\"@id\":\"https:\\\/\\\/www.whistlelink.com\\\/es\\\/manual-del-usuario\\\/#breadcrumb\",\"itemListElement\":[{\"@type\":\"ListItem\",\"position\":1,\"name\":\"Home\",\"item\":\"https:\\\/\\\/www.whistlelink.com\\\/es\\\/\"},{\"@type\":\"ListItem\",\"position\":2,\"name\":\"Step by Step &#8211; Aplicar y comunicar\"}]},{\"@type\":\"WebSite\",\"@id\":\"https:\\\/\\\/www.whistlelink.com\\\/es\\\/#website\",\"url\":\"https:\\\/\\\/www.whistlelink.com\\\/es\\\/\",\"name\":\"Whistlelink\",\"description\":\"A trusted provider of secure whistleblowing solutions.\",\"publisher\":{\"@id\":\"https:\\\/\\\/www.whistlelink.com\\\/es\\\/#organization\"},\"potentialAction\":[{\"@type\":\"SearchAction\",\"target\":{\"@type\":\"EntryPoint\",\"urlTemplate\":\"https:\\\/\\\/www.whistlelink.com\\\/es\\\/?s={search_term_string}\"},\"query-input\":{\"@type\":\"PropertyValueSpecification\",\"valueRequired\":true,\"valueName\":\"search_term_string\"}}],\"inLanguage\":\"es\"},{\"@type\":\"Organization\",\"@id\":\"https:\\\/\\\/www.whistlelink.com\\\/es\\\/#organization\",\"name\":\"Whistlelink\",\"url\":\"https:\\\/\\\/www.whistlelink.com\\\/es\\\/\",\"logo\":{\"@type\":\"ImageObject\",\"inLanguage\":\"es\",\"@id\":\"https:\\\/\\\/www.whistlelink.com\\\/es\\\/#\\\/schema\\\/logo\\\/image\\\/\",\"url\":\"https:\\\/\\\/www.whistlelink.com\\\/wp-content\\\/uploads\\\/2021\\\/07\\\/WhistlelinkLogoEmail.png\",\"contentUrl\":\"https:\\\/\\\/www.whistlelink.com\\\/wp-content\\\/uploads\\\/2021\\\/07\\\/WhistlelinkLogoEmail.png\",\"width\":704,\"height\":75,\"caption\":\"Whistlelink\"},\"image\":{\"@id\":\"https:\\\/\\\/www.whistlelink.com\\\/es\\\/#\\\/schema\\\/logo\\\/image\\\/\"},\"sameAs\":[\"https:\\\/\\\/www.facebook.com\\\/whistlelink\\\/\",\"https:\\\/\\\/www.linkedin.com\\\/company\\\/whistlelink\\\/\",\"https:\\\/\\\/vimeo.com\\\/user152082481\"]}]}<\/script>\n<!-- \/ Yoast SEO Premium plugin. -->","yoast_head_json":{"title":"Gu\u00eda de primeros pasos - Aplicar y comunicar - Whistlelink","robots":{"index":"noindex","follow":"nofollow"},"og_locale":"es_ES","og_type":"article","og_title":"Step by Step - Aplicar y comunicar","og_description":"GU\u00cdA DE PRIMEROS PASOSImplementar y comunicar su soluci\u00f3n de denuncia de irregularidades Ahora que tienes Whistlelink, solo quedan un par de cosas antes de implementar tu soluci\u00f3n de denuncia de irregularidades. Te guiaremos a lo largo de los \u00faltimos pasos, te ofreceremos orientaci\u00f3n sobre qu\u00e9 puedes comunicar y c\u00f3mo puedes hacerlo para que los empleados [&hellip;]","og_url":"https:\/\/www.whistlelink.com\/es\/manual-del-usuario\/","og_site_name":"Whistlelink","article_publisher":"https:\/\/www.facebook.com\/whistlelink\/","article_modified_time":"2023-10-25T14:34:29+00:00","og_image":[{"url":"https:\/\/www.whistlelink.com\/wp-content\/uploads\/2020\/12\/Rubicskub.png","type":"","width":"","height":""}],"twitter_card":"summary_large_image","twitter_misc":{"Tiempo de lectura":"2 minutos"},"schema":{"@context":"https:\/\/schema.org","@graph":[{"@type":"WebPage","@id":"https:\/\/www.whistlelink.com\/es\/manual-del-usuario\/","url":"https:\/\/www.whistlelink.com\/es\/manual-del-usuario\/","name":"Gu\u00eda de primeros pasos - Aplicar y comunicar - Whistlelink","isPartOf":{"@id":"https:\/\/www.whistlelink.com\/es\/#website"},"primaryImageOfPage":{"@id":"https:\/\/www.whistlelink.com\/es\/manual-del-usuario\/#primaryimage"},"image":{"@id":"https:\/\/www.whistlelink.com\/es\/manual-del-usuario\/#primaryimage"},"thumbnailUrl":"https:\/\/www.whistlelink.com\/wp-content\/uploads\/2020\/12\/Rubicskub.png","datePublished":"2021-04-16T09:03:45+00:00","dateModified":"2023-10-25T14:34:29+00:00","breadcrumb":{"@id":"https:\/\/www.whistlelink.com\/es\/manual-del-usuario\/#breadcrumb"},"inLanguage":"es","potentialAction":[{"@type":"ReadAction","target":["https:\/\/www.whistlelink.com\/es\/manual-del-usuario\/"]}]},{"@type":"ImageObject","inLanguage":"es","@id":"https:\/\/www.whistlelink.com\/es\/manual-del-usuario\/#primaryimage","url":"https:\/\/www.whistlelink.com\/wp-content\/uploads\/2020\/12\/Rubicskub.png","contentUrl":"https:\/\/www.whistlelink.com\/wp-content\/uploads\/2020\/12\/Rubicskub.png"},{"@type":"BreadcrumbList","@id":"https:\/\/www.whistlelink.com\/es\/manual-del-usuario\/#breadcrumb","itemListElement":[{"@type":"ListItem","position":1,"name":"Home","item":"https:\/\/www.whistlelink.com\/es\/"},{"@type":"ListItem","position":2,"name":"Step by Step &#8211; Aplicar y comunicar"}]},{"@type":"WebSite","@id":"https:\/\/www.whistlelink.com\/es\/#website","url":"https:\/\/www.whistlelink.com\/es\/","name":"Whistlelink","description":"A trusted provider of secure whistleblowing solutions.","publisher":{"@id":"https:\/\/www.whistlelink.com\/es\/#organization"},"potentialAction":[{"@type":"SearchAction","target":{"@type":"EntryPoint","urlTemplate":"https:\/\/www.whistlelink.com\/es\/?s={search_term_string}"},"query-input":{"@type":"PropertyValueSpecification","valueRequired":true,"valueName":"search_term_string"}}],"inLanguage":"es"},{"@type":"Organization","@id":"https:\/\/www.whistlelink.com\/es\/#organization","name":"Whistlelink","url":"https:\/\/www.whistlelink.com\/es\/","logo":{"@type":"ImageObject","inLanguage":"es","@id":"https:\/\/www.whistlelink.com\/es\/#\/schema\/logo\/image\/","url":"https:\/\/www.whistlelink.com\/wp-content\/uploads\/2021\/07\/WhistlelinkLogoEmail.png","contentUrl":"https:\/\/www.whistlelink.com\/wp-content\/uploads\/2021\/07\/WhistlelinkLogoEmail.png","width":704,"height":75,"caption":"Whistlelink"},"image":{"@id":"https:\/\/www.whistlelink.com\/es\/#\/schema\/logo\/image\/"},"sameAs":["https:\/\/www.facebook.com\/whistlelink\/","https:\/\/www.linkedin.com\/company\/whistlelink\/","https:\/\/vimeo.com\/user152082481"]}]}},"_links":{"self":[{"href":"https:\/\/www.whistlelink.com\/es\/wp-json\/wp\/v2\/pages\/10300","targetHints":{"allow":["GET"]}}],"collection":[{"href":"https:\/\/www.whistlelink.com\/es\/wp-json\/wp\/v2\/pages"}],"about":[{"href":"https:\/\/www.whistlelink.com\/es\/wp-json\/wp\/v2\/types\/page"}],"author":[{"embeddable":true,"href":"https:\/\/www.whistlelink.com\/es\/wp-json\/wp\/v2\/users\/15"}],"replies":[{"embeddable":true,"href":"https:\/\/www.whistlelink.com\/es\/wp-json\/wp\/v2\/comments?post=10300"}],"version-history":[{"count":19,"href":"https:\/\/www.whistlelink.com\/es\/wp-json\/wp\/v2\/pages\/10300\/revisions"}],"predecessor-version":[{"id":59152,"href":"https:\/\/www.whistlelink.com\/es\/wp-json\/wp\/v2\/pages\/10300\/revisions\/59152"}],"wp:attachment":[{"href":"https:\/\/www.whistlelink.com\/es\/wp-json\/wp\/v2\/media?parent=10300"}],"curies":[{"name":"wp","href":"https:\/\/api.w.org\/{rel}","templated":true}]}}