{"id":12476,"date":"2021-05-27T15:26:47","date_gmt":"2021-05-27T14:26:47","guid":{"rendered":"https:\/\/www.whistlelink.com\/?page_id=12476"},"modified":"2022-11-10T10:43:30","modified_gmt":"2022-11-10T10:43:30","slug":"servicio-de-recepcion-de-denuncias","status":"publish","type":"page","link":"https:\/\/www.whistlelink.com\/es\/servicio-de-recepcion-de-denuncias\/","title":{"rendered":"Servicio de Recepci\u00f3n de Denuncias"},"content":{"rendered":"\t\t<div data-elementor-type=\"wp-page\" data-elementor-id=\"12476\" class=\"elementor elementor-12476 elementor-10964\" data-elementor-post-type=\"page\">\n\t\t\t\t\t\t<section class=\"elementor-section elementor-top-section elementor-element elementor-element-60c4585 elementor-section-full_width elementor-section-height-default elementor-section-height-default\" data-id=\"60c4585\" data-element_type=\"section\" data-e-type=\"section\" data-settings=\"{&quot;background_background&quot;:&quot;classic&quot;}\">\n\t\t\t\t\t\t<div class=\"elementor-container elementor-column-gap-default\">\n\t\t\t\t\t<div class=\"elementor-column elementor-col-100 elementor-top-column elementor-element elementor-element-c59d950\" data-id=\"c59d950\" data-element_type=\"column\" data-e-type=\"column\">\n\t\t\t<div class=\"elementor-widget-wrap elementor-element-populated\">\n\t\t\t\t\t\t<div class=\"elementor-element elementor-element-901d34d elementor-widget elementor-widget-jet-headline\" data-id=\"901d34d\" data-element_type=\"widget\" data-e-type=\"widget\" data-widget_type=\"jet-headline.default\">\n\t\t\t\t<div class=\"elementor-widget-container\">\n\t\t\t\t\t<h2 class=\"jet-headline jet-headline--direction-vertical\"><span class=\"jet-headline__part jet-headline__first\"><span class=\"jet-headline__label\">Servicios de canal de denuncias<\/span><\/span><span class=\"jet-headline__part jet-headline__second\"><span class=\"jet-headline__label\">Servicio de Recepci\u00f3n de Denuncias<\/span><\/span><\/h2>\t\t\t\t<\/div>\n\t\t\t\t<\/div>\n\t\t\t\t\t<\/div>\n\t\t<\/div>\n\t\t\t\t\t<\/div>\n\t\t<\/section>\n\t\t\t\t<section class=\"elementor-section elementor-top-section elementor-element elementor-element-4bf0e0a elementor-section-boxed elementor-section-height-default elementor-section-height-default\" data-id=\"4bf0e0a\" data-element_type=\"section\" data-e-type=\"section\">\n\t\t\t\t\t\t<div class=\"elementor-container elementor-column-gap-default\">\n\t\t\t\t\t<div class=\"elementor-column elementor-col-100 elementor-top-column elementor-element elementor-element-9f70329\" data-id=\"9f70329\" data-element_type=\"column\" data-e-type=\"column\" data-settings=\"{&quot;background_background&quot;:&quot;classic&quot;}\">\n\t\t\t<div class=\"elementor-widget-wrap elementor-element-populated\">\n\t\t\t\t\t\t<div class=\"elementor-element elementor-element-bda9e26 elementor-widget elementor-widget-text-editor\" data-id=\"bda9e26\" data-element_type=\"widget\" data-e-type=\"widget\" data-widget_type=\"text-editor.default\">\n\t\t\t\t<div class=\"elementor-widget-container\">\n\t\t\t\t\t\t\t\t\t<h3>Qu\u00e9 es nuestro Servicio de Recepci\u00f3n de Denuncias?<\/h3><p>El Servicio de Recepci\u00f3n de Denuncias es cuando una organizaci\u00f3n utiliza un tercero para recibir las denuncias iniciales enviadas a trav\u00e9s de un sistema de canal de denuncias. La empresa receptora lleva a cabo comprobaciones iniciales para asegurarse de que el informe se asigna a la(s) persona(s) correcta(s). La empresa receptora tambi\u00e9n se asegura de que la confirmaci\u00f3n al denunciante se env\u00ede dentro de los 7 d\u00edas qu\u00e9 menciona la ley.<\/p>\t\t\t\t\t\t\t\t<\/div>\n\t\t\t\t<\/div>\n\t\t\t\t<div class=\"elementor-element elementor-element-d077f14 elementor-widget elementor-widget-text-editor\" data-id=\"d077f14\" data-element_type=\"widget\" data-e-type=\"widget\" data-widget_type=\"text-editor.default\">\n\t\t\t\t<div class=\"elementor-widget-container\">\n\t\t\t\t\t\t\t\t\t<h3>Por qu\u00e9 utilizar este tipo de servicio?<\/h3><p>El uso de dicho servicio garantizar\u00e1 la independencia, reducir\u00e1 la carga de trabajo y ayudar\u00e1 a la empresa a cumplir con <a href=\"https:\/\/www.whistlelink.com\/es\/cumplir-con-la-normativa\/\" target=\"_blank\" rel=\"noopener\">los requisitos legales<\/a>.<\/p>\t\t\t\t\t\t\t\t<\/div>\n\t\t\t\t<\/div>\n\t\t\t\t<div class=\"elementor-element elementor-element-5781ba6 elementor-widget elementor-widget-spacer\" data-id=\"5781ba6\" data-element_type=\"widget\" data-e-type=\"widget\" data-widget_type=\"spacer.default\">\n\t\t\t\t<div class=\"elementor-widget-container\">\n\t\t\t\t\t\t\t<div class=\"elementor-spacer\">\n\t\t\t<div class=\"elementor-spacer-inner\"><\/div>\n\t\t<\/div>\n\t\t\t\t\t\t<\/div>\n\t\t\t\t<\/div>\n\t\t\t\t<div class=\"elementor-element elementor-element-f072f16 elementor-widget elementor-widget-text-editor\" data-id=\"f072f16\" data-element_type=\"widget\" data-e-type=\"widget\" data-widget_type=\"text-editor.default\">\n\t\t\t\t<div class=\"elementor-widget-container\">\n\t\t\t\t\t\t\t\t\t<h3>Qu\u00e9 se incluye con el Servicio de Recepci\u00f3n de Denuncias Whistlelink?<\/h3>\t\t\t\t\t\t\t\t<\/div>\n\t\t\t\t<\/div>\n\t\t\t\t<section class=\"elementor-section elementor-inner-section elementor-element elementor-element-621d1d6 elementor-section-boxed elementor-section-height-default elementor-section-height-default\" data-id=\"621d1d6\" data-element_type=\"section\" data-e-type=\"section\">\n\t\t\t\t\t\t<div class=\"elementor-container elementor-column-gap-default\">\n\t\t\t\t\t<div class=\"elementor-column elementor-col-50 elementor-inner-column elementor-element elementor-element-b79bc12\" data-id=\"b79bc12\" data-element_type=\"column\" data-e-type=\"column\">\n\t\t\t<div class=\"elementor-widget-wrap elementor-element-populated\">\n\t\t\t\t\t\t<div class=\"elementor-element elementor-element-0ba210c elementor-widget-divider--view-line elementor-widget elementor-widget-divider\" data-id=\"0ba210c\" data-element_type=\"widget\" data-e-type=\"widget\" data-widget_type=\"divider.default\">\n\t\t\t\t<div class=\"elementor-widget-container\">\n\t\t\t\t\t\t\t<div class=\"elementor-divider\">\n\t\t\t<span class=\"elementor-divider-separator\">\n\t\t\t\t\t\t<\/span>\n\t\t<\/div>\n\t\t\t\t\t\t<\/div>\n\t\t\t\t<\/div>\n\t\t\t\t<div class=\"elementor-element elementor-element-64ce9d7 elementor-widget elementor-widget-text-editor\" data-id=\"64ce9d7\" data-element_type=\"widget\" data-e-type=\"widget\" data-widget_type=\"text-editor.default\">\n\t\t\t\t<div class=\"elementor-widget-container\">\n\t\t\t\t\t\t\t\t\t<h4>Primera revisi\u00f3n<\/h4><p>Whistlelink proporciona revisi\u00f3n y evaluaci\u00f3n inicial de todos los casos recibidos a trav\u00e9s de su web de denuncias de Whistlelink. Whistlelink revisa los casos en un plazo de un d\u00eda h\u00e1bil y, de acuerdo con la Directiva Whistleblowing de la UE, confirma la recepci\u00f3n del informe al denunciante.<\/p>\t\t\t\t\t\t\t\t<\/div>\n\t\t\t\t<\/div>\n\t\t\t\t\t<\/div>\n\t\t<\/div>\n\t\t\t\t<div class=\"elementor-column elementor-col-50 elementor-inner-column elementor-element elementor-element-fcda511\" data-id=\"fcda511\" data-element_type=\"column\" data-e-type=\"column\">\n\t\t\t<div class=\"elementor-widget-wrap elementor-element-populated\">\n\t\t\t\t\t\t<div class=\"elementor-element elementor-element-d3cc801 elementor-widget-divider--view-line elementor-widget elementor-widget-divider\" data-id=\"d3cc801\" data-element_type=\"widget\" data-e-type=\"widget\" data-widget_type=\"divider.default\">\n\t\t\t\t<div class=\"elementor-widget-container\">\n\t\t\t\t\t\t\t<div class=\"elementor-divider\">\n\t\t\t<span class=\"elementor-divider-separator\">\n\t\t\t\t\t\t<\/span>\n\t\t<\/div>\n\t\t\t\t\t\t<\/div>\n\t\t\t\t<\/div>\n\t\t\t\t<div class=\"elementor-element elementor-element-1f9cb37 elementor-widget elementor-widget-text-editor\" data-id=\"1f9cb37\" data-element_type=\"widget\" data-e-type=\"widget\" data-widget_type=\"text-editor.default\">\n\t\t\t\t<div class=\"elementor-widget-container\">\n\t\t\t\t\t\t\t\t\t<h4>Asignaci\u00f3n de casos<\/h4><p>Whistlelink asigna los casos a la primera l\u00ednea de contacto que la empresa haya elegido. Si su primera l\u00ednea de contacto es parte de la denuncia recibida (sin revisar de archivos), asignaremos el caso a su contacto de backup. Pueden darse instrucciones adicionales por parte del cliente, siempre acordadas caso por caso.<\/p>\t\t\t\t\t\t\t\t<\/div>\n\t\t\t\t<\/div>\n\t\t\t\t\t<\/div>\n\t\t<\/div>\n\t\t\t\t\t<\/div>\n\t\t<\/section>\n\t\t\t\t\t<\/div>\n\t\t<\/div>\n\t\t\t\t\t<\/div>\n\t\t<\/section>\n\t\t\t\t<section class=\"elementor-section elementor-top-section elementor-element elementor-element-cbadd61 elementor-section-full_width elementor-section-height-default elementor-section-height-default\" data-id=\"cbadd61\" data-element_type=\"section\" data-e-type=\"section\" data-settings=\"{&quot;background_background&quot;:&quot;classic&quot;}\">\n\t\t\t\t\t\t\t<div class=\"elementor-background-overlay\"><\/div>\n\t\t\t\t\t\t\t<div class=\"elementor-container elementor-column-gap-default\">\n\t\t\t\t\t<div class=\"elementor-column elementor-col-100 elementor-top-column elementor-element elementor-element-4ff4c5e\" data-id=\"4ff4c5e\" data-element_type=\"column\" data-e-type=\"column\">\n\t\t\t<div class=\"elementor-widget-wrap elementor-element-populated\">\n\t\t\t\t\t\t<div class=\"elementor-element elementor-element-99f6b5a elementor-widget elementor-widget-heading\" data-id=\"99f6b5a\" data-element_type=\"widget\" data-e-type=\"widget\" data-widget_type=\"heading.default\">\n\t\t\t\t<div class=\"elementor-widget-container\">\n\t\t\t\t\t<h2 class=\"elementor-heading-title elementor-size-default\">M\u00e1s preguntas?<\/h2>\t\t\t\t<\/div>\n\t\t\t\t<\/div>\n\t\t\t\t<div class=\"elementor-element elementor-element-40f3dd2 elementor-widget elementor-widget-jet-button\" data-id=\"40f3dd2\" data-element_type=\"widget\" data-e-type=\"widget\" data-widget_type=\"jet-button.default\">\n\t\t\t\t<div class=\"elementor-widget-container\">\n\t\t\t\t\t<div class=\"elementor-jet-button jet-elements\"><div class=\"jet-button__container\">\n\t<a class=\"jet-button__instance jet-button__instance--icon-left hover-effect-0\" href=\"#contact-menu-anchor\">\n\t\t<div class=\"jet-button__plane jet-button__plane-normal\"><\/div>\n\t\t<div class=\"jet-button__plane jet-button__plane-hover\"><\/div>\n\t\t<div class=\"jet-button__state jet-button__state-normal\">\n\t\t\t<span class=\"jet-button__label\">Contacta con nosotros<\/span>\t\t<\/div>\n\t\t<div class=\"jet-button__state jet-button__state-hover\">\n\t\t\t<span class=\"jet-button__label\">Contacta con nosotros<\/span>\t\t<\/div>\n\t<\/a>\n<\/div>\n<\/div>\t\t\t\t<\/div>\n\t\t\t\t<\/div>\n\t\t\t\t<div class=\"elementor-element elementor-element-d2a7eb2 elementor-widget elementor-widget-text-editor\" data-id=\"d2a7eb2\" data-element_type=\"widget\" data-e-type=\"widget\" data-widget_type=\"text-editor.default\">\n\t\t\t\t<div class=\"elementor-widget-container\">\n\t\t\t\t\t\t\t\t\t<p>Estamos aqu\u00ed para responderlas.<\/p>\t\t\t\t\t\t\t\t<\/div>\n\t\t\t\t<\/div>\n\t\t\t\t\t<\/div>\n\t\t<\/div>\n\t\t\t\t\t<\/div>\n\t\t<\/section>\n\t\t\t\t<\/div>\n\t\t","protected":false},"excerpt":{"rendered":"<p>Servicios de canal de denuncias Qu\u00e9 es nuestro Servicio de Recepci\u00f3n de Denuncias? El Servicio de Recepci\u00f3n de Denuncias es cuando una organizaci\u00f3n utiliza un tercero para recibir las denuncias iniciales enviadas a trav\u00e9s de un sistema de canal de denuncias. La empresa receptora lleva a cabo comprobaciones iniciales para asegurarse de que el informe [&hellip;]<\/p>\n","protected":false},"author":15,"featured_media":0,"parent":0,"menu_order":0,"comment_status":"closed","ping_status":"closed","template":"","meta":{"footnotes":""},"class_list":["post-12476","page","type-page","status-publish","hentry"],"yoast_head":"<!-- This site is optimized with the Yoast SEO Premium plugin v27.3 (Yoast SEO v27.4) - https:\/\/yoast.com\/product\/yoast-seo-premium-wordpress\/ -->\n<title>Servicio de Recepci\u00f3n de Denuncias - Whistlelink<\/title>\n<meta name=\"description\" content=\"Contrata el Servicio de Recepci\u00f3n de Denuncias de Whistelink para reducir tu carga de trabajo y garantizar la confidencialidad.\" \/>\n<meta name=\"robots\" content=\"index, follow, max-snippet:-1, max-image-preview:large, max-video-preview:-1\" \/>\n<link rel=\"canonical\" href=\"https:\/\/www.whistlelink.com\/es\/servicio-de-recepcion-de-denuncias\/\" \/>\n<meta property=\"og:locale\" content=\"es_ES\" \/>\n<meta property=\"og:type\" content=\"article\" \/>\n<meta property=\"og:title\" content=\"Servicio de Recepci\u00f3n de Denuncias\" \/>\n<meta property=\"og:description\" content=\"Contrata el Servicio de Recepci\u00f3n de Denuncias de Whistelink para reducir tu carga de trabajo y garantizar la confidencialidad.\" \/>\n<meta property=\"og:url\" content=\"https:\/\/www.whistlelink.com\/es\/servicio-de-recepcion-de-denuncias\/\" \/>\n<meta property=\"og:site_name\" content=\"Whistlelink\" \/>\n<meta property=\"article:publisher\" content=\"https:\/\/www.facebook.com\/whistlelink\/\" \/>\n<meta property=\"article:modified_time\" content=\"2022-11-10T10:43:30+00:00\" \/>\n<meta name=\"twitter:card\" content=\"summary_large_image\" \/>\n<meta name=\"twitter:label1\" content=\"Tiempo de lectura\" \/>\n\t<meta name=\"twitter:data1\" content=\"2 minutos\" \/>\n<script type=\"application\/ld+json\" class=\"yoast-schema-graph\">{\"@context\":\"https:\\\/\\\/schema.org\",\"@graph\":[{\"@type\":\"WebPage\",\"@id\":\"https:\\\/\\\/www.whistlelink.com\\\/es\\\/servicio-de-recepcion-de-denuncias\\\/\",\"url\":\"https:\\\/\\\/www.whistlelink.com\\\/es\\\/servicio-de-recepcion-de-denuncias\\\/\",\"name\":\"Servicio de Recepci\u00f3n de Denuncias - Whistlelink\",\"isPartOf\":{\"@id\":\"https:\\\/\\\/www.whistlelink.com\\\/es\\\/#website\"},\"datePublished\":\"2021-05-27T14:26:47+00:00\",\"dateModified\":\"2022-11-10T10:43:30+00:00\",\"description\":\"Contrata el Servicio de Recepci\u00f3n de Denuncias de Whistelink para reducir tu carga de trabajo y garantizar la confidencialidad.\",\"breadcrumb\":{\"@id\":\"https:\\\/\\\/www.whistlelink.com\\\/es\\\/servicio-de-recepcion-de-denuncias\\\/#breadcrumb\"},\"inLanguage\":\"es\",\"potentialAction\":[{\"@type\":\"ReadAction\",\"target\":[\"https:\\\/\\\/www.whistlelink.com\\\/es\\\/servicio-de-recepcion-de-denuncias\\\/\"]}]},{\"@type\":\"BreadcrumbList\",\"@id\":\"https:\\\/\\\/www.whistlelink.com\\\/es\\\/servicio-de-recepcion-de-denuncias\\\/#breadcrumb\",\"itemListElement\":[{\"@type\":\"ListItem\",\"position\":1,\"name\":\"Home\",\"item\":\"https:\\\/\\\/www.whistlelink.com\\\/es\\\/\"},{\"@type\":\"ListItem\",\"position\":2,\"name\":\"Servicio de Recepci\u00f3n de Denuncias\"}]},{\"@type\":\"WebSite\",\"@id\":\"https:\\\/\\\/www.whistlelink.com\\\/es\\\/#website\",\"url\":\"https:\\\/\\\/www.whistlelink.com\\\/es\\\/\",\"name\":\"Whistlelink\",\"description\":\"A trusted provider of secure whistleblowing solutions.\",\"publisher\":{\"@id\":\"https:\\\/\\\/www.whistlelink.com\\\/es\\\/#organization\"},\"potentialAction\":[{\"@type\":\"SearchAction\",\"target\":{\"@type\":\"EntryPoint\",\"urlTemplate\":\"https:\\\/\\\/www.whistlelink.com\\\/es\\\/?s={search_term_string}\"},\"query-input\":{\"@type\":\"PropertyValueSpecification\",\"valueRequired\":true,\"valueName\":\"search_term_string\"}}],\"inLanguage\":\"es\"},{\"@type\":\"Organization\",\"@id\":\"https:\\\/\\\/www.whistlelink.com\\\/es\\\/#organization\",\"name\":\"Whistlelink\",\"url\":\"https:\\\/\\\/www.whistlelink.com\\\/es\\\/\",\"logo\":{\"@type\":\"ImageObject\",\"inLanguage\":\"es\",\"@id\":\"https:\\\/\\\/www.whistlelink.com\\\/es\\\/#\\\/schema\\\/logo\\\/image\\\/\",\"url\":\"https:\\\/\\\/www.whistlelink.com\\\/wp-content\\\/uploads\\\/2021\\\/07\\\/WhistlelinkLogoEmail.png\",\"contentUrl\":\"https:\\\/\\\/www.whistlelink.com\\\/wp-content\\\/uploads\\\/2021\\\/07\\\/WhistlelinkLogoEmail.png\",\"width\":704,\"height\":75,\"caption\":\"Whistlelink\"},\"image\":{\"@id\":\"https:\\\/\\\/www.whistlelink.com\\\/es\\\/#\\\/schema\\\/logo\\\/image\\\/\"},\"sameAs\":[\"https:\\\/\\\/www.facebook.com\\\/whistlelink\\\/\",\"https:\\\/\\\/www.linkedin.com\\\/company\\\/whistlelink\\\/\",\"https:\\\/\\\/vimeo.com\\\/user152082481\"]}]}<\/script>\n<!-- \/ Yoast SEO Premium plugin. -->","yoast_head_json":{"title":"Servicio de Recepci\u00f3n de Denuncias - Whistlelink","description":"Contrata el Servicio de Recepci\u00f3n de Denuncias de Whistelink para reducir tu carga de trabajo y garantizar la confidencialidad.","robots":{"index":"index","follow":"follow","max-snippet":"max-snippet:-1","max-image-preview":"max-image-preview:large","max-video-preview":"max-video-preview:-1"},"canonical":"https:\/\/www.whistlelink.com\/es\/servicio-de-recepcion-de-denuncias\/","og_locale":"es_ES","og_type":"article","og_title":"Servicio de Recepci\u00f3n de Denuncias","og_description":"Contrata el Servicio de Recepci\u00f3n de Denuncias de Whistelink para reducir tu carga de trabajo y garantizar la confidencialidad.","og_url":"https:\/\/www.whistlelink.com\/es\/servicio-de-recepcion-de-denuncias\/","og_site_name":"Whistlelink","article_publisher":"https:\/\/www.facebook.com\/whistlelink\/","article_modified_time":"2022-11-10T10:43:30+00:00","twitter_card":"summary_large_image","twitter_misc":{"Tiempo de lectura":"2 minutos"},"schema":{"@context":"https:\/\/schema.org","@graph":[{"@type":"WebPage","@id":"https:\/\/www.whistlelink.com\/es\/servicio-de-recepcion-de-denuncias\/","url":"https:\/\/www.whistlelink.com\/es\/servicio-de-recepcion-de-denuncias\/","name":"Servicio de Recepci\u00f3n de Denuncias - Whistlelink","isPartOf":{"@id":"https:\/\/www.whistlelink.com\/es\/#website"},"datePublished":"2021-05-27T14:26:47+00:00","dateModified":"2022-11-10T10:43:30+00:00","description":"Contrata el Servicio de Recepci\u00f3n de Denuncias de Whistelink para reducir tu carga de trabajo y garantizar la confidencialidad.","breadcrumb":{"@id":"https:\/\/www.whistlelink.com\/es\/servicio-de-recepcion-de-denuncias\/#breadcrumb"},"inLanguage":"es","potentialAction":[{"@type":"ReadAction","target":["https:\/\/www.whistlelink.com\/es\/servicio-de-recepcion-de-denuncias\/"]}]},{"@type":"BreadcrumbList","@id":"https:\/\/www.whistlelink.com\/es\/servicio-de-recepcion-de-denuncias\/#breadcrumb","itemListElement":[{"@type":"ListItem","position":1,"name":"Home","item":"https:\/\/www.whistlelink.com\/es\/"},{"@type":"ListItem","position":2,"name":"Servicio de Recepci\u00f3n de Denuncias"}]},{"@type":"WebSite","@id":"https:\/\/www.whistlelink.com\/es\/#website","url":"https:\/\/www.whistlelink.com\/es\/","name":"Whistlelink","description":"A trusted provider of secure whistleblowing solutions.","publisher":{"@id":"https:\/\/www.whistlelink.com\/es\/#organization"},"potentialAction":[{"@type":"SearchAction","target":{"@type":"EntryPoint","urlTemplate":"https:\/\/www.whistlelink.com\/es\/?s={search_term_string}"},"query-input":{"@type":"PropertyValueSpecification","valueRequired":true,"valueName":"search_term_string"}}],"inLanguage":"es"},{"@type":"Organization","@id":"https:\/\/www.whistlelink.com\/es\/#organization","name":"Whistlelink","url":"https:\/\/www.whistlelink.com\/es\/","logo":{"@type":"ImageObject","inLanguage":"es","@id":"https:\/\/www.whistlelink.com\/es\/#\/schema\/logo\/image\/","url":"https:\/\/www.whistlelink.com\/wp-content\/uploads\/2021\/07\/WhistlelinkLogoEmail.png","contentUrl":"https:\/\/www.whistlelink.com\/wp-content\/uploads\/2021\/07\/WhistlelinkLogoEmail.png","width":704,"height":75,"caption":"Whistlelink"},"image":{"@id":"https:\/\/www.whistlelink.com\/es\/#\/schema\/logo\/image\/"},"sameAs":["https:\/\/www.facebook.com\/whistlelink\/","https:\/\/www.linkedin.com\/company\/whistlelink\/","https:\/\/vimeo.com\/user152082481"]}]}},"_links":{"self":[{"href":"https:\/\/www.whistlelink.com\/es\/wp-json\/wp\/v2\/pages\/12476","targetHints":{"allow":["GET"]}}],"collection":[{"href":"https:\/\/www.whistlelink.com\/es\/wp-json\/wp\/v2\/pages"}],"about":[{"href":"https:\/\/www.whistlelink.com\/es\/wp-json\/wp\/v2\/types\/page"}],"author":[{"embeddable":true,"href":"https:\/\/www.whistlelink.com\/es\/wp-json\/wp\/v2\/users\/15"}],"replies":[{"embeddable":true,"href":"https:\/\/www.whistlelink.com\/es\/wp-json\/wp\/v2\/comments?post=12476"}],"version-history":[{"count":0,"href":"https:\/\/www.whistlelink.com\/es\/wp-json\/wp\/v2\/pages\/12476\/revisions"}],"wp:attachment":[{"href":"https:\/\/www.whistlelink.com\/es\/wp-json\/wp\/v2\/media?parent=12476"}],"curies":[{"name":"wp","href":"https:\/\/api.w.org\/{rel}","templated":true}]}}