{"id":10197,"date":"2021-04-16T10:03:45","date_gmt":"2021-04-16T09:03:45","guid":{"rendered":"https:\/\/www.whistlelink.com\/?page_id=10197"},"modified":"2023-10-25T14:21:36","modified_gmt":"2023-10-25T14:21:36","slug":"guide-de-demarrage","status":"publish","type":"page","link":"https:\/\/www.whistlelink.com\/fr\/guide-de-demarrage\/","title":{"rendered":"Step by Step &#8211; Mettre en \u0153uvre et communiquer"},"content":{"rendered":"\t\t<div data-elementor-type=\"wp-page\" data-elementor-id=\"10197\" class=\"elementor elementor-10197 elementor-7216\" data-elementor-post-type=\"page\">\n\t\t\t\t\t\t<section class=\"elementor-section elementor-top-section elementor-element elementor-element-84d1926 elementor-section-boxed elementor-section-height-default elementor-section-height-default\" data-id=\"84d1926\" data-element_type=\"section\" data-e-type=\"section\" data-settings=\"{&quot;background_background&quot;:&quot;classic&quot;}\">\n\t\t\t\t\t\t\t<div class=\"elementor-background-overlay\"><\/div>\n\t\t\t\t\t\t\t<div class=\"elementor-container elementor-column-gap-default\">\n\t\t\t\t\t<div class=\"elementor-column elementor-col-100 elementor-top-column elementor-element elementor-element-32832c7\" data-id=\"32832c7\" data-element_type=\"column\" data-e-type=\"column\">\n\t\t\t<div class=\"elementor-widget-wrap elementor-element-populated\">\n\t\t\t\t\t\t<div class=\"elementor-element elementor-element-5afc234 elementor-widget elementor-widget-jet-headline\" data-id=\"5afc234\" data-element_type=\"widget\" data-e-type=\"widget\" data-widget_type=\"jet-headline.default\">\n\t\t\t\t<div class=\"elementor-widget-container\">\n\t\t\t\t\t<h2 class=\"jet-headline jet-headline--direction-vertical\"><span class=\"jet-headline__part jet-headline__first\"><span class=\"jet-headline__label\">\nGUIDE DE D\u00c9MARRAGE<\/span><\/span><span class=\"jet-headline__part jet-headline__second\"><span class=\"jet-headline__label\">Mise en \u0153uvre et communication de la solution de reporting<\/span><\/span><\/h2>\t\t\t\t<\/div>\n\t\t\t\t<\/div>\n\t\t\t\t<div class=\"elementor-element elementor-element-68700d6 elementor-widget elementor-widget-heading\" data-id=\"68700d6\" data-element_type=\"widget\" data-e-type=\"widget\" data-widget_type=\"heading.default\">\n\t\t\t\t<div class=\"elementor-widget-container\">\n\t\t\t\t\t<h4 class=\"elementor-heading-title elementor-size-default\">Bient\u00f4t, vous aurez mis en place Whistlelink, il ne reste plus que quelques \u00e9tapes \u00e0 franchir avant de mettre en \u0153uvre la solution de d\u00e9nonciation. Nous vous aiderons \u00e0 franchir les derni\u00e8res \u00e9tapes, nous vous donnerons des conseils sur ce qu'il faut communiquer et sur la mani\u00e8re de rendre le site facile \u00e0 trouver pour les employ\u00e9s.<\/h4>\t\t\t\t<\/div>\n\t\t\t\t<\/div>\n\t\t\t\t\t<\/div>\n\t\t<\/div>\n\t\t\t\t\t<\/div>\n\t\t<\/section>\n\t\t\t\t<section class=\"elementor-section elementor-top-section elementor-element elementor-element-3e7473d elementor-section-boxed elementor-section-height-default elementor-section-height-default\" data-id=\"3e7473d\" data-element_type=\"section\" data-e-type=\"section\" data-settings=\"{&quot;background_background&quot;:&quot;classic&quot;}\">\n\t\t\t\t\t\t<div class=\"elementor-container elementor-column-gap-default\">\n\t\t\t\t\t<div class=\"elementor-column elementor-col-100 elementor-top-column elementor-element elementor-element-182edd8\" data-id=\"182edd8\" data-element_type=\"column\" data-e-type=\"column\">\n\t\t\t<div class=\"elementor-widget-wrap elementor-element-populated\">\n\t\t\t\t\t\t<div class=\"elementor-element elementor-element-6340b34 elementor-widget elementor-widget-jet-headline\" data-id=\"6340b34\" data-element_type=\"widget\" data-e-type=\"widget\" data-widget_type=\"jet-headline.default\">\n\t\t\t\t<div class=\"elementor-widget-container\">\n\t\t\t\t\t<h2 class=\"jet-headline jet-headline--direction-vertical\"><span class=\"jet-headline__part jet-headline__first\"><span class=\"jet-headline__label\">Commencer<\/span><\/span><span class=\"jet-headline__part jet-headline__second\"><span class=\"jet-headline__label\">Il suffit de cliquer sur les rubriques ci-dessous.<\/span><\/span><\/h2>\t\t\t\t<\/div>\n\t\t\t\t<\/div>\n\t\t\t\t<div class=\"elementor-element elementor-element-c719507 elementor-position-left elementor-vertical-align-top elementor-widget elementor-widget-image-box\" data-id=\"c719507\" data-element_type=\"widget\" data-e-type=\"widget\" data-widget_type=\"image-box.default\">\n\t\t\t\t<div class=\"elementor-widget-container\">\n\t\t\t\t\t<div class=\"elementor-image-box-wrapper\"><figure class=\"elementor-image-box-img\"><a href=\"https:\/\/www.whistlelink.com\/fr\/guide-de-demarrage\/mise-en-oeuvre-organisationnelle\/\" tabindex=\"-1\"><img fetchpriority=\"high\" decoding=\"async\" width=\"800\" height=\"729\" src=\"https:\/\/www.whistlelink.com\/wp-content\/uploads\/2020\/12\/Rubicskub.png\" class=\"attachment-large size-large wp-image-1388\" alt=\"\" srcset=\"https:\/\/www.whistlelink.com\/wp-content\/uploads\/2020\/12\/Rubicskub.png 804w, https:\/\/www.whistlelink.com\/wp-content\/uploads\/2020\/12\/Rubicskub-300x274.png 300w, https:\/\/www.whistlelink.com\/wp-content\/uploads\/2020\/12\/Rubicskub-768x700.png 768w\" sizes=\"(max-width: 800px) 100vw, 800px\" \/><\/a><\/figure><div class=\"elementor-image-box-content\"><h3 class=\"elementor-image-box-title\"><a href=\"https:\/\/www.whistlelink.com\/fr\/guide-de-demarrage\/mise-en-oeuvre-organisationnelle\/\">Mise en \u0153uvre organisationnelle<\/a><\/h3><p class=\"elementor-image-box-description\">Achever la mise en place et mettre en \u0153uvre le canal d'information dans l'ensemble de l'organisation.<\/p><\/div><\/div>\t\t\t\t<\/div>\n\t\t\t\t<\/div>\n\t\t\t\t<div class=\"elementor-element elementor-element-641f347 elementor-position-left elementor-vertical-align-top elementor-widget elementor-widget-image-box\" data-id=\"641f347\" data-element_type=\"widget\" data-e-type=\"widget\" data-widget_type=\"image-box.default\">\n\t\t\t\t<div class=\"elementor-widget-container\">\n\t\t\t\t\t<div class=\"elementor-image-box-wrapper\"><figure class=\"elementor-image-box-img\"><a href=\"https:\/\/www.whistlelink.com\/fr\/guide-de-demarrage\/configuration-du-systeme\/\" tabindex=\"-1\"><img fetchpriority=\"high\" decoding=\"async\" width=\"800\" height=\"729\" src=\"https:\/\/www.whistlelink.com\/wp-content\/uploads\/2020\/12\/Rubicskub.png\" class=\"attachment-large size-large wp-image-1388\" alt=\"\" srcset=\"https:\/\/www.whistlelink.com\/wp-content\/uploads\/2020\/12\/Rubicskub.png 804w, https:\/\/www.whistlelink.com\/wp-content\/uploads\/2020\/12\/Rubicskub-300x274.png 300w, https:\/\/www.whistlelink.com\/wp-content\/uploads\/2020\/12\/Rubicskub-768x700.png 768w\" sizes=\"(max-width: 800px) 100vw, 800px\" \/><\/a><\/figure><div class=\"elementor-image-box-content\"><h3 class=\"elementor-image-box-title\"><a href=\"https:\/\/www.whistlelink.com\/fr\/guide-de-demarrage\/configuration-du-systeme\/\">Configuration du syst\u00e8me Whistlelink<\/a><\/h3><p class=\"elementor-image-box-description\">Compl\u00e9tez la mise en \u0153uvre technique et la configuration, avec l'aide de notre guide \u00e9tape par \u00e9tape. <\/p><\/div><\/div>\t\t\t\t<\/div>\n\t\t\t\t<\/div>\n\t\t\t\t<div class=\"elementor-element elementor-element-8a0bbe0 elementor-position-left elementor-vertical-align-top elementor-widget elementor-widget-image-box\" data-id=\"8a0bbe0\" data-element_type=\"widget\" data-e-type=\"widget\" data-widget_type=\"image-box.default\">\n\t\t\t\t<div class=\"elementor-widget-container\">\n\t\t\t\t\t<div class=\"elementor-image-box-wrapper\"><figure class=\"elementor-image-box-img\"><a href=\"https:\/\/www.whistlelink.com\/fr\/guide-de-demarrage\/comment-rendre-whistlelink-accessible\/\" tabindex=\"-1\"><img fetchpriority=\"high\" decoding=\"async\" width=\"800\" height=\"729\" src=\"https:\/\/www.whistlelink.com\/wp-content\/uploads\/2020\/12\/Rubicskub.png\" class=\"attachment-large size-large wp-image-1388\" alt=\"\" srcset=\"https:\/\/www.whistlelink.com\/wp-content\/uploads\/2020\/12\/Rubicskub.png 804w, https:\/\/www.whistlelink.com\/wp-content\/uploads\/2020\/12\/Rubicskub-300x274.png 300w, https:\/\/www.whistlelink.com\/wp-content\/uploads\/2020\/12\/Rubicskub-768x700.png 768w\" sizes=\"(max-width: 800px) 100vw, 800px\" \/><\/a><\/figure><div class=\"elementor-image-box-content\"><h3 class=\"elementor-image-box-title\"><a href=\"https:\/\/www.whistlelink.com\/fr\/guide-de-demarrage\/comment-rendre-whistlelink-accessible\/\">Comment rendre Whistlelink accessible<\/a><\/h3><p class=\"elementor-image-box-description\">Obtenez des conseils sur l'endroit o\u00f9 placer les informations relatives \u00e0 votre site de d\u00e9nonciation afin que les employ\u00e9s puissent y acc\u00e9der facilement.<\/p><\/div><\/div>\t\t\t\t<\/div>\n\t\t\t\t<\/div>\n\t\t\t\t<div class=\"elementor-element elementor-element-31eb034 elementor-position-left elementor-vertical-align-top elementor-widget elementor-widget-image-box\" data-id=\"31eb034\" data-element_type=\"widget\" data-e-type=\"widget\" data-widget_type=\"image-box.default\">\n\t\t\t\t<div class=\"elementor-widget-container\">\n\t\t\t\t\t<div class=\"elementor-image-box-wrapper\"><figure class=\"elementor-image-box-img\"><a href=\"https:\/\/www.whistlelink.com\/fr\/guide-de-demarrage\/ce-quil-faut-communiquer\/\" tabindex=\"-1\"><img fetchpriority=\"high\" decoding=\"async\" width=\"800\" height=\"729\" src=\"https:\/\/www.whistlelink.com\/wp-content\/uploads\/2020\/12\/Rubicskub.png\" class=\"attachment-large size-large wp-image-1388\" alt=\"\" srcset=\"https:\/\/www.whistlelink.com\/wp-content\/uploads\/2020\/12\/Rubicskub.png 804w, https:\/\/www.whistlelink.com\/wp-content\/uploads\/2020\/12\/Rubicskub-300x274.png 300w, https:\/\/www.whistlelink.com\/wp-content\/uploads\/2020\/12\/Rubicskub-768x700.png 768w\" sizes=\"(max-width: 800px) 100vw, 800px\" \/><\/a><\/figure><div class=\"elementor-image-box-content\"><h3 class=\"elementor-image-box-title\"><a href=\"https:\/\/www.whistlelink.com\/fr\/guide-de-demarrage\/ce-quil-faut-communiquer\/\">Ce qu'il faut communiquer<\/a><\/h3><p class=\"elementor-image-box-description\">Acc\u00e9dez \u00e0 un exemple de la mani\u00e8re d'informer vos employ\u00e9s sur votre canal de d\u00e9nonciation.<\/p><\/div><\/div>\t\t\t\t<\/div>\n\t\t\t\t<\/div>\n\t\t\t\t\t<\/div>\n\t\t<\/div>\n\t\t\t\t\t<\/div>\n\t\t<\/section>\n\t\t\t\t<\/div>\n\t\t","protected":false},"excerpt":{"rendered":"<p>GUIDE DE D\u00c9MARRAGEMise en \u0153uvre et communication de la solution de reporting Bient\u00f4t, vous aurez mis en place Whistlelink, il ne reste plus que quelques \u00e9tapes \u00e0 franchir avant de mettre en \u0153uvre la solution de d\u00e9nonciation. Nous vous aiderons \u00e0 franchir les derni\u00e8res \u00e9tapes, nous vous donnerons des conseils sur ce qu&rsquo;il faut communiquer [&hellip;]<\/p>\n","protected":false},"author":15,"featured_media":0,"parent":0,"menu_order":0,"comment_status":"closed","ping_status":"closed","template":"elementor_header_footer","meta":{"footnotes":""},"class_list":["post-10197","page","type-page","status-publish","hentry"],"yoast_head":"<!-- This site is optimized with the Yoast SEO Premium plugin v27.3 (Yoast SEO v27.4) - https:\/\/yoast.com\/product\/yoast-seo-premium-wordpress\/ -->\n<title>Guide de d\u00e9marrage - Mettre en \u0153uvre et communiquer Whistlelink<\/title>\n<meta name=\"robots\" content=\"noindex, nofollow\" \/>\n<meta property=\"og:locale\" content=\"fr_FR\" \/>\n<meta property=\"og:type\" content=\"article\" \/>\n<meta property=\"og:title\" content=\"Step by Step - Mettre en \u0153uvre et communiquer\" \/>\n<meta property=\"og:description\" content=\"GUIDE DE D\u00c9MARRAGEMise en \u0153uvre et communication de la solution de reporting Bient\u00f4t, vous aurez mis en place Whistlelink, il ne reste plus que quelques \u00e9tapes \u00e0 franchir avant de mettre en \u0153uvre la solution de d\u00e9nonciation. Nous vous aiderons \u00e0 franchir les derni\u00e8res \u00e9tapes, nous vous donnerons des conseils sur ce qu&rsquo;il faut communiquer [&hellip;]\" \/>\n<meta property=\"og:url\" content=\"https:\/\/www.whistlelink.com\/fr\/guide-de-demarrage\/\" \/>\n<meta property=\"og:site_name\" content=\"Whistlelink\" \/>\n<meta property=\"article:publisher\" content=\"https:\/\/www.facebook.com\/whistlelink\/\" \/>\n<meta property=\"article:modified_time\" content=\"2023-10-25T14:21:36+00:00\" \/>\n<meta property=\"og:image\" content=\"https:\/\/www.whistlelink.com\/wp-content\/uploads\/2020\/12\/Rubicskub.png\" \/>\n<meta name=\"twitter:card\" content=\"summary_large_image\" \/>\n<meta name=\"twitter:label1\" content=\"Dur\u00e9e de lecture estim\u00e9e\" \/>\n\t<meta name=\"twitter:data1\" content=\"2 minutes\" \/>\n<script type=\"application\/ld+json\" class=\"yoast-schema-graph\">{\"@context\":\"https:\\\/\\\/schema.org\",\"@graph\":[{\"@type\":\"WebPage\",\"@id\":\"https:\\\/\\\/www.whistlelink.com\\\/fr\\\/guide-de-demarrage\\\/\",\"url\":\"https:\\\/\\\/www.whistlelink.com\\\/fr\\\/guide-de-demarrage\\\/\",\"name\":\"Guide de d\u00e9marrage - Mettre en \u0153uvre et communiquer Whistlelink\",\"isPartOf\":{\"@id\":\"https:\\\/\\\/www.whistlelink.com\\\/fr\\\/#website\"},\"primaryImageOfPage\":{\"@id\":\"https:\\\/\\\/www.whistlelink.com\\\/fr\\\/guide-de-demarrage\\\/#primaryimage\"},\"image\":{\"@id\":\"https:\\\/\\\/www.whistlelink.com\\\/fr\\\/guide-de-demarrage\\\/#primaryimage\"},\"thumbnailUrl\":\"https:\\\/\\\/www.whistlelink.com\\\/wp-content\\\/uploads\\\/2020\\\/12\\\/Rubicskub.png\",\"datePublished\":\"2021-04-16T09:03:45+00:00\",\"dateModified\":\"2023-10-25T14:21:36+00:00\",\"breadcrumb\":{\"@id\":\"https:\\\/\\\/www.whistlelink.com\\\/fr\\\/guide-de-demarrage\\\/#breadcrumb\"},\"inLanguage\":\"fr-FR\",\"potentialAction\":[{\"@type\":\"ReadAction\",\"target\":[\"https:\\\/\\\/www.whistlelink.com\\\/fr\\\/guide-de-demarrage\\\/\"]}]},{\"@type\":\"ImageObject\",\"inLanguage\":\"fr-FR\",\"@id\":\"https:\\\/\\\/www.whistlelink.com\\\/fr\\\/guide-de-demarrage\\\/#primaryimage\",\"url\":\"https:\\\/\\\/www.whistlelink.com\\\/wp-content\\\/uploads\\\/2020\\\/12\\\/Rubicskub.png\",\"contentUrl\":\"https:\\\/\\\/www.whistlelink.com\\\/wp-content\\\/uploads\\\/2020\\\/12\\\/Rubicskub.png\"},{\"@type\":\"BreadcrumbList\",\"@id\":\"https:\\\/\\\/www.whistlelink.com\\\/fr\\\/guide-de-demarrage\\\/#breadcrumb\",\"itemListElement\":[{\"@type\":\"ListItem\",\"position\":1,\"name\":\"Home\",\"item\":\"https:\\\/\\\/www.whistlelink.com\\\/fr\\\/\"},{\"@type\":\"ListItem\",\"position\":2,\"name\":\"Step by Step &#8211; Mettre en \u0153uvre et communiquer\"}]},{\"@type\":\"WebSite\",\"@id\":\"https:\\\/\\\/www.whistlelink.com\\\/fr\\\/#website\",\"url\":\"https:\\\/\\\/www.whistlelink.com\\\/fr\\\/\",\"name\":\"Whistlelink\",\"description\":\"A trusted provider of secure whistleblowing solutions.\",\"publisher\":{\"@id\":\"https:\\\/\\\/www.whistlelink.com\\\/fr\\\/#organization\"},\"potentialAction\":[{\"@type\":\"SearchAction\",\"target\":{\"@type\":\"EntryPoint\",\"urlTemplate\":\"https:\\\/\\\/www.whistlelink.com\\\/fr\\\/?s={search_term_string}\"},\"query-input\":{\"@type\":\"PropertyValueSpecification\",\"valueRequired\":true,\"valueName\":\"search_term_string\"}}],\"inLanguage\":\"fr-FR\"},{\"@type\":\"Organization\",\"@id\":\"https:\\\/\\\/www.whistlelink.com\\\/fr\\\/#organization\",\"name\":\"Whistlelink\",\"url\":\"https:\\\/\\\/www.whistlelink.com\\\/fr\\\/\",\"logo\":{\"@type\":\"ImageObject\",\"inLanguage\":\"fr-FR\",\"@id\":\"https:\\\/\\\/www.whistlelink.com\\\/fr\\\/#\\\/schema\\\/logo\\\/image\\\/\",\"url\":\"https:\\\/\\\/www.whistlelink.com\\\/wp-content\\\/uploads\\\/2021\\\/07\\\/WhistlelinkLogoEmail.png\",\"contentUrl\":\"https:\\\/\\\/www.whistlelink.com\\\/wp-content\\\/uploads\\\/2021\\\/07\\\/WhistlelinkLogoEmail.png\",\"width\":704,\"height\":75,\"caption\":\"Whistlelink\"},\"image\":{\"@id\":\"https:\\\/\\\/www.whistlelink.com\\\/fr\\\/#\\\/schema\\\/logo\\\/image\\\/\"},\"sameAs\":[\"https:\\\/\\\/www.facebook.com\\\/whistlelink\\\/\",\"https:\\\/\\\/www.linkedin.com\\\/company\\\/whistlelink\\\/\",\"https:\\\/\\\/vimeo.com\\\/user152082481\"]}]}<\/script>\n<!-- \/ Yoast SEO Premium plugin. -->","yoast_head_json":{"title":"Guide de d\u00e9marrage - Mettre en \u0153uvre et communiquer Whistlelink","robots":{"index":"noindex","follow":"nofollow"},"og_locale":"fr_FR","og_type":"article","og_title":"Step by Step - Mettre en \u0153uvre et communiquer","og_description":"GUIDE DE D\u00c9MARRAGEMise en \u0153uvre et communication de la solution de reporting Bient\u00f4t, vous aurez mis en place Whistlelink, il ne reste plus que quelques \u00e9tapes \u00e0 franchir avant de mettre en \u0153uvre la solution de d\u00e9nonciation. Nous vous aiderons \u00e0 franchir les derni\u00e8res \u00e9tapes, nous vous donnerons des conseils sur ce qu&rsquo;il faut communiquer [&hellip;]","og_url":"https:\/\/www.whistlelink.com\/fr\/guide-de-demarrage\/","og_site_name":"Whistlelink","article_publisher":"https:\/\/www.facebook.com\/whistlelink\/","article_modified_time":"2023-10-25T14:21:36+00:00","og_image":[{"url":"https:\/\/www.whistlelink.com\/wp-content\/uploads\/2020\/12\/Rubicskub.png","type":"","width":"","height":""}],"twitter_card":"summary_large_image","twitter_misc":{"Dur\u00e9e de lecture estim\u00e9e":"2 minutes"},"schema":{"@context":"https:\/\/schema.org","@graph":[{"@type":"WebPage","@id":"https:\/\/www.whistlelink.com\/fr\/guide-de-demarrage\/","url":"https:\/\/www.whistlelink.com\/fr\/guide-de-demarrage\/","name":"Guide de d\u00e9marrage - Mettre en \u0153uvre et communiquer Whistlelink","isPartOf":{"@id":"https:\/\/www.whistlelink.com\/fr\/#website"},"primaryImageOfPage":{"@id":"https:\/\/www.whistlelink.com\/fr\/guide-de-demarrage\/#primaryimage"},"image":{"@id":"https:\/\/www.whistlelink.com\/fr\/guide-de-demarrage\/#primaryimage"},"thumbnailUrl":"https:\/\/www.whistlelink.com\/wp-content\/uploads\/2020\/12\/Rubicskub.png","datePublished":"2021-04-16T09:03:45+00:00","dateModified":"2023-10-25T14:21:36+00:00","breadcrumb":{"@id":"https:\/\/www.whistlelink.com\/fr\/guide-de-demarrage\/#breadcrumb"},"inLanguage":"fr-FR","potentialAction":[{"@type":"ReadAction","target":["https:\/\/www.whistlelink.com\/fr\/guide-de-demarrage\/"]}]},{"@type":"ImageObject","inLanguage":"fr-FR","@id":"https:\/\/www.whistlelink.com\/fr\/guide-de-demarrage\/#primaryimage","url":"https:\/\/www.whistlelink.com\/wp-content\/uploads\/2020\/12\/Rubicskub.png","contentUrl":"https:\/\/www.whistlelink.com\/wp-content\/uploads\/2020\/12\/Rubicskub.png"},{"@type":"BreadcrumbList","@id":"https:\/\/www.whistlelink.com\/fr\/guide-de-demarrage\/#breadcrumb","itemListElement":[{"@type":"ListItem","position":1,"name":"Home","item":"https:\/\/www.whistlelink.com\/fr\/"},{"@type":"ListItem","position":2,"name":"Step by Step &#8211; Mettre en \u0153uvre et communiquer"}]},{"@type":"WebSite","@id":"https:\/\/www.whistlelink.com\/fr\/#website","url":"https:\/\/www.whistlelink.com\/fr\/","name":"Whistlelink","description":"A trusted provider of secure whistleblowing solutions.","publisher":{"@id":"https:\/\/www.whistlelink.com\/fr\/#organization"},"potentialAction":[{"@type":"SearchAction","target":{"@type":"EntryPoint","urlTemplate":"https:\/\/www.whistlelink.com\/fr\/?s={search_term_string}"},"query-input":{"@type":"PropertyValueSpecification","valueRequired":true,"valueName":"search_term_string"}}],"inLanguage":"fr-FR"},{"@type":"Organization","@id":"https:\/\/www.whistlelink.com\/fr\/#organization","name":"Whistlelink","url":"https:\/\/www.whistlelink.com\/fr\/","logo":{"@type":"ImageObject","inLanguage":"fr-FR","@id":"https:\/\/www.whistlelink.com\/fr\/#\/schema\/logo\/image\/","url":"https:\/\/www.whistlelink.com\/wp-content\/uploads\/2021\/07\/WhistlelinkLogoEmail.png","contentUrl":"https:\/\/www.whistlelink.com\/wp-content\/uploads\/2021\/07\/WhistlelinkLogoEmail.png","width":704,"height":75,"caption":"Whistlelink"},"image":{"@id":"https:\/\/www.whistlelink.com\/fr\/#\/schema\/logo\/image\/"},"sameAs":["https:\/\/www.facebook.com\/whistlelink\/","https:\/\/www.linkedin.com\/company\/whistlelink\/","https:\/\/vimeo.com\/user152082481"]}]}},"_links":{"self":[{"href":"https:\/\/www.whistlelink.com\/fr\/wp-json\/wp\/v2\/pages\/10197","targetHints":{"allow":["GET"]}}],"collection":[{"href":"https:\/\/www.whistlelink.com\/fr\/wp-json\/wp\/v2\/pages"}],"about":[{"href":"https:\/\/www.whistlelink.com\/fr\/wp-json\/wp\/v2\/types\/page"}],"author":[{"embeddable":true,"href":"https:\/\/www.whistlelink.com\/fr\/wp-json\/wp\/v2\/users\/15"}],"replies":[{"embeddable":true,"href":"https:\/\/www.whistlelink.com\/fr\/wp-json\/wp\/v2\/comments?post=10197"}],"version-history":[{"count":13,"href":"https:\/\/www.whistlelink.com\/fr\/wp-json\/wp\/v2\/pages\/10197\/revisions"}],"predecessor-version":[{"id":59140,"href":"https:\/\/www.whistlelink.com\/fr\/wp-json\/wp\/v2\/pages\/10197\/revisions\/59140"}],"wp:attachment":[{"href":"https:\/\/www.whistlelink.com\/fr\/wp-json\/wp\/v2\/media?parent=10197"}],"curies":[{"name":"wp","href":"https:\/\/api.w.org\/{rel}","templated":true}]}}