{"id":10199,"date":"2021-04-22T21:17:45","date_gmt":"2021-04-22T20:17:45","guid":{"rendered":"https:\/\/www.whistlelink.com\/?page_id=10199"},"modified":"2023-10-25T14:21:26","modified_gmt":"2023-10-25T14:21:26","slug":"ce-quil-faut-communiquer","status":"publish","type":"page","link":"https:\/\/www.whistlelink.com\/fr\/guide-de-demarrage\/ce-quil-faut-communiquer\/","title":{"rendered":"Step by Step &#8211; Ce qu&rsquo;il faut communiquer"},"content":{"rendered":"\t\t<div data-elementor-type=\"wp-page\" data-elementor-id=\"10199\" class=\"elementor elementor-10199 elementor-7299\" data-elementor-post-type=\"page\">\n\t\t\t\t\t\t<section class=\"elementor-section elementor-top-section elementor-element elementor-element-944c2d2 elementor-section-boxed elementor-section-height-default elementor-section-height-default\" data-id=\"944c2d2\" data-element_type=\"section\" data-e-type=\"section\" data-settings=\"{&quot;background_background&quot;:&quot;classic&quot;}\">\n\t\t\t\t\t\t\t<div class=\"elementor-background-overlay\"><\/div>\n\t\t\t\t\t\t\t<div class=\"elementor-container elementor-column-gap-default\">\n\t\t\t\t\t<div class=\"elementor-column elementor-col-100 elementor-top-column elementor-element elementor-element-541f7ea\" data-id=\"541f7ea\" data-element_type=\"column\" data-e-type=\"column\">\n\t\t\t<div class=\"elementor-widget-wrap elementor-element-populated\">\n\t\t\t\t\t\t<div class=\"elementor-element elementor-element-d314e93 elementor-widget elementor-widget-jet-headline\" data-id=\"d314e93\" data-element_type=\"widget\" data-e-type=\"widget\" data-widget_type=\"jet-headline.default\">\n\t\t\t\t<div class=\"elementor-widget-container\">\n\t\t\t\t\t<h2 class=\"jet-headline jet-headline--direction-vertical\"><span class=\"jet-headline__part jet-headline__first\"><span class=\"jet-headline__label\">GUIDE DE D\u00c9MARRAGE<\/span><\/span><span class=\"jet-headline__part jet-headline__second\"><span class=\"jet-headline__label\">Quels \u00e9l\u00e9ments communiquer<\/span><\/span><\/h2>\t\t\t\t<\/div>\n\t\t\t\t<\/div>\n\t\t\t\t<div class=\"elementor-element elementor-element-d13c016 elementor-widget elementor-widget-heading\" data-id=\"d13c016\" data-element_type=\"widget\" data-e-type=\"widget\" data-widget_type=\"heading.default\">\n\t\t\t\t<div class=\"elementor-widget-container\">\n\t\t\t\t\t<h4 class=\"elementor-heading-title elementor-size-default\">Bravo ! Votre solution de lancement d'alertes est d\u00e9sormais configur\u00e9e et le moment est venu de l'annoncer \u00e0 vos employ\u00e9s et aux autres acteurs concern\u00e9s. \u00c0 vous de choisir ce que vous voulez dire, mais nous sommes l\u00e0 pour vous aider. Nous avons cr\u00e9\u00e9 un mod\u00e8le d'annonce pour vous aider \u00e0 rendre votre canal de signalement plus accessible \u00e0 vos employ\u00e9s. D\u00e9couvrez-le ci-dessous.<\/h4>\t\t\t\t<\/div>\n\t\t\t\t<\/div>\n\t\t\t\t\t<\/div>\n\t\t<\/div>\n\t\t\t\t\t<\/div>\n\t\t<\/section>\n\t\t\t\t<section class=\"elementor-section elementor-top-section elementor-element elementor-element-f742847 elementor-section-boxed elementor-section-height-default elementor-section-height-default\" data-id=\"f742847\" data-element_type=\"section\" data-e-type=\"section\">\n\t\t\t\t\t\t<div class=\"elementor-container elementor-column-gap-default\">\n\t\t\t\t\t<div class=\"elementor-column elementor-col-100 elementor-top-column elementor-element elementor-element-3999d3d\" data-id=\"3999d3d\" data-element_type=\"column\" data-e-type=\"column\">\n\t\t\t<div class=\"elementor-widget-wrap elementor-element-populated\">\n\t\t\t\t\t\t<div class=\"elementor-element elementor-element-4265cd1 elementor-widget elementor-widget-spacer\" data-id=\"4265cd1\" data-element_type=\"widget\" data-e-type=\"widget\" data-widget_type=\"spacer.default\">\n\t\t\t\t<div class=\"elementor-widget-container\">\n\t\t\t\t\t\t\t<div class=\"elementor-spacer\">\n\t\t\t<div class=\"elementor-spacer-inner\"><\/div>\n\t\t<\/div>\n\t\t\t\t\t\t<\/div>\n\t\t\t\t<\/div>\n\t\t\t\t<div class=\"elementor-element elementor-element-bcff380 elementor-widget elementor-widget-text-editor\" data-id=\"bcff380\" data-element_type=\"widget\" data-e-type=\"widget\" data-widget_type=\"text-editor.default\">\n\t\t\t\t<div class=\"elementor-widget-container\">\n\t\t\t\t\t\t\t\t\t<h3>Quels \u00e9l\u00e9ments inclure<\/h3><p><span style=\"font-family: var( --e-global-typography-text-font-family ), Sans-serif; font-weight: var( --e-global-typography-text-font-weight ); font-size: 1.125rem;\">Notre mod\u00e8le peut vous guider pour informer vos employ\u00e9s de la disponibilit\u00e9 de votre site Whistlelink.\u00a0\u00c0 vous de choisir ce que vous souhaitez \u00e9crire. Toutefois, nous vous conseillons d&rsquo;inclure au minimum des informations sur la confidentialit\u00e9 des donn\u00e9es et les signalements externes.\u00a0 <\/span><\/p><p><span style=\"font-size: 1.125rem;\">Vous pouvez copier ou adapter le texte du mod\u00e8le selon vos besoins. Si vous souhaitez que le texte soit disponible dans une autre langue, s\u00e9lectionnez cette derni\u00e8re dans le menu d\u00e9roulant situ\u00e9 en haut \u00e0 droite de cette page.<\/span><\/p><div><span style=\"color: #594d4d;\">\u00a0<\/span><\/div>\t\t\t\t\t\t\t\t<\/div>\n\t\t\t\t<\/div>\n\t\t\t\t<div class=\"elementor-element elementor-element-4a727fd elementor-widget elementor-widget-toggle\" data-id=\"4a727fd\" data-element_type=\"widget\" data-e-type=\"widget\" data-widget_type=\"toggle.default\">\n\t\t\t\t<div class=\"elementor-widget-container\">\n\t\t\t\t\t\t\t<div class=\"elementor-toggle\">\n\t\t\t\t\t\t\t<div class=\"elementor-toggle-item\">\n\t\t\t\t\t<div id=\"elementor-tab-title-7801\" class=\"elementor-tab-title\" data-tab=\"1\" role=\"button\" aria-controls=\"elementor-tab-content-7801\" aria-expanded=\"false\">\n\t\t\t\t\t\t\t\t\t\t\t\t<span class=\"elementor-toggle-icon elementor-toggle-icon-left\" aria-hidden=\"true\">\n\t\t\t\t\t\t\t\t\t\t\t\t\t\t\t<span class=\"elementor-toggle-icon-closed\"><i class=\"fas fa-angle-double-down\"><\/i><\/span>\n\t\t\t\t\t\t\t\t<span class=\"elementor-toggle-icon-opened\"><i class=\"elementor-toggle-icon-opened fas fa-angle-up\"><\/i><\/span>\n\t\t\t\t\t\t\t\t\t\t\t\t\t<\/span>\n\t\t\t\t\t\t\t\t\t\t\t\t<a class=\"elementor-toggle-title\" tabindex=\"0\">D\u00e9couvrez les informations \u00e0 transmettre \u00e0 vos employ\u00e9s<\/a>\n\t\t\t\t\t<\/div>\n\n\t\t\t\t\t<div id=\"elementor-tab-content-7801\" class=\"elementor-tab-content elementor-clearfix\" data-tab=\"1\" role=\"region\" aria-labelledby=\"elementor-tab-title-7801\"><p>Bonjour <span style=\"background: #FFE900;\">[employ\u00e9(e)]<\/span><\/p><p>Il est important pour nous que nos collaborateurs travaillent dans un environnement s\u00fbr, juste et transparent. Nous encourageons tous ceux qui le souhaitent \u00e0 signaler les comportements abusifs ou malveillants constat\u00e9s au sein de <span style=\"background: #FFE900;\">[nom de l&rsquo;entreprise]<\/span>. Nous tenons \u00e9galement \u00e0 ce que vous vous sentiez en confiance pour effectuer un signalement et \u00e0 ce que vous sachiez que votre signalement sera pris au s\u00e9rieux.<\/p><p>Dans ce but, <span style=\"background: #FFE900;\">[nom de l&rsquo;entreprise]<\/span> a mis en place un nouveau syst\u00e8me de lancement d&rsquo;alertes en ligne\u00a0: Whistlelink. Whistlelink est un syst\u00e8me de lancement d&rsquo;alertes s\u00e9curis\u00e9 et s\u00fbr, qui vous permet de signaler facilement les comportements abusifs, en tout anonymat.<\/p><p>Pour acc\u00e9der au syst\u00e8me de lancement d&rsquo;alertes, c&rsquo;est tr\u00e8s simple. Il vous suffit de vous rendre sur le site <span style=\"background: #FFE900;\">[nomdel&rsquo;entreprise.whistlelink.com]<\/span>\u00a0 o\u00f9 vous trouverez toutes les informations relatives \u00e0 l&rsquo;envoi et au traitement des signalements. Vous pouvez toujours acc\u00e9der au syst\u00e8me \u00e0 l&rsquo;adresse\u00a0<span style=\"background-color: #ffe900;\">[p. ex. site Web de l&rsquo;entreprise\/emplacement du lien]<\/span>.<\/p><p>Pour effectuer un signalement, cliquez sur\u00a0<i>Envoyer un signalement<\/i> et remplissez le formulaire aussi pr\u00e9cis\u00e9ment que possible. Libre \u00e0 vous de choisir les informations que vous souhaitez communiquer. Il n&rsquo;est absolument pas obligatoire de fournir des informations personnelles et le processus reste totalement anonyme.<\/p><p>Lorsque vous avez envoy\u00e9 un signalement, les propri\u00e9taires d\u00e9sign\u00e9s,\u00a0<span style=\"background: #ffe900;\">[nom \/ service]<\/span>, le recevront et l&rsquo;\u00e9valueront afin de d\u00e9cider s&rsquo;il doit \u00eatre trait\u00e9 dans le syst\u00e8me de lancement d&rsquo;alertes. Si c&rsquo;est le cas, un num\u00e9ro de dossier unique sera affect\u00e9 au signalement. Vous recevrez ce num\u00e9ro, ainsi qu&rsquo;un code de v\u00e9rification. Vous pourrez utiliser ce code de v\u00e9rification pour fournir des informations compl\u00e9mentaires ou consulter l&rsquo;avanc\u00e9e du dossier. Nous vous confirmerons la bonne r\u00e9ception du signalement sous sept jours et nous vous fournirons un retour d&rsquo;information sous 90\u00a0jours.<\/p><p>Nous avons la responsabilit\u00e9 de vous informer que, puisque nous avons mis en place une solution de lancement d&rsquo;alertes, votre nom peut \u00eatre mentionn\u00e9 dans un signalement, en tant que personne cibl\u00e9e par un signalement, en tant que victime pr\u00e9sum\u00e9e, t\u00e9moin, ou de toute autre fa\u00e7on. Comme nous l&rsquo;avons dit, vous restez anonyme lorsque vous \u00eates l&rsquo;auteur\/autrice du signalement.<\/p><p>Vous pouvez choisir de signaler un comportement abusif en externe, aupr\u00e8s des autorit\u00e9s comp\u00e9tentes. Vous trouverez plus d&rsquo;informations \u00e0 ce sujet \u00e0 l&rsquo;adresse\u00a0<span style=\"background: #ffe900;\">[nomdel&rsquo;entreprise.whistlelink.com]<\/span>.<\/p><p>Si vous avez des questions \u00e0 ce sujet ou si vous cherchez d&rsquo;autres informations, n&rsquo;h\u00e9sitez pas \u00e0 contacter\u00a0<span style=\"background-color: #ffe900;\">[nom]<\/span>.<\/p><p>Merci de tout ce que vous apportez \u00e0\u00a0<span style=\"background-color: #ffe900;\">[nom de l&rsquo;entreprise]<\/span> pour que l&rsquo;entreprise soit un lieu de travail agr\u00e9able et s\u00fbr.<\/p><p>Cordialement, <span style=\"background-color: #ffe900;\">[nom]<\/span>.<\/p><\/div>\n\t\t\t\t<\/div>\n\t\t\t\t\t\t\t\t<\/div>\n\t\t\t\t\t\t<\/div>\n\t\t\t\t<\/div>\n\t\t\t\t\t<\/div>\n\t\t<\/div>\n\t\t\t\t\t<\/div>\n\t\t<\/section>\n\t\t\t\t<section class=\"elementor-section elementor-top-section elementor-element elementor-element-4c90bd1 elementor-section-boxed elementor-section-height-default elementor-section-height-default\" data-id=\"4c90bd1\" data-element_type=\"section\" data-e-type=\"section\">\n\t\t\t\t\t\t<div class=\"elementor-container elementor-column-gap-default\">\n\t\t\t\t\t<div class=\"elementor-column elementor-col-100 elementor-top-column elementor-element elementor-element-f90848c\" data-id=\"f90848c\" data-element_type=\"column\" data-e-type=\"column\">\n\t\t\t<div class=\"elementor-widget-wrap elementor-element-populated\">\n\t\t\t\t\t\t<div class=\"elementor-element elementor-element-a0c0ac2 elementor-widget elementor-widget-spacer\" data-id=\"a0c0ac2\" data-element_type=\"widget\" data-e-type=\"widget\" data-widget_type=\"spacer.default\">\n\t\t\t\t<div class=\"elementor-widget-container\">\n\t\t\t\t\t\t\t<div class=\"elementor-spacer\">\n\t\t\t<div class=\"elementor-spacer-inner\"><\/div>\n\t\t<\/div>\n\t\t\t\t\t\t<\/div>\n\t\t\t\t<\/div>\n\t\t\t\t<div class=\"elementor-element elementor-element-d17c867 elementor-widget elementor-widget-jet-button\" data-id=\"d17c867\" data-element_type=\"widget\" data-e-type=\"widget\" data-widget_type=\"jet-button.default\">\n\t\t\t\t<div class=\"elementor-widget-container\">\n\t\t\t\t\t<div class=\"elementor-jet-button jet-elements\"><div class=\"jet-button__container\">\n\t<a class=\"jet-button__instance jet-button__instance--icon-left hover-effect-0\" href=\"https:\/\/www.whistlelink.com\/fr\/guide-de-demarrage\/\">\n\t\t<div class=\"jet-button__plane jet-button__plane-normal\"><\/div>\n\t\t<div class=\"jet-button__plane jet-button__plane-hover\"><\/div>\n\t\t<div class=\"jet-button__state jet-button__state-normal\">\n\t\t\t<span class=\"jet-button__label\">Retour au d\u00e9but<\/span>\t\t<\/div>\n\t\t<div class=\"jet-button__state jet-button__state-hover\">\n\t\t\t<span class=\"jet-button__label\">Retour au d\u00e9but<\/span>\t\t<\/div>\n\t<\/a>\n<\/div>\n<\/div>\t\t\t\t<\/div>\n\t\t\t\t<\/div>\n\t\t\t\t<div class=\"elementor-element elementor-element-a9475f0 elementor-widget elementor-widget-spacer\" data-id=\"a9475f0\" data-element_type=\"widget\" data-e-type=\"widget\" data-widget_type=\"spacer.default\">\n\t\t\t\t<div class=\"elementor-widget-container\">\n\t\t\t\t\t\t\t<div class=\"elementor-spacer\">\n\t\t\t<div class=\"elementor-spacer-inner\"><\/div>\n\t\t<\/div>\n\t\t\t\t\t\t<\/div>\n\t\t\t\t<\/div>\n\t\t\t\t\t<\/div>\n\t\t<\/div>\n\t\t\t\t\t<\/div>\n\t\t<\/section>\n\t\t\t\t<\/div>\n\t\t","protected":false},"excerpt":{"rendered":"<p>GUIDE DE D\u00c9MARRAGEQuels \u00e9l\u00e9ments communiquer Bravo ! Votre solution de lancement d&rsquo;alertes est d\u00e9sormais configur\u00e9e et le moment est venu de l&rsquo;annoncer \u00e0 vos employ\u00e9s et aux autres acteurs concern\u00e9s. \u00c0 vous de choisir ce que vous voulez dire, mais nous sommes l\u00e0 pour vous aider. Nous avons cr\u00e9\u00e9 un mod\u00e8le d&rsquo;annonce pour vous aider [&hellip;]<\/p>\n","protected":false},"author":9,"featured_media":0,"parent":10197,"menu_order":0,"comment_status":"closed","ping_status":"closed","template":"elementor_header_footer","meta":{"footnotes":""},"class_list":["post-10199","page","type-page","status-publish","hentry"],"yoast_head":"<!-- This site is optimized with the Yoast SEO Premium plugin v27.3 (Yoast SEO v27.4) - https:\/\/yoast.com\/product\/yoast-seo-premium-wordpress\/ -->\n<title>Guide de d\u00e9marrage - Ce qu&#039;il faut communiquer Whistlelink<\/title>\n<meta name=\"robots\" content=\"noindex, nofollow\" \/>\n<meta property=\"og:locale\" content=\"fr_FR\" \/>\n<meta property=\"og:type\" content=\"article\" \/>\n<meta property=\"og:title\" content=\"Step by Step - Ce qu&#039;il faut communiquer\" \/>\n<meta property=\"og:description\" content=\"GUIDE DE D\u00c9MARRAGEQuels \u00e9l\u00e9ments communiquer Bravo ! Votre solution de lancement d&rsquo;alertes est d\u00e9sormais configur\u00e9e et le moment est venu de l&rsquo;annoncer \u00e0 vos employ\u00e9s et aux autres acteurs concern\u00e9s. \u00c0 vous de choisir ce que vous voulez dire, mais nous sommes l\u00e0 pour vous aider. Nous avons cr\u00e9\u00e9 un mod\u00e8le d&rsquo;annonce pour vous aider [&hellip;]\" \/>\n<meta property=\"og:url\" content=\"https:\/\/www.whistlelink.com\/fr\/guide-de-demarrage\/ce-quil-faut-communiquer\/\" \/>\n<meta property=\"og:site_name\" content=\"Whistlelink\" \/>\n<meta property=\"article:publisher\" content=\"https:\/\/www.facebook.com\/whistlelink\/\" \/>\n<meta property=\"article:modified_time\" content=\"2023-10-25T14:21:26+00:00\" \/>\n<meta name=\"twitter:card\" content=\"summary_large_image\" \/>\n<meta name=\"twitter:label1\" content=\"Dur\u00e9e de lecture estim\u00e9e\" \/>\n\t<meta name=\"twitter:data1\" content=\"3 minutes\" \/>\n<script type=\"application\/ld+json\" class=\"yoast-schema-graph\">{\"@context\":\"https:\\\/\\\/schema.org\",\"@graph\":[{\"@type\":\"WebPage\",\"@id\":\"https:\\\/\\\/www.whistlelink.com\\\/fr\\\/guide-de-demarrage\\\/ce-quil-faut-communiquer\\\/\",\"url\":\"https:\\\/\\\/www.whistlelink.com\\\/fr\\\/guide-de-demarrage\\\/ce-quil-faut-communiquer\\\/\",\"name\":\"Guide de d\u00e9marrage - Ce qu'il faut communiquer Whistlelink\",\"isPartOf\":{\"@id\":\"https:\\\/\\\/www.whistlelink.com\\\/fr\\\/#website\"},\"datePublished\":\"2021-04-22T20:17:45+00:00\",\"dateModified\":\"2023-10-25T14:21:26+00:00\",\"breadcrumb\":{\"@id\":\"https:\\\/\\\/www.whistlelink.com\\\/fr\\\/guide-de-demarrage\\\/ce-quil-faut-communiquer\\\/#breadcrumb\"},\"inLanguage\":\"fr-FR\",\"potentialAction\":[{\"@type\":\"ReadAction\",\"target\":[\"https:\\\/\\\/www.whistlelink.com\\\/fr\\\/guide-de-demarrage\\\/ce-quil-faut-communiquer\\\/\"]}]},{\"@type\":\"BreadcrumbList\",\"@id\":\"https:\\\/\\\/www.whistlelink.com\\\/fr\\\/guide-de-demarrage\\\/ce-quil-faut-communiquer\\\/#breadcrumb\",\"itemListElement\":[{\"@type\":\"ListItem\",\"position\":1,\"name\":\"Home\",\"item\":\"https:\\\/\\\/www.whistlelink.com\\\/fr\\\/\"},{\"@type\":\"ListItem\",\"position\":2,\"name\":\"Step by Step &#8211; Mettre en \u0153uvre et communiquer\",\"item\":\"https:\\\/\\\/www.whistlelink.com\\\/fr\\\/guide-de-demarrage\\\/\"},{\"@type\":\"ListItem\",\"position\":3,\"name\":\"Step by Step &#8211; Ce qu&#8217;il faut communiquer\"}]},{\"@type\":\"WebSite\",\"@id\":\"https:\\\/\\\/www.whistlelink.com\\\/fr\\\/#website\",\"url\":\"https:\\\/\\\/www.whistlelink.com\\\/fr\\\/\",\"name\":\"Whistlelink\",\"description\":\"A trusted provider of secure whistleblowing solutions.\",\"publisher\":{\"@id\":\"https:\\\/\\\/www.whistlelink.com\\\/fr\\\/#organization\"},\"potentialAction\":[{\"@type\":\"SearchAction\",\"target\":{\"@type\":\"EntryPoint\",\"urlTemplate\":\"https:\\\/\\\/www.whistlelink.com\\\/fr\\\/?s={search_term_string}\"},\"query-input\":{\"@type\":\"PropertyValueSpecification\",\"valueRequired\":true,\"valueName\":\"search_term_string\"}}],\"inLanguage\":\"fr-FR\"},{\"@type\":\"Organization\",\"@id\":\"https:\\\/\\\/www.whistlelink.com\\\/fr\\\/#organization\",\"name\":\"Whistlelink\",\"url\":\"https:\\\/\\\/www.whistlelink.com\\\/fr\\\/\",\"logo\":{\"@type\":\"ImageObject\",\"inLanguage\":\"fr-FR\",\"@id\":\"https:\\\/\\\/www.whistlelink.com\\\/fr\\\/#\\\/schema\\\/logo\\\/image\\\/\",\"url\":\"https:\\\/\\\/www.whistlelink.com\\\/wp-content\\\/uploads\\\/2021\\\/07\\\/WhistlelinkLogoEmail.png\",\"contentUrl\":\"https:\\\/\\\/www.whistlelink.com\\\/wp-content\\\/uploads\\\/2021\\\/07\\\/WhistlelinkLogoEmail.png\",\"width\":704,\"height\":75,\"caption\":\"Whistlelink\"},\"image\":{\"@id\":\"https:\\\/\\\/www.whistlelink.com\\\/fr\\\/#\\\/schema\\\/logo\\\/image\\\/\"},\"sameAs\":[\"https:\\\/\\\/www.facebook.com\\\/whistlelink\\\/\",\"https:\\\/\\\/www.linkedin.com\\\/company\\\/whistlelink\\\/\",\"https:\\\/\\\/vimeo.com\\\/user152082481\"]}]}<\/script>\n<!-- \/ Yoast SEO Premium plugin. -->","yoast_head_json":{"title":"Guide de d\u00e9marrage - Ce qu'il faut communiquer Whistlelink","robots":{"index":"noindex","follow":"nofollow"},"og_locale":"fr_FR","og_type":"article","og_title":"Step by Step - Ce qu'il faut communiquer","og_description":"GUIDE DE D\u00c9MARRAGEQuels \u00e9l\u00e9ments communiquer Bravo ! Votre solution de lancement d&rsquo;alertes est d\u00e9sormais configur\u00e9e et le moment est venu de l&rsquo;annoncer \u00e0 vos employ\u00e9s et aux autres acteurs concern\u00e9s. \u00c0 vous de choisir ce que vous voulez dire, mais nous sommes l\u00e0 pour vous aider. Nous avons cr\u00e9\u00e9 un mod\u00e8le d&rsquo;annonce pour vous aider [&hellip;]","og_url":"https:\/\/www.whistlelink.com\/fr\/guide-de-demarrage\/ce-quil-faut-communiquer\/","og_site_name":"Whistlelink","article_publisher":"https:\/\/www.facebook.com\/whistlelink\/","article_modified_time":"2023-10-25T14:21:26+00:00","twitter_card":"summary_large_image","twitter_misc":{"Dur\u00e9e de lecture estim\u00e9e":"3 minutes"},"schema":{"@context":"https:\/\/schema.org","@graph":[{"@type":"WebPage","@id":"https:\/\/www.whistlelink.com\/fr\/guide-de-demarrage\/ce-quil-faut-communiquer\/","url":"https:\/\/www.whistlelink.com\/fr\/guide-de-demarrage\/ce-quil-faut-communiquer\/","name":"Guide de d\u00e9marrage - Ce qu'il faut communiquer Whistlelink","isPartOf":{"@id":"https:\/\/www.whistlelink.com\/fr\/#website"},"datePublished":"2021-04-22T20:17:45+00:00","dateModified":"2023-10-25T14:21:26+00:00","breadcrumb":{"@id":"https:\/\/www.whistlelink.com\/fr\/guide-de-demarrage\/ce-quil-faut-communiquer\/#breadcrumb"},"inLanguage":"fr-FR","potentialAction":[{"@type":"ReadAction","target":["https:\/\/www.whistlelink.com\/fr\/guide-de-demarrage\/ce-quil-faut-communiquer\/"]}]},{"@type":"BreadcrumbList","@id":"https:\/\/www.whistlelink.com\/fr\/guide-de-demarrage\/ce-quil-faut-communiquer\/#breadcrumb","itemListElement":[{"@type":"ListItem","position":1,"name":"Home","item":"https:\/\/www.whistlelink.com\/fr\/"},{"@type":"ListItem","position":2,"name":"Step by Step &#8211; Mettre en \u0153uvre et communiquer","item":"https:\/\/www.whistlelink.com\/fr\/guide-de-demarrage\/"},{"@type":"ListItem","position":3,"name":"Step by Step &#8211; Ce qu&#8217;il faut communiquer"}]},{"@type":"WebSite","@id":"https:\/\/www.whistlelink.com\/fr\/#website","url":"https:\/\/www.whistlelink.com\/fr\/","name":"Whistlelink","description":"A trusted provider of secure whistleblowing solutions.","publisher":{"@id":"https:\/\/www.whistlelink.com\/fr\/#organization"},"potentialAction":[{"@type":"SearchAction","target":{"@type":"EntryPoint","urlTemplate":"https:\/\/www.whistlelink.com\/fr\/?s={search_term_string}"},"query-input":{"@type":"PropertyValueSpecification","valueRequired":true,"valueName":"search_term_string"}}],"inLanguage":"fr-FR"},{"@type":"Organization","@id":"https:\/\/www.whistlelink.com\/fr\/#organization","name":"Whistlelink","url":"https:\/\/www.whistlelink.com\/fr\/","logo":{"@type":"ImageObject","inLanguage":"fr-FR","@id":"https:\/\/www.whistlelink.com\/fr\/#\/schema\/logo\/image\/","url":"https:\/\/www.whistlelink.com\/wp-content\/uploads\/2021\/07\/WhistlelinkLogoEmail.png","contentUrl":"https:\/\/www.whistlelink.com\/wp-content\/uploads\/2021\/07\/WhistlelinkLogoEmail.png","width":704,"height":75,"caption":"Whistlelink"},"image":{"@id":"https:\/\/www.whistlelink.com\/fr\/#\/schema\/logo\/image\/"},"sameAs":["https:\/\/www.facebook.com\/whistlelink\/","https:\/\/www.linkedin.com\/company\/whistlelink\/","https:\/\/vimeo.com\/user152082481"]}]}},"_links":{"self":[{"href":"https:\/\/www.whistlelink.com\/fr\/wp-json\/wp\/v2\/pages\/10199","targetHints":{"allow":["GET"]}}],"collection":[{"href":"https:\/\/www.whistlelink.com\/fr\/wp-json\/wp\/v2\/pages"}],"about":[{"href":"https:\/\/www.whistlelink.com\/fr\/wp-json\/wp\/v2\/types\/page"}],"author":[{"embeddable":true,"href":"https:\/\/www.whistlelink.com\/fr\/wp-json\/wp\/v2\/users\/9"}],"replies":[{"embeddable":true,"href":"https:\/\/www.whistlelink.com\/fr\/wp-json\/wp\/v2\/comments?post=10199"}],"version-history":[{"count":8,"href":"https:\/\/www.whistlelink.com\/fr\/wp-json\/wp\/v2\/pages\/10199\/revisions"}],"predecessor-version":[{"id":53776,"href":"https:\/\/www.whistlelink.com\/fr\/wp-json\/wp\/v2\/pages\/10199\/revisions\/53776"}],"up":[{"embeddable":true,"href":"https:\/\/www.whistlelink.com\/fr\/wp-json\/wp\/v2\/pages\/10197"}],"wp:attachment":[{"href":"https:\/\/www.whistlelink.com\/fr\/wp-json\/wp\/v2\/media?parent=10199"}],"curies":[{"name":"wp","href":"https:\/\/api.w.org\/{rel}","templated":true}]}}