{"id":16983,"date":"2021-05-27T15:26:47","date_gmt":"2021-05-27T14:26:47","guid":{"rendered":"https:\/\/www.whistlelink.com\/?page_id=16983"},"modified":"2022-11-10T10:40:37","modified_gmt":"2022-11-10T10:40:37","slug":"service-dintake-management","status":"publish","type":"page","link":"https:\/\/www.whistlelink.com\/fr\/service-dintake-management\/","title":{"rendered":"Service d&rsquo;Intake Management"},"content":{"rendered":"\t\t<div data-elementor-type=\"wp-page\" data-elementor-id=\"16983\" class=\"elementor elementor-16983 elementor-10964\" data-elementor-post-type=\"page\">\n\t\t\t\t\t\t<section class=\"elementor-section elementor-top-section elementor-element elementor-element-ccf1b29 elementor-section-full_width elementor-section-height-default elementor-section-height-default\" data-id=\"ccf1b29\" data-element_type=\"section\" data-e-type=\"section\" data-settings=\"{&quot;background_background&quot;:&quot;classic&quot;}\">\n\t\t\t\t\t\t<div class=\"elementor-container elementor-column-gap-default\">\n\t\t\t\t\t<div class=\"elementor-column elementor-col-100 elementor-top-column elementor-element elementor-element-fb63720\" data-id=\"fb63720\" data-element_type=\"column\" data-e-type=\"column\">\n\t\t\t<div class=\"elementor-widget-wrap elementor-element-populated\">\n\t\t\t\t\t\t<div class=\"elementor-element elementor-element-bdb4815 elementor-widget elementor-widget-jet-headline\" data-id=\"bdb4815\" data-element_type=\"widget\" data-e-type=\"widget\" data-widget_type=\"jet-headline.default\">\n\t\t\t\t<div class=\"elementor-widget-container\">\n\t\t\t\t\t<h2 class=\"jet-headline jet-headline--direction-vertical\"><span class=\"jet-headline__part jet-headline__first\"><span class=\"jet-headline__label\">Services de lancement d'alerte<\/span><\/span><span class=\"jet-headline__part jet-headline__second\"><span class=\"jet-headline__label\">Service d&rsquo;Intake Management<\/span><\/span><\/h2>\t\t\t\t<\/div>\n\t\t\t\t<\/div>\n\t\t\t\t\t<\/div>\n\t\t<\/div>\n\t\t\t\t\t<\/div>\n\t\t<\/section>\n\t\t\t\t<section class=\"elementor-section elementor-top-section elementor-element elementor-element-dd2cec7 elementor-section-boxed elementor-section-height-default elementor-section-height-default\" data-id=\"dd2cec7\" data-element_type=\"section\" data-e-type=\"section\">\n\t\t\t\t\t\t<div class=\"elementor-container elementor-column-gap-default\">\n\t\t\t\t\t<div class=\"elementor-column elementor-col-100 elementor-top-column elementor-element elementor-element-795fcaf\" data-id=\"795fcaf\" data-element_type=\"column\" data-e-type=\"column\" data-settings=\"{&quot;background_background&quot;:&quot;classic&quot;}\">\n\t\t\t<div class=\"elementor-widget-wrap elementor-element-populated\">\n\t\t\t\t\t\t<div class=\"elementor-element elementor-element-5700e03 elementor-widget elementor-widget-text-editor\" data-id=\"5700e03\" data-element_type=\"widget\" data-e-type=\"widget\" data-widget_type=\"text-editor.default\">\n\t\t\t\t<div class=\"elementor-widget-container\">\n\t\t\t\t\t\t\t\t\t<h3>Qu&rsquo;est-ce que notre service d&rsquo;Intake Management\u00a0?<\/h3><p>Un service d&rsquo;Intake Management est lorsqu&rsquo;une organisation utilise un tiers pour recevoir les rapports initiaux envoy\u00e9s via un syst\u00e8me de lancement d&rsquo;alerte. L&rsquo;entreprise destinataire effectue des v\u00e9rifications initiales pour s&rsquo;assurer que le rapport est attribu\u00e9 \u00e0 la ou aux bonnes personnes. L&rsquo;entreprise destinataire s&rsquo;assure \u00e9galement que la confirmation (accus\u00e9 de r\u00e9c\u00e9ption) au lanceur d&rsquo;alerte est envoy\u00e9e dans les 7 jours.<\/p>\t\t\t\t\t\t\t\t<\/div>\n\t\t\t\t<\/div>\n\t\t\t\t<div class=\"elementor-element elementor-element-5d6cdda elementor-widget elementor-widget-text-editor\" data-id=\"5d6cdda\" data-element_type=\"widget\" data-e-type=\"widget\" data-widget_type=\"text-editor.default\">\n\t\t\t\t<div class=\"elementor-widget-container\">\n\t\t\t\t\t\t\t\t\t<h3>Pourquoi utiliser ce genre de service ?<\/h3><p>L&rsquo;utilisation d&rsquo;un tel service garantira l&rsquo;ind\u00e9pendance, r\u00e9duira les charges de travail et aidera une entreprise \u00e0 rester <a href=\"https:\/\/www.whistlelink.com\/fr\/assurez-votre-conformite\/\" target=\"_blank\" rel=\"noopener\">en conformit\u00e9 avec les exigences l\u00e9gales<\/a>.<\/p>\t\t\t\t\t\t\t\t<\/div>\n\t\t\t\t<\/div>\n\t\t\t\t<div class=\"elementor-element elementor-element-b21af18 elementor-widget elementor-widget-spacer\" data-id=\"b21af18\" data-element_type=\"widget\" data-e-type=\"widget\" data-widget_type=\"spacer.default\">\n\t\t\t\t<div class=\"elementor-widget-container\">\n\t\t\t\t\t\t\t<div class=\"elementor-spacer\">\n\t\t\t<div class=\"elementor-spacer-inner\"><\/div>\n\t\t<\/div>\n\t\t\t\t\t\t<\/div>\n\t\t\t\t<\/div>\n\t\t\t\t<div class=\"elementor-element elementor-element-23eae23 elementor-widget elementor-widget-text-editor\" data-id=\"23eae23\" data-element_type=\"widget\" data-e-type=\"widget\" data-widget_type=\"text-editor.default\">\n\t\t\t\t<div class=\"elementor-widget-container\">\n\t\t\t\t\t\t\t\t\t<h3>Qu&rsquo;est-ce qui est inclus dans le service d&rsquo;Intake Management de Whistlelink ?<\/h3>\t\t\t\t\t\t\t\t<\/div>\n\t\t\t\t<\/div>\n\t\t\t\t<section class=\"elementor-section elementor-inner-section elementor-element elementor-element-686306e elementor-section-boxed elementor-section-height-default elementor-section-height-default\" data-id=\"686306e\" data-element_type=\"section\" data-e-type=\"section\">\n\t\t\t\t\t\t<div class=\"elementor-container elementor-column-gap-default\">\n\t\t\t\t\t<div class=\"elementor-column elementor-col-50 elementor-inner-column elementor-element elementor-element-ea1bb6c\" data-id=\"ea1bb6c\" data-element_type=\"column\" data-e-type=\"column\">\n\t\t\t<div class=\"elementor-widget-wrap elementor-element-populated\">\n\t\t\t\t\t\t<div class=\"elementor-element elementor-element-dc3dfc2 elementor-widget-divider--view-line elementor-widget elementor-widget-divider\" data-id=\"dc3dfc2\" data-element_type=\"widget\" data-e-type=\"widget\" data-widget_type=\"divider.default\">\n\t\t\t\t<div class=\"elementor-widget-container\">\n\t\t\t\t\t\t\t<div class=\"elementor-divider\">\n\t\t\t<span class=\"elementor-divider-separator\">\n\t\t\t\t\t\t<\/span>\n\t\t<\/div>\n\t\t\t\t\t\t<\/div>\n\t\t\t\t<\/div>\n\t\t\t\t<div class=\"elementor-element elementor-element-5951811 elementor-widget elementor-widget-text-editor\" data-id=\"5951811\" data-element_type=\"widget\" data-e-type=\"widget\" data-widget_type=\"text-editor.default\">\n\t\t\t\t<div class=\"elementor-widget-container\">\n\t\t\t\t\t\t\t\t\t<h4>Examen de premi\u00e8re ligne<\/h4><p>Whistlelink fournit un examen et une \u00e9valuation de premi\u00e8re ligne de tous les cas signal\u00e9s via votre site Whistlelink. Whistlelink examine les cas dans un d\u00e9lai d&rsquo;un jour ouvrable et, conform\u00e9ment \u00e0 la directive europ\u00e9enne sur les lanceurs d&rsquo;alerte, accuse r\u00e9ception du signalement au lanceur d&rsquo;alerte.<\/p>\t\t\t\t\t\t\t\t<\/div>\n\t\t\t\t<\/div>\n\t\t\t\t\t<\/div>\n\t\t<\/div>\n\t\t\t\t<div class=\"elementor-column elementor-col-50 elementor-inner-column elementor-element elementor-element-198cd5d\" data-id=\"198cd5d\" data-element_type=\"column\" data-e-type=\"column\">\n\t\t\t<div class=\"elementor-widget-wrap elementor-element-populated\">\n\t\t\t\t\t\t<div class=\"elementor-element elementor-element-4f2ac0a elementor-widget-divider--view-line elementor-widget elementor-widget-divider\" data-id=\"4f2ac0a\" data-element_type=\"widget\" data-e-type=\"widget\" data-widget_type=\"divider.default\">\n\t\t\t\t<div class=\"elementor-widget-container\">\n\t\t\t\t\t\t\t<div class=\"elementor-divider\">\n\t\t\t<span class=\"elementor-divider-separator\">\n\t\t\t\t\t\t<\/span>\n\t\t<\/div>\n\t\t\t\t\t\t<\/div>\n\t\t\t\t<\/div>\n\t\t\t\t<div class=\"elementor-element elementor-element-2f804f1 elementor-widget elementor-widget-text-editor\" data-id=\"2f804f1\" data-element_type=\"widget\" data-e-type=\"widget\" data-widget_type=\"text-editor.default\">\n\t\t\t\t<div class=\"elementor-widget-container\">\n\t\t\t\t\t\t\t\t\t<h4>Attribution des cas<\/h4><p>Whistlelink attribuera les alertes \u00e0 la ou aux premi\u00e8res lignes de contact que vous avez choisies. Si votre premi\u00e8re ligne de contact fait partie de l&rsquo;alerte (pas d&rsquo;examen des dossiers), nous attribuerons plut\u00f4t l&rsquo;alerte \u00e0 votre contact de secours. Des instructions suppl\u00e9mentaires du client peuvent survenir, toujours convenues au cas par cas.<\/p>\t\t\t\t\t\t\t\t<\/div>\n\t\t\t\t<\/div>\n\t\t\t\t\t<\/div>\n\t\t<\/div>\n\t\t\t\t\t<\/div>\n\t\t<\/section>\n\t\t\t\t\t<\/div>\n\t\t<\/div>\n\t\t\t\t\t<\/div>\n\t\t<\/section>\n\t\t\t\t<section class=\"elementor-section elementor-top-section elementor-element elementor-element-060cea2 elementor-section-full_width elementor-section-height-default elementor-section-height-default\" data-id=\"060cea2\" data-element_type=\"section\" data-e-type=\"section\" data-settings=\"{&quot;background_background&quot;:&quot;classic&quot;}\">\n\t\t\t\t\t\t\t<div class=\"elementor-background-overlay\"><\/div>\n\t\t\t\t\t\t\t<div class=\"elementor-container elementor-column-gap-default\">\n\t\t\t\t\t<div class=\"elementor-column elementor-col-100 elementor-top-column elementor-element elementor-element-6c455fe\" data-id=\"6c455fe\" data-element_type=\"column\" data-e-type=\"column\">\n\t\t\t<div class=\"elementor-widget-wrap elementor-element-populated\">\n\t\t\t\t\t\t<div class=\"elementor-element elementor-element-7f454c6 elementor-widget elementor-widget-heading\" data-id=\"7f454c6\" data-element_type=\"widget\" data-e-type=\"widget\" data-widget_type=\"heading.default\">\n\t\t\t\t<div class=\"elementor-widget-container\">\n\t\t\t\t\t<h2 class=\"elementor-heading-title elementor-size-default\">Vous avez des questions?<\/h2>\t\t\t\t<\/div>\n\t\t\t\t<\/div>\n\t\t\t\t<div class=\"elementor-element elementor-element-1c2777f elementor-widget elementor-widget-jet-button\" data-id=\"1c2777f\" data-element_type=\"widget\" data-e-type=\"widget\" data-widget_type=\"jet-button.default\">\n\t\t\t\t<div class=\"elementor-widget-container\">\n\t\t\t\t\t<div class=\"elementor-jet-button jet-elements\"><div class=\"jet-button__container\">\n\t<a class=\"jet-button__instance jet-button__instance--icon-left hover-effect-0\" href=\"#contact-menu-anchor\">\n\t\t<div class=\"jet-button__plane jet-button__plane-normal\"><\/div>\n\t\t<div class=\"jet-button__plane jet-button__plane-hover\"><\/div>\n\t\t<div class=\"jet-button__state jet-button__state-normal\">\n\t\t\t<span class=\"jet-button__label\">Nous contacter<\/span>\t\t<\/div>\n\t\t<div class=\"jet-button__state jet-button__state-hover\">\n\t\t\t<span class=\"jet-button__label\">Nous contacter<\/span>\t\t<\/div>\n\t<\/a>\n<\/div>\n<\/div>\t\t\t\t<\/div>\n\t\t\t\t<\/div>\n\t\t\t\t<div class=\"elementor-element elementor-element-e4e2273 elementor-widget elementor-widget-text-editor\" data-id=\"e4e2273\" data-element_type=\"widget\" data-e-type=\"widget\" data-widget_type=\"text-editor.default\">\n\t\t\t\t<div class=\"elementor-widget-container\">\n\t\t\t\t\t\t\t\t\t<p>Nous sommes \u00e0 votre disposition pour y r\u00e9pondre.<\/p>\t\t\t\t\t\t\t\t<\/div>\n\t\t\t\t<\/div>\n\t\t\t\t\t<\/div>\n\t\t<\/div>\n\t\t\t\t\t<\/div>\n\t\t<\/section>\n\t\t\t\t<\/div>\n\t\t","protected":false},"excerpt":{"rendered":"<p>Services de lancement d&rsquo;alerte Qu&rsquo;est-ce que notre service d&rsquo;Intake Management\u00a0? Un service d&rsquo;Intake Management est lorsqu&rsquo;une organisation utilise un tiers pour recevoir les rapports initiaux envoy\u00e9s via un syst\u00e8me de lancement d&rsquo;alerte. L&rsquo;entreprise destinataire effectue des v\u00e9rifications initiales pour s&rsquo;assurer que le rapport est attribu\u00e9 \u00e0 la ou aux bonnes personnes. L&rsquo;entreprise destinataire s&rsquo;assure \u00e9galement [&hellip;]<\/p>\n","protected":false},"author":11,"featured_media":0,"parent":0,"menu_order":0,"comment_status":"closed","ping_status":"closed","template":"","meta":{"footnotes":""},"class_list":["post-16983","page","type-page","status-publish","hentry"],"yoast_head":"<!-- This site is optimized with the Yoast SEO Premium plugin v27.2 (Yoast SEO v27.3) - https:\/\/yoast.com\/product\/yoast-seo-premium-wordpress\/ -->\n<title>Service d&#039;Intake Management - Whistlelink<\/title>\n<meta name=\"description\" content=\"Ajoutez le service d&#039;Intake Management \u00e0 votre plan pour r\u00e9duire votre charge de travail, garantir l&#039;anonymat et respecter les exigences de l&#039;UE.\" \/>\n<meta name=\"robots\" content=\"index, follow, max-snippet:-1, max-image-preview:large, max-video-preview:-1\" \/>\n<link rel=\"canonical\" href=\"https:\/\/www.whistlelink.com\/fr\/service-dintake-management\/\" \/>\n<meta property=\"og:locale\" content=\"fr_FR\" \/>\n<meta property=\"og:type\" content=\"article\" \/>\n<meta property=\"og:title\" content=\"Service d&#039;Intake Management\" \/>\n<meta property=\"og:description\" content=\"Ajoutez le service d&#039;Intake Management \u00e0 votre plan pour r\u00e9duire votre charge de travail, garantir l&#039;anonymat et respecter les exigences de l&#039;UE.\" \/>\n<meta property=\"og:url\" content=\"https:\/\/www.whistlelink.com\/fr\/service-dintake-management\/\" \/>\n<meta property=\"og:site_name\" content=\"Whistlelink\" \/>\n<meta property=\"article:publisher\" content=\"https:\/\/www.facebook.com\/whistlelink\/\" \/>\n<meta property=\"article:modified_time\" content=\"2022-11-10T10:40:37+00:00\" \/>\n<meta name=\"twitter:card\" content=\"summary_large_image\" \/>\n<meta name=\"twitter:label1\" content=\"Dur\u00e9e de lecture estim\u00e9e\" \/>\n\t<meta name=\"twitter:data1\" content=\"2 minutes\" \/>\n<script type=\"application\/ld+json\" class=\"yoast-schema-graph\">{\"@context\":\"https:\\\/\\\/schema.org\",\"@graph\":[{\"@type\":\"WebPage\",\"@id\":\"https:\\\/\\\/www.whistlelink.com\\\/fr\\\/service-dintake-management\\\/\",\"url\":\"https:\\\/\\\/www.whistlelink.com\\\/fr\\\/service-dintake-management\\\/\",\"name\":\"Service d'Intake Management - Whistlelink\",\"isPartOf\":{\"@id\":\"https:\\\/\\\/www.whistlelink.com\\\/fr\\\/#website\"},\"datePublished\":\"2021-05-27T14:26:47+00:00\",\"dateModified\":\"2022-11-10T10:40:37+00:00\",\"description\":\"Ajoutez le service d'Intake Management \u00e0 votre plan pour r\u00e9duire votre charge de travail, garantir l'anonymat et respecter les exigences de l'UE.\",\"breadcrumb\":{\"@id\":\"https:\\\/\\\/www.whistlelink.com\\\/fr\\\/service-dintake-management\\\/#breadcrumb\"},\"inLanguage\":\"fr-FR\",\"potentialAction\":[{\"@type\":\"ReadAction\",\"target\":[\"https:\\\/\\\/www.whistlelink.com\\\/fr\\\/service-dintake-management\\\/\"]}]},{\"@type\":\"BreadcrumbList\",\"@id\":\"https:\\\/\\\/www.whistlelink.com\\\/fr\\\/service-dintake-management\\\/#breadcrumb\",\"itemListElement\":[{\"@type\":\"ListItem\",\"position\":1,\"name\":\"Home\",\"item\":\"https:\\\/\\\/www.whistlelink.com\\\/fr\\\/\"},{\"@type\":\"ListItem\",\"position\":2,\"name\":\"Service d&#8217;Intake Management\"}]},{\"@type\":\"WebSite\",\"@id\":\"https:\\\/\\\/www.whistlelink.com\\\/fr\\\/#website\",\"url\":\"https:\\\/\\\/www.whistlelink.com\\\/fr\\\/\",\"name\":\"Whistlelink\",\"description\":\"A trusted provider of secure whistleblowing solutions.\",\"publisher\":{\"@id\":\"https:\\\/\\\/www.whistlelink.com\\\/fr\\\/#organization\"},\"potentialAction\":[{\"@type\":\"SearchAction\",\"target\":{\"@type\":\"EntryPoint\",\"urlTemplate\":\"https:\\\/\\\/www.whistlelink.com\\\/fr\\\/?s={search_term_string}\"},\"query-input\":{\"@type\":\"PropertyValueSpecification\",\"valueRequired\":true,\"valueName\":\"search_term_string\"}}],\"inLanguage\":\"fr-FR\"},{\"@type\":\"Organization\",\"@id\":\"https:\\\/\\\/www.whistlelink.com\\\/fr\\\/#organization\",\"name\":\"Whistlelink\",\"url\":\"https:\\\/\\\/www.whistlelink.com\\\/fr\\\/\",\"logo\":{\"@type\":\"ImageObject\",\"inLanguage\":\"fr-FR\",\"@id\":\"https:\\\/\\\/www.whistlelink.com\\\/fr\\\/#\\\/schema\\\/logo\\\/image\\\/\",\"url\":\"https:\\\/\\\/www.whistlelink.com\\\/wp-content\\\/uploads\\\/2021\\\/07\\\/WhistlelinkLogoEmail.png\",\"contentUrl\":\"https:\\\/\\\/www.whistlelink.com\\\/wp-content\\\/uploads\\\/2021\\\/07\\\/WhistlelinkLogoEmail.png\",\"width\":704,\"height\":75,\"caption\":\"Whistlelink\"},\"image\":{\"@id\":\"https:\\\/\\\/www.whistlelink.com\\\/fr\\\/#\\\/schema\\\/logo\\\/image\\\/\"},\"sameAs\":[\"https:\\\/\\\/www.facebook.com\\\/whistlelink\\\/\",\"https:\\\/\\\/www.linkedin.com\\\/company\\\/whistlelink\\\/\",\"https:\\\/\\\/vimeo.com\\\/user152082481\"]}]}<\/script>\n<!-- \/ Yoast SEO Premium plugin. -->","yoast_head_json":{"title":"Service d'Intake Management - Whistlelink","description":"Ajoutez le service d'Intake Management \u00e0 votre plan pour r\u00e9duire votre charge de travail, garantir l'anonymat et respecter les exigences de l'UE.","robots":{"index":"index","follow":"follow","max-snippet":"max-snippet:-1","max-image-preview":"max-image-preview:large","max-video-preview":"max-video-preview:-1"},"canonical":"https:\/\/www.whistlelink.com\/fr\/service-dintake-management\/","og_locale":"fr_FR","og_type":"article","og_title":"Service d'Intake Management","og_description":"Ajoutez le service d'Intake Management \u00e0 votre plan pour r\u00e9duire votre charge de travail, garantir l'anonymat et respecter les exigences de l'UE.","og_url":"https:\/\/www.whistlelink.com\/fr\/service-dintake-management\/","og_site_name":"Whistlelink","article_publisher":"https:\/\/www.facebook.com\/whistlelink\/","article_modified_time":"2022-11-10T10:40:37+00:00","twitter_card":"summary_large_image","twitter_misc":{"Dur\u00e9e de lecture estim\u00e9e":"2 minutes"},"schema":{"@context":"https:\/\/schema.org","@graph":[{"@type":"WebPage","@id":"https:\/\/www.whistlelink.com\/fr\/service-dintake-management\/","url":"https:\/\/www.whistlelink.com\/fr\/service-dintake-management\/","name":"Service d'Intake Management - Whistlelink","isPartOf":{"@id":"https:\/\/www.whistlelink.com\/fr\/#website"},"datePublished":"2021-05-27T14:26:47+00:00","dateModified":"2022-11-10T10:40:37+00:00","description":"Ajoutez le service d'Intake Management \u00e0 votre plan pour r\u00e9duire votre charge de travail, garantir l'anonymat et respecter les exigences de l'UE.","breadcrumb":{"@id":"https:\/\/www.whistlelink.com\/fr\/service-dintake-management\/#breadcrumb"},"inLanguage":"fr-FR","potentialAction":[{"@type":"ReadAction","target":["https:\/\/www.whistlelink.com\/fr\/service-dintake-management\/"]}]},{"@type":"BreadcrumbList","@id":"https:\/\/www.whistlelink.com\/fr\/service-dintake-management\/#breadcrumb","itemListElement":[{"@type":"ListItem","position":1,"name":"Home","item":"https:\/\/www.whistlelink.com\/fr\/"},{"@type":"ListItem","position":2,"name":"Service d&#8217;Intake Management"}]},{"@type":"WebSite","@id":"https:\/\/www.whistlelink.com\/fr\/#website","url":"https:\/\/www.whistlelink.com\/fr\/","name":"Whistlelink","description":"A trusted provider of secure whistleblowing solutions.","publisher":{"@id":"https:\/\/www.whistlelink.com\/fr\/#organization"},"potentialAction":[{"@type":"SearchAction","target":{"@type":"EntryPoint","urlTemplate":"https:\/\/www.whistlelink.com\/fr\/?s={search_term_string}"},"query-input":{"@type":"PropertyValueSpecification","valueRequired":true,"valueName":"search_term_string"}}],"inLanguage":"fr-FR"},{"@type":"Organization","@id":"https:\/\/www.whistlelink.com\/fr\/#organization","name":"Whistlelink","url":"https:\/\/www.whistlelink.com\/fr\/","logo":{"@type":"ImageObject","inLanguage":"fr-FR","@id":"https:\/\/www.whistlelink.com\/fr\/#\/schema\/logo\/image\/","url":"https:\/\/www.whistlelink.com\/wp-content\/uploads\/2021\/07\/WhistlelinkLogoEmail.png","contentUrl":"https:\/\/www.whistlelink.com\/wp-content\/uploads\/2021\/07\/WhistlelinkLogoEmail.png","width":704,"height":75,"caption":"Whistlelink"},"image":{"@id":"https:\/\/www.whistlelink.com\/fr\/#\/schema\/logo\/image\/"},"sameAs":["https:\/\/www.facebook.com\/whistlelink\/","https:\/\/www.linkedin.com\/company\/whistlelink\/","https:\/\/vimeo.com\/user152082481"]}]}},"_links":{"self":[{"href":"https:\/\/www.whistlelink.com\/fr\/wp-json\/wp\/v2\/pages\/16983","targetHints":{"allow":["GET"]}}],"collection":[{"href":"https:\/\/www.whistlelink.com\/fr\/wp-json\/wp\/v2\/pages"}],"about":[{"href":"https:\/\/www.whistlelink.com\/fr\/wp-json\/wp\/v2\/types\/page"}],"author":[{"embeddable":true,"href":"https:\/\/www.whistlelink.com\/fr\/wp-json\/wp\/v2\/users\/11"}],"replies":[{"embeddable":true,"href":"https:\/\/www.whistlelink.com\/fr\/wp-json\/wp\/v2\/comments?post=16983"}],"version-history":[{"count":0,"href":"https:\/\/www.whistlelink.com\/fr\/wp-json\/wp\/v2\/pages\/16983\/revisions"}],"wp:attachment":[{"href":"https:\/\/www.whistlelink.com\/fr\/wp-json\/wp\/v2\/media?parent=16983"}],"curies":[{"name":"wp","href":"https:\/\/api.w.org\/{rel}","templated":true}]}}