{"id":39584,"date":"2022-09-14T11:06:47","date_gmt":"2022-09-14T10:06:47","guid":{"rendered":"https:\/\/www.whistlelink.com\/?page_id=39584"},"modified":"2025-03-05T13:28:05","modified_gmt":"2025-03-05T12:28:05","slug":"assistance-whistlelink","status":"publish","type":"page","link":"https:\/\/www.whistlelink.com\/fr\/assistance-whistlelink\/","title":{"rendered":"Entrer en contact"},"content":{"rendered":"\t\t<div data-elementor-type=\"wp-page\" data-elementor-id=\"39584\" class=\"elementor elementor-39584 elementor-38382\" data-elementor-post-type=\"page\">\n\t\t\t\t\t\t<section class=\"elementor-section elementor-top-section elementor-element elementor-element-4375600d elementor-section-items-top elementor-section-full_width elementor-section-height-min-height elementor-section-height-default\" data-id=\"4375600d\" data-element_type=\"section\" data-e-type=\"section\" data-settings=\"{&quot;background_background&quot;:&quot;classic&quot;}\">\n\t\t\t\t\t\t\t<div class=\"elementor-background-overlay\"><\/div>\n\t\t\t\t\t\t\t<div class=\"elementor-container elementor-column-gap-default\">\n\t\t\t\t\t<div class=\"elementor-column elementor-col-100 elementor-top-column elementor-element elementor-element-2d49521c\" data-id=\"2d49521c\" data-element_type=\"column\" data-e-type=\"column\">\n\t\t\t<div class=\"elementor-widget-wrap elementor-element-populated\">\n\t\t\t\t\t\t<div class=\"elementor-element elementor-element-4b6124f elementor-widget elementor-widget-jet-headline\" data-id=\"4b6124f\" data-element_type=\"widget\" data-e-type=\"widget\" data-widget_type=\"jet-headline.default\">\n\t\t\t\t<div class=\"elementor-widget-container\">\n\t\t\t\t\t<h2 class=\"jet-headline jet-headline--direction-vertical\"><span class=\"jet-headline__part jet-headline__second\"><span class=\"jet-headline__label\">Entrer en contact<\/span><\/span><\/h2>\t\t\t\t<\/div>\n\t\t\t\t<\/div>\n\t\t\t\t\t<\/div>\n\t\t<\/div>\n\t\t\t\t\t<\/div>\n\t\t<\/section>\n\t\t\t\t<section class=\"elementor-section elementor-top-section elementor-element elementor-element-66f8a22e elementor-section-boxed elementor-section-height-default elementor-section-height-default\" data-id=\"66f8a22e\" data-element_type=\"section\" data-e-type=\"section\" data-settings=\"{&quot;background_background&quot;:&quot;classic&quot;}\">\n\t\t\t\t\t\t<div class=\"elementor-container elementor-column-gap-default\">\n\t\t\t\t\t<div class=\"elementor-column elementor-col-100 elementor-top-column elementor-element elementor-element-5139484e\" data-id=\"5139484e\" data-element_type=\"column\" data-e-type=\"column\">\n\t\t\t<div class=\"elementor-widget-wrap elementor-element-populated\">\n\t\t\t\t\t\t<section class=\"elementor-section elementor-inner-section elementor-element elementor-element-79145ece elementor-section-boxed elementor-section-height-default elementor-section-height-default\" data-id=\"79145ece\" data-element_type=\"section\" data-e-type=\"section\">\n\t\t\t\t\t\t<div class=\"elementor-container elementor-column-gap-default\">\n\t\t\t\t\t<div class=\"elementor-column elementor-col-50 elementor-inner-column elementor-element elementor-element-1bc65b01\" data-id=\"1bc65b01\" data-element_type=\"column\" data-e-type=\"column\">\n\t\t\t<div class=\"elementor-widget-wrap elementor-element-populated\">\n\t\t\t\t\t\t<div class=\"elementor-element elementor-element-2498c4e elementor-widget-divider--view-line elementor-widget elementor-widget-divider\" data-id=\"2498c4e\" data-element_type=\"widget\" data-e-type=\"widget\" data-widget_type=\"divider.default\">\n\t\t\t\t<div class=\"elementor-widget-container\">\n\t\t\t\t\t\t\t<div class=\"elementor-divider\">\n\t\t\t<span class=\"elementor-divider-separator\">\n\t\t\t\t\t\t<\/span>\n\t\t<\/div>\n\t\t\t\t\t\t<\/div>\n\t\t\t\t<\/div>\n\t\t\t\t<div class=\"elementor-element elementor-element-36d422f7 elementor-widget elementor-widget-text-editor\" data-id=\"36d422f7\" data-element_type=\"widget\" data-e-type=\"widget\" data-widget_type=\"text-editor.default\">\n\t\t\t\t<div class=\"elementor-widget-container\">\n\t\t\t\t\t\t\t\t\t<p>Vous avez des questions sur le forfait qui convient le mieux \u00e0 votre organisation ou sur la mani\u00e8re de tirer le meilleur parti de Whistlelink\u00a0?<\/p>\t\t\t\t\t\t\t\t<\/div>\n\t\t\t\t<\/div>\n\t\t\t\t<div class=\"elementor-element elementor-element-437f0b5e elementor-widget elementor-widget-jet-button\" data-id=\"437f0b5e\" data-element_type=\"widget\" data-e-type=\"widget\" data-widget_type=\"jet-button.default\">\n\t\t\t\t<div class=\"elementor-widget-container\">\n\t\t\t\t\t<div class=\"elementor-jet-button jet-elements\"><div class=\"jet-button__container\">\n\t<a class=\"jet-button__instance jet-button__instance--icon-left hover-effect-0\" href=\"#contact-menu-anchor-fr\">\n\t\t<div class=\"jet-button__plane jet-button__plane-normal\"><\/div>\n\t\t<div class=\"jet-button__plane jet-button__plane-hover\"><\/div>\n\t\t<div class=\"jet-button__state jet-button__state-normal\">\n\t\t\t<span class=\"jet-button__label\">Contacter le service commercial<\/span>\t\t<\/div>\n\t\t<div class=\"jet-button__state jet-button__state-hover\">\n\t\t\t<span class=\"jet-button__label\">Contacter le service commercial<\/span>\t\t<\/div>\n\t<\/a>\n<\/div>\n<\/div>\t\t\t\t<\/div>\n\t\t\t\t<\/div>\n\t\t\t\t\t<\/div>\n\t\t<\/div>\n\t\t\t\t<div class=\"elementor-column elementor-col-50 elementor-inner-column elementor-element elementor-element-35e6e67\" data-id=\"35e6e67\" data-element_type=\"column\" data-e-type=\"column\">\n\t\t\t<div class=\"elementor-widget-wrap elementor-element-populated\">\n\t\t\t\t\t\t<div class=\"elementor-element elementor-element-49fdc3f5 elementor-widget-divider--view-line elementor-widget elementor-widget-divider\" data-id=\"49fdc3f5\" data-element_type=\"widget\" data-e-type=\"widget\" data-widget_type=\"divider.default\">\n\t\t\t\t<div class=\"elementor-widget-container\">\n\t\t\t\t\t\t\t<div class=\"elementor-divider\">\n\t\t\t<span class=\"elementor-divider-separator\">\n\t\t\t\t\t\t<\/span>\n\t\t<\/div>\n\t\t\t\t\t\t<\/div>\n\t\t\t\t<\/div>\n\t\t\t\t<div class=\"elementor-element elementor-element-15852650 elementor-widget elementor-widget-text-editor\" data-id=\"15852650\" data-element_type=\"widget\" data-e-type=\"widget\" data-widget_type=\"text-editor.default\">\n\t\t\t\t<div class=\"elementor-widget-container\">\n\t\t\t\t\t\t\t\t\t<p>Avez-vous besoin de r\u00e9ponses rapides sur le produit ou rencontrez-vous des probl\u00e8mes ? Nous sommes l\u00e0 pour vous aider.<\/p>\t\t\t\t\t\t\t\t<\/div>\n\t\t\t\t<\/div>\n\t\t\t\t<div class=\"elementor-element elementor-element-1e07e42 elementor-widget elementor-widget-jet-button\" data-id=\"1e07e42\" data-element_type=\"widget\" data-e-type=\"widget\" data-widget_type=\"jet-button.default\">\n\t\t\t\t<div class=\"elementor-widget-container\">\n\t\t\t\t\t<div class=\"elementor-jet-button jet-elements\"><div class=\"jet-button__container\">\n\t<a class=\"jet-button__instance jet-button__instance--icon-left hover-effect-0\" href=\"mailto:support@whistlelink.com\">\n\t\t<div class=\"jet-button__plane jet-button__plane-normal\"><\/div>\n\t\t<div class=\"jet-button__plane jet-button__plane-hover\"><\/div>\n\t\t<div class=\"jet-button__state jet-button__state-normal\">\n\t\t\t<span class=\"jet-button__label\">Contactez l'assistance<\/span>\t\t<\/div>\n\t\t<div class=\"jet-button__state jet-button__state-hover\">\n\t\t\t<span class=\"jet-button__label\">Contactez l'assistance<\/span>\t\t<\/div>\n\t<\/a>\n<\/div>\n<\/div>\t\t\t\t<\/div>\n\t\t\t\t<\/div>\n\t\t\t\t<div class=\"elementor-element elementor-element-f051ce6 elementor-widget elementor-widget-spacer\" data-id=\"f051ce6\" data-element_type=\"widget\" data-e-type=\"widget\" data-widget_type=\"spacer.default\">\n\t\t\t\t<div class=\"elementor-widget-container\">\n\t\t\t\t\t\t\t<div class=\"elementor-spacer\">\n\t\t\t<div class=\"elementor-spacer-inner\"><\/div>\n\t\t<\/div>\n\t\t\t\t\t\t<\/div>\n\t\t\t\t<\/div>\n\t\t\t\t<div class=\"elementor-element elementor-element-ed87083 elementor-widget elementor-widget-text-editor\" data-id=\"ed87083\" data-element_type=\"widget\" data-e-type=\"widget\" data-widget_type=\"text-editor.default\">\n\t\t\t\t<div class=\"elementor-widget-container\">\n\t\t\t\t\t\t\t\t\t<p><em>Attention : Veuillez vous assurer de ne pas inclure d&rsquo;informations ou de donn\u00e9es personnelles provenant de cas de lancement d&rsquo;alerte sp\u00e9cifiques. Si de telles informations sont incluses, le dossier d&rsquo;assistance sera imm\u00e9diatement supprim\u00e9.<\/em><\/p>\t\t\t\t\t\t\t\t<\/div>\n\t\t\t\t<\/div>\n\t\t\t\t\t<\/div>\n\t\t<\/div>\n\t\t\t\t\t<\/div>\n\t\t<\/section>\n\t\t\t\t\t<\/div>\n\t\t<\/div>\n\t\t\t\t\t<\/div>\n\t\t<\/section>\n\t\t\t\t<section class=\"elementor-section elementor-top-section elementor-element elementor-element-70fbfd88 elementor-section-boxed elementor-section-height-default elementor-section-height-default\" data-id=\"70fbfd88\" data-element_type=\"section\" data-e-type=\"section\" data-settings=\"{&quot;background_background&quot;:&quot;classic&quot;}\">\n\t\t\t\t\t\t<div class=\"elementor-container elementor-column-gap-default\">\n\t\t\t\t\t<div class=\"elementor-column elementor-col-100 elementor-top-column elementor-element elementor-element-319f5a0e\" data-id=\"319f5a0e\" data-element_type=\"column\" data-e-type=\"column\">\n\t\t\t<div class=\"elementor-widget-wrap elementor-element-populated\">\n\t\t\t\t\t\t<div class=\"elementor-element elementor-element-66a6b23 elementor-widget elementor-widget-html\" data-id=\"66a6b23\" data-element_type=\"widget\" data-e-type=\"widget\" data-widget_type=\"html.default\">\n\t\t\t\t<div class=\"elementor-widget-container\">\n\t\t\t\t\t<ld-slot name=\"https:\/\/www.whistlelink.com\/product\/\" \/>\t\t\t\t<\/div>\n\t\t\t\t<\/div>\n\t\t\t\t\t<\/div>\n\t\t<\/div>\n\t\t\t\t\t<\/div>\n\t\t<\/section>\n\t\t\t\t<section class=\"elementor-section elementor-top-section elementor-element elementor-element-2a0e4b87 elementor-section-full_width elementor-section-height-default elementor-section-height-default\" data-id=\"2a0e4b87\" data-element_type=\"section\" data-e-type=\"section\" data-settings=\"{&quot;background_background&quot;:&quot;classic&quot;}\">\n\t\t\t\t\t\t\t<div class=\"elementor-background-overlay\"><\/div>\n\t\t\t\t\t\t\t<div class=\"elementor-container elementor-column-gap-default\">\n\t\t\t\t\t<div class=\"elementor-column elementor-col-100 elementor-top-column elementor-element elementor-element-31c86283\" data-id=\"31c86283\" data-element_type=\"column\" data-e-type=\"column\">\n\t\t\t<div class=\"elementor-widget-wrap elementor-element-populated\">\n\t\t\t\t\t\t<div class=\"elementor-element elementor-element-1ae37472 elementor-widget elementor-widget-heading\" data-id=\"1ae37472\" data-element_type=\"widget\" data-e-type=\"widget\" data-widget_type=\"heading.default\">\n\t\t\t\t<div class=\"elementor-widget-container\">\n\t\t\t\t\t<h3 class=\"elementor-heading-title elementor-size-default\">Pas encore client ? <br>\nEssayez Whistlelink gratuitement !<\/h3>\t\t\t\t<\/div>\n\t\t\t\t<\/div>\n\t\t\t\t<div class=\"elementor-element elementor-element-bf28430 elementor-widget elementor-widget-jet-button\" data-id=\"bf28430\" data-element_type=\"widget\" data-e-type=\"widget\" data-widget_type=\"jet-button.default\">\n\t\t\t\t<div class=\"elementor-widget-container\">\n\t\t\t\t\t<div class=\"elementor-jet-button jet-elements\"><div class=\"jet-button__container\">\n\t<a class=\"jet-button__instance jet-button__instance--icon-left hover-effect-0\" href=\"https:\/\/clients.whistlelink.com\/register\/\">\n\t\t<div class=\"jet-button__plane jet-button__plane-normal\"><\/div>\n\t\t<div class=\"jet-button__plane jet-button__plane-hover\"><\/div>\n\t\t<div class=\"jet-button__state jet-button__state-normal\">\n\t\t\t<span class=\"jet-button__label\">Essai gratuit<\/span>\t\t<\/div>\n\t\t<div class=\"jet-button__state jet-button__state-hover\">\n\t\t\t<span class=\"jet-button__label\">Essai gratuit<\/span>\t\t<\/div>\n\t<\/a>\n<\/div>\n<\/div>\t\t\t\t<\/div>\n\t\t\t\t<\/div>\n\t\t\t\t<div class=\"elementor-element elementor-element-2d79466d elementor-widget elementor-widget-heading\" data-id=\"2d79466d\" data-element_type=\"widget\" data-e-type=\"widget\" data-widget_type=\"heading.default\">\n\t\t\t\t<div class=\"elementor-widget-container\">\n\t\t\t\t\t<h4 class=\"elementor-heading-title elementor-size-default\">Acc\u00e8s complet de 30 jours<\/h4>\t\t\t\t<\/div>\n\t\t\t\t<\/div>\n\t\t\t\t<div class=\"elementor-element elementor-element-781f8153 text-editor-white elementor-widget elementor-widget-text-editor\" data-id=\"781f8153\" data-element_type=\"widget\" data-e-type=\"widget\" data-widget_type=\"text-editor.default\">\n\t\t\t\t<div class=\"elementor-widget-container\">\n\t\t\t\t\t\t\t\t\t<p>Pas de carte de cr\u00e9dit n\u00e9cessaire<\/p>\t\t\t\t\t\t\t\t<\/div>\n\t\t\t\t<\/div>\n\t\t\t\t\t<\/div>\n\t\t<\/div>\n\t\t\t\t\t<\/div>\n\t\t<\/section>\n\t\t\t\t<\/div>\n\t\t","protected":false},"excerpt":{"rendered":"<p>Entrer en contact Vous avez des questions sur le forfait qui convient le mieux \u00e0 votre organisation ou sur la mani\u00e8re de tirer le meilleur parti de Whistlelink\u00a0? Contacter le service commercial Contacter le service commercial Avez-vous besoin de r\u00e9ponses rapides sur le produit ou rencontrez-vous des probl\u00e8mes ? Nous sommes l\u00e0 pour vous aider. [&hellip;]<\/p>\n","protected":false},"author":15,"featured_media":0,"parent":0,"menu_order":0,"comment_status":"closed","ping_status":"closed","template":"elementor_header_footer","meta":{"footnotes":""},"class_list":["post-39584","page","type-page","status-publish","hentry"],"yoast_head":"<!-- This site is optimized with the Yoast SEO Premium plugin v27.3 (Yoast SEO v27.4) - https:\/\/yoast.com\/product\/yoast-seo-premium-wordpress\/ -->\n<title>Assistance Whistlelink<\/title>\n<meta name=\"description\" content=\"Vous avez des questions sur Whistlelink, nos forfaits ou le produit ? Nous sommes l\u00e0 pour vous aider ! Contactez le support Whistlelink ou lisez notre FAQ.\" \/>\n<meta name=\"robots\" content=\"index, follow, max-snippet:-1, max-image-preview:large, max-video-preview:-1\" \/>\n<link rel=\"canonical\" href=\"https:\/\/www.whistlelink.com\/fr\/assistance-whistlelink\/\" \/>\n<meta property=\"og:locale\" content=\"fr_FR\" \/>\n<meta property=\"og:type\" content=\"article\" \/>\n<meta property=\"og:title\" content=\"Entrer en contact\" \/>\n<meta property=\"og:description\" content=\"Vous avez des questions sur Whistlelink, nos forfaits ou le produit ? Nous sommes l\u00e0 pour vous aider ! Contactez le support Whistlelink ou lisez notre FAQ.\" \/>\n<meta property=\"og:url\" content=\"https:\/\/www.whistlelink.com\/fr\/assistance-whistlelink\/\" \/>\n<meta property=\"og:site_name\" content=\"Whistlelink\" \/>\n<meta property=\"article:publisher\" content=\"https:\/\/www.facebook.com\/whistlelink\/\" \/>\n<meta property=\"article:modified_time\" content=\"2025-03-05T12:28:05+00:00\" \/>\n<meta name=\"twitter:card\" content=\"summary_large_image\" \/>\n<meta name=\"twitter:label1\" content=\"Dur\u00e9e de lecture estim\u00e9e\" \/>\n\t<meta name=\"twitter:data1\" content=\"1 minute\" \/>\n<script type=\"application\/ld+json\" class=\"yoast-schema-graph\">{\"@context\":\"https:\\\/\\\/schema.org\",\"@graph\":[{\"@type\":\"WebPage\",\"@id\":\"https:\\\/\\\/www.whistlelink.com\\\/fr\\\/assistance-whistlelink\\\/\",\"url\":\"https:\\\/\\\/www.whistlelink.com\\\/fr\\\/assistance-whistlelink\\\/\",\"name\":\"Assistance Whistlelink\",\"isPartOf\":{\"@id\":\"https:\\\/\\\/www.whistlelink.com\\\/fr\\\/#website\"},\"datePublished\":\"2022-09-14T10:06:47+00:00\",\"dateModified\":\"2025-03-05T12:28:05+00:00\",\"description\":\"Vous avez des questions sur Whistlelink, nos forfaits ou le produit ? Nous sommes l\u00e0 pour vous aider ! Contactez le support Whistlelink ou lisez notre FAQ.\",\"breadcrumb\":{\"@id\":\"https:\\\/\\\/www.whistlelink.com\\\/fr\\\/assistance-whistlelink\\\/#breadcrumb\"},\"inLanguage\":\"fr-FR\",\"potentialAction\":[{\"@type\":\"ReadAction\",\"target\":[\"https:\\\/\\\/www.whistlelink.com\\\/fr\\\/assistance-whistlelink\\\/\"]}]},{\"@type\":\"BreadcrumbList\",\"@id\":\"https:\\\/\\\/www.whistlelink.com\\\/fr\\\/assistance-whistlelink\\\/#breadcrumb\",\"itemListElement\":[{\"@type\":\"ListItem\",\"position\":1,\"name\":\"Home\",\"item\":\"https:\\\/\\\/www.whistlelink.com\\\/fr\\\/\"},{\"@type\":\"ListItem\",\"position\":2,\"name\":\"Entrer en contact\"}]},{\"@type\":\"WebSite\",\"@id\":\"https:\\\/\\\/www.whistlelink.com\\\/fr\\\/#website\",\"url\":\"https:\\\/\\\/www.whistlelink.com\\\/fr\\\/\",\"name\":\"Whistlelink\",\"description\":\"A trusted provider of secure whistleblowing solutions.\",\"publisher\":{\"@id\":\"https:\\\/\\\/www.whistlelink.com\\\/fr\\\/#organization\"},\"potentialAction\":[{\"@type\":\"SearchAction\",\"target\":{\"@type\":\"EntryPoint\",\"urlTemplate\":\"https:\\\/\\\/www.whistlelink.com\\\/fr\\\/?s={search_term_string}\"},\"query-input\":{\"@type\":\"PropertyValueSpecification\",\"valueRequired\":true,\"valueName\":\"search_term_string\"}}],\"inLanguage\":\"fr-FR\"},{\"@type\":\"Organization\",\"@id\":\"https:\\\/\\\/www.whistlelink.com\\\/fr\\\/#organization\",\"name\":\"Whistlelink\",\"url\":\"https:\\\/\\\/www.whistlelink.com\\\/fr\\\/\",\"logo\":{\"@type\":\"ImageObject\",\"inLanguage\":\"fr-FR\",\"@id\":\"https:\\\/\\\/www.whistlelink.com\\\/fr\\\/#\\\/schema\\\/logo\\\/image\\\/\",\"url\":\"https:\\\/\\\/www.whistlelink.com\\\/wp-content\\\/uploads\\\/2021\\\/07\\\/WhistlelinkLogoEmail.png\",\"contentUrl\":\"https:\\\/\\\/www.whistlelink.com\\\/wp-content\\\/uploads\\\/2021\\\/07\\\/WhistlelinkLogoEmail.png\",\"width\":704,\"height\":75,\"caption\":\"Whistlelink\"},\"image\":{\"@id\":\"https:\\\/\\\/www.whistlelink.com\\\/fr\\\/#\\\/schema\\\/logo\\\/image\\\/\"},\"sameAs\":[\"https:\\\/\\\/www.facebook.com\\\/whistlelink\\\/\",\"https:\\\/\\\/www.linkedin.com\\\/company\\\/whistlelink\\\/\",\"https:\\\/\\\/vimeo.com\\\/user152082481\"]}]}<\/script>\n<!-- \/ Yoast SEO Premium plugin. -->","yoast_head_json":{"title":"Assistance Whistlelink","description":"Vous avez des questions sur Whistlelink, nos forfaits ou le produit ? Nous sommes l\u00e0 pour vous aider ! Contactez le support Whistlelink ou lisez notre FAQ.","robots":{"index":"index","follow":"follow","max-snippet":"max-snippet:-1","max-image-preview":"max-image-preview:large","max-video-preview":"max-video-preview:-1"},"canonical":"https:\/\/www.whistlelink.com\/fr\/assistance-whistlelink\/","og_locale":"fr_FR","og_type":"article","og_title":"Entrer en contact","og_description":"Vous avez des questions sur Whistlelink, nos forfaits ou le produit ? Nous sommes l\u00e0 pour vous aider ! Contactez le support Whistlelink ou lisez notre FAQ.","og_url":"https:\/\/www.whistlelink.com\/fr\/assistance-whistlelink\/","og_site_name":"Whistlelink","article_publisher":"https:\/\/www.facebook.com\/whistlelink\/","article_modified_time":"2025-03-05T12:28:05+00:00","twitter_card":"summary_large_image","twitter_misc":{"Dur\u00e9e de lecture estim\u00e9e":"1 minute"},"schema":{"@context":"https:\/\/schema.org","@graph":[{"@type":"WebPage","@id":"https:\/\/www.whistlelink.com\/fr\/assistance-whistlelink\/","url":"https:\/\/www.whistlelink.com\/fr\/assistance-whistlelink\/","name":"Assistance Whistlelink","isPartOf":{"@id":"https:\/\/www.whistlelink.com\/fr\/#website"},"datePublished":"2022-09-14T10:06:47+00:00","dateModified":"2025-03-05T12:28:05+00:00","description":"Vous avez des questions sur Whistlelink, nos forfaits ou le produit ? Nous sommes l\u00e0 pour vous aider ! Contactez le support Whistlelink ou lisez notre FAQ.","breadcrumb":{"@id":"https:\/\/www.whistlelink.com\/fr\/assistance-whistlelink\/#breadcrumb"},"inLanguage":"fr-FR","potentialAction":[{"@type":"ReadAction","target":["https:\/\/www.whistlelink.com\/fr\/assistance-whistlelink\/"]}]},{"@type":"BreadcrumbList","@id":"https:\/\/www.whistlelink.com\/fr\/assistance-whistlelink\/#breadcrumb","itemListElement":[{"@type":"ListItem","position":1,"name":"Home","item":"https:\/\/www.whistlelink.com\/fr\/"},{"@type":"ListItem","position":2,"name":"Entrer en contact"}]},{"@type":"WebSite","@id":"https:\/\/www.whistlelink.com\/fr\/#website","url":"https:\/\/www.whistlelink.com\/fr\/","name":"Whistlelink","description":"A trusted provider of secure whistleblowing solutions.","publisher":{"@id":"https:\/\/www.whistlelink.com\/fr\/#organization"},"potentialAction":[{"@type":"SearchAction","target":{"@type":"EntryPoint","urlTemplate":"https:\/\/www.whistlelink.com\/fr\/?s={search_term_string}"},"query-input":{"@type":"PropertyValueSpecification","valueRequired":true,"valueName":"search_term_string"}}],"inLanguage":"fr-FR"},{"@type":"Organization","@id":"https:\/\/www.whistlelink.com\/fr\/#organization","name":"Whistlelink","url":"https:\/\/www.whistlelink.com\/fr\/","logo":{"@type":"ImageObject","inLanguage":"fr-FR","@id":"https:\/\/www.whistlelink.com\/fr\/#\/schema\/logo\/image\/","url":"https:\/\/www.whistlelink.com\/wp-content\/uploads\/2021\/07\/WhistlelinkLogoEmail.png","contentUrl":"https:\/\/www.whistlelink.com\/wp-content\/uploads\/2021\/07\/WhistlelinkLogoEmail.png","width":704,"height":75,"caption":"Whistlelink"},"image":{"@id":"https:\/\/www.whistlelink.com\/fr\/#\/schema\/logo\/image\/"},"sameAs":["https:\/\/www.facebook.com\/whistlelink\/","https:\/\/www.linkedin.com\/company\/whistlelink\/","https:\/\/vimeo.com\/user152082481"]}]}},"_links":{"self":[{"href":"https:\/\/www.whistlelink.com\/fr\/wp-json\/wp\/v2\/pages\/39584","targetHints":{"allow":["GET"]}}],"collection":[{"href":"https:\/\/www.whistlelink.com\/fr\/wp-json\/wp\/v2\/pages"}],"about":[{"href":"https:\/\/www.whistlelink.com\/fr\/wp-json\/wp\/v2\/types\/page"}],"author":[{"embeddable":true,"href":"https:\/\/www.whistlelink.com\/fr\/wp-json\/wp\/v2\/users\/15"}],"replies":[{"embeddable":true,"href":"https:\/\/www.whistlelink.com\/fr\/wp-json\/wp\/v2\/comments?post=39584"}],"version-history":[{"count":3,"href":"https:\/\/www.whistlelink.com\/fr\/wp-json\/wp\/v2\/pages\/39584\/revisions"}],"predecessor-version":[{"id":74656,"href":"https:\/\/www.whistlelink.com\/fr\/wp-json\/wp\/v2\/pages\/39584\/revisions\/74656"}],"wp:attachment":[{"href":"https:\/\/www.whistlelink.com\/fr\/wp-json\/wp\/v2\/media?parent=39584"}],"curies":[{"name":"wp","href":"https:\/\/api.w.org\/{rel}","templated":true}]}}