{"id":42061,"date":"2022-11-13T22:20:55","date_gmt":"2022-11-13T21:20:55","guid":{"rendered":"https:\/\/www.whistlelink.com\/partner-intro\/"},"modified":"2025-09-01T15:30:54","modified_gmt":"2025-09-01T14:30:54","slug":"intro-partenaire","status":"publish","type":"page","link":"https:\/\/www.whistlelink.com\/fr\/intro-partenaire\/","title":{"rendered":"Intro Partenaire"},"content":{"rendered":"\t\t<div data-elementor-type=\"wp-page\" data-elementor-id=\"42061\" class=\"elementor elementor-42061 elementor-41132\" data-elementor-post-type=\"page\">\n\t\t\t\t\t\t<section class=\"elementor-section elementor-top-section elementor-element elementor-element-17da1ad2 elementor-section-items-bottom elementor-section-height-min-height elementor-section-content-bottom elementor-section-boxed elementor-section-height-default\" data-id=\"17da1ad2\" data-element_type=\"section\" data-e-type=\"section\" data-settings=\"{&quot;background_background&quot;:&quot;classic&quot;}\">\n\t\t\t\t\t\t\t<div class=\"elementor-background-overlay\"><\/div>\n\t\t\t\t\t\t\t<div class=\"elementor-container elementor-column-gap-default\">\n\t\t\t\t\t<div class=\"elementor-column elementor-col-100 elementor-top-column elementor-element elementor-element-682a01da\" data-id=\"682a01da\" data-element_type=\"column\" data-e-type=\"column\">\n\t\t\t<div class=\"elementor-widget-wrap elementor-element-populated\">\n\t\t\t\t\t\t<div class=\"elementor-element elementor-element-52a5eec9 elementor-widget elementor-widget-heading\" data-id=\"52a5eec9\" data-element_type=\"widget\" data-e-type=\"widget\" data-widget_type=\"heading.default\">\n\t\t\t\t<div class=\"elementor-widget-container\">\n\t\t\t\t\t<h1 class=\"elementor-heading-title elementor-size-default\">Bienvenue sur Whistlelink<\/h1>\t\t\t\t<\/div>\n\t\t\t\t<\/div>\n\t\t\t\t<div class=\"elementor-element elementor-element-5c3d9dc2 elementor-widget elementor-widget-image\" data-id=\"5c3d9dc2\" data-element_type=\"widget\" data-e-type=\"widget\" data-widget_type=\"image.default\">\n\t\t\t\t<div class=\"elementor-widget-container\">\n\t\t\t\t\t\t\t\t\t\t\t\t\t\t\t<img fetchpriority=\"high\" decoding=\"async\" width=\"5000\" height=\"1620\" src=\"https:\/\/www.whistlelink.com\/wp-content\/uploads\/2022\/11\/landing_pageHero_fra-1.png\" class=\"attachment-full size-full wp-image-43143\" alt=\"\" srcset=\"https:\/\/www.whistlelink.com\/wp-content\/uploads\/2022\/11\/landing_pageHero_fra-1.png 5000w, https:\/\/www.whistlelink.com\/wp-content\/uploads\/2022\/11\/landing_pageHero_fra-1-300x97.png 300w, https:\/\/www.whistlelink.com\/wp-content\/uploads\/2022\/11\/landing_pageHero_fra-1-1600x518.png 1600w, https:\/\/www.whistlelink.com\/wp-content\/uploads\/2022\/11\/landing_pageHero_fra-1-768x249.png 768w, https:\/\/www.whistlelink.com\/wp-content\/uploads\/2022\/11\/landing_pageHero_fra-1-1536x498.png 1536w, https:\/\/www.whistlelink.com\/wp-content\/uploads\/2022\/11\/landing_pageHero_fra-1-2048x664.png 2048w\" sizes=\"(max-width: 5000px) 100vw, 5000px\" \/>\t\t\t\t\t\t\t\t\t\t\t\t\t\t\t<\/div>\n\t\t\t\t<\/div>\n\t\t\t\t\t<\/div>\n\t\t<\/div>\n\t\t\t\t\t<\/div>\n\t\t<\/section>\n\t\t\t\t<section class=\"elementor-section elementor-top-section elementor-element elementor-element-3c46d971 elementor-section-boxed elementor-section-height-default elementor-section-height-default\" data-id=\"3c46d971\" data-element_type=\"section\" data-e-type=\"section\" data-settings=\"{&quot;background_background&quot;:&quot;classic&quot;}\">\n\t\t\t\t\t\t<div class=\"elementor-container elementor-column-gap-default\">\n\t\t\t\t\t<div class=\"elementor-column elementor-col-50 elementor-top-column elementor-element elementor-element-427a07dc\" data-id=\"427a07dc\" data-element_type=\"column\" data-e-type=\"column\">\n\t\t\t<div class=\"elementor-widget-wrap elementor-element-populated\">\n\t\t\t\t\t\t<div class=\"elementor-element elementor-element-4bb7a75c elementor-widget elementor-widget-heading\" data-id=\"4bb7a75c\" data-element_type=\"widget\" data-e-type=\"widget\" data-widget_type=\"heading.default\">\n\t\t\t\t<div class=\"elementor-widget-container\">\n\t\t\t\t\t<h3 class=\"elementor-heading-title elementor-size-default\">Nous sommes l\u00e0 pour vous aider<\/h3>\t\t\t\t<\/div>\n\t\t\t\t<\/div>\n\t\t\t\t<div class=\"elementor-element elementor-element-13978704 elementor-widget elementor-widget-text-editor\" data-id=\"13978704\" data-element_type=\"widget\" data-e-type=\"widget\" data-widget_type=\"text-editor.default\">\n\t\t\t\t<div class=\"elementor-widget-container\">\n\t\t\t\t\t\t\t\t\t<div class=\"page\" title=\"Page 1\"><div class=\"section\"><div class=\"layoutArea\"><div class=\"column\"><p>Remplissez le formulaire ou appelez-nous au num\u00e9ro ci-dessous, et Camilla Corsini vous contactera dans les plus brefs d\u00e9lais.<\/p><\/div><\/div><\/div><\/div>\t\t\t\t\t\t\t\t<\/div>\n\t\t\t\t<\/div>\n\t\t\t\t<div class=\"elementor-element elementor-element-3e824e7b elementor-widget elementor-widget-spacer\" data-id=\"3e824e7b\" data-element_type=\"widget\" data-e-type=\"widget\" data-widget_type=\"spacer.default\">\n\t\t\t\t<div class=\"elementor-widget-container\">\n\t\t\t\t\t\t\t<div class=\"elementor-spacer\">\n\t\t\t<div class=\"elementor-spacer-inner\"><\/div>\n\t\t<\/div>\n\t\t\t\t\t\t<\/div>\n\t\t\t\t<\/div>\n\t\t\t\t<section class=\"elementor-section elementor-inner-section elementor-element elementor-element-5a837c3 elementor-section-boxed elementor-section-height-default elementor-section-height-default\" data-id=\"5a837c3\" data-element_type=\"section\" data-e-type=\"section\">\n\t\t\t\t\t\t<div class=\"elementor-container elementor-column-gap-default\">\n\t\t\t\t\t<div class=\"elementor-column elementor-col-50 elementor-inner-column elementor-element elementor-element-a067b60\" data-id=\"a067b60\" data-element_type=\"column\" data-e-type=\"column\">\n\t\t\t<div class=\"elementor-widget-wrap elementor-element-populated\">\n\t\t\t\t\t\t<div class=\"elementor-element elementor-element-5e7f7a7 elementor-widget elementor-widget-image\" data-id=\"5e7f7a7\" data-element_type=\"widget\" data-e-type=\"widget\" data-widget_type=\"image.default\">\n\t\t\t\t<div class=\"elementor-widget-container\">\n\t\t\t\t\t\t\t\t\t\t\t\t\t\t\t<img decoding=\"async\" width=\"300\" height=\"300\" src=\"https:\/\/www.whistlelink.com\/wp-content\/uploads\/2025\/03\/Camilla_transp.png\" class=\"attachment-large size-large wp-image-74586\" alt=\"Camilla Corsini.\" srcset=\"https:\/\/www.whistlelink.com\/wp-content\/uploads\/2025\/03\/Camilla_transp.png 300w, https:\/\/www.whistlelink.com\/wp-content\/uploads\/2025\/03\/Camilla_transp-150x150.png 150w, https:\/\/www.whistlelink.com\/wp-content\/uploads\/2025\/03\/elementor\/thumbs\/Camilla_transp-r2et6ka45tfnya9kf7t7byfxrgssnmozbf7fsucye8.png 80w, https:\/\/www.whistlelink.com\/wp-content\/uploads\/2025\/03\/elementor\/thumbs\/Camilla_transp-r2et6ka5mfzdvw21pwulv91z09ur1qjudkpn6ixmfk.png 200w\" sizes=\"(max-width: 300px) 100vw, 300px\" \/>\t\t\t\t\t\t\t\t\t\t\t\t\t\t\t<\/div>\n\t\t\t\t<\/div>\n\t\t\t\t\t<\/div>\n\t\t<\/div>\n\t\t\t\t<div class=\"elementor-column elementor-col-50 elementor-inner-column elementor-element elementor-element-613bae7a\" data-id=\"613bae7a\" data-element_type=\"column\" data-e-type=\"column\">\n\t\t\t<div class=\"elementor-widget-wrap elementor-element-populated\">\n\t\t\t\t\t\t<div class=\"elementor-element elementor-element-41aa2fc elementor-widget elementor-widget-text-editor\" data-id=\"41aa2fc\" data-element_type=\"widget\" data-e-type=\"widget\" data-widget_type=\"text-editor.default\">\n\t\t\t\t<div class=\"elementor-widget-container\">\n\t\t\t\t\t\t\t\t\t<h5>Camilla Corsini<br \/>Teritorry Manager<\/h5><div>Email: <a href=\"mailto:camilla.corsini@whistlelink.com\">camilla.corsini@whistlelink.com<\/a><\/div><div>T\u00e9l\u00e9phone\u00a0 : <a href=\"http:\/\/+33 6 70 90 30 41\" data-wplink-url-error=\"true\">+33 9 70 01 90 51<\/a><\/div>\t\t\t\t\t\t\t\t<\/div>\n\t\t\t\t<\/div>\n\t\t\t\t\t<\/div>\n\t\t<\/div>\n\t\t\t\t\t<\/div>\n\t\t<\/section>\n\t\t\t\t\t<\/div>\n\t\t<\/div>\n\t\t\t\t<div class=\"elementor-column elementor-col-50 elementor-top-column elementor-element elementor-element-2becd618\" data-id=\"2becd618\" data-element_type=\"column\" data-e-type=\"column\">\n\t\t\t<div class=\"elementor-widget-wrap elementor-element-populated\">\n\t\t\t\t\t\t<div class=\"elementor-element elementor-element-281a92d6 wlink-custom-form elementor-button-align-stretch elementor-widget elementor-widget-form\" data-id=\"281a92d6\" data-element_type=\"widget\" data-e-type=\"widget\" data-settings=\"{&quot;step_next_label&quot;:&quot;Next&quot;,&quot;step_previous_label&quot;:&quot;Previous&quot;,&quot;button_width&quot;:&quot;100&quot;,&quot;step_type&quot;:&quot;number_text&quot;,&quot;step_icon_shape&quot;:&quot;circle&quot;}\" data-widget_type=\"form.default\">\n\t\t\t\t<div class=\"elementor-widget-container\">\n\t\t\t\t\t\t\t<form class=\"elementor-form\" method=\"post\" name=\"Partner with us\" aria-label=\"Partner with us\">\n\t\t\t<input type=\"hidden\" name=\"post_id\" value=\"42061\"\/>\n\t\t\t<input type=\"hidden\" name=\"form_id\" value=\"281a92d6\"\/>\n\t\t\t<input type=\"hidden\" name=\"referer_title\" value=\"The system for simple, secure and compliant whistleblowing\" \/>\n\n\t\t\t\t\t\t\t<input type=\"hidden\" name=\"queried_id\" value=\"42061\"\/>\n\t\t\t\n\t\t\t<div class=\"elementor-form-fields-wrapper elementor-labels-\">\n\t\t\t\t\t\t\t\t<div class=\"elementor-field-type-text elementor-field-group elementor-column elementor-field-group-name elementor-col-100 elementor-field-required\">\n\t\t\t\t\t\t\t\t\t\t\t\t<label for=\"form-field-name\" class=\"elementor-field-label elementor-screen-only\">\n\t\t\t\t\t\t\t\tName\t\t\t\t\t\t\t<\/label>\n\t\t\t\t\t\t\t\t\t\t\t\t\t\t<input size=\"1\" type=\"text\" name=\"form_fields[name]\" id=\"form-field-name\" class=\"elementor-field elementor-size-md  elementor-field-textual\" placeholder=\"Nom *\" required=\"required\">\n\t\t\t\t\t\t\t\t\t\t\t<\/div>\n\t\t\t\t\t\t\t\t<div class=\"elementor-field-type-text elementor-field-group elementor-column elementor-field-group-company_name elementor-col-100 elementor-field-required\">\n\t\t\t\t\t\t\t\t\t\t\t\t<label for=\"form-field-company_name\" class=\"elementor-field-label elementor-screen-only\">\n\t\t\t\t\t\t\t\tCompany name\t\t\t\t\t\t\t<\/label>\n\t\t\t\t\t\t\t\t\t\t\t\t\t\t<input size=\"1\" type=\"text\" name=\"form_fields[company_name]\" id=\"form-field-company_name\" class=\"elementor-field elementor-size-md  elementor-field-textual\" placeholder=\"Nom de l&#039;entreprise *\" required=\"required\">\n\t\t\t\t\t\t\t\t\t\t\t<\/div>\n\t\t\t\t\t\t\t\t<div class=\"elementor-field-type-text elementor-field-group elementor-column elementor-field-group-your_email elementor-col-100 elementor-field-required\">\n\t\t\t\t\t\t\t\t\t\t\t\t<label for=\"form-field-your_email\" class=\"elementor-field-label elementor-screen-only\">\n\t\t\t\t\t\t\t\tYour email\t\t\t\t\t\t\t<\/label>\n\t\t\t\t\t\t\t\t\t\t\t\t\t\t<input size=\"1\" type=\"text\" name=\"form_fields[your_email]\" id=\"form-field-your_email\" class=\"elementor-field elementor-size-md  elementor-field-textual\" placeholder=\"Votre e-mail *\" required=\"required\">\n\t\t\t\t\t\t\t\t\t\t\t<\/div>\n\t\t\t\t\t\t\t\t<div class=\"elementor-field-type-text elementor-field-group elementor-column elementor-field-group-recommeneded elementor-col-100 elementor-field-required\">\n\t\t\t\t\t\t\t\t\t\t\t\t<label for=\"form-field-recommeneded\" class=\"elementor-field-label elementor-screen-only\">\n\t\t\t\t\t\t\t\t Which company has recommended you to us\t\t\t\t\t\t\t<\/label>\n\t\t\t\t\t\t\t\t\t\t\t\t\t\t<input size=\"1\" type=\"text\" name=\"form_fields[recommeneded]\" id=\"form-field-recommeneded\" class=\"elementor-field elementor-size-md  elementor-field-textual\" placeholder=\" Quelle entreprise nous a recommand\u00e9 *\" required=\"required\">\n\t\t\t\t\t\t\t\t\t\t\t<\/div>\n\t\t\t\t\t\t\t\t<div class=\"elementor-field-type-text\">\n\t\t\t\t\t<input size=\"1\" type=\"text\" name=\"form_fields[field_1c4744b]\" id=\"form-field-field_1c4744b\" class=\"elementor-field elementor-size-md \" style=\"display:none !important;\">\t\t\t\t<\/div>\n\t\t\t\t\t\t\t\t<div class=\"elementor-field-type-acceptance elementor-field-group elementor-column elementor-field-group-termsofservice elementor-col-100 elementor-field-required\">\n\t\t\t\t\t\t\t\t\t\t\t\t<label for=\"form-field-termsofservice\" class=\"elementor-field-label elementor-screen-only\">\n\t\t\t\t\t\t\t\tTerms of service\t\t\t\t\t\t\t<\/label>\n\t\t\t\t\t\t\t\t<div class=\"elementor-field-subgroup\">\n\t\t\t<span class=\"elementor-field-option\">\n\t\t\t\t<input type=\"checkbox\" name=\"form_fields[termsofservice]\" id=\"form-field-termsofservice\" class=\"elementor-field elementor-size-md  elementor-acceptance-field\" required=\"required\">\n\t\t\t\t<label for=\"form-field-termsofservice\">J'ai lu et j'accepte\n<a href=\"https:\/\/staging-whistlelink-staging.kinsta.cloud\/terms\/\"> conditions d'utilisatio <\/a>\nde Whistlelink<\/label>\t\t\t<\/span>\n\t\t<\/div>\n\t\t\t\t\t\t<\/div>\n\t\t\t\t\t\t\t\t<div class=\"elementor-field-group elementor-column elementor-field-type-submit elementor-col-100 e-form__buttons\">\n\t\t\t\t\t<button class=\"elementor-button elementor-size-sm\" type=\"submit\">\n\t\t\t\t\t\t<span class=\"elementor-button-content-wrapper\">\n\t\t\t\t\t\t\t\t\t\t\t\t\t\t\t\t\t\t\t\t\t\t<span class=\"elementor-button-text\">Envoyer<\/span>\n\t\t\t\t\t\t\t\t\t\t\t\t\t<\/span>\n\t\t\t\t\t<\/button>\n\t\t\t\t<\/div>\n\t\t\t<\/div>\n\t\t<\/form>\n\t\t\t\t\t\t<\/div>\n\t\t\t\t<\/div>\n\t\t\t\t<div class=\"elementor-element elementor-element-3e2454f6 custom-form-footer-policy elementor-widget elementor-widget-text-editor\" data-id=\"3e2454f6\" data-element_type=\"widget\" data-e-type=\"widget\" data-widget_type=\"text-editor.default\">\n\t\t\t\t<div class=\"elementor-widget-container\">\n\t\t\t\t\t\t\t\t\t<p>Whistlelink respecte votre vie priv\u00e9e. Nous vous contacterons uniquement \u00e0 propos de nos solutions. Vous pouvez vous d\u00e9sinscrire \u00e0 n&rsquo;importe quel moment. Pour plus d&rsquo;informations, veuillez consulter notre <a href=\"https:\/\/staging-whistlelink-staging.kinsta.cloud\/privacy-notice\/\" target=\"_blank\" rel=\"noopener\">politique de confidentialit\u00e9.<\/a><\/p>\t\t\t\t\t\t\t\t<\/div>\n\t\t\t\t<\/div>\n\t\t\t\t\t<\/div>\n\t\t<\/div>\n\t\t\t\t\t<\/div>\n\t\t<\/section>\n\t\t\t\t<\/div>\n\t\t","protected":false},"excerpt":{"rendered":"<p>Bienvenue sur Whistlelink Nous sommes l\u00e0 pour vous aider Remplissez le formulaire ou appelez-nous au num\u00e9ro ci-dessous, et Camilla Corsini vous contactera dans les plus brefs d\u00e9lais. Camilla CorsiniTeritorry Manager Email: camilla.corsini@whistlelink.comT\u00e9l\u00e9phone\u00a0 : +33 9 70 01 90 51 Whistlelink respecte votre vie priv\u00e9e. Nous vous contacterons uniquement \u00e0 propos de nos solutions. Vous pouvez [&hellip;]<\/p>\n","protected":false},"author":9,"featured_media":0,"parent":0,"menu_order":0,"comment_status":"closed","ping_status":"closed","template":"","meta":{"footnotes":""},"class_list":["post-42061","page","type-page","status-publish","hentry"],"yoast_head":"<!-- This site is optimized with the Yoast SEO Premium plugin v27.3 (Yoast SEO v27.4) - https:\/\/yoast.com\/product\/yoast-seo-premium-wordpress\/ -->\n<title>The system for simple, secure and compliant whistleblowing<\/title>\n<meta name=\"description\" content=\"A secure and compliant whistleblowing system with anonymous reporting &amp; simple case management in just 10 minutes. Try Whistlelink for free.\" \/>\n<meta name=\"robots\" content=\"index, follow, max-snippet:-1, max-image-preview:large, max-video-preview:-1\" \/>\n<link rel=\"canonical\" href=\"https:\/\/www.whistlelink.com\/fr\/intro-partenaire\/\" \/>\n<meta property=\"og:locale\" content=\"fr_FR\" \/>\n<meta property=\"og:type\" content=\"article\" \/>\n<meta property=\"og:title\" content=\"Intro Partenaire\" \/>\n<meta property=\"og:description\" content=\"A secure and compliant whistleblowing system with anonymous reporting &amp; simple case management in just 10 minutes. Try Whistlelink for free.\" \/>\n<meta property=\"og:url\" content=\"https:\/\/www.whistlelink.com\/fr\/intro-partenaire\/\" \/>\n<meta property=\"og:site_name\" content=\"Whistlelink\" \/>\n<meta property=\"article:publisher\" content=\"https:\/\/www.facebook.com\/whistlelink\/\" \/>\n<meta property=\"article:modified_time\" content=\"2025-09-01T14:30:54+00:00\" \/>\n<meta property=\"og:image\" content=\"https:\/\/www.whistlelink.com\/wp-content\/uploads\/2022\/11\/landing_pageHero_fra-1.png\" \/>\n\t<meta property=\"og:image:width\" content=\"5000\" \/>\n\t<meta property=\"og:image:height\" content=\"1620\" \/>\n\t<meta property=\"og:image:type\" content=\"image\/png\" \/>\n<meta name=\"twitter:card\" content=\"summary_large_image\" \/>\n<meta name=\"twitter:label1\" content=\"Dur\u00e9e de lecture estim\u00e9e\" \/>\n\t<meta name=\"twitter:data1\" content=\"1 minute\" \/>\n<script type=\"application\/ld+json\" class=\"yoast-schema-graph\">{\"@context\":\"https:\\\/\\\/schema.org\",\"@graph\":[{\"@type\":\"WebPage\",\"@id\":\"https:\\\/\\\/www.whistlelink.com\\\/fr\\\/intro-partenaire\\\/\",\"url\":\"https:\\\/\\\/www.whistlelink.com\\\/fr\\\/intro-partenaire\\\/\",\"name\":\"The system for simple, secure and compliant whistleblowing\",\"isPartOf\":{\"@id\":\"https:\\\/\\\/www.whistlelink.com\\\/fr\\\/#website\"},\"primaryImageOfPage\":{\"@id\":\"https:\\\/\\\/www.whistlelink.com\\\/fr\\\/intro-partenaire\\\/#primaryimage\"},\"image\":{\"@id\":\"https:\\\/\\\/www.whistlelink.com\\\/fr\\\/intro-partenaire\\\/#primaryimage\"},\"thumbnailUrl\":\"https:\\\/\\\/www.whistlelink.com\\\/wp-content\\\/uploads\\\/2022\\\/11\\\/landing_pageHero_fra-1.png\",\"datePublished\":\"2022-11-13T21:20:55+00:00\",\"dateModified\":\"2025-09-01T14:30:54+00:00\",\"description\":\"A secure and compliant whistleblowing system with anonymous reporting & simple case management in just 10 minutes. Try Whistlelink for free.\",\"breadcrumb\":{\"@id\":\"https:\\\/\\\/www.whistlelink.com\\\/fr\\\/intro-partenaire\\\/#breadcrumb\"},\"inLanguage\":\"fr-FR\",\"potentialAction\":[{\"@type\":\"ReadAction\",\"target\":[\"https:\\\/\\\/www.whistlelink.com\\\/fr\\\/intro-partenaire\\\/\"]}]},{\"@type\":\"ImageObject\",\"inLanguage\":\"fr-FR\",\"@id\":\"https:\\\/\\\/www.whistlelink.com\\\/fr\\\/intro-partenaire\\\/#primaryimage\",\"url\":\"https:\\\/\\\/www.whistlelink.com\\\/wp-content\\\/uploads\\\/2022\\\/11\\\/landing_pageHero_fra-1.png\",\"contentUrl\":\"https:\\\/\\\/www.whistlelink.com\\\/wp-content\\\/uploads\\\/2022\\\/11\\\/landing_pageHero_fra-1.png\"},{\"@type\":\"BreadcrumbList\",\"@id\":\"https:\\\/\\\/www.whistlelink.com\\\/fr\\\/intro-partenaire\\\/#breadcrumb\",\"itemListElement\":[{\"@type\":\"ListItem\",\"position\":1,\"name\":\"Home\",\"item\":\"https:\\\/\\\/www.whistlelink.com\\\/fr\\\/\"},{\"@type\":\"ListItem\",\"position\":2,\"name\":\"Intro Partenaire\"}]},{\"@type\":\"WebSite\",\"@id\":\"https:\\\/\\\/www.whistlelink.com\\\/fr\\\/#website\",\"url\":\"https:\\\/\\\/www.whistlelink.com\\\/fr\\\/\",\"name\":\"Whistlelink\",\"description\":\"A trusted provider of secure whistleblowing solutions.\",\"publisher\":{\"@id\":\"https:\\\/\\\/www.whistlelink.com\\\/fr\\\/#organization\"},\"potentialAction\":[{\"@type\":\"SearchAction\",\"target\":{\"@type\":\"EntryPoint\",\"urlTemplate\":\"https:\\\/\\\/www.whistlelink.com\\\/fr\\\/?s={search_term_string}\"},\"query-input\":{\"@type\":\"PropertyValueSpecification\",\"valueRequired\":true,\"valueName\":\"search_term_string\"}}],\"inLanguage\":\"fr-FR\"},{\"@type\":\"Organization\",\"@id\":\"https:\\\/\\\/www.whistlelink.com\\\/fr\\\/#organization\",\"name\":\"Whistlelink\",\"url\":\"https:\\\/\\\/www.whistlelink.com\\\/fr\\\/\",\"logo\":{\"@type\":\"ImageObject\",\"inLanguage\":\"fr-FR\",\"@id\":\"https:\\\/\\\/www.whistlelink.com\\\/fr\\\/#\\\/schema\\\/logo\\\/image\\\/\",\"url\":\"https:\\\/\\\/www.whistlelink.com\\\/wp-content\\\/uploads\\\/2021\\\/07\\\/WhistlelinkLogoEmail.png\",\"contentUrl\":\"https:\\\/\\\/www.whistlelink.com\\\/wp-content\\\/uploads\\\/2021\\\/07\\\/WhistlelinkLogoEmail.png\",\"width\":704,\"height\":75,\"caption\":\"Whistlelink\"},\"image\":{\"@id\":\"https:\\\/\\\/www.whistlelink.com\\\/fr\\\/#\\\/schema\\\/logo\\\/image\\\/\"},\"sameAs\":[\"https:\\\/\\\/www.facebook.com\\\/whistlelink\\\/\",\"https:\\\/\\\/www.linkedin.com\\\/company\\\/whistlelink\\\/\",\"https:\\\/\\\/vimeo.com\\\/user152082481\"]}]}<\/script>\n<!-- \/ Yoast SEO Premium plugin. -->","yoast_head_json":{"title":"The system for simple, secure and compliant whistleblowing","description":"A secure and compliant whistleblowing system with anonymous reporting & simple case management in just 10 minutes. Try Whistlelink for free.","robots":{"index":"index","follow":"follow","max-snippet":"max-snippet:-1","max-image-preview":"max-image-preview:large","max-video-preview":"max-video-preview:-1"},"canonical":"https:\/\/www.whistlelink.com\/fr\/intro-partenaire\/","og_locale":"fr_FR","og_type":"article","og_title":"Intro Partenaire","og_description":"A secure and compliant whistleblowing system with anonymous reporting & simple case management in just 10 minutes. Try Whistlelink for free.","og_url":"https:\/\/www.whistlelink.com\/fr\/intro-partenaire\/","og_site_name":"Whistlelink","article_publisher":"https:\/\/www.facebook.com\/whistlelink\/","article_modified_time":"2025-09-01T14:30:54+00:00","og_image":[{"width":5000,"height":1620,"url":"https:\/\/www.whistlelink.com\/wp-content\/uploads\/2022\/11\/landing_pageHero_fra-1.png","type":"image\/png"}],"twitter_card":"summary_large_image","twitter_misc":{"Dur\u00e9e de lecture estim\u00e9e":"1 minute"},"schema":{"@context":"https:\/\/schema.org","@graph":[{"@type":"WebPage","@id":"https:\/\/www.whistlelink.com\/fr\/intro-partenaire\/","url":"https:\/\/www.whistlelink.com\/fr\/intro-partenaire\/","name":"The system for simple, secure and compliant whistleblowing","isPartOf":{"@id":"https:\/\/www.whistlelink.com\/fr\/#website"},"primaryImageOfPage":{"@id":"https:\/\/www.whistlelink.com\/fr\/intro-partenaire\/#primaryimage"},"image":{"@id":"https:\/\/www.whistlelink.com\/fr\/intro-partenaire\/#primaryimage"},"thumbnailUrl":"https:\/\/www.whistlelink.com\/wp-content\/uploads\/2022\/11\/landing_pageHero_fra-1.png","datePublished":"2022-11-13T21:20:55+00:00","dateModified":"2025-09-01T14:30:54+00:00","description":"A secure and compliant whistleblowing system with anonymous reporting & simple case management in just 10 minutes. Try Whistlelink for free.","breadcrumb":{"@id":"https:\/\/www.whistlelink.com\/fr\/intro-partenaire\/#breadcrumb"},"inLanguage":"fr-FR","potentialAction":[{"@type":"ReadAction","target":["https:\/\/www.whistlelink.com\/fr\/intro-partenaire\/"]}]},{"@type":"ImageObject","inLanguage":"fr-FR","@id":"https:\/\/www.whistlelink.com\/fr\/intro-partenaire\/#primaryimage","url":"https:\/\/www.whistlelink.com\/wp-content\/uploads\/2022\/11\/landing_pageHero_fra-1.png","contentUrl":"https:\/\/www.whistlelink.com\/wp-content\/uploads\/2022\/11\/landing_pageHero_fra-1.png"},{"@type":"BreadcrumbList","@id":"https:\/\/www.whistlelink.com\/fr\/intro-partenaire\/#breadcrumb","itemListElement":[{"@type":"ListItem","position":1,"name":"Home","item":"https:\/\/www.whistlelink.com\/fr\/"},{"@type":"ListItem","position":2,"name":"Intro Partenaire"}]},{"@type":"WebSite","@id":"https:\/\/www.whistlelink.com\/fr\/#website","url":"https:\/\/www.whistlelink.com\/fr\/","name":"Whistlelink","description":"A trusted provider of secure whistleblowing solutions.","publisher":{"@id":"https:\/\/www.whistlelink.com\/fr\/#organization"},"potentialAction":[{"@type":"SearchAction","target":{"@type":"EntryPoint","urlTemplate":"https:\/\/www.whistlelink.com\/fr\/?s={search_term_string}"},"query-input":{"@type":"PropertyValueSpecification","valueRequired":true,"valueName":"search_term_string"}}],"inLanguage":"fr-FR"},{"@type":"Organization","@id":"https:\/\/www.whistlelink.com\/fr\/#organization","name":"Whistlelink","url":"https:\/\/www.whistlelink.com\/fr\/","logo":{"@type":"ImageObject","inLanguage":"fr-FR","@id":"https:\/\/www.whistlelink.com\/fr\/#\/schema\/logo\/image\/","url":"https:\/\/www.whistlelink.com\/wp-content\/uploads\/2021\/07\/WhistlelinkLogoEmail.png","contentUrl":"https:\/\/www.whistlelink.com\/wp-content\/uploads\/2021\/07\/WhistlelinkLogoEmail.png","width":704,"height":75,"caption":"Whistlelink"},"image":{"@id":"https:\/\/www.whistlelink.com\/fr\/#\/schema\/logo\/image\/"},"sameAs":["https:\/\/www.facebook.com\/whistlelink\/","https:\/\/www.linkedin.com\/company\/whistlelink\/","https:\/\/vimeo.com\/user152082481"]}]}},"_links":{"self":[{"href":"https:\/\/www.whistlelink.com\/fr\/wp-json\/wp\/v2\/pages\/42061","targetHints":{"allow":["GET"]}}],"collection":[{"href":"https:\/\/www.whistlelink.com\/fr\/wp-json\/wp\/v2\/pages"}],"about":[{"href":"https:\/\/www.whistlelink.com\/fr\/wp-json\/wp\/v2\/types\/page"}],"author":[{"embeddable":true,"href":"https:\/\/www.whistlelink.com\/fr\/wp-json\/wp\/v2\/users\/9"}],"replies":[{"embeddable":true,"href":"https:\/\/www.whistlelink.com\/fr\/wp-json\/wp\/v2\/comments?post=42061"}],"version-history":[{"count":9,"href":"https:\/\/www.whistlelink.com\/fr\/wp-json\/wp\/v2\/pages\/42061\/revisions"}],"predecessor-version":[{"id":85663,"href":"https:\/\/www.whistlelink.com\/fr\/wp-json\/wp\/v2\/pages\/42061\/revisions\/85663"}],"wp:attachment":[{"href":"https:\/\/www.whistlelink.com\/fr\/wp-json\/wp\/v2\/media?parent=42061"}],"curies":[{"name":"wp","href":"https:\/\/api.w.org\/{rel}","templated":true}]}}