{"id":10732,"date":"2021-04-22T21:17:45","date_gmt":"2021-04-22T20:17:45","guid":{"rendered":"https:\/\/www.whistlelink.com\/?page_id=10732"},"modified":"2023-10-25T14:26:49","modified_gmt":"2023-10-25T14:26:49","slug":"cosa-comunicare","status":"publish","type":"page","link":"https:\/\/www.whistlelink.com\/it\/guida-introduttiva\/cosa-comunicare\/","title":{"rendered":"Step by Step &#8211; Cosa comunicare"},"content":{"rendered":"\t\t<div data-elementor-type=\"wp-page\" data-elementor-id=\"10732\" class=\"elementor elementor-10732 elementor-7299\" data-elementor-post-type=\"page\">\n\t\t\t\t\t\t<section class=\"elementor-section elementor-top-section elementor-element elementor-element-07afed9 elementor-section-boxed elementor-section-height-default elementor-section-height-default\" data-id=\"07afed9\" data-element_type=\"section\" data-e-type=\"section\" data-settings=\"{&quot;background_background&quot;:&quot;classic&quot;}\">\n\t\t\t\t\t\t\t<div class=\"elementor-background-overlay\"><\/div>\n\t\t\t\t\t\t\t<div class=\"elementor-container elementor-column-gap-default\">\n\t\t\t\t\t<div class=\"elementor-column elementor-col-100 elementor-top-column elementor-element elementor-element-96fefab\" data-id=\"96fefab\" data-element_type=\"column\" data-e-type=\"column\">\n\t\t\t<div class=\"elementor-widget-wrap elementor-element-populated\">\n\t\t\t\t\t\t<div class=\"elementor-element elementor-element-d73d03c elementor-widget elementor-widget-jet-headline\" data-id=\"d73d03c\" data-element_type=\"widget\" data-e-type=\"widget\" data-widget_type=\"jet-headline.default\">\n\t\t\t\t<div class=\"elementor-widget-container\">\n\t\t\t\t\t<h2 class=\"jet-headline jet-headline--direction-vertical\"><span class=\"jet-headline__part jet-headline__first\"><span class=\"jet-headline__label\">GUIDA INTRODUTTIVA<\/span><\/span><span class=\"jet-headline__part jet-headline__second\"><span class=\"jet-headline__label\">Cosa comunicare<\/span><\/span><\/h2>\t\t\t\t<\/div>\n\t\t\t\t<\/div>\n\t\t\t\t<div class=\"elementor-element elementor-element-a6e773d elementor-widget elementor-widget-heading\" data-id=\"a6e773d\" data-element_type=\"widget\" data-e-type=\"widget\" data-widget_type=\"heading.default\">\n\t\t\t\t<div class=\"elementor-widget-container\">\n\t\t\t\t\t<h4 class=\"elementor-heading-title elementor-size-default\">\n\nOttimo lavoro! La tua piattaforma whistleblowing \u00e8 configurata e adesso \u00e8 il momento di farla conoscere ai dipendenti e alle altre parti interessate. Sta a te decidere cosa comunicare, ma siamo qui per aiutarti. Abbiamo creato alcuni testi per facilitare la promozione della piattaforma ai dipendenti. Prendine visione di seguito.\n<\/h4>\t\t\t\t<\/div>\n\t\t\t\t<\/div>\n\t\t\t\t\t<\/div>\n\t\t<\/div>\n\t\t\t\t\t<\/div>\n\t\t<\/section>\n\t\t\t\t<section class=\"elementor-section elementor-top-section elementor-element elementor-element-f742847 elementor-section-boxed elementor-section-height-default elementor-section-height-default\" data-id=\"f742847\" data-element_type=\"section\" data-e-type=\"section\">\n\t\t\t\t\t\t<div class=\"elementor-container elementor-column-gap-default\">\n\t\t\t\t\t<div class=\"elementor-column elementor-col-100 elementor-top-column elementor-element elementor-element-3999d3d\" data-id=\"3999d3d\" data-element_type=\"column\" data-e-type=\"column\">\n\t\t\t<div class=\"elementor-widget-wrap elementor-element-populated\">\n\t\t\t\t\t\t<div class=\"elementor-element elementor-element-4265cd1 elementor-widget elementor-widget-spacer\" data-id=\"4265cd1\" data-element_type=\"widget\" data-e-type=\"widget\" data-widget_type=\"spacer.default\">\n\t\t\t\t<div class=\"elementor-widget-container\">\n\t\t\t\t\t\t\t<div class=\"elementor-spacer\">\n\t\t\t<div class=\"elementor-spacer-inner\"><\/div>\n\t\t<\/div>\n\t\t\t\t\t\t<\/div>\n\t\t\t\t<\/div>\n\t\t\t\t<div class=\"elementor-element elementor-element-bcff380 elementor-widget elementor-widget-text-editor\" data-id=\"bcff380\" data-element_type=\"widget\" data-e-type=\"widget\" data-widget_type=\"text-editor.default\">\n\t\t\t\t<div class=\"elementor-widget-container\">\n\t\t\t\t\t\t\t\t\t<h3>Cosa inserire<\/h3><p>Il nostro testo esemplificativo pu\u00f2 servirti come guida per informare i dipendenti del tuo sito Whistlelink.\u00a0\u00c8 a tua completa discrezione decidere cosa scrivere, ma ti consigliamo di inserire almeno le informazioni sulla riservatezza dei dati e sulla segnalazione esterna.\u00a0<\/p><p>Puoi tranquillamente copiare o adattare il testo a tuo piacimento. Se desideri che il testo appaia in un&#8217;altra lingua, basta selezionarla dal menu a discesa in alto a destra in questa pagina.<\/p><div><span style=\"color: #594d4d;\">\u00a0<\/span><\/div>\t\t\t\t\t\t\t\t<\/div>\n\t\t\t\t<\/div>\n\t\t\t\t<div class=\"elementor-element elementor-element-4a727fd elementor-widget elementor-widget-toggle\" data-id=\"4a727fd\" data-element_type=\"widget\" data-e-type=\"widget\" data-widget_type=\"toggle.default\">\n\t\t\t\t<div class=\"elementor-widget-container\">\n\t\t\t\t\t\t\t<div class=\"elementor-toggle\">\n\t\t\t\t\t\t\t<div class=\"elementor-toggle-item\">\n\t\t\t\t\t<div id=\"elementor-tab-title-7801\" class=\"elementor-tab-title\" data-tab=\"1\" role=\"button\" aria-controls=\"elementor-tab-content-7801\" aria-expanded=\"false\">\n\t\t\t\t\t\t\t\t\t\t\t\t<span class=\"elementor-toggle-icon elementor-toggle-icon-left\" aria-hidden=\"true\">\n\t\t\t\t\t\t\t\t\t\t\t\t\t\t\t<span class=\"elementor-toggle-icon-closed\"><i class=\"fas fa-angle-double-down\"><\/i><\/span>\n\t\t\t\t\t\t\t\t<span class=\"elementor-toggle-icon-opened\"><i class=\"elementor-toggle-icon-opened fas fa-angle-up\"><\/i><\/span>\n\t\t\t\t\t\t\t\t\t\t\t\t\t<\/span>\n\t\t\t\t\t\t\t\t\t\t\t\t<a class=\"elementor-toggle-title\" tabindex=\"0\">Guarda cosa comunicare ai tuoi dipendenti<\/a>\n\t\t\t\t\t<\/div>\n\n\t\t\t\t\t<div id=\"elementor-tab-content-7801\" class=\"elementor-tab-content elementor-clearfix\" data-tab=\"1\" role=\"region\" aria-labelledby=\"elementor-tab-title-7801\"><p>Gentile <span style=\"background: #FFE900;\">[dipendente]<\/span><\/p>\n<p>Garantire ai nostri dipendenti un ambiente di lavoro sicuro, equo e trasparente \u00e8 importante per noi. Invitiamo chiunque a segnalare qualsiasi attivit\u00e0 illecita o irregolarit\u00e0 sospetta a <span style=\"background: #FFE900;\">[nome azienda]<\/span>. Inoltre, desideriamo che tu possa effettuare la segnalazione in tutta serenit\u00e0 e che sappia che sar\u00e0 tenuta nella dovuta considerazione.<\/p>\n<p><span style=\"background: #FFE900;\">[nome azienda]<\/span> ha pertanto implementato Whistlelink, un nuovo sistema online di segnalazione di reati o irregolarit\u00e0. Whistlelink \u00e8 un sistema di segnalazione whistleblowing sicuro e protetto che ti permette di segnalare violazioni in modo semplice e anonimo.<\/p>\n<p>Accedere al sistema di segnalazione di reati o irregolarit\u00e0 \u00e8 semplice. Basta andare su <span style=\"background: #FFE900;\">[nomeazienda.whistlelink.com]<\/span> dove potrai trovare tutte le informazioni pertinenti in merito alla presentazione di una segnalazione e alle modalit\u00e0 di gestione della stessa. Puoi accedere al sistema in qualsiasi momento su <span style=\"background-color: #ffe900;\">[ad es. indirizzo del sito web dell&#8217;azienda\/link di destinazione]<\/span>.<\/p>\n<p>Per effettuare una segnalazione fai clic su Fai una segnalazione qui, e compila il modulo di segnalazione in modo pi\u00f9 dettagliato possibile. Sta a te decidere quante informazioni inserire. Non \u00e8 obbligatorio fornire informazioni personali e sar\u00e0 mantenuto l&#8217;anonimato per tutta la durata della procedura.<\/p>\n<p>Dopo avere presentato la segnalazione, i proprietari designati, <span style=\"background-color: #ffe900;\">[nome\/dipartimento]<\/span>, la riceveranno e procederanno a una valutazione iniziale per stabilire se \u00e8 idonea a essere gestita attraverso il sistema di segnalazione di reati o irregolarit\u00e0. In caso affermativo, alla segnalazione sar\u00e0 assegnato un numero del caso univoco che riceverai insieme a un codice di verifica. Utilizza il codice di verifica per inserire ulteriori informazioni o visualizzare lo stato del caso. Confermeremo l&#8217;avvenuta ricezione della segnalazione entro sette giorni e forniremo un feedback entro 90 giorni.<\/p>\n<p>Come azienda, abbiamo il dovere di informarti che avendo adottato una soluzione per la segnalazione di reati o irregolarit\u00e0, potresti apparire in una segnalazione come presunto autore di un reato, presunta vittima, testimone o per altri motivi. Come affermato, se sei la persona che presenta la segnalazione, manterrai l&#8217;anonimato.<\/p>\n<p>Puoi scegliere di denunciare un&#8217;irregolarit\u00e0 a un&#8217;autorit\u00e0 competente esterna. Puoi trovare ulteriori informazioni in merito a questa procedura su <span style=\"background: #ffe900;\">[nomeazienda.whistlelink.com]<\/span>.<\/p>\n<p>Se hai domande a riguardo o desideri ulteriori informazioni, non esitare a contattare&nbsp; <span style=\"background-color: #ffe900;\">[nome]<\/span>.<\/p>\n<p>Grazie per l&#8217;impegno e il supporto costanti nel contribuire a rendere&nbsp; <span style=\"background-color: #ffe900;\">[nome azienda]<\/span> un luogo di lavoro sicuro e gradevole.<\/p>\n<p>Cordiali saluti, <span style=\"background-color: #ffe900;\">[nome]<\/span>.<\/p><\/div>\n\t\t\t\t<\/div>\n\t\t\t\t\t\t\t\t<\/div>\n\t\t\t\t\t\t<\/div>\n\t\t\t\t<\/div>\n\t\t\t\t\t<\/div>\n\t\t<\/div>\n\t\t\t\t\t<\/div>\n\t\t<\/section>\n\t\t\t\t<section class=\"elementor-section elementor-top-section elementor-element elementor-element-4c90bd1 elementor-section-boxed elementor-section-height-default elementor-section-height-default\" data-id=\"4c90bd1\" data-element_type=\"section\" data-e-type=\"section\">\n\t\t\t\t\t\t<div class=\"elementor-container elementor-column-gap-default\">\n\t\t\t\t\t<div class=\"elementor-column elementor-col-100 elementor-top-column elementor-element elementor-element-f90848c\" data-id=\"f90848c\" data-element_type=\"column\" data-e-type=\"column\">\n\t\t\t<div class=\"elementor-widget-wrap elementor-element-populated\">\n\t\t\t\t\t\t<div class=\"elementor-element elementor-element-a0c0ac2 elementor-widget elementor-widget-spacer\" data-id=\"a0c0ac2\" data-element_type=\"widget\" data-e-type=\"widget\" data-widget_type=\"spacer.default\">\n\t\t\t\t<div class=\"elementor-widget-container\">\n\t\t\t\t\t\t\t<div class=\"elementor-spacer\">\n\t\t\t<div class=\"elementor-spacer-inner\"><\/div>\n\t\t<\/div>\n\t\t\t\t\t\t<\/div>\n\t\t\t\t<\/div>\n\t\t\t\t<div class=\"elementor-element elementor-element-5e1659a elementor-widget elementor-widget-jet-button\" data-id=\"5e1659a\" data-element_type=\"widget\" data-e-type=\"widget\" data-widget_type=\"jet-button.default\">\n\t\t\t\t<div class=\"elementor-widget-container\">\n\t\t\t\t\t<div class=\"elementor-jet-button jet-elements\"><div class=\"jet-button__container\">\n\t<a class=\"jet-button__instance jet-button__instance--icon-left hover-effect-0\" href=\"https:\/\/www.whistlelink.com\/it\/guida-introduttiva\/\">\n\t\t<div class=\"jet-button__plane jet-button__plane-normal\"><\/div>\n\t\t<div class=\"jet-button__plane jet-button__plane-hover\"><\/div>\n\t\t<div class=\"jet-button__state jet-button__state-normal\">\n\t\t\t<span class=\"jet-button__label\">Torna alla Guida introduttiva<\/span>\t\t<\/div>\n\t\t<div class=\"jet-button__state jet-button__state-hover\">\n\t\t\t<span class=\"jet-button__label\">Torna alla Guida introduttiva<\/span>\t\t<\/div>\n\t<\/a>\n<\/div>\n<\/div>\t\t\t\t<\/div>\n\t\t\t\t<\/div>\n\t\t\t\t<div class=\"elementor-element elementor-element-a9475f0 elementor-widget elementor-widget-spacer\" data-id=\"a9475f0\" data-element_type=\"widget\" data-e-type=\"widget\" data-widget_type=\"spacer.default\">\n\t\t\t\t<div class=\"elementor-widget-container\">\n\t\t\t\t\t\t\t<div class=\"elementor-spacer\">\n\t\t\t<div class=\"elementor-spacer-inner\"><\/div>\n\t\t<\/div>\n\t\t\t\t\t\t<\/div>\n\t\t\t\t<\/div>\n\t\t\t\t\t<\/div>\n\t\t<\/div>\n\t\t\t\t\t<\/div>\n\t\t<\/section>\n\t\t\t\t<\/div>\n\t\t","protected":false},"excerpt":{"rendered":"<p>GUIDA INTRODUTTIVACosa comunicare Ottimo lavoro! La tua piattaforma whistleblowing \u00e8 configurata e adesso \u00e8 il momento di farla conoscere ai dipendenti e alle altre parti interessate. Sta a te decidere cosa comunicare, ma siamo qui per aiutarti. Abbiamo creato alcuni testi per facilitare la promozione della piattaforma ai dipendenti. Prendine visione di seguito. Cosa inserire [&hellip;]<\/p>\n","protected":false},"author":9,"featured_media":0,"parent":10729,"menu_order":0,"comment_status":"closed","ping_status":"closed","template":"elementor_header_footer","meta":{"footnotes":""},"class_list":["post-10732","page","type-page","status-publish","hentry"],"yoast_head":"<!-- This site is optimized with the Yoast SEO Premium plugin v27.3 (Yoast SEO v27.4) - https:\/\/yoast.com\/product\/yoast-seo-premium-wordpress\/ -->\n<title>Guida introduttiva - Cosa comunicare - Whistlelink<\/title>\n<meta name=\"robots\" content=\"noindex, nofollow\" \/>\n<meta property=\"og:locale\" content=\"it_IT\" \/>\n<meta property=\"og:type\" content=\"article\" \/>\n<meta property=\"og:title\" content=\"Step by Step - Cosa comunicare\" \/>\n<meta property=\"og:description\" content=\"GUIDA INTRODUTTIVACosa comunicare Ottimo lavoro! La tua piattaforma whistleblowing \u00e8 configurata e adesso \u00e8 il momento di farla conoscere ai dipendenti e alle altre parti interessate. Sta a te decidere cosa comunicare, ma siamo qui per aiutarti. Abbiamo creato alcuni testi per facilitare la promozione della piattaforma ai dipendenti. Prendine visione di seguito. Cosa inserire [&hellip;]\" \/>\n<meta property=\"og:url\" content=\"https:\/\/www.whistlelink.com\/it\/guida-introduttiva\/cosa-comunicare\/\" \/>\n<meta property=\"og:site_name\" content=\"Whistlelink\" \/>\n<meta property=\"article:publisher\" content=\"https:\/\/www.facebook.com\/whistlelink\/\" \/>\n<meta property=\"article:modified_time\" content=\"2023-10-25T14:26:49+00:00\" \/>\n<meta name=\"twitter:card\" content=\"summary_large_image\" \/>\n<meta name=\"twitter:label1\" content=\"Tempo di lettura stimato\" \/>\n\t<meta name=\"twitter:data1\" content=\"3 minuti\" \/>\n<script type=\"application\/ld+json\" class=\"yoast-schema-graph\">{\"@context\":\"https:\\\/\\\/schema.org\",\"@graph\":[{\"@type\":\"WebPage\",\"@id\":\"https:\\\/\\\/www.whistlelink.com\\\/it\\\/guida-introduttiva\\\/cosa-comunicare\\\/\",\"url\":\"https:\\\/\\\/www.whistlelink.com\\\/it\\\/guida-introduttiva\\\/cosa-comunicare\\\/\",\"name\":\"Guida introduttiva - Cosa comunicare - Whistlelink\",\"isPartOf\":{\"@id\":\"https:\\\/\\\/www.whistlelink.com\\\/it\\\/#website\"},\"datePublished\":\"2021-04-22T20:17:45+00:00\",\"dateModified\":\"2023-10-25T14:26:49+00:00\",\"breadcrumb\":{\"@id\":\"https:\\\/\\\/www.whistlelink.com\\\/it\\\/guida-introduttiva\\\/cosa-comunicare\\\/#breadcrumb\"},\"inLanguage\":\"it-IT\",\"potentialAction\":[{\"@type\":\"ReadAction\",\"target\":[\"https:\\\/\\\/www.whistlelink.com\\\/it\\\/guida-introduttiva\\\/cosa-comunicare\\\/\"]}]},{\"@type\":\"BreadcrumbList\",\"@id\":\"https:\\\/\\\/www.whistlelink.com\\\/it\\\/guida-introduttiva\\\/cosa-comunicare\\\/#breadcrumb\",\"itemListElement\":[{\"@type\":\"ListItem\",\"position\":1,\"name\":\"Home\",\"item\":\"https:\\\/\\\/www.whistlelink.com\\\/it\\\/\"},{\"@type\":\"ListItem\",\"position\":2,\"name\":\"Step by Step &#8211; Implementazione e comunicazione\",\"item\":\"https:\\\/\\\/www.whistlelink.com\\\/it\\\/client-get-started-guide\\\/\"},{\"@type\":\"ListItem\",\"position\":3,\"name\":\"Step by Step &#8211; Cosa comunicare\"}]},{\"@type\":\"WebSite\",\"@id\":\"https:\\\/\\\/www.whistlelink.com\\\/it\\\/#website\",\"url\":\"https:\\\/\\\/www.whistlelink.com\\\/it\\\/\",\"name\":\"Whistlelink\",\"description\":\"A trusted provider of secure whistleblowing solutions.\",\"publisher\":{\"@id\":\"https:\\\/\\\/www.whistlelink.com\\\/it\\\/#organization\"},\"potentialAction\":[{\"@type\":\"SearchAction\",\"target\":{\"@type\":\"EntryPoint\",\"urlTemplate\":\"https:\\\/\\\/www.whistlelink.com\\\/it\\\/?s={search_term_string}\"},\"query-input\":{\"@type\":\"PropertyValueSpecification\",\"valueRequired\":true,\"valueName\":\"search_term_string\"}}],\"inLanguage\":\"it-IT\"},{\"@type\":\"Organization\",\"@id\":\"https:\\\/\\\/www.whistlelink.com\\\/it\\\/#organization\",\"name\":\"Whistlelink\",\"url\":\"https:\\\/\\\/www.whistlelink.com\\\/it\\\/\",\"logo\":{\"@type\":\"ImageObject\",\"inLanguage\":\"it-IT\",\"@id\":\"https:\\\/\\\/www.whistlelink.com\\\/it\\\/#\\\/schema\\\/logo\\\/image\\\/\",\"url\":\"https:\\\/\\\/www.whistlelink.com\\\/wp-content\\\/uploads\\\/2021\\\/07\\\/WhistlelinkLogoEmail.png\",\"contentUrl\":\"https:\\\/\\\/www.whistlelink.com\\\/wp-content\\\/uploads\\\/2021\\\/07\\\/WhistlelinkLogoEmail.png\",\"width\":704,\"height\":75,\"caption\":\"Whistlelink\"},\"image\":{\"@id\":\"https:\\\/\\\/www.whistlelink.com\\\/it\\\/#\\\/schema\\\/logo\\\/image\\\/\"},\"sameAs\":[\"https:\\\/\\\/www.facebook.com\\\/whistlelink\\\/\",\"https:\\\/\\\/www.linkedin.com\\\/company\\\/whistlelink\\\/\",\"https:\\\/\\\/vimeo.com\\\/user152082481\"]}]}<\/script>\n<!-- \/ Yoast SEO Premium plugin. -->","yoast_head_json":{"title":"Guida introduttiva - Cosa comunicare - Whistlelink","robots":{"index":"noindex","follow":"nofollow"},"og_locale":"it_IT","og_type":"article","og_title":"Step by Step - Cosa comunicare","og_description":"GUIDA INTRODUTTIVACosa comunicare Ottimo lavoro! La tua piattaforma whistleblowing \u00e8 configurata e adesso \u00e8 il momento di farla conoscere ai dipendenti e alle altre parti interessate. Sta a te decidere cosa comunicare, ma siamo qui per aiutarti. Abbiamo creato alcuni testi per facilitare la promozione della piattaforma ai dipendenti. Prendine visione di seguito. Cosa inserire [&hellip;]","og_url":"https:\/\/www.whistlelink.com\/it\/guida-introduttiva\/cosa-comunicare\/","og_site_name":"Whistlelink","article_publisher":"https:\/\/www.facebook.com\/whistlelink\/","article_modified_time":"2023-10-25T14:26:49+00:00","twitter_card":"summary_large_image","twitter_misc":{"Tempo di lettura stimato":"3 minuti"},"schema":{"@context":"https:\/\/schema.org","@graph":[{"@type":"WebPage","@id":"https:\/\/www.whistlelink.com\/it\/guida-introduttiva\/cosa-comunicare\/","url":"https:\/\/www.whistlelink.com\/it\/guida-introduttiva\/cosa-comunicare\/","name":"Guida introduttiva - Cosa comunicare - Whistlelink","isPartOf":{"@id":"https:\/\/www.whistlelink.com\/it\/#website"},"datePublished":"2021-04-22T20:17:45+00:00","dateModified":"2023-10-25T14:26:49+00:00","breadcrumb":{"@id":"https:\/\/www.whistlelink.com\/it\/guida-introduttiva\/cosa-comunicare\/#breadcrumb"},"inLanguage":"it-IT","potentialAction":[{"@type":"ReadAction","target":["https:\/\/www.whistlelink.com\/it\/guida-introduttiva\/cosa-comunicare\/"]}]},{"@type":"BreadcrumbList","@id":"https:\/\/www.whistlelink.com\/it\/guida-introduttiva\/cosa-comunicare\/#breadcrumb","itemListElement":[{"@type":"ListItem","position":1,"name":"Home","item":"https:\/\/www.whistlelink.com\/it\/"},{"@type":"ListItem","position":2,"name":"Step by Step &#8211; Implementazione e comunicazione","item":"https:\/\/www.whistlelink.com\/it\/client-get-started-guide\/"},{"@type":"ListItem","position":3,"name":"Step by Step &#8211; Cosa comunicare"}]},{"@type":"WebSite","@id":"https:\/\/www.whistlelink.com\/it\/#website","url":"https:\/\/www.whistlelink.com\/it\/","name":"Whistlelink","description":"A trusted provider of secure whistleblowing solutions.","publisher":{"@id":"https:\/\/www.whistlelink.com\/it\/#organization"},"potentialAction":[{"@type":"SearchAction","target":{"@type":"EntryPoint","urlTemplate":"https:\/\/www.whistlelink.com\/it\/?s={search_term_string}"},"query-input":{"@type":"PropertyValueSpecification","valueRequired":true,"valueName":"search_term_string"}}],"inLanguage":"it-IT"},{"@type":"Organization","@id":"https:\/\/www.whistlelink.com\/it\/#organization","name":"Whistlelink","url":"https:\/\/www.whistlelink.com\/it\/","logo":{"@type":"ImageObject","inLanguage":"it-IT","@id":"https:\/\/www.whistlelink.com\/it\/#\/schema\/logo\/image\/","url":"https:\/\/www.whistlelink.com\/wp-content\/uploads\/2021\/07\/WhistlelinkLogoEmail.png","contentUrl":"https:\/\/www.whistlelink.com\/wp-content\/uploads\/2021\/07\/WhistlelinkLogoEmail.png","width":704,"height":75,"caption":"Whistlelink"},"image":{"@id":"https:\/\/www.whistlelink.com\/it\/#\/schema\/logo\/image\/"},"sameAs":["https:\/\/www.facebook.com\/whistlelink\/","https:\/\/www.linkedin.com\/company\/whistlelink\/","https:\/\/vimeo.com\/user152082481"]}]}},"_links":{"self":[{"href":"https:\/\/www.whistlelink.com\/it\/wp-json\/wp\/v2\/pages\/10732","targetHints":{"allow":["GET"]}}],"collection":[{"href":"https:\/\/www.whistlelink.com\/it\/wp-json\/wp\/v2\/pages"}],"about":[{"href":"https:\/\/www.whistlelink.com\/it\/wp-json\/wp\/v2\/types\/page"}],"author":[{"embeddable":true,"href":"https:\/\/www.whistlelink.com\/it\/wp-json\/wp\/v2\/users\/9"}],"replies":[{"embeddable":true,"href":"https:\/\/www.whistlelink.com\/it\/wp-json\/wp\/v2\/comments?post=10732"}],"version-history":[{"count":5,"href":"https:\/\/www.whistlelink.com\/it\/wp-json\/wp\/v2\/pages\/10732\/revisions"}],"predecessor-version":[{"id":53774,"href":"https:\/\/www.whistlelink.com\/it\/wp-json\/wp\/v2\/pages\/10732\/revisions\/53774"}],"up":[{"embeddable":true,"href":"https:\/\/www.whistlelink.com\/it\/wp-json\/wp\/v2\/pages\/10729"}],"wp:attachment":[{"href":"https:\/\/www.whistlelink.com\/it\/wp-json\/wp\/v2\/media?parent=10732"}],"curies":[{"name":"wp","href":"https:\/\/api.w.org\/{rel}","templated":true}]}}