{"id":10417,"date":"2021-04-16T10:03:45","date_gmt":"2021-04-16T09:03:45","guid":{"rendered":"https:\/\/www.whistlelink.com\/?page_id=10417"},"modified":"2023-10-25T14:29:49","modified_gmt":"2023-10-25T14:29:49","slug":"przewodnik-wprowadzenie-klienta","status":"publish","type":"page","link":"https:\/\/www.whistlelink.com\/pl\/przewodnik-wprowadzenie-klienta\/","title":{"rendered":"Step by Step &#8211; Wdra\u017canie i komunikacja"},"content":{"rendered":"\t\t<div data-elementor-type=\"wp-page\" data-elementor-id=\"10417\" class=\"elementor elementor-10417 elementor-7216\" data-elementor-post-type=\"page\">\n\t\t\t\t\t\t<section class=\"elementor-section elementor-top-section elementor-element elementor-element-84d1926 elementor-section-boxed elementor-section-height-default elementor-section-height-default\" data-id=\"84d1926\" data-element_type=\"section\" data-e-type=\"section\" data-settings=\"{&quot;background_background&quot;:&quot;classic&quot;}\">\n\t\t\t\t\t\t\t<div class=\"elementor-background-overlay\"><\/div>\n\t\t\t\t\t\t\t<div class=\"elementor-container elementor-column-gap-default\">\n\t\t\t\t\t<div class=\"elementor-column elementor-col-100 elementor-top-column elementor-element elementor-element-32832c7\" data-id=\"32832c7\" data-element_type=\"column\" data-e-type=\"column\">\n\t\t\t<div class=\"elementor-widget-wrap elementor-element-populated\">\n\t\t\t\t\t\t<div class=\"elementor-element elementor-element-5afc234 elementor-widget elementor-widget-jet-headline\" data-id=\"5afc234\" data-element_type=\"widget\" data-e-type=\"widget\" data-widget_type=\"jet-headline.default\">\n\t\t\t\t<div class=\"elementor-widget-container\">\n\t\t\t\t\t<h2 class=\"jet-headline jet-headline--direction-vertical\"><span class=\"jet-headline__part jet-headline__first\"><span class=\"jet-headline__label\">PRZEWODNIK \u201eWPROWADZENIE\u201d<\/span><\/span><span class=\"jet-headline__part jet-headline__second\"><span class=\"jet-headline__label\">Implementacja i przedstawienie rozwi\u0105zania do zg\u0142aszania nieprawid\u0142owo\u015bci<\/span><\/span><\/h2>\t\t\t\t<\/div>\n\t\t\t\t<\/div>\n\t\t\t\t<div class=\"elementor-element elementor-element-68700d6 elementor-widget elementor-widget-heading\" data-id=\"68700d6\" data-element_type=\"widget\" data-e-type=\"widget\" data-widget_type=\"heading.default\">\n\t\t\t\t<div class=\"elementor-widget-container\">\n\t\t\t\t\t<h4 class=\"elementor-heading-title elementor-size-default\">Po zakupieniu Whistlelink, trzeba b\u0119dzie zrobi\u0107 jeszcze kilka rzeczy przed ca\u0142kowitym wdro\u017ceniem rozwi\u0105zania do zg\u0142aszania nieprawid\u0142owo\u015bci. Przeprowadzimy Pa\u0144stwa przez najwa\u017cniejsze etapy i doradzimy, co nale\u017cy komunikowa\u0107 oraz jak sprawi\u0107, aby Pa\u0144stwa pracownicy mogli bez problemu znale\u017a\u0107 witryn\u0119 do zg\u0142aszania nieprawid\u0142owo\u015bci.<\/h4>\t\t\t\t<\/div>\n\t\t\t\t<\/div>\n\t\t\t\t\t<\/div>\n\t\t<\/div>\n\t\t\t\t\t<\/div>\n\t\t<\/section>\n\t\t\t\t<section class=\"elementor-section elementor-top-section elementor-element elementor-element-3e7473d elementor-section-boxed elementor-section-height-default elementor-section-height-default\" data-id=\"3e7473d\" data-element_type=\"section\" data-e-type=\"section\" data-settings=\"{&quot;background_background&quot;:&quot;classic&quot;}\">\n\t\t\t\t\t\t<div class=\"elementor-container elementor-column-gap-default\">\n\t\t\t\t\t<div class=\"elementor-column elementor-col-100 elementor-top-column elementor-element elementor-element-182edd8\" data-id=\"182edd8\" data-element_type=\"column\" data-e-type=\"column\">\n\t\t\t<div class=\"elementor-widget-wrap elementor-element-populated\">\n\t\t\t\t\t\t<div class=\"elementor-element elementor-element-6340b34 elementor-widget elementor-widget-jet-headline\" data-id=\"6340b34\" data-element_type=\"widget\" data-e-type=\"widget\" data-widget_type=\"jet-headline.default\">\n\t\t\t\t<div class=\"elementor-widget-container\">\n\t\t\t\t\t<h2 class=\"jet-headline jet-headline--direction-vertical\"><span class=\"jet-headline__part jet-headline__first\"><span class=\"jet-headline__label\">Rozpocznij<\/span><\/span><span class=\"jet-headline__part jet-headline__second\"><span class=\"jet-headline__label\">Kliknij nag\u0142\u00f3wki poni\u017cej.<\/span><\/span><\/h2>\t\t\t\t<\/div>\n\t\t\t\t<\/div>\n\t\t\t\t<div class=\"elementor-element elementor-element-c719507 elementor-position-left elementor-vertical-align-top elementor-widget elementor-widget-image-box\" data-id=\"c719507\" data-element_type=\"widget\" data-e-type=\"widget\" data-widget_type=\"image-box.default\">\n\t\t\t\t<div class=\"elementor-widget-container\">\n\t\t\t\t\t<div class=\"elementor-image-box-wrapper\"><figure class=\"elementor-image-box-img\"><a href=\"https:\/\/www.whistlelink.com\/pl\/przewodnik-wprowadzenie-klienta\/przewodnik-po-implementacji\/\" tabindex=\"-1\"><img fetchpriority=\"high\" decoding=\"async\" width=\"800\" height=\"729\" src=\"https:\/\/www.whistlelink.com\/wp-content\/uploads\/2020\/12\/Rubicskub.png\" class=\"attachment-large size-large wp-image-1391\" alt=\"\" srcset=\"https:\/\/www.whistlelink.com\/wp-content\/uploads\/2020\/12\/Rubicskub.png 804w, https:\/\/www.whistlelink.com\/wp-content\/uploads\/2020\/12\/Rubicskub-300x274.png 300w, https:\/\/www.whistlelink.com\/wp-content\/uploads\/2020\/12\/Rubicskub-768x700.png 768w\" sizes=\"(max-width: 800px) 100vw, 800px\" \/><\/a><\/figure><div class=\"elementor-image-box-content\"><h3 class=\"elementor-image-box-title\"><a href=\"https:\/\/www.whistlelink.com\/pl\/przewodnik-wprowadzenie-klienta\/przewodnik-po-implementacji\/\"> Przewodnik krok po kroku po implementacji<\/a><\/h3><p class=\"elementor-image-box-description\">Wykonanie konfiguracji i pe\u0142ne wdro\u017cenie rozwi\u0105zania do zg\u0142aszania nieprawid\u0142owo\u015bci w Pa\u0144stwa organizacji.<\/p><\/div><\/div>\t\t\t\t<\/div>\n\t\t\t\t<\/div>\n\t\t\t\t<div class=\"elementor-element elementor-element-641f347 elementor-position-left elementor-vertical-align-top elementor-widget elementor-widget-image-box\" data-id=\"641f347\" data-element_type=\"widget\" data-e-type=\"widget\" data-widget_type=\"image-box.default\">\n\t\t\t\t<div class=\"elementor-widget-container\">\n\t\t\t\t\t<div class=\"elementor-image-box-wrapper\"><figure class=\"elementor-image-box-img\"><a href=\"https:\/\/www.whistlelink.com\/pl\/przewodnik-wprowadzenie-klienta\/konfiguracja-systemu\/\" tabindex=\"-1\"><img fetchpriority=\"high\" decoding=\"async\" width=\"800\" height=\"729\" src=\"https:\/\/www.whistlelink.com\/wp-content\/uploads\/2020\/12\/Rubicskub.png\" class=\"attachment-large size-large wp-image-1391\" alt=\"\" srcset=\"https:\/\/www.whistlelink.com\/wp-content\/uploads\/2020\/12\/Rubicskub.png 804w, https:\/\/www.whistlelink.com\/wp-content\/uploads\/2020\/12\/Rubicskub-300x274.png 300w, https:\/\/www.whistlelink.com\/wp-content\/uploads\/2020\/12\/Rubicskub-768x700.png 768w\" sizes=\"(max-width: 800px) 100vw, 800px\" \/><\/a><\/figure><div class=\"elementor-image-box-content\"><h3 class=\"elementor-image-box-title\"><a href=\"https:\/\/www.whistlelink.com\/pl\/przewodnik-wprowadzenie-klienta\/konfiguracja-systemu\/\">Konfiguracja systemu Whistlelink<\/a><\/h3><p class=\"elementor-image-box-description\">Doko\u0144cz techniczn\u0105 implementacj\u0119 i konfiguracj\u0119, korzystaj\u0105c z naszego przewodnika krok po kroku.  <\/p><\/div><\/div>\t\t\t\t<\/div>\n\t\t\t\t<\/div>\n\t\t\t\t<div class=\"elementor-element elementor-element-8a0bbe0 elementor-position-left elementor-vertical-align-top elementor-widget elementor-widget-image-box\" data-id=\"8a0bbe0\" data-element_type=\"widget\" data-e-type=\"widget\" data-widget_type=\"image-box.default\">\n\t\t\t\t<div class=\"elementor-widget-container\">\n\t\t\t\t\t<div class=\"elementor-image-box-wrapper\"><figure class=\"elementor-image-box-img\"><a href=\"https:\/\/www.whistlelink.com\/pl\/przewodnik-wprowadzenie-klienta\/wprowadzenie-jak-ulatwic-dostep\/\" tabindex=\"-1\"><img fetchpriority=\"high\" decoding=\"async\" width=\"800\" height=\"729\" src=\"https:\/\/www.whistlelink.com\/wp-content\/uploads\/2020\/12\/Rubicskub.png\" class=\"attachment-large size-large wp-image-1391\" alt=\"\" srcset=\"https:\/\/www.whistlelink.com\/wp-content\/uploads\/2020\/12\/Rubicskub.png 804w, https:\/\/www.whistlelink.com\/wp-content\/uploads\/2020\/12\/Rubicskub-300x274.png 300w, https:\/\/www.whistlelink.com\/wp-content\/uploads\/2020\/12\/Rubicskub-768x700.png 768w\" sizes=\"(max-width: 800px) 100vw, 800px\" \/><\/a><\/figure><div class=\"elementor-image-box-content\"><h3 class=\"elementor-image-box-title\"><a href=\"https:\/\/www.whistlelink.com\/pl\/przewodnik-wprowadzenie-klienta\/wprowadzenie-jak-ulatwic-dostep\/\"> Jak u\u0142atwi\u0107 dost\u0119p do Whistlelink<\/a><\/h3><p class=\"elementor-image-box-description\">Wskaz\u00f3wki na temat tego, gdzie nale\u017cy umie\u015bci\u0107 informacje o witrynie do zg\u0142aszania nieprawid\u0142owo\u015bci, aby Pa\u0144stwa pracownicy mogli w \u0142atwy spos\u00f3b uzyska\u0107 do niej dost\u0119p.<\/p><\/div><\/div>\t\t\t\t<\/div>\n\t\t\t\t<\/div>\n\t\t\t\t<div class=\"elementor-element elementor-element-31eb034 elementor-position-left elementor-vertical-align-top elementor-widget elementor-widget-image-box\" data-id=\"31eb034\" data-element_type=\"widget\" data-e-type=\"widget\" data-widget_type=\"image-box.default\">\n\t\t\t\t<div class=\"elementor-widget-container\">\n\t\t\t\t\t<div class=\"elementor-image-box-wrapper\"><figure class=\"elementor-image-box-img\"><a href=\"https:\/\/www.whistlelink.com\/pl\/przewodnik-wprowadzenie-klienta\/sposoby-komunikacji\/\" tabindex=\"-1\"><img fetchpriority=\"high\" decoding=\"async\" width=\"800\" height=\"729\" src=\"https:\/\/www.whistlelink.com\/wp-content\/uploads\/2020\/12\/Rubicskub.png\" class=\"attachment-large size-large wp-image-1391\" alt=\"\" srcset=\"https:\/\/www.whistlelink.com\/wp-content\/uploads\/2020\/12\/Rubicskub.png 804w, https:\/\/www.whistlelink.com\/wp-content\/uploads\/2020\/12\/Rubicskub-300x274.png 300w, https:\/\/www.whistlelink.com\/wp-content\/uploads\/2020\/12\/Rubicskub-768x700.png 768w\" sizes=\"(max-width: 800px) 100vw, 800px\" \/><\/a><\/figure><div class=\"elementor-image-box-content\"><h3 class=\"elementor-image-box-title\"><a href=\"https:\/\/www.whistlelink.com\/pl\/przewodnik-wprowadzenie-klienta\/sposoby-komunikacji\/\">Sposoby komunikacji<\/a><\/h3><p class=\"elementor-image-box-description\">Przyk\u0142ady tego, jak mo\u017cna poinformowa\u0107 pracownik\u00f3w o kanale do zg\u0142aszania nieprawid\u0142owo\u015bci.<\/p><\/div><\/div>\t\t\t\t<\/div>\n\t\t\t\t<\/div>\n\t\t\t\t\t<\/div>\n\t\t<\/div>\n\t\t\t\t\t<\/div>\n\t\t<\/section>\n\t\t\t\t<\/div>\n\t\t","protected":false},"excerpt":{"rendered":"<p>PRZEWODNIK \u201eWPROWADZENIE\u201dImplementacja i przedstawienie rozwi\u0105zania do zg\u0142aszania nieprawid\u0142owo\u015bci Po zakupieniu Whistlelink, trzeba b\u0119dzie zrobi\u0107 jeszcze kilka rzeczy przed ca\u0142kowitym wdro\u017ceniem rozwi\u0105zania do zg\u0142aszania nieprawid\u0142owo\u015bci. Przeprowadzimy Pa\u0144stwa przez najwa\u017cniejsze etapy i doradzimy, co nale\u017cy komunikowa\u0107 oraz jak sprawi\u0107, aby Pa\u0144stwa pracownicy mogli bez problemu znale\u017a\u0107 witryn\u0119 do zg\u0142aszania nieprawid\u0142owo\u015bci. RozpocznijKliknij nag\u0142\u00f3wki poni\u017cej. Przewodnik krok po kroku [&hellip;]<\/p>\n","protected":false},"author":15,"featured_media":0,"parent":0,"menu_order":0,"comment_status":"closed","ping_status":"closed","template":"elementor_header_footer","meta":{"footnotes":""},"class_list":["post-10417","page","type-page","status-publish","hentry"],"yoast_head":"<!-- This site is optimized with the Yoast SEO Premium plugin v27.3 (Yoast SEO v27.4) - https:\/\/yoast.com\/product\/yoast-seo-premium-wordpress\/ -->\n<title>Przewodnik wprowadzenie - Wdra\u017canie i komunikacja - Whistlelink<\/title>\n<meta name=\"robots\" content=\"noindex, nofollow\" \/>\n<meta property=\"og:locale\" content=\"pl_PL\" \/>\n<meta property=\"og:type\" content=\"article\" \/>\n<meta property=\"og:title\" content=\"Step by Step - Wdra\u017canie i komunikacja\" \/>\n<meta property=\"og:description\" content=\"PRZEWODNIK \u201eWPROWADZENIE\u201dImplementacja i przedstawienie rozwi\u0105zania do zg\u0142aszania nieprawid\u0142owo\u015bci Po zakupieniu Whistlelink, trzeba b\u0119dzie zrobi\u0107 jeszcze kilka rzeczy przed ca\u0142kowitym wdro\u017ceniem rozwi\u0105zania do zg\u0142aszania nieprawid\u0142owo\u015bci. Przeprowadzimy Pa\u0144stwa przez najwa\u017cniejsze etapy i doradzimy, co nale\u017cy komunikowa\u0107 oraz jak sprawi\u0107, aby Pa\u0144stwa pracownicy mogli bez problemu znale\u017a\u0107 witryn\u0119 do zg\u0142aszania nieprawid\u0142owo\u015bci. RozpocznijKliknij nag\u0142\u00f3wki poni\u017cej. Przewodnik krok po kroku [&hellip;]\" \/>\n<meta property=\"og:url\" content=\"https:\/\/www.whistlelink.com\/pl\/przewodnik-wprowadzenie-klienta\/\" \/>\n<meta property=\"og:site_name\" content=\"Whistlelink\" \/>\n<meta property=\"article:publisher\" content=\"https:\/\/www.facebook.com\/whistlelink\/\" \/>\n<meta property=\"article:modified_time\" content=\"2023-10-25T14:29:49+00:00\" \/>\n<meta property=\"og:image\" content=\"https:\/\/www.whistlelink.com\/wp-content\/uploads\/2020\/12\/Rubicskub.png\" \/>\n<meta name=\"twitter:card\" content=\"summary_large_image\" \/>\n<meta name=\"twitter:label1\" content=\"Szacowany czas czytania\" \/>\n\t<meta name=\"twitter:data1\" content=\"2 minuty\" \/>\n<script type=\"application\/ld+json\" class=\"yoast-schema-graph\">{\"@context\":\"https:\\\/\\\/schema.org\",\"@graph\":[{\"@type\":\"WebPage\",\"@id\":\"https:\\\/\\\/www.whistlelink.com\\\/pl\\\/przewodnik-wprowadzenie-klienta\\\/\",\"url\":\"https:\\\/\\\/www.whistlelink.com\\\/pl\\\/przewodnik-wprowadzenie-klienta\\\/\",\"name\":\"Przewodnik wprowadzenie - Wdra\u017canie i komunikacja - Whistlelink\",\"isPartOf\":{\"@id\":\"https:\\\/\\\/www.whistlelink.com\\\/pl\\\/#website\"},\"primaryImageOfPage\":{\"@id\":\"https:\\\/\\\/www.whistlelink.com\\\/pl\\\/przewodnik-wprowadzenie-klienta\\\/#primaryimage\"},\"image\":{\"@id\":\"https:\\\/\\\/www.whistlelink.com\\\/pl\\\/przewodnik-wprowadzenie-klienta\\\/#primaryimage\"},\"thumbnailUrl\":\"https:\\\/\\\/www.whistlelink.com\\\/wp-content\\\/uploads\\\/2020\\\/12\\\/Rubicskub.png\",\"datePublished\":\"2021-04-16T09:03:45+00:00\",\"dateModified\":\"2023-10-25T14:29:49+00:00\",\"breadcrumb\":{\"@id\":\"https:\\\/\\\/www.whistlelink.com\\\/pl\\\/przewodnik-wprowadzenie-klienta\\\/#breadcrumb\"},\"inLanguage\":\"pl-PL\",\"potentialAction\":[{\"@type\":\"ReadAction\",\"target\":[\"https:\\\/\\\/www.whistlelink.com\\\/pl\\\/przewodnik-wprowadzenie-klienta\\\/\"]}]},{\"@type\":\"ImageObject\",\"inLanguage\":\"pl-PL\",\"@id\":\"https:\\\/\\\/www.whistlelink.com\\\/pl\\\/przewodnik-wprowadzenie-klienta\\\/#primaryimage\",\"url\":\"https:\\\/\\\/www.whistlelink.com\\\/wp-content\\\/uploads\\\/2020\\\/12\\\/Rubicskub.png\",\"contentUrl\":\"https:\\\/\\\/www.whistlelink.com\\\/wp-content\\\/uploads\\\/2020\\\/12\\\/Rubicskub.png\"},{\"@type\":\"BreadcrumbList\",\"@id\":\"https:\\\/\\\/www.whistlelink.com\\\/pl\\\/przewodnik-wprowadzenie-klienta\\\/#breadcrumb\",\"itemListElement\":[{\"@type\":\"ListItem\",\"position\":1,\"name\":\"Home\",\"item\":\"https:\\\/\\\/www.whistlelink.com\\\/pl\\\/\"},{\"@type\":\"ListItem\",\"position\":2,\"name\":\"Step by Step &#8211; Wdra\u017canie i komunikacja\"}]},{\"@type\":\"WebSite\",\"@id\":\"https:\\\/\\\/www.whistlelink.com\\\/pl\\\/#website\",\"url\":\"https:\\\/\\\/www.whistlelink.com\\\/pl\\\/\",\"name\":\"Whistlelink\",\"description\":\"A trusted provider of secure whistleblowing solutions.\",\"publisher\":{\"@id\":\"https:\\\/\\\/www.whistlelink.com\\\/pl\\\/#organization\"},\"potentialAction\":[{\"@type\":\"SearchAction\",\"target\":{\"@type\":\"EntryPoint\",\"urlTemplate\":\"https:\\\/\\\/www.whistlelink.com\\\/pl\\\/?s={search_term_string}\"},\"query-input\":{\"@type\":\"PropertyValueSpecification\",\"valueRequired\":true,\"valueName\":\"search_term_string\"}}],\"inLanguage\":\"pl-PL\"},{\"@type\":\"Organization\",\"@id\":\"https:\\\/\\\/www.whistlelink.com\\\/pl\\\/#organization\",\"name\":\"Whistlelink\",\"url\":\"https:\\\/\\\/www.whistlelink.com\\\/pl\\\/\",\"logo\":{\"@type\":\"ImageObject\",\"inLanguage\":\"pl-PL\",\"@id\":\"https:\\\/\\\/www.whistlelink.com\\\/pl\\\/#\\\/schema\\\/logo\\\/image\\\/\",\"url\":\"https:\\\/\\\/www.whistlelink.com\\\/wp-content\\\/uploads\\\/2021\\\/07\\\/WhistlelinkLogoEmail.png\",\"contentUrl\":\"https:\\\/\\\/www.whistlelink.com\\\/wp-content\\\/uploads\\\/2021\\\/07\\\/WhistlelinkLogoEmail.png\",\"width\":704,\"height\":75,\"caption\":\"Whistlelink\"},\"image\":{\"@id\":\"https:\\\/\\\/www.whistlelink.com\\\/pl\\\/#\\\/schema\\\/logo\\\/image\\\/\"},\"sameAs\":[\"https:\\\/\\\/www.facebook.com\\\/whistlelink\\\/\",\"https:\\\/\\\/www.linkedin.com\\\/company\\\/whistlelink\\\/\",\"https:\\\/\\\/vimeo.com\\\/user152082481\"]}]}<\/script>\n<!-- \/ Yoast SEO Premium plugin. -->","yoast_head_json":{"title":"Przewodnik wprowadzenie - Wdra\u017canie i komunikacja - Whistlelink","robots":{"index":"noindex","follow":"nofollow"},"og_locale":"pl_PL","og_type":"article","og_title":"Step by Step - Wdra\u017canie i komunikacja","og_description":"PRZEWODNIK \u201eWPROWADZENIE\u201dImplementacja i przedstawienie rozwi\u0105zania do zg\u0142aszania nieprawid\u0142owo\u015bci Po zakupieniu Whistlelink, trzeba b\u0119dzie zrobi\u0107 jeszcze kilka rzeczy przed ca\u0142kowitym wdro\u017ceniem rozwi\u0105zania do zg\u0142aszania nieprawid\u0142owo\u015bci. Przeprowadzimy Pa\u0144stwa przez najwa\u017cniejsze etapy i doradzimy, co nale\u017cy komunikowa\u0107 oraz jak sprawi\u0107, aby Pa\u0144stwa pracownicy mogli bez problemu znale\u017a\u0107 witryn\u0119 do zg\u0142aszania nieprawid\u0142owo\u015bci. RozpocznijKliknij nag\u0142\u00f3wki poni\u017cej. Przewodnik krok po kroku [&hellip;]","og_url":"https:\/\/www.whistlelink.com\/pl\/przewodnik-wprowadzenie-klienta\/","og_site_name":"Whistlelink","article_publisher":"https:\/\/www.facebook.com\/whistlelink\/","article_modified_time":"2023-10-25T14:29:49+00:00","og_image":[{"url":"https:\/\/www.whistlelink.com\/wp-content\/uploads\/2020\/12\/Rubicskub.png","type":"","width":"","height":""}],"twitter_card":"summary_large_image","twitter_misc":{"Szacowany czas czytania":"2 minuty"},"schema":{"@context":"https:\/\/schema.org","@graph":[{"@type":"WebPage","@id":"https:\/\/www.whistlelink.com\/pl\/przewodnik-wprowadzenie-klienta\/","url":"https:\/\/www.whistlelink.com\/pl\/przewodnik-wprowadzenie-klienta\/","name":"Przewodnik wprowadzenie - Wdra\u017canie i komunikacja - Whistlelink","isPartOf":{"@id":"https:\/\/www.whistlelink.com\/pl\/#website"},"primaryImageOfPage":{"@id":"https:\/\/www.whistlelink.com\/pl\/przewodnik-wprowadzenie-klienta\/#primaryimage"},"image":{"@id":"https:\/\/www.whistlelink.com\/pl\/przewodnik-wprowadzenie-klienta\/#primaryimage"},"thumbnailUrl":"https:\/\/www.whistlelink.com\/wp-content\/uploads\/2020\/12\/Rubicskub.png","datePublished":"2021-04-16T09:03:45+00:00","dateModified":"2023-10-25T14:29:49+00:00","breadcrumb":{"@id":"https:\/\/www.whistlelink.com\/pl\/przewodnik-wprowadzenie-klienta\/#breadcrumb"},"inLanguage":"pl-PL","potentialAction":[{"@type":"ReadAction","target":["https:\/\/www.whistlelink.com\/pl\/przewodnik-wprowadzenie-klienta\/"]}]},{"@type":"ImageObject","inLanguage":"pl-PL","@id":"https:\/\/www.whistlelink.com\/pl\/przewodnik-wprowadzenie-klienta\/#primaryimage","url":"https:\/\/www.whistlelink.com\/wp-content\/uploads\/2020\/12\/Rubicskub.png","contentUrl":"https:\/\/www.whistlelink.com\/wp-content\/uploads\/2020\/12\/Rubicskub.png"},{"@type":"BreadcrumbList","@id":"https:\/\/www.whistlelink.com\/pl\/przewodnik-wprowadzenie-klienta\/#breadcrumb","itemListElement":[{"@type":"ListItem","position":1,"name":"Home","item":"https:\/\/www.whistlelink.com\/pl\/"},{"@type":"ListItem","position":2,"name":"Step by Step &#8211; Wdra\u017canie i komunikacja"}]},{"@type":"WebSite","@id":"https:\/\/www.whistlelink.com\/pl\/#website","url":"https:\/\/www.whistlelink.com\/pl\/","name":"Whistlelink","description":"A trusted provider of secure whistleblowing solutions.","publisher":{"@id":"https:\/\/www.whistlelink.com\/pl\/#organization"},"potentialAction":[{"@type":"SearchAction","target":{"@type":"EntryPoint","urlTemplate":"https:\/\/www.whistlelink.com\/pl\/?s={search_term_string}"},"query-input":{"@type":"PropertyValueSpecification","valueRequired":true,"valueName":"search_term_string"}}],"inLanguage":"pl-PL"},{"@type":"Organization","@id":"https:\/\/www.whistlelink.com\/pl\/#organization","name":"Whistlelink","url":"https:\/\/www.whistlelink.com\/pl\/","logo":{"@type":"ImageObject","inLanguage":"pl-PL","@id":"https:\/\/www.whistlelink.com\/pl\/#\/schema\/logo\/image\/","url":"https:\/\/www.whistlelink.com\/wp-content\/uploads\/2021\/07\/WhistlelinkLogoEmail.png","contentUrl":"https:\/\/www.whistlelink.com\/wp-content\/uploads\/2021\/07\/WhistlelinkLogoEmail.png","width":704,"height":75,"caption":"Whistlelink"},"image":{"@id":"https:\/\/www.whistlelink.com\/pl\/#\/schema\/logo\/image\/"},"sameAs":["https:\/\/www.facebook.com\/whistlelink\/","https:\/\/www.linkedin.com\/company\/whistlelink\/","https:\/\/vimeo.com\/user152082481"]}]}},"_links":{"self":[{"href":"https:\/\/www.whistlelink.com\/pl\/wp-json\/wp\/v2\/pages\/10417","targetHints":{"allow":["GET"]}}],"collection":[{"href":"https:\/\/www.whistlelink.com\/pl\/wp-json\/wp\/v2\/pages"}],"about":[{"href":"https:\/\/www.whistlelink.com\/pl\/wp-json\/wp\/v2\/types\/page"}],"author":[{"embeddable":true,"href":"https:\/\/www.whistlelink.com\/pl\/wp-json\/wp\/v2\/users\/15"}],"replies":[{"embeddable":true,"href":"https:\/\/www.whistlelink.com\/pl\/wp-json\/wp\/v2\/comments?post=10417"}],"version-history":[{"count":16,"href":"https:\/\/www.whistlelink.com\/pl\/wp-json\/wp\/v2\/pages\/10417\/revisions"}],"predecessor-version":[{"id":59149,"href":"https:\/\/www.whistlelink.com\/pl\/wp-json\/wp\/v2\/pages\/10417\/revisions\/59149"}],"wp:attachment":[{"href":"https:\/\/www.whistlelink.com\/pl\/wp-json\/wp\/v2\/media?parent=10417"}],"curies":[{"name":"wp","href":"https:\/\/api.w.org\/{rel}","templated":true}]}}