{"id":17001,"date":"2021-05-27T15:26:47","date_gmt":"2021-05-27T14:26:47","guid":{"rendered":"https:\/\/www.whistlelink.com\/?page_id=17001"},"modified":"2022-11-10T10:42:02","modified_gmt":"2022-11-10T10:42:02","slug":"usluga-intake-management","status":"publish","type":"page","link":"https:\/\/www.whistlelink.com\/pl\/usluga-intake-management\/","title":{"rendered":"Us\u0142uga Intake Management"},"content":{"rendered":"\t\t<div data-elementor-type=\"wp-page\" data-elementor-id=\"17001\" class=\"elementor elementor-17001 elementor-10964\" data-elementor-post-type=\"page\">\n\t\t\t\t\t\t<section class=\"elementor-section elementor-top-section elementor-element elementor-element-5c79113 elementor-section-full_width elementor-section-height-default elementor-section-height-default\" data-id=\"5c79113\" data-element_type=\"section\" data-e-type=\"section\" data-settings=\"{&quot;background_background&quot;:&quot;classic&quot;}\">\n\t\t\t\t\t\t<div class=\"elementor-container elementor-column-gap-default\">\n\t\t\t\t\t<div class=\"elementor-column elementor-col-100 elementor-top-column elementor-element elementor-element-4f94b00\" data-id=\"4f94b00\" data-element_type=\"column\" data-e-type=\"column\">\n\t\t\t<div class=\"elementor-widget-wrap elementor-element-populated\">\n\t\t\t\t\t\t<div class=\"elementor-element elementor-element-d39b940 elementor-widget elementor-widget-jet-headline\" data-id=\"d39b940\" data-element_type=\"widget\" data-e-type=\"widget\" data-widget_type=\"jet-headline.default\">\n\t\t\t\t<div class=\"elementor-widget-container\">\n\t\t\t\t\t<h2 class=\"jet-headline jet-headline--direction-vertical\"><span class=\"jet-headline__part jet-headline__first\"><span class=\"jet-headline__label\">Us\u0142ugi Whistleblowingowe<\/span><\/span><span class=\"jet-headline__part jet-headline__second\"><span class=\"jet-headline__label\">Us\u0142uga Intake Management<\/span><\/span><\/h2>\t\t\t\t<\/div>\n\t\t\t\t<\/div>\n\t\t\t\t\t<\/div>\n\t\t<\/div>\n\t\t\t\t\t<\/div>\n\t\t<\/section>\n\t\t\t\t<section class=\"elementor-section elementor-top-section elementor-element elementor-element-c0769e9 elementor-section-boxed elementor-section-height-default elementor-section-height-default\" data-id=\"c0769e9\" data-element_type=\"section\" data-e-type=\"section\">\n\t\t\t\t\t\t<div class=\"elementor-container elementor-column-gap-default\">\n\t\t\t\t\t<div class=\"elementor-column elementor-col-100 elementor-top-column elementor-element elementor-element-bef3938\" data-id=\"bef3938\" data-element_type=\"column\" data-e-type=\"column\" data-settings=\"{&quot;background_background&quot;:&quot;classic&quot;}\">\n\t\t\t<div class=\"elementor-widget-wrap elementor-element-populated\">\n\t\t\t\t\t\t<div class=\"elementor-element elementor-element-3221152 elementor-widget elementor-widget-text-editor\" data-id=\"3221152\" data-element_type=\"widget\" data-e-type=\"widget\" data-widget_type=\"text-editor.default\">\n\t\t\t\t<div class=\"elementor-widget-container\">\n\t\t\t\t\t\t\t\t\t<h3>Czym jest nasza us\u0142uga Intake Management?<\/h3><p>Us\u0142uga Intake Management ma miejsce, gdy organizacja korzysta z us\u0142ug strony trzeciej, aby otrzymywa\u0107 wst\u0119pne raporty wysy\u0142ane za po\u015brednictwem systemu zg\u0142aszania nieprawid\u0142owo\u015bci. Firma otrzymuj\u0105ca przeprowadza wst\u0119pne kontrole, aby upewni\u0107 si\u0119, \u017ce zg\u0142oszenie zostanie przypisane do w\u0142a\u015bciwej osoby (os\u00f3b). Firma odbieraj\u0105ca zapewnia r\u00f3wnie\u017c, \u017ce potwierdzenie do sygnalisty zostanie wys\u0142ane w ci\u0105gu 7 dni.<\/p>\t\t\t\t\t\t\t\t<\/div>\n\t\t\t\t<\/div>\n\t\t\t\t<div class=\"elementor-element elementor-element-2d2cccc elementor-widget elementor-widget-text-editor\" data-id=\"2d2cccc\" data-element_type=\"widget\" data-e-type=\"widget\" data-widget_type=\"text-editor.default\">\n\t\t\t\t<div class=\"elementor-widget-container\">\n\t\t\t\t\t\t\t\t\t<h3>Dlaczego warto skorzysta\u0107 z Intake Management?\u00a0<\/h3><p>Korzystanie z takiej us\u0142ugi zapewni niezale\u017cno\u015b\u0107, zmniejszy nak\u0142ady pracy i pomo\u017ce firmie dostosowa\u0107 si\u0119 <a href=\"https:\/\/www.whistlelink.com\/pl\/zapewnij-sobie-zgodnosc-z-przepisami\/\" target=\"_blank\" rel=\"noopener\">do wymog\u00f3w prawnych<\/a>.<\/p>\t\t\t\t\t\t\t\t<\/div>\n\t\t\t\t<\/div>\n\t\t\t\t<div class=\"elementor-element elementor-element-8c0369d elementor-widget elementor-widget-spacer\" data-id=\"8c0369d\" data-element_type=\"widget\" data-e-type=\"widget\" data-widget_type=\"spacer.default\">\n\t\t\t\t<div class=\"elementor-widget-container\">\n\t\t\t\t\t\t\t<div class=\"elementor-spacer\">\n\t\t\t<div class=\"elementor-spacer-inner\"><\/div>\n\t\t<\/div>\n\t\t\t\t\t\t<\/div>\n\t\t\t\t<\/div>\n\t\t\t\t<div class=\"elementor-element elementor-element-174bb25 elementor-widget elementor-widget-text-editor\" data-id=\"174bb25\" data-element_type=\"widget\" data-e-type=\"widget\" data-widget_type=\"text-editor.default\">\n\t\t\t\t<div class=\"elementor-widget-container\">\n\t\t\t\t\t\t\t\t\t<h3>Co obejmuje us\u0142uga Intake Management Whistlelink?<\/h3>\t\t\t\t\t\t\t\t<\/div>\n\t\t\t\t<\/div>\n\t\t\t\t<section class=\"elementor-section elementor-inner-section elementor-element elementor-element-ba75190 elementor-section-boxed elementor-section-height-default elementor-section-height-default\" data-id=\"ba75190\" data-element_type=\"section\" data-e-type=\"section\">\n\t\t\t\t\t\t<div class=\"elementor-container elementor-column-gap-default\">\n\t\t\t\t\t<div class=\"elementor-column elementor-col-50 elementor-inner-column elementor-element elementor-element-cf29fb8\" data-id=\"cf29fb8\" data-element_type=\"column\" data-e-type=\"column\">\n\t\t\t<div class=\"elementor-widget-wrap elementor-element-populated\">\n\t\t\t\t\t\t<div class=\"elementor-element elementor-element-b1dffda elementor-widget-divider--view-line elementor-widget elementor-widget-divider\" data-id=\"b1dffda\" data-element_type=\"widget\" data-e-type=\"widget\" data-widget_type=\"divider.default\">\n\t\t\t\t<div class=\"elementor-widget-container\">\n\t\t\t\t\t\t\t<div class=\"elementor-divider\">\n\t\t\t<span class=\"elementor-divider-separator\">\n\t\t\t\t\t\t<\/span>\n\t\t<\/div>\n\t\t\t\t\t\t<\/div>\n\t\t\t\t<\/div>\n\t\t\t\t<div class=\"elementor-element elementor-element-3ecd35a elementor-widget elementor-widget-text-editor\" data-id=\"3ecd35a\" data-element_type=\"widget\" data-e-type=\"widget\" data-widget_type=\"text-editor.default\">\n\t\t\t\t<div class=\"elementor-widget-container\">\n\t\t\t\t\t\t\t\t\t<h4>Przegl\u0105d pierwszej linii<\/h4><p>Whistlelink zapewnia przegl\u0105d i ocen\u0119 wszystkich spraw zg\u0142oszonych za po\u015brednictwem witryny Whistlelink. Whistlelink rozpatruje sprawy w ci\u0105gu jednego dnia roboczego i zgodnie z dyrektyw\u0105 UE w sprawie zg\u0142aszania nieprawid\u0142owo\u015bci potwierdzi sygnali\u015bcie otrzymanie zg\u0142oszenia.<\/p>\t\t\t\t\t\t\t\t<\/div>\n\t\t\t\t<\/div>\n\t\t\t\t\t<\/div>\n\t\t<\/div>\n\t\t\t\t<div class=\"elementor-column elementor-col-50 elementor-inner-column elementor-element elementor-element-dc2c41e\" data-id=\"dc2c41e\" data-element_type=\"column\" data-e-type=\"column\">\n\t\t\t<div class=\"elementor-widget-wrap elementor-element-populated\">\n\t\t\t\t\t\t<div class=\"elementor-element elementor-element-726e778 elementor-widget-divider--view-line elementor-widget elementor-widget-divider\" data-id=\"726e778\" data-element_type=\"widget\" data-e-type=\"widget\" data-widget_type=\"divider.default\">\n\t\t\t\t<div class=\"elementor-widget-container\">\n\t\t\t\t\t\t\t<div class=\"elementor-divider\">\n\t\t\t<span class=\"elementor-divider-separator\">\n\t\t\t\t\t\t<\/span>\n\t\t<\/div>\n\t\t\t\t\t\t<\/div>\n\t\t\t\t<\/div>\n\t\t\t\t<div class=\"elementor-element elementor-element-09a88c4 elementor-widget elementor-widget-text-editor\" data-id=\"09a88c4\" data-element_type=\"widget\" data-e-type=\"widget\" data-widget_type=\"text-editor.default\">\n\t\t\t\t<div class=\"elementor-widget-container\">\n\t\t\t\t\t\t\t\t\t<h4>Przydzia\u0142 spraw<\/h4><p>Whistlelink przypisze sprawy do wybranej pierwszej linii kontakt\u00f3w. Je\u015bli Twoja pierwsza linia kontaktu jest cz\u0119\u015bci\u0105 zg\u0142oszenia (brak przegl\u0105dania plik\u00f3w), zamiast tego przypiszemy spraw\u0119 do Twojej osoby kontaktowej. Mog\u0105 wyst\u0105pi\u0107 dodatkowe instrukcje od klienta, zawsze uzgadniane indywidualnie dla ka\u017cdego przypadku.<\/p>\t\t\t\t\t\t\t\t<\/div>\n\t\t\t\t<\/div>\n\t\t\t\t\t<\/div>\n\t\t<\/div>\n\t\t\t\t\t<\/div>\n\t\t<\/section>\n\t\t\t\t\t<\/div>\n\t\t<\/div>\n\t\t\t\t\t<\/div>\n\t\t<\/section>\n\t\t\t\t<section class=\"elementor-section elementor-top-section elementor-element elementor-element-da3b4ae elementor-section-full_width elementor-section-height-default elementor-section-height-default\" data-id=\"da3b4ae\" data-element_type=\"section\" data-e-type=\"section\" data-settings=\"{&quot;background_background&quot;:&quot;classic&quot;}\">\n\t\t\t\t\t\t\t<div class=\"elementor-background-overlay\"><\/div>\n\t\t\t\t\t\t\t<div class=\"elementor-container elementor-column-gap-default\">\n\t\t\t\t\t<div class=\"elementor-column elementor-col-100 elementor-top-column elementor-element elementor-element-0a06e71\" data-id=\"0a06e71\" data-element_type=\"column\" data-e-type=\"column\">\n\t\t\t<div class=\"elementor-widget-wrap elementor-element-populated\">\n\t\t\t\t\t\t<div class=\"elementor-element elementor-element-90e193b elementor-widget elementor-widget-heading\" data-id=\"90e193b\" data-element_type=\"widget\" data-e-type=\"widget\" data-widget_type=\"heading.default\">\n\t\t\t\t<div class=\"elementor-widget-container\">\n\t\t\t\t\t<h2 class=\"elementor-heading-title elementor-size-default\">Masz dodatkowe pytania?<\/h2>\t\t\t\t<\/div>\n\t\t\t\t<\/div>\n\t\t\t\t<div class=\"elementor-element elementor-element-0f6c33e elementor-widget elementor-widget-jet-button\" data-id=\"0f6c33e\" data-element_type=\"widget\" data-e-type=\"widget\" data-widget_type=\"jet-button.default\">\n\t\t\t\t<div class=\"elementor-widget-container\">\n\t\t\t\t\t<div class=\"elementor-jet-button jet-elements\"><div class=\"jet-button__container\">\n\t<a class=\"jet-button__instance jet-button__instance--icon-left hover-effect-0\" href=\"#contact-menu-anchor\">\n\t\t<div class=\"jet-button__plane jet-button__plane-normal\"><\/div>\n\t\t<div class=\"jet-button__plane jet-button__plane-hover\"><\/div>\n\t\t<div class=\"jet-button__state jet-button__state-normal\">\n\t\t\t<span class=\"jet-button__label\">Skontaktuj si\u0119 z nami<\/span>\t\t<\/div>\n\t\t<div class=\"jet-button__state jet-button__state-hover\">\n\t\t\t<span class=\"jet-button__label\">Skontaktuj si\u0119 z nami<\/span>\t\t<\/div>\n\t<\/a>\n<\/div>\n<\/div>\t\t\t\t<\/div>\n\t\t\t\t<\/div>\n\t\t\t\t<div class=\"elementor-element elementor-element-8273e67 elementor-widget elementor-widget-text-editor\" data-id=\"8273e67\" data-element_type=\"widget\" data-e-type=\"widget\" data-widget_type=\"text-editor.default\">\n\t\t\t\t<div class=\"elementor-widget-container\">\n\t\t\t\t\t\t\t\t\t<p>Z przyjemno\u015bci\u0105 na nie odpowiemy.<\/p>\t\t\t\t\t\t\t\t<\/div>\n\t\t\t\t<\/div>\n\t\t\t\t\t<\/div>\n\t\t<\/div>\n\t\t\t\t\t<\/div>\n\t\t<\/section>\n\t\t\t\t<\/div>\n\t\t","protected":false},"excerpt":{"rendered":"<p>Us\u0142ugi Whistleblowingowe Czym jest nasza us\u0142uga Intake Management? Us\u0142uga Intake Management ma miejsce, gdy organizacja korzysta z us\u0142ug strony trzeciej, aby otrzymywa\u0107 wst\u0119pne raporty wysy\u0142ane za po\u015brednictwem systemu zg\u0142aszania nieprawid\u0142owo\u015bci. Firma otrzymuj\u0105ca przeprowadza wst\u0119pne kontrole, aby upewni\u0107 si\u0119, \u017ce zg\u0142oszenie zostanie przypisane do w\u0142a\u015bciwej osoby (os\u00f3b). Firma odbieraj\u0105ca zapewnia r\u00f3wnie\u017c, \u017ce potwierdzenie do sygnalisty zostanie [&hellip;]<\/p>\n","protected":false},"author":11,"featured_media":0,"parent":0,"menu_order":0,"comment_status":"closed","ping_status":"closed","template":"","meta":{"footnotes":""},"class_list":["post-17001","page","type-page","status-publish","hentry"],"yoast_head":"<!-- This site is optimized with the Yoast SEO Premium plugin v27.2 (Yoast SEO v27.3) - https:\/\/yoast.com\/product\/yoast-seo-premium-wordpress\/ -->\n<title>Us\u0142uga Intake Management - Whistlelink<\/title>\n<meta name=\"description\" content=\"Us\u0142uga Intake Management - dodaj j\u0105 do swojego planu, aby zmniejszy\u0107 obci\u0105\u017cenie prac\u0105 i zagwarantowa\u0107 sygnali\u015bcie anonimowo\u015b\u0107.\" \/>\n<meta name=\"robots\" content=\"index, follow, max-snippet:-1, max-image-preview:large, max-video-preview:-1\" \/>\n<link rel=\"canonical\" href=\"https:\/\/www.whistlelink.com\/pl\/usluga-intake-management\/\" \/>\n<meta property=\"og:locale\" content=\"pl_PL\" \/>\n<meta property=\"og:type\" content=\"article\" \/>\n<meta property=\"og:title\" content=\"Us\u0142uga Intake Management\" \/>\n<meta property=\"og:description\" content=\"Us\u0142uga Intake Management - dodaj j\u0105 do swojego planu, aby zmniejszy\u0107 obci\u0105\u017cenie prac\u0105 i zagwarantowa\u0107 sygnali\u015bcie anonimowo\u015b\u0107.\" \/>\n<meta property=\"og:url\" content=\"https:\/\/www.whistlelink.com\/pl\/usluga-intake-management\/\" \/>\n<meta property=\"og:site_name\" content=\"Whistlelink\" \/>\n<meta property=\"article:publisher\" content=\"https:\/\/www.facebook.com\/whistlelink\/\" \/>\n<meta property=\"article:modified_time\" content=\"2022-11-10T10:42:02+00:00\" \/>\n<meta name=\"twitter:card\" content=\"summary_large_image\" \/>\n<meta name=\"twitter:label1\" content=\"Szacowany czas czytania\" \/>\n\t<meta name=\"twitter:data1\" content=\"2 minuty\" \/>\n<script type=\"application\/ld+json\" class=\"yoast-schema-graph\">{\"@context\":\"https:\\\/\\\/schema.org\",\"@graph\":[{\"@type\":\"WebPage\",\"@id\":\"https:\\\/\\\/www.whistlelink.com\\\/pl\\\/usluga-intake-management\\\/\",\"url\":\"https:\\\/\\\/www.whistlelink.com\\\/pl\\\/usluga-intake-management\\\/\",\"name\":\"Us\u0142uga Intake Management - Whistlelink\",\"isPartOf\":{\"@id\":\"https:\\\/\\\/www.whistlelink.com\\\/pl\\\/#website\"},\"datePublished\":\"2021-05-27T14:26:47+00:00\",\"dateModified\":\"2022-11-10T10:42:02+00:00\",\"description\":\"Us\u0142uga Intake Management - dodaj j\u0105 do swojego planu, aby zmniejszy\u0107 obci\u0105\u017cenie prac\u0105 i zagwarantowa\u0107 sygnali\u015bcie anonimowo\u015b\u0107.\",\"breadcrumb\":{\"@id\":\"https:\\\/\\\/www.whistlelink.com\\\/pl\\\/usluga-intake-management\\\/#breadcrumb\"},\"inLanguage\":\"pl-PL\",\"potentialAction\":[{\"@type\":\"ReadAction\",\"target\":[\"https:\\\/\\\/www.whistlelink.com\\\/pl\\\/usluga-intake-management\\\/\"]}]},{\"@type\":\"BreadcrumbList\",\"@id\":\"https:\\\/\\\/www.whistlelink.com\\\/pl\\\/usluga-intake-management\\\/#breadcrumb\",\"itemListElement\":[{\"@type\":\"ListItem\",\"position\":1,\"name\":\"Home\",\"item\":\"https:\\\/\\\/www.whistlelink.com\\\/pl\\\/\"},{\"@type\":\"ListItem\",\"position\":2,\"name\":\"Us\u0142uga Intake Management\"}]},{\"@type\":\"WebSite\",\"@id\":\"https:\\\/\\\/www.whistlelink.com\\\/pl\\\/#website\",\"url\":\"https:\\\/\\\/www.whistlelink.com\\\/pl\\\/\",\"name\":\"Whistlelink\",\"description\":\"A trusted provider of secure whistleblowing solutions.\",\"publisher\":{\"@id\":\"https:\\\/\\\/www.whistlelink.com\\\/pl\\\/#organization\"},\"potentialAction\":[{\"@type\":\"SearchAction\",\"target\":{\"@type\":\"EntryPoint\",\"urlTemplate\":\"https:\\\/\\\/www.whistlelink.com\\\/pl\\\/?s={search_term_string}\"},\"query-input\":{\"@type\":\"PropertyValueSpecification\",\"valueRequired\":true,\"valueName\":\"search_term_string\"}}],\"inLanguage\":\"pl-PL\"},{\"@type\":\"Organization\",\"@id\":\"https:\\\/\\\/www.whistlelink.com\\\/pl\\\/#organization\",\"name\":\"Whistlelink\",\"url\":\"https:\\\/\\\/www.whistlelink.com\\\/pl\\\/\",\"logo\":{\"@type\":\"ImageObject\",\"inLanguage\":\"pl-PL\",\"@id\":\"https:\\\/\\\/www.whistlelink.com\\\/pl\\\/#\\\/schema\\\/logo\\\/image\\\/\",\"url\":\"https:\\\/\\\/www.whistlelink.com\\\/wp-content\\\/uploads\\\/2021\\\/07\\\/WhistlelinkLogoEmail.png\",\"contentUrl\":\"https:\\\/\\\/www.whistlelink.com\\\/wp-content\\\/uploads\\\/2021\\\/07\\\/WhistlelinkLogoEmail.png\",\"width\":704,\"height\":75,\"caption\":\"Whistlelink\"},\"image\":{\"@id\":\"https:\\\/\\\/www.whistlelink.com\\\/pl\\\/#\\\/schema\\\/logo\\\/image\\\/\"},\"sameAs\":[\"https:\\\/\\\/www.facebook.com\\\/whistlelink\\\/\",\"https:\\\/\\\/www.linkedin.com\\\/company\\\/whistlelink\\\/\",\"https:\\\/\\\/vimeo.com\\\/user152082481\"]}]}<\/script>\n<!-- \/ Yoast SEO Premium plugin. -->","yoast_head_json":{"title":"Us\u0142uga Intake Management - Whistlelink","description":"Us\u0142uga Intake Management - dodaj j\u0105 do swojego planu, aby zmniejszy\u0107 obci\u0105\u017cenie prac\u0105 i zagwarantowa\u0107 sygnali\u015bcie anonimowo\u015b\u0107.","robots":{"index":"index","follow":"follow","max-snippet":"max-snippet:-1","max-image-preview":"max-image-preview:large","max-video-preview":"max-video-preview:-1"},"canonical":"https:\/\/www.whistlelink.com\/pl\/usluga-intake-management\/","og_locale":"pl_PL","og_type":"article","og_title":"Us\u0142uga Intake Management","og_description":"Us\u0142uga Intake Management - dodaj j\u0105 do swojego planu, aby zmniejszy\u0107 obci\u0105\u017cenie prac\u0105 i zagwarantowa\u0107 sygnali\u015bcie anonimowo\u015b\u0107.","og_url":"https:\/\/www.whistlelink.com\/pl\/usluga-intake-management\/","og_site_name":"Whistlelink","article_publisher":"https:\/\/www.facebook.com\/whistlelink\/","article_modified_time":"2022-11-10T10:42:02+00:00","twitter_card":"summary_large_image","twitter_misc":{"Szacowany czas czytania":"2 minuty"},"schema":{"@context":"https:\/\/schema.org","@graph":[{"@type":"WebPage","@id":"https:\/\/www.whistlelink.com\/pl\/usluga-intake-management\/","url":"https:\/\/www.whistlelink.com\/pl\/usluga-intake-management\/","name":"Us\u0142uga Intake Management - Whistlelink","isPartOf":{"@id":"https:\/\/www.whistlelink.com\/pl\/#website"},"datePublished":"2021-05-27T14:26:47+00:00","dateModified":"2022-11-10T10:42:02+00:00","description":"Us\u0142uga Intake Management - dodaj j\u0105 do swojego planu, aby zmniejszy\u0107 obci\u0105\u017cenie prac\u0105 i zagwarantowa\u0107 sygnali\u015bcie anonimowo\u015b\u0107.","breadcrumb":{"@id":"https:\/\/www.whistlelink.com\/pl\/usluga-intake-management\/#breadcrumb"},"inLanguage":"pl-PL","potentialAction":[{"@type":"ReadAction","target":["https:\/\/www.whistlelink.com\/pl\/usluga-intake-management\/"]}]},{"@type":"BreadcrumbList","@id":"https:\/\/www.whistlelink.com\/pl\/usluga-intake-management\/#breadcrumb","itemListElement":[{"@type":"ListItem","position":1,"name":"Home","item":"https:\/\/www.whistlelink.com\/pl\/"},{"@type":"ListItem","position":2,"name":"Us\u0142uga Intake Management"}]},{"@type":"WebSite","@id":"https:\/\/www.whistlelink.com\/pl\/#website","url":"https:\/\/www.whistlelink.com\/pl\/","name":"Whistlelink","description":"A trusted provider of secure whistleblowing solutions.","publisher":{"@id":"https:\/\/www.whistlelink.com\/pl\/#organization"},"potentialAction":[{"@type":"SearchAction","target":{"@type":"EntryPoint","urlTemplate":"https:\/\/www.whistlelink.com\/pl\/?s={search_term_string}"},"query-input":{"@type":"PropertyValueSpecification","valueRequired":true,"valueName":"search_term_string"}}],"inLanguage":"pl-PL"},{"@type":"Organization","@id":"https:\/\/www.whistlelink.com\/pl\/#organization","name":"Whistlelink","url":"https:\/\/www.whistlelink.com\/pl\/","logo":{"@type":"ImageObject","inLanguage":"pl-PL","@id":"https:\/\/www.whistlelink.com\/pl\/#\/schema\/logo\/image\/","url":"https:\/\/www.whistlelink.com\/wp-content\/uploads\/2021\/07\/WhistlelinkLogoEmail.png","contentUrl":"https:\/\/www.whistlelink.com\/wp-content\/uploads\/2021\/07\/WhistlelinkLogoEmail.png","width":704,"height":75,"caption":"Whistlelink"},"image":{"@id":"https:\/\/www.whistlelink.com\/pl\/#\/schema\/logo\/image\/"},"sameAs":["https:\/\/www.facebook.com\/whistlelink\/","https:\/\/www.linkedin.com\/company\/whistlelink\/","https:\/\/vimeo.com\/user152082481"]}]}},"_links":{"self":[{"href":"https:\/\/www.whistlelink.com\/pl\/wp-json\/wp\/v2\/pages\/17001","targetHints":{"allow":["GET"]}}],"collection":[{"href":"https:\/\/www.whistlelink.com\/pl\/wp-json\/wp\/v2\/pages"}],"about":[{"href":"https:\/\/www.whistlelink.com\/pl\/wp-json\/wp\/v2\/types\/page"}],"author":[{"embeddable":true,"href":"https:\/\/www.whistlelink.com\/pl\/wp-json\/wp\/v2\/users\/11"}],"replies":[{"embeddable":true,"href":"https:\/\/www.whistlelink.com\/pl\/wp-json\/wp\/v2\/comments?post=17001"}],"version-history":[{"count":0,"href":"https:\/\/www.whistlelink.com\/pl\/wp-json\/wp\/v2\/pages\/17001\/revisions"}],"wp:attachment":[{"href":"https:\/\/www.whistlelink.com\/pl\/wp-json\/wp\/v2\/media?parent=17001"}],"curies":[{"name":"wp","href":"https:\/\/api.w.org\/{rel}","templated":true}]}}