{"id":42064,"date":"2022-11-13T22:20:55","date_gmt":"2022-11-13T21:20:55","guid":{"rendered":"https:\/\/www.whistlelink.com\/partner-intro\/"},"modified":"2023-03-03T08:12:50","modified_gmt":"2023-03-03T08:12:50","slug":"wstep-dla-partnerow","status":"publish","type":"page","link":"https:\/\/www.whistlelink.com\/pl\/wstep-dla-partnerow\/","title":{"rendered":"Wst\u0119p dla partner\u00f3w"},"content":{"rendered":"\t\t<div data-elementor-type=\"wp-page\" data-elementor-id=\"42064\" class=\"elementor elementor-42064 elementor-41132\" data-elementor-post-type=\"page\">\n\t\t\t\t\t\t<section class=\"elementor-section elementor-top-section elementor-element elementor-element-1a4b562b elementor-section-items-bottom elementor-section-height-min-height elementor-section-content-bottom elementor-section-boxed elementor-section-height-default\" data-id=\"1a4b562b\" data-element_type=\"section\" data-e-type=\"section\" data-settings=\"{&quot;background_background&quot;:&quot;classic&quot;}\">\n\t\t\t\t\t\t\t<div class=\"elementor-background-overlay\"><\/div>\n\t\t\t\t\t\t\t<div class=\"elementor-container elementor-column-gap-default\">\n\t\t\t\t\t<div class=\"elementor-column elementor-col-100 elementor-top-column elementor-element elementor-element-50a40820\" data-id=\"50a40820\" data-element_type=\"column\" data-e-type=\"column\">\n\t\t\t<div class=\"elementor-widget-wrap elementor-element-populated\">\n\t\t\t\t\t\t<div class=\"elementor-element elementor-element-6cf9c1a8 elementor-widget elementor-widget-heading\" data-id=\"6cf9c1a8\" data-element_type=\"widget\" data-e-type=\"widget\" data-widget_type=\"heading.default\">\n\t\t\t\t<div class=\"elementor-widget-container\">\n\t\t\t\t\t<h1 class=\"elementor-heading-title elementor-size-default\">Witamy w Whistlelink<\/h1>\t\t\t\t<\/div>\n\t\t\t\t<\/div>\n\t\t\t\t<div class=\"elementor-element elementor-element-23d986ba elementor-widget elementor-widget-image\" data-id=\"23d986ba\" data-element_type=\"widget\" data-e-type=\"widget\" data-widget_type=\"image.default\">\n\t\t\t\t<div class=\"elementor-widget-container\">\n\t\t\t\t\t\t\t\t\t\t\t\t\t\t\t<img fetchpriority=\"high\" decoding=\"async\" width=\"5000\" height=\"1620\" src=\"https:\/\/www.whistlelink.com\/wp-content\/uploads\/2022\/11\/landing_pageHero_pol-1-1.png\" class=\"attachment-full size-full wp-image-43027\" alt=\"\" srcset=\"https:\/\/www.whistlelink.com\/wp-content\/uploads\/2022\/11\/landing_pageHero_pol-1-1.png 5000w, https:\/\/www.whistlelink.com\/wp-content\/uploads\/2022\/11\/landing_pageHero_pol-1-1-300x97.png 300w, https:\/\/www.whistlelink.com\/wp-content\/uploads\/2022\/11\/landing_pageHero_pol-1-1-1600x518.png 1600w, https:\/\/www.whistlelink.com\/wp-content\/uploads\/2022\/11\/landing_pageHero_pol-1-1-768x249.png 768w, https:\/\/www.whistlelink.com\/wp-content\/uploads\/2022\/11\/landing_pageHero_pol-1-1-1536x498.png 1536w, https:\/\/www.whistlelink.com\/wp-content\/uploads\/2022\/11\/landing_pageHero_pol-1-1-2048x664.png 2048w\" sizes=\"(max-width: 5000px) 100vw, 5000px\" \/>\t\t\t\t\t\t\t\t\t\t\t\t\t\t\t<\/div>\n\t\t\t\t<\/div>\n\t\t\t\t\t<\/div>\n\t\t<\/div>\n\t\t\t\t\t<\/div>\n\t\t<\/section>\n\t\t\t\t<section class=\"elementor-section elementor-top-section elementor-element elementor-element-76e9ce5f elementor-section-boxed elementor-section-height-default elementor-section-height-default\" data-id=\"76e9ce5f\" data-element_type=\"section\" data-e-type=\"section\" data-settings=\"{&quot;background_background&quot;:&quot;classic&quot;}\">\n\t\t\t\t\t\t<div class=\"elementor-container elementor-column-gap-default\">\n\t\t\t\t\t<div class=\"elementor-column elementor-col-50 elementor-top-column elementor-element elementor-element-2926cc6f\" data-id=\"2926cc6f\" data-element_type=\"column\" data-e-type=\"column\">\n\t\t\t<div class=\"elementor-widget-wrap elementor-element-populated\">\n\t\t\t\t\t\t<div class=\"elementor-element elementor-element-f50edd7 elementor-widget elementor-widget-heading\" data-id=\"f50edd7\" data-element_type=\"widget\" data-e-type=\"widget\" data-widget_type=\"heading.default\">\n\t\t\t\t<div class=\"elementor-widget-container\">\n\t\t\t\t\t<h3 class=\"elementor-heading-title elementor-size-default\">Jeste\u015bmy tutaj, aby Ci pom\u00f3c<\/h3>\t\t\t\t<\/div>\n\t\t\t\t<\/div>\n\t\t\t\t<div class=\"elementor-element elementor-element-3b5d3f9 elementor-widget elementor-widget-text-editor\" data-id=\"3b5d3f9\" data-element_type=\"widget\" data-e-type=\"widget\" data-widget_type=\"text-editor.default\">\n\t\t\t\t<div class=\"elementor-widget-container\">\n\t\t\t\t\t\t\t\t\t<div class=\"page\" title=\"Page 1\"><div class=\"section\"><div class=\"layoutArea\"><div class=\"column\"><p>Wype\u0142nij formularz lub zadzwo\u0144 do nas pod poni\u017cszy numer, a Urszula Bry\u015b skontaktuje si\u0119 z Tob\u0105 tak szybko, jak to mo\u017cliwe.<\/p><\/div><\/div><\/div><\/div>\t\t\t\t\t\t\t\t<\/div>\n\t\t\t\t<\/div>\n\t\t\t\t<div class=\"elementor-element elementor-element-7f18dff7 elementor-widget elementor-widget-spacer\" data-id=\"7f18dff7\" data-element_type=\"widget\" data-e-type=\"widget\" data-widget_type=\"spacer.default\">\n\t\t\t\t<div class=\"elementor-widget-container\">\n\t\t\t\t\t\t\t<div class=\"elementor-spacer\">\n\t\t\t<div class=\"elementor-spacer-inner\"><\/div>\n\t\t<\/div>\n\t\t\t\t\t\t<\/div>\n\t\t\t\t<\/div>\n\t\t\t\t<section class=\"elementor-section elementor-inner-section elementor-element elementor-element-49dcc4a1 elementor-section-boxed elementor-section-height-default elementor-section-height-default\" data-id=\"49dcc4a1\" data-element_type=\"section\" data-e-type=\"section\">\n\t\t\t\t\t\t<div class=\"elementor-container elementor-column-gap-default\">\n\t\t\t\t\t<div class=\"elementor-column elementor-col-50 elementor-inner-column elementor-element elementor-element-4ab69581\" data-id=\"4ab69581\" data-element_type=\"column\" data-e-type=\"column\">\n\t\t\t<div class=\"elementor-widget-wrap elementor-element-populated\">\n\t\t\t\t\t\t<div class=\"elementor-element elementor-element-58ff5bc3 elementor-widget elementor-widget-image\" data-id=\"58ff5bc3\" data-element_type=\"widget\" data-e-type=\"widget\" data-widget_type=\"image.default\">\n\t\t\t\t<div class=\"elementor-widget-container\">\n\t\t\t\t\t\t\t\t\t\t\t\t\t\t\t<img decoding=\"async\" width=\"300\" height=\"300\" src=\"https:\/\/www.whistlelink.com\/wp-content\/uploads\/2022\/11\/Ula_photo.png\" class=\"attachment-large size-large wp-image-43040\" alt=\"\" srcset=\"https:\/\/www.whistlelink.com\/wp-content\/uploads\/2022\/11\/Ula_photo.png 300w, https:\/\/www.whistlelink.com\/wp-content\/uploads\/2022\/11\/Ula_photo-150x150.png 150w, https:\/\/www.whistlelink.com\/wp-content\/uploads\/2022\/11\/elementor\/thumbs\/Ula_photo-py51pwj1rxks2sh5781ei9pf7gmboaxjacbyujt51s.png 200w\" sizes=\"(max-width: 300px) 100vw, 300px\" \/>\t\t\t\t\t\t\t\t\t\t\t\t\t\t\t<\/div>\n\t\t\t\t<\/div>\n\t\t\t\t\t<\/div>\n\t\t<\/div>\n\t\t\t\t<div class=\"elementor-column elementor-col-50 elementor-inner-column elementor-element elementor-element-ec24895\" data-id=\"ec24895\" data-element_type=\"column\" data-e-type=\"column\">\n\t\t\t<div class=\"elementor-widget-wrap elementor-element-populated\">\n\t\t\t\t\t\t<div class=\"elementor-element elementor-element-1e5cd0bb elementor-widget elementor-widget-text-editor\" data-id=\"1e5cd0bb\" data-element_type=\"widget\" data-e-type=\"widget\" data-widget_type=\"text-editor.default\">\n\t\t\t\t<div class=\"elementor-widget-container\">\n\t\t\t\t\t\t\t\t\t<h5>Urszula Bry\u015b<br \/>Territory Managerem<\/h5><div>Email: <a href=\"mailto:urszula.brys@whistlelink.com\">urszula.brys@whistlelink.com <\/a><\/div><div>Tel.: <a href=\"http:\/\/(+48) 502 570 436\" data-wplink-url-error=\"true\">(+48) 502 570 436<\/a><\/div>\t\t\t\t\t\t\t\t<\/div>\n\t\t\t\t<\/div>\n\t\t\t\t\t<\/div>\n\t\t<\/div>\n\t\t\t\t\t<\/div>\n\t\t<\/section>\n\t\t\t\t\t<\/div>\n\t\t<\/div>\n\t\t\t\t<div class=\"elementor-column elementor-col-50 elementor-top-column elementor-element elementor-element-32fdb51d\" data-id=\"32fdb51d\" data-element_type=\"column\" data-e-type=\"column\">\n\t\t\t<div class=\"elementor-widget-wrap elementor-element-populated\">\n\t\t\t\t\t\t<div class=\"elementor-element elementor-element-53c0bc34 wlink-custom-form elementor-button-align-stretch elementor-widget elementor-widget-form\" data-id=\"53c0bc34\" data-element_type=\"widget\" data-e-type=\"widget\" data-settings=\"{&quot;step_next_label&quot;:&quot;Next&quot;,&quot;step_previous_label&quot;:&quot;Previous&quot;,&quot;button_width&quot;:&quot;100&quot;,&quot;step_type&quot;:&quot;number_text&quot;,&quot;step_icon_shape&quot;:&quot;circle&quot;}\" data-widget_type=\"form.default\">\n\t\t\t\t<div class=\"elementor-widget-container\">\n\t\t\t\t\t\t\t<form class=\"elementor-form\" method=\"post\" name=\"Partner with us\" aria-label=\"Partner with us\">\n\t\t\t<input type=\"hidden\" name=\"post_id\" value=\"42064\"\/>\n\t\t\t<input type=\"hidden\" name=\"form_id\" value=\"53c0bc34\"\/>\n\t\t\t<input type=\"hidden\" name=\"referer_title\" value=\"The system for simple, secure and compliant whistleblowing\" \/>\n\n\t\t\t\t\t\t\t<input type=\"hidden\" name=\"queried_id\" value=\"42064\"\/>\n\t\t\t\n\t\t\t<div class=\"elementor-form-fields-wrapper elementor-labels-\">\n\t\t\t\t\t\t\t\t<div class=\"elementor-field-type-text elementor-field-group elementor-column elementor-field-group-name elementor-col-100 elementor-field-required\">\n\t\t\t\t\t\t\t\t\t\t\t\t<label for=\"form-field-name\" class=\"elementor-field-label elementor-screen-only\">\n\t\t\t\t\t\t\t\tName\t\t\t\t\t\t\t<\/label>\n\t\t\t\t\t\t\t\t\t\t\t\t\t\t<input size=\"1\" type=\"text\" name=\"form_fields[name]\" id=\"form-field-name\" class=\"elementor-field elementor-size-md  elementor-field-textual\" placeholder=\"Nazwa *\" required=\"required\">\n\t\t\t\t\t\t\t\t\t\t\t<\/div>\n\t\t\t\t\t\t\t\t<div class=\"elementor-field-type-text elementor-field-group elementor-column elementor-field-group-company_name elementor-col-100 elementor-field-required\">\n\t\t\t\t\t\t\t\t\t\t\t\t<label for=\"form-field-company_name\" class=\"elementor-field-label elementor-screen-only\">\n\t\t\t\t\t\t\t\tCompany name\t\t\t\t\t\t\t<\/label>\n\t\t\t\t\t\t\t\t\t\t\t\t\t\t<input size=\"1\" type=\"text\" name=\"form_fields[company_name]\" id=\"form-field-company_name\" class=\"elementor-field elementor-size-md  elementor-field-textual\" placeholder=\"Nazwa firmy *\" required=\"required\">\n\t\t\t\t\t\t\t\t\t\t\t<\/div>\n\t\t\t\t\t\t\t\t<div class=\"elementor-field-type-text elementor-field-group elementor-column elementor-field-group-your_email elementor-col-100 elementor-field-required\">\n\t\t\t\t\t\t\t\t\t\t\t\t<label for=\"form-field-your_email\" class=\"elementor-field-label elementor-screen-only\">\n\t\t\t\t\t\t\t\tYour email\t\t\t\t\t\t\t<\/label>\n\t\t\t\t\t\t\t\t\t\t\t\t\t\t<input size=\"1\" type=\"text\" name=\"form_fields[your_email]\" id=\"form-field-your_email\" class=\"elementor-field elementor-size-md  elementor-field-textual\" placeholder=\"Tw\u00f3j adres email *\" required=\"required\">\n\t\t\t\t\t\t\t\t\t\t\t<\/div>\n\t\t\t\t\t\t\t\t<div class=\"elementor-field-type-text elementor-field-group elementor-column elementor-field-group-recommeneded elementor-col-100 elementor-field-required\">\n\t\t\t\t\t\t\t\t\t\t\t\t<label for=\"form-field-recommeneded\" class=\"elementor-field-label elementor-screen-only\">\n\t\t\t\t\t\t\t\t Which company has recommended you to us\t\t\t\t\t\t\t<\/label>\n\t\t\t\t\t\t\t\t\t\t\t\t\t\t<input size=\"1\" type=\"text\" name=\"form_fields[recommeneded]\" id=\"form-field-recommeneded\" class=\"elementor-field elementor-size-md  elementor-field-textual\" placeholder=\" Kt\u00f3ra firma nam Ci\u0119 poleci\u0142a *\" required=\"required\">\n\t\t\t\t\t\t\t\t\t\t\t<\/div>\n\t\t\t\t\t\t\t\t<div class=\"elementor-field-type-text\">\n\t\t\t\t\t<input size=\"1\" type=\"text\" name=\"form_fields[field_1c4744b]\" id=\"form-field-field_1c4744b\" class=\"elementor-field elementor-size-md \" style=\"display:none !important;\">\t\t\t\t<\/div>\n\t\t\t\t\t\t\t\t<div class=\"elementor-field-type-acceptance elementor-field-group elementor-column elementor-field-group-termsofservice elementor-col-100 elementor-field-required\">\n\t\t\t\t\t\t\t\t\t\t\t\t<label for=\"form-field-termsofservice\" class=\"elementor-field-label elementor-screen-only\">\n\t\t\t\t\t\t\t\tTerms of service\t\t\t\t\t\t\t<\/label>\n\t\t\t\t\t\t\t\t<div class=\"elementor-field-subgroup\">\n\t\t\t<span class=\"elementor-field-option\">\n\t\t\t\t<input type=\"checkbox\" name=\"form_fields[termsofservice]\" id=\"form-field-termsofservice\" class=\"elementor-field elementor-size-md  elementor-acceptance-field\" required=\"required\">\n\t\t\t\t<label for=\"form-field-termsofservice\"> Zapozna\u0142em\/-am si\u0119 i zgadzam si\u0119 na \n<a href=\"https:\/\/staging-whistlelink-staging.kinsta.cloud\/terms\/\">Warunki Serwisu Whistlelink<\/a><\/label>\t\t\t<\/span>\n\t\t<\/div>\n\t\t\t\t\t\t<\/div>\n\t\t\t\t\t\t\t\t<div class=\"elementor-field-group elementor-column elementor-field-type-submit elementor-col-100 e-form__buttons\">\n\t\t\t\t\t<button class=\"elementor-button elementor-size-sm\" type=\"submit\">\n\t\t\t\t\t\t<span class=\"elementor-button-content-wrapper\">\n\t\t\t\t\t\t\t\t\t\t\t\t\t\t\t\t\t\t\t\t\t\t<span class=\"elementor-button-text\">Wy\u015blij<\/span>\n\t\t\t\t\t\t\t\t\t\t\t\t\t<\/span>\n\t\t\t\t\t<\/button>\n\t\t\t\t<\/div>\n\t\t\t<\/div>\n\t\t<\/form>\n\t\t\t\t\t\t<\/div>\n\t\t\t\t<\/div>\n\t\t\t\t<div class=\"elementor-element elementor-element-409b7db2 custom-form-footer-policy elementor-widget elementor-widget-text-editor\" data-id=\"409b7db2\" data-element_type=\"widget\" data-e-type=\"widget\" data-widget_type=\"text-editor.default\">\n\t\t\t\t<div class=\"elementor-widget-container\">\n\t\t\t\t\t\t\t\t\t<p>Whistlelink ceni Twoj\u0105 prywatno\u015b\u0107. Skontaktujemy si\u0119 z Tob\u0105 tylko w sprawie naszych rozwi\u0105za\u0144. Mo\u017cesz zrezygnowa\u0107 z subskrypcji w dowolnym momencie. Aby uzyska\u0107 wi\u0119cej informacji, zapoznaj si\u0119 z nasz\u0105 <a href=\"https:\/\/staging-whistlelink-staging.kinsta.cloud\/privacy-notice\/\" target=\"_blank\" rel=\"noopener\">Polityk\u0105 prywatno\u015bci.<\/a><a id=\"link-9816ilvgth\" href=\"https:\/\/staging-whistlelink-staging.kinsta.cloud\/privacy-notice\/\" target=\"_blank\" rel=\"noopener noreferrer\"><u><\/u><\/a><\/p>\t\t\t\t\t\t\t\t<\/div>\n\t\t\t\t<\/div>\n\t\t\t\t\t<\/div>\n\t\t<\/div>\n\t\t\t\t\t<\/div>\n\t\t<\/section>\n\t\t\t\t<\/div>\n\t\t","protected":false},"excerpt":{"rendered":"<p>Witamy w Whistlelink Jeste\u015bmy tutaj, aby Ci pom\u00f3c Wype\u0142nij formularz lub zadzwo\u0144 do nas pod poni\u017cszy numer, a Urszula Bry\u015b skontaktuje si\u0119 z Tob\u0105 tak szybko, jak to mo\u017cliwe. Urszula Bry\u015bTerritory Managerem Email: urszula.brys@whistlelink.com Tel.: (+48) 502 570 436 Whistlelink ceni Twoj\u0105 prywatno\u015b\u0107. Skontaktujemy si\u0119 z Tob\u0105 tylko w sprawie naszych rozwi\u0105za\u0144. Mo\u017cesz zrezygnowa\u0107 z [&hellip;]<\/p>\n","protected":false},"author":9,"featured_media":0,"parent":0,"menu_order":0,"comment_status":"closed","ping_status":"closed","template":"","meta":{"footnotes":""},"class_list":["post-42064","page","type-page","status-publish","hentry"],"yoast_head":"<!-- This site is optimized with the Yoast SEO Premium plugin v27.3 (Yoast SEO v27.4) - https:\/\/yoast.com\/product\/yoast-seo-premium-wordpress\/ -->\n<title>The system for simple, secure and compliant whistleblowing<\/title>\n<meta name=\"description\" content=\"A secure and compliant whistleblowing system with anonymous reporting &amp; simple case management in just 10 minutes. Try Whistlelink for free.\" \/>\n<meta name=\"robots\" content=\"index, follow, max-snippet:-1, max-image-preview:large, max-video-preview:-1\" \/>\n<link rel=\"canonical\" href=\"https:\/\/www.whistlelink.com\/pl\/wstep-dla-partnerow\/\" \/>\n<meta property=\"og:locale\" content=\"pl_PL\" \/>\n<meta property=\"og:type\" content=\"article\" \/>\n<meta property=\"og:title\" content=\"Wst\u0119p dla partner\u00f3w\" \/>\n<meta property=\"og:description\" content=\"A secure and compliant whistleblowing system with anonymous reporting &amp; simple case management in just 10 minutes. Try Whistlelink for free.\" \/>\n<meta property=\"og:url\" content=\"https:\/\/www.whistlelink.com\/pl\/wstep-dla-partnerow\/\" \/>\n<meta property=\"og:site_name\" content=\"Whistlelink\" \/>\n<meta property=\"article:publisher\" content=\"https:\/\/www.facebook.com\/whistlelink\/\" \/>\n<meta property=\"article:modified_time\" content=\"2023-03-03T08:12:50+00:00\" \/>\n<meta property=\"og:image\" content=\"https:\/\/www.whistlelink.com\/wp-content\/uploads\/2022\/11\/landing_pageHero_pol-1-1.png\" \/>\n<meta name=\"twitter:card\" content=\"summary_large_image\" \/>\n<meta name=\"twitter:label1\" content=\"Szacowany czas czytania\" \/>\n\t<meta name=\"twitter:data1\" content=\"1 minuta\" \/>\n<script type=\"application\/ld+json\" class=\"yoast-schema-graph\">{\"@context\":\"https:\\\/\\\/schema.org\",\"@graph\":[{\"@type\":\"WebPage\",\"@id\":\"https:\\\/\\\/www.whistlelink.com\\\/pl\\\/wstep-dla-partnerow\\\/\",\"url\":\"https:\\\/\\\/www.whistlelink.com\\\/pl\\\/wstep-dla-partnerow\\\/\",\"name\":\"The system for simple, secure and compliant whistleblowing\",\"isPartOf\":{\"@id\":\"https:\\\/\\\/www.whistlelink.com\\\/pl\\\/#website\"},\"primaryImageOfPage\":{\"@id\":\"https:\\\/\\\/www.whistlelink.com\\\/pl\\\/wstep-dla-partnerow\\\/#primaryimage\"},\"image\":{\"@id\":\"https:\\\/\\\/www.whistlelink.com\\\/pl\\\/wstep-dla-partnerow\\\/#primaryimage\"},\"thumbnailUrl\":\"https:\\\/\\\/www.whistlelink.com\\\/wp-content\\\/uploads\\\/2022\\\/11\\\/landing_pageHero_pol-1-1.png\",\"datePublished\":\"2022-11-13T21:20:55+00:00\",\"dateModified\":\"2023-03-03T08:12:50+00:00\",\"description\":\"A secure and compliant whistleblowing system with anonymous reporting & simple case management in just 10 minutes. Try Whistlelink for free.\",\"breadcrumb\":{\"@id\":\"https:\\\/\\\/www.whistlelink.com\\\/pl\\\/wstep-dla-partnerow\\\/#breadcrumb\"},\"inLanguage\":\"pl-PL\",\"potentialAction\":[{\"@type\":\"ReadAction\",\"target\":[\"https:\\\/\\\/www.whistlelink.com\\\/pl\\\/wstep-dla-partnerow\\\/\"]}]},{\"@type\":\"ImageObject\",\"inLanguage\":\"pl-PL\",\"@id\":\"https:\\\/\\\/www.whistlelink.com\\\/pl\\\/wstep-dla-partnerow\\\/#primaryimage\",\"url\":\"https:\\\/\\\/www.whistlelink.com\\\/wp-content\\\/uploads\\\/2022\\\/11\\\/landing_pageHero_pol-1-1.png\",\"contentUrl\":\"https:\\\/\\\/www.whistlelink.com\\\/wp-content\\\/uploads\\\/2022\\\/11\\\/landing_pageHero_pol-1-1.png\"},{\"@type\":\"BreadcrumbList\",\"@id\":\"https:\\\/\\\/www.whistlelink.com\\\/pl\\\/wstep-dla-partnerow\\\/#breadcrumb\",\"itemListElement\":[{\"@type\":\"ListItem\",\"position\":1,\"name\":\"Home\",\"item\":\"https:\\\/\\\/www.whistlelink.com\\\/pl\\\/\"},{\"@type\":\"ListItem\",\"position\":2,\"name\":\"Wst\u0119p dla partner\u00f3w\"}]},{\"@type\":\"WebSite\",\"@id\":\"https:\\\/\\\/www.whistlelink.com\\\/pl\\\/#website\",\"url\":\"https:\\\/\\\/www.whistlelink.com\\\/pl\\\/\",\"name\":\"Whistlelink\",\"description\":\"A trusted provider of secure whistleblowing solutions.\",\"publisher\":{\"@id\":\"https:\\\/\\\/www.whistlelink.com\\\/pl\\\/#organization\"},\"potentialAction\":[{\"@type\":\"SearchAction\",\"target\":{\"@type\":\"EntryPoint\",\"urlTemplate\":\"https:\\\/\\\/www.whistlelink.com\\\/pl\\\/?s={search_term_string}\"},\"query-input\":{\"@type\":\"PropertyValueSpecification\",\"valueRequired\":true,\"valueName\":\"search_term_string\"}}],\"inLanguage\":\"pl-PL\"},{\"@type\":\"Organization\",\"@id\":\"https:\\\/\\\/www.whistlelink.com\\\/pl\\\/#organization\",\"name\":\"Whistlelink\",\"url\":\"https:\\\/\\\/www.whistlelink.com\\\/pl\\\/\",\"logo\":{\"@type\":\"ImageObject\",\"inLanguage\":\"pl-PL\",\"@id\":\"https:\\\/\\\/www.whistlelink.com\\\/pl\\\/#\\\/schema\\\/logo\\\/image\\\/\",\"url\":\"https:\\\/\\\/www.whistlelink.com\\\/wp-content\\\/uploads\\\/2021\\\/07\\\/WhistlelinkLogoEmail.png\",\"contentUrl\":\"https:\\\/\\\/www.whistlelink.com\\\/wp-content\\\/uploads\\\/2021\\\/07\\\/WhistlelinkLogoEmail.png\",\"width\":704,\"height\":75,\"caption\":\"Whistlelink\"},\"image\":{\"@id\":\"https:\\\/\\\/www.whistlelink.com\\\/pl\\\/#\\\/schema\\\/logo\\\/image\\\/\"},\"sameAs\":[\"https:\\\/\\\/www.facebook.com\\\/whistlelink\\\/\",\"https:\\\/\\\/www.linkedin.com\\\/company\\\/whistlelink\\\/\",\"https:\\\/\\\/vimeo.com\\\/user152082481\"]}]}<\/script>\n<!-- \/ Yoast SEO Premium plugin. -->","yoast_head_json":{"title":"The system for simple, secure and compliant whistleblowing","description":"A secure and compliant whistleblowing system with anonymous reporting & simple case management in just 10 minutes. Try Whistlelink for free.","robots":{"index":"index","follow":"follow","max-snippet":"max-snippet:-1","max-image-preview":"max-image-preview:large","max-video-preview":"max-video-preview:-1"},"canonical":"https:\/\/www.whistlelink.com\/pl\/wstep-dla-partnerow\/","og_locale":"pl_PL","og_type":"article","og_title":"Wst\u0119p dla partner\u00f3w","og_description":"A secure and compliant whistleblowing system with anonymous reporting & simple case management in just 10 minutes. Try Whistlelink for free.","og_url":"https:\/\/www.whistlelink.com\/pl\/wstep-dla-partnerow\/","og_site_name":"Whistlelink","article_publisher":"https:\/\/www.facebook.com\/whistlelink\/","article_modified_time":"2023-03-03T08:12:50+00:00","og_image":[{"url":"https:\/\/www.whistlelink.com\/wp-content\/uploads\/2022\/11\/landing_pageHero_pol-1-1.png","type":"","width":"","height":""}],"twitter_card":"summary_large_image","twitter_misc":{"Szacowany czas czytania":"1 minuta"},"schema":{"@context":"https:\/\/schema.org","@graph":[{"@type":"WebPage","@id":"https:\/\/www.whistlelink.com\/pl\/wstep-dla-partnerow\/","url":"https:\/\/www.whistlelink.com\/pl\/wstep-dla-partnerow\/","name":"The system for simple, secure and compliant whistleblowing","isPartOf":{"@id":"https:\/\/www.whistlelink.com\/pl\/#website"},"primaryImageOfPage":{"@id":"https:\/\/www.whistlelink.com\/pl\/wstep-dla-partnerow\/#primaryimage"},"image":{"@id":"https:\/\/www.whistlelink.com\/pl\/wstep-dla-partnerow\/#primaryimage"},"thumbnailUrl":"https:\/\/www.whistlelink.com\/wp-content\/uploads\/2022\/11\/landing_pageHero_pol-1-1.png","datePublished":"2022-11-13T21:20:55+00:00","dateModified":"2023-03-03T08:12:50+00:00","description":"A secure and compliant whistleblowing system with anonymous reporting & simple case management in just 10 minutes. Try Whistlelink for free.","breadcrumb":{"@id":"https:\/\/www.whistlelink.com\/pl\/wstep-dla-partnerow\/#breadcrumb"},"inLanguage":"pl-PL","potentialAction":[{"@type":"ReadAction","target":["https:\/\/www.whistlelink.com\/pl\/wstep-dla-partnerow\/"]}]},{"@type":"ImageObject","inLanguage":"pl-PL","@id":"https:\/\/www.whistlelink.com\/pl\/wstep-dla-partnerow\/#primaryimage","url":"https:\/\/www.whistlelink.com\/wp-content\/uploads\/2022\/11\/landing_pageHero_pol-1-1.png","contentUrl":"https:\/\/www.whistlelink.com\/wp-content\/uploads\/2022\/11\/landing_pageHero_pol-1-1.png"},{"@type":"BreadcrumbList","@id":"https:\/\/www.whistlelink.com\/pl\/wstep-dla-partnerow\/#breadcrumb","itemListElement":[{"@type":"ListItem","position":1,"name":"Home","item":"https:\/\/www.whistlelink.com\/pl\/"},{"@type":"ListItem","position":2,"name":"Wst\u0119p dla partner\u00f3w"}]},{"@type":"WebSite","@id":"https:\/\/www.whistlelink.com\/pl\/#website","url":"https:\/\/www.whistlelink.com\/pl\/","name":"Whistlelink","description":"A trusted provider of secure whistleblowing solutions.","publisher":{"@id":"https:\/\/www.whistlelink.com\/pl\/#organization"},"potentialAction":[{"@type":"SearchAction","target":{"@type":"EntryPoint","urlTemplate":"https:\/\/www.whistlelink.com\/pl\/?s={search_term_string}"},"query-input":{"@type":"PropertyValueSpecification","valueRequired":true,"valueName":"search_term_string"}}],"inLanguage":"pl-PL"},{"@type":"Organization","@id":"https:\/\/www.whistlelink.com\/pl\/#organization","name":"Whistlelink","url":"https:\/\/www.whistlelink.com\/pl\/","logo":{"@type":"ImageObject","inLanguage":"pl-PL","@id":"https:\/\/www.whistlelink.com\/pl\/#\/schema\/logo\/image\/","url":"https:\/\/www.whistlelink.com\/wp-content\/uploads\/2021\/07\/WhistlelinkLogoEmail.png","contentUrl":"https:\/\/www.whistlelink.com\/wp-content\/uploads\/2021\/07\/WhistlelinkLogoEmail.png","width":704,"height":75,"caption":"Whistlelink"},"image":{"@id":"https:\/\/www.whistlelink.com\/pl\/#\/schema\/logo\/image\/"},"sameAs":["https:\/\/www.facebook.com\/whistlelink\/","https:\/\/www.linkedin.com\/company\/whistlelink\/","https:\/\/vimeo.com\/user152082481"]}]}},"_links":{"self":[{"href":"https:\/\/www.whistlelink.com\/pl\/wp-json\/wp\/v2\/pages\/42064","targetHints":{"allow":["GET"]}}],"collection":[{"href":"https:\/\/www.whistlelink.com\/pl\/wp-json\/wp\/v2\/pages"}],"about":[{"href":"https:\/\/www.whistlelink.com\/pl\/wp-json\/wp\/v2\/types\/page"}],"author":[{"embeddable":true,"href":"https:\/\/www.whistlelink.com\/pl\/wp-json\/wp\/v2\/users\/9"}],"replies":[{"embeddable":true,"href":"https:\/\/www.whistlelink.com\/pl\/wp-json\/wp\/v2\/comments?post=42064"}],"version-history":[{"count":4,"href":"https:\/\/www.whistlelink.com\/pl\/wp-json\/wp\/v2\/pages\/42064\/revisions"}],"predecessor-version":[{"id":49939,"href":"https:\/\/www.whistlelink.com\/pl\/wp-json\/wp\/v2\/pages\/42064\/revisions\/49939"}],"wp:attachment":[{"href":"https:\/\/www.whistlelink.com\/pl\/wp-json\/wp\/v2\/media?parent=42064"}],"curies":[{"name":"wp","href":"https:\/\/api.w.org\/{rel}","templated":true}]}}