{"id":50079,"date":"2021-01-19T11:50:01","date_gmt":"2021-01-19T10:50:01","guid":{"rendered":"https:\/\/www.whistlelink.com\/?page_id=50079"},"modified":"2025-10-10T13:55:03","modified_gmt":"2025-10-10T12:55:03","slug":"umowa-o-powierzenie-przetwarzania-danych","status":"publish","type":"page","link":"https:\/\/www.whistlelink.com\/pl\/umowa-o-powierzenie-przetwarzania-danych\/","title":{"rendered":"UMOWA O POWIERZENIE PRZETWARZANIA DANYCH"},"content":{"rendered":"\t\t<div data-elementor-type=\"wp-page\" data-elementor-id=\"50079\" class=\"elementor elementor-50079 elementor-2388\" data-elementor-post-type=\"page\">\n\t\t\t\t\t\t<section class=\"elementor-section elementor-top-section elementor-element elementor-element-d34bea1 elementor-section-boxed elementor-section-height-default elementor-section-height-default\" data-id=\"d34bea1\" data-element_type=\"section\" data-e-type=\"section\">\n\t\t\t\t\t\t<div class=\"elementor-container elementor-column-gap-default\">\n\t\t\t\t\t<div class=\"elementor-column elementor-col-100 elementor-top-column elementor-element elementor-element-925f61b\" data-id=\"925f61b\" data-element_type=\"column\" data-e-type=\"column\">\n\t\t\t<div class=\"elementor-widget-wrap elementor-element-populated\">\n\t\t\t\t\t\t<div class=\"elementor-element elementor-element-c8ddf39 elementor-widget elementor-widget-heading\" data-id=\"c8ddf39\" data-element_type=\"widget\" data-e-type=\"widget\" data-widget_type=\"heading.default\">\n\t\t\t\t<div class=\"elementor-widget-container\">\n\t\t\t\t\t<h1 class=\"elementor-heading-title elementor-size-default\">UMOWA O POWIERZENIE PRZETWARZANIA DANYCH<\/h1>\t\t\t\t<\/div>\n\t\t\t\t<\/div>\n\t\t\t\t\t<\/div>\n\t\t<\/div>\n\t\t\t\t\t<\/div>\n\t\t<\/section>\n\t\t\t\t<section class=\"elementor-section elementor-top-section elementor-element elementor-element-194b483 elementor-section-boxed elementor-section-height-default elementor-section-height-default\" data-id=\"194b483\" data-element_type=\"section\" data-e-type=\"section\">\n\t\t\t\t\t\t<div class=\"elementor-container elementor-column-gap-default\">\n\t\t\t\t\t<div class=\"elementor-column elementor-col-100 elementor-top-column elementor-element elementor-element-3e6ef9a\" data-id=\"3e6ef9a\" data-element_type=\"column\" data-e-type=\"column\">\n\t\t\t<div class=\"elementor-widget-wrap elementor-element-populated\">\n\t\t\t\t\t\t<div class=\"elementor-element elementor-element-7ca422b elementor-widget elementor-widget-text-editor\" data-id=\"7ca422b\" data-element_type=\"widget\" data-e-type=\"widget\" data-widget_type=\"text-editor.default\">\n\t\t\t\t<div class=\"elementor-widget-container\">\n\t\t\t\t\t\t\t\t\t<p><em>Niniejsza Umowa o powierzenie przetwarzania danych (\u201e<strong>Umowa przetwarzania danych<\/strong>\u201d) reguluje przetwarzanie danych osobowych, kt\u00f3re wynika z korzystania przez Klienta z Whistlelink zgodnie z Umow\u0105 i w zwi\u0105zku z tym stanowi integraln\u0105 cz\u0119\u015b\u0107 Umowy. Dane Klienta, kt\u00f3re Klient wprowadza do Whistlelink s\u0105 zaszyfrowane i nie mamy dost\u0119pu do tych informacji poza faktem, \u017ce przechowujemy informacje na naszych serwerach, a w wyj\u0105tkowych przypadkach mo\u017cemy udzieli\u0107 Klientowi wsparcia i pomocy, je\u015bli zajdzie taka konieczno\u015b\u0107. Przechowywanie danych oznacza, \u017ce \u200b\u200bzgodnie z rozporz\u0105dzeniem o ochronie danych (2016\/679) (\u201eGDPR\u201d) jeste\u015bmy uwa\u017cani za podmiot przetwarzaj\u0105cy dane osobowe w imieniu Klienta, a tym samym jako podmiot przetwarzaj\u0105cy dla Klienta jako administratora. Warunki zawarte w niniejszej Umowie b\u0119d\u0105 interpretowane zgodnie z GDPR oraz obowi\u0105zuj\u0105cymi lokalnymi dostosowaniami i przepisami dotycz\u0105cymi ochrony danych (\u0142\u0105cznie \u201e<strong>Zasady ochrony danych<\/strong>\u201d). Postanowienia zawarte w Umowie przetwarzania danych maj\u0105 znaczenie przede wszystkim przy Zasadach Ochrony Danych, a tak\u017ce w Umowie, chyba \u017ce w danych okoliczno\u015bciach wyra\u017anie zaznaczono inaczej. <\/em><\/p>\t\t\t\t\t\t\t\t<\/div>\n\t\t\t\t<\/div>\n\t\t\t\t<div class=\"elementor-element elementor-element-54bf012 elementor-widget elementor-widget-text-editor\" data-id=\"54bf012\" data-element_type=\"widget\" data-e-type=\"widget\" data-widget_type=\"text-editor.default\">\n\t\t\t\t<div class=\"elementor-widget-container\">\n\t\t\t\t\t\t\t\t\t<h5>1.\u00a0 \u00a0 Odpowiedzialno\u015b\u0107 i instrukcje<\/h5><p>1.1 Rodzaj danych oraz kategorie podmiot\u00f3w, kt\u00f3rych dane dotycz\u0105, przetwarzanych na podstawie niniejszej Umowy przetwarzania danych, w zwi\u0105zku ze \u015bwiadczeniem us\u0142ug Whistlelink oraz cel, charakter, czas trwania i przedmiot przetwarzania zosta\u0142y opisane w punkcie 5. Klient zapewnia, \u017ce Przetwarzaj\u0105cy nie przetwarza dodatkowych kategorii danych, innych ni\u017c okre\u015blone w punkcie 5.<\/p><p>1.2 Klient jest \u015bwiadomy, \u017ce Whistlelink jest platform\u0105 dystrybuowan\u0105 do du\u017cej liczby klient\u00f3w i dlatego niekoniecznie b\u0119dziemy w stanie post\u0119powa\u0107 zgodnie z takimi instrukcjami, kt\u00f3re nie s\u0105 bezpo\u015bredni\u0105 konsekwencj\u0105 konieczno\u015bci przestrzegania przez Klienta Zasad Ochrony Danych. Je\u015bli Klient przeka\u017ce nam takie instrukcje, kt\u00f3rych nie mamy mo\u017cliwo\u015bci wykona\u0107, Klient zobowi\u0105zuje si\u0119 do zaprzestania wprowadzania i eksportowania wszystkich takich Danych Klienta, kt\u00f3rych dotycz\u0105 aktualne instrukcje. Powy\u017csze nie stanowi naruszenia umowy ani dost\u0119pno\u015bci Whistlelink.<\/p><p>1.3 Klient jest administratorem wszystkich danych osobowych przetwarzanych przez Podmiot Przetwarzaj\u0105cy w imieniu Klienta na podstawie Umowy z Podmiotem Przetwarzaj\u0105cym. Klient jest zatem odpowiedzialny za przestrzeganie obowi\u0105zuj\u0105cych Przepis\u00f3w o Ochronie Danych i zobowi\u0105zuje si\u0119 do przestrzegania wytycznych dotycz\u0105cych korzystania z Whistlelink, kt\u00f3re maj\u0105 ka\u017cdorazowo zastosowanie, oraz ustawodawstwa maj\u0105cego zastosowanie do post\u0119powania z sygnalistami (\u201ewhistle-blowers\u201d).<\/p><p>1.4 Zawieraj\u0105c niniejsz\u0105 Umow\u0119, Klient wyra\u017ca zgod\u0119 na \u015brodki bezpiecze\u0144stwa okre\u015blone w aktualnych \u015brodkach <a href=\"https:\/\/www.whistlelink.com\/measures\/\">organizacyjnych i technicznych Whistlelink<\/a> [link] jako adekwatne do zamierzonego korzystania przez Klienta z Whistlelink.<\/p><h5>2.\u00a0 \u00a0 Zobowi\u0105zanie Przetwarzaj\u0105cego<\/h5><p>2.1 Przetwarzaj\u0105cy zobowi\u0105zuje si\u0119 do:<\/p><ol><li>posiadania odpowiednich zabezpiecze\u0144 technicznych i organizacyjnych oraz stosowania \u015brodk\u00f3w bezpiecze\u0144stwa okre\u015blonych w aktualnych \u015brodkach organizacyjnych i technicznych Whistlelink <a href=\"https:\/\/www.whistlelink.com\/measures\/\">Whistlelink\u2019s current organisational and technical measures<\/a> oraz w art. 32 GDPR do ochrony danych przetwarzanych w ramach niniejszej Umowy, \u0142\u0105cznie z odpowiednim obowi\u0105zkiem zachowania poufno\u015bci, kt\u00f3ry obejmuje osoby z uprawnieniami do przetwarzania tych danych ze strony Przetwarzaj\u0105cego;<\/li><li>pomocy Klientowi w spe\u0142nieniu wymog\u00f3w bezpiecze\u0144stwa okre\u015blonych w art. 32-36 GDPR (m.in. \u015brodki techniczne i organizacyjne, powiadomienie i poinformowanie Klienta bez zb\u0119dnej zw\u0142oki w przypadku naruszenia tajemnicy danych osobowych, ocena skutk\u00f3w i uprzednia konsultacja), oraz spe\u0142nieniu obowi\u0105zk\u00f3w Klienta dotycz\u0105cych praw indywidualnych zawartych w rozdziale III GDPR (takich jak prawo do informacji, dost\u0119pu, sprostowania, usuni\u0119cia, ograniczenia przetwarzania, przenoszenia danych, sprzeciwu wobec zautomatyzowanego podejmowania decyzji);<\/li><li>nadania Klientowi prawa do otrzymywania informacji od Przetwarzaj\u0105cego w celu sprawdzenia i weryfikacji \u015brodk\u00f3w podj\u0119tych przez Przetwarzaj\u0105cego zgodnie z niniejsz\u0105 umow\u0105. Podmiot przetwarzaj\u0105cy u\u0142atwia i wspomaga dochodzenia (w tym inspekcje) prowadzone przez Klienta lub audytora, kt\u00f3ry przeprowadza takie dochodzenia w imieniu Klienta. Przetwarzaj\u0105cy b\u0119dzie ponadto kierowa\u0142 do Klienta, kt\u00f3rego dane osobowe s\u0105 przetwarzane, organy nadzorcze lub inne strony trzecie, kt\u00f3ra za\u017c\u0105daj\u0105 od Przetwarzaj\u0105cego informacji dotycz\u0105cych przetwarzania danych osobowych. Przetwarzaj\u0105cy niezw\u0142ocznie poinformuje Klienta o wszelkich kontaktach ze strony organ\u00f3w nadzorczych, kt\u00f3re dotycz\u0105 lub mog\u0105 mie\u0107 znaczenie dla przetwarzania danych osobowych,<\/li><li>w zale\u017cno\u015bci od wyboru Klienta: usuni\u0119cia, zanonimizowania lub zwr\u00f3cenia Klientowi wszelkich danych osobowych po rozwi\u0105zaniu Umowy, niezale\u017cnie od przyczyny, w tym usuni\u0119cia wszelkich kopii, kt\u00f3rych zgodnie z ustaw\u0105 o ochronie danych nie wolno zapisywa\u0107,<\/li><li>zapewnienia Klientowi w inny spos\u00f3b dost\u0119pu do takich informacji, jakie s\u0105 niezb\u0119dne, aby Klient m\u00f3g\u0142 wype\u0142nia\u0107 swoje obowi\u0105zki administratora wobec organu nadzorczego i\/lub os\u00f3b fizycznych,<\/li><li>nieprzekazywania danych do pa\u0144stw trzecich lub organizacji mi\u0119dzynarodowych, chyba \u017ce wymaga tego Ustawa o ochronie danych, przy czym Przetwarzaj\u0105cy niezw\u0142ocznie informuje o tym Klienta, chyba \u017ce przekazanie takich informacji jest zabronione.<\/li><\/ol><p>2.2 Przetwarzaj\u0105cy zobowi\u0105zuje si\u0119 ponadto, by zawsze przetwarza\u0107 dane zgodnie z Zasadami Ochrony Danych. Obejmuje to mi\u0119dzy innymi &#8211; ale nie ogranicza si\u0119 do &#8211; prowadzenie rejestru wszystkich kategorii wykonywanych proces\u00f3w, dostarczanie wyci\u0105gu z rejestru zako\u0144czonego przetwarzania na \u017c\u0105danie Klienta oraz niezw\u0142oczne informowanie Klienta, je\u015bli Podmiot przetwarzaj\u0105cy podejrzewa, \u017ce istnieje ryzyko, \u017ce wolno\u015b\u0107 osoby fizycznej i jej prawa s\u0105 \u0142amane.<\/p><h5>3.\u00a0 \u00a0 Podwykonawcy przetwarzania i przekazywanie do innych pa\u0144stw<\/h5><p>3.1 Pod warunkiem, \u017ce Przetwarzaj\u0105cy (i) poinformuje Administratora o swoich planach z rozs\u0105dnym wyprzedzeniem, z prawem do sprzeciwu Administratora, Przetwarzaj\u0105cy ma prawo do og\u00f3lnego upowa\u017cnienia do zatrudniania podprzetwarzaj\u0105cych do przetwarzania danych w imieniu Klienta, za kt\u00f3re Przetwarzaj\u0105cy ponosi pe\u0142n\u0105 odpowiedzialno\u015b\u0107 wobec Klienta.<\/p><p>3.2 Pod warunkiem, \u017ce Przetwarzaj\u0105cy (i) poinformuje Administratora o swoich planach z co najmniej 30-dniowym wyprzedzeniem, z prawem do sprzeciwu Administratora oraz (ii) zastosuje odpowiednie i zgodne z zatwierdzonymi Zasadami Ochrony Danych mechanizmy bezpiecze\u0144stwa, Przetwarzaj\u0105cy ma prawo do przenoszenia Danych Osobowych poza UE\/EOG.<\/p><p>3.3 Zawieraj\u0105c niniejsz\u0105 Umow\u0119, Klient zatwierdza podprzetwarzaj\u0105cych i przenosi poza UE\/EOG, jak okre\u015blono w punkcie 5 . W momencie zawarcia niniejszej Umowy Przetwarzaj\u0105cy nie przekazuje Danych Osobowych do \u017cadnego pa\u0144stwa trzeciego.<\/p><h5>4.\u00a0 \u00a0 Inne<\/h5><p>4.1 Postanowienia Umowy maj\u0105 r\u00f3wnie\u017c zastosowanie do niniejszej Umowy z Podmiotem Przetwarzaj\u0105cym. W przypadku konfliktu mi\u0119dzy Umow\u0105, a niniejsz\u0105 Umow\u0105 z Podmiotem Przetwarzaj\u0105cym, pierwsze\u0144stwo ma Umowa z Podmiotem Przetwarzaj\u0105cym.<\/p><h5>5.\u00a0 \u00a0 Instrukcja<\/h5><p>5.1 Niniejszy punkt 5 stanowi wst\u0119pne instrukcje Klienta dla Podmiotu Przetwarzaj\u0105cego i mo\u017ce, z zastrze\u017ceniem punktu 1.2, zosta\u0107 uzupe\u0142niony w p\u00f3\u017aniejszym terminie.<\/p><p>5.2 <em>Kategorie os\u00f3b, kt\u00f3rych dane dotycz\u0105<\/em>. Ka\u017cdy, kto ma dost\u0119p do Whistlelink i ci, kt\u00f3rzy s\u0105 wymienieni w zg\u0142oszeniu w Whistlelink.<\/p><p>5.3. <em>Cel, natura i przedmiot przetwarzania oraz Kategorie danych osobowych<\/em>. Bior\u0105c pod uwag\u0119 g\u0142\u00f3wn\u0105 funkcj\u0119 Podmiotu Przetwarzaj\u0105cego i cel dostarczania us\u0142ugi Whistlelink, a tym samym ustanawiaj\u0105c Przetwarzaj\u0105cego odpowiedzialnym za przechowywanie Danych Klienta mog\u0105cych zawiera\u0107 dane osobowe, kategorie danych osobowych obejmuj\u0105 wszystkie kategorie danych, kt\u00f3re mog\u0105 wyst\u0105pi\u0107 w kontek\u015bcie sygnalizowania nieprawid\u0142owo\u015bci, w tym dane poufne i domniemane naruszenia prawa.<\/p><p>5.4 <em>Przechowywanie danych<\/em>. Podmiot przetwarzaj\u0105cy przechowuje dane dotycz\u0105ce wszystkich raport\u00f3w ze zg\u0142oszeniami nieprawid\u0142owo\u015bci przez okres ustawiony przez administratora klienta w systemie.<\/p><p><em>5.5\u00a0Podwykonawcy przetwarzania.\u00a0<\/em>Po zawarciu niniejszej Umowy Podmiot Przetwarzaj\u0105cy ma nast\u0119puj\u0105cych podwykonawc\u00f3w przetwarzania, co jednak mo\u017ce zosta\u0107 zmienione zgodnie z punktem 3:\u00a0<\/p><ul><li>Podmioty przetwarzaj\u0105ce dane: Swerolab AB (Szwecja), SMSAPI (Polska), Brevo (Francja), OPSWAT (Niemcy), Glesys (Szwecja), T-Systems International (Niemcy), Friendly Captcha (Niemcy), DeepL (Niemcy), Mistral AI (Francja).<\/li><\/ul><p>5.6 <em>Transfery do kraj\u00f3w trzecich<\/em>. Od momentu zawarcia niniejszej Umowy, Przetwarzaj\u0105cy nie ma transfer\u00f3w poza UE\/EOG, kt\u00f3re mog\u0105 jednak zosta\u0107 zmienione zgodnie z sekcj\u0105 3:\u00a0<\/p><ul><li>Transfery poza UE\/EOG: brak.\u00a0<\/li><\/ul>\t\t\t\t\t\t\t\t<\/div>\n\t\t\t\t<\/div>\n\t\t\t\t\t<\/div>\n\t\t<\/div>\n\t\t\t\t\t<\/div>\n\t\t<\/section>\n\t\t\t\t<\/div>\n\t\t","protected":false},"excerpt":{"rendered":"<p>Niniejsza Umowa o powierzenie przetwarzania danych (\u201eUmowa przetwarzania danych\u201d) reguluje przetwarzanie danych osobowych, kt\u00f3re wynika z korzystania przez Klienta z Whistlelink zgodnie z Umow\u0105 i w zwi\u0105zku z tym stanowi integraln\u0105 cz\u0119\u015b\u0107 Umowy. Dane Klienta, kt\u00f3re Klient wprowadza do Whistlelink s\u0105 zaszyfrowane i nie mamy dost\u0119pu do tych informacji poza faktem, \u017ce przechowujemy informacje na [&hellip;]<\/p>\n","protected":false},"author":11,"featured_media":0,"parent":0,"menu_order":0,"comment_status":"closed","ping_status":"closed","template":"","meta":{"footnotes":""},"class_list":["post-50079","page","type-page","status-publish","hentry"],"yoast_head":"<!-- This site is optimized with the Yoast SEO Premium plugin v27.3 (Yoast SEO v27.3) - https:\/\/yoast.com\/product\/yoast-seo-premium-wordpress\/ -->\n<title>UMOWA O POWIERZENIE PRZETWARZANIA DANYCH - Whistlelink<\/title>\n<meta name=\"robots\" content=\"index, follow, max-snippet:-1, max-image-preview:large, max-video-preview:-1\" \/>\n<link rel=\"canonical\" href=\"https:\/\/www.whistlelink.com\/pl\/umowa-o-powierzenie-przetwarzania-danych\/\" \/>\n<meta property=\"og:locale\" content=\"pl_PL\" \/>\n<meta property=\"og:type\" content=\"article\" \/>\n<meta property=\"og:title\" content=\"UMOWA O POWIERZENIE PRZETWARZANIA DANYCH\" \/>\n<meta property=\"og:description\" content=\"Niniejsza Umowa o powierzenie przetwarzania danych (\u201eUmowa przetwarzania danych\u201d) reguluje przetwarzanie danych osobowych, kt\u00f3re wynika z korzystania przez Klienta z Whistlelink zgodnie z Umow\u0105 i w zwi\u0105zku z tym stanowi integraln\u0105 cz\u0119\u015b\u0107 Umowy. Dane Klienta, kt\u00f3re Klient wprowadza do Whistlelink s\u0105 zaszyfrowane i nie mamy dost\u0119pu do tych informacji poza faktem, \u017ce przechowujemy informacje na [&hellip;]\" \/>\n<meta property=\"og:url\" content=\"https:\/\/www.whistlelink.com\/pl\/umowa-o-powierzenie-przetwarzania-danych\/\" \/>\n<meta property=\"og:site_name\" content=\"Whistlelink\" \/>\n<meta property=\"article:publisher\" content=\"https:\/\/www.facebook.com\/whistlelink\/\" \/>\n<meta property=\"article:modified_time\" content=\"2025-10-10T12:55:03+00:00\" \/>\n<meta name=\"twitter:card\" content=\"summary_large_image\" \/>\n<meta name=\"twitter:label1\" content=\"Szacowany czas czytania\" \/>\n\t<meta name=\"twitter:data1\" content=\"7 minut\" \/>\n<script type=\"application\/ld+json\" class=\"yoast-schema-graph\">{\"@context\":\"https:\\\/\\\/schema.org\",\"@graph\":[{\"@type\":\"WebPage\",\"@id\":\"https:\\\/\\\/www.whistlelink.com\\\/pl\\\/umowa-o-powierzenie-przetwarzania-danych\\\/\",\"url\":\"https:\\\/\\\/www.whistlelink.com\\\/pl\\\/umowa-o-powierzenie-przetwarzania-danych\\\/\",\"name\":\"UMOWA O POWIERZENIE PRZETWARZANIA DANYCH - Whistlelink\",\"isPartOf\":{\"@id\":\"https:\\\/\\\/www.whistlelink.com\\\/pl\\\/#website\"},\"datePublished\":\"2021-01-19T10:50:01+00:00\",\"dateModified\":\"2025-10-10T12:55:03+00:00\",\"breadcrumb\":{\"@id\":\"https:\\\/\\\/www.whistlelink.com\\\/pl\\\/umowa-o-powierzenie-przetwarzania-danych\\\/#breadcrumb\"},\"inLanguage\":\"pl-PL\",\"potentialAction\":[{\"@type\":\"ReadAction\",\"target\":[\"https:\\\/\\\/www.whistlelink.com\\\/pl\\\/umowa-o-powierzenie-przetwarzania-danych\\\/\"]}]},{\"@type\":\"BreadcrumbList\",\"@id\":\"https:\\\/\\\/www.whistlelink.com\\\/pl\\\/umowa-o-powierzenie-przetwarzania-danych\\\/#breadcrumb\",\"itemListElement\":[{\"@type\":\"ListItem\",\"position\":1,\"name\":\"Home\",\"item\":\"https:\\\/\\\/www.whistlelink.com\\\/pl\\\/\"},{\"@type\":\"ListItem\",\"position\":2,\"name\":\"UMOWA O POWIERZENIE PRZETWARZANIA DANYCH\"}]},{\"@type\":\"WebSite\",\"@id\":\"https:\\\/\\\/www.whistlelink.com\\\/pl\\\/#website\",\"url\":\"https:\\\/\\\/www.whistlelink.com\\\/pl\\\/\",\"name\":\"Whistlelink\",\"description\":\"A trusted provider of secure whistleblowing solutions.\",\"publisher\":{\"@id\":\"https:\\\/\\\/www.whistlelink.com\\\/pl\\\/#organization\"},\"potentialAction\":[{\"@type\":\"SearchAction\",\"target\":{\"@type\":\"EntryPoint\",\"urlTemplate\":\"https:\\\/\\\/www.whistlelink.com\\\/pl\\\/?s={search_term_string}\"},\"query-input\":{\"@type\":\"PropertyValueSpecification\",\"valueRequired\":true,\"valueName\":\"search_term_string\"}}],\"inLanguage\":\"pl-PL\"},{\"@type\":\"Organization\",\"@id\":\"https:\\\/\\\/www.whistlelink.com\\\/pl\\\/#organization\",\"name\":\"Whistlelink\",\"url\":\"https:\\\/\\\/www.whistlelink.com\\\/pl\\\/\",\"logo\":{\"@type\":\"ImageObject\",\"inLanguage\":\"pl-PL\",\"@id\":\"https:\\\/\\\/www.whistlelink.com\\\/pl\\\/#\\\/schema\\\/logo\\\/image\\\/\",\"url\":\"https:\\\/\\\/www.whistlelink.com\\\/wp-content\\\/uploads\\\/2021\\\/07\\\/WhistlelinkLogoEmail.png\",\"contentUrl\":\"https:\\\/\\\/www.whistlelink.com\\\/wp-content\\\/uploads\\\/2021\\\/07\\\/WhistlelinkLogoEmail.png\",\"width\":704,\"height\":75,\"caption\":\"Whistlelink\"},\"image\":{\"@id\":\"https:\\\/\\\/www.whistlelink.com\\\/pl\\\/#\\\/schema\\\/logo\\\/image\\\/\"},\"sameAs\":[\"https:\\\/\\\/www.facebook.com\\\/whistlelink\\\/\",\"https:\\\/\\\/www.linkedin.com\\\/company\\\/whistlelink\\\/\",\"https:\\\/\\\/vimeo.com\\\/user152082481\"]}]}<\/script>\n<!-- \/ Yoast SEO Premium plugin. -->","yoast_head_json":{"title":"UMOWA O POWIERZENIE PRZETWARZANIA DANYCH - Whistlelink","robots":{"index":"index","follow":"follow","max-snippet":"max-snippet:-1","max-image-preview":"max-image-preview:large","max-video-preview":"max-video-preview:-1"},"canonical":"https:\/\/www.whistlelink.com\/pl\/umowa-o-powierzenie-przetwarzania-danych\/","og_locale":"pl_PL","og_type":"article","og_title":"UMOWA O POWIERZENIE PRZETWARZANIA DANYCH","og_description":"Niniejsza Umowa o powierzenie przetwarzania danych (\u201eUmowa przetwarzania danych\u201d) reguluje przetwarzanie danych osobowych, kt\u00f3re wynika z korzystania przez Klienta z Whistlelink zgodnie z Umow\u0105 i w zwi\u0105zku z tym stanowi integraln\u0105 cz\u0119\u015b\u0107 Umowy. Dane Klienta, kt\u00f3re Klient wprowadza do Whistlelink s\u0105 zaszyfrowane i nie mamy dost\u0119pu do tych informacji poza faktem, \u017ce przechowujemy informacje na [&hellip;]","og_url":"https:\/\/www.whistlelink.com\/pl\/umowa-o-powierzenie-przetwarzania-danych\/","og_site_name":"Whistlelink","article_publisher":"https:\/\/www.facebook.com\/whistlelink\/","article_modified_time":"2025-10-10T12:55:03+00:00","twitter_card":"summary_large_image","twitter_misc":{"Szacowany czas czytania":"7 minut"},"schema":{"@context":"https:\/\/schema.org","@graph":[{"@type":"WebPage","@id":"https:\/\/www.whistlelink.com\/pl\/umowa-o-powierzenie-przetwarzania-danych\/","url":"https:\/\/www.whistlelink.com\/pl\/umowa-o-powierzenie-przetwarzania-danych\/","name":"UMOWA O POWIERZENIE PRZETWARZANIA DANYCH - Whistlelink","isPartOf":{"@id":"https:\/\/www.whistlelink.com\/pl\/#website"},"datePublished":"2021-01-19T10:50:01+00:00","dateModified":"2025-10-10T12:55:03+00:00","breadcrumb":{"@id":"https:\/\/www.whistlelink.com\/pl\/umowa-o-powierzenie-przetwarzania-danych\/#breadcrumb"},"inLanguage":"pl-PL","potentialAction":[{"@type":"ReadAction","target":["https:\/\/www.whistlelink.com\/pl\/umowa-o-powierzenie-przetwarzania-danych\/"]}]},{"@type":"BreadcrumbList","@id":"https:\/\/www.whistlelink.com\/pl\/umowa-o-powierzenie-przetwarzania-danych\/#breadcrumb","itemListElement":[{"@type":"ListItem","position":1,"name":"Home","item":"https:\/\/www.whistlelink.com\/pl\/"},{"@type":"ListItem","position":2,"name":"UMOWA O POWIERZENIE PRZETWARZANIA DANYCH"}]},{"@type":"WebSite","@id":"https:\/\/www.whistlelink.com\/pl\/#website","url":"https:\/\/www.whistlelink.com\/pl\/","name":"Whistlelink","description":"A trusted provider of secure whistleblowing solutions.","publisher":{"@id":"https:\/\/www.whistlelink.com\/pl\/#organization"},"potentialAction":[{"@type":"SearchAction","target":{"@type":"EntryPoint","urlTemplate":"https:\/\/www.whistlelink.com\/pl\/?s={search_term_string}"},"query-input":{"@type":"PropertyValueSpecification","valueRequired":true,"valueName":"search_term_string"}}],"inLanguage":"pl-PL"},{"@type":"Organization","@id":"https:\/\/www.whistlelink.com\/pl\/#organization","name":"Whistlelink","url":"https:\/\/www.whistlelink.com\/pl\/","logo":{"@type":"ImageObject","inLanguage":"pl-PL","@id":"https:\/\/www.whistlelink.com\/pl\/#\/schema\/logo\/image\/","url":"https:\/\/www.whistlelink.com\/wp-content\/uploads\/2021\/07\/WhistlelinkLogoEmail.png","contentUrl":"https:\/\/www.whistlelink.com\/wp-content\/uploads\/2021\/07\/WhistlelinkLogoEmail.png","width":704,"height":75,"caption":"Whistlelink"},"image":{"@id":"https:\/\/www.whistlelink.com\/pl\/#\/schema\/logo\/image\/"},"sameAs":["https:\/\/www.facebook.com\/whistlelink\/","https:\/\/www.linkedin.com\/company\/whistlelink\/","https:\/\/vimeo.com\/user152082481"]}]}},"_links":{"self":[{"href":"https:\/\/www.whistlelink.com\/pl\/wp-json\/wp\/v2\/pages\/50079","targetHints":{"allow":["GET"]}}],"collection":[{"href":"https:\/\/www.whistlelink.com\/pl\/wp-json\/wp\/v2\/pages"}],"about":[{"href":"https:\/\/www.whistlelink.com\/pl\/wp-json\/wp\/v2\/types\/page"}],"author":[{"embeddable":true,"href":"https:\/\/www.whistlelink.com\/pl\/wp-json\/wp\/v2\/users\/11"}],"replies":[{"embeddable":true,"href":"https:\/\/www.whistlelink.com\/pl\/wp-json\/wp\/v2\/comments?post=50079"}],"version-history":[{"count":51,"href":"https:\/\/www.whistlelink.com\/pl\/wp-json\/wp\/v2\/pages\/50079\/revisions"}],"predecessor-version":[{"id":92091,"href":"https:\/\/www.whistlelink.com\/pl\/wp-json\/wp\/v2\/pages\/50079\/revisions\/92091"}],"wp:attachment":[{"href":"https:\/\/www.whistlelink.com\/pl\/wp-json\/wp\/v2\/media?parent=50079"}],"curies":[{"name":"wp","href":"https:\/\/api.w.org\/{rel}","templated":true}]}}