{"id":10770,"date":"2021-04-22T21:17:45","date_gmt":"2021-04-22T20:17:45","guid":{"rendered":"https:\/\/www.whistlelink.com\/?page_id=10770"},"modified":"2023-10-25T14:31:23","modified_gmt":"2023-10-25T14:31:23","slug":"ce-trebuie-sa-comunicati","status":"publish","type":"page","link":"https:\/\/www.whistlelink.com\/ro\/manual-de-utilizator\/ce-trebuie-sa-comunicati\/","title":{"rendered":"Step by Step &#8211; Ce trebuie s\u0103 comunica\u021bi"},"content":{"rendered":"\t\t<div data-elementor-type=\"wp-page\" data-elementor-id=\"10770\" class=\"elementor elementor-10770 elementor-7299\" data-elementor-post-type=\"page\">\n\t\t\t\t\t\t<section class=\"elementor-section elementor-top-section elementor-element elementor-element-d1389cb elementor-section-boxed elementor-section-height-default elementor-section-height-default\" data-id=\"d1389cb\" data-element_type=\"section\" data-e-type=\"section\" data-settings=\"{&quot;background_background&quot;:&quot;classic&quot;}\">\n\t\t\t\t\t\t\t<div class=\"elementor-background-overlay\"><\/div>\n\t\t\t\t\t\t\t<div class=\"elementor-container elementor-column-gap-default\">\n\t\t\t\t\t<div class=\"elementor-column elementor-col-100 elementor-top-column elementor-element elementor-element-d7e87d0\" data-id=\"d7e87d0\" data-element_type=\"column\" data-e-type=\"column\">\n\t\t\t<div class=\"elementor-widget-wrap elementor-element-populated\">\n\t\t\t\t\t\t<div class=\"elementor-element elementor-element-9cd59a2 elementor-widget elementor-widget-jet-headline\" data-id=\"9cd59a2\" data-element_type=\"widget\" data-e-type=\"widget\" data-widget_type=\"jet-headline.default\">\n\t\t\t\t<div class=\"elementor-widget-container\">\n\t\t\t\t\t<h2 class=\"jet-headline jet-headline--direction-vertical\"><span class=\"jet-headline__part jet-headline__first\"><span class=\"jet-headline__label\">GHID INTRODUCTIV<\/span><\/span><span class=\"jet-headline__part jet-headline__second\"><span class=\"jet-headline__label\">Ce trebuie s\u0103 comunica\u021bi<\/span><\/span><\/h2>\t\t\t\t<\/div>\n\t\t\t\t<\/div>\n\t\t\t\t<div class=\"elementor-element elementor-element-47cf19b elementor-widget elementor-widget-heading\" data-id=\"47cf19b\" data-element_type=\"widget\" data-e-type=\"widget\" data-widget_type=\"heading.default\">\n\t\t\t\t<div class=\"elementor-widget-container\">\n\t\t\t\t\t<h4 class=\"elementor-heading-title elementor-size-default\">Excelent! Solu\u021bia de informare este configurat\u0103, iar acum este momentul s\u0103 le spune\u021bi angaja\u021bilor \u0219i celorlalte p\u0103r\u021bi relevante despre existen\u021ba sa. Dvs. decide\u021bi ce dori\u021bi s\u0103 le transmite\u021bi, \u00eens\u0103 noi suntem aici s\u0103 v\u0103 ajut\u0103m. Am schi\u021bat un text cu ajutorul c\u0103ruia pute\u021bi anun\u021ba cu u\u0219urin\u021b\u0103 angaja\u021bii despre existen\u021ba canalului de informare. \u00cel pute\u021bi vedea mai jos.<\/h4>\t\t\t\t<\/div>\n\t\t\t\t<\/div>\n\t\t\t\t\t<\/div>\n\t\t<\/div>\n\t\t\t\t\t<\/div>\n\t\t<\/section>\n\t\t\t\t<section class=\"elementor-section elementor-top-section elementor-element elementor-element-f742847 elementor-section-boxed elementor-section-height-default elementor-section-height-default\" data-id=\"f742847\" data-element_type=\"section\" data-e-type=\"section\">\n\t\t\t\t\t\t<div class=\"elementor-container elementor-column-gap-default\">\n\t\t\t\t\t<div class=\"elementor-column elementor-col-100 elementor-top-column elementor-element elementor-element-3999d3d\" data-id=\"3999d3d\" data-element_type=\"column\" data-e-type=\"column\">\n\t\t\t<div class=\"elementor-widget-wrap elementor-element-populated\">\n\t\t\t\t\t\t<div class=\"elementor-element elementor-element-4265cd1 elementor-widget elementor-widget-spacer\" data-id=\"4265cd1\" data-element_type=\"widget\" data-e-type=\"widget\" data-widget_type=\"spacer.default\">\n\t\t\t\t<div class=\"elementor-widget-container\">\n\t\t\t\t\t\t\t<div class=\"elementor-spacer\">\n\t\t\t<div class=\"elementor-spacer-inner\"><\/div>\n\t\t<\/div>\n\t\t\t\t\t\t<\/div>\n\t\t\t\t<\/div>\n\t\t\t\t<div class=\"elementor-element elementor-element-bcff380 elementor-widget elementor-widget-text-editor\" data-id=\"bcff380\" data-element_type=\"widget\" data-e-type=\"widget\" data-widget_type=\"text-editor.default\">\n\t\t\t\t<div class=\"elementor-widget-container\">\n\t\t\t\t\t\t\t\t\t<h3>Ce trebuie s\u0103 include\u021bi<\/h3><p>Pute\u021bi utiliza exemplul nostru de text \u00een mod orientativ atunci c\u00e2nd informa\u021bi angaja\u021bii despre existen\u021ba site-ului Whistlelink.\u00a0Dvs. decide\u021bi ce dori\u021bi s\u0103 scrie\u021bi, \u00eens\u0103 v\u0103 recomand\u0103m s\u0103 include\u021bi cel pu\u021bin informa\u021biile referitoare la confiden\u021bialitatea datelor \u0219i la raportarea extern\u0103.\u00a0<\/p><p>Pute\u021bi s\u0103 copia\u021bi sau s\u0103 adapta\u021bi textul dup\u0103 cum dori\u021bi. Dac\u0103 dori\u021bi ca textul s\u0103 apar\u0103 \u00een alt\u0103 limb\u0103, selecta\u021bi limba dorit\u0103 din meniul vertical din partea dreapt\u0103 sus a acestei pagini.<\/p>\t\t\t\t\t\t\t\t<\/div>\n\t\t\t\t<\/div>\n\t\t\t\t<div class=\"elementor-element elementor-element-4a727fd elementor-widget elementor-widget-toggle\" data-id=\"4a727fd\" data-element_type=\"widget\" data-e-type=\"widget\" data-widget_type=\"toggle.default\">\n\t\t\t\t<div class=\"elementor-widget-container\">\n\t\t\t\t\t\t\t<div class=\"elementor-toggle\">\n\t\t\t\t\t\t\t<div class=\"elementor-toggle-item\">\n\t\t\t\t\t<div id=\"elementor-tab-title-7801\" class=\"elementor-tab-title\" data-tab=\"1\" role=\"button\" aria-controls=\"elementor-tab-content-7801\" aria-expanded=\"false\">\n\t\t\t\t\t\t\t\t\t\t\t\t<span class=\"elementor-toggle-icon elementor-toggle-icon-left\" aria-hidden=\"true\">\n\t\t\t\t\t\t\t\t\t\t\t\t\t\t\t<span class=\"elementor-toggle-icon-closed\"><i class=\"fas fa-angle-double-down\"><\/i><\/span>\n\t\t\t\t\t\t\t\t<span class=\"elementor-toggle-icon-opened\"><i class=\"elementor-toggle-icon-opened fas fa-angle-up\"><\/i><\/span>\n\t\t\t\t\t\t\t\t\t\t\t\t\t<\/span>\n\t\t\t\t\t\t\t\t\t\t\t\t<a class=\"elementor-toggle-title\" tabindex=\"0\">Vede\u021bi ce s\u0103 comunica\u021bi angaja\u021bilor<\/a>\n\t\t\t\t\t<\/div>\n\n\t\t\t\t\t<div id=\"elementor-tab-content-7801\" class=\"elementor-tab-content elementor-clearfix\" data-tab=\"1\" role=\"region\" aria-labelledby=\"elementor-tab-title-7801\"><p>Stimate <span style=\"background: #FFE900;\">[angajat]<\/span><\/p>\n<p>Pentru noi este important s\u0103 ne asigur\u0103m c\u0103 angaja\u021bii no\u0219tri lucreaz\u0103 \u00eentr-un mediu sigur, corect \u0219i transparent. V\u0103 \u00eencuraj\u0103m s\u0103 spune\u021bi dac\u0103 suspecta\u021bi ac\u021biuni incorecte sau conduit\u0103 necorespunz\u0103toare la <span style=\"background: #FFE900;\">[nume companie]<\/span>. De asemenea, dorim s\u0103 nu v\u0103 sim\u021bi\u021bi st\u00e2njenit s\u0103 face\u021bi un raport \u0219i vrem s\u0103 v\u0103 asigur\u0103m c\u0103 acesta va fi tratat cu seriozitate.<\/p>\n<p>De aceea, <span style=\"background: #FFE900;\">[nume companie]<\/span> a implementat Whistlelink, un nou sistem de informare online. Whistlelink este un sistem de informare sigur \u0219i securizat, care v\u0103 permite s\u0103 raporta\u021bi \u00een mod simplu \u0219i anonim ac\u021biunile incorecte pe care le suspecta\u021bi.<\/p>\n<p>Sistemul de informare este u\u0219or de accesat. Accesa\u021bi <span style=\"background: #FFE900;\">[companyname.whistlelink.com]<\/span> unde ve\u021bi g\u0103si toate informa\u021biile relevante privind trimiterea unui raport \u0219i modul \u00een care va fi gestionat. Pute\u021bi accesa sistemul oric\u00e2nd la <span style=\"background-color: #ffe900;\">[de ex., adresa de website\/linkul c\u0103tre loca\u021bia companiei]<\/span>.<\/p>\n<p>Pentru a face un raport, da\u021bi clic pe <em>L\u0103sa\u021bi raportul aici<\/em> \u0219i completa\u021bi formularul de raportare c\u00e2t de bine pute\u021bi. Dvs. decide\u021bi c\u00e2t de multe informa\u021bii dori\u021bi s\u0103 furniza\u021bi. Nu sunte\u021bi obligat s\u0103 trimite\u021bi informa\u021bii personale \u0219i ve\u021bi r\u0103m\u00e2ne anonim pe durata \u00eentregului proces.<\/p>\n<p>Dup\u0103 ce a\u021bi trimis un raport, titularii desemna\u021bi, <span style=\"background: #ffe900;\">[nume\/departament]<\/span>, \u00eel vor primi \u0219i vor realiza o evaluare ini\u021bial\u0103 pentru a stabili dac\u0103 poate fi gestionat \u00een sistemul de informare. Dac\u0103 da, raportului i se va aloca un num\u0103r de caz unic, pe care dvs. \u00eel ve\u021bi primi \u00eempreun\u0103 cu un cod de verificare. Folosi\u021bi codul de verificare pentru a trimite mai multe informa\u021bii sau pentru a urm\u0103ri progresul cazului. Vom confirma raportul dvs. \u00een decurs de \u0219apte zile \u0219i v\u0103 vom trimite feedback \u00een decurs de 90 de zile.<\/p>\n<p>\u00cen calitate de companie, ne revine responsabilitatea de a v\u0103 informa c\u0103, datorit\u0103 faptului c\u0103 am implementat o solu\u021bie de informare, \u0219i dvs. pute\u021bi ap\u0103rea \u00eentr-un raport. Pute\u021bi ap\u0103rea \u00een calitate de presupus contravenient, de presupus\u0103 victim\u0103, de martor sau \u00een alt\u0103 calitate. A\u0219a cum am men\u021bionat, r\u0103m\u00e2ne\u021bi anonim dac\u0103 sunte\u021bi persoana care trimite raportul.<\/p>\n<p>Pute\u021bi opta s\u0103 raporta\u021bi conduita necorespunz\u0103toare pe care o suspecta\u021bi \u00een exterior, c\u0103tre o autoritate competent\u0103. Pute\u021bi g\u0103si mai multe informa\u021bii despre acest lucru la <span style=\"background: #ffe900;\">[companyname.whistlelink.com]<\/span>.<\/p>\n<p>Dac\u0103 ave\u021bi \u00eentreb\u0103ri sau dac\u0103 dori\u021bi informa\u021bii suplimentare, nu ezita\u021bi s\u0103 contacta\u021bi <span style=\"background-color: #ffe900;\">[nume]<\/span>.<\/p>\n<p>V\u0103 mul\u021bumim pentru eforturile sus\u021binute \u0219i pentru sprijinul acordat pentru ca <span style=\"background-color: #ffe900;\">[nume companie]<\/span> s\u0103 fie un loc de munc\u0103 sigur \u0219i pl\u0103cut.<\/p>\n<p>Cu stim\u0103, <span style=\"background-color: #ffe900;\">[nume]<\/span>.<\/p><\/div>\n\t\t\t\t<\/div>\n\t\t\t\t\t\t\t\t<\/div>\n\t\t\t\t\t\t<\/div>\n\t\t\t\t<\/div>\n\t\t\t\t\t<\/div>\n\t\t<\/div>\n\t\t\t\t\t<\/div>\n\t\t<\/section>\n\t\t\t\t<section class=\"elementor-section elementor-top-section elementor-element elementor-element-4c90bd1 elementor-section-boxed elementor-section-height-default elementor-section-height-default\" data-id=\"4c90bd1\" data-element_type=\"section\" data-e-type=\"section\">\n\t\t\t\t\t\t<div class=\"elementor-container elementor-column-gap-default\">\n\t\t\t\t\t<div class=\"elementor-column elementor-col-100 elementor-top-column elementor-element elementor-element-f90848c\" data-id=\"f90848c\" data-element_type=\"column\" data-e-type=\"column\">\n\t\t\t<div class=\"elementor-widget-wrap elementor-element-populated\">\n\t\t\t\t\t\t<div class=\"elementor-element elementor-element-a0c0ac2 elementor-widget elementor-widget-spacer\" data-id=\"a0c0ac2\" data-element_type=\"widget\" data-e-type=\"widget\" data-widget_type=\"spacer.default\">\n\t\t\t\t<div class=\"elementor-widget-container\">\n\t\t\t\t\t\t\t<div class=\"elementor-spacer\">\n\t\t\t<div class=\"elementor-spacer-inner\"><\/div>\n\t\t<\/div>\n\t\t\t\t\t\t<\/div>\n\t\t\t\t<\/div>\n\t\t\t\t<div class=\"elementor-element elementor-element-9087a65 elementor-widget elementor-widget-jet-button\" data-id=\"9087a65\" data-element_type=\"widget\" data-e-type=\"widget\" data-widget_type=\"jet-button.default\">\n\t\t\t\t<div class=\"elementor-widget-container\">\n\t\t\t\t\t<div class=\"elementor-jet-button jet-elements\"><div class=\"jet-button__container\">\n\t<a class=\"jet-button__instance jet-button__instance--icon-left hover-effect-0\" href=\"https:\/\/www.whistlelink.com\/ro\/ghid-introductiv\/\">\n\t\t<div class=\"jet-button__plane jet-button__plane-normal\"><\/div>\n\t\t<div class=\"jet-button__plane jet-button__plane-hover\"><\/div>\n\t\t<div class=\"jet-button__state jet-button__state-normal\">\n\t\t\t<span class=\"jet-button__label\">\u00cenapoi la Introducere<\/span>\t\t<\/div>\n\t\t<div class=\"jet-button__state jet-button__state-hover\">\n\t\t\t<span class=\"jet-button__label\">\u00cenapoi la Introducere<\/span>\t\t<\/div>\n\t<\/a>\n<\/div>\n<\/div>\t\t\t\t<\/div>\n\t\t\t\t<\/div>\n\t\t\t\t<div class=\"elementor-element elementor-element-a9475f0 elementor-widget elementor-widget-spacer\" data-id=\"a9475f0\" data-element_type=\"widget\" data-e-type=\"widget\" data-widget_type=\"spacer.default\">\n\t\t\t\t<div class=\"elementor-widget-container\">\n\t\t\t\t\t\t\t<div class=\"elementor-spacer\">\n\t\t\t<div class=\"elementor-spacer-inner\"><\/div>\n\t\t<\/div>\n\t\t\t\t\t\t<\/div>\n\t\t\t\t<\/div>\n\t\t\t\t\t<\/div>\n\t\t<\/div>\n\t\t\t\t\t<\/div>\n\t\t<\/section>\n\t\t\t\t<\/div>\n\t\t","protected":false},"excerpt":{"rendered":"<p>GHID INTRODUCTIVCe trebuie s\u0103 comunica\u021bi Excelent! Solu\u021bia de informare este configurat\u0103, iar acum este momentul s\u0103 le spune\u021bi angaja\u021bilor \u0219i celorlalte p\u0103r\u021bi relevante despre existen\u021ba sa. Dvs. decide\u021bi ce dori\u021bi s\u0103 le transmite\u021bi, \u00eens\u0103 noi suntem aici s\u0103 v\u0103 ajut\u0103m. Am schi\u021bat un text cu ajutorul c\u0103ruia pute\u021bi anun\u021ba cu u\u0219urin\u021b\u0103 angaja\u021bii despre existen\u021ba canalului [&hellip;]<\/p>\n","protected":false},"author":9,"featured_media":0,"parent":10767,"menu_order":0,"comment_status":"closed","ping_status":"closed","template":"elementor_header_footer","meta":{"footnotes":""},"class_list":["post-10770","page","type-page","status-publish","hentry"],"yoast_head":"<!-- This site is optimized with the Yoast SEO Premium plugin v27.3 (Yoast SEO v27.4) - https:\/\/yoast.com\/product\/yoast-seo-premium-wordpress\/ -->\n<title>Ghid introductiv - Ce trebuie s\u0103 comunica\u021bi - Whistlelink<\/title>\n<meta name=\"robots\" content=\"noindex, nofollow\" \/>\n<meta property=\"og:locale\" content=\"ro_RO\" \/>\n<meta property=\"og:type\" content=\"article\" \/>\n<meta property=\"og:title\" content=\"Step by Step - Ce trebuie s\u0103 comunica\u021bi\" \/>\n<meta property=\"og:description\" content=\"GHID INTRODUCTIVCe trebuie s\u0103 comunica\u021bi Excelent! Solu\u021bia de informare este configurat\u0103, iar acum este momentul s\u0103 le spune\u021bi angaja\u021bilor \u0219i celorlalte p\u0103r\u021bi relevante despre existen\u021ba sa. Dvs. decide\u021bi ce dori\u021bi s\u0103 le transmite\u021bi, \u00eens\u0103 noi suntem aici s\u0103 v\u0103 ajut\u0103m. Am schi\u021bat un text cu ajutorul c\u0103ruia pute\u021bi anun\u021ba cu u\u0219urin\u021b\u0103 angaja\u021bii despre existen\u021ba canalului [&hellip;]\" \/>\n<meta property=\"og:url\" content=\"https:\/\/www.whistlelink.com\/ro\/manual-de-utilizator\/ce-trebuie-sa-comunicati\/\" \/>\n<meta property=\"og:site_name\" content=\"Whistlelink\" \/>\n<meta property=\"article:publisher\" content=\"https:\/\/www.facebook.com\/whistlelink\/\" \/>\n<meta property=\"article:modified_time\" content=\"2023-10-25T14:31:23+00:00\" \/>\n<meta name=\"twitter:card\" content=\"summary_large_image\" \/>\n<meta name=\"twitter:label1\" content=\"Timp estimat pentru citire\" \/>\n\t<meta name=\"twitter:data1\" content=\"3 minute\" \/>\n<script type=\"application\/ld+json\" class=\"yoast-schema-graph\">{\"@context\":\"https:\\\/\\\/schema.org\",\"@graph\":[{\"@type\":\"WebPage\",\"@id\":\"https:\\\/\\\/www.whistlelink.com\\\/ro\\\/manual-de-utilizator\\\/ce-trebuie-sa-comunicati\\\/\",\"url\":\"https:\\\/\\\/www.whistlelink.com\\\/ro\\\/manual-de-utilizator\\\/ce-trebuie-sa-comunicati\\\/\",\"name\":\"Ghid introductiv - Ce trebuie s\u0103 comunica\u021bi - Whistlelink\",\"isPartOf\":{\"@id\":\"https:\\\/\\\/www.whistlelink.com\\\/ro\\\/#website\"},\"datePublished\":\"2021-04-22T20:17:45+00:00\",\"dateModified\":\"2023-10-25T14:31:23+00:00\",\"breadcrumb\":{\"@id\":\"https:\\\/\\\/www.whistlelink.com\\\/ro\\\/manual-de-utilizator\\\/ce-trebuie-sa-comunicati\\\/#breadcrumb\"},\"inLanguage\":\"ro-RO\",\"potentialAction\":[{\"@type\":\"ReadAction\",\"target\":[\"https:\\\/\\\/www.whistlelink.com\\\/ro\\\/manual-de-utilizator\\\/ce-trebuie-sa-comunicati\\\/\"]}]},{\"@type\":\"BreadcrumbList\",\"@id\":\"https:\\\/\\\/www.whistlelink.com\\\/ro\\\/manual-de-utilizator\\\/ce-trebuie-sa-comunicati\\\/#breadcrumb\",\"itemListElement\":[{\"@type\":\"ListItem\",\"position\":1,\"name\":\"Home\",\"item\":\"https:\\\/\\\/www.whistlelink.com\\\/ro\\\/\"},{\"@type\":\"ListItem\",\"position\":2,\"name\":\"Step by Step &#8211; Punerea \u00een aplicare \u0219i comunicarea\",\"item\":\"https:\\\/\\\/www.whistlelink.com\\\/ro\\\/manual-de-utilizator\\\/\"},{\"@type\":\"ListItem\",\"position\":3,\"name\":\"Step by Step &#8211; Ce trebuie s\u0103 comunica\u021bi\"}]},{\"@type\":\"WebSite\",\"@id\":\"https:\\\/\\\/www.whistlelink.com\\\/ro\\\/#website\",\"url\":\"https:\\\/\\\/www.whistlelink.com\\\/ro\\\/\",\"name\":\"Whistlelink\",\"description\":\"A trusted provider of secure whistleblowing solutions.\",\"publisher\":{\"@id\":\"https:\\\/\\\/www.whistlelink.com\\\/ro\\\/#organization\"},\"potentialAction\":[{\"@type\":\"SearchAction\",\"target\":{\"@type\":\"EntryPoint\",\"urlTemplate\":\"https:\\\/\\\/www.whistlelink.com\\\/ro\\\/?s={search_term_string}\"},\"query-input\":{\"@type\":\"PropertyValueSpecification\",\"valueRequired\":true,\"valueName\":\"search_term_string\"}}],\"inLanguage\":\"ro-RO\"},{\"@type\":\"Organization\",\"@id\":\"https:\\\/\\\/www.whistlelink.com\\\/ro\\\/#organization\",\"name\":\"Whistlelink\",\"url\":\"https:\\\/\\\/www.whistlelink.com\\\/ro\\\/\",\"logo\":{\"@type\":\"ImageObject\",\"inLanguage\":\"ro-RO\",\"@id\":\"https:\\\/\\\/www.whistlelink.com\\\/ro\\\/#\\\/schema\\\/logo\\\/image\\\/\",\"url\":\"https:\\\/\\\/www.whistlelink.com\\\/wp-content\\\/uploads\\\/2021\\\/07\\\/WhistlelinkLogoEmail.png\",\"contentUrl\":\"https:\\\/\\\/www.whistlelink.com\\\/wp-content\\\/uploads\\\/2021\\\/07\\\/WhistlelinkLogoEmail.png\",\"width\":704,\"height\":75,\"caption\":\"Whistlelink\"},\"image\":{\"@id\":\"https:\\\/\\\/www.whistlelink.com\\\/ro\\\/#\\\/schema\\\/logo\\\/image\\\/\"},\"sameAs\":[\"https:\\\/\\\/www.facebook.com\\\/whistlelink\\\/\",\"https:\\\/\\\/www.linkedin.com\\\/company\\\/whistlelink\\\/\",\"https:\\\/\\\/vimeo.com\\\/user152082481\"]}]}<\/script>\n<!-- \/ Yoast SEO Premium plugin. -->","yoast_head_json":{"title":"Ghid introductiv - Ce trebuie s\u0103 comunica\u021bi - Whistlelink","robots":{"index":"noindex","follow":"nofollow"},"og_locale":"ro_RO","og_type":"article","og_title":"Step by Step - Ce trebuie s\u0103 comunica\u021bi","og_description":"GHID INTRODUCTIVCe trebuie s\u0103 comunica\u021bi Excelent! Solu\u021bia de informare este configurat\u0103, iar acum este momentul s\u0103 le spune\u021bi angaja\u021bilor \u0219i celorlalte p\u0103r\u021bi relevante despre existen\u021ba sa. Dvs. decide\u021bi ce dori\u021bi s\u0103 le transmite\u021bi, \u00eens\u0103 noi suntem aici s\u0103 v\u0103 ajut\u0103m. Am schi\u021bat un text cu ajutorul c\u0103ruia pute\u021bi anun\u021ba cu u\u0219urin\u021b\u0103 angaja\u021bii despre existen\u021ba canalului [&hellip;]","og_url":"https:\/\/www.whistlelink.com\/ro\/manual-de-utilizator\/ce-trebuie-sa-comunicati\/","og_site_name":"Whistlelink","article_publisher":"https:\/\/www.facebook.com\/whistlelink\/","article_modified_time":"2023-10-25T14:31:23+00:00","twitter_card":"summary_large_image","twitter_misc":{"Timp estimat pentru citire":"3 minute"},"schema":{"@context":"https:\/\/schema.org","@graph":[{"@type":"WebPage","@id":"https:\/\/www.whistlelink.com\/ro\/manual-de-utilizator\/ce-trebuie-sa-comunicati\/","url":"https:\/\/www.whistlelink.com\/ro\/manual-de-utilizator\/ce-trebuie-sa-comunicati\/","name":"Ghid introductiv - Ce trebuie s\u0103 comunica\u021bi - Whistlelink","isPartOf":{"@id":"https:\/\/www.whistlelink.com\/ro\/#website"},"datePublished":"2021-04-22T20:17:45+00:00","dateModified":"2023-10-25T14:31:23+00:00","breadcrumb":{"@id":"https:\/\/www.whistlelink.com\/ro\/manual-de-utilizator\/ce-trebuie-sa-comunicati\/#breadcrumb"},"inLanguage":"ro-RO","potentialAction":[{"@type":"ReadAction","target":["https:\/\/www.whistlelink.com\/ro\/manual-de-utilizator\/ce-trebuie-sa-comunicati\/"]}]},{"@type":"BreadcrumbList","@id":"https:\/\/www.whistlelink.com\/ro\/manual-de-utilizator\/ce-trebuie-sa-comunicati\/#breadcrumb","itemListElement":[{"@type":"ListItem","position":1,"name":"Home","item":"https:\/\/www.whistlelink.com\/ro\/"},{"@type":"ListItem","position":2,"name":"Step by Step &#8211; Punerea \u00een aplicare \u0219i comunicarea","item":"https:\/\/www.whistlelink.com\/ro\/manual-de-utilizator\/"},{"@type":"ListItem","position":3,"name":"Step by Step &#8211; Ce trebuie s\u0103 comunica\u021bi"}]},{"@type":"WebSite","@id":"https:\/\/www.whistlelink.com\/ro\/#website","url":"https:\/\/www.whistlelink.com\/ro\/","name":"Whistlelink","description":"A trusted provider of secure whistleblowing solutions.","publisher":{"@id":"https:\/\/www.whistlelink.com\/ro\/#organization"},"potentialAction":[{"@type":"SearchAction","target":{"@type":"EntryPoint","urlTemplate":"https:\/\/www.whistlelink.com\/ro\/?s={search_term_string}"},"query-input":{"@type":"PropertyValueSpecification","valueRequired":true,"valueName":"search_term_string"}}],"inLanguage":"ro-RO"},{"@type":"Organization","@id":"https:\/\/www.whistlelink.com\/ro\/#organization","name":"Whistlelink","url":"https:\/\/www.whistlelink.com\/ro\/","logo":{"@type":"ImageObject","inLanguage":"ro-RO","@id":"https:\/\/www.whistlelink.com\/ro\/#\/schema\/logo\/image\/","url":"https:\/\/www.whistlelink.com\/wp-content\/uploads\/2021\/07\/WhistlelinkLogoEmail.png","contentUrl":"https:\/\/www.whistlelink.com\/wp-content\/uploads\/2021\/07\/WhistlelinkLogoEmail.png","width":704,"height":75,"caption":"Whistlelink"},"image":{"@id":"https:\/\/www.whistlelink.com\/ro\/#\/schema\/logo\/image\/"},"sameAs":["https:\/\/www.facebook.com\/whistlelink\/","https:\/\/www.linkedin.com\/company\/whistlelink\/","https:\/\/vimeo.com\/user152082481"]}]}},"_links":{"self":[{"href":"https:\/\/www.whistlelink.com\/ro\/wp-json\/wp\/v2\/pages\/10770","targetHints":{"allow":["GET"]}}],"collection":[{"href":"https:\/\/www.whistlelink.com\/ro\/wp-json\/wp\/v2\/pages"}],"about":[{"href":"https:\/\/www.whistlelink.com\/ro\/wp-json\/wp\/v2\/types\/page"}],"author":[{"embeddable":true,"href":"https:\/\/www.whistlelink.com\/ro\/wp-json\/wp\/v2\/users\/9"}],"replies":[{"embeddable":true,"href":"https:\/\/www.whistlelink.com\/ro\/wp-json\/wp\/v2\/comments?post=10770"}],"version-history":[{"count":5,"href":"https:\/\/www.whistlelink.com\/ro\/wp-json\/wp\/v2\/pages\/10770\/revisions"}],"predecessor-version":[{"id":53772,"href":"https:\/\/www.whistlelink.com\/ro\/wp-json\/wp\/v2\/pages\/10770\/revisions\/53772"}],"up":[{"embeddable":true,"href":"https:\/\/www.whistlelink.com\/ro\/wp-json\/wp\/v2\/pages\/10767"}],"wp:attachment":[{"href":"https:\/\/www.whistlelink.com\/ro\/wp-json\/wp\/v2\/media?parent=10770"}],"curies":[{"name":"wp","href":"https:\/\/api.w.org\/{rel}","templated":true}]}}