{"id":29461,"date":"2021-05-27T15:26:47","date_gmt":"2021-05-27T14:26:47","guid":{"rendered":"https:\/\/www.whistlelink.com\/?page_id=29461"},"modified":"2022-11-10T10:45:53","modified_gmt":"2022-11-10T10:45:53","slug":"serviciul-de-primire-a-avertizarilor","status":"publish","type":"page","link":"https:\/\/www.whistlelink.com\/ro\/serviciul-de-primire-a-avertizarilor\/","title":{"rendered":"Serviciul de primire a avertiz\u0103rilor"},"content":{"rendered":"\t\t<div data-elementor-type=\"wp-page\" data-elementor-id=\"29461\" class=\"elementor elementor-29461 elementor-10964\" data-elementor-post-type=\"page\">\n\t\t\t\t\t\t<section class=\"elementor-section elementor-top-section elementor-element elementor-element-6582cc0 elementor-section-full_width elementor-section-height-default elementor-section-height-default\" data-id=\"6582cc0\" data-element_type=\"section\" data-e-type=\"section\" data-settings=\"{&quot;background_background&quot;:&quot;classic&quot;}\">\n\t\t\t\t\t\t<div class=\"elementor-container elementor-column-gap-default\">\n\t\t\t\t\t<div class=\"elementor-column elementor-col-100 elementor-top-column elementor-element elementor-element-1a4c931\" data-id=\"1a4c931\" data-element_type=\"column\" data-e-type=\"column\">\n\t\t\t<div class=\"elementor-widget-wrap elementor-element-populated\">\n\t\t\t\t\t\t<div class=\"elementor-element elementor-element-b9b54a0 elementor-widget elementor-widget-jet-headline\" data-id=\"b9b54a0\" data-element_type=\"widget\" data-e-type=\"widget\" data-widget_type=\"jet-headline.default\">\n\t\t\t\t<div class=\"elementor-widget-container\">\n\t\t\t\t\t<h2 class=\"jet-headline jet-headline--direction-vertical\"><span class=\"jet-headline__part jet-headline__first\"><span class=\"jet-headline__label\">Servicii de canal de avertizare<\/span><\/span><span class=\"jet-headline__part jet-headline__second\"><span class=\"jet-headline__label\">Serviciul de primire a avertiz\u0103rilor<\/span><\/span><\/h2>\t\t\t\t<\/div>\n\t\t\t\t<\/div>\n\t\t\t\t\t<\/div>\n\t\t<\/div>\n\t\t\t\t\t<\/div>\n\t\t<\/section>\n\t\t\t\t<section class=\"elementor-section elementor-top-section elementor-element elementor-element-6e64b8f elementor-section-boxed elementor-section-height-default elementor-section-height-default\" data-id=\"6e64b8f\" data-element_type=\"section\" data-e-type=\"section\">\n\t\t\t\t\t\t<div class=\"elementor-container elementor-column-gap-default\">\n\t\t\t\t\t<div class=\"elementor-column elementor-col-100 elementor-top-column elementor-element elementor-element-dcc55f3\" data-id=\"dcc55f3\" data-element_type=\"column\" data-e-type=\"column\" data-settings=\"{&quot;background_background&quot;:&quot;classic&quot;}\">\n\t\t\t<div class=\"elementor-widget-wrap elementor-element-populated\">\n\t\t\t\t\t\t<div class=\"elementor-element elementor-element-ec8bb48 elementor-widget elementor-widget-text-editor\" data-id=\"ec8bb48\" data-element_type=\"widget\" data-e-type=\"widget\" data-widget_type=\"text-editor.default\">\n\t\t\t\t<div class=\"elementor-widget-container\">\n\t\t\t\t\t\t\t\t\t<h3>Ce este serviciul nostru de primire a avertiz\u0103rilor?<\/h3><p>Un serviciu de primire a avertiz\u0103rilor se refer\u0103 la situa\u021bia \u00een care o organiza\u021bie folose\u0219te o ter\u021b\u0103 parte pentru a primi rapoarte ini\u021biale trimise printr-un sistem de avertizare. Compania care prime\u0219te aceste rapoarte efectueaz\u0103 verific\u0103ri ini\u021biale pentru a se asigura c\u0103 raportul este atribuit persoanei corecte. De asemenea, compania destinatar\u0103 se asigur\u0103 c\u0103 avertizorul prime\u0219te confirmarea de primire \u00een termen de 7 zile.<\/p>\t\t\t\t\t\t\t\t<\/div>\n\t\t\t\t<\/div>\n\t\t\t\t<div class=\"elementor-element elementor-element-697aaba elementor-widget elementor-widget-text-editor\" data-id=\"697aaba\" data-element_type=\"widget\" data-e-type=\"widget\" data-widget_type=\"text-editor.default\">\n\t\t\t\t<div class=\"elementor-widget-container\">\n\t\t\t\t\t\t\t\t\t<h3>De ce s\u0103 folosi\u021bi acest tip de serviciu?<\/h3><p>Utilizarea unui astfel de serviciu asigur\u0103 independen\u021ba, reduce volumul de munc\u0103 \u0219i ajut\u0103 compania s\u0103 <a href=\"https:\/\/www.whistlelink.com\/ro\/aliniaza-te-la-directiva\/\" target=\"_blank\" rel=\"noopener\">\u00eendeplineasc\u0103 cerin\u021bele legale<\/a>.<\/p>\t\t\t\t\t\t\t\t<\/div>\n\t\t\t\t<\/div>\n\t\t\t\t<div class=\"elementor-element elementor-element-07fba4e elementor-widget elementor-widget-spacer\" data-id=\"07fba4e\" data-element_type=\"widget\" data-e-type=\"widget\" data-widget_type=\"spacer.default\">\n\t\t\t\t<div class=\"elementor-widget-container\">\n\t\t\t\t\t\t\t<div class=\"elementor-spacer\">\n\t\t\t<div class=\"elementor-spacer-inner\"><\/div>\n\t\t<\/div>\n\t\t\t\t\t\t<\/div>\n\t\t\t\t<\/div>\n\t\t\t\t<div class=\"elementor-element elementor-element-7a728de elementor-widget elementor-widget-text-editor\" data-id=\"7a728de\" data-element_type=\"widget\" data-e-type=\"widget\" data-widget_type=\"text-editor.default\">\n\t\t\t\t<div class=\"elementor-widget-container\">\n\t\t\t\t\t\t\t\t\t<h3>Ce este inclus \u00een Serviciul de primire a avertiz\u0103rilor Whistlelink?<\/h3>\t\t\t\t\t\t\t\t<\/div>\n\t\t\t\t<\/div>\n\t\t\t\t<section class=\"elementor-section elementor-inner-section elementor-element elementor-element-ee49e96 elementor-section-boxed elementor-section-height-default elementor-section-height-default\" data-id=\"ee49e96\" data-element_type=\"section\" data-e-type=\"section\">\n\t\t\t\t\t\t<div class=\"elementor-container elementor-column-gap-default\">\n\t\t\t\t\t<div class=\"elementor-column elementor-col-50 elementor-inner-column elementor-element elementor-element-64d3f36\" data-id=\"64d3f36\" data-element_type=\"column\" data-e-type=\"column\">\n\t\t\t<div class=\"elementor-widget-wrap elementor-element-populated\">\n\t\t\t\t\t\t<div class=\"elementor-element elementor-element-4b5aaaa elementor-widget-divider--view-line elementor-widget elementor-widget-divider\" data-id=\"4b5aaaa\" data-element_type=\"widget\" data-e-type=\"widget\" data-widget_type=\"divider.default\">\n\t\t\t\t<div class=\"elementor-widget-container\">\n\t\t\t\t\t\t\t<div class=\"elementor-divider\">\n\t\t\t<span class=\"elementor-divider-separator\">\n\t\t\t\t\t\t<\/span>\n\t\t<\/div>\n\t\t\t\t\t\t<\/div>\n\t\t\t\t<\/div>\n\t\t\t\t<div class=\"elementor-element elementor-element-b98dd62 elementor-widget elementor-widget-text-editor\" data-id=\"b98dd62\" data-element_type=\"widget\" data-e-type=\"widget\" data-widget_type=\"text-editor.default\">\n\t\t\t\t<div class=\"elementor-widget-container\">\n\t\t\t\t\t\t\t\t\t<h4>Revizuire ini\u021bial\u0103<\/h4><p>Whistlelink ofer\u0103 primirea \u0219i evaluarea ini\u021bial\u0103 a tuturor cazurilor raportate prin site-ul dvs. de avertizare Whistlelink. Whistlelink examineaz\u0103 cazurile \u00een termen de o zi lucr\u0103toare \u0219i, \u00een conformitate cu Directiva UE pentru Whistleblowing, confirm\u0103 avertizorului primirea raportului s\u0103u.<\/p>\t\t\t\t\t\t\t\t<\/div>\n\t\t\t\t<\/div>\n\t\t\t\t\t<\/div>\n\t\t<\/div>\n\t\t\t\t<div class=\"elementor-column elementor-col-50 elementor-inner-column elementor-element elementor-element-c21ce65\" data-id=\"c21ce65\" data-element_type=\"column\" data-e-type=\"column\">\n\t\t\t<div class=\"elementor-widget-wrap elementor-element-populated\">\n\t\t\t\t\t\t<div class=\"elementor-element elementor-element-fb7fb30 elementor-widget-divider--view-line elementor-widget elementor-widget-divider\" data-id=\"fb7fb30\" data-element_type=\"widget\" data-e-type=\"widget\" data-widget_type=\"divider.default\">\n\t\t\t\t<div class=\"elementor-widget-container\">\n\t\t\t\t\t\t\t<div class=\"elementor-divider\">\n\t\t\t<span class=\"elementor-divider-separator\">\n\t\t\t\t\t\t<\/span>\n\t\t<\/div>\n\t\t\t\t\t\t<\/div>\n\t\t\t\t<\/div>\n\t\t\t\t<div class=\"elementor-element elementor-element-22bdaeb elementor-widget elementor-widget-text-editor\" data-id=\"22bdaeb\" data-element_type=\"widget\" data-e-type=\"widget\" data-widget_type=\"text-editor.default\">\n\t\t\t\t<div class=\"elementor-widget-container\">\n\t\t\t\t\t\t\t\t\t<h4>Atribuirea cazurilor<\/h4><p>Whistlelink va atribui cazurile persoanelor din companie alese ca prim\u0103 linie de contact. Dac\u0103 acestea fac parte din raportul de avertizare (f\u0103r\u0103 revizuirea fi\u0219ierelor), vom atribui cazul persoanei de contact de backup. Pot exista instruc\u021biuni suplimentare din partea clientului, \u00eentotdeauna convenite de la caz la caz.<\/p>\t\t\t\t\t\t\t\t<\/div>\n\t\t\t\t<\/div>\n\t\t\t\t\t<\/div>\n\t\t<\/div>\n\t\t\t\t\t<\/div>\n\t\t<\/section>\n\t\t\t\t\t<\/div>\n\t\t<\/div>\n\t\t\t\t\t<\/div>\n\t\t<\/section>\n\t\t\t\t<section class=\"elementor-section elementor-top-section elementor-element elementor-element-3c2c8bd elementor-section-full_width elementor-section-height-default elementor-section-height-default\" data-id=\"3c2c8bd\" data-element_type=\"section\" data-e-type=\"section\" data-settings=\"{&quot;background_background&quot;:&quot;classic&quot;}\">\n\t\t\t\t\t\t\t<div class=\"elementor-background-overlay\"><\/div>\n\t\t\t\t\t\t\t<div class=\"elementor-container elementor-column-gap-default\">\n\t\t\t\t\t<div class=\"elementor-column elementor-col-100 elementor-top-column elementor-element elementor-element-405efa0\" data-id=\"405efa0\" data-element_type=\"column\" data-e-type=\"column\">\n\t\t\t<div class=\"elementor-widget-wrap elementor-element-populated\">\n\t\t\t\t\t\t<div class=\"elementor-element elementor-element-0e45174 elementor-widget elementor-widget-heading\" data-id=\"0e45174\" data-element_type=\"widget\" data-e-type=\"widget\" data-widget_type=\"heading.default\">\n\t\t\t\t<div class=\"elementor-widget-container\">\n\t\t\t\t\t<h2 class=\"elementor-heading-title elementor-size-default\">Mai ai \u00eentreb\u0103ri?<\/h2>\t\t\t\t<\/div>\n\t\t\t\t<\/div>\n\t\t\t\t<div class=\"elementor-element elementor-element-c79e836 elementor-widget elementor-widget-jet-button\" data-id=\"c79e836\" data-element_type=\"widget\" data-e-type=\"widget\" data-widget_type=\"jet-button.default\">\n\t\t\t\t<div class=\"elementor-widget-container\">\n\t\t\t\t\t<div class=\"elementor-jet-button jet-elements\"><div class=\"jet-button__container\">\n\t<a class=\"jet-button__instance jet-button__instance--icon-left hover-effect-0\" href=\"#contact-menu-anchor\">\n\t\t<div class=\"jet-button__plane jet-button__plane-normal\"><\/div>\n\t\t<div class=\"jet-button__plane jet-button__plane-hover\"><\/div>\n\t\t<div class=\"jet-button__state jet-button__state-normal\">\n\t\t\t<span class=\"jet-button__label\">Contacteaz\u0103-ne<\/span>\t\t<\/div>\n\t\t<div class=\"jet-button__state jet-button__state-hover\">\n\t\t\t<span class=\"jet-button__label\">Contacteaz\u0103-ne<\/span>\t\t<\/div>\n\t<\/a>\n<\/div>\n<\/div>\t\t\t\t<\/div>\n\t\t\t\t<\/div>\n\t\t\t\t<div class=\"elementor-element elementor-element-59310bb elementor-widget elementor-widget-text-editor\" data-id=\"59310bb\" data-element_type=\"widget\" data-e-type=\"widget\" data-widget_type=\"text-editor.default\">\n\t\t\t\t<div class=\"elementor-widget-container\">\n\t\t\t\t\t\t\t\t\t<p>Suntem aici s\u0103 \u00ee\u021bi r\u0103spundem.<\/p>\t\t\t\t\t\t\t\t<\/div>\n\t\t\t\t<\/div>\n\t\t\t\t\t<\/div>\n\t\t<\/div>\n\t\t\t\t\t<\/div>\n\t\t<\/section>\n\t\t\t\t<\/div>\n\t\t","protected":false},"excerpt":{"rendered":"<p>Servicii de canal de avertizare Ce este serviciul nostru de primire a avertiz\u0103rilor? Un serviciu de primire a avertiz\u0103rilor se refer\u0103 la situa\u021bia \u00een care o organiza\u021bie folose\u0219te o ter\u021b\u0103 parte pentru a primi rapoarte ini\u021biale trimise printr-un sistem de avertizare. Compania care prime\u0219te aceste rapoarte efectueaz\u0103 verific\u0103ri ini\u021biale pentru a se asigura c\u0103 raportul [&hellip;]<\/p>\n","protected":false},"author":9,"featured_media":0,"parent":0,"menu_order":0,"comment_status":"closed","ping_status":"closed","template":"","meta":{"footnotes":""},"class_list":["post-29461","page","type-page","status-publish","hentry"],"yoast_head":"<!-- This site is optimized with the Yoast SEO Premium plugin v27.2 (Yoast SEO v27.3) - https:\/\/yoast.com\/product\/yoast-seo-premium-wordpress\/ -->\n<title>Serviciul de primire a avertiz\u0103rilor - Whistlelink<\/title>\n<meta name=\"description\" content=\"Opteaz\u0103 pentru Serviciul de primire a avertiz\u0103rilor Whistlelink pentru a reduce volumul de munc\u0103 \u0219i a garanta confiden\u021bialitatea.\" \/>\n<meta name=\"robots\" content=\"index, follow, max-snippet:-1, max-image-preview:large, max-video-preview:-1\" \/>\n<link rel=\"canonical\" href=\"https:\/\/www.whistlelink.com\/ro\/serviciul-de-primire-a-avertizarilor\/\" \/>\n<meta property=\"og:locale\" content=\"ro_RO\" \/>\n<meta property=\"og:type\" content=\"article\" \/>\n<meta property=\"og:title\" content=\"Serviciul de primire a avertiz\u0103rilor\" \/>\n<meta property=\"og:description\" content=\"Opteaz\u0103 pentru Serviciul de primire a avertiz\u0103rilor Whistlelink pentru a reduce volumul de munc\u0103 \u0219i a garanta confiden\u021bialitatea.\" \/>\n<meta property=\"og:url\" content=\"https:\/\/www.whistlelink.com\/ro\/serviciul-de-primire-a-avertizarilor\/\" \/>\n<meta property=\"og:site_name\" content=\"Whistlelink\" \/>\n<meta property=\"article:publisher\" content=\"https:\/\/www.facebook.com\/whistlelink\/\" \/>\n<meta property=\"article:modified_time\" content=\"2022-11-10T10:45:53+00:00\" \/>\n<meta name=\"twitter:card\" content=\"summary_large_image\" \/>\n<meta name=\"twitter:label1\" content=\"Timp estimat pentru citire\" \/>\n\t<meta name=\"twitter:data1\" content=\"2 minute\" \/>\n<script type=\"application\/ld+json\" class=\"yoast-schema-graph\">{\"@context\":\"https:\\\/\\\/schema.org\",\"@graph\":[{\"@type\":\"WebPage\",\"@id\":\"https:\\\/\\\/www.whistlelink.com\\\/ro\\\/serviciul-de-primire-a-avertizarilor\\\/\",\"url\":\"https:\\\/\\\/www.whistlelink.com\\\/ro\\\/serviciul-de-primire-a-avertizarilor\\\/\",\"name\":\"Serviciul de primire a avertiz\u0103rilor - Whistlelink\",\"isPartOf\":{\"@id\":\"https:\\\/\\\/www.whistlelink.com\\\/ro\\\/#website\"},\"datePublished\":\"2021-05-27T14:26:47+00:00\",\"dateModified\":\"2022-11-10T10:45:53+00:00\",\"description\":\"Opteaz\u0103 pentru Serviciul de primire a avertiz\u0103rilor Whistlelink pentru a reduce volumul de munc\u0103 \u0219i a garanta confiden\u021bialitatea.\",\"breadcrumb\":{\"@id\":\"https:\\\/\\\/www.whistlelink.com\\\/ro\\\/serviciul-de-primire-a-avertizarilor\\\/#breadcrumb\"},\"inLanguage\":\"ro-RO\",\"potentialAction\":[{\"@type\":\"ReadAction\",\"target\":[\"https:\\\/\\\/www.whistlelink.com\\\/ro\\\/serviciul-de-primire-a-avertizarilor\\\/\"]}]},{\"@type\":\"BreadcrumbList\",\"@id\":\"https:\\\/\\\/www.whistlelink.com\\\/ro\\\/serviciul-de-primire-a-avertizarilor\\\/#breadcrumb\",\"itemListElement\":[{\"@type\":\"ListItem\",\"position\":1,\"name\":\"Home\",\"item\":\"https:\\\/\\\/www.whistlelink.com\\\/ro\\\/\"},{\"@type\":\"ListItem\",\"position\":2,\"name\":\"Serviciul de primire a avertiz\u0103rilor\"}]},{\"@type\":\"WebSite\",\"@id\":\"https:\\\/\\\/www.whistlelink.com\\\/ro\\\/#website\",\"url\":\"https:\\\/\\\/www.whistlelink.com\\\/ro\\\/\",\"name\":\"Whistlelink\",\"description\":\"A trusted provider of secure whistleblowing solutions.\",\"publisher\":{\"@id\":\"https:\\\/\\\/www.whistlelink.com\\\/ro\\\/#organization\"},\"potentialAction\":[{\"@type\":\"SearchAction\",\"target\":{\"@type\":\"EntryPoint\",\"urlTemplate\":\"https:\\\/\\\/www.whistlelink.com\\\/ro\\\/?s={search_term_string}\"},\"query-input\":{\"@type\":\"PropertyValueSpecification\",\"valueRequired\":true,\"valueName\":\"search_term_string\"}}],\"inLanguage\":\"ro-RO\"},{\"@type\":\"Organization\",\"@id\":\"https:\\\/\\\/www.whistlelink.com\\\/ro\\\/#organization\",\"name\":\"Whistlelink\",\"url\":\"https:\\\/\\\/www.whistlelink.com\\\/ro\\\/\",\"logo\":{\"@type\":\"ImageObject\",\"inLanguage\":\"ro-RO\",\"@id\":\"https:\\\/\\\/www.whistlelink.com\\\/ro\\\/#\\\/schema\\\/logo\\\/image\\\/\",\"url\":\"https:\\\/\\\/www.whistlelink.com\\\/wp-content\\\/uploads\\\/2021\\\/07\\\/WhistlelinkLogoEmail.png\",\"contentUrl\":\"https:\\\/\\\/www.whistlelink.com\\\/wp-content\\\/uploads\\\/2021\\\/07\\\/WhistlelinkLogoEmail.png\",\"width\":704,\"height\":75,\"caption\":\"Whistlelink\"},\"image\":{\"@id\":\"https:\\\/\\\/www.whistlelink.com\\\/ro\\\/#\\\/schema\\\/logo\\\/image\\\/\"},\"sameAs\":[\"https:\\\/\\\/www.facebook.com\\\/whistlelink\\\/\",\"https:\\\/\\\/www.linkedin.com\\\/company\\\/whistlelink\\\/\",\"https:\\\/\\\/vimeo.com\\\/user152082481\"]}]}<\/script>\n<!-- \/ Yoast SEO Premium plugin. -->","yoast_head_json":{"title":"Serviciul de primire a avertiz\u0103rilor - Whistlelink","description":"Opteaz\u0103 pentru Serviciul de primire a avertiz\u0103rilor Whistlelink pentru a reduce volumul de munc\u0103 \u0219i a garanta confiden\u021bialitatea.","robots":{"index":"index","follow":"follow","max-snippet":"max-snippet:-1","max-image-preview":"max-image-preview:large","max-video-preview":"max-video-preview:-1"},"canonical":"https:\/\/www.whistlelink.com\/ro\/serviciul-de-primire-a-avertizarilor\/","og_locale":"ro_RO","og_type":"article","og_title":"Serviciul de primire a avertiz\u0103rilor","og_description":"Opteaz\u0103 pentru Serviciul de primire a avertiz\u0103rilor Whistlelink pentru a reduce volumul de munc\u0103 \u0219i a garanta confiden\u021bialitatea.","og_url":"https:\/\/www.whistlelink.com\/ro\/serviciul-de-primire-a-avertizarilor\/","og_site_name":"Whistlelink","article_publisher":"https:\/\/www.facebook.com\/whistlelink\/","article_modified_time":"2022-11-10T10:45:53+00:00","twitter_card":"summary_large_image","twitter_misc":{"Timp estimat pentru citire":"2 minute"},"schema":{"@context":"https:\/\/schema.org","@graph":[{"@type":"WebPage","@id":"https:\/\/www.whistlelink.com\/ro\/serviciul-de-primire-a-avertizarilor\/","url":"https:\/\/www.whistlelink.com\/ro\/serviciul-de-primire-a-avertizarilor\/","name":"Serviciul de primire a avertiz\u0103rilor - Whistlelink","isPartOf":{"@id":"https:\/\/www.whistlelink.com\/ro\/#website"},"datePublished":"2021-05-27T14:26:47+00:00","dateModified":"2022-11-10T10:45:53+00:00","description":"Opteaz\u0103 pentru Serviciul de primire a avertiz\u0103rilor Whistlelink pentru a reduce volumul de munc\u0103 \u0219i a garanta confiden\u021bialitatea.","breadcrumb":{"@id":"https:\/\/www.whistlelink.com\/ro\/serviciul-de-primire-a-avertizarilor\/#breadcrumb"},"inLanguage":"ro-RO","potentialAction":[{"@type":"ReadAction","target":["https:\/\/www.whistlelink.com\/ro\/serviciul-de-primire-a-avertizarilor\/"]}]},{"@type":"BreadcrumbList","@id":"https:\/\/www.whistlelink.com\/ro\/serviciul-de-primire-a-avertizarilor\/#breadcrumb","itemListElement":[{"@type":"ListItem","position":1,"name":"Home","item":"https:\/\/www.whistlelink.com\/ro\/"},{"@type":"ListItem","position":2,"name":"Serviciul de primire a avertiz\u0103rilor"}]},{"@type":"WebSite","@id":"https:\/\/www.whistlelink.com\/ro\/#website","url":"https:\/\/www.whistlelink.com\/ro\/","name":"Whistlelink","description":"A trusted provider of secure whistleblowing solutions.","publisher":{"@id":"https:\/\/www.whistlelink.com\/ro\/#organization"},"potentialAction":[{"@type":"SearchAction","target":{"@type":"EntryPoint","urlTemplate":"https:\/\/www.whistlelink.com\/ro\/?s={search_term_string}"},"query-input":{"@type":"PropertyValueSpecification","valueRequired":true,"valueName":"search_term_string"}}],"inLanguage":"ro-RO"},{"@type":"Organization","@id":"https:\/\/www.whistlelink.com\/ro\/#organization","name":"Whistlelink","url":"https:\/\/www.whistlelink.com\/ro\/","logo":{"@type":"ImageObject","inLanguage":"ro-RO","@id":"https:\/\/www.whistlelink.com\/ro\/#\/schema\/logo\/image\/","url":"https:\/\/www.whistlelink.com\/wp-content\/uploads\/2021\/07\/WhistlelinkLogoEmail.png","contentUrl":"https:\/\/www.whistlelink.com\/wp-content\/uploads\/2021\/07\/WhistlelinkLogoEmail.png","width":704,"height":75,"caption":"Whistlelink"},"image":{"@id":"https:\/\/www.whistlelink.com\/ro\/#\/schema\/logo\/image\/"},"sameAs":["https:\/\/www.facebook.com\/whistlelink\/","https:\/\/www.linkedin.com\/company\/whistlelink\/","https:\/\/vimeo.com\/user152082481"]}]}},"_links":{"self":[{"href":"https:\/\/www.whistlelink.com\/ro\/wp-json\/wp\/v2\/pages\/29461","targetHints":{"allow":["GET"]}}],"collection":[{"href":"https:\/\/www.whistlelink.com\/ro\/wp-json\/wp\/v2\/pages"}],"about":[{"href":"https:\/\/www.whistlelink.com\/ro\/wp-json\/wp\/v2\/types\/page"}],"author":[{"embeddable":true,"href":"https:\/\/www.whistlelink.com\/ro\/wp-json\/wp\/v2\/users\/9"}],"replies":[{"embeddable":true,"href":"https:\/\/www.whistlelink.com\/ro\/wp-json\/wp\/v2\/comments?post=29461"}],"version-history":[{"count":0,"href":"https:\/\/www.whistlelink.com\/ro\/wp-json\/wp\/v2\/pages\/29461\/revisions"}],"wp:attachment":[{"href":"https:\/\/www.whistlelink.com\/ro\/wp-json\/wp\/v2\/media?parent=29461"}],"curies":[{"name":"wp","href":"https:\/\/api.w.org\/{rel}","templated":true}]}}