{"id":42065,"date":"2022-11-13T22:20:55","date_gmt":"2022-11-13T21:20:55","guid":{"rendered":"https:\/\/www.whistlelink.com\/partner-intro\/"},"modified":"2023-03-03T08:13:45","modified_gmt":"2023-03-03T08:13:45","slug":"recomandare-partener","status":"publish","type":"page","link":"https:\/\/www.whistlelink.com\/ro\/recomandare-partener\/","title":{"rendered":"Recomandare Partener"},"content":{"rendered":"\t\t<div data-elementor-type=\"wp-page\" data-elementor-id=\"42065\" class=\"elementor elementor-42065 elementor-41132\" data-elementor-post-type=\"page\">\n\t\t\t\t\t\t<section class=\"elementor-section elementor-top-section elementor-element elementor-element-76e2f87d elementor-section-items-bottom elementor-section-height-min-height elementor-section-content-bottom elementor-section-boxed elementor-section-height-default\" data-id=\"76e2f87d\" data-element_type=\"section\" data-e-type=\"section\" data-settings=\"{&quot;background_background&quot;:&quot;classic&quot;}\">\n\t\t\t\t\t\t\t<div class=\"elementor-background-overlay\"><\/div>\n\t\t\t\t\t\t\t<div class=\"elementor-container elementor-column-gap-default\">\n\t\t\t\t\t<div class=\"elementor-column elementor-col-100 elementor-top-column elementor-element elementor-element-12c7daba\" data-id=\"12c7daba\" data-element_type=\"column\" data-e-type=\"column\">\n\t\t\t<div class=\"elementor-widget-wrap elementor-element-populated\">\n\t\t\t\t\t\t<div class=\"elementor-element elementor-element-78052987 elementor-widget elementor-widget-heading\" data-id=\"78052987\" data-element_type=\"widget\" data-e-type=\"widget\" data-widget_type=\"heading.default\">\n\t\t\t\t<div class=\"elementor-widget-container\">\n\t\t\t\t\t<h1 class=\"elementor-heading-title elementor-size-default\">Bun venit la Whistlelink<\/h1>\t\t\t\t<\/div>\n\t\t\t\t<\/div>\n\t\t\t\t<div class=\"elementor-element elementor-element-2b683ca6 elementor-widget elementor-widget-image\" data-id=\"2b683ca6\" data-element_type=\"widget\" data-e-type=\"widget\" data-widget_type=\"image.default\">\n\t\t\t\t<div class=\"elementor-widget-container\">\n\t\t\t\t\t\t\t\t\t\t\t\t\t\t\t<img fetchpriority=\"high\" decoding=\"async\" width=\"5000\" height=\"1620\" src=\"https:\/\/www.whistlelink.com\/wp-content\/uploads\/2022\/11\/landing_pageHero_rom-1.png\" class=\"attachment-full size-full wp-image-43004\" alt=\"\" srcset=\"https:\/\/www.whistlelink.com\/wp-content\/uploads\/2022\/11\/landing_pageHero_rom-1.png 5000w, https:\/\/www.whistlelink.com\/wp-content\/uploads\/2022\/11\/landing_pageHero_rom-1-300x97.png 300w, https:\/\/www.whistlelink.com\/wp-content\/uploads\/2022\/11\/landing_pageHero_rom-1-1600x518.png 1600w, https:\/\/www.whistlelink.com\/wp-content\/uploads\/2022\/11\/landing_pageHero_rom-1-768x249.png 768w, https:\/\/www.whistlelink.com\/wp-content\/uploads\/2022\/11\/landing_pageHero_rom-1-1536x498.png 1536w, https:\/\/www.whistlelink.com\/wp-content\/uploads\/2022\/11\/landing_pageHero_rom-1-2048x664.png 2048w\" sizes=\"(max-width: 5000px) 100vw, 5000px\" \/>\t\t\t\t\t\t\t\t\t\t\t\t\t\t\t<\/div>\n\t\t\t\t<\/div>\n\t\t\t\t\t<\/div>\n\t\t<\/div>\n\t\t\t\t\t<\/div>\n\t\t<\/section>\n\t\t\t\t<section class=\"elementor-section elementor-top-section elementor-element elementor-element-76b8bbf9 elementor-section-boxed elementor-section-height-default elementor-section-height-default\" data-id=\"76b8bbf9\" data-element_type=\"section\" data-e-type=\"section\" data-settings=\"{&quot;background_background&quot;:&quot;classic&quot;}\">\n\t\t\t\t\t\t<div class=\"elementor-container elementor-column-gap-default\">\n\t\t\t\t\t<div class=\"elementor-column elementor-col-50 elementor-top-column elementor-element elementor-element-18cbcbbd\" data-id=\"18cbcbbd\" data-element_type=\"column\" data-e-type=\"column\">\n\t\t\t<div class=\"elementor-widget-wrap elementor-element-populated\">\n\t\t\t\t\t\t<div class=\"elementor-element elementor-element-5c63208d elementor-widget elementor-widget-heading\" data-id=\"5c63208d\" data-element_type=\"widget\" data-e-type=\"widget\" data-widget_type=\"heading.default\">\n\t\t\t\t<div class=\"elementor-widget-container\">\n\t\t\t\t\t<h3 class=\"elementor-heading-title elementor-size-default\">Suntem aici pentru a te ajuta<\/h3>\t\t\t\t<\/div>\n\t\t\t\t<\/div>\n\t\t\t\t<div class=\"elementor-element elementor-element-125d4015 elementor-widget elementor-widget-text-editor\" data-id=\"125d4015\" data-element_type=\"widget\" data-e-type=\"widget\" data-widget_type=\"text-editor.default\">\n\t\t\t\t<div class=\"elementor-widget-container\">\n\t\t\t\t\t\t\t\t\t<div class=\"page\" title=\"Page 1\"><div class=\"section\"><div class=\"layoutArea\"><div class=\"column\"><p>Completeaz\u0103 formularul sau sun\u0103-ne la num\u0103rul de mai jos pentru a discuta cu Maria.<\/p><\/div><\/div><\/div><\/div>\t\t\t\t\t\t\t\t<\/div>\n\t\t\t\t<\/div>\n\t\t\t\t<div class=\"elementor-element elementor-element-11174907 elementor-widget elementor-widget-spacer\" data-id=\"11174907\" data-element_type=\"widget\" data-e-type=\"widget\" data-widget_type=\"spacer.default\">\n\t\t\t\t<div class=\"elementor-widget-container\">\n\t\t\t\t\t\t\t<div class=\"elementor-spacer\">\n\t\t\t<div class=\"elementor-spacer-inner\"><\/div>\n\t\t<\/div>\n\t\t\t\t\t\t<\/div>\n\t\t\t\t<\/div>\n\t\t\t\t<section class=\"elementor-section elementor-inner-section elementor-element elementor-element-4b075ced elementor-section-boxed elementor-section-height-default elementor-section-height-default\" data-id=\"4b075ced\" data-element_type=\"section\" data-e-type=\"section\">\n\t\t\t\t\t\t<div class=\"elementor-container elementor-column-gap-default\">\n\t\t\t\t\t<div class=\"elementor-column elementor-col-50 elementor-inner-column elementor-element elementor-element-68778050\" data-id=\"68778050\" data-element_type=\"column\" data-e-type=\"column\">\n\t\t\t<div class=\"elementor-widget-wrap elementor-element-populated\">\n\t\t\t\t\t\t<div class=\"elementor-element elementor-element-1989fa22 elementor-widget elementor-widget-image\" data-id=\"1989fa22\" data-element_type=\"widget\" data-e-type=\"widget\" data-widget_type=\"image.default\">\n\t\t\t\t<div class=\"elementor-widget-container\">\n\t\t\t\t\t\t\t\t\t\t\t\t\t\t\t<img decoding=\"async\" width=\"300\" height=\"300\" src=\"https:\/\/www.whistlelink.com\/wp-content\/uploads\/2022\/11\/Maria-Boboc-1.png\" class=\"attachment-large size-large wp-image-42993\" alt=\"\" srcset=\"https:\/\/www.whistlelink.com\/wp-content\/uploads\/2022\/11\/Maria-Boboc-1.png 300w, https:\/\/www.whistlelink.com\/wp-content\/uploads\/2022\/11\/Maria-Boboc-1-150x150.png 150w, https:\/\/www.whistlelink.com\/wp-content\/uploads\/2022\/11\/elementor\/thumbs\/Maria-Boboc-1-py5185csol9sry9kvjr3eqzz9g4qa4g26gpsie4ukw.png 200w\" sizes=\"(max-width: 300px) 100vw, 300px\" \/>\t\t\t\t\t\t\t\t\t\t\t\t\t\t\t<\/div>\n\t\t\t\t<\/div>\n\t\t\t\t\t<\/div>\n\t\t<\/div>\n\t\t\t\t<div class=\"elementor-column elementor-col-50 elementor-inner-column elementor-element elementor-element-4dfdaa0\" data-id=\"4dfdaa0\" data-element_type=\"column\" data-e-type=\"column\">\n\t\t\t<div class=\"elementor-widget-wrap elementor-element-populated\">\n\t\t\t\t\t\t<div class=\"elementor-element elementor-element-44951a0d elementor-widget elementor-widget-text-editor\" data-id=\"44951a0d\" data-element_type=\"widget\" data-e-type=\"widget\" data-widget_type=\"text-editor.default\">\n\t\t\t\t<div class=\"elementor-widget-container\">\n\t\t\t\t\t\t\t\t\t<h5>Maria Boboc<br \/>Territory Manager<\/h5><div>Email: maria.boboc@whistlelink.com<\/div><div>Tel: <a href=\"http:\/\/+34 683 530 248\" data-wplink-url-error=\"true\">+34 683 530 248\u00a0<\/a><\/div>\t\t\t\t\t\t\t\t<\/div>\n\t\t\t\t<\/div>\n\t\t\t\t\t<\/div>\n\t\t<\/div>\n\t\t\t\t\t<\/div>\n\t\t<\/section>\n\t\t\t\t\t<\/div>\n\t\t<\/div>\n\t\t\t\t<div class=\"elementor-column elementor-col-50 elementor-top-column elementor-element elementor-element-1ea8ac38\" data-id=\"1ea8ac38\" data-element_type=\"column\" data-e-type=\"column\">\n\t\t\t<div class=\"elementor-widget-wrap elementor-element-populated\">\n\t\t\t\t\t\t<div class=\"elementor-element elementor-element-4551619f wlink-custom-form elementor-button-align-stretch elementor-widget elementor-widget-form\" data-id=\"4551619f\" data-element_type=\"widget\" data-e-type=\"widget\" data-settings=\"{&quot;step_next_label&quot;:&quot;Next&quot;,&quot;step_previous_label&quot;:&quot;Previous&quot;,&quot;button_width&quot;:&quot;100&quot;,&quot;step_type&quot;:&quot;number_text&quot;,&quot;step_icon_shape&quot;:&quot;circle&quot;}\" data-widget_type=\"form.default\">\n\t\t\t\t<div class=\"elementor-widget-container\">\n\t\t\t\t\t\t\t<form class=\"elementor-form\" method=\"post\" name=\"Partner with us\" aria-label=\"Partner with us\">\n\t\t\t<input type=\"hidden\" name=\"post_id\" value=\"42065\"\/>\n\t\t\t<input type=\"hidden\" name=\"form_id\" value=\"4551619f\"\/>\n\t\t\t<input type=\"hidden\" name=\"referer_title\" value=\"The system for simple, secure and compliant whistleblowing\" \/>\n\n\t\t\t\t\t\t\t<input type=\"hidden\" name=\"queried_id\" value=\"42065\"\/>\n\t\t\t\n\t\t\t<div class=\"elementor-form-fields-wrapper elementor-labels-\">\n\t\t\t\t\t\t\t\t<div class=\"elementor-field-type-text elementor-field-group elementor-column elementor-field-group-name elementor-col-100 elementor-field-required\">\n\t\t\t\t\t\t\t\t\t\t\t\t<label for=\"form-field-name\" class=\"elementor-field-label elementor-screen-only\">\n\t\t\t\t\t\t\t\tName\t\t\t\t\t\t\t<\/label>\n\t\t\t\t\t\t\t\t\t\t\t\t\t\t<input size=\"1\" type=\"text\" name=\"form_fields[name]\" id=\"form-field-name\" class=\"elementor-field elementor-size-md  elementor-field-textual\" placeholder=\"Nume\" required=\"required\">\n\t\t\t\t\t\t\t\t\t\t\t<\/div>\n\t\t\t\t\t\t\t\t<div class=\"elementor-field-type-text elementor-field-group elementor-column elementor-field-group-company_name elementor-col-100 elementor-field-required\">\n\t\t\t\t\t\t\t\t\t\t\t\t<label for=\"form-field-company_name\" class=\"elementor-field-label elementor-screen-only\">\n\t\t\t\t\t\t\t\tCompany name\t\t\t\t\t\t\t<\/label>\n\t\t\t\t\t\t\t\t\t\t\t\t\t\t<input size=\"1\" type=\"text\" name=\"form_fields[company_name]\" id=\"form-field-company_name\" class=\"elementor-field elementor-size-md  elementor-field-textual\" placeholder=\"Companie *\" required=\"required\">\n\t\t\t\t\t\t\t\t\t\t\t<\/div>\n\t\t\t\t\t\t\t\t<div class=\"elementor-field-type-text elementor-field-group elementor-column elementor-field-group-your_email elementor-col-100 elementor-field-required\">\n\t\t\t\t\t\t\t\t\t\t\t\t<label for=\"form-field-your_email\" class=\"elementor-field-label elementor-screen-only\">\n\t\t\t\t\t\t\t\tYour email\t\t\t\t\t\t\t<\/label>\n\t\t\t\t\t\t\t\t\t\t\t\t\t\t<input size=\"1\" type=\"text\" name=\"form_fields[your_email]\" id=\"form-field-your_email\" class=\"elementor-field elementor-size-md  elementor-field-textual\" placeholder=\"E-mailul t\u0103u *\" required=\"required\">\n\t\t\t\t\t\t\t\t\t\t\t<\/div>\n\t\t\t\t\t\t\t\t<div class=\"elementor-field-type-text elementor-field-group elementor-column elementor-field-group-recommeneded elementor-col-100 elementor-field-required\">\n\t\t\t\t\t\t\t\t\t\t\t\t<label for=\"form-field-recommeneded\" class=\"elementor-field-label elementor-screen-only\">\n\t\t\t\t\t\t\t\t Which company has recommended you to us\t\t\t\t\t\t\t<\/label>\n\t\t\t\t\t\t\t\t\t\t\t\t\t\t<input size=\"1\" type=\"text\" name=\"form_fields[recommeneded]\" id=\"form-field-recommeneded\" class=\"elementor-field elementor-size-md  elementor-field-textual\" placeholder=\" Ce companie ne-a recomandat? *\" required=\"required\">\n\t\t\t\t\t\t\t\t\t\t\t<\/div>\n\t\t\t\t\t\t\t\t<div class=\"elementor-field-type-text\">\n\t\t\t\t\t<input size=\"1\" type=\"text\" name=\"form_fields[field_1c4744b]\" id=\"form-field-field_1c4744b\" class=\"elementor-field elementor-size-md \" style=\"display:none !important;\">\t\t\t\t<\/div>\n\t\t\t\t\t\t\t\t<div class=\"elementor-field-type-acceptance elementor-field-group elementor-column elementor-field-group-termsofservice elementor-col-100 elementor-field-required\">\n\t\t\t\t\t\t\t\t\t\t\t\t<label for=\"form-field-termsofservice\" class=\"elementor-field-label elementor-screen-only\">\n\t\t\t\t\t\t\t\tTerms of service\t\t\t\t\t\t\t<\/label>\n\t\t\t\t\t\t\t\t<div class=\"elementor-field-subgroup\">\n\t\t\t<span class=\"elementor-field-option\">\n\t\t\t\t<input type=\"checkbox\" name=\"form_fields[termsofservice]\" id=\"form-field-termsofservice\" class=\"elementor-field elementor-size-md  elementor-acceptance-field\" required=\"required\">\n\t\t\t\t<label for=\"form-field-termsofservice\">Am citit \u0219i sunt de acord cu\n<a href=\"https:\/\/staging-whistlelink-staging.kinsta.cloud\/terms\/\"> termenii \u0219i condi\u021biile<\/a>\n Whistlelink\n<\/label>\t\t\t<\/span>\n\t\t<\/div>\n\t\t\t\t\t\t<\/div>\n\t\t\t\t\t\t\t\t<div class=\"elementor-field-group elementor-column elementor-field-type-submit elementor-col-100 e-form__buttons\">\n\t\t\t\t\t<button class=\"elementor-button elementor-size-sm\" type=\"submit\">\n\t\t\t\t\t\t<span class=\"elementor-button-content-wrapper\">\n\t\t\t\t\t\t\t\t\t\t\t\t\t\t\t\t\t\t\t\t\t\t<span class=\"elementor-button-text\">Trimite<\/span>\n\t\t\t\t\t\t\t\t\t\t\t\t\t<\/span>\n\t\t\t\t\t<\/button>\n\t\t\t\t<\/div>\n\t\t\t<\/div>\n\t\t<\/form>\n\t\t\t\t\t\t<\/div>\n\t\t\t\t<\/div>\n\t\t\t\t<div class=\"elementor-element elementor-element-6eb9c8c custom-form-footer-policy elementor-widget elementor-widget-text-editor\" data-id=\"6eb9c8c\" data-element_type=\"widget\" data-e-type=\"widget\" data-widget_type=\"text-editor.default\">\n\t\t\t\t<div class=\"elementor-widget-container\">\n\t\t\t\t\t\t\t\t\t<p>Whistlelink apreciaz\u0103 confiden\u021bialitatea ta. V\u0103 vom contacta doar \u00een leg\u0103tur\u0103 cu solu\u021biile noastre. V\u0103 pute\u021bi dezabona \u00een orice moment. Pentru mai multe informa\u021bii, v\u0103 rug\u0103m s\u0103 consulta\u021bi <a href=\"https:\/\/staging-whistlelink-staging.kinsta.cloud\/privacy-notice\/\" target=\"_blank\" rel=\"noopener\">Politica noastr\u0103 de confiden\u021bialitate<\/a>.<\/p>\t\t\t\t\t\t\t\t<\/div>\n\t\t\t\t<\/div>\n\t\t\t\t\t<\/div>\n\t\t<\/div>\n\t\t\t\t\t<\/div>\n\t\t<\/section>\n\t\t\t\t<\/div>\n\t\t","protected":false},"excerpt":{"rendered":"<p>Bun venit la Whistlelink Suntem aici pentru a te ajuta Completeaz\u0103 formularul sau sun\u0103-ne la num\u0103rul de mai jos pentru a discuta cu Maria. Maria BobocTerritory Manager Email: maria.boboc@whistlelink.comTel: +34 683 530 248\u00a0 Whistlelink apreciaz\u0103 confiden\u021bialitatea ta. V\u0103 vom contacta doar \u00een leg\u0103tur\u0103 cu solu\u021biile noastre. V\u0103 pute\u021bi dezabona \u00een orice moment. Pentru mai multe [&hellip;]<\/p>\n","protected":false},"author":9,"featured_media":0,"parent":0,"menu_order":0,"comment_status":"closed","ping_status":"closed","template":"","meta":{"footnotes":""},"class_list":["post-42065","page","type-page","status-publish","hentry"],"yoast_head":"<!-- This site is optimized with the Yoast SEO Premium plugin v27.3 (Yoast SEO v27.4) - https:\/\/yoast.com\/product\/yoast-seo-premium-wordpress\/ -->\n<title>The system for simple, secure and compliant whistleblowing<\/title>\n<meta name=\"description\" content=\"A secure and compliant whistleblowing system with anonymous reporting &amp; simple case management in just 10 minutes. Try Whistlelink for free.\" \/>\n<meta name=\"robots\" content=\"index, follow, max-snippet:-1, max-image-preview:large, max-video-preview:-1\" \/>\n<link rel=\"canonical\" href=\"https:\/\/www.whistlelink.com\/ro\/recomandare-partener\/\" \/>\n<meta property=\"og:locale\" content=\"ro_RO\" \/>\n<meta property=\"og:type\" content=\"article\" \/>\n<meta property=\"og:title\" content=\"Recomandare Partener\" \/>\n<meta property=\"og:description\" content=\"A secure and compliant whistleblowing system with anonymous reporting &amp; simple case management in just 10 minutes. Try Whistlelink for free.\" \/>\n<meta property=\"og:url\" content=\"https:\/\/www.whistlelink.com\/ro\/recomandare-partener\/\" \/>\n<meta property=\"og:site_name\" content=\"Whistlelink\" \/>\n<meta property=\"article:publisher\" content=\"https:\/\/www.facebook.com\/whistlelink\/\" \/>\n<meta property=\"article:modified_time\" content=\"2023-03-03T08:13:45+00:00\" \/>\n<meta property=\"og:image\" content=\"https:\/\/www.whistlelink.com\/wp-content\/uploads\/2022\/11\/landing_pageHero_rom-1.png\" \/>\n<meta name=\"twitter:card\" content=\"summary_large_image\" \/>\n<meta name=\"twitter:label1\" content=\"Timp estimat pentru citire\" \/>\n\t<meta name=\"twitter:data1\" content=\"1 minut\" \/>\n<script type=\"application\/ld+json\" class=\"yoast-schema-graph\">{\"@context\":\"https:\\\/\\\/schema.org\",\"@graph\":[{\"@type\":\"WebPage\",\"@id\":\"https:\\\/\\\/www.whistlelink.com\\\/ro\\\/recomandare-partener\\\/\",\"url\":\"https:\\\/\\\/www.whistlelink.com\\\/ro\\\/recomandare-partener\\\/\",\"name\":\"The system for simple, secure and compliant whistleblowing\",\"isPartOf\":{\"@id\":\"https:\\\/\\\/www.whistlelink.com\\\/ro\\\/#website\"},\"primaryImageOfPage\":{\"@id\":\"https:\\\/\\\/www.whistlelink.com\\\/ro\\\/recomandare-partener\\\/#primaryimage\"},\"image\":{\"@id\":\"https:\\\/\\\/www.whistlelink.com\\\/ro\\\/recomandare-partener\\\/#primaryimage\"},\"thumbnailUrl\":\"https:\\\/\\\/www.whistlelink.com\\\/wp-content\\\/uploads\\\/2022\\\/11\\\/landing_pageHero_rom-1.png\",\"datePublished\":\"2022-11-13T21:20:55+00:00\",\"dateModified\":\"2023-03-03T08:13:45+00:00\",\"description\":\"A secure and compliant whistleblowing system with anonymous reporting & simple case management in just 10 minutes. Try Whistlelink for free.\",\"breadcrumb\":{\"@id\":\"https:\\\/\\\/www.whistlelink.com\\\/ro\\\/recomandare-partener\\\/#breadcrumb\"},\"inLanguage\":\"ro-RO\",\"potentialAction\":[{\"@type\":\"ReadAction\",\"target\":[\"https:\\\/\\\/www.whistlelink.com\\\/ro\\\/recomandare-partener\\\/\"]}]},{\"@type\":\"ImageObject\",\"inLanguage\":\"ro-RO\",\"@id\":\"https:\\\/\\\/www.whistlelink.com\\\/ro\\\/recomandare-partener\\\/#primaryimage\",\"url\":\"https:\\\/\\\/www.whistlelink.com\\\/wp-content\\\/uploads\\\/2022\\\/11\\\/landing_pageHero_rom-1.png\",\"contentUrl\":\"https:\\\/\\\/www.whistlelink.com\\\/wp-content\\\/uploads\\\/2022\\\/11\\\/landing_pageHero_rom-1.png\"},{\"@type\":\"BreadcrumbList\",\"@id\":\"https:\\\/\\\/www.whistlelink.com\\\/ro\\\/recomandare-partener\\\/#breadcrumb\",\"itemListElement\":[{\"@type\":\"ListItem\",\"position\":1,\"name\":\"Home\",\"item\":\"https:\\\/\\\/www.whistlelink.com\\\/ro\\\/\"},{\"@type\":\"ListItem\",\"position\":2,\"name\":\"Recomandare Partener\"}]},{\"@type\":\"WebSite\",\"@id\":\"https:\\\/\\\/www.whistlelink.com\\\/ro\\\/#website\",\"url\":\"https:\\\/\\\/www.whistlelink.com\\\/ro\\\/\",\"name\":\"Whistlelink\",\"description\":\"A trusted provider of secure whistleblowing solutions.\",\"publisher\":{\"@id\":\"https:\\\/\\\/www.whistlelink.com\\\/ro\\\/#organization\"},\"potentialAction\":[{\"@type\":\"SearchAction\",\"target\":{\"@type\":\"EntryPoint\",\"urlTemplate\":\"https:\\\/\\\/www.whistlelink.com\\\/ro\\\/?s={search_term_string}\"},\"query-input\":{\"@type\":\"PropertyValueSpecification\",\"valueRequired\":true,\"valueName\":\"search_term_string\"}}],\"inLanguage\":\"ro-RO\"},{\"@type\":\"Organization\",\"@id\":\"https:\\\/\\\/www.whistlelink.com\\\/ro\\\/#organization\",\"name\":\"Whistlelink\",\"url\":\"https:\\\/\\\/www.whistlelink.com\\\/ro\\\/\",\"logo\":{\"@type\":\"ImageObject\",\"inLanguage\":\"ro-RO\",\"@id\":\"https:\\\/\\\/www.whistlelink.com\\\/ro\\\/#\\\/schema\\\/logo\\\/image\\\/\",\"url\":\"https:\\\/\\\/www.whistlelink.com\\\/wp-content\\\/uploads\\\/2021\\\/07\\\/WhistlelinkLogoEmail.png\",\"contentUrl\":\"https:\\\/\\\/www.whistlelink.com\\\/wp-content\\\/uploads\\\/2021\\\/07\\\/WhistlelinkLogoEmail.png\",\"width\":704,\"height\":75,\"caption\":\"Whistlelink\"},\"image\":{\"@id\":\"https:\\\/\\\/www.whistlelink.com\\\/ro\\\/#\\\/schema\\\/logo\\\/image\\\/\"},\"sameAs\":[\"https:\\\/\\\/www.facebook.com\\\/whistlelink\\\/\",\"https:\\\/\\\/www.linkedin.com\\\/company\\\/whistlelink\\\/\",\"https:\\\/\\\/vimeo.com\\\/user152082481\"]}]}<\/script>\n<!-- \/ Yoast SEO Premium plugin. -->","yoast_head_json":{"title":"The system for simple, secure and compliant whistleblowing","description":"A secure and compliant whistleblowing system with anonymous reporting & simple case management in just 10 minutes. Try Whistlelink for free.","robots":{"index":"index","follow":"follow","max-snippet":"max-snippet:-1","max-image-preview":"max-image-preview:large","max-video-preview":"max-video-preview:-1"},"canonical":"https:\/\/www.whistlelink.com\/ro\/recomandare-partener\/","og_locale":"ro_RO","og_type":"article","og_title":"Recomandare Partener","og_description":"A secure and compliant whistleblowing system with anonymous reporting & simple case management in just 10 minutes. Try Whistlelink for free.","og_url":"https:\/\/www.whistlelink.com\/ro\/recomandare-partener\/","og_site_name":"Whistlelink","article_publisher":"https:\/\/www.facebook.com\/whistlelink\/","article_modified_time":"2023-03-03T08:13:45+00:00","og_image":[{"url":"https:\/\/www.whistlelink.com\/wp-content\/uploads\/2022\/11\/landing_pageHero_rom-1.png","type":"","width":"","height":""}],"twitter_card":"summary_large_image","twitter_misc":{"Timp estimat pentru citire":"1 minut"},"schema":{"@context":"https:\/\/schema.org","@graph":[{"@type":"WebPage","@id":"https:\/\/www.whistlelink.com\/ro\/recomandare-partener\/","url":"https:\/\/www.whistlelink.com\/ro\/recomandare-partener\/","name":"The system for simple, secure and compliant whistleblowing","isPartOf":{"@id":"https:\/\/www.whistlelink.com\/ro\/#website"},"primaryImageOfPage":{"@id":"https:\/\/www.whistlelink.com\/ro\/recomandare-partener\/#primaryimage"},"image":{"@id":"https:\/\/www.whistlelink.com\/ro\/recomandare-partener\/#primaryimage"},"thumbnailUrl":"https:\/\/www.whistlelink.com\/wp-content\/uploads\/2022\/11\/landing_pageHero_rom-1.png","datePublished":"2022-11-13T21:20:55+00:00","dateModified":"2023-03-03T08:13:45+00:00","description":"A secure and compliant whistleblowing system with anonymous reporting & simple case management in just 10 minutes. Try Whistlelink for free.","breadcrumb":{"@id":"https:\/\/www.whistlelink.com\/ro\/recomandare-partener\/#breadcrumb"},"inLanguage":"ro-RO","potentialAction":[{"@type":"ReadAction","target":["https:\/\/www.whistlelink.com\/ro\/recomandare-partener\/"]}]},{"@type":"ImageObject","inLanguage":"ro-RO","@id":"https:\/\/www.whistlelink.com\/ro\/recomandare-partener\/#primaryimage","url":"https:\/\/www.whistlelink.com\/wp-content\/uploads\/2022\/11\/landing_pageHero_rom-1.png","contentUrl":"https:\/\/www.whistlelink.com\/wp-content\/uploads\/2022\/11\/landing_pageHero_rom-1.png"},{"@type":"BreadcrumbList","@id":"https:\/\/www.whistlelink.com\/ro\/recomandare-partener\/#breadcrumb","itemListElement":[{"@type":"ListItem","position":1,"name":"Home","item":"https:\/\/www.whistlelink.com\/ro\/"},{"@type":"ListItem","position":2,"name":"Recomandare Partener"}]},{"@type":"WebSite","@id":"https:\/\/www.whistlelink.com\/ro\/#website","url":"https:\/\/www.whistlelink.com\/ro\/","name":"Whistlelink","description":"A trusted provider of secure whistleblowing solutions.","publisher":{"@id":"https:\/\/www.whistlelink.com\/ro\/#organization"},"potentialAction":[{"@type":"SearchAction","target":{"@type":"EntryPoint","urlTemplate":"https:\/\/www.whistlelink.com\/ro\/?s={search_term_string}"},"query-input":{"@type":"PropertyValueSpecification","valueRequired":true,"valueName":"search_term_string"}}],"inLanguage":"ro-RO"},{"@type":"Organization","@id":"https:\/\/www.whistlelink.com\/ro\/#organization","name":"Whistlelink","url":"https:\/\/www.whistlelink.com\/ro\/","logo":{"@type":"ImageObject","inLanguage":"ro-RO","@id":"https:\/\/www.whistlelink.com\/ro\/#\/schema\/logo\/image\/","url":"https:\/\/www.whistlelink.com\/wp-content\/uploads\/2021\/07\/WhistlelinkLogoEmail.png","contentUrl":"https:\/\/www.whistlelink.com\/wp-content\/uploads\/2021\/07\/WhistlelinkLogoEmail.png","width":704,"height":75,"caption":"Whistlelink"},"image":{"@id":"https:\/\/www.whistlelink.com\/ro\/#\/schema\/logo\/image\/"},"sameAs":["https:\/\/www.facebook.com\/whistlelink\/","https:\/\/www.linkedin.com\/company\/whistlelink\/","https:\/\/vimeo.com\/user152082481"]}]}},"_links":{"self":[{"href":"https:\/\/www.whistlelink.com\/ro\/wp-json\/wp\/v2\/pages\/42065","targetHints":{"allow":["GET"]}}],"collection":[{"href":"https:\/\/www.whistlelink.com\/ro\/wp-json\/wp\/v2\/pages"}],"about":[{"href":"https:\/\/www.whistlelink.com\/ro\/wp-json\/wp\/v2\/types\/page"}],"author":[{"embeddable":true,"href":"https:\/\/www.whistlelink.com\/ro\/wp-json\/wp\/v2\/users\/9"}],"replies":[{"embeddable":true,"href":"https:\/\/www.whistlelink.com\/ro\/wp-json\/wp\/v2\/comments?post=42065"}],"version-history":[{"count":3,"href":"https:\/\/www.whistlelink.com\/ro\/wp-json\/wp\/v2\/pages\/42065\/revisions"}],"predecessor-version":[{"id":47786,"href":"https:\/\/www.whistlelink.com\/ro\/wp-json\/wp\/v2\/pages\/42065\/revisions\/47786"}],"wp:attachment":[{"href":"https:\/\/www.whistlelink.com\/ro\/wp-json\/wp\/v2\/media?parent=42065"}],"curies":[{"name":"wp","href":"https:\/\/api.w.org\/{rel}","templated":true}]}}