{"id":50212,"date":"2021-01-19T11:50:01","date_gmt":"2021-01-19T10:50:01","guid":{"rendered":"https:\/\/www.whistlelink.com\/?page_id=50212"},"modified":"2025-10-10T13:57:52","modified_gmt":"2025-10-10T12:57:52","slug":"contract-de-prelucrare-a-datelor","status":"publish","type":"page","link":"https:\/\/www.whistlelink.com\/ro\/contract-de-prelucrare-a-datelor\/","title":{"rendered":"CONTRACT DE PRELUCRARE A DATELOR\u00a0\u00a0\u00a0\u00a0\u00a0\u00a0\u00a0\u00a0"},"content":{"rendered":"\t\t<div data-elementor-type=\"wp-page\" data-elementor-id=\"50212\" class=\"elementor elementor-50212 elementor-2388\" data-elementor-post-type=\"page\">\n\t\t\t\t\t\t<section class=\"elementor-section elementor-top-section elementor-element elementor-element-d34bea1 elementor-section-boxed elementor-section-height-default elementor-section-height-default\" data-id=\"d34bea1\" data-element_type=\"section\" data-e-type=\"section\">\n\t\t\t\t\t\t<div class=\"elementor-container elementor-column-gap-default\">\n\t\t\t\t\t<div class=\"elementor-column elementor-col-100 elementor-top-column elementor-element elementor-element-925f61b\" data-id=\"925f61b\" data-element_type=\"column\" data-e-type=\"column\">\n\t\t\t<div class=\"elementor-widget-wrap elementor-element-populated\">\n\t\t\t\t\t\t<div class=\"elementor-element elementor-element-c8ddf39 elementor-widget elementor-widget-heading\" data-id=\"c8ddf39\" data-element_type=\"widget\" data-e-type=\"widget\" data-widget_type=\"heading.default\">\n\t\t\t\t<div class=\"elementor-widget-container\">\n\t\t\t\t\t<h1 class=\"elementor-heading-title elementor-size-default\">CONTRACT DE PRELUCRARE A DATELOR\u00a0\u00a0\u00a0\u00a0\u00a0\u00a0\u00a0\u00a0<\/h1>\t\t\t\t<\/div>\n\t\t\t\t<\/div>\n\t\t\t\t\t<\/div>\n\t\t<\/div>\n\t\t\t\t\t<\/div>\n\t\t<\/section>\n\t\t\t\t<section class=\"elementor-section elementor-top-section elementor-element elementor-element-194b483 elementor-section-boxed elementor-section-height-default elementor-section-height-default\" data-id=\"194b483\" data-element_type=\"section\" data-e-type=\"section\">\n\t\t\t\t\t\t<div class=\"elementor-container elementor-column-gap-default\">\n\t\t\t\t\t<div class=\"elementor-column elementor-col-100 elementor-top-column elementor-element elementor-element-3e6ef9a\" data-id=\"3e6ef9a\" data-element_type=\"column\" data-e-type=\"column\">\n\t\t\t<div class=\"elementor-widget-wrap elementor-element-populated\">\n\t\t\t\t\t\t<div class=\"elementor-element elementor-element-7ca422b elementor-widget elementor-widget-text-editor\" data-id=\"7ca422b\" data-element_type=\"widget\" data-e-type=\"widget\" data-widget_type=\"text-editor.default\">\n\t\t\t\t<div class=\"elementor-widget-container\">\n\t\t\t\t\t\t\t\t\t<p><em>Prezentul Contract de prelucrare a datelor (<strong>\u201eContractul de prelucrare\u201d)<\/strong> reglementeaz\u0103 prelucrarea datelor cu caracter personal rezultate din utilizarea de c\u0103tre Client a platformei Whistlelink \u00een conformitate cu Contractul, prin urmare face parte integral\u0103 din Contract. Datele cu caracter personal pe care Clientul le introduce \u00een Whistlelink sunt criptate, iar Noi nu avem acces la informa\u021bii; tot ceea ce facem este s\u0103 le stoc\u0103m pe serverele noastre \u0219i, \u00een cazuri excep\u021bionale, este posibil s\u0103 acord\u0103m asisten\u021b\u0103 Clientului \u00een aspecte administrative. Stocarea informa\u021biilor \u00eenseamn\u0103 c\u0103, \u00een conformitate cu Regulamentul general privind protec\u021bia datelor cu caracter personal (2016\/679) (\u201eRGPD\u201d), se consider\u0103 c\u0103 prelucr\u0103m datele cu caracter personal \u00een numele Clientului \u0219i, prin urmare, suntem un procesator de date pentru Client \u00een calitatea sa de controlor. Termenii din prezentul Contract de prelucrare a datelor vor fi interpreta\u021bi \u00een conformitate cu RGPD, precum \u0219i cu modific\u0103rile locale \u0219i reglement\u0103rile aplicabile privind protec\u021bia datelor (<strong>\u201eRegulamentul privind protec\u021bia datelor\u201d<\/strong>). Termenii din Contractul de prelucrare a datelor vor avea \u00een\u021belesul care apare \u00een principal \u00een Regulamentul privind protec\u021bia datelor, precum \u0219i \u00een Contract, except\u00e2nd cazul \u00een care circumstan\u021bele impun altceva \u00een mod clar.<\/em><\/p>\t\t\t\t\t\t\t\t<\/div>\n\t\t\t\t<\/div>\n\t\t\t\t<div class=\"elementor-element elementor-element-54bf012 elementor-widget elementor-widget-text-editor\" data-id=\"54bf012\" data-element_type=\"widget\" data-e-type=\"widget\" data-widget_type=\"text-editor.default\">\n\t\t\t\t<div class=\"elementor-widget-container\">\n\t\t\t\t\t\t\t\t\t<h5>1.\u00a0 \u00a0 \u00a0Responsabilitate \u0219i instruc\u021biuni<\/h5><p>1.1 Tipul de date \u0219i categoriile de subiec\u021bi ai datelor prelucrate \u00een baza prezentului Contract de prelucrare de c\u0103tre Procesator \u00een leg\u0103tur\u0103 cu furnizarea platformei Whistlelink de c\u0103tre Procesator, precum \u0219i scopul, natura, durata \u0219i obiectul prelucr\u0103rii se men\u021bioneaz\u0103 la Sec\u021biunea 5. Clientul se va asigura c\u0103 Procesatorul nu prelucreaz\u0103 categorii de date \u00een plus fa\u021b\u0103 de cele specificate la Sec\u021biunea 5.<\/p><p>1.2 Clientul cunoa\u0219te faptul c\u0103 Whistlelink este o platform\u0103 distribuit\u0103 unui num\u0103r mare de clien\u021bi \u0219i c\u0103, din acest motiv, nu vom putea s\u0103 respect\u0103m neap\u0103rat instruc\u021biunile care nu rezult\u0103 direct din nevoia Clientului de a respecta Regulamentul privind protec\u021bia datelor. \u00cen cazul \u00een care Clientul ne d\u0103 instruc\u021biuni pe care nu avem posibilitatea de a le respecta, Clientul se angajeaz\u0103 s\u0103 nu mai introduc\u0103 \u0219i s\u0103 nu mai exporte Datele Clientului afectate de instruc\u021biunile respective. M\u0103surile de mai sus nu vor reprezenta o \u00eenc\u0103lcare a contractului sau disponibilitatea platformei Whistlelink.<\/p><p>1.3 Clientul este controlorul tuturor datelor cu caracter personal pe care Procesatorul le prelucreaz\u0103 \u00een numele s\u0103u \u00een baza Contractului de prelucrare a datelor. Astfel, Clientul este responsabil pentru conformitatea cu Regulamentul de protec\u021bie a datelor \u0219i se angajeaz\u0103 s\u0103 respecte instruc\u021biunile de utilizare a platformei Whistlelink valabile \u00een orice moment \u0219i legisla\u021bia aplicabil\u0103 pentru gestionarea informatorilor.<\/p><p>1.4 Prin \u00eencheierea acestui Contract, Clientul este de acord cu m\u0103surile de securitate stabilite \u00een cadrul actual de m\u0103suri <a href=\"https:\/\/www.whistlelink.com\/ro\/measures\/\">administrative \u0219i tehnice care se aplic\u0103 pentru platforma Whistlelink<\/a>, adecvate pentru utilizarea prev\u0103zut\u0103 de c\u0103tre Client a platformei Whistlelink.<\/p><h5>2.\u00a0 \u00a0 \u00a0Angajamentul Procesatorului<\/h5><p>2.1 Procesatorul se angajeaz\u0103:<\/p><ol><li>s\u0103 aplice m\u0103surile adecvate de securitate tehnic\u0103 \u0219i administrativ\u0103 \u0219i s\u0103 ia m\u0103surile de securitate stabilite \u00een cadrul actual de m\u0103suri administrative \u0219i tehnice care se aplic\u0103 pentru platforma Whistlelink, a\u0219a cum apar la whistlelink.com\/measures \u0219i \u00een Articolul 32 al RGPD, pentru a proteja datele prelucrate \u00een baza Contractului; de asemenea, se angajeaz\u0103 s\u0103 respecte obliga\u021bia de confiden\u021bialitate impus\u0103 pentru angaja\u021bii Procesatorului care au autoritatea de a prelucra datele respective;<\/li><li>s\u0103 asiste Clientul cu privire la respectarea cerin\u021belor de securitate prev\u0103zute la Articolele 32 \u2013 36 din RGPD (cum ar fi m\u0103surile tehnice \u0219i administrative, transmiterea f\u0103r\u0103 \u00eent\u00e2rziere c\u0103tre Client a notific\u0103rilor \u0219i inform\u0103rilor referitoare la \u00eenc\u0103lcarea prevederilor privind datele cu caracter personal, evaluarea consecin\u021belor \u0219i consilierea anterioar\u0103) \u0219i cu privire la respectarea obliga\u021biilor Clientului referitoare la drepturile individuale prev\u0103zute la Capitolul III din RGPD (precum dreptul la informare, dreptul la accesarea, corectarea, \u0219tergerea \u0219i limitarea prelucr\u0103rii datelor, dreptul la portabilitatea datelor, dreptul la formularea obiec\u021biilor fa\u021b\u0103 de luarea automat\u0103 a deciziilor);<\/li><li>s\u0103 acorde Clientului dreptul de a primi informa\u021bii de la Procesator pentru a verifica m\u0103surile luate de Procesator \u00een conformitate cu prezentul contract. Procesatorul va facilita \u0219i va participa la anchetele (\u0219i inspec\u021biile) desf\u0103\u0219urate de Client sau de un auditor care desf\u0103\u0219oar\u0103 anchetele \u00een numele Clientului. Procesatorul se va adresa Clientului ale c\u0103rui date cu caracter personal le prelucreaz\u0103, autorit\u0103\u021bii de supraveghere sau altei ter\u021be p\u0103r\u021bi care solicit\u0103 informa\u021bii de la Procesator cu privire la prelucrarea datelor cu caracter personal. Procesatorul va informa imediat Clientul cu privire la orice contact al autorit\u0103\u021bii de supraveghere care vizeaz\u0103 sau care poate fi important pentru prelucrarea datelor cu caracter personal,<\/li><li>\u00een func\u021bie de op\u021biunea Clientului; \u0219tergerea, anonimizarea sau returnarea tuturor datelor cu caracter personal c\u0103tre Client la \u00eencetarea Contractului, indiferent de motiv, \u0219i \u0219tergerea tuturor copiilor care nu trebuie s\u0103 fie p\u0103strate, conform Legii privind protec\u021bia datelor cu caracter personal,<\/li><li>asigurarea accesului Clientului la aceste informa\u021bii dup\u0103 cum este necesar astfel \u00eenc\u00e2t Clientul s\u0103-\u0219i poat\u0103 \u00eendeplini obliga\u021biile \u00een calitate de controlor fa\u021b\u0103 de autoritatea de supraveghere \u0219i\/sau de alte p\u0103r\u021bi,<\/li><li>netransferarea datelor c\u0103tre ter\u021be \u021b\u0103ri sau c\u0103tre o organiza\u021bie interna\u021bional\u0103, dec\u00e2t dac\u0103 acest lucru este impus prin Legea privind protec\u021bia datelor cu caracter personal, caz \u00een care Procesatorul va informa Clientul imediat, except\u00e2nd situa\u021bia \u00een care se interzice informarea Clientului.<\/li><\/ol><p>2.2 \u00cen plus, Procesatorul se angajeaz\u0103 s\u0103 prelucreze datele \u00een conformitate cu Regulamentul privind protec\u021bia datelor cu caracter personal. Aceast\u0103 m\u0103sur\u0103 include, dar nu se limiteaz\u0103 la, p\u0103strarea unui registru cu toate categoriile de prelucr\u0103ri de date efectuate, trimiterea unui extras cu prelucr\u0103rile realizate la solicitarea Clientului \u0219i informarea f\u0103r\u0103 \u00eent\u00e2rziere a Clientului \u00een cazul \u00een care Procesatorul b\u0103nuie\u0219te c\u0103 exist\u0103 un risc de \u00eenc\u0103lcare a drepturilor \u0219i libert\u0103\u021bilor persoanelor.<\/p><h5>3.\u00a0 \u00a0 \u00a0Subprocesatorii \u0219i transferul c\u0103tre ter\u021be \u021b\u0103ri<\/h5><p>3.1 Cu condi\u021bia ca Procesatorul (i) s\u0103 informeze Controlorul de planurile sale la timp, \u0219i tin\u00e2nd cont de dreptul Controlorului de a obiecta, Procesatorul de\u021bine o autoriza\u021bie general\u0103 de a angaja subprocesatori pentru prelucrarea datelor \u00een numele Clientului, pentru care Procesatorul va fi pe deplin responsabil fa\u021b\u0103 de Client.<\/p><p>3.2 Cu condi\u021bia ca Procesatorul (i) s\u0103 informeze Controlorul de planurile sale cu 30 de zile \u00een avans, \u0219i tin\u00e2nd cont de dreptul Controlorului de a obiecta \u0219i (ii) aplicarea unor reguli \u0219i mecanisme de Protec\u021bie a Datelor suficiente \u0219i adecvate, Procesatorul ar putea transfera Date Personale \u00eenafara UE\/<\/p><p>3.3 Prin \u00eencheierea acestui Contract, Clientul aprob\u0103 subprocesatorii de la Sec\u021biunea 5.<\/p><h5>4.\u00a0 \u00a0 \u00a0Diverse<\/h5><p>4.1 Prevederile din Contract se vor aplica \u0219i prezentului Contract de prelucrare a datelor. \u00cen cazul unui conflict \u00eentre Contract \u0219i prezentul Contract de prelucrare a datelor, va prevala Contractul de prelucrare a datelor.<\/p><h5>5.\u00a0 \u00a0 \u00a0Instruc\u021biuni<\/h5><p>5.1 Prezenta Sec\u021biune 5 con\u021bine instruc\u021biunile ini\u021biale ale Clientului pentru Procesator \u0219i, \u00een baza Sec\u021biunii 2, alte instruc\u021biuni se pot ad\u0103uga ulterior.<\/p><p>5.2<em> Categoriile de subiec\u021bi ai datelor<\/em> Toate persoanele care pot fi men\u021bionate \u00eentr-un proces de informare din Whistlelink, inclusiv informatorul, dac\u0103 acesta nu dore\u0219te s\u0103 r\u0103m\u00e2n\u0103 anonim, \u0219i persoana raportat\u0103.<\/p><p>5.3 <em>Scopul, natura \u0219i obiectul prelucr\u0103rii datelor; categoriile de date cu caracter personal.<\/em> Av\u00e2nd \u00een vedere func\u021bia principal\u0103 a Procesatorului, scopul platformei Whistlelink \u0219i constituirea Procesatorului \u00een mod special pentru stocarea Datelor Clientului care pot include date cu caracter personal, categoriile de date cu caracter personal includ toate categoriile de date care pot s\u0103 apar\u0103 \u00een contextul unui proces de informare, inclusiv date sensibile \u0219i presupuse \u00eenc\u0103lc\u0103ri ale legisla\u021biei.<\/p><p>5.4 <em>Stocarea datelor.<\/em> \u00cemputernicitul va p\u0103stra datele tuturor cazurilor raportate pentru perioada stabilit\u0103 de client \u00een sistem.<\/p><p>5.5\u00a0 <em>Subprocesatorii.<\/em> La data \u00eencheierii prezentului Contract, Procesatorul de\u021bine urm\u0103torii subprocesatori, care, \u00een conformitate cu Sec\u021biunea 3, se pot modifica:<\/p><ul><li>Sub-Imputernici\u021bi: Swerolab AB (Suedia), SMSAPI (Polonia), Brevo (Fran\u021ba), OPSWAT (Germania), Glesys (Suedia), T-Systems International (Germania), Friendly Captcha (Germania), DeepL (Germania), Mistral AI (Fran\u021ba).<\/li><\/ul><p>5.6 <em>Transferurile c\u0103tre ter\u021be \u021b\u0103ri.<\/em> Ca o concluzie a prezentului Contract, Procesatorul nu de\u021bine transferuri \u00een afara UE\/SEE, aspect care, \u00een conformitate cu Sec\u021biunea 3, se poate modifica:<\/p><ul><li>Transferuri \u00een afara UE\/SEE: niciunul.<\/li><\/ul>\t\t\t\t\t\t\t\t<\/div>\n\t\t\t\t<\/div>\n\t\t\t\t\t<\/div>\n\t\t<\/div>\n\t\t\t\t\t<\/div>\n\t\t<\/section>\n\t\t\t\t<\/div>\n\t\t","protected":false},"excerpt":{"rendered":"<p>Prezentul Contract de prelucrare a datelor (\u201eContractul de prelucrare\u201d) reglementeaz\u0103 prelucrarea datelor cu caracter personal rezultate din utilizarea de c\u0103tre Client a platformei Whistlelink \u00een conformitate cu Contractul, prin urmare face parte integral\u0103 din Contract. Datele cu caracter personal pe care Clientul le introduce \u00een Whistlelink sunt criptate, iar Noi nu avem acces la informa\u021bii; [&hellip;]<\/p>\n","protected":false},"author":11,"featured_media":0,"parent":0,"menu_order":0,"comment_status":"closed","ping_status":"closed","template":"","meta":{"footnotes":""},"class_list":["post-50212","page","type-page","status-publish","hentry"],"yoast_head":"<!-- This site is optimized with the Yoast SEO Premium plugin v27.3 (Yoast SEO v27.3) - https:\/\/yoast.com\/product\/yoast-seo-premium-wordpress\/ -->\n<title>CONTRACT DE PRELUCRARE A DATELOR\u00a0\u00a0\u00a0\u00a0\u00a0\u00a0\u00a0\u00a0 - Whistlelink<\/title>\n<meta name=\"robots\" content=\"index, follow, max-snippet:-1, max-image-preview:large, max-video-preview:-1\" \/>\n<link rel=\"canonical\" href=\"https:\/\/www.whistlelink.com\/ro\/contract-de-prelucrare-a-datelor\/\" \/>\n<meta property=\"og:locale\" content=\"ro_RO\" \/>\n<meta property=\"og:type\" content=\"article\" \/>\n<meta property=\"og:title\" content=\"CONTRACT DE PRELUCRARE A DATELOR\u00a0\u00a0\u00a0\u00a0\u00a0\u00a0\u00a0\u00a0\" \/>\n<meta property=\"og:description\" content=\"Prezentul Contract de prelucrare a datelor (\u201eContractul de prelucrare\u201d) reglementeaz\u0103 prelucrarea datelor cu caracter personal rezultate din utilizarea de c\u0103tre Client a platformei Whistlelink \u00een conformitate cu Contractul, prin urmare face parte integral\u0103 din Contract. Datele cu caracter personal pe care Clientul le introduce \u00een Whistlelink sunt criptate, iar Noi nu avem acces la informa\u021bii; [&hellip;]\" \/>\n<meta property=\"og:url\" content=\"https:\/\/www.whistlelink.com\/ro\/contract-de-prelucrare-a-datelor\/\" \/>\n<meta property=\"og:site_name\" content=\"Whistlelink\" \/>\n<meta property=\"article:publisher\" content=\"https:\/\/www.facebook.com\/whistlelink\/\" \/>\n<meta property=\"article:modified_time\" content=\"2025-10-10T12:57:52+00:00\" \/>\n<meta name=\"twitter:card\" content=\"summary_large_image\" \/>\n<meta name=\"twitter:label1\" content=\"Timp estimat pentru citire\" \/>\n\t<meta name=\"twitter:data1\" content=\"7 minute\" \/>\n<script type=\"application\/ld+json\" class=\"yoast-schema-graph\">{\"@context\":\"https:\\\/\\\/schema.org\",\"@graph\":[{\"@type\":\"WebPage\",\"@id\":\"https:\\\/\\\/www.whistlelink.com\\\/ro\\\/contract-de-prelucrare-a-datelor\\\/\",\"url\":\"https:\\\/\\\/www.whistlelink.com\\\/ro\\\/contract-de-prelucrare-a-datelor\\\/\",\"name\":\"CONTRACT DE PRELUCRARE A DATELOR\u00a0\u00a0\u00a0\u00a0\u00a0\u00a0\u00a0\u00a0 - Whistlelink\",\"isPartOf\":{\"@id\":\"https:\\\/\\\/www.whistlelink.com\\\/ro\\\/#website\"},\"datePublished\":\"2021-01-19T10:50:01+00:00\",\"dateModified\":\"2025-10-10T12:57:52+00:00\",\"breadcrumb\":{\"@id\":\"https:\\\/\\\/www.whistlelink.com\\\/ro\\\/contract-de-prelucrare-a-datelor\\\/#breadcrumb\"},\"inLanguage\":\"ro-RO\",\"potentialAction\":[{\"@type\":\"ReadAction\",\"target\":[\"https:\\\/\\\/www.whistlelink.com\\\/ro\\\/contract-de-prelucrare-a-datelor\\\/\"]}]},{\"@type\":\"BreadcrumbList\",\"@id\":\"https:\\\/\\\/www.whistlelink.com\\\/ro\\\/contract-de-prelucrare-a-datelor\\\/#breadcrumb\",\"itemListElement\":[{\"@type\":\"ListItem\",\"position\":1,\"name\":\"Home\",\"item\":\"https:\\\/\\\/www.whistlelink.com\\\/ro\\\/\"},{\"@type\":\"ListItem\",\"position\":2,\"name\":\"CONTRACT DE PRELUCRARE A DATELOR\u00a0\u00a0\u00a0\u00a0\u00a0\u00a0\u00a0\u00a0\"}]},{\"@type\":\"WebSite\",\"@id\":\"https:\\\/\\\/www.whistlelink.com\\\/ro\\\/#website\",\"url\":\"https:\\\/\\\/www.whistlelink.com\\\/ro\\\/\",\"name\":\"Whistlelink\",\"description\":\"A trusted provider of secure whistleblowing solutions.\",\"publisher\":{\"@id\":\"https:\\\/\\\/www.whistlelink.com\\\/ro\\\/#organization\"},\"potentialAction\":[{\"@type\":\"SearchAction\",\"target\":{\"@type\":\"EntryPoint\",\"urlTemplate\":\"https:\\\/\\\/www.whistlelink.com\\\/ro\\\/?s={search_term_string}\"},\"query-input\":{\"@type\":\"PropertyValueSpecification\",\"valueRequired\":true,\"valueName\":\"search_term_string\"}}],\"inLanguage\":\"ro-RO\"},{\"@type\":\"Organization\",\"@id\":\"https:\\\/\\\/www.whistlelink.com\\\/ro\\\/#organization\",\"name\":\"Whistlelink\",\"url\":\"https:\\\/\\\/www.whistlelink.com\\\/ro\\\/\",\"logo\":{\"@type\":\"ImageObject\",\"inLanguage\":\"ro-RO\",\"@id\":\"https:\\\/\\\/www.whistlelink.com\\\/ro\\\/#\\\/schema\\\/logo\\\/image\\\/\",\"url\":\"https:\\\/\\\/www.whistlelink.com\\\/wp-content\\\/uploads\\\/2021\\\/07\\\/WhistlelinkLogoEmail.png\",\"contentUrl\":\"https:\\\/\\\/www.whistlelink.com\\\/wp-content\\\/uploads\\\/2021\\\/07\\\/WhistlelinkLogoEmail.png\",\"width\":704,\"height\":75,\"caption\":\"Whistlelink\"},\"image\":{\"@id\":\"https:\\\/\\\/www.whistlelink.com\\\/ro\\\/#\\\/schema\\\/logo\\\/image\\\/\"},\"sameAs\":[\"https:\\\/\\\/www.facebook.com\\\/whistlelink\\\/\",\"https:\\\/\\\/www.linkedin.com\\\/company\\\/whistlelink\\\/\",\"https:\\\/\\\/vimeo.com\\\/user152082481\"]}]}<\/script>\n<!-- \/ Yoast SEO Premium plugin. -->","yoast_head_json":{"title":"CONTRACT DE PRELUCRARE A DATELOR\u00a0\u00a0\u00a0\u00a0\u00a0\u00a0\u00a0\u00a0 - Whistlelink","robots":{"index":"index","follow":"follow","max-snippet":"max-snippet:-1","max-image-preview":"max-image-preview:large","max-video-preview":"max-video-preview:-1"},"canonical":"https:\/\/www.whistlelink.com\/ro\/contract-de-prelucrare-a-datelor\/","og_locale":"ro_RO","og_type":"article","og_title":"CONTRACT DE PRELUCRARE A DATELOR\u00a0\u00a0\u00a0\u00a0\u00a0\u00a0\u00a0\u00a0","og_description":"Prezentul Contract de prelucrare a datelor (\u201eContractul de prelucrare\u201d) reglementeaz\u0103 prelucrarea datelor cu caracter personal rezultate din utilizarea de c\u0103tre Client a platformei Whistlelink \u00een conformitate cu Contractul, prin urmare face parte integral\u0103 din Contract. Datele cu caracter personal pe care Clientul le introduce \u00een Whistlelink sunt criptate, iar Noi nu avem acces la informa\u021bii; [&hellip;]","og_url":"https:\/\/www.whistlelink.com\/ro\/contract-de-prelucrare-a-datelor\/","og_site_name":"Whistlelink","article_publisher":"https:\/\/www.facebook.com\/whistlelink\/","article_modified_time":"2025-10-10T12:57:52+00:00","twitter_card":"summary_large_image","twitter_misc":{"Timp estimat pentru citire":"7 minute"},"schema":{"@context":"https:\/\/schema.org","@graph":[{"@type":"WebPage","@id":"https:\/\/www.whistlelink.com\/ro\/contract-de-prelucrare-a-datelor\/","url":"https:\/\/www.whistlelink.com\/ro\/contract-de-prelucrare-a-datelor\/","name":"CONTRACT DE PRELUCRARE A DATELOR\u00a0\u00a0\u00a0\u00a0\u00a0\u00a0\u00a0\u00a0 - Whistlelink","isPartOf":{"@id":"https:\/\/www.whistlelink.com\/ro\/#website"},"datePublished":"2021-01-19T10:50:01+00:00","dateModified":"2025-10-10T12:57:52+00:00","breadcrumb":{"@id":"https:\/\/www.whistlelink.com\/ro\/contract-de-prelucrare-a-datelor\/#breadcrumb"},"inLanguage":"ro-RO","potentialAction":[{"@type":"ReadAction","target":["https:\/\/www.whistlelink.com\/ro\/contract-de-prelucrare-a-datelor\/"]}]},{"@type":"BreadcrumbList","@id":"https:\/\/www.whistlelink.com\/ro\/contract-de-prelucrare-a-datelor\/#breadcrumb","itemListElement":[{"@type":"ListItem","position":1,"name":"Home","item":"https:\/\/www.whistlelink.com\/ro\/"},{"@type":"ListItem","position":2,"name":"CONTRACT DE PRELUCRARE A DATELOR\u00a0\u00a0\u00a0\u00a0\u00a0\u00a0\u00a0\u00a0"}]},{"@type":"WebSite","@id":"https:\/\/www.whistlelink.com\/ro\/#website","url":"https:\/\/www.whistlelink.com\/ro\/","name":"Whistlelink","description":"A trusted provider of secure whistleblowing solutions.","publisher":{"@id":"https:\/\/www.whistlelink.com\/ro\/#organization"},"potentialAction":[{"@type":"SearchAction","target":{"@type":"EntryPoint","urlTemplate":"https:\/\/www.whistlelink.com\/ro\/?s={search_term_string}"},"query-input":{"@type":"PropertyValueSpecification","valueRequired":true,"valueName":"search_term_string"}}],"inLanguage":"ro-RO"},{"@type":"Organization","@id":"https:\/\/www.whistlelink.com\/ro\/#organization","name":"Whistlelink","url":"https:\/\/www.whistlelink.com\/ro\/","logo":{"@type":"ImageObject","inLanguage":"ro-RO","@id":"https:\/\/www.whistlelink.com\/ro\/#\/schema\/logo\/image\/","url":"https:\/\/www.whistlelink.com\/wp-content\/uploads\/2021\/07\/WhistlelinkLogoEmail.png","contentUrl":"https:\/\/www.whistlelink.com\/wp-content\/uploads\/2021\/07\/WhistlelinkLogoEmail.png","width":704,"height":75,"caption":"Whistlelink"},"image":{"@id":"https:\/\/www.whistlelink.com\/ro\/#\/schema\/logo\/image\/"},"sameAs":["https:\/\/www.facebook.com\/whistlelink\/","https:\/\/www.linkedin.com\/company\/whistlelink\/","https:\/\/vimeo.com\/user152082481"]}]}},"_links":{"self":[{"href":"https:\/\/www.whistlelink.com\/ro\/wp-json\/wp\/v2\/pages\/50212","targetHints":{"allow":["GET"]}}],"collection":[{"href":"https:\/\/www.whistlelink.com\/ro\/wp-json\/wp\/v2\/pages"}],"about":[{"href":"https:\/\/www.whistlelink.com\/ro\/wp-json\/wp\/v2\/types\/page"}],"author":[{"embeddable":true,"href":"https:\/\/www.whistlelink.com\/ro\/wp-json\/wp\/v2\/users\/11"}],"replies":[{"embeddable":true,"href":"https:\/\/www.whistlelink.com\/ro\/wp-json\/wp\/v2\/comments?post=50212"}],"version-history":[{"count":38,"href":"https:\/\/www.whistlelink.com\/ro\/wp-json\/wp\/v2\/pages\/50212\/revisions"}],"predecessor-version":[{"id":92100,"href":"https:\/\/www.whistlelink.com\/ro\/wp-json\/wp\/v2\/pages\/50212\/revisions\/92100"}],"wp:attachment":[{"href":"https:\/\/www.whistlelink.com\/ro\/wp-json\/wp\/v2\/media?parent=50212"}],"curies":[{"name":"wp","href":"https:\/\/api.w.org\/{rel}","templated":true}]}}