{"id":10817,"date":"2021-04-16T10:03:45","date_gmt":"2021-04-16T09:03:45","guid":{"rendered":"https:\/\/www.whistlelink.com\/?page_id=10817"},"modified":"2023-10-25T14:36:15","modified_gmt":"2023-10-25T14:36:15","slug":"anvandarguide","status":"publish","type":"page","link":"https:\/\/www.whistlelink.com\/sv\/anvandarguide\/","title":{"rendered":"Step by Step &#8211; Implementera och informera"},"content":{"rendered":"\t\t<div data-elementor-type=\"wp-page\" data-elementor-id=\"10817\" class=\"elementor elementor-10817 elementor-7216\" data-elementor-post-type=\"page\">\n\t\t\t\t\t\t<section class=\"elementor-section elementor-top-section elementor-element elementor-element-84d1926 elementor-section-boxed elementor-section-height-default elementor-section-height-default\" data-id=\"84d1926\" data-element_type=\"section\" data-e-type=\"section\" data-settings=\"{&quot;background_background&quot;:&quot;classic&quot;}\">\n\t\t\t\t\t\t\t<div class=\"elementor-background-overlay\"><\/div>\n\t\t\t\t\t\t\t<div class=\"elementor-container elementor-column-gap-default\">\n\t\t\t\t\t<div class=\"elementor-column elementor-col-100 elementor-top-column elementor-element elementor-element-32832c7\" data-id=\"32832c7\" data-element_type=\"column\" data-e-type=\"column\">\n\t\t\t<div class=\"elementor-widget-wrap elementor-element-populated\">\n\t\t\t\t\t\t<div class=\"elementor-element elementor-element-5afc234 elementor-widget elementor-widget-jet-headline\" data-id=\"5afc234\" data-element_type=\"widget\" data-e-type=\"widget\" data-widget_type=\"jet-headline.default\">\n\t\t\t\t<div class=\"elementor-widget-container\">\n\t\t\t\t\t<h2 class=\"jet-headline jet-headline--direction-vertical\"><span class=\"jet-headline__part jet-headline__first\"><span class=\"jet-headline__label\">SNABBGUIDE<\/span><\/span><span class=\"jet-headline__part jet-headline__second\"><span class=\"jet-headline__label\">Implementera och informera om din visselbl\u00e5sarl\u00f6sning<\/span><\/span><\/h2>\t\t\t\t<\/div>\n\t\t\t\t<\/div>\n\t\t\t\t<div class=\"elementor-element elementor-element-68700d6 elementor-widget elementor-widget-heading\" data-id=\"68700d6\" data-element_type=\"widget\" data-e-type=\"widget\" data-widget_type=\"heading.default\">\n\t\t\t\t<div class=\"elementor-widget-container\">\n\t\t\t\t\t<h4 class=\"elementor-heading-title elementor-size-default\">Nu n\u00e4r Whistlelink \u00e4r p\u00e5 plats \u00e5terst\u00e5r bara n\u00e5gra sm\u00e5saker innan du har en komplett visselbl\u00e5sarl\u00f6sning. H\u00e4r beskriver vi en del av det som \u00e5terst\u00e5r att g\u00f6ra, vilken information du b\u00f6r g\u00e5 ut med och hur du g\u00f6r det l\u00e4tt f\u00f6r medarbetarna att hitta fram till visselbl\u00e5sarwebbplatsen.<\/h4>\t\t\t\t<\/div>\n\t\t\t\t<\/div>\n\t\t\t\t\t<\/div>\n\t\t<\/div>\n\t\t\t\t\t<\/div>\n\t\t<\/section>\n\t\t\t\t<section class=\"elementor-section elementor-top-section elementor-element elementor-element-3e7473d elementor-section-boxed elementor-section-height-default elementor-section-height-default\" data-id=\"3e7473d\" data-element_type=\"section\" data-e-type=\"section\" data-settings=\"{&quot;background_background&quot;:&quot;classic&quot;}\">\n\t\t\t\t\t\t<div class=\"elementor-container elementor-column-gap-default\">\n\t\t\t\t\t<div class=\"elementor-column elementor-col-100 elementor-top-column elementor-element elementor-element-182edd8\" data-id=\"182edd8\" data-element_type=\"column\" data-e-type=\"column\">\n\t\t\t<div class=\"elementor-widget-wrap elementor-element-populated\">\n\t\t\t\t\t\t<div class=\"elementor-element elementor-element-6340b34 elementor-widget elementor-widget-jet-headline\" data-id=\"6340b34\" data-element_type=\"widget\" data-e-type=\"widget\" data-widget_type=\"jet-headline.default\">\n\t\t\t\t<div class=\"elementor-widget-container\">\n\t\t\t\t\t<h2 class=\"jet-headline jet-headline--direction-vertical\"><span class=\"jet-headline__part jet-headline__first\"><span class=\"jet-headline__label\">Kom ig\u00e5ng<\/span><\/span><span class=\"jet-headline__part jet-headline__second\"><span class=\"jet-headline__label\">Klicka p\u00e5 rubrikerna nedan.<\/span><\/span><\/h2>\t\t\t\t<\/div>\n\t\t\t\t<\/div>\n\t\t\t\t<div class=\"elementor-element elementor-element-c719507 elementor-position-left elementor-vertical-align-top elementor-widget elementor-widget-image-box\" data-id=\"c719507\" data-element_type=\"widget\" data-e-type=\"widget\" data-widget_type=\"image-box.default\">\n\t\t\t\t<div class=\"elementor-widget-container\">\n\t\t\t\t\t<div class=\"elementor-image-box-wrapper\"><figure class=\"elementor-image-box-img\"><a href=\"https:\/\/www.whistlelink.com\/sv\/anvandarguide\/snabbguide-for-implementering\/\" tabindex=\"-1\"><img fetchpriority=\"high\" decoding=\"async\" width=\"800\" height=\"729\" src=\"https:\/\/www.whistlelink.com\/wp-content\/uploads\/2020\/12\/Rubicskub.png\" class=\"attachment-large size-large wp-image-1394\" alt=\"\" srcset=\"https:\/\/www.whistlelink.com\/wp-content\/uploads\/2020\/12\/Rubicskub.png 804w, https:\/\/www.whistlelink.com\/wp-content\/uploads\/2020\/12\/Rubicskub-300x274.png 300w, https:\/\/www.whistlelink.com\/wp-content\/uploads\/2020\/12\/Rubicskub-768x700.png 768w\" sizes=\"(max-width: 800px) 100vw, 800px\" \/><\/a><\/figure><div class=\"elementor-image-box-content\"><h3 class=\"elementor-image-box-title\"><a href=\"https:\/\/www.whistlelink.com\/sv\/anvandarguide\/snabbguide-for-implementering\/\"> Snabbguide f\u00f6r implementering<\/a><\/h3><p class=\"elementor-image-box-description\">G\u00f6r f\u00e4rdigt konfigurationen och inf\u00f6r visselbl\u00e5sarl\u00f6sningen i hela organisationen.<\/p><\/div><\/div>\t\t\t\t<\/div>\n\t\t\t\t<\/div>\n\t\t\t\t<div class=\"elementor-element elementor-element-641f347 elementor-position-left elementor-vertical-align-top elementor-widget elementor-widget-image-box\" data-id=\"641f347\" data-element_type=\"widget\" data-e-type=\"widget\" data-widget_type=\"image-box.default\">\n\t\t\t\t<div class=\"elementor-widget-container\">\n\t\t\t\t\t<div class=\"elementor-image-box-wrapper\"><figure class=\"elementor-image-box-img\"><a href=\"https:\/\/www.whistlelink.com\/sv\/anvandarguide\/systemkonfiguration\/\" tabindex=\"-1\"><img fetchpriority=\"high\" decoding=\"async\" width=\"800\" height=\"729\" src=\"https:\/\/www.whistlelink.com\/wp-content\/uploads\/2020\/12\/Rubicskub.png\" class=\"attachment-large size-large wp-image-1394\" alt=\"\" srcset=\"https:\/\/www.whistlelink.com\/wp-content\/uploads\/2020\/12\/Rubicskub.png 804w, https:\/\/www.whistlelink.com\/wp-content\/uploads\/2020\/12\/Rubicskub-300x274.png 300w, https:\/\/www.whistlelink.com\/wp-content\/uploads\/2020\/12\/Rubicskub-768x700.png 768w\" sizes=\"(max-width: 800px) 100vw, 800px\" \/><\/a><\/figure><div class=\"elementor-image-box-content\"><h3 class=\"elementor-image-box-title\"><a href=\"https:\/\/www.whistlelink.com\/sv\/anvandarguide\/systemkonfiguration\/\">Systemkonfiguration av Whistlelink<\/a><\/h3><p class=\"elementor-image-box-description\">Slutf\u00f6r den tekniska implementeringen och konfigurationen med hj\u00e4lp av v\u00e5r steg-f\u00f6r-steg-guide. <\/p><\/div><\/div>\t\t\t\t<\/div>\n\t\t\t\t<\/div>\n\t\t\t\t<div class=\"elementor-element elementor-element-8a0bbe0 elementor-position-left elementor-vertical-align-top elementor-widget elementor-widget-image-box\" data-id=\"8a0bbe0\" data-element_type=\"widget\" data-e-type=\"widget\" data-widget_type=\"image-box.default\">\n\t\t\t\t<div class=\"elementor-widget-container\">\n\t\t\t\t\t<div class=\"elementor-image-box-wrapper\"><figure class=\"elementor-image-box-img\"><a href=\"https:\/\/www.whistlelink.com\/sv\/anvandarguide\/hur-du-gor-whistlelink-lattillgangligt\/\" tabindex=\"-1\"><img fetchpriority=\"high\" decoding=\"async\" width=\"800\" height=\"729\" src=\"https:\/\/www.whistlelink.com\/wp-content\/uploads\/2020\/12\/Rubicskub.png\" class=\"attachment-large size-large wp-image-1394\" alt=\"\" srcset=\"https:\/\/www.whistlelink.com\/wp-content\/uploads\/2020\/12\/Rubicskub.png 804w, https:\/\/www.whistlelink.com\/wp-content\/uploads\/2020\/12\/Rubicskub-300x274.png 300w, https:\/\/www.whistlelink.com\/wp-content\/uploads\/2020\/12\/Rubicskub-768x700.png 768w\" sizes=\"(max-width: 800px) 100vw, 800px\" \/><\/a><\/figure><div class=\"elementor-image-box-content\"><h3 class=\"elementor-image-box-title\"><a href=\"https:\/\/www.whistlelink.com\/sv\/anvandarguide\/hur-du-gor-whistlelink-lattillgangligt\/\">Hur du g\u00f6r Whistlelink l\u00e4ttillg\u00e4ngligt<\/a><\/h3><p class=\"elementor-image-box-description\">F\u00e5 tips om var du ska l\u00e4gga ut information om visselbl\u00e5sarwebbplatsen s\u00e5 att medarbetarna enkelt kan hitta dit.<\/p><\/div><\/div>\t\t\t\t<\/div>\n\t\t\t\t<\/div>\n\t\t\t\t<div class=\"elementor-element elementor-element-31eb034 elementor-position-left elementor-vertical-align-top elementor-widget elementor-widget-image-box\" data-id=\"31eb034\" data-element_type=\"widget\" data-e-type=\"widget\" data-widget_type=\"image-box.default\">\n\t\t\t\t<div class=\"elementor-widget-container\">\n\t\t\t\t\t<div class=\"elementor-image-box-wrapper\"><figure class=\"elementor-image-box-img\"><a href=\"https:\/\/www.whistlelink.com\/sv\/anvandarguide\/information-att-ga-ut-med\/\" tabindex=\"-1\"><img fetchpriority=\"high\" decoding=\"async\" width=\"800\" height=\"729\" src=\"https:\/\/www.whistlelink.com\/wp-content\/uploads\/2020\/12\/Rubicskub.png\" class=\"attachment-large size-large wp-image-1394\" alt=\"\" srcset=\"https:\/\/www.whistlelink.com\/wp-content\/uploads\/2020\/12\/Rubicskub.png 804w, https:\/\/www.whistlelink.com\/wp-content\/uploads\/2020\/12\/Rubicskub-300x274.png 300w, https:\/\/www.whistlelink.com\/wp-content\/uploads\/2020\/12\/Rubicskub-768x700.png 768w\" sizes=\"(max-width: 800px) 100vw, 800px\" \/><\/a><\/figure><div class=\"elementor-image-box-content\"><h3 class=\"elementor-image-box-title\"><a href=\"https:\/\/www.whistlelink.com\/sv\/anvandarguide\/information-att-ga-ut-med\/\"> Information att g\u00e5 ut med<\/a><\/h3><p class=\"elementor-image-box-description\">Se ett exempel p\u00e5 hur medarbetarna kan informeras om din visselbl\u00e5sarkanal.<\/p><\/div><\/div>\t\t\t\t<\/div>\n\t\t\t\t<\/div>\n\t\t\t\t\t<\/div>\n\t\t<\/div>\n\t\t\t\t\t<\/div>\n\t\t<\/section>\n\t\t\t\t<\/div>\n\t\t","protected":false},"excerpt":{"rendered":"<p>SNABBGUIDEImplementera och informera om din visselbl\u00e5sarl\u00f6sning Nu n\u00e4r Whistlelink \u00e4r p\u00e5 plats \u00e5terst\u00e5r bara n\u00e5gra sm\u00e5saker innan du har en komplett visselbl\u00e5sarl\u00f6sning. H\u00e4r beskriver vi en del av det som \u00e5terst\u00e5r att g\u00f6ra, vilken information du b\u00f6r g\u00e5 ut med och hur du g\u00f6r det l\u00e4tt f\u00f6r medarbetarna att hitta fram till visselbl\u00e5sarwebbplatsen. Kom ig\u00e5ngKlicka [&hellip;]<\/p>\n","protected":false},"author":15,"featured_media":0,"parent":0,"menu_order":0,"comment_status":"closed","ping_status":"closed","template":"elementor_header_footer","meta":{"footnotes":""},"class_list":["post-10817","page","type-page","status-publish","hentry"],"yoast_head":"<!-- This site is optimized with the Yoast SEO Premium plugin v27.5 (Yoast SEO v27.5) - https:\/\/yoast.com\/product\/yoast-seo-premium-wordpress\/ -->\n<title>Anv\u00e4ndarguide - Implementera och informera - Whistlelink<\/title>\n<meta name=\"robots\" content=\"noindex, nofollow\" \/>\n<meta property=\"og:locale\" content=\"sv_SE\" \/>\n<meta property=\"og:type\" content=\"article\" \/>\n<meta property=\"og:title\" content=\"Step by Step - Implementera och informera\" \/>\n<meta property=\"og:description\" content=\"SNABBGUIDEImplementera och informera om din visselbl\u00e5sarl\u00f6sning Nu n\u00e4r Whistlelink \u00e4r p\u00e5 plats \u00e5terst\u00e5r bara n\u00e5gra sm\u00e5saker innan du har en komplett visselbl\u00e5sarl\u00f6sning. H\u00e4r beskriver vi en del av det som \u00e5terst\u00e5r att g\u00f6ra, vilken information du b\u00f6r g\u00e5 ut med och hur du g\u00f6r det l\u00e4tt f\u00f6r medarbetarna att hitta fram till visselbl\u00e5sarwebbplatsen. Kom ig\u00e5ngKlicka [&hellip;]\" \/>\n<meta property=\"og:url\" content=\"https:\/\/www.whistlelink.com\/sv\/anvandarguide\/\" \/>\n<meta property=\"og:site_name\" content=\"Whistlelink\" \/>\n<meta property=\"article:publisher\" content=\"https:\/\/www.facebook.com\/whistlelink\/\" \/>\n<meta property=\"article:modified_time\" content=\"2023-10-25T14:36:15+00:00\" \/>\n<meta property=\"og:image\" content=\"https:\/\/www.whistlelink.com\/wp-content\/uploads\/2020\/12\/Rubicskub.png\" \/>\n<meta name=\"twitter:card\" content=\"summary_large_image\" \/>\n<meta name=\"twitter:label1\" content=\"Ber\u00e4knad l\u00e4stid\" \/>\n\t<meta name=\"twitter:data1\" content=\"2 minuter\" \/>\n<script type=\"application\/ld+json\" class=\"yoast-schema-graph\">{\"@context\":\"https:\\\/\\\/schema.org\",\"@graph\":[{\"@type\":\"WebPage\",\"@id\":\"https:\\\/\\\/www.whistlelink.com\\\/sv\\\/anvandarguide\\\/\",\"url\":\"https:\\\/\\\/www.whistlelink.com\\\/sv\\\/anvandarguide\\\/\",\"name\":\"Anv\u00e4ndarguide - Implementera och informera - Whistlelink\",\"isPartOf\":{\"@id\":\"https:\\\/\\\/www.whistlelink.com\\\/sv\\\/#website\"},\"primaryImageOfPage\":{\"@id\":\"https:\\\/\\\/www.whistlelink.com\\\/sv\\\/anvandarguide\\\/#primaryimage\"},\"image\":{\"@id\":\"https:\\\/\\\/www.whistlelink.com\\\/sv\\\/anvandarguide\\\/#primaryimage\"},\"thumbnailUrl\":\"https:\\\/\\\/www.whistlelink.com\\\/wp-content\\\/uploads\\\/2020\\\/12\\\/Rubicskub.png\",\"datePublished\":\"2021-04-16T09:03:45+00:00\",\"dateModified\":\"2023-10-25T14:36:15+00:00\",\"breadcrumb\":{\"@id\":\"https:\\\/\\\/www.whistlelink.com\\\/sv\\\/anvandarguide\\\/#breadcrumb\"},\"inLanguage\":\"sv-SE\",\"potentialAction\":[{\"@type\":\"ReadAction\",\"target\":[\"https:\\\/\\\/www.whistlelink.com\\\/sv\\\/anvandarguide\\\/\"]}]},{\"@type\":\"ImageObject\",\"inLanguage\":\"sv-SE\",\"@id\":\"https:\\\/\\\/www.whistlelink.com\\\/sv\\\/anvandarguide\\\/#primaryimage\",\"url\":\"https:\\\/\\\/www.whistlelink.com\\\/wp-content\\\/uploads\\\/2020\\\/12\\\/Rubicskub.png\",\"contentUrl\":\"https:\\\/\\\/www.whistlelink.com\\\/wp-content\\\/uploads\\\/2020\\\/12\\\/Rubicskub.png\"},{\"@type\":\"BreadcrumbList\",\"@id\":\"https:\\\/\\\/www.whistlelink.com\\\/sv\\\/anvandarguide\\\/#breadcrumb\",\"itemListElement\":[{\"@type\":\"ListItem\",\"position\":1,\"name\":\"Home\",\"item\":\"https:\\\/\\\/www.whistlelink.com\\\/sv\\\/\"},{\"@type\":\"ListItem\",\"position\":2,\"name\":\"Step by Step &#8211; Implementera och informera\"}]},{\"@type\":\"WebSite\",\"@id\":\"https:\\\/\\\/www.whistlelink.com\\\/sv\\\/#website\",\"url\":\"https:\\\/\\\/www.whistlelink.com\\\/sv\\\/\",\"name\":\"Whistlelink\",\"description\":\"A trusted provider of secure whistleblowing solutions.\",\"publisher\":{\"@id\":\"https:\\\/\\\/www.whistlelink.com\\\/sv\\\/#organization\"},\"potentialAction\":[{\"@type\":\"SearchAction\",\"target\":{\"@type\":\"EntryPoint\",\"urlTemplate\":\"https:\\\/\\\/www.whistlelink.com\\\/sv\\\/?s={search_term_string}\"},\"query-input\":{\"@type\":\"PropertyValueSpecification\",\"valueRequired\":true,\"valueName\":\"search_term_string\"}}],\"inLanguage\":\"sv-SE\"},{\"@type\":\"Organization\",\"@id\":\"https:\\\/\\\/www.whistlelink.com\\\/sv\\\/#organization\",\"name\":\"Whistlelink\",\"url\":\"https:\\\/\\\/www.whistlelink.com\\\/sv\\\/\",\"logo\":{\"@type\":\"ImageObject\",\"inLanguage\":\"sv-SE\",\"@id\":\"https:\\\/\\\/www.whistlelink.com\\\/sv\\\/#\\\/schema\\\/logo\\\/image\\\/\",\"url\":\"https:\\\/\\\/www.whistlelink.com\\\/wp-content\\\/uploads\\\/2021\\\/07\\\/WhistlelinkLogoEmail.png\",\"contentUrl\":\"https:\\\/\\\/www.whistlelink.com\\\/wp-content\\\/uploads\\\/2021\\\/07\\\/WhistlelinkLogoEmail.png\",\"width\":704,\"height\":75,\"caption\":\"Whistlelink\"},\"image\":{\"@id\":\"https:\\\/\\\/www.whistlelink.com\\\/sv\\\/#\\\/schema\\\/logo\\\/image\\\/\"},\"sameAs\":[\"https:\\\/\\\/www.facebook.com\\\/whistlelink\\\/\",\"https:\\\/\\\/www.linkedin.com\\\/company\\\/whistlelink\\\/\",\"https:\\\/\\\/vimeo.com\\\/user152082481\"]}]}<\/script>\n<!-- \/ Yoast SEO Premium plugin. -->","yoast_head_json":{"title":"Anv\u00e4ndarguide - Implementera och informera - Whistlelink","robots":{"index":"noindex","follow":"nofollow"},"og_locale":"sv_SE","og_type":"article","og_title":"Step by Step - Implementera och informera","og_description":"SNABBGUIDEImplementera och informera om din visselbl\u00e5sarl\u00f6sning Nu n\u00e4r Whistlelink \u00e4r p\u00e5 plats \u00e5terst\u00e5r bara n\u00e5gra sm\u00e5saker innan du har en komplett visselbl\u00e5sarl\u00f6sning. H\u00e4r beskriver vi en del av det som \u00e5terst\u00e5r att g\u00f6ra, vilken information du b\u00f6r g\u00e5 ut med och hur du g\u00f6r det l\u00e4tt f\u00f6r medarbetarna att hitta fram till visselbl\u00e5sarwebbplatsen. Kom ig\u00e5ngKlicka [&hellip;]","og_url":"https:\/\/www.whistlelink.com\/sv\/anvandarguide\/","og_site_name":"Whistlelink","article_publisher":"https:\/\/www.facebook.com\/whistlelink\/","article_modified_time":"2023-10-25T14:36:15+00:00","og_image":[{"url":"https:\/\/www.whistlelink.com\/wp-content\/uploads\/2020\/12\/Rubicskub.png","type":"","width":"","height":""}],"twitter_card":"summary_large_image","twitter_misc":{"Ber\u00e4knad l\u00e4stid":"2 minuter"},"schema":{"@context":"https:\/\/schema.org","@graph":[{"@type":"WebPage","@id":"https:\/\/www.whistlelink.com\/sv\/anvandarguide\/","url":"https:\/\/www.whistlelink.com\/sv\/anvandarguide\/","name":"Anv\u00e4ndarguide - Implementera och informera - Whistlelink","isPartOf":{"@id":"https:\/\/www.whistlelink.com\/sv\/#website"},"primaryImageOfPage":{"@id":"https:\/\/www.whistlelink.com\/sv\/anvandarguide\/#primaryimage"},"image":{"@id":"https:\/\/www.whistlelink.com\/sv\/anvandarguide\/#primaryimage"},"thumbnailUrl":"https:\/\/www.whistlelink.com\/wp-content\/uploads\/2020\/12\/Rubicskub.png","datePublished":"2021-04-16T09:03:45+00:00","dateModified":"2023-10-25T14:36:15+00:00","breadcrumb":{"@id":"https:\/\/www.whistlelink.com\/sv\/anvandarguide\/#breadcrumb"},"inLanguage":"sv-SE","potentialAction":[{"@type":"ReadAction","target":["https:\/\/www.whistlelink.com\/sv\/anvandarguide\/"]}]},{"@type":"ImageObject","inLanguage":"sv-SE","@id":"https:\/\/www.whistlelink.com\/sv\/anvandarguide\/#primaryimage","url":"https:\/\/www.whistlelink.com\/wp-content\/uploads\/2020\/12\/Rubicskub.png","contentUrl":"https:\/\/www.whistlelink.com\/wp-content\/uploads\/2020\/12\/Rubicskub.png"},{"@type":"BreadcrumbList","@id":"https:\/\/www.whistlelink.com\/sv\/anvandarguide\/#breadcrumb","itemListElement":[{"@type":"ListItem","position":1,"name":"Home","item":"https:\/\/www.whistlelink.com\/sv\/"},{"@type":"ListItem","position":2,"name":"Step by Step &#8211; Implementera och informera"}]},{"@type":"WebSite","@id":"https:\/\/www.whistlelink.com\/sv\/#website","url":"https:\/\/www.whistlelink.com\/sv\/","name":"Whistlelink","description":"A trusted provider of secure whistleblowing solutions.","publisher":{"@id":"https:\/\/www.whistlelink.com\/sv\/#organization"},"potentialAction":[{"@type":"SearchAction","target":{"@type":"EntryPoint","urlTemplate":"https:\/\/www.whistlelink.com\/sv\/?s={search_term_string}"},"query-input":{"@type":"PropertyValueSpecification","valueRequired":true,"valueName":"search_term_string"}}],"inLanguage":"sv-SE"},{"@type":"Organization","@id":"https:\/\/www.whistlelink.com\/sv\/#organization","name":"Whistlelink","url":"https:\/\/www.whistlelink.com\/sv\/","logo":{"@type":"ImageObject","inLanguage":"sv-SE","@id":"https:\/\/www.whistlelink.com\/sv\/#\/schema\/logo\/image\/","url":"https:\/\/www.whistlelink.com\/wp-content\/uploads\/2021\/07\/WhistlelinkLogoEmail.png","contentUrl":"https:\/\/www.whistlelink.com\/wp-content\/uploads\/2021\/07\/WhistlelinkLogoEmail.png","width":704,"height":75,"caption":"Whistlelink"},"image":{"@id":"https:\/\/www.whistlelink.com\/sv\/#\/schema\/logo\/image\/"},"sameAs":["https:\/\/www.facebook.com\/whistlelink\/","https:\/\/www.linkedin.com\/company\/whistlelink\/","https:\/\/vimeo.com\/user152082481"]}]}},"_links":{"self":[{"href":"https:\/\/www.whistlelink.com\/sv\/wp-json\/wp\/v2\/pages\/10817","targetHints":{"allow":["GET"]}}],"collection":[{"href":"https:\/\/www.whistlelink.com\/sv\/wp-json\/wp\/v2\/pages"}],"about":[{"href":"https:\/\/www.whistlelink.com\/sv\/wp-json\/wp\/v2\/types\/page"}],"author":[{"embeddable":true,"href":"https:\/\/www.whistlelink.com\/sv\/wp-json\/wp\/v2\/users\/15"}],"replies":[{"embeddable":true,"href":"https:\/\/www.whistlelink.com\/sv\/wp-json\/wp\/v2\/comments?post=10817"}],"version-history":[{"count":16,"href":"https:\/\/www.whistlelink.com\/sv\/wp-json\/wp\/v2\/pages\/10817\/revisions"}],"predecessor-version":[{"id":59153,"href":"https:\/\/www.whistlelink.com\/sv\/wp-json\/wp\/v2\/pages\/10817\/revisions\/59153"}],"wp:attachment":[{"href":"https:\/\/www.whistlelink.com\/sv\/wp-json\/wp\/v2\/media?parent=10817"}],"curies":[{"name":"wp","href":"https:\/\/api.w.org\/{rel}","templated":true}]}}