{"id":10825,"date":"2021-04-22T21:17:45","date_gmt":"2021-04-22T20:17:45","guid":{"rendered":"https:\/\/www.whistlelink.com\/?page_id=10825"},"modified":"2023-10-25T14:36:36","modified_gmt":"2023-10-25T14:36:36","slug":"information-att-ga-ut-med","status":"publish","type":"page","link":"https:\/\/www.whistlelink.com\/sv\/anvandarguide\/information-att-ga-ut-med\/","title":{"rendered":"Step by Step &#8211; Information att g\u00e5 ut med"},"content":{"rendered":"\t\t<div data-elementor-type=\"wp-page\" data-elementor-id=\"10825\" class=\"elementor elementor-10825 elementor-7299\" data-elementor-post-type=\"page\">\n\t\t\t\t\t\t<section class=\"elementor-section elementor-top-section elementor-element elementor-element-3e943c5 elementor-section-boxed elementor-section-height-default elementor-section-height-default\" data-id=\"3e943c5\" data-element_type=\"section\" data-e-type=\"section\" data-settings=\"{&quot;background_background&quot;:&quot;classic&quot;}\">\n\t\t\t\t\t\t\t<div class=\"elementor-background-overlay\"><\/div>\n\t\t\t\t\t\t\t<div class=\"elementor-container elementor-column-gap-default\">\n\t\t\t\t\t<div class=\"elementor-column elementor-col-100 elementor-top-column elementor-element elementor-element-7f0b75c\" data-id=\"7f0b75c\" data-element_type=\"column\" data-e-type=\"column\">\n\t\t\t<div class=\"elementor-widget-wrap elementor-element-populated\">\n\t\t\t\t\t\t<div class=\"elementor-element elementor-element-0e05201 elementor-widget elementor-widget-jet-headline\" data-id=\"0e05201\" data-element_type=\"widget\" data-e-type=\"widget\" data-widget_type=\"jet-headline.default\">\n\t\t\t\t<div class=\"elementor-widget-container\">\n\t\t\t\t\t<h2 class=\"jet-headline jet-headline--direction-vertical\"><span class=\"jet-headline__part jet-headline__first\"><span class=\"jet-headline__label\">SNABBGUIDE<\/span><\/span><span class=\"jet-headline__part jet-headline__second\"><span class=\"jet-headline__label\">Information att g\u00e5 ut med<\/span><\/span><\/h2>\t\t\t\t<\/div>\n\t\t\t\t<\/div>\n\t\t\t\t<div class=\"elementor-element elementor-element-ae2d326 elementor-widget elementor-widget-heading\" data-id=\"ae2d326\" data-element_type=\"widget\" data-e-type=\"widget\" data-widget_type=\"heading.default\">\n\t\t\t\t<div class=\"elementor-widget-container\">\n\t\t\t\t\t<h4 class=\"elementor-heading-title elementor-size-default\">Bra gjort! Nu \u00e4r din visselbl\u00e5sarl\u00f6sning klar och det \u00e4r dags att l\u00e5ta medarbetare och andra viktiga intressenter veta om att den finns. Den information du g\u00e5r ut med \u00e4r det du sj\u00e4lv som v\u00e4ljer, men vi finns alltid h\u00e4r f\u00f6r att hj\u00e4lpa till. Vi har tagit fram en malltext som du kan anv\u00e4nda som utg\u00e5ngspunkt f\u00f6r att informera medarbetarna om den nya visselbl\u00e5sarkanalen. Du hittar den l\u00e4ngre ned.<\/h4>\t\t\t\t<\/div>\n\t\t\t\t<\/div>\n\t\t\t\t\t<\/div>\n\t\t<\/div>\n\t\t\t\t\t<\/div>\n\t\t<\/section>\n\t\t\t\t<section class=\"elementor-section elementor-top-section elementor-element elementor-element-f742847 elementor-section-boxed elementor-section-height-default elementor-section-height-default\" data-id=\"f742847\" data-element_type=\"section\" data-e-type=\"section\">\n\t\t\t\t\t\t<div class=\"elementor-container elementor-column-gap-default\">\n\t\t\t\t\t<div class=\"elementor-column elementor-col-100 elementor-top-column elementor-element elementor-element-3999d3d\" data-id=\"3999d3d\" data-element_type=\"column\" data-e-type=\"column\">\n\t\t\t<div class=\"elementor-widget-wrap elementor-element-populated\">\n\t\t\t\t\t\t<div class=\"elementor-element elementor-element-4265cd1 elementor-widget elementor-widget-spacer\" data-id=\"4265cd1\" data-element_type=\"widget\" data-e-type=\"widget\" data-widget_type=\"spacer.default\">\n\t\t\t\t<div class=\"elementor-widget-container\">\n\t\t\t\t\t\t\t<div class=\"elementor-spacer\">\n\t\t\t<div class=\"elementor-spacer-inner\"><\/div>\n\t\t<\/div>\n\t\t\t\t\t\t<\/div>\n\t\t\t\t<\/div>\n\t\t\t\t<div class=\"elementor-element elementor-element-bcff380 elementor-widget elementor-widget-text-editor\" data-id=\"bcff380\" data-element_type=\"widget\" data-e-type=\"widget\" data-widget_type=\"text-editor.default\">\n\t\t\t\t<div class=\"elementor-widget-container\">\n\t\t\t\t\t\t\t\t\t<h3>Vad som ska finnas med<\/h3><p>V\u00e5r text \u00e4r bara ett exempel som du kan utg\u00e5 fr\u00e5n n\u00e4r du ska informera medarbetarna om din Whistlelink-webbplats.\u00a0Det \u00e4r du som avg\u00f6r vad som ska finnas med, men vi rekommenderar att du som minst har med information om informationsskydd och extern rapportering.\u00a0<\/p><p>Du f\u00e5r anv\u00e4nda och anpassa texten precis som du vill. Om du vill ha texten p\u00e5 ett annat spr\u00e5k beh\u00f6ver du bara v\u00e4lja l\u00e4mpligt spr\u00e5k fr\u00e5n listrutan l\u00e4ngst upp till h\u00f6ger p\u00e5 denna sida.<\/p>\t\t\t\t\t\t\t\t<\/div>\n\t\t\t\t<\/div>\n\t\t\t\t<div class=\"elementor-element elementor-element-4a727fd elementor-widget elementor-widget-toggle\" data-id=\"4a727fd\" data-element_type=\"widget\" data-e-type=\"widget\" data-widget_type=\"toggle.default\">\n\t\t\t\t<div class=\"elementor-widget-container\">\n\t\t\t\t\t\t\t<div class=\"elementor-toggle\">\n\t\t\t\t\t\t\t<div class=\"elementor-toggle-item\">\n\t\t\t\t\t<div id=\"elementor-tab-title-7801\" class=\"elementor-tab-title\" data-tab=\"1\" role=\"button\" aria-controls=\"elementor-tab-content-7801\" aria-expanded=\"false\">\n\t\t\t\t\t\t\t\t\t\t\t\t<span class=\"elementor-toggle-icon elementor-toggle-icon-left\" aria-hidden=\"true\">\n\t\t\t\t\t\t\t\t\t\t\t\t\t\t\t<span class=\"elementor-toggle-icon-closed\"><i class=\"fas fa-angle-double-down\"><\/i><\/span>\n\t\t\t\t\t\t\t\t<span class=\"elementor-toggle-icon-opened\"><i class=\"elementor-toggle-icon-opened fas fa-angle-up\"><\/i><\/span>\n\t\t\t\t\t\t\t\t\t\t\t\t\t<\/span>\n\t\t\t\t\t\t\t\t\t\t\t\t<a class=\"elementor-toggle-title\" tabindex=\"0\">H\u00e4r f\u00e5r du tips om information till medarbetarna<\/a>\n\t\t\t\t\t<\/div>\n\n\t\t\t\t\t<div id=\"elementor-tab-content-7801\" class=\"elementor-tab-content elementor-clearfix\" data-tab=\"1\" role=\"region\" aria-labelledby=\"elementor-tab-title-7801\"><p>B\u00e4sta <span style=\"background: #FFE900;\">[medarbetare]<\/span><\/p>\n<p>Det \u00e4r mycket viktigt f\u00f6r oss att v\u00e5ra medarbetare har en trygg, r\u00e4ttvis och transparent arbetsmilj\u00f6. Om du l\u00e4gger m\u00e4rke till felaktigt agerande eller oegentligheter p\u00e5 <span style=\"background: #FFE900;\">[f\u00f6retagets namn]<\/span> vill vi att du g\u00f6r din r\u00f6st h\u00f6rd. Vi vill att du ska k\u00e4nna dig trygg n\u00e4r du rapporterar dina observationer och att vi tar allt du s\u00e4ger p\u00e5 st\u00f6rsta allvar.<\/p>\n<p><span style=\"background: #FFE900;\">[f\u00f6retagets namn]<\/span> har d\u00e4rf\u00f6r inf\u00f6rt Whistlelink, ett nytt onlinebaserat visselbl\u00e5sarsystem. Whistlelink \u00e4r ett tryggt och s\u00e4kert visselbl\u00e5sarsystem som ser till att du enkelt och anonymt kan rapportera misstankar om missf\u00f6rh\u00e5llanden.<\/p>\n<p>Det \u00e4r enkelt att anv\u00e4nda visselbl\u00e5sarsystemet. Allt du beh\u00f6ver g\u00f6ra \u00e4r att g\u00e5 till <span style=\"background: #FFE900;\">[f\u00f6retagsnamn.whistlelink.com]<\/span>. D\u00e4r hittar du all information du beh\u00f6ver om hur du skickar in en rapport och vad som h\u00e4nder sedan. Du kan enkelt n\u00e5 systemet p\u00e5 <span style=\"background-color: #ffe900;\">[t.ex. f\u00f6retagets webbplats\/var l\u00e4nken finns]<\/span>.<\/p>\n<p>Du skickar in en rapport genom att klicka p\u00e5 <em>Skapa rapport<\/em> och sedan fylla i rapportformul\u00e4ret efter b\u00e4sta f\u00f6rm\u00e5ga. Du avg\u00f6r sj\u00e4lv hur mycket information du vill delge oss. Du beh\u00f6ver inte ber\u00e4tta vem du \u00e4r, och du f\u00f6rblir anonym under hela processen.<\/p>\n<p>N\u00e4r du skickat in en rapport hamnar den hos de utn\u00e4mnda \u00e4garna <span style=\"background: #ffe900;\">[namn\/avdelning]<\/span>, som sedan g\u00f6r en inledande bed\u00f6mning av huruvida den \u00e4r l\u00e4mplig att handl\u00e4gga inom ramarna f\u00f6r visselbl\u00e5sarsystemet. Om s\u00e5 \u00e4r fallet tilldelas rapporten ett unikt \u00e4rendenummer och en verifieringskod som du f\u00e5r tillg\u00e5ng till. Anv\u00e4nd verifieringskoden om du vill skicka in mer information eller ta reda p\u00e5 hur det g\u00e5r med \u00e4rendet. Vi kommer att verifiera att vi har tagit emot din rapport inom sju dagar, och du f\u00e5r \u00e5terkoppling inom 90 dagar.<\/p>\n<p>Vi som f\u00f6retag m\u00e5ste informera dig om att det finns m\u00f6jlighet att du blir omn\u00e4mnd i en rapport i och med att vi nu har en visselbl\u00e5sarl\u00f6sning. Du kan omn\u00e4mnas som f\u00f6r\u00f6vare, offer, vittne eller annan part. Du som skickat in rapporten f\u00f6rblir som sagt alltid anonym.<\/p>\n<p>Du kan v\u00e4lja att rapportera misst\u00e4nkta oegentligheter externt till en relevant myndighet. Du hittar mer information om detta p\u00e5 <span style=\"background: #ffe900;\">[f\u00f6retagsnamn.whistlelink.com]<\/span>.<\/p>\n<p>Om du har fr\u00e5gor eller vill ha mer information \u00e4r du v\u00e4lkommen att kontakta <span style=\"background-color: #ffe900;\">[namn]<\/span>.<\/p>\n<p>Tack f\u00f6r dina insatser f\u00f6r att g\u00f6ra <span style=\"background-color: #ffe900;\">[f\u00f6retagets namn]<\/span> till en s\u00e4ker och trevlig arbetsplats.<\/p>\n<p>Med v\u00e4nliga h\u00e4lsningar, <span style=\"background-color: #ffe900;\">[namn]<\/span>.<\/p><\/div>\n\t\t\t\t<\/div>\n\t\t\t\t\t\t\t\t<\/div>\n\t\t\t\t\t\t<\/div>\n\t\t\t\t<\/div>\n\t\t\t\t\t<\/div>\n\t\t<\/div>\n\t\t\t\t\t<\/div>\n\t\t<\/section>\n\t\t\t\t<section class=\"elementor-section elementor-top-section elementor-element elementor-element-4c90bd1 elementor-section-boxed elementor-section-height-default elementor-section-height-default\" data-id=\"4c90bd1\" data-element_type=\"section\" data-e-type=\"section\">\n\t\t\t\t\t\t<div class=\"elementor-container elementor-column-gap-default\">\n\t\t\t\t\t<div class=\"elementor-column elementor-col-100 elementor-top-column elementor-element elementor-element-f90848c\" data-id=\"f90848c\" data-element_type=\"column\" data-e-type=\"column\">\n\t\t\t<div class=\"elementor-widget-wrap elementor-element-populated\">\n\t\t\t\t\t\t<div class=\"elementor-element elementor-element-a0c0ac2 elementor-widget elementor-widget-spacer\" data-id=\"a0c0ac2\" data-element_type=\"widget\" data-e-type=\"widget\" data-widget_type=\"spacer.default\">\n\t\t\t\t<div class=\"elementor-widget-container\">\n\t\t\t\t\t\t\t<div class=\"elementor-spacer\">\n\t\t\t<div class=\"elementor-spacer-inner\"><\/div>\n\t\t<\/div>\n\t\t\t\t\t\t<\/div>\n\t\t\t\t<\/div>\n\t\t\t\t<div class=\"elementor-element elementor-element-3921162 elementor-widget elementor-widget-jet-button\" data-id=\"3921162\" data-element_type=\"widget\" data-e-type=\"widget\" data-widget_type=\"jet-button.default\">\n\t\t\t\t<div class=\"elementor-widget-container\">\n\t\t\t\t\t<div class=\"elementor-jet-button jet-elements\"><div class=\"jet-button__container\">\n\t<a class=\"jet-button__instance jet-button__instance--icon-left hover-effect-0\" href=\"https:\/\/www.whistlelink.com\/sv\/snabbguide\/\">\n\t\t<div class=\"jet-button__plane jet-button__plane-normal\"><\/div>\n\t\t<div class=\"jet-button__plane jet-button__plane-hover\"><\/div>\n\t\t<div class=\"jet-button__state jet-button__state-normal\">\n\t\t\t<span class=\"jet-button__label\">Till Kom ig\u00e5ng<\/span>\t\t<\/div>\n\t\t<div class=\"jet-button__state jet-button__state-hover\">\n\t\t\t<span class=\"jet-button__label\">Till Kom ig\u00e5ng<\/span>\t\t<\/div>\n\t<\/a>\n<\/div>\n<\/div>\t\t\t\t<\/div>\n\t\t\t\t<\/div>\n\t\t\t\t<div class=\"elementor-element elementor-element-a9475f0 elementor-widget elementor-widget-spacer\" data-id=\"a9475f0\" data-element_type=\"widget\" data-e-type=\"widget\" data-widget_type=\"spacer.default\">\n\t\t\t\t<div class=\"elementor-widget-container\">\n\t\t\t\t\t\t\t<div class=\"elementor-spacer\">\n\t\t\t<div class=\"elementor-spacer-inner\"><\/div>\n\t\t<\/div>\n\t\t\t\t\t\t<\/div>\n\t\t\t\t<\/div>\n\t\t\t\t\t<\/div>\n\t\t<\/div>\n\t\t\t\t\t<\/div>\n\t\t<\/section>\n\t\t\t\t<\/div>\n\t\t","protected":false},"excerpt":{"rendered":"<p>SNABBGUIDEInformation att g\u00e5 ut med Bra gjort! Nu \u00e4r din visselbl\u00e5sarl\u00f6sning klar och det \u00e4r dags att l\u00e5ta medarbetare och andra viktiga intressenter veta om att den finns. Den information du g\u00e5r ut med \u00e4r det du sj\u00e4lv som v\u00e4ljer, men vi finns alltid h\u00e4r f\u00f6r att hj\u00e4lpa till. Vi har tagit fram en malltext [&hellip;]<\/p>\n","protected":false},"author":9,"featured_media":0,"parent":10817,"menu_order":0,"comment_status":"closed","ping_status":"closed","template":"elementor_header_footer","meta":{"footnotes":""},"class_list":["post-10825","page","type-page","status-publish","hentry"],"yoast_head":"<!-- This site is optimized with the Yoast SEO Premium plugin v27.3 (Yoast SEO v27.4) - https:\/\/yoast.com\/product\/yoast-seo-premium-wordpress\/ -->\n<title>Anv\u00e4ndarguide- Information att g\u00e5 ut med - Whistlelink<\/title>\n<meta name=\"robots\" content=\"noindex, nofollow\" \/>\n<meta property=\"og:locale\" content=\"sv_SE\" \/>\n<meta property=\"og:type\" content=\"article\" \/>\n<meta property=\"og:title\" content=\"Step by Step - Information att g\u00e5 ut med\" \/>\n<meta property=\"og:description\" content=\"SNABBGUIDEInformation att g\u00e5 ut med Bra gjort! Nu \u00e4r din visselbl\u00e5sarl\u00f6sning klar och det \u00e4r dags att l\u00e5ta medarbetare och andra viktiga intressenter veta om att den finns. Den information du g\u00e5r ut med \u00e4r det du sj\u00e4lv som v\u00e4ljer, men vi finns alltid h\u00e4r f\u00f6r att hj\u00e4lpa till. Vi har tagit fram en malltext [&hellip;]\" \/>\n<meta property=\"og:url\" content=\"https:\/\/www.whistlelink.com\/sv\/anvandarguide\/information-att-ga-ut-med\/\" \/>\n<meta property=\"og:site_name\" content=\"Whistlelink\" \/>\n<meta property=\"article:publisher\" content=\"https:\/\/www.facebook.com\/whistlelink\/\" \/>\n<meta property=\"article:modified_time\" content=\"2023-10-25T14:36:36+00:00\" \/>\n<meta name=\"twitter:card\" content=\"summary_large_image\" \/>\n<meta name=\"twitter:label1\" content=\"Ber\u00e4knad l\u00e4stid\" \/>\n\t<meta name=\"twitter:data1\" content=\"3 minuter\" \/>\n<script type=\"application\/ld+json\" class=\"yoast-schema-graph\">{\"@context\":\"https:\\\/\\\/schema.org\",\"@graph\":[{\"@type\":\"WebPage\",\"@id\":\"https:\\\/\\\/www.whistlelink.com\\\/sv\\\/anvandarguide\\\/information-att-ga-ut-med\\\/\",\"url\":\"https:\\\/\\\/www.whistlelink.com\\\/sv\\\/anvandarguide\\\/information-att-ga-ut-med\\\/\",\"name\":\"Anv\u00e4ndarguide- Information att g\u00e5 ut med - Whistlelink\",\"isPartOf\":{\"@id\":\"https:\\\/\\\/www.whistlelink.com\\\/sv\\\/#website\"},\"datePublished\":\"2021-04-22T20:17:45+00:00\",\"dateModified\":\"2023-10-25T14:36:36+00:00\",\"breadcrumb\":{\"@id\":\"https:\\\/\\\/www.whistlelink.com\\\/sv\\\/anvandarguide\\\/information-att-ga-ut-med\\\/#breadcrumb\"},\"inLanguage\":\"sv-SE\",\"potentialAction\":[{\"@type\":\"ReadAction\",\"target\":[\"https:\\\/\\\/www.whistlelink.com\\\/sv\\\/anvandarguide\\\/information-att-ga-ut-med\\\/\"]}]},{\"@type\":\"BreadcrumbList\",\"@id\":\"https:\\\/\\\/www.whistlelink.com\\\/sv\\\/anvandarguide\\\/information-att-ga-ut-med\\\/#breadcrumb\",\"itemListElement\":[{\"@type\":\"ListItem\",\"position\":1,\"name\":\"Home\",\"item\":\"https:\\\/\\\/www.whistlelink.com\\\/sv\\\/\"},{\"@type\":\"ListItem\",\"position\":2,\"name\":\"Step by Step &#8211; Implementera och informera\",\"item\":\"https:\\\/\\\/www.whistlelink.com\\\/sv\\\/client-get-started-guide\\\/\"},{\"@type\":\"ListItem\",\"position\":3,\"name\":\"Step by Step &#8211; Information att g\u00e5 ut med\"}]},{\"@type\":\"WebSite\",\"@id\":\"https:\\\/\\\/www.whistlelink.com\\\/sv\\\/#website\",\"url\":\"https:\\\/\\\/www.whistlelink.com\\\/sv\\\/\",\"name\":\"Whistlelink\",\"description\":\"A trusted provider of secure whistleblowing solutions.\",\"publisher\":{\"@id\":\"https:\\\/\\\/www.whistlelink.com\\\/sv\\\/#organization\"},\"potentialAction\":[{\"@type\":\"SearchAction\",\"target\":{\"@type\":\"EntryPoint\",\"urlTemplate\":\"https:\\\/\\\/www.whistlelink.com\\\/sv\\\/?s={search_term_string}\"},\"query-input\":{\"@type\":\"PropertyValueSpecification\",\"valueRequired\":true,\"valueName\":\"search_term_string\"}}],\"inLanguage\":\"sv-SE\"},{\"@type\":\"Organization\",\"@id\":\"https:\\\/\\\/www.whistlelink.com\\\/sv\\\/#organization\",\"name\":\"Whistlelink\",\"url\":\"https:\\\/\\\/www.whistlelink.com\\\/sv\\\/\",\"logo\":{\"@type\":\"ImageObject\",\"inLanguage\":\"sv-SE\",\"@id\":\"https:\\\/\\\/www.whistlelink.com\\\/sv\\\/#\\\/schema\\\/logo\\\/image\\\/\",\"url\":\"https:\\\/\\\/www.whistlelink.com\\\/wp-content\\\/uploads\\\/2021\\\/07\\\/WhistlelinkLogoEmail.png\",\"contentUrl\":\"https:\\\/\\\/www.whistlelink.com\\\/wp-content\\\/uploads\\\/2021\\\/07\\\/WhistlelinkLogoEmail.png\",\"width\":704,\"height\":75,\"caption\":\"Whistlelink\"},\"image\":{\"@id\":\"https:\\\/\\\/www.whistlelink.com\\\/sv\\\/#\\\/schema\\\/logo\\\/image\\\/\"},\"sameAs\":[\"https:\\\/\\\/www.facebook.com\\\/whistlelink\\\/\",\"https:\\\/\\\/www.linkedin.com\\\/company\\\/whistlelink\\\/\",\"https:\\\/\\\/vimeo.com\\\/user152082481\"]}]}<\/script>\n<!-- \/ Yoast SEO Premium plugin. -->","yoast_head_json":{"title":"Anv\u00e4ndarguide- Information att g\u00e5 ut med - Whistlelink","robots":{"index":"noindex","follow":"nofollow"},"og_locale":"sv_SE","og_type":"article","og_title":"Step by Step - Information att g\u00e5 ut med","og_description":"SNABBGUIDEInformation att g\u00e5 ut med Bra gjort! Nu \u00e4r din visselbl\u00e5sarl\u00f6sning klar och det \u00e4r dags att l\u00e5ta medarbetare och andra viktiga intressenter veta om att den finns. Den information du g\u00e5r ut med \u00e4r det du sj\u00e4lv som v\u00e4ljer, men vi finns alltid h\u00e4r f\u00f6r att hj\u00e4lpa till. Vi har tagit fram en malltext [&hellip;]","og_url":"https:\/\/www.whistlelink.com\/sv\/anvandarguide\/information-att-ga-ut-med\/","og_site_name":"Whistlelink","article_publisher":"https:\/\/www.facebook.com\/whistlelink\/","article_modified_time":"2023-10-25T14:36:36+00:00","twitter_card":"summary_large_image","twitter_misc":{"Ber\u00e4knad l\u00e4stid":"3 minuter"},"schema":{"@context":"https:\/\/schema.org","@graph":[{"@type":"WebPage","@id":"https:\/\/www.whistlelink.com\/sv\/anvandarguide\/information-att-ga-ut-med\/","url":"https:\/\/www.whistlelink.com\/sv\/anvandarguide\/information-att-ga-ut-med\/","name":"Anv\u00e4ndarguide- Information att g\u00e5 ut med - Whistlelink","isPartOf":{"@id":"https:\/\/www.whistlelink.com\/sv\/#website"},"datePublished":"2021-04-22T20:17:45+00:00","dateModified":"2023-10-25T14:36:36+00:00","breadcrumb":{"@id":"https:\/\/www.whistlelink.com\/sv\/anvandarguide\/information-att-ga-ut-med\/#breadcrumb"},"inLanguage":"sv-SE","potentialAction":[{"@type":"ReadAction","target":["https:\/\/www.whistlelink.com\/sv\/anvandarguide\/information-att-ga-ut-med\/"]}]},{"@type":"BreadcrumbList","@id":"https:\/\/www.whistlelink.com\/sv\/anvandarguide\/information-att-ga-ut-med\/#breadcrumb","itemListElement":[{"@type":"ListItem","position":1,"name":"Home","item":"https:\/\/www.whistlelink.com\/sv\/"},{"@type":"ListItem","position":2,"name":"Step by Step &#8211; Implementera och informera","item":"https:\/\/www.whistlelink.com\/sv\/client-get-started-guide\/"},{"@type":"ListItem","position":3,"name":"Step by Step &#8211; Information att g\u00e5 ut med"}]},{"@type":"WebSite","@id":"https:\/\/www.whistlelink.com\/sv\/#website","url":"https:\/\/www.whistlelink.com\/sv\/","name":"Whistlelink","description":"A trusted provider of secure whistleblowing solutions.","publisher":{"@id":"https:\/\/www.whistlelink.com\/sv\/#organization"},"potentialAction":[{"@type":"SearchAction","target":{"@type":"EntryPoint","urlTemplate":"https:\/\/www.whistlelink.com\/sv\/?s={search_term_string}"},"query-input":{"@type":"PropertyValueSpecification","valueRequired":true,"valueName":"search_term_string"}}],"inLanguage":"sv-SE"},{"@type":"Organization","@id":"https:\/\/www.whistlelink.com\/sv\/#organization","name":"Whistlelink","url":"https:\/\/www.whistlelink.com\/sv\/","logo":{"@type":"ImageObject","inLanguage":"sv-SE","@id":"https:\/\/www.whistlelink.com\/sv\/#\/schema\/logo\/image\/","url":"https:\/\/www.whistlelink.com\/wp-content\/uploads\/2021\/07\/WhistlelinkLogoEmail.png","contentUrl":"https:\/\/www.whistlelink.com\/wp-content\/uploads\/2021\/07\/WhistlelinkLogoEmail.png","width":704,"height":75,"caption":"Whistlelink"},"image":{"@id":"https:\/\/www.whistlelink.com\/sv\/#\/schema\/logo\/image\/"},"sameAs":["https:\/\/www.facebook.com\/whistlelink\/","https:\/\/www.linkedin.com\/company\/whistlelink\/","https:\/\/vimeo.com\/user152082481"]}]}},"_links":{"self":[{"href":"https:\/\/www.whistlelink.com\/sv\/wp-json\/wp\/v2\/pages\/10825","targetHints":{"allow":["GET"]}}],"collection":[{"href":"https:\/\/www.whistlelink.com\/sv\/wp-json\/wp\/v2\/pages"}],"about":[{"href":"https:\/\/www.whistlelink.com\/sv\/wp-json\/wp\/v2\/types\/page"}],"author":[{"embeddable":true,"href":"https:\/\/www.whistlelink.com\/sv\/wp-json\/wp\/v2\/users\/9"}],"replies":[{"embeddable":true,"href":"https:\/\/www.whistlelink.com\/sv\/wp-json\/wp\/v2\/comments?post=10825"}],"version-history":[{"count":4,"href":"https:\/\/www.whistlelink.com\/sv\/wp-json\/wp\/v2\/pages\/10825\/revisions"}],"predecessor-version":[{"id":53714,"href":"https:\/\/www.whistlelink.com\/sv\/wp-json\/wp\/v2\/pages\/10825\/revisions\/53714"}],"up":[{"embeddable":true,"href":"https:\/\/www.whistlelink.com\/sv\/wp-json\/wp\/v2\/pages\/10817"}],"wp:attachment":[{"href":"https:\/\/www.whistlelink.com\/sv\/wp-json\/wp\/v2\/media?parent=10825"}],"curies":[{"name":"wp","href":"https:\/\/api.w.org\/{rel}","templated":true}]}}