{"id":16977,"date":"2021-05-27T15:26:47","date_gmt":"2021-05-27T14:26:47","guid":{"rendered":"https:\/\/www.whistlelink.com\/?page_id=16977"},"modified":"2022-11-10T10:38:15","modified_gmt":"2022-11-10T10:38:15","slug":"arendemottagning","status":"publish","type":"page","link":"https:\/\/www.whistlelink.com\/sv\/arendemottagning\/","title":{"rendered":"\u00c4rendemottagning"},"content":{"rendered":"\t\t<div data-elementor-type=\"wp-page\" data-elementor-id=\"16977\" class=\"elementor elementor-16977 elementor-10964\" data-elementor-post-type=\"page\">\n\t\t\t\t\t\t<section class=\"elementor-section elementor-top-section elementor-element elementor-element-a0b5479 elementor-section-full_width elementor-section-height-default elementor-section-height-default\" data-id=\"a0b5479\" data-element_type=\"section\" data-e-type=\"section\" data-settings=\"{&quot;background_background&quot;:&quot;classic&quot;}\">\n\t\t\t\t\t\t<div class=\"elementor-container elementor-column-gap-default\">\n\t\t\t\t\t<div class=\"elementor-column elementor-col-100 elementor-top-column elementor-element elementor-element-8dd51af\" data-id=\"8dd51af\" data-element_type=\"column\" data-e-type=\"column\">\n\t\t\t<div class=\"elementor-widget-wrap elementor-element-populated\">\n\t\t\t\t\t\t<div class=\"elementor-element elementor-element-bd65825 elementor-widget elementor-widget-jet-headline\" data-id=\"bd65825\" data-element_type=\"widget\" data-e-type=\"widget\" data-widget_type=\"jet-headline.default\">\n\t\t\t\t<div class=\"elementor-widget-container\">\n\t\t\t\t\t<h2 class=\"jet-headline jet-headline--direction-vertical\"><span class=\"jet-headline__part jet-headline__first\"><span class=\"jet-headline__label\">Visselbl\u00e5sartj\u00e4nster<\/span><\/span><span class=\"jet-headline__part jet-headline__second\"><span class=\"jet-headline__label\">\u00c4rendemottagning<\/span><\/span><\/h2>\t\t\t\t<\/div>\n\t\t\t\t<\/div>\n\t\t\t\t\t<\/div>\n\t\t<\/div>\n\t\t\t\t\t<\/div>\n\t\t<\/section>\n\t\t\t\t<section class=\"elementor-section elementor-top-section elementor-element elementor-element-9919656 elementor-section-boxed elementor-section-height-default elementor-section-height-default\" data-id=\"9919656\" data-element_type=\"section\" data-e-type=\"section\">\n\t\t\t\t\t\t<div class=\"elementor-container elementor-column-gap-default\">\n\t\t\t\t\t<div class=\"elementor-column elementor-col-100 elementor-top-column elementor-element elementor-element-e1d6e60\" data-id=\"e1d6e60\" data-element_type=\"column\" data-e-type=\"column\" data-settings=\"{&quot;background_background&quot;:&quot;classic&quot;}\">\n\t\t\t<div class=\"elementor-widget-wrap elementor-element-populated\">\n\t\t\t\t\t\t<div class=\"elementor-element elementor-element-bd053c0 elementor-widget elementor-widget-text-editor\" data-id=\"bd053c0\" data-element_type=\"widget\" data-e-type=\"widget\" data-widget_type=\"text-editor.default\">\n\t\t\t\t<div class=\"elementor-widget-container\">\n\t\t\t\t\t\t\t\t\t<h3>Vad inneb\u00e4r v\u00e5r mottagningstj\u00e4nst?<\/h3><p>\u00c4rendemottagning eller Intake Management betyder att en organisation anlitar en extern part f\u00f6r att ta emot visselbl\u00e5sarrapporten. Mottagningstj\u00e4nsten genomf\u00f6r en initial granskning av informationen f\u00f6r att s\u00e4kerst\u00e4lla att \u00e4rendet tilldelas till r\u00e4tt personer. I mottagningstj\u00e4nsten ing\u00e5r det ocks\u00e5 att \u00e5terkoppla till visselbl\u00e5saren och bekr\u00e4fta att rapporten tagits emot inom 7 dagar fr\u00e5n att rapporten inkommit.<\/p>\t\t\t\t\t\t\t\t<\/div>\n\t\t\t\t<\/div>\n\t\t\t\t<div class=\"elementor-element elementor-element-d4d97a8 elementor-widget elementor-widget-text-editor\" data-id=\"d4d97a8\" data-element_type=\"widget\" data-e-type=\"widget\" data-widget_type=\"text-editor.default\">\n\t\t\t\t<div class=\"elementor-widget-container\">\n\t\t\t\t\t\t\t\t\t<h3>Varf\u00f6r anv\u00e4nda en tj\u00e4nst f\u00f6r \u00e4rendemottagning?<\/h3><p>Genom att anv\u00e4nda extern \u00e4rendemottagning \u00f6kar man oberoendet, minskar arbetsbelastningen och st\u00f6ttar organisationen i att <a href=\"https:\/\/www.whistlelink.com\/sv\/hur-uppfylla-eus-visselblasardirektiv\/\" target=\"_blank\" rel=\"noopener\">efterleva lagens krav<\/a>.<\/p>\t\t\t\t\t\t\t\t<\/div>\n\t\t\t\t<\/div>\n\t\t\t\t<div class=\"elementor-element elementor-element-25d9dc4 elementor-widget elementor-widget-spacer\" data-id=\"25d9dc4\" data-element_type=\"widget\" data-e-type=\"widget\" data-widget_type=\"spacer.default\">\n\t\t\t\t<div class=\"elementor-widget-container\">\n\t\t\t\t\t\t\t<div class=\"elementor-spacer\">\n\t\t\t<div class=\"elementor-spacer-inner\"><\/div>\n\t\t<\/div>\n\t\t\t\t\t\t<\/div>\n\t\t\t\t<\/div>\n\t\t\t\t<div class=\"elementor-element elementor-element-ddde0eb elementor-widget elementor-widget-text-editor\" data-id=\"ddde0eb\" data-element_type=\"widget\" data-e-type=\"widget\" data-widget_type=\"text-editor.default\">\n\t\t\t\t<div class=\"elementor-widget-container\">\n\t\t\t\t\t\t\t\t\t<h3>Vad ing\u00e5r i Whistlelinks mottagningstj\u00e4nst?<\/h3>\t\t\t\t\t\t\t\t<\/div>\n\t\t\t\t<\/div>\n\t\t\t\t<section class=\"elementor-section elementor-inner-section elementor-element elementor-element-ff2a943 elementor-section-boxed elementor-section-height-default elementor-section-height-default\" data-id=\"ff2a943\" data-element_type=\"section\" data-e-type=\"section\">\n\t\t\t\t\t\t<div class=\"elementor-container elementor-column-gap-default\">\n\t\t\t\t\t<div class=\"elementor-column elementor-col-50 elementor-inner-column elementor-element elementor-element-bfd3cba\" data-id=\"bfd3cba\" data-element_type=\"column\" data-e-type=\"column\">\n\t\t\t<div class=\"elementor-widget-wrap elementor-element-populated\">\n\t\t\t\t\t\t<div class=\"elementor-element elementor-element-a1a659b elementor-widget-divider--view-line elementor-widget elementor-widget-divider\" data-id=\"a1a659b\" data-element_type=\"widget\" data-e-type=\"widget\" data-widget_type=\"divider.default\">\n\t\t\t\t<div class=\"elementor-widget-container\">\n\t\t\t\t\t\t\t<div class=\"elementor-divider\">\n\t\t\t<span class=\"elementor-divider-separator\">\n\t\t\t\t\t\t<\/span>\n\t\t<\/div>\n\t\t\t\t\t\t<\/div>\n\t\t\t\t<\/div>\n\t\t\t\t<div class=\"elementor-element elementor-element-cf1aa07 elementor-widget elementor-widget-text-editor\" data-id=\"cf1aa07\" data-element_type=\"widget\" data-e-type=\"widget\" data-widget_type=\"text-editor.default\">\n\t\t\t\t<div class=\"elementor-widget-container\">\n\t\t\t\t\t\t\t\t\t<h4>Ett f\u00f6rsta mottagande<\/h4><p>Whistlelink erbjuder en f\u00f6rsta granskning av visselbl\u00e5sar\u00e4renden som rapporteras via systemet. Whistlelink granskar \u00e4renden inom en arbetsdag och kommer, i enlighet med g\u00e4llande lagkrav, att \u00e5terkoppla till visselbl\u00e5saren och bekr\u00e4fta mottagandet av rapporten.<\/p>\t\t\t\t\t\t\t\t<\/div>\n\t\t\t\t<\/div>\n\t\t\t\t\t<\/div>\n\t\t<\/div>\n\t\t\t\t<div class=\"elementor-column elementor-col-50 elementor-inner-column elementor-element elementor-element-b3c72b5\" data-id=\"b3c72b5\" data-element_type=\"column\" data-e-type=\"column\">\n\t\t\t<div class=\"elementor-widget-wrap elementor-element-populated\">\n\t\t\t\t\t\t<div class=\"elementor-element elementor-element-3d0ad39 elementor-widget-divider--view-line elementor-widget elementor-widget-divider\" data-id=\"3d0ad39\" data-element_type=\"widget\" data-e-type=\"widget\" data-widget_type=\"divider.default\">\n\t\t\t\t<div class=\"elementor-widget-container\">\n\t\t\t\t\t\t\t<div class=\"elementor-divider\">\n\t\t\t<span class=\"elementor-divider-separator\">\n\t\t\t\t\t\t<\/span>\n\t\t<\/div>\n\t\t\t\t\t\t<\/div>\n\t\t\t\t<\/div>\n\t\t\t\t<div class=\"elementor-element elementor-element-5d062a0 elementor-widget elementor-widget-text-editor\" data-id=\"5d062a0\" data-element_type=\"widget\" data-e-type=\"widget\" data-widget_type=\"text-editor.default\">\n\t\t\t\t<div class=\"elementor-widget-container\">\n\t\t\t\t\t\t\t\t\t<h4>Tilldelning av \u00e4renden<\/h4><p>Whistlelink kommer att tilldela \u00e4rendet till era utsedda kontakter. Om n\u00e5gon av dessa \u00e4r f\u00f6rem\u00e5l f\u00f6r rapporten (bilagor granskas inte) kommer vi i st\u00e4llet att ge \u00e4rendet till reservkontakterna. Det kan f\u00f6rekomma ytterligare instruktioner fr\u00e5n uppdragsgivaren, vilket best\u00e4ms fr\u00e5n fall till fall.<\/p>\t\t\t\t\t\t\t\t<\/div>\n\t\t\t\t<\/div>\n\t\t\t\t\t<\/div>\n\t\t<\/div>\n\t\t\t\t\t<\/div>\n\t\t<\/section>\n\t\t\t\t\t<\/div>\n\t\t<\/div>\n\t\t\t\t\t<\/div>\n\t\t<\/section>\n\t\t\t\t<section class=\"elementor-section elementor-top-section elementor-element elementor-element-49adcba elementor-section-full_width elementor-section-height-default elementor-section-height-default\" data-id=\"49adcba\" data-element_type=\"section\" data-e-type=\"section\" data-settings=\"{&quot;background_background&quot;:&quot;classic&quot;}\">\n\t\t\t\t\t\t\t<div class=\"elementor-background-overlay\"><\/div>\n\t\t\t\t\t\t\t<div class=\"elementor-container elementor-column-gap-default\">\n\t\t\t\t\t<div class=\"elementor-column elementor-col-100 elementor-top-column elementor-element elementor-element-f056a32\" data-id=\"f056a32\" data-element_type=\"column\" data-e-type=\"column\">\n\t\t\t<div class=\"elementor-widget-wrap elementor-element-populated\">\n\t\t\t\t\t\t<div class=\"elementor-element elementor-element-791ac4f elementor-widget elementor-widget-heading\" data-id=\"791ac4f\" data-element_type=\"widget\" data-e-type=\"widget\" data-widget_type=\"heading.default\">\n\t\t\t\t<div class=\"elementor-widget-container\">\n\t\t\t\t\t<h2 class=\"elementor-heading-title elementor-size-default\">Fler fr\u00e5gor?<\/h2>\t\t\t\t<\/div>\n\t\t\t\t<\/div>\n\t\t\t\t<div class=\"elementor-element elementor-element-024f7d4 elementor-widget elementor-widget-jet-button\" data-id=\"024f7d4\" data-element_type=\"widget\" data-e-type=\"widget\" data-widget_type=\"jet-button.default\">\n\t\t\t\t<div class=\"elementor-widget-container\">\n\t\t\t\t\t<div class=\"elementor-jet-button jet-elements\"><div class=\"jet-button__container\">\n\t<a class=\"jet-button__instance jet-button__instance--icon-left hover-effect-0\" href=\"#contact-menu-anchor\">\n\t\t<div class=\"jet-button__plane jet-button__plane-normal\"><\/div>\n\t\t<div class=\"jet-button__plane jet-button__plane-hover\"><\/div>\n\t\t<div class=\"jet-button__state jet-button__state-normal\">\n\t\t\t<span class=\"jet-button__label\">Kontakta oss<\/span>\t\t<\/div>\n\t\t<div class=\"jet-button__state jet-button__state-hover\">\n\t\t\t<span class=\"jet-button__label\">Kontakta oss<\/span>\t\t<\/div>\n\t<\/a>\n<\/div>\n<\/div>\t\t\t\t<\/div>\n\t\t\t\t<\/div>\n\t\t\t\t<div class=\"elementor-element elementor-element-0bd6f5d elementor-widget elementor-widget-text-editor\" data-id=\"0bd6f5d\" data-element_type=\"widget\" data-e-type=\"widget\" data-widget_type=\"text-editor.default\">\n\t\t\t\t<div class=\"elementor-widget-container\">\n\t\t\t\t\t\t\t\t\t<p>Vi har alla svar du s\u00f6ker.<\/p>\t\t\t\t\t\t\t\t<\/div>\n\t\t\t\t<\/div>\n\t\t\t\t\t<\/div>\n\t\t<\/div>\n\t\t\t\t\t<\/div>\n\t\t<\/section>\n\t\t\t\t<\/div>\n\t\t","protected":false},"excerpt":{"rendered":"<p>Visselbl\u00e5sartj\u00e4nster\u00c4rendemottagning Vad inneb\u00e4r v\u00e5r mottagningstj\u00e4nst? \u00c4rendemottagning eller Intake Management betyder att en organisation anlitar en extern part f\u00f6r att ta emot visselbl\u00e5sarrapporten. Mottagningstj\u00e4nsten genomf\u00f6r en initial granskning av informationen f\u00f6r att s\u00e4kerst\u00e4lla att \u00e4rendet tilldelas till r\u00e4tt personer. I mottagningstj\u00e4nsten ing\u00e5r det ocks\u00e5 att \u00e5terkoppla till visselbl\u00e5saren och bekr\u00e4fta att rapporten tagits emot inom 7 [&hellip;]<\/p>\n","protected":false},"author":11,"featured_media":0,"parent":0,"menu_order":0,"comment_status":"closed","ping_status":"closed","template":"","meta":{"footnotes":""},"class_list":["post-16977","page","type-page","status-publish","hentry"],"yoast_head":"<!-- This site is optimized with the Yoast SEO Premium plugin v27.2 (Yoast SEO v27.3) - https:\/\/yoast.com\/product\/yoast-seo-premium-wordpress\/ -->\n<title>\u00c4rendemottagning - Whistlelink<\/title>\n<meta name=\"description\" content=\"V\u00e4lj Whistlelinks \u00e4rendemottagning f\u00f6r att minska arbetsb\u00f6rdan, garantera anonymitet och uppfylla kraven i EU:s visselbl\u00e5sardirektiv.\" \/>\n<meta name=\"robots\" content=\"index, follow, max-snippet:-1, max-image-preview:large, max-video-preview:-1\" \/>\n<link rel=\"canonical\" href=\"https:\/\/www.whistlelink.com\/sv\/arendemottagning\/\" \/>\n<meta property=\"og:locale\" content=\"sv_SE\" \/>\n<meta property=\"og:type\" content=\"article\" \/>\n<meta property=\"og:title\" content=\"\u00c4rendemottagning\" \/>\n<meta property=\"og:description\" content=\"V\u00e4lj Whistlelinks \u00e4rendemottagning f\u00f6r att minska arbetsb\u00f6rdan, garantera anonymitet och uppfylla kraven i EU:s visselbl\u00e5sardirektiv.\" \/>\n<meta property=\"og:url\" content=\"https:\/\/www.whistlelink.com\/sv\/arendemottagning\/\" \/>\n<meta property=\"og:site_name\" content=\"Whistlelink\" \/>\n<meta property=\"article:publisher\" content=\"https:\/\/www.facebook.com\/whistlelink\/\" \/>\n<meta property=\"article:modified_time\" content=\"2022-11-10T10:38:15+00:00\" \/>\n<meta name=\"twitter:card\" content=\"summary_large_image\" \/>\n<meta name=\"twitter:label1\" content=\"Ber\u00e4knad l\u00e4stid\" \/>\n\t<meta name=\"twitter:data1\" content=\"1 minut\" \/>\n<script type=\"application\/ld+json\" class=\"yoast-schema-graph\">{\"@context\":\"https:\\\/\\\/schema.org\",\"@graph\":[{\"@type\":\"WebPage\",\"@id\":\"https:\\\/\\\/www.whistlelink.com\\\/sv\\\/arendemottagning\\\/\",\"url\":\"https:\\\/\\\/www.whistlelink.com\\\/sv\\\/arendemottagning\\\/\",\"name\":\"\u00c4rendemottagning - Whistlelink\",\"isPartOf\":{\"@id\":\"https:\\\/\\\/www.whistlelink.com\\\/sv\\\/#website\"},\"datePublished\":\"2021-05-27T14:26:47+00:00\",\"dateModified\":\"2022-11-10T10:38:15+00:00\",\"description\":\"V\u00e4lj Whistlelinks \u00e4rendemottagning f\u00f6r att minska arbetsb\u00f6rdan, garantera anonymitet och uppfylla kraven i EU:s visselbl\u00e5sardirektiv.\",\"breadcrumb\":{\"@id\":\"https:\\\/\\\/www.whistlelink.com\\\/sv\\\/arendemottagning\\\/#breadcrumb\"},\"inLanguage\":\"sv-SE\",\"potentialAction\":[{\"@type\":\"ReadAction\",\"target\":[\"https:\\\/\\\/www.whistlelink.com\\\/sv\\\/arendemottagning\\\/\"]}]},{\"@type\":\"BreadcrumbList\",\"@id\":\"https:\\\/\\\/www.whistlelink.com\\\/sv\\\/arendemottagning\\\/#breadcrumb\",\"itemListElement\":[{\"@type\":\"ListItem\",\"position\":1,\"name\":\"Home\",\"item\":\"https:\\\/\\\/www.whistlelink.com\\\/sv\\\/\"},{\"@type\":\"ListItem\",\"position\":2,\"name\":\"\u00c4rendemottagning\"}]},{\"@type\":\"WebSite\",\"@id\":\"https:\\\/\\\/www.whistlelink.com\\\/sv\\\/#website\",\"url\":\"https:\\\/\\\/www.whistlelink.com\\\/sv\\\/\",\"name\":\"Whistlelink\",\"description\":\"A trusted provider of secure whistleblowing solutions.\",\"publisher\":{\"@id\":\"https:\\\/\\\/www.whistlelink.com\\\/sv\\\/#organization\"},\"potentialAction\":[{\"@type\":\"SearchAction\",\"target\":{\"@type\":\"EntryPoint\",\"urlTemplate\":\"https:\\\/\\\/www.whistlelink.com\\\/sv\\\/?s={search_term_string}\"},\"query-input\":{\"@type\":\"PropertyValueSpecification\",\"valueRequired\":true,\"valueName\":\"search_term_string\"}}],\"inLanguage\":\"sv-SE\"},{\"@type\":\"Organization\",\"@id\":\"https:\\\/\\\/www.whistlelink.com\\\/sv\\\/#organization\",\"name\":\"Whistlelink\",\"url\":\"https:\\\/\\\/www.whistlelink.com\\\/sv\\\/\",\"logo\":{\"@type\":\"ImageObject\",\"inLanguage\":\"sv-SE\",\"@id\":\"https:\\\/\\\/www.whistlelink.com\\\/sv\\\/#\\\/schema\\\/logo\\\/image\\\/\",\"url\":\"https:\\\/\\\/www.whistlelink.com\\\/wp-content\\\/uploads\\\/2021\\\/07\\\/WhistlelinkLogoEmail.png\",\"contentUrl\":\"https:\\\/\\\/www.whistlelink.com\\\/wp-content\\\/uploads\\\/2021\\\/07\\\/WhistlelinkLogoEmail.png\",\"width\":704,\"height\":75,\"caption\":\"Whistlelink\"},\"image\":{\"@id\":\"https:\\\/\\\/www.whistlelink.com\\\/sv\\\/#\\\/schema\\\/logo\\\/image\\\/\"},\"sameAs\":[\"https:\\\/\\\/www.facebook.com\\\/whistlelink\\\/\",\"https:\\\/\\\/www.linkedin.com\\\/company\\\/whistlelink\\\/\",\"https:\\\/\\\/vimeo.com\\\/user152082481\"]}]}<\/script>\n<!-- \/ Yoast SEO Premium plugin. -->","yoast_head_json":{"title":"\u00c4rendemottagning - Whistlelink","description":"V\u00e4lj Whistlelinks \u00e4rendemottagning f\u00f6r att minska arbetsb\u00f6rdan, garantera anonymitet och uppfylla kraven i EU:s visselbl\u00e5sardirektiv.","robots":{"index":"index","follow":"follow","max-snippet":"max-snippet:-1","max-image-preview":"max-image-preview:large","max-video-preview":"max-video-preview:-1"},"canonical":"https:\/\/www.whistlelink.com\/sv\/arendemottagning\/","og_locale":"sv_SE","og_type":"article","og_title":"\u00c4rendemottagning","og_description":"V\u00e4lj Whistlelinks \u00e4rendemottagning f\u00f6r att minska arbetsb\u00f6rdan, garantera anonymitet och uppfylla kraven i EU:s visselbl\u00e5sardirektiv.","og_url":"https:\/\/www.whistlelink.com\/sv\/arendemottagning\/","og_site_name":"Whistlelink","article_publisher":"https:\/\/www.facebook.com\/whistlelink\/","article_modified_time":"2022-11-10T10:38:15+00:00","twitter_card":"summary_large_image","twitter_misc":{"Ber\u00e4knad l\u00e4stid":"1 minut"},"schema":{"@context":"https:\/\/schema.org","@graph":[{"@type":"WebPage","@id":"https:\/\/www.whistlelink.com\/sv\/arendemottagning\/","url":"https:\/\/www.whistlelink.com\/sv\/arendemottagning\/","name":"\u00c4rendemottagning - Whistlelink","isPartOf":{"@id":"https:\/\/www.whistlelink.com\/sv\/#website"},"datePublished":"2021-05-27T14:26:47+00:00","dateModified":"2022-11-10T10:38:15+00:00","description":"V\u00e4lj Whistlelinks \u00e4rendemottagning f\u00f6r att minska arbetsb\u00f6rdan, garantera anonymitet och uppfylla kraven i EU:s visselbl\u00e5sardirektiv.","breadcrumb":{"@id":"https:\/\/www.whistlelink.com\/sv\/arendemottagning\/#breadcrumb"},"inLanguage":"sv-SE","potentialAction":[{"@type":"ReadAction","target":["https:\/\/www.whistlelink.com\/sv\/arendemottagning\/"]}]},{"@type":"BreadcrumbList","@id":"https:\/\/www.whistlelink.com\/sv\/arendemottagning\/#breadcrumb","itemListElement":[{"@type":"ListItem","position":1,"name":"Home","item":"https:\/\/www.whistlelink.com\/sv\/"},{"@type":"ListItem","position":2,"name":"\u00c4rendemottagning"}]},{"@type":"WebSite","@id":"https:\/\/www.whistlelink.com\/sv\/#website","url":"https:\/\/www.whistlelink.com\/sv\/","name":"Whistlelink","description":"A trusted provider of secure whistleblowing solutions.","publisher":{"@id":"https:\/\/www.whistlelink.com\/sv\/#organization"},"potentialAction":[{"@type":"SearchAction","target":{"@type":"EntryPoint","urlTemplate":"https:\/\/www.whistlelink.com\/sv\/?s={search_term_string}"},"query-input":{"@type":"PropertyValueSpecification","valueRequired":true,"valueName":"search_term_string"}}],"inLanguage":"sv-SE"},{"@type":"Organization","@id":"https:\/\/www.whistlelink.com\/sv\/#organization","name":"Whistlelink","url":"https:\/\/www.whistlelink.com\/sv\/","logo":{"@type":"ImageObject","inLanguage":"sv-SE","@id":"https:\/\/www.whistlelink.com\/sv\/#\/schema\/logo\/image\/","url":"https:\/\/www.whistlelink.com\/wp-content\/uploads\/2021\/07\/WhistlelinkLogoEmail.png","contentUrl":"https:\/\/www.whistlelink.com\/wp-content\/uploads\/2021\/07\/WhistlelinkLogoEmail.png","width":704,"height":75,"caption":"Whistlelink"},"image":{"@id":"https:\/\/www.whistlelink.com\/sv\/#\/schema\/logo\/image\/"},"sameAs":["https:\/\/www.facebook.com\/whistlelink\/","https:\/\/www.linkedin.com\/company\/whistlelink\/","https:\/\/vimeo.com\/user152082481"]}]}},"_links":{"self":[{"href":"https:\/\/www.whistlelink.com\/sv\/wp-json\/wp\/v2\/pages\/16977","targetHints":{"allow":["GET"]}}],"collection":[{"href":"https:\/\/www.whistlelink.com\/sv\/wp-json\/wp\/v2\/pages"}],"about":[{"href":"https:\/\/www.whistlelink.com\/sv\/wp-json\/wp\/v2\/types\/page"}],"author":[{"embeddable":true,"href":"https:\/\/www.whistlelink.com\/sv\/wp-json\/wp\/v2\/users\/11"}],"replies":[{"embeddable":true,"href":"https:\/\/www.whistlelink.com\/sv\/wp-json\/wp\/v2\/comments?post=16977"}],"version-history":[{"count":0,"href":"https:\/\/www.whistlelink.com\/sv\/wp-json\/wp\/v2\/pages\/16977\/revisions"}],"wp:attachment":[{"href":"https:\/\/www.whistlelink.com\/sv\/wp-json\/wp\/v2\/media?parent=16977"}],"curies":[{"name":"wp","href":"https:\/\/api.w.org\/{rel}","templated":true}]}}