{"id":41949,"date":"2022-11-13T22:20:55","date_gmt":"2022-11-13T21:20:55","guid":{"rendered":"https:\/\/www.whistlelink.com\/?page_id=41949"},"modified":"2023-03-03T08:15:02","modified_gmt":"2023-03-03T08:15:02","slug":"partner-som-rekommenderat","status":"publish","type":"page","link":"https:\/\/www.whistlelink.com\/sv\/partner-som-rekommenderat\/","title":{"rendered":"Partner som rekommenderat"},"content":{"rendered":"\t\t<div data-elementor-type=\"wp-page\" data-elementor-id=\"41949\" class=\"elementor elementor-41949 elementor-41132\" data-elementor-post-type=\"page\">\n\t\t\t\t\t\t<section class=\"elementor-section elementor-top-section elementor-element elementor-element-e9787b6 elementor-section-items-bottom elementor-section-height-min-height elementor-section-content-bottom elementor-section-boxed elementor-section-height-default\" data-id=\"e9787b6\" data-element_type=\"section\" data-e-type=\"section\" data-settings=\"{&quot;background_background&quot;:&quot;classic&quot;}\">\n\t\t\t\t\t\t\t<div class=\"elementor-background-overlay\"><\/div>\n\t\t\t\t\t\t\t<div class=\"elementor-container elementor-column-gap-default\">\n\t\t\t\t\t<div class=\"elementor-column elementor-col-100 elementor-top-column elementor-element elementor-element-12e7fad5\" data-id=\"12e7fad5\" data-element_type=\"column\" data-e-type=\"column\">\n\t\t\t<div class=\"elementor-widget-wrap elementor-element-populated\">\n\t\t\t\t\t\t<div class=\"elementor-element elementor-element-ac9e152 elementor-widget elementor-widget-heading\" data-id=\"ac9e152\" data-element_type=\"widget\" data-e-type=\"widget\" data-widget_type=\"heading.default\">\n\t\t\t\t<div class=\"elementor-widget-container\">\n\t\t\t\t\t<h1 class=\"elementor-heading-title elementor-size-default\">V\u00e4lkommen till Whistlelink<\/h1>\t\t\t\t<\/div>\n\t\t\t\t<\/div>\n\t\t\t\t<div class=\"elementor-element elementor-element-2003e036 elementor-widget elementor-widget-image\" data-id=\"2003e036\" data-element_type=\"widget\" data-e-type=\"widget\" data-widget_type=\"image.default\">\n\t\t\t\t<div class=\"elementor-widget-container\">\n\t\t\t\t\t\t\t\t\t\t\t\t\t\t\t<img fetchpriority=\"high\" decoding=\"async\" width=\"5000\" height=\"1624\" src=\"https:\/\/www.whistlelink.com\/wp-content\/uploads\/2022\/11\/landing_pageHero_swe.png\" class=\"attachment-full size-full wp-image-42543\" alt=\"\" srcset=\"https:\/\/www.whistlelink.com\/wp-content\/uploads\/2022\/11\/landing_pageHero_swe.png 5000w, https:\/\/www.whistlelink.com\/wp-content\/uploads\/2022\/11\/landing_pageHero_swe-300x97.png 300w, https:\/\/www.whistlelink.com\/wp-content\/uploads\/2022\/11\/landing_pageHero_swe-1600x520.png 1600w, https:\/\/www.whistlelink.com\/wp-content\/uploads\/2022\/11\/landing_pageHero_swe-768x249.png 768w, https:\/\/www.whistlelink.com\/wp-content\/uploads\/2022\/11\/landing_pageHero_swe-1536x499.png 1536w, https:\/\/www.whistlelink.com\/wp-content\/uploads\/2022\/11\/landing_pageHero_swe-2048x665.png 2048w\" sizes=\"(max-width: 5000px) 100vw, 5000px\" \/>\t\t\t\t\t\t\t\t\t\t\t\t\t\t\t<\/div>\n\t\t\t\t<\/div>\n\t\t\t\t\t<\/div>\n\t\t<\/div>\n\t\t\t\t\t<\/div>\n\t\t<\/section>\n\t\t\t\t<section class=\"elementor-section elementor-top-section elementor-element elementor-element-2b499e0f elementor-section-boxed elementor-section-height-default elementor-section-height-default\" data-id=\"2b499e0f\" data-element_type=\"section\" data-e-type=\"section\" data-settings=\"{&quot;background_background&quot;:&quot;classic&quot;}\">\n\t\t\t\t\t\t<div class=\"elementor-container elementor-column-gap-default\">\n\t\t\t\t\t<div class=\"elementor-column elementor-col-50 elementor-top-column elementor-element elementor-element-2b5cc9bc\" data-id=\"2b5cc9bc\" data-element_type=\"column\" data-e-type=\"column\">\n\t\t\t<div class=\"elementor-widget-wrap elementor-element-populated\">\n\t\t\t\t\t\t<div class=\"elementor-element elementor-element-595dd60 elementor-widget elementor-widget-heading\" data-id=\"595dd60\" data-element_type=\"widget\" data-e-type=\"widget\" data-widget_type=\"heading.default\">\n\t\t\t\t<div class=\"elementor-widget-container\">\n\t\t\t\t\t<h3 class=\"elementor-heading-title elementor-size-default\">Vi finns h\u00e4r f\u00f6r dig<\/h3>\t\t\t\t<\/div>\n\t\t\t\t<\/div>\n\t\t\t\t<div class=\"elementor-element elementor-element-25edf43 elementor-widget elementor-widget-text-editor\" data-id=\"25edf43\" data-element_type=\"widget\" data-e-type=\"widget\" data-widget_type=\"text-editor.default\">\n\t\t\t\t<div class=\"elementor-widget-container\">\n\t\t\t\t\t\t\t\t\t<div class=\"page\" title=\"Page 1\"><div class=\"section\"><div class=\"layoutArea\"><div class=\"column\"><p>Fyll i formul\u00e4ret eller ring oss p\u00e5 numret nedan, s\u00e5 kommer Annelie Demred att ta kontakt med dig s\u00e5 snart som m\u00f6jligt.<\/p><\/div><\/div><\/div><\/div>\t\t\t\t\t\t\t\t<\/div>\n\t\t\t\t<\/div>\n\t\t\t\t<div class=\"elementor-element elementor-element-f05a1a1 elementor-widget elementor-widget-spacer\" data-id=\"f05a1a1\" data-element_type=\"widget\" data-e-type=\"widget\" data-widget_type=\"spacer.default\">\n\t\t\t\t<div class=\"elementor-widget-container\">\n\t\t\t\t\t\t\t<div class=\"elementor-spacer\">\n\t\t\t<div class=\"elementor-spacer-inner\"><\/div>\n\t\t<\/div>\n\t\t\t\t\t\t<\/div>\n\t\t\t\t<\/div>\n\t\t\t\t<section class=\"elementor-section elementor-inner-section elementor-element elementor-element-e72003a elementor-section-boxed elementor-section-height-default elementor-section-height-default\" data-id=\"e72003a\" data-element_type=\"section\" data-e-type=\"section\">\n\t\t\t\t\t\t<div class=\"elementor-container elementor-column-gap-default\">\n\t\t\t\t\t<div class=\"elementor-column elementor-col-50 elementor-inner-column elementor-element elementor-element-41d01e9\" data-id=\"41d01e9\" data-element_type=\"column\" data-e-type=\"column\">\n\t\t\t<div class=\"elementor-widget-wrap elementor-element-populated\">\n\t\t\t\t\t\t<div class=\"elementor-element elementor-element-4979ddd elementor-widget elementor-widget-image\" data-id=\"4979ddd\" data-element_type=\"widget\" data-e-type=\"widget\" data-widget_type=\"image.default\">\n\t\t\t\t<div class=\"elementor-widget-container\">\n\t\t\t\t\t\t\t\t\t\t\t\t\t\t\t<img decoding=\"async\" width=\"800\" height=\"800\" src=\"https:\/\/www.whistlelink.com\/wp-content\/uploads\/2021\/04\/Annelie_round-1024x1024.png\" class=\"attachment-large size-large wp-image-7157\" alt=\"\" srcset=\"https:\/\/www.whistlelink.com\/wp-content\/uploads\/2021\/04\/Annelie_round-1024x1024.png 1024w, https:\/\/www.whistlelink.com\/wp-content\/uploads\/2021\/04\/Annelie_round-300x300.png 300w, https:\/\/www.whistlelink.com\/wp-content\/uploads\/2021\/04\/Annelie_round-150x150.png 150w, https:\/\/www.whistlelink.com\/wp-content\/uploads\/2021\/04\/Annelie_round-768x768.png 768w, https:\/\/www.whistlelink.com\/wp-content\/uploads\/2021\/04\/Annelie_round.png 1200w\" sizes=\"(max-width: 800px) 100vw, 800px\" \/>\t\t\t\t\t\t\t\t\t\t\t\t\t\t\t<\/div>\n\t\t\t\t<\/div>\n\t\t\t\t\t<\/div>\n\t\t<\/div>\n\t\t\t\t<div class=\"elementor-column elementor-col-50 elementor-inner-column elementor-element elementor-element-738cbe2\" data-id=\"738cbe2\" data-element_type=\"column\" data-e-type=\"column\">\n\t\t\t<div class=\"elementor-widget-wrap elementor-element-populated\">\n\t\t\t\t\t\t<div class=\"elementor-element elementor-element-33c385e elementor-widget elementor-widget-text-editor\" data-id=\"33c385e\" data-element_type=\"widget\" data-e-type=\"widget\" data-widget_type=\"text-editor.default\">\n\t\t\t\t<div class=\"elementor-widget-container\">\n\t\t\t\t\t\t\t\t\t<h5>Annelie Demred<br \/>VP Strategy &amp; Growth for Europe<\/h5><div>Email: <a href=\"mailto:annelie.demred@whistlelink.com\">annelie.demred@whistlelink.com<\/a><\/div><div>Tel: <a href=\"http:\/\/+46 (0)706 838288\" data-wplink-url-error=\"true\">+46 (0)706 838288<\/a><\/div>\t\t\t\t\t\t\t\t<\/div>\n\t\t\t\t<\/div>\n\t\t\t\t\t<\/div>\n\t\t<\/div>\n\t\t\t\t\t<\/div>\n\t\t<\/section>\n\t\t\t\t\t<\/div>\n\t\t<\/div>\n\t\t\t\t<div class=\"elementor-column elementor-col-50 elementor-top-column elementor-element elementor-element-7bdd79c\" data-id=\"7bdd79c\" data-element_type=\"column\" data-e-type=\"column\">\n\t\t\t<div class=\"elementor-widget-wrap elementor-element-populated\">\n\t\t\t\t\t\t<div class=\"elementor-element elementor-element-96e9099 wlink-custom-form elementor-button-align-stretch elementor-widget elementor-widget-form\" data-id=\"96e9099\" data-element_type=\"widget\" data-e-type=\"widget\" data-settings=\"{&quot;step_next_label&quot;:&quot;Next&quot;,&quot;step_previous_label&quot;:&quot;Previous&quot;,&quot;button_width&quot;:&quot;100&quot;,&quot;step_type&quot;:&quot;number_text&quot;,&quot;step_icon_shape&quot;:&quot;circle&quot;}\" data-widget_type=\"form.default\">\n\t\t\t\t<div class=\"elementor-widget-container\">\n\t\t\t\t\t\t\t<form class=\"elementor-form\" method=\"post\" name=\"Partner with us\" aria-label=\"Partner with us\">\n\t\t\t<input type=\"hidden\" name=\"post_id\" value=\"41949\"\/>\n\t\t\t<input type=\"hidden\" name=\"form_id\" value=\"96e9099\"\/>\n\t\t\t<input type=\"hidden\" name=\"referer_title\" value=\"Partner som rekommenderat - Whistlelink\" \/>\n\n\t\t\t\t\t\t\t<input type=\"hidden\" name=\"queried_id\" value=\"41949\"\/>\n\t\t\t\n\t\t\t<div class=\"elementor-form-fields-wrapper elementor-labels-\">\n\t\t\t\t\t\t\t\t<div class=\"elementor-field-type-text elementor-field-group elementor-column elementor-field-group-name elementor-col-100 elementor-field-required\">\n\t\t\t\t\t\t\t\t\t\t\t\t<label for=\"form-field-name\" class=\"elementor-field-label elementor-screen-only\">\n\t\t\t\t\t\t\t\tName\t\t\t\t\t\t\t<\/label>\n\t\t\t\t\t\t\t\t\t\t\t\t\t\t<input size=\"1\" type=\"text\" name=\"form_fields[name]\" id=\"form-field-name\" class=\"elementor-field elementor-size-md  elementor-field-textual\" placeholder=\"Namn*\" required=\"required\">\n\t\t\t\t\t\t\t\t\t\t\t<\/div>\n\t\t\t\t\t\t\t\t<div class=\"elementor-field-type-text elementor-field-group elementor-column elementor-field-group-company_name elementor-col-100 elementor-field-required\">\n\t\t\t\t\t\t\t\t\t\t\t\t<label for=\"form-field-company_name\" class=\"elementor-field-label elementor-screen-only\">\n\t\t\t\t\t\t\t\tCompany name\t\t\t\t\t\t\t<\/label>\n\t\t\t\t\t\t\t\t\t\t\t\t\t\t<input size=\"1\" type=\"text\" name=\"form_fields[company_name]\" id=\"form-field-company_name\" class=\"elementor-field elementor-size-md  elementor-field-textual\" placeholder=\"Bolagsnamn: *\" required=\"required\">\n\t\t\t\t\t\t\t\t\t\t\t<\/div>\n\t\t\t\t\t\t\t\t<div class=\"elementor-field-type-text elementor-field-group elementor-column elementor-field-group-your_email elementor-col-100 elementor-field-required\">\n\t\t\t\t\t\t\t\t\t\t\t\t<label for=\"form-field-your_email\" class=\"elementor-field-label elementor-screen-only\">\n\t\t\t\t\t\t\t\tYour email\t\t\t\t\t\t\t<\/label>\n\t\t\t\t\t\t\t\t\t\t\t\t\t\t<input size=\"1\" type=\"text\" name=\"form_fields[your_email]\" id=\"form-field-your_email\" class=\"elementor-field elementor-size-md  elementor-field-textual\" placeholder=\"Din email: *\" required=\"required\">\n\t\t\t\t\t\t\t\t\t\t\t<\/div>\n\t\t\t\t\t\t\t\t<div class=\"elementor-field-type-text elementor-field-group elementor-column elementor-field-group-recommeneded elementor-col-100 elementor-field-required\">\n\t\t\t\t\t\t\t\t\t\t\t\t<label for=\"form-field-recommeneded\" class=\"elementor-field-label elementor-screen-only\">\n\t\t\t\t\t\t\t\t Which company has recommended you to us\t\t\t\t\t\t\t<\/label>\n\t\t\t\t\t\t\t\t\t\t\t\t\t\t<input size=\"1\" type=\"text\" name=\"form_fields[recommeneded]\" id=\"form-field-recommeneded\" class=\"elementor-field elementor-size-md  elementor-field-textual\" placeholder=\"Vilket bolag har rekommenderat oss? *\" required=\"required\">\n\t\t\t\t\t\t\t\t\t\t\t<\/div>\n\t\t\t\t\t\t\t\t<div class=\"elementor-field-type-text\">\n\t\t\t\t\t<input size=\"1\" type=\"text\" name=\"form_fields[field_1c4744b]\" id=\"form-field-field_1c4744b\" class=\"elementor-field elementor-size-md \" style=\"display:none !important;\">\t\t\t\t<\/div>\n\t\t\t\t\t\t\t\t<div class=\"elementor-field-type-acceptance elementor-field-group elementor-column elementor-field-group-termsofservice elementor-col-100 elementor-field-required\">\n\t\t\t\t\t\t\t\t\t\t\t\t<label for=\"form-field-termsofservice\" class=\"elementor-field-label elementor-screen-only\">\n\t\t\t\t\t\t\t\tTerms of service\t\t\t\t\t\t\t<\/label>\n\t\t\t\t\t\t\t\t<div class=\"elementor-field-subgroup\">\n\t\t\t<span class=\"elementor-field-option\">\n\t\t\t\t<input type=\"checkbox\" name=\"form_fields[termsofservice]\" id=\"form-field-termsofservice\" class=\"elementor-field elementor-size-md  elementor-acceptance-field\" required=\"required\">\n\t\t\t\t<label for=\"form-field-termsofservice\">Jag har l\u00e4st och godk\u00e4nner Whistlelinks \n<a href=\"https:\/\/www.whistlelink.com\/terms\/\">anv\u00e4ndarvillkor<\/a><\/label>\t\t\t<\/span>\n\t\t<\/div>\n\t\t\t\t\t\t<\/div>\n\t\t\t\t\t\t\t\t<div class=\"elementor-field-group elementor-column elementor-field-type-submit elementor-col-100 e-form__buttons\">\n\t\t\t\t\t<button class=\"elementor-button elementor-size-sm\" type=\"submit\">\n\t\t\t\t\t\t<span class=\"elementor-button-content-wrapper\">\n\t\t\t\t\t\t\t\t\t\t\t\t\t\t\t\t\t\t\t\t\t\t<span class=\"elementor-button-text\">Skicka<\/span>\n\t\t\t\t\t\t\t\t\t\t\t\t\t<\/span>\n\t\t\t\t\t<\/button>\n\t\t\t\t<\/div>\n\t\t\t<\/div>\n\t\t<\/form>\n\t\t\t\t\t\t<\/div>\n\t\t\t\t<\/div>\n\t\t\t\t<div class=\"elementor-element elementor-element-af156cf custom-form-footer-policy elementor-widget elementor-widget-text-editor\" data-id=\"af156cf\" data-element_type=\"widget\" data-e-type=\"widget\" data-widget_type=\"text-editor.default\">\n\t\t\t\t<div class=\"elementor-widget-container\">\n\t\t\t\t\t\t\t\t\t<p>Whistlelink respekterar din integritet. Vi kommer endast att kontakta dig ang\u00e5ende v\u00e5ra produkter. Du kan av-registrera dig n\u00e4r som helst. F\u00f6r mer information, l\u00e4s v\u00e5r <a href=\"https:\/\/www.whistlelink.com\/privacy-notice\/\" target=\"_blank\" rel=\"noopener\">Integritetspolicy<\/a>.<\/p>\t\t\t\t\t\t\t\t<\/div>\n\t\t\t\t<\/div>\n\t\t\t\t\t<\/div>\n\t\t<\/div>\n\t\t\t\t\t<\/div>\n\t\t<\/section>\n\t\t\t\t<\/div>\n\t\t","protected":false},"excerpt":{"rendered":"<p>V\u00e4lkommen till Whistlelink Vi finns h\u00e4r f\u00f6r dig Fyll i formul\u00e4ret eller ring oss p\u00e5 numret nedan, s\u00e5 kommer Annelie Demred att ta kontakt med dig s\u00e5 snart som m\u00f6jligt. Annelie DemredVP Strategy &amp; Growth for Europe Email: annelie.demred@whistlelink.comTel: +46 (0)706 838288 Whistlelink respekterar din integritet. Vi kommer endast att kontakta dig ang\u00e5ende v\u00e5ra produkter. [&hellip;]<\/p>\n","protected":false},"author":9,"featured_media":0,"parent":0,"menu_order":0,"comment_status":"closed","ping_status":"closed","template":"","meta":{"footnotes":""},"class_list":["post-41949","page","type-page","status-publish","hentry"],"yoast_head":"<!-- This site is optimized with the Yoast SEO Premium plugin v27.3 (Yoast SEO v27.4) - https:\/\/yoast.com\/product\/yoast-seo-premium-wordpress\/ -->\n<title>Partner som rekommenderat - Whistlelink<\/title>\n<meta name=\"robots\" content=\"index, follow, max-snippet:-1, max-image-preview:large, max-video-preview:-1\" \/>\n<link rel=\"canonical\" href=\"https:\/\/www.whistlelink.com\/sv\/partner-som-rekommenderat\/\" \/>\n<meta property=\"og:locale\" content=\"sv_SE\" \/>\n<meta property=\"og:type\" content=\"article\" \/>\n<meta property=\"og:title\" content=\"Partner som rekommenderat\" \/>\n<meta property=\"og:description\" content=\"V\u00e4lkommen till Whistlelink Vi finns h\u00e4r f\u00f6r dig Fyll i formul\u00e4ret eller ring oss p\u00e5 numret nedan, s\u00e5 kommer Annelie Demred att ta kontakt med dig s\u00e5 snart som m\u00f6jligt. Annelie DemredVP Strategy &amp; Growth for Europe Email: annelie.demred@whistlelink.comTel: +46 (0)706 838288 Whistlelink respekterar din integritet. Vi kommer endast att kontakta dig ang\u00e5ende v\u00e5ra produkter. [&hellip;]\" \/>\n<meta property=\"og:url\" content=\"https:\/\/www.whistlelink.com\/sv\/partner-som-rekommenderat\/\" \/>\n<meta property=\"og:site_name\" content=\"Whistlelink\" \/>\n<meta property=\"article:publisher\" content=\"https:\/\/www.facebook.com\/whistlelink\/\" \/>\n<meta property=\"article:modified_time\" content=\"2023-03-03T08:15:02+00:00\" \/>\n<meta property=\"og:image\" content=\"https:\/\/www.whistlelink.com\/wp-content\/uploads\/2022\/11\/landing_pageHero_swe.png\" \/>\n<meta name=\"twitter:card\" content=\"summary_large_image\" \/>\n<meta name=\"twitter:label1\" content=\"Ber\u00e4knad l\u00e4stid\" \/>\n\t<meta name=\"twitter:data1\" content=\"1 minut\" \/>\n<script type=\"application\/ld+json\" class=\"yoast-schema-graph\">{\"@context\":\"https:\\\/\\\/schema.org\",\"@graph\":[{\"@type\":\"WebPage\",\"@id\":\"https:\\\/\\\/www.whistlelink.com\\\/sv\\\/partner-som-rekommenderat\\\/\",\"url\":\"https:\\\/\\\/www.whistlelink.com\\\/sv\\\/partner-som-rekommenderat\\\/\",\"name\":\"Partner som rekommenderat - Whistlelink\",\"isPartOf\":{\"@id\":\"https:\\\/\\\/www.whistlelink.com\\\/sv\\\/#website\"},\"primaryImageOfPage\":{\"@id\":\"https:\\\/\\\/www.whistlelink.com\\\/sv\\\/partner-som-rekommenderat\\\/#primaryimage\"},\"image\":{\"@id\":\"https:\\\/\\\/www.whistlelink.com\\\/sv\\\/partner-som-rekommenderat\\\/#primaryimage\"},\"thumbnailUrl\":\"https:\\\/\\\/www.whistlelink.com\\\/wp-content\\\/uploads\\\/2022\\\/11\\\/landing_pageHero_swe.png\",\"datePublished\":\"2022-11-13T21:20:55+00:00\",\"dateModified\":\"2023-03-03T08:15:02+00:00\",\"breadcrumb\":{\"@id\":\"https:\\\/\\\/www.whistlelink.com\\\/sv\\\/partner-som-rekommenderat\\\/#breadcrumb\"},\"inLanguage\":\"sv-SE\",\"potentialAction\":[{\"@type\":\"ReadAction\",\"target\":[\"https:\\\/\\\/www.whistlelink.com\\\/sv\\\/partner-som-rekommenderat\\\/\"]}]},{\"@type\":\"ImageObject\",\"inLanguage\":\"sv-SE\",\"@id\":\"https:\\\/\\\/www.whistlelink.com\\\/sv\\\/partner-som-rekommenderat\\\/#primaryimage\",\"url\":\"https:\\\/\\\/www.whistlelink.com\\\/wp-content\\\/uploads\\\/2022\\\/11\\\/landing_pageHero_swe.png\",\"contentUrl\":\"https:\\\/\\\/www.whistlelink.com\\\/wp-content\\\/uploads\\\/2022\\\/11\\\/landing_pageHero_swe.png\"},{\"@type\":\"BreadcrumbList\",\"@id\":\"https:\\\/\\\/www.whistlelink.com\\\/sv\\\/partner-som-rekommenderat\\\/#breadcrumb\",\"itemListElement\":[{\"@type\":\"ListItem\",\"position\":1,\"name\":\"Home\",\"item\":\"https:\\\/\\\/www.whistlelink.com\\\/sv\\\/\"},{\"@type\":\"ListItem\",\"position\":2,\"name\":\"Partner som rekommenderat\"}]},{\"@type\":\"WebSite\",\"@id\":\"https:\\\/\\\/www.whistlelink.com\\\/sv\\\/#website\",\"url\":\"https:\\\/\\\/www.whistlelink.com\\\/sv\\\/\",\"name\":\"Whistlelink\",\"description\":\"A trusted provider of secure whistleblowing solutions.\",\"publisher\":{\"@id\":\"https:\\\/\\\/www.whistlelink.com\\\/sv\\\/#organization\"},\"potentialAction\":[{\"@type\":\"SearchAction\",\"target\":{\"@type\":\"EntryPoint\",\"urlTemplate\":\"https:\\\/\\\/www.whistlelink.com\\\/sv\\\/?s={search_term_string}\"},\"query-input\":{\"@type\":\"PropertyValueSpecification\",\"valueRequired\":true,\"valueName\":\"search_term_string\"}}],\"inLanguage\":\"sv-SE\"},{\"@type\":\"Organization\",\"@id\":\"https:\\\/\\\/www.whistlelink.com\\\/sv\\\/#organization\",\"name\":\"Whistlelink\",\"url\":\"https:\\\/\\\/www.whistlelink.com\\\/sv\\\/\",\"logo\":{\"@type\":\"ImageObject\",\"inLanguage\":\"sv-SE\",\"@id\":\"https:\\\/\\\/www.whistlelink.com\\\/sv\\\/#\\\/schema\\\/logo\\\/image\\\/\",\"url\":\"https:\\\/\\\/www.whistlelink.com\\\/wp-content\\\/uploads\\\/2021\\\/07\\\/WhistlelinkLogoEmail.png\",\"contentUrl\":\"https:\\\/\\\/www.whistlelink.com\\\/wp-content\\\/uploads\\\/2021\\\/07\\\/WhistlelinkLogoEmail.png\",\"width\":704,\"height\":75,\"caption\":\"Whistlelink\"},\"image\":{\"@id\":\"https:\\\/\\\/www.whistlelink.com\\\/sv\\\/#\\\/schema\\\/logo\\\/image\\\/\"},\"sameAs\":[\"https:\\\/\\\/www.facebook.com\\\/whistlelink\\\/\",\"https:\\\/\\\/www.linkedin.com\\\/company\\\/whistlelink\\\/\",\"https:\\\/\\\/vimeo.com\\\/user152082481\"]}]}<\/script>\n<!-- \/ Yoast SEO Premium plugin. -->","yoast_head_json":{"title":"Partner som rekommenderat - Whistlelink","robots":{"index":"index","follow":"follow","max-snippet":"max-snippet:-1","max-image-preview":"max-image-preview:large","max-video-preview":"max-video-preview:-1"},"canonical":"https:\/\/www.whistlelink.com\/sv\/partner-som-rekommenderat\/","og_locale":"sv_SE","og_type":"article","og_title":"Partner som rekommenderat","og_description":"V\u00e4lkommen till Whistlelink Vi finns h\u00e4r f\u00f6r dig Fyll i formul\u00e4ret eller ring oss p\u00e5 numret nedan, s\u00e5 kommer Annelie Demred att ta kontakt med dig s\u00e5 snart som m\u00f6jligt. Annelie DemredVP Strategy &amp; Growth for Europe Email: annelie.demred@whistlelink.comTel: +46 (0)706 838288 Whistlelink respekterar din integritet. Vi kommer endast att kontakta dig ang\u00e5ende v\u00e5ra produkter. [&hellip;]","og_url":"https:\/\/www.whistlelink.com\/sv\/partner-som-rekommenderat\/","og_site_name":"Whistlelink","article_publisher":"https:\/\/www.facebook.com\/whistlelink\/","article_modified_time":"2023-03-03T08:15:02+00:00","og_image":[{"url":"https:\/\/www.whistlelink.com\/wp-content\/uploads\/2022\/11\/landing_pageHero_swe.png","type":"","width":"","height":""}],"twitter_card":"summary_large_image","twitter_misc":{"Ber\u00e4knad l\u00e4stid":"1 minut"},"schema":{"@context":"https:\/\/schema.org","@graph":[{"@type":"WebPage","@id":"https:\/\/www.whistlelink.com\/sv\/partner-som-rekommenderat\/","url":"https:\/\/www.whistlelink.com\/sv\/partner-som-rekommenderat\/","name":"Partner som rekommenderat - Whistlelink","isPartOf":{"@id":"https:\/\/www.whistlelink.com\/sv\/#website"},"primaryImageOfPage":{"@id":"https:\/\/www.whistlelink.com\/sv\/partner-som-rekommenderat\/#primaryimage"},"image":{"@id":"https:\/\/www.whistlelink.com\/sv\/partner-som-rekommenderat\/#primaryimage"},"thumbnailUrl":"https:\/\/www.whistlelink.com\/wp-content\/uploads\/2022\/11\/landing_pageHero_swe.png","datePublished":"2022-11-13T21:20:55+00:00","dateModified":"2023-03-03T08:15:02+00:00","breadcrumb":{"@id":"https:\/\/www.whistlelink.com\/sv\/partner-som-rekommenderat\/#breadcrumb"},"inLanguage":"sv-SE","potentialAction":[{"@type":"ReadAction","target":["https:\/\/www.whistlelink.com\/sv\/partner-som-rekommenderat\/"]}]},{"@type":"ImageObject","inLanguage":"sv-SE","@id":"https:\/\/www.whistlelink.com\/sv\/partner-som-rekommenderat\/#primaryimage","url":"https:\/\/www.whistlelink.com\/wp-content\/uploads\/2022\/11\/landing_pageHero_swe.png","contentUrl":"https:\/\/www.whistlelink.com\/wp-content\/uploads\/2022\/11\/landing_pageHero_swe.png"},{"@type":"BreadcrumbList","@id":"https:\/\/www.whistlelink.com\/sv\/partner-som-rekommenderat\/#breadcrumb","itemListElement":[{"@type":"ListItem","position":1,"name":"Home","item":"https:\/\/www.whistlelink.com\/sv\/"},{"@type":"ListItem","position":2,"name":"Partner som rekommenderat"}]},{"@type":"WebSite","@id":"https:\/\/www.whistlelink.com\/sv\/#website","url":"https:\/\/www.whistlelink.com\/sv\/","name":"Whistlelink","description":"A trusted provider of secure whistleblowing solutions.","publisher":{"@id":"https:\/\/www.whistlelink.com\/sv\/#organization"},"potentialAction":[{"@type":"SearchAction","target":{"@type":"EntryPoint","urlTemplate":"https:\/\/www.whistlelink.com\/sv\/?s={search_term_string}"},"query-input":{"@type":"PropertyValueSpecification","valueRequired":true,"valueName":"search_term_string"}}],"inLanguage":"sv-SE"},{"@type":"Organization","@id":"https:\/\/www.whistlelink.com\/sv\/#organization","name":"Whistlelink","url":"https:\/\/www.whistlelink.com\/sv\/","logo":{"@type":"ImageObject","inLanguage":"sv-SE","@id":"https:\/\/www.whistlelink.com\/sv\/#\/schema\/logo\/image\/","url":"https:\/\/www.whistlelink.com\/wp-content\/uploads\/2021\/07\/WhistlelinkLogoEmail.png","contentUrl":"https:\/\/www.whistlelink.com\/wp-content\/uploads\/2021\/07\/WhistlelinkLogoEmail.png","width":704,"height":75,"caption":"Whistlelink"},"image":{"@id":"https:\/\/www.whistlelink.com\/sv\/#\/schema\/logo\/image\/"},"sameAs":["https:\/\/www.facebook.com\/whistlelink\/","https:\/\/www.linkedin.com\/company\/whistlelink\/","https:\/\/vimeo.com\/user152082481"]}]}},"_links":{"self":[{"href":"https:\/\/www.whistlelink.com\/sv\/wp-json\/wp\/v2\/pages\/41949","targetHints":{"allow":["GET"]}}],"collection":[{"href":"https:\/\/www.whistlelink.com\/sv\/wp-json\/wp\/v2\/pages"}],"about":[{"href":"https:\/\/www.whistlelink.com\/sv\/wp-json\/wp\/v2\/types\/page"}],"author":[{"embeddable":true,"href":"https:\/\/www.whistlelink.com\/sv\/wp-json\/wp\/v2\/users\/9"}],"replies":[{"embeddable":true,"href":"https:\/\/www.whistlelink.com\/sv\/wp-json\/wp\/v2\/comments?post=41949"}],"version-history":[{"count":4,"href":"https:\/\/www.whistlelink.com\/sv\/wp-json\/wp\/v2\/pages\/41949\/revisions"}],"predecessor-version":[{"id":49901,"href":"https:\/\/www.whistlelink.com\/sv\/wp-json\/wp\/v2\/pages\/41949\/revisions\/49901"}],"wp:attachment":[{"href":"https:\/\/www.whistlelink.com\/sv\/wp-json\/wp\/v2\/media?parent=41949"}],"curies":[{"name":"wp","href":"https:\/\/api.w.org\/{rel}","templated":true}]}}