{"id":50262,"date":"2021-01-19T11:50:01","date_gmt":"2021-01-19T10:50:01","guid":{"rendered":"https:\/\/www.whistlelink.com\/?page_id=50262"},"modified":"2025-10-10T13:50:17","modified_gmt":"2025-10-10T12:50:17","slug":"personuppgiftsbitradesavtal","status":"publish","type":"page","link":"https:\/\/www.whistlelink.com\/sv\/personuppgiftsbitradesavtal\/","title":{"rendered":"PERSONUPPGIFTSBITR\u00c4DESAVTAL"},"content":{"rendered":"\t\t<div data-elementor-type=\"wp-page\" data-elementor-id=\"50262\" class=\"elementor elementor-50262 elementor-2388\" data-elementor-post-type=\"page\">\n\t\t\t\t\t\t<section class=\"elementor-section elementor-top-section elementor-element elementor-element-d34bea1 elementor-section-boxed elementor-section-height-default elementor-section-height-default\" data-id=\"d34bea1\" data-element_type=\"section\" data-e-type=\"section\">\n\t\t\t\t\t\t<div class=\"elementor-container elementor-column-gap-default\">\n\t\t\t\t\t<div class=\"elementor-column elementor-col-100 elementor-top-column elementor-element elementor-element-925f61b\" data-id=\"925f61b\" data-element_type=\"column\" data-e-type=\"column\">\n\t\t\t<div class=\"elementor-widget-wrap elementor-element-populated\">\n\t\t\t\t\t\t<div class=\"elementor-element elementor-element-c8ddf39 elementor-widget elementor-widget-heading\" data-id=\"c8ddf39\" data-element_type=\"widget\" data-e-type=\"widget\" data-widget_type=\"heading.default\">\n\t\t\t\t<div class=\"elementor-widget-container\">\n\t\t\t\t\t<h1 class=\"elementor-heading-title elementor-size-default\">PERSONUPPGIFTSBITR\u00c4DESAVTAL<\/h1>\t\t\t\t<\/div>\n\t\t\t\t<\/div>\n\t\t\t\t\t<\/div>\n\t\t<\/div>\n\t\t\t\t\t<\/div>\n\t\t<\/section>\n\t\t\t\t<section class=\"elementor-section elementor-top-section elementor-element elementor-element-194b483 elementor-section-boxed elementor-section-height-default elementor-section-height-default\" data-id=\"194b483\" data-element_type=\"section\" data-e-type=\"section\">\n\t\t\t\t\t\t<div class=\"elementor-container elementor-column-gap-default\">\n\t\t\t\t\t<div class=\"elementor-column elementor-col-100 elementor-top-column elementor-element elementor-element-3e6ef9a\" data-id=\"3e6ef9a\" data-element_type=\"column\" data-e-type=\"column\">\n\t\t\t<div class=\"elementor-widget-wrap elementor-element-populated\">\n\t\t\t\t\t\t<div class=\"elementor-element elementor-element-7ca422b elementor-widget elementor-widget-text-editor\" data-id=\"7ca422b\" data-element_type=\"widget\" data-e-type=\"widget\" data-widget_type=\"text-editor.default\">\n\t\t\t\t<div class=\"elementor-widget-container\">\n\t\t\t\t\t\t\t\t\t<p><em>Detta personuppgiftsbitr\u00e4desavtal reglerar den behandling av personuppgifter som sker p\u00e5 grund av att kunden anv\u00e4nder Visselbl\u00e5sarl\u00f6sning enligt avtalet och \u00e4r d\u00e4rf\u00f6r en viktig del av avtalet. De kunddata som kunden l\u00e4gger in i Visselbl\u00e5sarsystemetet krypteras, och vi har ingen tillg\u00e5ng till denna information ut\u00f6ver att vi lagrar den p\u00e5 v\u00e5ra servrar, och att vi i undantagsfall kan beh\u00f6va hj\u00e4lpa kunden i samband med support\u00e4renden. Denna lagring inneb\u00e4r att vi enligt dataskyddsf\u00f6rordningen (2016\/679) (\u201dGDPR\u201d) anses behandla personuppgifter f\u00f6r kundens r\u00e4kning, och vi fungerar d\u00e4rmed som personuppgiftsbitr\u00e4de i f\u00f6rh\u00e5llande till kundens roll som personuppgiftsansvarig. Villkoren i detta behandlingsavtal ska tolkas i enlighet med GDPR samt eventuella lokala anpassningar och f\u00f6rordningar avseende dataskydd (tillsammans kallade \u201d<strong>dataskyddsregler<\/strong>\u201d). Villkoren i behandlingsavtalet ska ha samma inneb\u00f6rd som framg\u00e5r av framf\u00f6r allt dataskyddsreglerna och i \u00f6vrigt av avtalet, f\u00f6rs\u00e5vitt inte annat tydligt framg\u00e5r av omst\u00e4ndigheterna. <\/em><\/p>\t\t\t\t\t\t\t\t<\/div>\n\t\t\t\t<\/div>\n\t\t\t\t<div class=\"elementor-element elementor-element-54bf012 elementor-widget elementor-widget-text-editor\" data-id=\"54bf012\" data-element_type=\"widget\" data-e-type=\"widget\" data-widget_type=\"text-editor.default\">\n\t\t\t\t<div class=\"elementor-widget-container\">\n\t\t\t\t\t\t\t\t\t<h5>1.\u00a0 \u00a0 \u00a0Ansvar och instruktion<\/h5><p>1.1 detta behandlingsavtal behandlas av personuppgiftsbitr\u00e4det i samband med att personuppgiftsbitr\u00e4det tillhandah\u00e5ller Visselbl\u00e5sarsystemetet och behandlingens syfte, art, varaktighet och \u00e4ndam\u00e5l beskrivs i avsnitt 5. Kunden ska s\u00e4kerst\u00e4lla att personuppgiftsbitr\u00e4det inte behandlar andra datakategorier \u00e4n vad som anges i avsnitt 5.<\/p><p>1.2 Kunden \u00e4r medveten om att Visselbl\u00e5sarsystemetet \u00e4r en plattform som distribueras till ett stort antal kunder och att vi d\u00e4rf\u00f6r inte n\u00f6dv\u00e4ndigtvis har m\u00f6jlighet att f\u00f6lja instruktioner som inte \u00e4r en direkt konsekvens av kundens behov av att f\u00f6lja dataskyddsreglerna. Om kunden ger oss instruktioner som vi inte kan f\u00f6lja \u00e4r det kundens plikt att sluta registrera och exportera alla kunddata som ber\u00f6rs av aktuella instruktioner. Ovanst\u00e5ende ska inte betraktas som avtalsbrott och ber\u00f6r inte tillg\u00e4ngligheten f\u00f6r Visselbl\u00e5sarsystemetet.<\/p><p>1.3 Kunden \u00e4r personuppgiftsansvarig f\u00f6r alla personuppgifter som personuppgiftsbitr\u00e4det behandlar \u00e5 kundens v\u00e4gnar enligt behandlingsavtalet. Kunden ansvarar d\u00e4rf\u00f6r f\u00f6r att f\u00f6lja till\u00e4mpliga dataskyddsregler och \u00e5tar sig att f\u00f6lja g\u00e4llande riktlinjer f\u00f6r anv\u00e4ndning av Visselbl\u00e5sarsystemetet samt den lagstiftning som g\u00e4ller hantering av visselbl\u00e5sare.<\/p><p>1.4 Genom att ing\u00e5 detta avtal vidg\u00e5r kunden att de s\u00e4kerhets\u00e5tg\u00e4rder som specificeras i <a href=\"https:\/\/www.whistlelink.com\/sv\/measures\/\">Visselbl\u00e5sarsystemets aktuella tekniska och organisatoriska \u00e5tg\u00e4rder<\/a> \u00e4r tillr\u00e4ckliga f\u00f6r kundens avsedda anv\u00e4ndning av Visselbl\u00e5sarsystemetet.<\/p><h5>2.\u00a0 \u00a0 \u00a0Personuppgiftsbitr\u00e4dets \u00e5tagande<\/h5><p>2.1 Personuppgiftsbitr\u00e4det \u00e5tar sig att:<\/p><ol><li>vidta de tekniska och organisatoriska s\u00e4kerhets\u00e5tg\u00e4rder som \u00e4r n\u00f6dv\u00e4ndiga samt i artikel\u00a032 i GDPR f\u00f6r att skydda de data som behandlas enligt detta avtal, inklusive att \u00e5l\u00e4gga de personer hos databehandlingsbitr\u00e4det som \u00e4r beh\u00f6riga att behandla dessa data l\u00e4mplig tystnadsplikt;<\/li><li>bist\u00e5 kunden med att f\u00f6lja s\u00e4kerhetskraven i artikel 32\u201336 i GDPR (till exempel tekniska och organisatoriska \u00e5tg\u00e4rder, anm\u00e4lan och information till kunden utan on\u00f6digt dr\u00f6jsm\u00e5l i h\u00e4ndelse av en personuppgiftsincident, konsekvensbed\u00f6mning samt f\u00f6rhandssamr\u00e5d) och kundens f\u00f6rpliktelser avseende individens r\u00e4ttigheter i kapitel\u00a0III i GDPR uppfylls (t.ex. r\u00e4tt till information, \u00e5tkomst, r\u00e4ttelse, radering, behandlingsbegr\u00e4nsning, dataportabilitet, inv\u00e4ndning mot automatiserat beslutsfattande);<\/li><li>vilket ger kunden r\u00e4tt att erh\u00e5lla information fr\u00e5n personuppgiftsbitr\u00e4det i syfte att kontrollera och verifiera \u00e5tg\u00e4rder som vidtagits av personuppgiftsbitr\u00e4det enligt detta avtal. Personuppgiftsbitr\u00e4det ska bist\u00e5 och bidra till unders\u00f6kningar (inklusive inspektioner) som utf\u00f6rs av kunden eller en revisor som utf\u00f6r s\u00e5dana unders\u00f6kningar f\u00f6r kundens r\u00e4kning. Personuppgiftsbitr\u00e4det ska h\u00e4nvisa till kunden vars personuppgifter behandlas i de fall d\u00e5 en tillsynsmyndighet eller annan tredje part efterfr\u00e5gar information fr\u00e5n personuppgiftsbitr\u00e4det avseende behandlingen av personuppgifter. Personuppgiftsbitr\u00e4det ska utan dr\u00f6jsm\u00e5l informera kunden om eventuella kontakter med tillsynsmyndigheter som kan ber\u00f6ra eller vara av vikt f\u00f6r behandlingen av personuppgifter,<\/li><li>beroende p\u00e5 vad kunden v\u00e4ljer; radera, anonymisera eller \u00e5terl\u00e4mna alla personuppgifter till kunden n\u00e4r avtalet upph\u00f6r, oavsett sk\u00e4l, inklusive att radera alla kopior som enligt dataskyddsf\u00f6rordningen inte f\u00e5r sparas,<\/li><li>i \u00f6vrigt ge kunden \u00e5tkomst till den information som kunden beh\u00f6ver f\u00f6r att kunna fullg\u00f6ra sina f\u00f6rpliktelser som personuppgiftsansvarig gentemot tillsynsmyndigheten och\/eller enskilda personer,<\/li><li>inte \u00f6verf\u00f6ra data till tredje land eller en internationell organisation f\u00f6rs\u00e5vitt inte detta kr\u00e4vs enligt dataskyddsf\u00f6rordningen, och i detta fall ska dataskyddsbitr\u00e4det omg\u00e5ende informera kunden utom i de fall d\u00e5 s\u00e5dan information \u00e4r f\u00f6rbjuden.<\/li><\/ol><p>2.2 Personuppgiftsbitr\u00e4det f\u00f6rbinder sig ocks\u00e5 att alltid behandla data i enlighet med dataskyddsreglerna. Detta inkluderar bland annat att f\u00f6ra ett register \u00f6ver alla kategorier av behandling som utf\u00f6rs, tillhandah\u00e5lla ett registerutdrag \u00f6ver fullgjord behandling p\u00e5 kundens beg\u00e4ran och omedelbart informera kunden om personuppgiftsbitr\u00e4det misst\u00e4nker att det finns risk f\u00f6r att den registrerades friheter och r\u00e4ttigheter kr\u00e4nks.<\/p><h5>3.\u00a0 \u00a0 \u00a0Underst\u00e4llda personuppgiftsbitr\u00e4den och \u00f6verf\u00f6ring till tredje land<\/h5><p>3.1 F\u00f6rutsatt att personuppgiftsbitr\u00e4det har informerat personuppgiftsansvarig minst 30 dagar i f\u00f6rv\u00e4g. med r\u00e4tt f\u00f6r personuppgiftsansvarig att inv\u00e4nda, har personuppgiftsbitr\u00e4det en \u00f6vergripande r\u00e4ttighet att anlita andra personuppgiftsbitr\u00e4den f\u00f6r behandling av data \u00e5 kundens r\u00e4kning, personuppgiftsbitr\u00e4det b\u00e4r fullt ansvar f\u00f6r detta gentemot kunden.<\/p><p>3.2 F\u00f6rutsatt att personuppgiftsbitr\u00e4det vidtar l\u00e4mpliga s\u00e4kerhets\u00e5tg\u00e4rder som \u00e4r godk\u00e4nda enligt dataskyddsreglerna har personuppgiftsbitr\u00e4det r\u00e4tt att \u00f6verf\u00f6ra data utanf\u00f6r EU\/EES. Under f\u00f6ruts\u00e4ttning att Databehandlaren (i) informerar den personuppgiftsansvarige om sina planer minst 30 dagar i f\u00f6rv\u00e4g, med r\u00e4tt f\u00f6r den personuppgiftsansvarige att inv\u00e4nda, och (ii) till\u00e4mpar adekvata och i enlighet med dataskyddsreglerna godk\u00e4nda s\u00e4kerhetsmekanismer, kan databehandlaren \u00f6verf\u00f6ra personuppgifter utanf\u00f6r EU\/EES.<\/p><p>3.3 Genom att ing\u00e5 detta avtal godk\u00e4nner kunden underordnade personuppgiftsbitr\u00e4den och \u00f6verf\u00f6ringar utanf\u00f6r EU\/EES enligt vad som anges i avsnitt 5. Vid tidpunkten f\u00f6r ing\u00e5ende av detta avtal \u00f6verf\u00f6r Databehandlaren inte personuppgifter till n\u00e5got tredje land<\/p><h5>4.\u00a0 \u00a0 \u00a0\u00d6vrigt<\/h5><p>4.1 Best\u00e4mmelserna i avtalet ska \u00e4ven g\u00e4lla f\u00f6r detta behandlingsavtal. Vid en konflikt mellan avtalet och detta behandlingsavtal \u00e4r det behandlingsavtalet som g\u00e4ller.<\/p><h5>5.\u00a0\u00a0\u00a0\u00a0\u00a0\u00a0 Instruction<\/h5><p>5.1 Detta avsnitt 5 utg\u00f6r kundens inledande instruktioner till personuppgiftsbitr\u00e4det och kan, enligt avsnitt 1.2, komma att kompletteras vid ett senare tillf\u00e4lle.<\/p><p>5.2 <em>Kategorier av registrerade<\/em>. Alla som ges \u00e5tkomst till Visselbl\u00e5sarsystemetet och de som omn\u00e4mns i samband med ett visselbl\u00e5sar\u00e4rende p\u00e5 Visselbl\u00e5sarsystemet.<\/p><p>5.3 <em>Syfte, art och \u00e4ndam\u00e5l med behandlingen och kategorier av personuppgifter.<\/em> Eftersom personuppgiftsbitr\u00e4dets huvudsakliga funktion och \u00e4ndam\u00e5l med att tillhandah\u00e5lla Visselbl\u00e5sarsystemetet och d\u00e4rmed agera som personuppgiftsbitr\u00e4de \u00e4r specifikt f\u00f6r lagring av kunddata som kan inneh\u00e5lla personuppgifter kan kategorier av personuppgifter omfatta alla datakategorier som kan f\u00f6rekomma i samband med visselbl\u00e5sning, inklusive k\u00e4nsliga uppgifter och p\u00e5st\u00e5dda lag\u00f6vertr\u00e4delser.<\/p><p>5.4 <em>Lagring av data<\/em>. Personuppgiftsbitr\u00e4det ska lagra \u00e4rendeinformation f\u00f6r alla rapporter under den lagringstid som kunden har angett i systemet.<\/p><p>5.5 <em>Underst\u00e4llda.<\/em> D\u00e5 detta avtal ing\u00e5s har personuppgiftsbitr\u00e4det anlitat f\u00f6ljande underst\u00e4llda personuppgiftsbitr\u00e4den, n\u00e5got som dock kan komma att f\u00f6r\u00e4ndras i enlighet med avsnitt\u00a03:<\/p><ul><li>Underbitr\u00e4den: Swerolab AB (Sverige), SMSAPI (Polen), Brevo (Frankrike), OPSWAT (Tyskland), Glesys (Sverige), T-Systems International (Tyskland), Friendly Captcha (Tyskland), DeepL (Tyskland), Mistral AI (Frankrike).<\/li><\/ul><p>5.6 <em>Tredjelands\u00f6verf\u00f6ring.<\/em> Enligt detta avtal sker inga \u00f6verf\u00f6ringar till tredje land. Detta kan f\u00f6r\u00e4ndras, d\u00e5 i enlighet med paragraf 3.<\/p><ul><li>\u00d6verf\u00f6ringar utanf\u00f6r EU\/EES: inga.<\/li><\/ul>\t\t\t\t\t\t\t\t<\/div>\n\t\t\t\t<\/div>\n\t\t\t\t\t<\/div>\n\t\t<\/div>\n\t\t\t\t\t<\/div>\n\t\t<\/section>\n\t\t\t\t<\/div>\n\t\t","protected":false},"excerpt":{"rendered":"<p>Detta personuppgiftsbitr\u00e4desavtal reglerar den behandling av personuppgifter som sker p\u00e5 grund av att kunden anv\u00e4nder Visselbl\u00e5sarl\u00f6sning enligt avtalet och \u00e4r d\u00e4rf\u00f6r en viktig del av avtalet. De kunddata som kunden l\u00e4gger in i Visselbl\u00e5sarsystemetet krypteras, och vi har ingen tillg\u00e5ng till denna information ut\u00f6ver att vi lagrar den p\u00e5 v\u00e5ra servrar, och att vi i [&hellip;]<\/p>\n","protected":false},"author":11,"featured_media":0,"parent":0,"menu_order":0,"comment_status":"closed","ping_status":"closed","template":"","meta":{"footnotes":""},"class_list":["post-50262","page","type-page","status-publish","hentry"],"yoast_head":"<!-- This site is optimized with the Yoast SEO Premium plugin v27.3 (Yoast SEO v27.3) - https:\/\/yoast.com\/product\/yoast-seo-premium-wordpress\/ -->\n<title>PERSONUPPGIFTSBITR\u00c4DESAVTAL - Whistlelink<\/title>\n<meta name=\"robots\" content=\"index, follow, max-snippet:-1, max-image-preview:large, max-video-preview:-1\" \/>\n<link rel=\"canonical\" href=\"https:\/\/www.whistlelink.com\/sv\/personuppgiftsbitradesavtal\/\" \/>\n<meta property=\"og:locale\" content=\"sv_SE\" \/>\n<meta property=\"og:type\" content=\"article\" \/>\n<meta property=\"og:title\" content=\"PERSONUPPGIFTSBITR\u00c4DESAVTAL\" \/>\n<meta property=\"og:description\" content=\"Detta personuppgiftsbitr\u00e4desavtal reglerar den behandling av personuppgifter som sker p\u00e5 grund av att kunden anv\u00e4nder Visselbl\u00e5sarl\u00f6sning enligt avtalet och \u00e4r d\u00e4rf\u00f6r en viktig del av avtalet. De kunddata som kunden l\u00e4gger in i Visselbl\u00e5sarsystemetet krypteras, och vi har ingen tillg\u00e5ng till denna information ut\u00f6ver att vi lagrar den p\u00e5 v\u00e5ra servrar, och att vi i [&hellip;]\" \/>\n<meta property=\"og:url\" content=\"https:\/\/www.whistlelink.com\/sv\/personuppgiftsbitradesavtal\/\" \/>\n<meta property=\"og:site_name\" content=\"Whistlelink\" \/>\n<meta property=\"article:publisher\" content=\"https:\/\/www.facebook.com\/whistlelink\/\" \/>\n<meta property=\"article:modified_time\" content=\"2025-10-10T12:50:17+00:00\" \/>\n<meta name=\"twitter:card\" content=\"summary_large_image\" \/>\n<meta name=\"twitter:label1\" content=\"Ber\u00e4knad l\u00e4stid\" \/>\n\t<meta name=\"twitter:data1\" content=\"6 minuter\" \/>\n<script type=\"application\/ld+json\" class=\"yoast-schema-graph\">{\"@context\":\"https:\\\/\\\/schema.org\",\"@graph\":[{\"@type\":\"WebPage\",\"@id\":\"https:\\\/\\\/www.whistlelink.com\\\/sv\\\/personuppgiftsbitradesavtal\\\/\",\"url\":\"https:\\\/\\\/www.whistlelink.com\\\/sv\\\/personuppgiftsbitradesavtal\\\/\",\"name\":\"PERSONUPPGIFTSBITR\u00c4DESAVTAL - Whistlelink\",\"isPartOf\":{\"@id\":\"https:\\\/\\\/www.whistlelink.com\\\/sv\\\/#website\"},\"datePublished\":\"2021-01-19T10:50:01+00:00\",\"dateModified\":\"2025-10-10T12:50:17+00:00\",\"breadcrumb\":{\"@id\":\"https:\\\/\\\/www.whistlelink.com\\\/sv\\\/personuppgiftsbitradesavtal\\\/#breadcrumb\"},\"inLanguage\":\"sv-SE\",\"potentialAction\":[{\"@type\":\"ReadAction\",\"target\":[\"https:\\\/\\\/www.whistlelink.com\\\/sv\\\/personuppgiftsbitradesavtal\\\/\"]}]},{\"@type\":\"BreadcrumbList\",\"@id\":\"https:\\\/\\\/www.whistlelink.com\\\/sv\\\/personuppgiftsbitradesavtal\\\/#breadcrumb\",\"itemListElement\":[{\"@type\":\"ListItem\",\"position\":1,\"name\":\"Home\",\"item\":\"https:\\\/\\\/www.whistlelink.com\\\/sv\\\/\"},{\"@type\":\"ListItem\",\"position\":2,\"name\":\"PERSONUPPGIFTSBITR\u00c4DESAVTAL\"}]},{\"@type\":\"WebSite\",\"@id\":\"https:\\\/\\\/www.whistlelink.com\\\/sv\\\/#website\",\"url\":\"https:\\\/\\\/www.whistlelink.com\\\/sv\\\/\",\"name\":\"Whistlelink\",\"description\":\"A trusted provider of secure whistleblowing solutions.\",\"publisher\":{\"@id\":\"https:\\\/\\\/www.whistlelink.com\\\/sv\\\/#organization\"},\"potentialAction\":[{\"@type\":\"SearchAction\",\"target\":{\"@type\":\"EntryPoint\",\"urlTemplate\":\"https:\\\/\\\/www.whistlelink.com\\\/sv\\\/?s={search_term_string}\"},\"query-input\":{\"@type\":\"PropertyValueSpecification\",\"valueRequired\":true,\"valueName\":\"search_term_string\"}}],\"inLanguage\":\"sv-SE\"},{\"@type\":\"Organization\",\"@id\":\"https:\\\/\\\/www.whistlelink.com\\\/sv\\\/#organization\",\"name\":\"Whistlelink\",\"url\":\"https:\\\/\\\/www.whistlelink.com\\\/sv\\\/\",\"logo\":{\"@type\":\"ImageObject\",\"inLanguage\":\"sv-SE\",\"@id\":\"https:\\\/\\\/www.whistlelink.com\\\/sv\\\/#\\\/schema\\\/logo\\\/image\\\/\",\"url\":\"https:\\\/\\\/www.whistlelink.com\\\/wp-content\\\/uploads\\\/2021\\\/07\\\/WhistlelinkLogoEmail.png\",\"contentUrl\":\"https:\\\/\\\/www.whistlelink.com\\\/wp-content\\\/uploads\\\/2021\\\/07\\\/WhistlelinkLogoEmail.png\",\"width\":704,\"height\":75,\"caption\":\"Whistlelink\"},\"image\":{\"@id\":\"https:\\\/\\\/www.whistlelink.com\\\/sv\\\/#\\\/schema\\\/logo\\\/image\\\/\"},\"sameAs\":[\"https:\\\/\\\/www.facebook.com\\\/whistlelink\\\/\",\"https:\\\/\\\/www.linkedin.com\\\/company\\\/whistlelink\\\/\",\"https:\\\/\\\/vimeo.com\\\/user152082481\"]}]}<\/script>\n<!-- \/ Yoast SEO Premium plugin. -->","yoast_head_json":{"title":"PERSONUPPGIFTSBITR\u00c4DESAVTAL - Whistlelink","robots":{"index":"index","follow":"follow","max-snippet":"max-snippet:-1","max-image-preview":"max-image-preview:large","max-video-preview":"max-video-preview:-1"},"canonical":"https:\/\/www.whistlelink.com\/sv\/personuppgiftsbitradesavtal\/","og_locale":"sv_SE","og_type":"article","og_title":"PERSONUPPGIFTSBITR\u00c4DESAVTAL","og_description":"Detta personuppgiftsbitr\u00e4desavtal reglerar den behandling av personuppgifter som sker p\u00e5 grund av att kunden anv\u00e4nder Visselbl\u00e5sarl\u00f6sning enligt avtalet och \u00e4r d\u00e4rf\u00f6r en viktig del av avtalet. De kunddata som kunden l\u00e4gger in i Visselbl\u00e5sarsystemetet krypteras, och vi har ingen tillg\u00e5ng till denna information ut\u00f6ver att vi lagrar den p\u00e5 v\u00e5ra servrar, och att vi i [&hellip;]","og_url":"https:\/\/www.whistlelink.com\/sv\/personuppgiftsbitradesavtal\/","og_site_name":"Whistlelink","article_publisher":"https:\/\/www.facebook.com\/whistlelink\/","article_modified_time":"2025-10-10T12:50:17+00:00","twitter_card":"summary_large_image","twitter_misc":{"Ber\u00e4knad l\u00e4stid":"6 minuter"},"schema":{"@context":"https:\/\/schema.org","@graph":[{"@type":"WebPage","@id":"https:\/\/www.whistlelink.com\/sv\/personuppgiftsbitradesavtal\/","url":"https:\/\/www.whistlelink.com\/sv\/personuppgiftsbitradesavtal\/","name":"PERSONUPPGIFTSBITR\u00c4DESAVTAL - Whistlelink","isPartOf":{"@id":"https:\/\/www.whistlelink.com\/sv\/#website"},"datePublished":"2021-01-19T10:50:01+00:00","dateModified":"2025-10-10T12:50:17+00:00","breadcrumb":{"@id":"https:\/\/www.whistlelink.com\/sv\/personuppgiftsbitradesavtal\/#breadcrumb"},"inLanguage":"sv-SE","potentialAction":[{"@type":"ReadAction","target":["https:\/\/www.whistlelink.com\/sv\/personuppgiftsbitradesavtal\/"]}]},{"@type":"BreadcrumbList","@id":"https:\/\/www.whistlelink.com\/sv\/personuppgiftsbitradesavtal\/#breadcrumb","itemListElement":[{"@type":"ListItem","position":1,"name":"Home","item":"https:\/\/www.whistlelink.com\/sv\/"},{"@type":"ListItem","position":2,"name":"PERSONUPPGIFTSBITR\u00c4DESAVTAL"}]},{"@type":"WebSite","@id":"https:\/\/www.whistlelink.com\/sv\/#website","url":"https:\/\/www.whistlelink.com\/sv\/","name":"Whistlelink","description":"A trusted provider of secure whistleblowing solutions.","publisher":{"@id":"https:\/\/www.whistlelink.com\/sv\/#organization"},"potentialAction":[{"@type":"SearchAction","target":{"@type":"EntryPoint","urlTemplate":"https:\/\/www.whistlelink.com\/sv\/?s={search_term_string}"},"query-input":{"@type":"PropertyValueSpecification","valueRequired":true,"valueName":"search_term_string"}}],"inLanguage":"sv-SE"},{"@type":"Organization","@id":"https:\/\/www.whistlelink.com\/sv\/#organization","name":"Whistlelink","url":"https:\/\/www.whistlelink.com\/sv\/","logo":{"@type":"ImageObject","inLanguage":"sv-SE","@id":"https:\/\/www.whistlelink.com\/sv\/#\/schema\/logo\/image\/","url":"https:\/\/www.whistlelink.com\/wp-content\/uploads\/2021\/07\/WhistlelinkLogoEmail.png","contentUrl":"https:\/\/www.whistlelink.com\/wp-content\/uploads\/2021\/07\/WhistlelinkLogoEmail.png","width":704,"height":75,"caption":"Whistlelink"},"image":{"@id":"https:\/\/www.whistlelink.com\/sv\/#\/schema\/logo\/image\/"},"sameAs":["https:\/\/www.facebook.com\/whistlelink\/","https:\/\/www.linkedin.com\/company\/whistlelink\/","https:\/\/vimeo.com\/user152082481"]}]}},"_links":{"self":[{"href":"https:\/\/www.whistlelink.com\/sv\/wp-json\/wp\/v2\/pages\/50262","targetHints":{"allow":["GET"]}}],"collection":[{"href":"https:\/\/www.whistlelink.com\/sv\/wp-json\/wp\/v2\/pages"}],"about":[{"href":"https:\/\/www.whistlelink.com\/sv\/wp-json\/wp\/v2\/types\/page"}],"author":[{"embeddable":true,"href":"https:\/\/www.whistlelink.com\/sv\/wp-json\/wp\/v2\/users\/11"}],"replies":[{"embeddable":true,"href":"https:\/\/www.whistlelink.com\/sv\/wp-json\/wp\/v2\/comments?post=50262"}],"version-history":[{"count":42,"href":"https:\/\/www.whistlelink.com\/sv\/wp-json\/wp\/v2\/pages\/50262\/revisions"}],"predecessor-version":[{"id":92082,"href":"https:\/\/www.whistlelink.com\/sv\/wp-json\/wp\/v2\/pages\/50262\/revisions\/92082"}],"wp:attachment":[{"href":"https:\/\/www.whistlelink.com\/sv\/wp-json\/wp\/v2\/media?parent=50262"}],"curies":[{"name":"wp","href":"https:\/\/api.w.org\/{rel}","templated":true}]}}