{"id":59745,"date":"2023-11-14T13:32:46","date_gmt":"2023-11-14T13:32:46","guid":{"rendered":"https:\/\/www.whistlelink.com\/?page_id=59745"},"modified":"2023-11-14T13:57:20","modified_gmt":"2023-11-14T13:57:20","slug":"partnererbjudande-sympa","status":"publish","type":"page","link":"https:\/\/www.whistlelink.com\/sv\/partnererbjudande-sympa\/","title":{"rendered":"Partnererbjudande Sympa"},"content":{"rendered":"\t\t<div data-elementor-type=\"wp-page\" data-elementor-id=\"59745\" class=\"elementor elementor-59745 elementor-59744\" data-elementor-post-type=\"page\">\n\t\t\t\t\t\t<section class=\"elementor-section elementor-top-section elementor-element elementor-element-e9787b6 elementor-section-items-bottom elementor-section-height-min-height elementor-section-content-bottom elementor-section-boxed elementor-section-height-default\" data-id=\"e9787b6\" data-element_type=\"section\" data-e-type=\"section\" data-settings=\"{&quot;background_background&quot;:&quot;classic&quot;}\">\n\t\t\t\t\t\t\t<div class=\"elementor-background-overlay\"><\/div>\n\t\t\t\t\t\t\t<div class=\"elementor-container elementor-column-gap-default\">\n\t\t\t\t\t<div class=\"elementor-column elementor-col-100 elementor-top-column elementor-element elementor-element-12e7fad5\" data-id=\"12e7fad5\" data-element_type=\"column\" data-e-type=\"column\">\n\t\t\t<div class=\"elementor-widget-wrap elementor-element-populated\">\n\t\t\t\t\t\t<div class=\"elementor-element elementor-element-ac9e152 elementor-widget elementor-widget-heading\" data-id=\"ac9e152\" data-element_type=\"widget\" data-e-type=\"widget\" data-widget_type=\"heading.default\">\n\t\t\t\t<div class=\"elementor-widget-container\">\n\t\t\t\t\t<h1 class=\"elementor-heading-title elementor-size-default\">V\u00e4lkommen till Whistlelink<\/h1>\t\t\t\t<\/div>\n\t\t\t\t<\/div>\n\t\t\t\t<div class=\"elementor-element elementor-element-2003e036 elementor-widget elementor-widget-image\" data-id=\"2003e036\" data-element_type=\"widget\" data-e-type=\"widget\" data-widget_type=\"image.default\">\n\t\t\t\t<div class=\"elementor-widget-container\">\n\t\t\t\t\t\t\t\t\t\t\t\t\t\t\t<img fetchpriority=\"high\" decoding=\"async\" width=\"5000\" height=\"1624\" src=\"https:\/\/www.whistlelink.com\/wp-content\/uploads\/2022\/11\/landing_pageHero_swe.png\" class=\"attachment-full size-full wp-image-42543\" alt=\"\" srcset=\"https:\/\/www.whistlelink.com\/wp-content\/uploads\/2022\/11\/landing_pageHero_swe.png 5000w, https:\/\/www.whistlelink.com\/wp-content\/uploads\/2022\/11\/landing_pageHero_swe-300x97.png 300w, https:\/\/www.whistlelink.com\/wp-content\/uploads\/2022\/11\/landing_pageHero_swe-1600x520.png 1600w, https:\/\/www.whistlelink.com\/wp-content\/uploads\/2022\/11\/landing_pageHero_swe-768x249.png 768w, https:\/\/www.whistlelink.com\/wp-content\/uploads\/2022\/11\/landing_pageHero_swe-1536x499.png 1536w, https:\/\/www.whistlelink.com\/wp-content\/uploads\/2022\/11\/landing_pageHero_swe-2048x665.png 2048w\" sizes=\"(max-width: 5000px) 100vw, 5000px\" \/>\t\t\t\t\t\t\t\t\t\t\t\t\t\t\t<\/div>\n\t\t\t\t<\/div>\n\t\t\t\t\t<\/div>\n\t\t<\/div>\n\t\t\t\t\t<\/div>\n\t\t<\/section>\n\t\t\t\t<section class=\"elementor-section elementor-top-section elementor-element elementor-element-2b499e0f elementor-section-boxed elementor-section-height-default elementor-section-height-default\" data-id=\"2b499e0f\" data-element_type=\"section\" data-e-type=\"section\" data-settings=\"{&quot;background_background&quot;:&quot;classic&quot;}\">\n\t\t\t\t\t\t<div class=\"elementor-container elementor-column-gap-default\">\n\t\t\t\t\t<div class=\"elementor-column elementor-col-50 elementor-top-column elementor-element elementor-element-2b5cc9bc\" data-id=\"2b5cc9bc\" data-element_type=\"column\" data-e-type=\"column\">\n\t\t\t<div class=\"elementor-widget-wrap elementor-element-populated\">\n\t\t\t\t\t\t<div class=\"elementor-element elementor-element-595dd60 elementor-widget elementor-widget-heading\" data-id=\"595dd60\" data-element_type=\"widget\" data-e-type=\"widget\" data-widget_type=\"heading.default\">\n\t\t\t\t<div class=\"elementor-widget-container\">\n\t\t\t\t\t<h3 class=\"elementor-heading-title elementor-size-default\">V\u00e5rt erbjudande till Sympas kunder<\/h3>\t\t\t\t<\/div>\n\t\t\t\t<\/div>\n\t\t\t\t<div class=\"elementor-element elementor-element-25edf43 elementor-widget elementor-widget-text-editor\" data-id=\"25edf43\" data-element_type=\"widget\" data-e-type=\"widget\" data-widget_type=\"text-editor.default\">\n\t\t\t\t<div class=\"elementor-widget-container\">\n\t\t\t\t\t\t\t\t\t<div class=\"page\" title=\"Page 1\"><div class=\"section\"><div class=\"layoutArea\"><div class=\"column\"><ul><li>\u2013 Whistlelink \u00f6ppnar ert konto hos oss och anpassar er rapportkanal med branding och er logo.\u00a0<\/li><li>\u2013 Ni f\u00e5r en steg-f\u00f6r-steg guide f\u00f6r att implementera och kommunicera visselbl\u00e5sarl\u00f6sningen.\u00a0\u00a0<\/li><li>\u2013 Whistlelink erbjuder hj\u00e4lp och utbildning under implementeringen.\u00a0\u00a0<\/li><li><strong>\u2013 Total m\u00e5nadskostnad \u00e4r 49 \u20ac f\u00f6r Whistlelinks Flex-abonnemang (normalpris 99 \u20ac).\u00a0<\/strong><\/li><\/ul><\/div><\/div><\/div><\/div>\t\t\t\t\t\t\t\t<\/div>\n\t\t\t\t<\/div>\n\t\t\t\t<div class=\"elementor-element elementor-element-f05a1a1 elementor-widget elementor-widget-spacer\" data-id=\"f05a1a1\" data-element_type=\"widget\" data-e-type=\"widget\" data-widget_type=\"spacer.default\">\n\t\t\t\t<div class=\"elementor-widget-container\">\n\t\t\t\t\t\t\t<div class=\"elementor-spacer\">\n\t\t\t<div class=\"elementor-spacer-inner\"><\/div>\n\t\t<\/div>\n\t\t\t\t\t\t<\/div>\n\t\t\t\t<\/div>\n\t\t\t\t<section class=\"elementor-section elementor-inner-section elementor-element elementor-element-e72003a elementor-section-boxed elementor-section-height-default elementor-section-height-default\" data-id=\"e72003a\" data-element_type=\"section\" data-e-type=\"section\">\n\t\t\t\t\t\t<div class=\"elementor-container elementor-column-gap-default\">\n\t\t\t\t\t<div class=\"elementor-column elementor-col-50 elementor-inner-column elementor-element elementor-element-41d01e9\" data-id=\"41d01e9\" data-element_type=\"column\" data-e-type=\"column\">\n\t\t\t<div class=\"elementor-widget-wrap elementor-element-populated\">\n\t\t\t\t\t\t<div class=\"elementor-element elementor-element-4979ddd elementor-widget elementor-widget-image\" data-id=\"4979ddd\" data-element_type=\"widget\" data-e-type=\"widget\" data-widget_type=\"image.default\">\n\t\t\t\t<div class=\"elementor-widget-container\">\n\t\t\t\t\t\t\t\t\t\t\t\t\t\t\t<img decoding=\"async\" width=\"800\" height=\"388\" src=\"https:\/\/www.whistlelink.com\/wp-content\/uploads\/2021\/05\/sympa_logo-1024x496.png\" class=\"attachment-large size-large wp-image-10933\" alt=\"\" srcset=\"https:\/\/www.whistlelink.com\/wp-content\/uploads\/2021\/05\/sympa_logo-1024x496.png 1024w, https:\/\/www.whistlelink.com\/wp-content\/uploads\/2021\/05\/sympa_logo-300x145.png 300w, https:\/\/www.whistlelink.com\/wp-content\/uploads\/2021\/05\/sympa_logo-768x372.png 768w, https:\/\/www.whistlelink.com\/wp-content\/uploads\/2021\/05\/sympa_logo-1536x744.png 1536w, https:\/\/www.whistlelink.com\/wp-content\/uploads\/2021\/05\/sympa_logo.png 1629w\" sizes=\"(max-width: 800px) 100vw, 800px\" \/>\t\t\t\t\t\t\t\t\t\t\t\t\t\t\t<\/div>\n\t\t\t\t<\/div>\n\t\t\t\t\t<\/div>\n\t\t<\/div>\n\t\t\t\t<div class=\"elementor-column elementor-col-50 elementor-inner-column elementor-element elementor-element-738cbe2\" data-id=\"738cbe2\" data-element_type=\"column\" data-e-type=\"column\">\n\t\t\t<div class=\"elementor-widget-wrap elementor-element-populated\">\n\t\t\t\t\t\t<div class=\"elementor-element elementor-element-33c385e elementor-widget elementor-widget-text-editor\" data-id=\"33c385e\" data-element_type=\"widget\" data-e-type=\"widget\" data-widget_type=\"text-editor.default\">\n\t\t\t\t<div class=\"elementor-widget-container\">\n\t\t\t\t\t\t\t\t\t<h5>Contact us:<\/h5><div><p>Email:\u00a0<a href=\"mailto:info@sympa.com\" rel=\"noopener\">info@sympa.com<\/a><\/p><p>Phone: +44 7496308624<\/p><\/div>\t\t\t\t\t\t\t\t<\/div>\n\t\t\t\t<\/div>\n\t\t\t\t\t<\/div>\n\t\t<\/div>\n\t\t\t\t\t<\/div>\n\t\t<\/section>\n\t\t\t\t\t<\/div>\n\t\t<\/div>\n\t\t\t\t<div class=\"elementor-column elementor-col-50 elementor-top-column elementor-element elementor-element-7bdd79c\" data-id=\"7bdd79c\" data-element_type=\"column\" data-e-type=\"column\">\n\t\t\t<div class=\"elementor-widget-wrap elementor-element-populated\">\n\t\t\t\t\t\t<div class=\"elementor-element elementor-element-96e9099 wlink-custom-form elementor-button-align-stretch elementor-widget elementor-widget-form\" data-id=\"96e9099\" data-element_type=\"widget\" data-e-type=\"widget\" data-settings=\"{&quot;step_next_label&quot;:&quot;Next&quot;,&quot;step_previous_label&quot;:&quot;Previous&quot;,&quot;button_width&quot;:&quot;100&quot;,&quot;step_type&quot;:&quot;number_text&quot;,&quot;step_icon_shape&quot;:&quot;circle&quot;}\" data-widget_type=\"form.default\">\n\t\t\t\t<div class=\"elementor-widget-container\">\n\t\t\t\t\t\t\t<form class=\"elementor-form\" method=\"post\" name=\"Partner with us\" aria-label=\"Partner with us\">\n\t\t\t<input type=\"hidden\" name=\"post_id\" value=\"59745\"\/>\n\t\t\t<input type=\"hidden\" name=\"form_id\" value=\"96e9099\"\/>\n\t\t\t<input type=\"hidden\" name=\"referer_title\" value=\"Ett s\u00e4kert och l\u00e4ttanv\u00e4nt visselbl\u00e5sarsystem - Whistlelink\" \/>\n\n\t\t\t\t\t\t\t<input type=\"hidden\" name=\"queried_id\" value=\"59745\"\/>\n\t\t\t\n\t\t\t<div class=\"elementor-form-fields-wrapper elementor-labels-\">\n\t\t\t\t\t\t\t\t<div class=\"elementor-field-type-text elementor-field-group elementor-column elementor-field-group-name elementor-col-100 elementor-field-required\">\n\t\t\t\t\t\t\t\t\t\t\t\t<label for=\"form-field-name\" class=\"elementor-field-label elementor-screen-only\">\n\t\t\t\t\t\t\t\tName\t\t\t\t\t\t\t<\/label>\n\t\t\t\t\t\t\t\t\t\t\t\t\t\t<input size=\"1\" type=\"text\" name=\"form_fields[name]\" id=\"form-field-name\" class=\"elementor-field elementor-size-md  elementor-field-textual\" placeholder=\"Namn*\" required=\"required\">\n\t\t\t\t\t\t\t\t\t\t\t<\/div>\n\t\t\t\t\t\t\t\t<div class=\"elementor-field-type-text elementor-field-group elementor-column elementor-field-group-company_name elementor-col-100 elementor-field-required\">\n\t\t\t\t\t\t\t\t\t\t\t\t<label for=\"form-field-company_name\" class=\"elementor-field-label elementor-screen-only\">\n\t\t\t\t\t\t\t\tCompany name\t\t\t\t\t\t\t<\/label>\n\t\t\t\t\t\t\t\t\t\t\t\t\t\t<input size=\"1\" type=\"text\" name=\"form_fields[company_name]\" id=\"form-field-company_name\" class=\"elementor-field elementor-size-md  elementor-field-textual\" placeholder=\"Bolagsnamn: *\" required=\"required\">\n\t\t\t\t\t\t\t\t\t\t\t<\/div>\n\t\t\t\t\t\t\t\t<div class=\"elementor-field-type-text elementor-field-group elementor-column elementor-field-group-your_email elementor-col-100 elementor-field-required\">\n\t\t\t\t\t\t\t\t\t\t\t\t<label for=\"form-field-your_email\" class=\"elementor-field-label elementor-screen-only\">\n\t\t\t\t\t\t\t\tYour email\t\t\t\t\t\t\t<\/label>\n\t\t\t\t\t\t\t\t\t\t\t\t\t\t<input size=\"1\" type=\"text\" name=\"form_fields[your_email]\" id=\"form-field-your_email\" class=\"elementor-field elementor-size-md  elementor-field-textual\" placeholder=\"Din email: *\" required=\"required\">\n\t\t\t\t\t\t\t\t\t\t\t<\/div>\n\t\t\t\t\t\t\t\t<div class=\"elementor-field-type-text\">\n\t\t\t\t\t<input size=\"1\" type=\"text\" name=\"form_fields[field_1c4744b]\" id=\"form-field-field_1c4744b\" class=\"elementor-field elementor-size-md \" style=\"display:none !important;\">\t\t\t\t<\/div>\n\t\t\t\t\t\t\t\t<div class=\"elementor-field-type-acceptance elementor-field-group elementor-column elementor-field-group-termsofservice elementor-col-100 elementor-field-required\">\n\t\t\t\t\t\t\t\t\t\t\t\t<label for=\"form-field-termsofservice\" class=\"elementor-field-label elementor-screen-only\">\n\t\t\t\t\t\t\t\tTerms of service\t\t\t\t\t\t\t<\/label>\n\t\t\t\t\t\t\t\t<div class=\"elementor-field-subgroup\">\n\t\t\t<span class=\"elementor-field-option\">\n\t\t\t\t<input type=\"checkbox\" name=\"form_fields[termsofservice]\" id=\"form-field-termsofservice\" class=\"elementor-field elementor-size-md  elementor-acceptance-field\" required=\"required\">\n\t\t\t\t<label for=\"form-field-termsofservice\">Jag har l\u00e4st och godk\u00e4nner Whistlelinks \n<a href=\"https:\/\/www.whistlelink.com\/terms\/\">anv\u00e4ndarvillkor<\/a><\/label>\t\t\t<\/span>\n\t\t<\/div>\n\t\t\t\t\t\t<\/div>\n\t\t\t\t\t\t\t\t<div class=\"elementor-field-group elementor-column elementor-field-type-submit elementor-col-100 e-form__buttons\">\n\t\t\t\t\t<button class=\"elementor-button elementor-size-sm\" type=\"submit\">\n\t\t\t\t\t\t<span class=\"elementor-button-content-wrapper\">\n\t\t\t\t\t\t\t\t\t\t\t\t\t\t\t\t\t\t\t\t\t\t<span class=\"elementor-button-text\">Skicka<\/span>\n\t\t\t\t\t\t\t\t\t\t\t\t\t<\/span>\n\t\t\t\t\t<\/button>\n\t\t\t\t<\/div>\n\t\t\t<\/div>\n\t\t<\/form>\n\t\t\t\t\t\t<\/div>\n\t\t\t\t<\/div>\n\t\t\t\t<div class=\"elementor-element elementor-element-af156cf custom-form-footer-policy elementor-widget elementor-widget-text-editor\" data-id=\"af156cf\" data-element_type=\"widget\" data-e-type=\"widget\" data-widget_type=\"text-editor.default\">\n\t\t\t\t<div class=\"elementor-widget-container\">\n\t\t\t\t\t\t\t\t\t<p>Whistlelink respekterar din integritet. Vi kommer endast att kontakta dig ang\u00e5ende v\u00e5ra produkter. Du kan av-registrera dig n\u00e4r som helst. F\u00f6r mer information, l\u00e4s v\u00e5r <a href=\"https:\/\/www.whistlelink.com\/privacy-notice\/\" target=\"_blank\" rel=\"noopener\">Integritetspolicy<\/a>.<\/p>\t\t\t\t\t\t\t\t<\/div>\n\t\t\t\t<\/div>\n\t\t\t\t\t<\/div>\n\t\t<\/div>\n\t\t\t\t\t<\/div>\n\t\t<\/section>\n\t\t\t\t<\/div>\n\t\t","protected":false},"excerpt":{"rendered":"<p>V\u00e4lkommen till Whistlelink V\u00e5rt erbjudande till Sympas kunder \u2013 Whistlelink \u00f6ppnar ert konto hos oss och anpassar er rapportkanal med branding och er logo.\u00a0 \u2013 Ni f\u00e5r en steg-f\u00f6r-steg guide f\u00f6r att implementera och kommunicera visselbl\u00e5sarl\u00f6sningen.\u00a0\u00a0 \u2013 Whistlelink erbjuder hj\u00e4lp och utbildning under implementeringen.\u00a0\u00a0 \u2013 Total m\u00e5nadskostnad \u00e4r 49 \u20ac f\u00f6r Whistlelinks Flex-abonnemang (normalpris 99 [&hellip;]<\/p>\n","protected":false},"author":15,"featured_media":0,"parent":0,"menu_order":0,"comment_status":"closed","ping_status":"closed","template":"","meta":{"footnotes":""},"class_list":["post-59745","page","type-page","status-publish","hentry"],"yoast_head":"<!-- This site is optimized with the Yoast SEO Premium plugin v27.2 (Yoast SEO v27.3) - https:\/\/yoast.com\/product\/yoast-seo-premium-wordpress\/ -->\n<title>Ett s\u00e4kert och l\u00e4ttanv\u00e4nt visselbl\u00e5sarsystem - Whistlelink<\/title>\n<meta name=\"description\" content=\"Whistlelink - f\u00e5 ett s\u00e4kert visselbl\u00e5sarsystem med anonym rapportering och ett intuitivt \u00e4rendehanteringssystem p\u00e5 bara 10 minuter.\" \/>\n<meta name=\"robots\" content=\"index, follow, max-snippet:-1, max-image-preview:large, max-video-preview:-1\" \/>\n<link rel=\"canonical\" href=\"https:\/\/www.whistlelink.com\/sv\/partnererbjudande-sympa\/\" \/>\n<meta property=\"og:locale\" content=\"sv_SE\" \/>\n<meta property=\"og:type\" content=\"article\" \/>\n<meta property=\"og:title\" content=\"Partnererbjudande Sympa\" \/>\n<meta property=\"og:description\" content=\"Whistlelink - f\u00e5 ett s\u00e4kert visselbl\u00e5sarsystem med anonym rapportering och ett intuitivt \u00e4rendehanteringssystem p\u00e5 bara 10 minuter.\" \/>\n<meta property=\"og:url\" content=\"https:\/\/www.whistlelink.com\/sv\/partnererbjudande-sympa\/\" \/>\n<meta property=\"og:site_name\" content=\"Whistlelink\" \/>\n<meta property=\"article:publisher\" content=\"https:\/\/www.facebook.com\/whistlelink\/\" \/>\n<meta property=\"article:modified_time\" content=\"2023-11-14T13:57:20+00:00\" \/>\n<meta property=\"og:image\" content=\"https:\/\/www.whistlelink.com\/wp-content\/uploads\/2022\/11\/landing_pageHero_swe.png\" \/>\n<meta name=\"twitter:card\" content=\"summary_large_image\" \/>\n<meta name=\"twitter:label1\" content=\"Ber\u00e4knad l\u00e4stid\" \/>\n\t<meta name=\"twitter:data1\" content=\"1 minut\" \/>\n<script type=\"application\/ld+json\" class=\"yoast-schema-graph\">{\"@context\":\"https:\\\/\\\/schema.org\",\"@graph\":[{\"@type\":\"WebPage\",\"@id\":\"https:\\\/\\\/www.whistlelink.com\\\/sv\\\/partnererbjudande-sympa\\\/\",\"url\":\"https:\\\/\\\/www.whistlelink.com\\\/sv\\\/partnererbjudande-sympa\\\/\",\"name\":\"Ett s\u00e4kert och l\u00e4ttanv\u00e4nt visselbl\u00e5sarsystem - Whistlelink\",\"isPartOf\":{\"@id\":\"https:\\\/\\\/www.whistlelink.com\\\/sv\\\/#website\"},\"primaryImageOfPage\":{\"@id\":\"https:\\\/\\\/www.whistlelink.com\\\/sv\\\/partnererbjudande-sympa\\\/#primaryimage\"},\"image\":{\"@id\":\"https:\\\/\\\/www.whistlelink.com\\\/sv\\\/partnererbjudande-sympa\\\/#primaryimage\"},\"thumbnailUrl\":\"https:\\\/\\\/www.whistlelink.com\\\/wp-content\\\/uploads\\\/2022\\\/11\\\/landing_pageHero_swe.png\",\"datePublished\":\"2023-11-14T13:32:46+00:00\",\"dateModified\":\"2023-11-14T13:57:20+00:00\",\"description\":\"Whistlelink - f\u00e5 ett s\u00e4kert visselbl\u00e5sarsystem med anonym rapportering och ett intuitivt \u00e4rendehanteringssystem p\u00e5 bara 10 minuter.\",\"breadcrumb\":{\"@id\":\"https:\\\/\\\/www.whistlelink.com\\\/sv\\\/partnererbjudande-sympa\\\/#breadcrumb\"},\"inLanguage\":\"sv-SE\",\"potentialAction\":[{\"@type\":\"ReadAction\",\"target\":[\"https:\\\/\\\/www.whistlelink.com\\\/sv\\\/partnererbjudande-sympa\\\/\"]}]},{\"@type\":\"ImageObject\",\"inLanguage\":\"sv-SE\",\"@id\":\"https:\\\/\\\/www.whistlelink.com\\\/sv\\\/partnererbjudande-sympa\\\/#primaryimage\",\"url\":\"https:\\\/\\\/www.whistlelink.com\\\/wp-content\\\/uploads\\\/2022\\\/11\\\/landing_pageHero_swe.png\",\"contentUrl\":\"https:\\\/\\\/www.whistlelink.com\\\/wp-content\\\/uploads\\\/2022\\\/11\\\/landing_pageHero_swe.png\"},{\"@type\":\"BreadcrumbList\",\"@id\":\"https:\\\/\\\/www.whistlelink.com\\\/sv\\\/partnererbjudande-sympa\\\/#breadcrumb\",\"itemListElement\":[{\"@type\":\"ListItem\",\"position\":1,\"name\":\"Home\",\"item\":\"https:\\\/\\\/www.whistlelink.com\\\/sv\\\/\"},{\"@type\":\"ListItem\",\"position\":2,\"name\":\"Partnererbjudande Sympa\"}]},{\"@type\":\"WebSite\",\"@id\":\"https:\\\/\\\/www.whistlelink.com\\\/sv\\\/#website\",\"url\":\"https:\\\/\\\/www.whistlelink.com\\\/sv\\\/\",\"name\":\"Whistlelink\",\"description\":\"A trusted provider of secure whistleblowing solutions.\",\"publisher\":{\"@id\":\"https:\\\/\\\/www.whistlelink.com\\\/sv\\\/#organization\"},\"potentialAction\":[{\"@type\":\"SearchAction\",\"target\":{\"@type\":\"EntryPoint\",\"urlTemplate\":\"https:\\\/\\\/www.whistlelink.com\\\/sv\\\/?s={search_term_string}\"},\"query-input\":{\"@type\":\"PropertyValueSpecification\",\"valueRequired\":true,\"valueName\":\"search_term_string\"}}],\"inLanguage\":\"sv-SE\"},{\"@type\":\"Organization\",\"@id\":\"https:\\\/\\\/www.whistlelink.com\\\/sv\\\/#organization\",\"name\":\"Whistlelink\",\"url\":\"https:\\\/\\\/www.whistlelink.com\\\/sv\\\/\",\"logo\":{\"@type\":\"ImageObject\",\"inLanguage\":\"sv-SE\",\"@id\":\"https:\\\/\\\/www.whistlelink.com\\\/sv\\\/#\\\/schema\\\/logo\\\/image\\\/\",\"url\":\"https:\\\/\\\/www.whistlelink.com\\\/wp-content\\\/uploads\\\/2021\\\/07\\\/WhistlelinkLogoEmail.png\",\"contentUrl\":\"https:\\\/\\\/www.whistlelink.com\\\/wp-content\\\/uploads\\\/2021\\\/07\\\/WhistlelinkLogoEmail.png\",\"width\":704,\"height\":75,\"caption\":\"Whistlelink\"},\"image\":{\"@id\":\"https:\\\/\\\/www.whistlelink.com\\\/sv\\\/#\\\/schema\\\/logo\\\/image\\\/\"},\"sameAs\":[\"https:\\\/\\\/www.facebook.com\\\/whistlelink\\\/\",\"https:\\\/\\\/www.linkedin.com\\\/company\\\/whistlelink\\\/\",\"https:\\\/\\\/vimeo.com\\\/user152082481\"]}]}<\/script>\n<!-- \/ Yoast SEO Premium plugin. -->","yoast_head_json":{"title":"Ett s\u00e4kert och l\u00e4ttanv\u00e4nt visselbl\u00e5sarsystem - Whistlelink","description":"Whistlelink - f\u00e5 ett s\u00e4kert visselbl\u00e5sarsystem med anonym rapportering och ett intuitivt \u00e4rendehanteringssystem p\u00e5 bara 10 minuter.","robots":{"index":"index","follow":"follow","max-snippet":"max-snippet:-1","max-image-preview":"max-image-preview:large","max-video-preview":"max-video-preview:-1"},"canonical":"https:\/\/www.whistlelink.com\/sv\/partnererbjudande-sympa\/","og_locale":"sv_SE","og_type":"article","og_title":"Partnererbjudande Sympa","og_description":"Whistlelink - f\u00e5 ett s\u00e4kert visselbl\u00e5sarsystem med anonym rapportering och ett intuitivt \u00e4rendehanteringssystem p\u00e5 bara 10 minuter.","og_url":"https:\/\/www.whistlelink.com\/sv\/partnererbjudande-sympa\/","og_site_name":"Whistlelink","article_publisher":"https:\/\/www.facebook.com\/whistlelink\/","article_modified_time":"2023-11-14T13:57:20+00:00","og_image":[{"url":"https:\/\/www.whistlelink.com\/wp-content\/uploads\/2022\/11\/landing_pageHero_swe.png","type":"","width":"","height":""}],"twitter_card":"summary_large_image","twitter_misc":{"Ber\u00e4knad l\u00e4stid":"1 minut"},"schema":{"@context":"https:\/\/schema.org","@graph":[{"@type":"WebPage","@id":"https:\/\/www.whistlelink.com\/sv\/partnererbjudande-sympa\/","url":"https:\/\/www.whistlelink.com\/sv\/partnererbjudande-sympa\/","name":"Ett s\u00e4kert och l\u00e4ttanv\u00e4nt visselbl\u00e5sarsystem - Whistlelink","isPartOf":{"@id":"https:\/\/www.whistlelink.com\/sv\/#website"},"primaryImageOfPage":{"@id":"https:\/\/www.whistlelink.com\/sv\/partnererbjudande-sympa\/#primaryimage"},"image":{"@id":"https:\/\/www.whistlelink.com\/sv\/partnererbjudande-sympa\/#primaryimage"},"thumbnailUrl":"https:\/\/www.whistlelink.com\/wp-content\/uploads\/2022\/11\/landing_pageHero_swe.png","datePublished":"2023-11-14T13:32:46+00:00","dateModified":"2023-11-14T13:57:20+00:00","description":"Whistlelink - f\u00e5 ett s\u00e4kert visselbl\u00e5sarsystem med anonym rapportering och ett intuitivt \u00e4rendehanteringssystem p\u00e5 bara 10 minuter.","breadcrumb":{"@id":"https:\/\/www.whistlelink.com\/sv\/partnererbjudande-sympa\/#breadcrumb"},"inLanguage":"sv-SE","potentialAction":[{"@type":"ReadAction","target":["https:\/\/www.whistlelink.com\/sv\/partnererbjudande-sympa\/"]}]},{"@type":"ImageObject","inLanguage":"sv-SE","@id":"https:\/\/www.whistlelink.com\/sv\/partnererbjudande-sympa\/#primaryimage","url":"https:\/\/www.whistlelink.com\/wp-content\/uploads\/2022\/11\/landing_pageHero_swe.png","contentUrl":"https:\/\/www.whistlelink.com\/wp-content\/uploads\/2022\/11\/landing_pageHero_swe.png"},{"@type":"BreadcrumbList","@id":"https:\/\/www.whistlelink.com\/sv\/partnererbjudande-sympa\/#breadcrumb","itemListElement":[{"@type":"ListItem","position":1,"name":"Home","item":"https:\/\/www.whistlelink.com\/sv\/"},{"@type":"ListItem","position":2,"name":"Partnererbjudande Sympa"}]},{"@type":"WebSite","@id":"https:\/\/www.whistlelink.com\/sv\/#website","url":"https:\/\/www.whistlelink.com\/sv\/","name":"Whistlelink","description":"A trusted provider of secure whistleblowing solutions.","publisher":{"@id":"https:\/\/www.whistlelink.com\/sv\/#organization"},"potentialAction":[{"@type":"SearchAction","target":{"@type":"EntryPoint","urlTemplate":"https:\/\/www.whistlelink.com\/sv\/?s={search_term_string}"},"query-input":{"@type":"PropertyValueSpecification","valueRequired":true,"valueName":"search_term_string"}}],"inLanguage":"sv-SE"},{"@type":"Organization","@id":"https:\/\/www.whistlelink.com\/sv\/#organization","name":"Whistlelink","url":"https:\/\/www.whistlelink.com\/sv\/","logo":{"@type":"ImageObject","inLanguage":"sv-SE","@id":"https:\/\/www.whistlelink.com\/sv\/#\/schema\/logo\/image\/","url":"https:\/\/www.whistlelink.com\/wp-content\/uploads\/2021\/07\/WhistlelinkLogoEmail.png","contentUrl":"https:\/\/www.whistlelink.com\/wp-content\/uploads\/2021\/07\/WhistlelinkLogoEmail.png","width":704,"height":75,"caption":"Whistlelink"},"image":{"@id":"https:\/\/www.whistlelink.com\/sv\/#\/schema\/logo\/image\/"},"sameAs":["https:\/\/www.facebook.com\/whistlelink\/","https:\/\/www.linkedin.com\/company\/whistlelink\/","https:\/\/vimeo.com\/user152082481"]}]}},"_links":{"self":[{"href":"https:\/\/www.whistlelink.com\/sv\/wp-json\/wp\/v2\/pages\/59745","targetHints":{"allow":["GET"]}}],"collection":[{"href":"https:\/\/www.whistlelink.com\/sv\/wp-json\/wp\/v2\/pages"}],"about":[{"href":"https:\/\/www.whistlelink.com\/sv\/wp-json\/wp\/v2\/types\/page"}],"author":[{"embeddable":true,"href":"https:\/\/www.whistlelink.com\/sv\/wp-json\/wp\/v2\/users\/15"}],"replies":[{"embeddable":true,"href":"https:\/\/www.whistlelink.com\/sv\/wp-json\/wp\/v2\/comments?post=59745"}],"version-history":[{"count":4,"href":"https:\/\/www.whistlelink.com\/sv\/wp-json\/wp\/v2\/pages\/59745\/revisions"}],"predecessor-version":[{"id":59932,"href":"https:\/\/www.whistlelink.com\/sv\/wp-json\/wp\/v2\/pages\/59745\/revisions\/59932"}],"wp:attachment":[{"href":"https:\/\/www.whistlelink.com\/sv\/wp-json\/wp\/v2\/media?parent=59745"}],"curies":[{"name":"wp","href":"https:\/\/api.w.org\/{rel}","templated":true}]}}